{"id":963619,"date":"2026-04-26T11:32:26","date_gmt":"2026-04-26T09:32:26","guid":{"rendered":"https:\/\/primalfocus.eu\/?post_type=product&#038;p=963619"},"modified":"2026-04-27T22:37:26","modified_gmt":"2026-04-27T20:37:26","slug":"1fe-blotters-lsd-200%ce%bcg","status":"publish","type":"product","link":"https:\/\/primalfocus.eu\/pt\/1fe-blotters-lsd-200%ce%bcg\/","title":{"rendered":"Blotters de 1Fe-LSD 200\u03bcg"},"content":{"rendered":"<h2>1Fe-LSD Blotters (200\u00b5g) - forte experi\u00eancia<\/h2>\n<p>Explora a macrodosagem com os blotters de 1Fe-LSD: uma pr\u00f3-droga de LSD legal e testada em laborat\u00f3rio que oferece clareza, criatividade e introspe\u00e7\u00e3o. Estes blotters s\u00e3o doseados a 200\u00b5g para proporcionar uma experi\u00eancia completa e equilibrada.<\/p>\n<div style=\"background-color: #eff5e6; padding: 20px; border-radius: 12px; font-family: Montserrat, sans-serif; font-size: 15px; color: #333; line-height: 1.6;\">\n<ul style=\"list-style: none; padding: 0; margin: 0;\">\n<li style=\"margin-bottom: 8px;\">200\u00b5g por mata-borr\u00e3o<\/li>\n<li style=\"margin-bottom: 8px;\">Legal em muitos pa\u00edses da UE<\/li>\n<li style=\"margin-bottom: 8px;\">Testado em laborat\u00f3rio e consistente<\/li>\n<li style=\"margin-bottom: 8px;\">Expedi\u00e7\u00e3o europeia discreta<\/li>\n<li>\u26a0\ufe0f Stock limitado<\/li>\n<\/ul>\n<\/div>\n<p>&nbsp;<\/p>\n<div style=\"font-family: Montserrat, sans-serif; margin-top: 20px;\">\n<h2>O que \u00e9 o 1Fe-LSD?<\/h2>\n<p>O 1Fe-LSD \u00e9 um qu\u00edmico de investiga\u00e7\u00e3o que pode transformar-se em LSD no corpo. Os efeitos s\u00e3o semelhantes aos do LSD cl\u00e1ssico, tais como uma perce\u00e7\u00e3o mais forte, efeitos visuais e pensamentos mais profundos.<\/p>\n<p>\u00c9 ligeiramente menos forte por micrograma do que a 1S-LSD. \u00c9 por isso que estes blotters cont\u00eam 200\u00b5g. Isto d\u00e1 uma experi\u00eancia global semelhante a uma <a href=\"https:\/\/primalfocus.eu\/pt\/1s-lsd-blotters-150%ce%bcg\/\">150\u00b5g 1S-LSD blotter<\/a>.<\/p>\n<\/div>\n<div style=\"font-family: Montserrat, sans-serif; margin-top: 20px;\">\n<h2>O que \u00e9 que faz com que estes mata-borr\u00f5es se destaquem?<\/h2>\n<p>Cada mata-borr\u00e3o \u00e9 fabricado num laborat\u00f3rio profissional e cuidadosamente doseado. Isto significa que sabe o que pode esperar de cada vez.<\/p>\n<p>A experi\u00eancia \u00e9 frequentemente descrita como clara, suave e duradoura. Em compara\u00e7\u00e3o com produtos como <a href=\"https:\/\/primalfocus.eu\/pt\/categoria-produto\/viajando\/trufas-macrodosagem\/\">trufas m\u00e1gicas<\/a> ou <a href=\"https:\/\/primalfocus.eu\/pt\/categoria-produto\/drops\/\">gotas de cogumelos<\/a>, Os blotters duram normalmente mais tempo e s\u00e3o mais est\u00e1veis.<\/p>\n<p>Se procura uma experi\u00eancia mais baixa e mais controlada, pode escolher <a href=\"https:\/\/primalfocus.eu\/pt\/1fe-lsd-micro-pellets-10%CE%BCg\/\">Micro-pellets de 1Fe-LSD<\/a> em vez disso.<\/p>\n<\/div>\n<div style=\"font-family: Montserrat, sans-serif; margin-top: 20px;\">\n<h2>Perfeito para<\/h2>\n<ul>\n<li>Investiga\u00e7\u00e3o sobre efeitos semelhantes aos do LSD<\/li>\n<li>Experi\u00eancias completas de macrodose<\/li>\n<li>Pensamento criativo e reflex\u00e3o<\/li>\n<li>Pessoas que querem resultados consistentes<\/li>\n<\/ul>\n<\/div>\n<p>&nbsp;<\/p>\n<h2><strong>Porqu\u00ea escolher os nossos Blotters 1Fe-LSD?<\/strong><\/h2>\n<div class=\"su-accordion su-u-trim custom-lsd-accordion\">\n<div class=\"su-spoiler su-spoiler-style-default su-spoiler-icon-plus su-spoiler-closed\" data-scroll-offset=\"0\" data-anchor-in-url=\"no\"><div class=\"su-spoiler-title\" tabindex=\"0\" role=\"button\"><span class=\"su-spoiler-icon\"><\/span>Dosagem exacta<\/div><div class=\"su-spoiler-content su-u-clearfix su-u-trim\">\n<div style=\"background-color: #eff5e6; padding: 12px 16px; font-size: 15px; color: #444; line-height: 1.8;\">Cada blotter cont\u00e9m 200\u00b5g para resultados consistentes.<\/div>\n<\/div><\/div>\n<div class=\"su-spoiler su-spoiler-style-default su-spoiler-icon-plus su-spoiler-closed\" data-scroll-offset=\"0\" data-anchor-in-url=\"no\"><div class=\"su-spoiler-title\" tabindex=\"0\" role=\"button\"><span class=\"su-spoiler-icon\"><\/span>Legal em muitos pa\u00edses da UE<\/div><div class=\"su-spoiler-content su-u-clearfix su-u-trim\">\n<div style=\"background-color: #eff5e6; padding: 12px 16px; font-size: 15px; color: #444; line-height: 1.8;\">N\u00e3o \u00e9 considerado ilegal nos Pa\u00edses Baixos e em muitos outros pa\u00edses da UE.<\/div>\n<\/div><\/div>\n<div class=\"su-spoiler su-spoiler-style-default su-spoiler-icon-plus su-spoiler-closed\" data-scroll-offset=\"0\" data-anchor-in-url=\"no\"><div class=\"su-spoiler-title\" tabindex=\"0\" role=\"button\"><span class=\"su-spoiler-icon\"><\/span>Testado em laborat\u00f3rio<\/div><div class=\"su-spoiler-content su-u-clearfix su-u-trim\">\n<div style=\"background-color: #eff5e6; padding: 12px 16px; font-size: 15px; color: #444; line-height: 1.8;\">Fabricado num laborat\u00f3rio controlado para garantir a qualidade.<\/div>\n<\/div><\/div>\n<div class=\"su-spoiler su-spoiler-style-default su-spoiler-icon-plus su-spoiler-closed\" data-scroll-offset=\"0\" data-anchor-in-url=\"no\"><div class=\"su-spoiler-title\" tabindex=\"0\" role=\"button\"><span class=\"su-spoiler-icon\"><\/span>Expedi\u00e7\u00e3o discreta<\/div><div class=\"su-spoiler-content su-u-clearfix su-u-trim\">\n<div style=\"background-color: #eff5e6; padding: 12px 16px; font-size: 15px; color: #444; line-height: 1.8;\">Enviado em embalagem neutra com seguro.<\/div>\n<\/div><\/div>\n<\/div>\n<div style=\"margin-top: 20px; background-color: #eff5e6; padding: 16px; border-radius: 8px; border: 1px solid #dbeac7; font-family: Montserrat, sans-serif; font-size: 14px; line-height: 1.8;\">\n<h3><strong>Notas-chave (ler atentamente):<\/strong><\/h3>\n<ul style=\"margin: 10px 0 0 20px;\">\n<li>Apenas para fins de investiga\u00e7\u00e3o.<\/li>\n<li>N\u00e3o consumir.<\/li>\n<li>Manter afastado das crian\u00e7as e dos animais.<\/li>\n<li>N\u00e3o misturar com \u00e1lcool ou outras subst\u00e2ncias.<\/li>\n<li>N\u00e3o \u00e9 adequado para pessoas com problemas de sa\u00fade mental.<\/li>\n<li>Conservar num local fresco e escuro.<\/li>\n<\/ul>\n<\/div>","protected":false},"excerpt":{"rendered":"<p data-start=\"610\" data-end=\"773\">Premium 1Fe-LSD blotters (150\u00b5g), crafted for precision and consistency. Fully lab-tested with reliable, discreet EU delivery.<\/p>\n<p data-start=\"775\" data-end=\"874\" data-is-last-node=\"\" data-is-only-node=\"\">","protected":false},"featured_media":963625,"comment_status":"closed","ping_status":"closed","template":"","meta":{"site-sidebar-layout":"default","site-content-layout":"default","ast-site-content-layout":"default","site-content-style":"default","site-sidebar-style":"default","ast-global-header-display":"","ast-banner-title-visibility":"","ast-main-header-display":"","ast-hfb-above-header-display":"","ast-hfb-below-header-display":"","ast-hfb-mobile-header-display":"","site-post-title":"","ast-breadcrumbs-content":"","ast-featured-img":"","footer-sml-layout":"","theme-transparent-header-meta":"default","adv-header-id-meta":"","stick-header-meta":"","header-above-stick-meta":"","header-main-stick-meta":"","header-below-stick-meta":"","astra-migrate-meta-layouts":"set","ast-page-background-enabled":"default","ast-page-background-meta":{"desktop":{"background-color":"","background-image":"","background-repeat":"repeat","background-position":"center center","background-size":"auto","background-attachment":"scroll","background-type":"","background-media":"","overlay-type":"","overlay-color":"","overlay-gradient":""},"tablet":{"background-color":"","background-image":"","background-repeat":"repeat","background-position":"center center","background-size":"auto","background-attachment":"scroll","background-type":"","background-media":"","overlay-type":"","overlay-color":"","overlay-gradient":""},"mobile":{"background-color":"","background-image":"","background-repeat":"repeat","background-position":"center center","background-size":"auto","background-attachment":"scroll","background-type":"","background-media":"","overlay-type":"","overlay-color":"","overlay-gradient":""}},"ast-content-background-meta":{"desktop":{"background-color":"var(--ast-global-color-5)","background-image":"","background-repeat":"repeat","background-position":"center center","background-size":"auto","background-attachment":"scroll","background-type":"","background-media":"","overlay-type":"","overlay-color":"","overlay-gradient":""},"tablet":{"background-color":"var(--ast-global-color-5)","background-image":"","background-repeat":"repeat","background-position":"center center","background-size":"auto","background-attachment":"scroll","background-type":"","background-media":"","overlay-type":"","overlay-color":"","overlay-gradient":""},"mobile":{"background-color":"var(--ast-global-color-5)","background-image":"","background-repeat":"repeat","background-position":"center center","background-size":"auto","background-attachment":"scroll","background-type":"","background-media":"","overlay-type":"","overlay-color":"","overlay-gradient":""}}},"product_brand":[],"product_cat":[113,92],"product_tag":[],"class_list":{"0":"post-963619","1":"product","2":"type-product","3":"status-publish","4":"has-post-thumbnail","6":"product_cat-legal-lsd","7":"product_cat-macrodosing","8":"product_shipping_class-brievenbus-pakje","9":"desktop-align-center","10":"tablet-align-left","11":"mobile-align-left","13":"first","14":"instock","15":"sale","16":"taxable","17":"shipping-taxable","18":"purchasable","19":"product-type-variable","20":"has-default-attributes"},"yoast_head":"<!-- This site is optimized with the Yoast SEO plugin v27.4 - https:\/\/yoast.com\/product\/yoast-seo-wordpress\/ -->\n<title>Buy 1Fe-LSD 150\u03bcg blotters | legal LSD<\/title>\n<meta name=\"description\" content=\"Buy 1Fe-LSD Blotters today at Primal Focus! Our legal solution for macrodosing.\" \/>\n<meta name=\"robots\" content=\"index, follow, max-snippet:-1, max-image-preview:large, max-video-preview:-1\" \/>\n<link rel=\"canonical\" href=\"https:\/\/primalfocus.eu\/pt\/1fe-blotters-lsd-200\u03bcg\/\" \/>\n<meta property=\"og:locale\" content=\"pt_PT\" \/>\n<meta property=\"og:type\" content=\"article\" \/>\n<meta property=\"og:title\" content=\"Buy 1Fe-LSD 150\u03bcg blotters | legal LSD\" \/>\n<meta property=\"og:description\" content=\"Buy 1Fe-LSD Blotters today at Primal Focus! Our legal solution for macrodosing.\" \/>\n<meta property=\"og:url\" content=\"https:\/\/primalfocus.eu\/pt\/1fe-blotters-lsd-200\u03bcg\/\" \/>\n<meta property=\"og:site_name\" content=\"Primal Focus\" \/>\n<meta property=\"article:publisher\" content=\"https:\/\/www.facebook.com\/profile.php?id=61575377667059\" \/>\n<meta property=\"article:modified_time\" content=\"2026-04-27T20:37:26+00:00\" \/>\n<meta property=\"og:image\" content=\"https:\/\/primalfocus.eu\/wp-content\/uploads\/2026\/04\/1Fe-LSD-Blotter.webp?_t=1777217323\" \/>\n\t<meta property=\"og:image:width\" content=\"1024\" \/>\n\t<meta property=\"og:image:height\" content=\"1024\" \/>\n\t<meta property=\"og:image:type\" content=\"image\/webp\" \/>\n<meta name=\"twitter:card\" content=\"summary_large_image\" \/>\n<meta name=\"twitter:site\" content=\"@primalfocus_eu\" \/>\n<meta name=\"twitter:label1\" content=\"Tempo estimado de leitura\" \/>\n\t<meta name=\"twitter:data1\" content=\"2 minutos\" \/>\n<script type=\"application\/ld+json\" class=\"yoast-schema-graph\">{\"@context\":\"https:\\\/\\\/schema.org\",\"@graph\":[{\"@type\":\"WebPage\",\"@id\":\"https:\\\/\\\/primalfocus.eu\\\/pt\\\/1fe-blotters-lsd-200%ce%bcg\\\/\",\"url\":\"https:\\\/\\\/primalfocus.eu\\\/pt\\\/1fe-blotters-lsd-200%ce%bcg\\\/\",\"name\":\"Buy 1Fe-LSD 150\u03bcg blotters | legal LSD\",\"isPartOf\":{\"@id\":\"https:\\\/\\\/primalfocus.eu\\\/pt\\\/#website\"},\"primaryImageOfPage\":{\"@id\":\"https:\\\/\\\/primalfocus.eu\\\/pt\\\/1fe-blotters-lsd-200%ce%bcg\\\/#primaryimage\"},\"image\":{\"@id\":\"https:\\\/\\\/primalfocus.eu\\\/pt\\\/1fe-blotters-lsd-200%ce%bcg\\\/#primaryimage\"},\"thumbnailUrl\":\"https:\\\/\\\/primalfocus.eu\\\/wp-content\\\/uploads\\\/2026\\\/04\\\/1Fe-LSD-Blotter.webp\",\"datePublished\":\"2026-04-26T09:32:26+00:00\",\"dateModified\":\"2026-04-27T20:37:26+00:00\",\"description\":\"Buy 1Fe-LSD Blotters today at Primal Focus! Our legal solution for macrodosing.\",\"breadcrumb\":{\"@id\":\"https:\\\/\\\/primalfocus.eu\\\/pt\\\/1fe-blotters-lsd-200%ce%bcg\\\/#breadcrumb\"},\"inLanguage\":\"pt-PT\",\"potentialAction\":[{\"@type\":\"ReadAction\",\"target\":[\"https:\\\/\\\/primalfocus.eu\\\/pt\\\/1fe-blotters-lsd-200%ce%bcg\\\/\"]}]},{\"@type\":\"ImageObject\",\"inLanguage\":\"pt-PT\",\"@id\":\"https:\\\/\\\/primalfocus.eu\\\/pt\\\/1fe-blotters-lsd-200%ce%bcg\\\/#primaryimage\",\"url\":\"https:\\\/\\\/primalfocus.eu\\\/wp-content\\\/uploads\\\/2026\\\/04\\\/1Fe-LSD-Blotter.webp\",\"contentUrl\":\"https:\\\/\\\/primalfocus.eu\\\/wp-content\\\/uploads\\\/2026\\\/04\\\/1Fe-LSD-Blotter.webp\",\"width\":1024,\"height\":1024},{\"@type\":\"BreadcrumbList\",\"@id\":\"https:\\\/\\\/primalfocus.eu\\\/pt\\\/1fe-blotters-lsd-200%ce%bcg\\\/#breadcrumb\",\"itemListElement\":[{\"@type\":\"ListItem\",\"position\":1,\"name\":\"Home\",\"item\":\"https:\\\/\\\/primalfocus.eu\\\/\"},{\"@type\":\"ListItem\",\"position\":2,\"name\":\"Shop\",\"item\":\"https:\\\/\\\/primalfocus.eu\\\/products\\\/\"},{\"@type\":\"ListItem\",\"position\":3,\"name\":\"1Fe-LSD Blotters 200\u03bcg\"}]},{\"@type\":\"WebSite\",\"@id\":\"https:\\\/\\\/primalfocus.eu\\\/pt\\\/#website\",\"url\":\"https:\\\/\\\/primalfocus.eu\\\/pt\\\/\",\"name\":\"Primal Focus\",\"description\":\"Buy legal psychedelics online\",\"publisher\":{\"@id\":\"https:\\\/\\\/primalfocus.eu\\\/pt\\\/#organization\"},\"potentialAction\":[{\"@type\":\"SearchAction\",\"target\":{\"@type\":\"EntryPoint\",\"urlTemplate\":\"https:\\\/\\\/primalfocus.eu\\\/pt\\\/?s={search_term_string}\"},\"query-input\":{\"@type\":\"PropertyValueSpecification\",\"valueRequired\":true,\"valueName\":\"search_term_string\"}}],\"inLanguage\":\"pt-PT\"},{\"@type\":\"Organization\",\"@id\":\"https:\\\/\\\/primalfocus.eu\\\/pt\\\/#organization\",\"name\":\"Primal Focus\",\"alternateName\":\"primalfocus.eu\",\"url\":\"https:\\\/\\\/primalfocus.eu\\\/pt\\\/\",\"logo\":{\"@type\":\"ImageObject\",\"inLanguage\":\"pt-PT\",\"@id\":\"https:\\\/\\\/primalfocus.eu\\\/pt\\\/#\\\/schema\\\/logo\\\/image\\\/\",\"url\":\"https:\\\/\\\/primalfocus.eu\\\/wp-content\\\/uploads\\\/2026\\\/04\\\/primal-focus-logo-6.svg\",\"contentUrl\":\"https:\\\/\\\/primalfocus.eu\\\/wp-content\\\/uploads\\\/2026\\\/04\\\/primal-focus-logo-6.svg\",\"width\":50,\"height\":50,\"caption\":\"Primal Focus\"},\"image\":{\"@id\":\"https:\\\/\\\/primalfocus.eu\\\/pt\\\/#\\\/schema\\\/logo\\\/image\\\/\"},\"sameAs\":[\"https:\\\/\\\/www.facebook.com\\\/profile.php?id=61575377667059\",\"https:\\\/\\\/x.com\\\/primalfocus_eu\",\"https:\\\/\\\/www.instagram.com\\\/primalfocus.store\\\/\"]}]}<\/script>\n<!-- \/ Yoast SEO plugin. -->","yoast_head_json":{"title":"Comprar 1Fe-LSD 150\u03bcg blotters | LSD legal","description":"Comprar 1Fe-LSD Blotters hoje em Primal Focus! A nossa solu\u00e7\u00e3o legal para a macrodosagem.","robots":{"index":"index","follow":"follow","max-snippet":"max-snippet:-1","max-image-preview":"max-image-preview:large","max-video-preview":"max-video-preview:-1"},"canonical":"https:\/\/primalfocus.eu\/pt\/1fe-blotters-lsd-200\u03bcg\/","og_locale":"pt_PT","og_type":"article","og_title":"Buy 1Fe-LSD 150\u03bcg blotters | legal LSD","og_description":"Buy 1Fe-LSD Blotters today at Primal Focus! Our legal solution for macrodosing.","og_url":"https:\/\/primalfocus.eu\/pt\/1fe-blotters-lsd-200\u03bcg\/","og_site_name":"Primal Focus","article_publisher":"https:\/\/www.facebook.com\/profile.php?id=61575377667059","article_modified_time":"2026-04-27T20:37:26+00:00","og_image":[{"width":1024,"height":1024,"url":"https:\/\/primalfocus.eu\/wp-content\/uploads\/2026\/04\/1Fe-LSD-Blotter.webp?_t=1777217323","type":"image\/webp"}],"twitter_card":"summary_large_image","twitter_site":"@primalfocus_eu","twitter_misc":{"Tempo estimado de leitura":"2 minutos"},"schema":{"@context":"https:\/\/schema.org","@graph":[{"@type":"WebPage","@id":"https:\/\/primalfocus.eu\/pt\/1fe-blotters-lsd-200%ce%bcg\/","url":"https:\/\/primalfocus.eu\/pt\/1fe-blotters-lsd-200%ce%bcg\/","name":"Comprar 1Fe-LSD 150\u03bcg blotters | LSD legal","isPartOf":{"@id":"https:\/\/primalfocus.eu\/pt\/#website"},"primaryImageOfPage":{"@id":"https:\/\/primalfocus.eu\/pt\/1fe-blotters-lsd-200%ce%bcg\/#primaryimage"},"image":{"@id":"https:\/\/primalfocus.eu\/pt\/1fe-blotters-lsd-200%ce%bcg\/#primaryimage"},"thumbnailUrl":"https:\/\/primalfocus.eu\/wp-content\/uploads\/2026\/04\/1Fe-LSD-Blotter.webp","datePublished":"2026-04-26T09:32:26+00:00","dateModified":"2026-04-27T20:37:26+00:00","description":"Comprar 1Fe-LSD Blotters hoje em Primal Focus! A nossa solu\u00e7\u00e3o legal para a macrodosagem.","breadcrumb":{"@id":"https:\/\/primalfocus.eu\/pt\/1fe-blotters-lsd-200%ce%bcg\/#breadcrumb"},"inLanguage":"pt-PT","potentialAction":[{"@type":"ReadAction","target":["https:\/\/primalfocus.eu\/pt\/1fe-blotters-lsd-200%ce%bcg\/"]}]},{"@type":"ImageObject","inLanguage":"pt-PT","@id":"https:\/\/primalfocus.eu\/pt\/1fe-blotters-lsd-200%ce%bcg\/#primaryimage","url":"https:\/\/primalfocus.eu\/wp-content\/uploads\/2026\/04\/1Fe-LSD-Blotter.webp","contentUrl":"https:\/\/primalfocus.eu\/wp-content\/uploads\/2026\/04\/1Fe-LSD-Blotter.webp","width":1024,"height":1024},{"@type":"BreadcrumbList","@id":"https:\/\/primalfocus.eu\/pt\/1fe-blotters-lsd-200%ce%bcg\/#breadcrumb","itemListElement":[{"@type":"ListItem","position":1,"name":"Home","item":"https:\/\/primalfocus.eu\/"},{"@type":"ListItem","position":2,"name":"Shop","item":"https:\/\/primalfocus.eu\/products\/"},{"@type":"ListItem","position":3,"name":"1Fe-LSD Blotters 200\u03bcg"}]},{"@type":"WebSite","@id":"https:\/\/primalfocus.eu\/pt\/#website","url":"https:\/\/primalfocus.eu\/pt\/","name":"Primal Focus","description":"Comprar psicad\u00e9licos legais online","publisher":{"@id":"https:\/\/primalfocus.eu\/pt\/#organization"},"potentialAction":[{"@type":"SearchAction","target":{"@type":"EntryPoint","urlTemplate":"https:\/\/primalfocus.eu\/pt\/?s={search_term_string}"},"query-input":{"@type":"PropertyValueSpecification","valueRequired":true,"valueName":"search_term_string"}}],"inLanguage":"pt-PT"},{"@type":"Organization","@id":"https:\/\/primalfocus.eu\/pt\/#organization","name":"Primal Focus","alternateName":"primalfocus.eu","url":"https:\/\/primalfocus.eu\/pt\/","logo":{"@type":"ImageObject","inLanguage":"pt-PT","@id":"https:\/\/primalfocus.eu\/pt\/#\/schema\/logo\/image\/","url":"https:\/\/primalfocus.eu\/wp-content\/uploads\/2026\/04\/primal-focus-logo-6.svg","contentUrl":"https:\/\/primalfocus.eu\/wp-content\/uploads\/2026\/04\/primal-focus-logo-6.svg","width":50,"height":50,"caption":"Primal Focus"},"image":{"@id":"https:\/\/primalfocus.eu\/pt\/#\/schema\/logo\/image\/"},"sameAs":["https:\/\/www.facebook.com\/profile.php?id=61575377667059","https:\/\/x.com\/primalfocus_eu","https:\/\/www.instagram.com\/primalfocus.store\/"]}]}},"jetpack_sharing_enabled":true,"_links":{"self":[{"href":"https:\/\/primalfocus.eu\/pt\/wp-json\/wp\/v2\/product\/963619","targetHints":{"allow":["GET"]}}],"collection":[{"href":"https:\/\/primalfocus.eu\/pt\/wp-json\/wp\/v2\/product"}],"about":[{"href":"https:\/\/primalfocus.eu\/pt\/wp-json\/wp\/v2\/types\/product"}],"replies":[{"embeddable":true,"href":"https:\/\/primalfocus.eu\/pt\/wp-json\/wp\/v2\/comments?post=963619"}],"wp:featuredmedia":[{"embeddable":true,"href":"https:\/\/primalfocus.eu\/pt\/wp-json\/wp\/v2\/media\/963625"}],"wp:attachment":[{"href":"https:\/\/primalfocus.eu\/pt\/wp-json\/wp\/v2\/media?parent=963619"}],"wp:term":[{"taxonomy":"product_brand","embeddable":true,"href":"https:\/\/primalfocus.eu\/pt\/wp-json\/wp\/v2\/product_brand?post=963619"},{"taxonomy":"product_cat","embeddable":true,"href":"https:\/\/primalfocus.eu\/pt\/wp-json\/wp\/v2\/product_cat?post=963619"},{"taxonomy":"product_tag","embeddable":true,"href":"https:\/\/primalfocus.eu\/pt\/wp-json\/wp\/v2\/product_tag?post=963619"}],"curies":[{"name":"wp","href":"https:\/\/api.w.org\/{rel}","templated":true}]}}