{"id":731553,"date":"2025-07-01T20:37:55","date_gmt":"2025-07-01T18:37:55","guid":{"rendered":"https:\/\/primalfocus.eu\/?post_type=product&#038;p=731553"},"modified":"2026-04-27T17:23:32","modified_gmt":"2026-04-27T15:23:32","slug":"gotas-de-amesterdao","status":"publish","type":"product","link":"https:\/\/primalfocus.eu\/pt\/gotas-de-amesterdao\/","title":{"rendered":"Gotas de Amesterd\u00e3o"},"content":{"rendered":"<h1 data-start=\"116\" data-end=\"172\"><strong data-start=\"119\" data-end=\"172\">Gotas de Amesterd\u00e3o<br \/>\n<\/strong><\/h1>\n<p><strong data-start=\"149\" data-end=\"223\">- Gotas potentes e de a\u00e7\u00e3o r\u00e1pida com uma experi\u00eancia cl\u00e1ssica semelhante \u00e0 dos cogumelos m\u00e1gicos.<\/strong><\/p>\n<p>&nbsp;<\/p>\n<div style=\"background-color: #eff5e6; padding: 20px; border-radius: 12px; font-family: Montserrat, sans-serif; font-size: 15px; color: #333; line-height: 1.6;\">\n<ul style=\"list-style: none; padding: 0; margin: 0;\">\n<li style=\"margin-bottom: 8px;\">\u2705 <strong>Dosagem consistente<\/strong> - 1 mg por gota, sem surpresas<\/li>\n<li style=\"margin-bottom: 8px;\">\u2705 <strong>De a\u00e7\u00e3o r\u00e1pida e suave<\/strong> - sem n\u00e1useas ou carga corporal pesada<\/li>\n<li style=\"margin-bottom: 8px;\">\u2705 <strong>Longo prazo de validade<\/strong> - at\u00e9 12 meses quando armazenado em local fresco<\/li>\n<li style=\"margin-bottom: 0;\">\u2705 <strong>Fabricado num laborat\u00f3rio profissional<\/strong><\/li>\n<\/ul>\n<\/div>\n<p>&nbsp;<\/p>\n<p><strong><br \/>\nEnvio para: \ud83c\udded\ud83c\uddf7 \ud83c\udde8\ud83c\uddff \ud83c\uddeb\ud83c\uddf7 \ud83c\uddee\ud83c\uddea \ud83c\uddf3\ud83c\uddf1 \ud83c\uddea\ud83c\uddf8 \ud83c\uddf8\ud83c\uddf0<\/strong><\/p>\n<p>&nbsp;<\/p>\n<p>&nbsp;<\/p>\n<div class=\"su-accordion su-u-trim custom-product-accordion\">\n<div class=\"su-spoiler su-spoiler-style-default su-spoiler-icon-plus su-spoiler-closed\" data-scroll-offset=\"0\" data-anchor-in-url=\"no\"><div class=\"su-spoiler-title\" tabindex=\"0\" role=\"button\"><span class=\"su-spoiler-icon\"><\/span>O que h\u00e1 nas gotas de Amesterd\u00e3o?<\/div><div class=\"su-spoiler-content su-u-clearfix su-u-trim\">\n<div style=\"background-color: #eff5e6; padding: 16px; font-size: 15px; color: #444; line-height: 1.8; border-radius: 0 0 8px 8px;\" class=\"translation-block\">As gotas Amsterdam cont\u00eam uma solu\u00e7\u00e3o l\u00edquida com uma quantidade cuidadosamente medida de <strong>4-HO-MET<\/strong>, uma subst\u00e2ncia de investiga\u00e7\u00e3o conhecida pelos seus efeitos psicad\u00e9licos. Os seus efeitos s\u00e3o muito semelhantes aos da psilocina, o composto que o corpo produz quando se tomam cogumelos m\u00e1gicos ou trufas. As gotas foram concebidas para uma dosagem ultra-precisa - cada gota fornece sempre uma quantidade consistente e fi\u00e1vel.<\/div>\n<\/div><\/div>\n<div class=\"su-spoiler su-spoiler-style-default su-spoiler-icon-plus su-spoiler-closed\" data-scroll-offset=\"0\" data-anchor-in-url=\"no\"><div class=\"su-spoiler-title\" tabindex=\"0\" role=\"button\"><span class=\"su-spoiler-icon\"><\/span>Qual a for\u00e7a de uma gota?<\/div><div class=\"su-spoiler-content su-u-clearfix su-u-trim\">\n<div style=\"background-color: #eff5e6; padding: 16px; font-size: 15px; color: #444; line-height: 1.8; border-radius: 0 0 8px 8px;\">Cada gota cont\u00e9m cerca de 1 mg de subst\u00e2ncia ativa - aproximadamente igual a 1-2 gramas de trufas frescas ou 0,1-0,2 gramas de cogumelos secos. Isto faz com que as gotas Amsterdam sejam altamente potentes.<\/div>\n<\/div><\/div>\n<\/div>\n<p>&nbsp;<\/p>\n<table style=\"width: 100%; border-collapse: collapse; font-family: Montserrat, sans-serif; font-size: 15px; margin-top: 20px;\">\n<thead>\n<tr style=\"background-color: #eff5e6; text-align: left;\">\n<th style=\"padding: 12px; border: 1px solid #dbeac7;\">Tamanho da garrafa<\/th>\n<th style=\"padding: 12px; border: 1px solid #dbeac7;\">Total 4-HO-MET<\/th>\n<th style=\"padding: 12px; border: 1px solid #dbeac7;\">Aprox. gotas<\/th>\n<\/tr>\n<\/thead>\n<tbody>\n<tr>\n<td style=\"padding: 12px; border: 1px solid #dbeac7;\">2 ml<\/td>\n<td style=\"padding: 12px; border: 1px solid #dbeac7;\">40 mg<\/td>\n<td style=\"padding: 12px; border: 1px solid #dbeac7;\">\u2248 40<\/td>\n<\/tr>\n<tr>\n<td style=\"padding: 12px; border: 1px solid #dbeac7;\">5 ml<\/td>\n<td style=\"padding: 12px; border: 1px solid #dbeac7;\">100 mg<\/td>\n<td style=\"padding: 12px; border: 1px solid #dbeac7;\">\u2248 100<\/td>\n<\/tr>\n<tr>\n<td style=\"padding: 12px; border: 1px solid #dbeac7;\">15 ml<\/td>\n<td style=\"padding: 12px; border: 1px solid #dbeac7;\">300 mg<\/td>\n<td style=\"padding: 12px; border: 1px solid #dbeac7;\">\u2248 300<\/td>\n<\/tr>\n<\/tbody>\n<\/table>\n<h1 data-start=\"749\" data-end=\"875\"><\/h1>\n<p>&nbsp;<\/p>\n<p data-start=\"882\" data-end=\"1001\"><br data-start=\"906\" data-end=\"909\" \/><strong data-start=\"885\" data-end=\"906\">Importante: <\/strong>As gotas Amsterdam destinam-se exclusivamente a fins de investiga\u00e7\u00e3o. N\u00e3o se destinam ao consumo humano.<br \/>\n<br data-start=\"92\" data-end=\"95\" \/><em>Somos obrigados a incluir esta declara\u00e7\u00e3o de exonera\u00e7\u00e3o de responsabilidade porque este produto n\u00e3o foi avaliado ou aprovado pelas autoridades alimentares e de sa\u00fade - ao contr\u00e1rio das trufas m\u00e1gicas, que s\u00e3o oficialmente reconhecidas e regulamentadas.<\/em><\/p>\n<h3 data-start=\"1288\" data-end=\"1311\"><\/h3>\n<p>&nbsp;<\/p>\n<p>&nbsp;<\/p>\n<h2 data-start=\"208\" data-end=\"258\">Porqu\u00ea comprar Amsterdam Drops?<\/h2>\n<p data-start=\"260\" data-end=\"412\">Embora as gotas Amsterdam se destinem estritamente a fins de investiga\u00e7\u00e3o, vale a pena notar que muitos investigadores s\u00e3o atra\u00eddos pelo 4-HO-MET por raz\u00f5es intrigantes:<\/p>\n<div class=\"su-accordion su-u-trim\"><div class=\"su-accordion su-u-trim\"><\/div>\n<div class=\"su-spoiler su-spoiler-style-default su-spoiler-icon-plus su-spoiler-closed\" data-scroll-offset=\"0\" data-anchor-in-url=\"no\"><div class=\"su-spoiler-title\" tabindex=\"0\" role=\"button\"><span class=\"su-spoiler-icon\"><\/span>An\u00e1logo da psilocina<\/div><div class=\"su-spoiler-content su-u-clearfix su-u-trim\">\n<p>O 4-HO-MET \u00e9 uma subst\u00e2ncia produzida em laborat\u00f3rio com efeitos semelhantes aos da psilocibina. Oferece uma experi\u00eancia clara e consistente que muitas pessoas descrevem como mais f\u00e1cil de gerir.<\/p>\n<\/div><\/div>\n<div class=\"su-spoiler su-spoiler-style-default su-spoiler-icon-plus su-spoiler-closed\" data-scroll-offset=\"0\" data-anchor-in-url=\"no\"><div class=\"su-spoiler-title\" tabindex=\"0\" role=\"button\"><span class=\"su-spoiler-icon\"><\/span>Acess\u00edvel<\/div><div class=\"su-spoiler-content su-u-clearfix su-u-trim\">\nAs nossas gotas de 4-HO-MET oferecem um elevado n\u00edvel de consist\u00eancia e pureza a um pre\u00e7o acess\u00edvel.<br \/>\n<\/div><\/div>\n<div class=\"su-spoiler su-spoiler-style-default su-spoiler-icon-plus su-spoiler-closed\" data-scroll-offset=\"0\" data-anchor-in-url=\"no\"><div class=\"su-spoiler-title\" tabindex=\"0\" role=\"button\"><span class=\"su-spoiler-icon\"><\/span>Legalidade<\/div><div class=\"su-spoiler-content su-u-clearfix su-u-trim\">\nEm muitos pa\u00edses da UE, o 4-HO-MET n\u00e3o est\u00e1 regulamentado e pode estar legalmente dispon\u00edvel para fins de investiga\u00e7\u00e3o. No entanto, aconselhamos sempre a verifica\u00e7\u00e3o da legisla\u00e7\u00e3o local antes de encomendar ou utilizar qualquer composto de investiga\u00e7\u00e3o.<br \/>\n<\/div><\/div>\n<div class=\"su-spoiler su-spoiler-style-default su-spoiler-icon-plus su-spoiler-closed\" data-scroll-offset=\"0\" data-anchor-in-url=\"no\"><div class=\"su-spoiler-title\" tabindex=\"0\" role=\"button\"><span class=\"su-spoiler-icon\"><\/span>Consist\u00eancia<\/div><div class=\"su-spoiler-content su-u-clearfix su-u-trim\">\nCada gota \u00e9 cuidadosamente medida e produzida num laborat\u00f3rio profissional. Cada gota \u00e9 fabricada com precis\u00e3o para que saiba sempre exatamente o que est\u00e1 a tomar. Sem surpresas, sem adivinha\u00e7\u00f5es - apenas uma for\u00e7a fi\u00e1vel e consistente em todas as ocasi\u00f5es.<br \/>\n<\/div><\/div>\n<div class=\"su-spoiler su-spoiler-style-default su-spoiler-icon-plus su-spoiler-closed\" data-scroll-offset=\"0\" data-anchor-in-url=\"no\"><div class=\"su-spoiler-title\" tabindex=\"0\" role=\"button\"><span class=\"su-spoiler-icon\"><\/span>Menos efeitos f\u00edsicos<\/div><div class=\"su-spoiler-content su-u-clearfix su-u-trim\">\n<p>As trufas e os cogumelos podem perturbar o teu est\u00f4mago devido a todos os peda\u00e7os indigestos que cont\u00eam. As nossas gotas l\u00edquidas n\u00e3o t\u00eam nada disso, o que as torna muito mais f\u00e1ceis para o teu corpo e muito mais suaves de tomar.<\/p>\n<\/div><\/div>\n<div class=\"su-spoiler su-spoiler-style-default su-spoiler-icon-plus su-spoiler-closed\" data-scroll-offset=\"0\" data-anchor-in-url=\"no\"><div class=\"su-spoiler-title\" tabindex=\"0\" role=\"button\"><span class=\"su-spoiler-icon\"><\/span>Sabor neutro<\/div><div class=\"su-spoiler-content su-u-clearfix su-u-trim\">\nAs gotas t\u00eam um sabor suave - nada como o sabor forte e terroso das trufas ou dos cogumelos. S\u00e3o f\u00e1ceis de tomar e n\u00e3o deixam um travo forte.<\/div><\/div>\n<div class=\"su-spoiler su-spoiler-style-default su-spoiler-icon-plus su-spoiler-closed\" data-scroll-offset=\"0\" data-anchor-in-url=\"no\"><div class=\"su-spoiler-title\" tabindex=\"0\" role=\"button\"><span class=\"su-spoiler-icon\"><\/span>Prazo de validade<\/div><div class=\"su-spoiler-content su-u-clearfix su-u-trim\">\n<p>Quando mantidas no frio (abaixo de 10\u00b0C), as gotas mant\u00eam-se boas at\u00e9 12 meses ap\u00f3s a abertura. Isto significa que pode utiliz\u00e1-las ao longo do tempo sem se preocupar com a sua frescura.<\/p>\n<\/div><\/div>\n<\/div>\n<p>&nbsp;<\/p>\n<div style=\"margin-top: 20px; background-color: #eff5e6; padding: 16px; border-radius: 8px; border: 1px solid #dbeac7; font-family: Montserrat, sans-serif; font-size: 14px;\">\n<p><strong>Notas-chave (ler atentamente):<\/strong><\/p>\n<ul>\n<li>Este produto destina-se apenas a fins de investiga\u00e7\u00e3o.<\/li>\n<li>N\u00e3o se destina ao consumo humano ou a utiliza\u00e7\u00e3o m\u00e9dica.<\/li>\n<li>Os efeitos podem variar consoante o indiv\u00edduo e o contexto.<\/li>\n<li>As compara\u00e7\u00f5es entre trufas e cogumelos baseiam-se em estimativas gerais do teor de psilocibina.<\/li>\n<li>Verificar sempre a legisla\u00e7\u00e3o local antes de encomendar ou possuir este composto.<\/li>\n<li>Nunca utilize subst\u00e2ncias psicad\u00e9licas se tiver antecedentes de psicose, esquizofrenia, perturba\u00e7\u00f5es de ansiedade graves, depress\u00e3o grave ou outros problemas de sa\u00fade mental.<\/li>\n<\/ul>\n<p><em>Se n\u00e3o tiver a certeza, consulte sempre primeiro um profissional de sa\u00fade - o seu bem-estar mental est\u00e1 em primeiro lugar.<\/em><\/p>\n<\/div>","protected":false},"excerpt":{"rendered":"<p>Amsterdam Drops \u2014 Powerful, fast-acting drops with a classic magic mushroom-like experience. &nbsp; \u2705 Consistent dosing \u2014 1 mg per drop, no surprises \u2705 Fast-acting &amp; smooth \u2014 no nausea or heavy body load \u2705 Long shelf life \u2014 up to 12 months when stored cool \u2705 Made in a professional lab &nbsp; Shipping to: [&hellip;]<\/p>\n","protected":false},"featured_media":886592,"comment_status":"closed","ping_status":"closed","template":"","meta":{"site-sidebar-layout":"default","site-content-layout":"default","ast-site-content-layout":"default","site-content-style":"default","site-sidebar-style":"default","ast-global-header-display":"","ast-banner-title-visibility":"","ast-main-header-display":"","ast-hfb-above-header-display":"","ast-hfb-below-header-display":"","ast-hfb-mobile-header-display":"","site-post-title":"","ast-breadcrumbs-content":"","ast-featured-img":"","footer-sml-layout":"","theme-transparent-header-meta":"disabled","adv-header-id-meta":"","stick-header-meta":"","header-above-stick-meta":"","header-main-stick-meta":"","header-below-stick-meta":"","astra-migrate-meta-layouts":"set","ast-page-background-enabled":"default","ast-page-background-meta":{"desktop":{"background-color":"","background-image":"","background-repeat":"repeat","background-position":"center center","background-size":"auto","background-attachment":"scroll","background-type":"","background-media":"","overlay-type":"","overlay-color":"","overlay-gradient":""},"tablet":{"background-color":"","background-image":"","background-repeat":"repeat","background-position":"center center","background-size":"auto","background-attachment":"scroll","background-type":"","background-media":"","overlay-type":"","overlay-color":"","overlay-gradient":""},"mobile":{"background-color":"","background-image":"","background-repeat":"repeat","background-position":"center center","background-size":"auto","background-attachment":"scroll","background-type":"","background-media":"","overlay-type":"","overlay-color":"","overlay-gradient":""}},"ast-content-background-meta":{"desktop":{"background-color":"var(--ast-global-color-5)","background-image":"","background-repeat":"repeat","background-position":"center center","background-size":"auto","background-attachment":"scroll","background-type":"","background-media":"","overlay-type":"","overlay-color":"","overlay-gradient":""},"tablet":{"background-color":"var(--ast-global-color-5)","background-image":"","background-repeat":"repeat","background-position":"center center","background-size":"auto","background-attachment":"scroll","background-type":"","background-media":"","overlay-type":"","overlay-color":"","overlay-gradient":""},"mobile":{"background-color":"var(--ast-global-color-5)","background-image":"","background-repeat":"repeat","background-position":"center center","background-size":"auto","background-attachment":"scroll","background-type":"","background-media":"","overlay-type":"","overlay-color":"","overlay-gradient":""}}},"product_brand":[],"product_cat":[117],"product_tag":[],"class_list":{"0":"post-731553","1":"product","2":"type-product","3":"status-publish","4":"has-post-thumbnail","6":"product_cat-shroom-drops","7":"product_shipping_class-brievenbus-pakje","8":"desktop-align-center","9":"tablet-align-left","10":"mobile-align-left","12":"first","13":"instock","14":"sale","15":"taxable","16":"shipping-taxable","17":"purchasable","18":"product-type-variable","19":"has-default-attributes"},"yoast_head":"<!-- This site is optimized with the Yoast SEO plugin v27.4 - https:\/\/yoast.com\/product\/yoast-seo-wordpress\/ -->\n<title>Amsterdam Drops - Primal Focus<\/title>\n<meta name=\"description\" content=\"Discover Amsterdam Drops \u2013 powerful 4-HO-MET liquid inspired by classic magic mushrooms. Fast-acting, nausea-free, ~4 hour duration. For research use only.\" \/>\n<meta name=\"robots\" content=\"index, follow, max-snippet:-1, max-image-preview:large, max-video-preview:-1\" \/>\n<link rel=\"canonical\" href=\"https:\/\/primalfocus.eu\/pt\/gotas-de-amesterdao\/\" \/>\n<meta property=\"og:locale\" content=\"pt_PT\" \/>\n<meta property=\"og:type\" content=\"article\" \/>\n<meta property=\"og:title\" content=\"Amsterdam Drops - Primal Focus\" \/>\n<meta property=\"og:description\" content=\"Discover Amsterdam Drops \u2013 powerful 4-HO-MET liquid inspired by classic magic mushrooms. Fast-acting, nausea-free, ~4 hour duration. For research use only.\" \/>\n<meta property=\"og:url\" content=\"https:\/\/primalfocus.eu\/pt\/gotas-de-amesterdao\/\" \/>\n<meta property=\"og:site_name\" content=\"Primal Focus\" \/>\n<meta property=\"article:publisher\" content=\"https:\/\/www.facebook.com\/profile.php?id=61575377667059\" \/>\n<meta property=\"article:modified_time\" content=\"2026-04-27T15:23:32+00:00\" \/>\n<meta property=\"og:image\" content=\"https:\/\/primalfocus.eu\/wp-content\/uploads\/2025\/07\/Amsterdam-Drops-18.webp?_t=1777217610\" \/>\n\t<meta property=\"og:image:width\" content=\"1080\" \/>\n\t<meta property=\"og:image:height\" content=\"1080\" \/>\n\t<meta property=\"og:image:type\" content=\"image\/webp\" \/>\n<meta name=\"twitter:card\" content=\"summary_large_image\" \/>\n<meta name=\"twitter:site\" content=\"@primalfocus_eu\" \/>\n<meta name=\"twitter:label1\" content=\"Tempo estimado de leitura\" \/>\n\t<meta name=\"twitter:data1\" content=\"3 minutos\" \/>\n<script type=\"application\/ld+json\" class=\"yoast-schema-graph\">{\"@context\":\"https:\\\/\\\/schema.org\",\"@graph\":[{\"@type\":\"WebPage\",\"@id\":\"https:\\\/\\\/primalfocus.eu\\\/pt\\\/gotas-de-amesterdao\\\/\",\"url\":\"https:\\\/\\\/primalfocus.eu\\\/pt\\\/gotas-de-amesterdao\\\/\",\"name\":\"Amsterdam Drops - Primal Focus\",\"isPartOf\":{\"@id\":\"https:\\\/\\\/primalfocus.eu\\\/pt\\\/#website\"},\"primaryImageOfPage\":{\"@id\":\"https:\\\/\\\/primalfocus.eu\\\/pt\\\/gotas-de-amesterdao\\\/#primaryimage\"},\"image\":{\"@id\":\"https:\\\/\\\/primalfocus.eu\\\/pt\\\/gotas-de-amesterdao\\\/#primaryimage\"},\"thumbnailUrl\":\"https:\\\/\\\/primalfocus.eu\\\/wp-content\\\/uploads\\\/2025\\\/07\\\/Amsterdam-Drops-18.webp\",\"datePublished\":\"2025-07-01T18:37:55+00:00\",\"dateModified\":\"2026-04-27T15:23:32+00:00\",\"description\":\"Discover Amsterdam Drops \u2013 powerful 4-HO-MET liquid inspired by classic magic mushrooms. Fast-acting, nausea-free, ~4 hour duration. For research use only.\",\"breadcrumb\":{\"@id\":\"https:\\\/\\\/primalfocus.eu\\\/pt\\\/gotas-de-amesterdao\\\/#breadcrumb\"},\"inLanguage\":\"pt-PT\",\"potentialAction\":[{\"@type\":\"ReadAction\",\"target\":[\"https:\\\/\\\/primalfocus.eu\\\/pt\\\/gotas-de-amesterdao\\\/\"]}]},{\"@type\":\"ImageObject\",\"inLanguage\":\"pt-PT\",\"@id\":\"https:\\\/\\\/primalfocus.eu\\\/pt\\\/gotas-de-amesterdao\\\/#primaryimage\",\"url\":\"https:\\\/\\\/primalfocus.eu\\\/wp-content\\\/uploads\\\/2025\\\/07\\\/Amsterdam-Drops-18.webp\",\"contentUrl\":\"https:\\\/\\\/primalfocus.eu\\\/wp-content\\\/uploads\\\/2025\\\/07\\\/Amsterdam-Drops-18.webp\",\"width\":1080,\"height\":1080},{\"@type\":\"BreadcrumbList\",\"@id\":\"https:\\\/\\\/primalfocus.eu\\\/pt\\\/gotas-de-amesterdao\\\/#breadcrumb\",\"itemListElement\":[{\"@type\":\"ListItem\",\"position\":1,\"name\":\"Home\",\"item\":\"https:\\\/\\\/primalfocus.eu\\\/\"},{\"@type\":\"ListItem\",\"position\":2,\"name\":\"Shop\",\"item\":\"https:\\\/\\\/primalfocus.eu\\\/products\\\/\"},{\"@type\":\"ListItem\",\"position\":3,\"name\":\"Amsterdam Drops\"}]},{\"@type\":\"WebSite\",\"@id\":\"https:\\\/\\\/primalfocus.eu\\\/pt\\\/#website\",\"url\":\"https:\\\/\\\/primalfocus.eu\\\/pt\\\/\",\"name\":\"Primal Focus\",\"description\":\"Buy legal psychedelics online\",\"publisher\":{\"@id\":\"https:\\\/\\\/primalfocus.eu\\\/pt\\\/#organization\"},\"potentialAction\":[{\"@type\":\"SearchAction\",\"target\":{\"@type\":\"EntryPoint\",\"urlTemplate\":\"https:\\\/\\\/primalfocus.eu\\\/pt\\\/?s={search_term_string}\"},\"query-input\":{\"@type\":\"PropertyValueSpecification\",\"valueRequired\":true,\"valueName\":\"search_term_string\"}}],\"inLanguage\":\"pt-PT\"},{\"@type\":\"Organization\",\"@id\":\"https:\\\/\\\/primalfocus.eu\\\/pt\\\/#organization\",\"name\":\"Primal Focus\",\"alternateName\":\"primalfocus.eu\",\"url\":\"https:\\\/\\\/primalfocus.eu\\\/pt\\\/\",\"logo\":{\"@type\":\"ImageObject\",\"inLanguage\":\"pt-PT\",\"@id\":\"https:\\\/\\\/primalfocus.eu\\\/pt\\\/#\\\/schema\\\/logo\\\/image\\\/\",\"url\":\"https:\\\/\\\/primalfocus.eu\\\/wp-content\\\/uploads\\\/2026\\\/04\\\/primal-focus-logo-6.svg\",\"contentUrl\":\"https:\\\/\\\/primalfocus.eu\\\/wp-content\\\/uploads\\\/2026\\\/04\\\/primal-focus-logo-6.svg\",\"width\":50,\"height\":50,\"caption\":\"Primal Focus\"},\"image\":{\"@id\":\"https:\\\/\\\/primalfocus.eu\\\/pt\\\/#\\\/schema\\\/logo\\\/image\\\/\"},\"sameAs\":[\"https:\\\/\\\/www.facebook.com\\\/profile.php?id=61575377667059\",\"https:\\\/\\\/x.com\\\/primalfocus_eu\",\"https:\\\/\\\/www.instagram.com\\\/primalfocus.store\\\/\"]}]}<\/script>\n<!-- \/ Yoast SEO plugin. -->","yoast_head_json":{"title":"Gotas de Amesterd\u00e3o - Primal Focus","description":"Descubra as Amsterdam Drops - poderoso l\u00edquido 4-HO-MET inspirado nos cogumelos m\u00e1gicos cl\u00e1ssicos. De a\u00e7\u00e3o r\u00e1pida, sem n\u00e1useas, com uma dura\u00e7\u00e3o de cerca de 4 horas. Apenas para uso em investiga\u00e7\u00e3o.","robots":{"index":"index","follow":"follow","max-snippet":"max-snippet:-1","max-image-preview":"max-image-preview:large","max-video-preview":"max-video-preview:-1"},"canonical":"https:\/\/primalfocus.eu\/pt\/gotas-de-amesterdao\/","og_locale":"pt_PT","og_type":"article","og_title":"Amsterdam Drops - Primal Focus","og_description":"Discover Amsterdam Drops \u2013 powerful 4-HO-MET liquid inspired by classic magic mushrooms. Fast-acting, nausea-free, ~4 hour duration. For research use only.","og_url":"https:\/\/primalfocus.eu\/pt\/gotas-de-amesterdao\/","og_site_name":"Primal Focus","article_publisher":"https:\/\/www.facebook.com\/profile.php?id=61575377667059","article_modified_time":"2026-04-27T15:23:32+00:00","og_image":[{"width":1080,"height":1080,"url":"https:\/\/primalfocus.eu\/wp-content\/uploads\/2025\/07\/Amsterdam-Drops-18.webp?_t=1777217610","type":"image\/webp"}],"twitter_card":"summary_large_image","twitter_site":"@primalfocus_eu","twitter_misc":{"Tempo estimado de leitura":"3 minutos"},"schema":{"@context":"https:\/\/schema.org","@graph":[{"@type":"WebPage","@id":"https:\/\/primalfocus.eu\/pt\/gotas-de-amesterdao\/","url":"https:\/\/primalfocus.eu\/pt\/gotas-de-amesterdao\/","name":"Gotas de Amesterd\u00e3o - Primal Focus","isPartOf":{"@id":"https:\/\/primalfocus.eu\/pt\/#website"},"primaryImageOfPage":{"@id":"https:\/\/primalfocus.eu\/pt\/gotas-de-amesterdao\/#primaryimage"},"image":{"@id":"https:\/\/primalfocus.eu\/pt\/gotas-de-amesterdao\/#primaryimage"},"thumbnailUrl":"https:\/\/primalfocus.eu\/wp-content\/uploads\/2025\/07\/Amsterdam-Drops-18.webp","datePublished":"2025-07-01T18:37:55+00:00","dateModified":"2026-04-27T15:23:32+00:00","description":"Descubra as Amsterdam Drops - poderoso l\u00edquido 4-HO-MET inspirado nos cogumelos m\u00e1gicos cl\u00e1ssicos. De a\u00e7\u00e3o r\u00e1pida, sem n\u00e1useas, com uma dura\u00e7\u00e3o de cerca de 4 horas. Apenas para uso em investiga\u00e7\u00e3o.","breadcrumb":{"@id":"https:\/\/primalfocus.eu\/pt\/gotas-de-amesterdao\/#breadcrumb"},"inLanguage":"pt-PT","potentialAction":[{"@type":"ReadAction","target":["https:\/\/primalfocus.eu\/pt\/gotas-de-amesterdao\/"]}]},{"@type":"ImageObject","inLanguage":"pt-PT","@id":"https:\/\/primalfocus.eu\/pt\/gotas-de-amesterdao\/#primaryimage","url":"https:\/\/primalfocus.eu\/wp-content\/uploads\/2025\/07\/Amsterdam-Drops-18.webp","contentUrl":"https:\/\/primalfocus.eu\/wp-content\/uploads\/2025\/07\/Amsterdam-Drops-18.webp","width":1080,"height":1080},{"@type":"BreadcrumbList","@id":"https:\/\/primalfocus.eu\/pt\/gotas-de-amesterdao\/#breadcrumb","itemListElement":[{"@type":"ListItem","position":1,"name":"Home","item":"https:\/\/primalfocus.eu\/"},{"@type":"ListItem","position":2,"name":"Shop","item":"https:\/\/primalfocus.eu\/products\/"},{"@type":"ListItem","position":3,"name":"Amsterdam Drops"}]},{"@type":"WebSite","@id":"https:\/\/primalfocus.eu\/pt\/#website","url":"https:\/\/primalfocus.eu\/pt\/","name":"Primal Focus","description":"Comprar psicad\u00e9licos legais online","publisher":{"@id":"https:\/\/primalfocus.eu\/pt\/#organization"},"potentialAction":[{"@type":"SearchAction","target":{"@type":"EntryPoint","urlTemplate":"https:\/\/primalfocus.eu\/pt\/?s={search_term_string}"},"query-input":{"@type":"PropertyValueSpecification","valueRequired":true,"valueName":"search_term_string"}}],"inLanguage":"pt-PT"},{"@type":"Organization","@id":"https:\/\/primalfocus.eu\/pt\/#organization","name":"Primal Focus","alternateName":"primalfocus.eu","url":"https:\/\/primalfocus.eu\/pt\/","logo":{"@type":"ImageObject","inLanguage":"pt-PT","@id":"https:\/\/primalfocus.eu\/pt\/#\/schema\/logo\/image\/","url":"https:\/\/primalfocus.eu\/wp-content\/uploads\/2026\/04\/primal-focus-logo-6.svg","contentUrl":"https:\/\/primalfocus.eu\/wp-content\/uploads\/2026\/04\/primal-focus-logo-6.svg","width":50,"height":50,"caption":"Primal Focus"},"image":{"@id":"https:\/\/primalfocus.eu\/pt\/#\/schema\/logo\/image\/"},"sameAs":["https:\/\/www.facebook.com\/profile.php?id=61575377667059","https:\/\/x.com\/primalfocus_eu","https:\/\/www.instagram.com\/primalfocus.store\/"]}]}},"jetpack_sharing_enabled":true,"_links":{"self":[{"href":"https:\/\/primalfocus.eu\/pt\/wp-json\/wp\/v2\/product\/731553","targetHints":{"allow":["GET"]}}],"collection":[{"href":"https:\/\/primalfocus.eu\/pt\/wp-json\/wp\/v2\/product"}],"about":[{"href":"https:\/\/primalfocus.eu\/pt\/wp-json\/wp\/v2\/types\/product"}],"replies":[{"embeddable":true,"href":"https:\/\/primalfocus.eu\/pt\/wp-json\/wp\/v2\/comments?post=731553"}],"wp:featuredmedia":[{"embeddable":true,"href":"https:\/\/primalfocus.eu\/pt\/wp-json\/wp\/v2\/media\/886592"}],"wp:attachment":[{"href":"https:\/\/primalfocus.eu\/pt\/wp-json\/wp\/v2\/media?parent=731553"}],"wp:term":[{"taxonomy":"product_brand","embeddable":true,"href":"https:\/\/primalfocus.eu\/pt\/wp-json\/wp\/v2\/product_brand?post=731553"},{"taxonomy":"product_cat","embeddable":true,"href":"https:\/\/primalfocus.eu\/pt\/wp-json\/wp\/v2\/product_cat?post=731553"},{"taxonomy":"product_tag","embeddable":true,"href":"https:\/\/primalfocus.eu\/pt\/wp-json\/wp\/v2\/product_tag?post=731553"}],"curies":[{"name":"wp","href":"https:\/\/api.w.org\/{rel}","templated":true}]}}