{"id":648432,"date":"2025-03-18T18:33:32","date_gmt":"2025-03-18T17:33:32","guid":{"rendered":"https:\/\/primalfocus.eu\/?post_type=product&#038;p=648432"},"modified":"2026-04-09T16:52:48","modified_gmt":"2026-04-09T14:52:48","slug":"1s-lsd-blotters-150%c2%b5g","status":"publish","type":"product","link":"https:\/\/primalfocus.eu\/pt\/1s-lsd-blotters-150%CE%BCg\/","title":{"rendered":"1S-LSD Macro Blotters"},"content":{"rendered":"<h2>Blotters 1S-LSD (150\u00b5g) para experi\u00eancias claras e profundas<\/h2>\n<p>Experi\u00eancia de macrodosagem com Blotters 1S-LSD: a <a href=\"https:\/\/primalfocus.eu\/pt\/categoria-produto\/lsd-legal\/\">LSD legal, testado em laborat\u00f3rio<\/a> pr\u00f3-droga que oferece clareza, criatividade e introspe\u00e7\u00e3o. Concebida para pessoas que querem uma experi\u00eancia forte e fi\u00e1vel.<\/p>\n<div style=\"background-color: #eff5e6; padding: 20px; border-radius: 12px; font-family: Montserrat, sans-serif; font-size: 15px; color: #333; line-height: 1.6;\">\n<ul style=\"list-style: none; padding: 0; margin: 0;\">\n<li style=\"margin-bottom: 8px;\">150\u00b5g por mata-borr\u00e3o<\/li>\n<li style=\"margin-bottom: 8px;\">Legal em muitos pa\u00edses da UE<\/li>\n<li style=\"margin-bottom: 8px;\">Testado em laborat\u00f3rio e consistente<\/li>\n<li style=\"margin-bottom: 8px;\">Expedi\u00e7\u00e3o europeia discreta<\/li>\n<li>\u26a0\ufe0f Stock limitado<\/li>\n<\/ul>\n<\/div>\n<div style=\"font-family: Montserrat, sans-serif; margin-top: 20px;\">\n<h2>O que \u00e9 o 1S-LSD?<\/h2>\n<p>O 1S-LSD \u00e9 um qu\u00edmico de investiga\u00e7\u00e3o que pode transformar-se em LSD no corpo. Os efeitos s\u00e3o semelhantes aos do LSD cl\u00e1ssico, tais como uma perce\u00e7\u00e3o mais forte, efeitos visuais e pensamentos mais profundos.<\/p>\n<p>N\u00e3o est\u00e1 listada como ilegal nos Pa\u00edses Baixos e em v\u00e1rios outros pa\u00edses da UE, o que permite a sua venda para fins de investiga\u00e7\u00e3o.<\/p>\n<\/div>\n<div style=\"font-family: Montserrat, sans-serif; margin-top: 20px;\">\n<h2>O que torna os Blotters 1S-LSD especiais?<\/h2>\n<p>Estes blotters s\u00e3o fabricados num laborat\u00f3rio profissional e cuidadosamente doseados. Isto significa que sabe o que pode esperar de cada vez.<\/p>\n<p>A experi\u00eancia \u00e9 frequentemente descrita como forte, clara e duradoura. Em compara\u00e7\u00e3o com <a href=\"https:\/\/primalfocus.eu\/pt\/categoria-produto\/viajando\/trufas-macrodosagem\/\">trufas m\u00e1gicas<\/a> ou <a href=\"https:\/\/primalfocus.eu\/pt\/categoria-produto\/gotas\/\">gotas de cogumelos<\/a>, Os blotters duram normalmente mais tempo e s\u00e3o mais consistentes.<\/p>\n<\/div>\n<div style=\"font-family: Montserrat, sans-serif; margin-top: 20px;\">\n<h2>Perfeito para<\/h2>\n<ul>\n<li>Investiga\u00e7\u00e3o sobre efeitos semelhantes aos do LSD<\/li>\n<li>Experi\u00eancias completas de macrodose<\/li>\n<li>Pensamento criativo e reflex\u00e3o<\/li>\n<li>Pessoas que querem resultados consistentes<\/li>\n<\/ul>\n<\/div>\n<h2><strong>Porqu\u00ea escolher os nossos mata-borr\u00f5es 1S-LSD?<\/strong><\/h2>\n<div class=\"su-accordion su-u-trim custom-lsd-accordion\">\n<div class=\"su-spoiler su-spoiler-style-default su-spoiler-icon-plus su-spoiler-closed\" data-scroll-offset=\"0\" data-anchor-in-url=\"no\"><div class=\"su-spoiler-title\" tabindex=\"0\" role=\"button\"><span class=\"su-spoiler-icon\"><\/span>Dosagem exacta<\/div><div class=\"su-spoiler-content su-u-clearfix su-u-trim\">\n<div style=\"background-color: #eff5e6; padding: 12px 16px; font-size: 15px; color: #444; line-height: 1.8;\">Cada blotter cont\u00e9m 150\u00b5g para resultados consistentes.<\/div>\n<\/div><\/div>\n<div class=\"su-spoiler su-spoiler-style-default su-spoiler-icon-plus su-spoiler-closed\" data-scroll-offset=\"0\" data-anchor-in-url=\"no\"><div class=\"su-spoiler-title\" tabindex=\"0\" role=\"button\"><span class=\"su-spoiler-icon\"><\/span>Legal em muitos pa\u00edses da UE<\/div><div class=\"su-spoiler-content su-u-clearfix su-u-trim\">\n<div style=\"background-color: #eff5e6; padding: 12px 16px; font-size: 15px; color: #444; line-height: 1.8;\">N\u00e3o \u00e9 considerado ilegal nos Pa\u00edses Baixos e em muitos outros pa\u00edses da UE.<\/div>\n<\/div><\/div>\n<div class=\"su-spoiler su-spoiler-style-default su-spoiler-icon-plus su-spoiler-closed\" data-scroll-offset=\"0\" data-anchor-in-url=\"no\"><div class=\"su-spoiler-title\" tabindex=\"0\" role=\"button\"><span class=\"su-spoiler-icon\"><\/span>Testado em laborat\u00f3rio<\/div><div class=\"su-spoiler-content su-u-clearfix su-u-trim\">\n<div style=\"background-color: #eff5e6; padding: 12px 16px; font-size: 15px; color: #444; line-height: 1.8;\">Fabricado num laborat\u00f3rio controlado para garantir a qualidade.<\/div>\n<\/div><\/div>\n<div class=\"su-spoiler su-spoiler-style-default su-spoiler-icon-plus su-spoiler-closed\" data-scroll-offset=\"0\" data-anchor-in-url=\"no\"><div class=\"su-spoiler-title\" tabindex=\"0\" role=\"button\"><span class=\"su-spoiler-icon\"><\/span>Expedi\u00e7\u00e3o discreta<\/div><div class=\"su-spoiler-content su-u-clearfix su-u-trim\">\n<div style=\"background-color: #eff5e6; padding: 12px 16px; font-size: 15px; color: #444; line-height: 1.8;\">Enviado em embalagem neutra com seguro.<\/div>\n<\/div><\/div>\n<\/div>\n<div style=\"margin-top: 20px; background-color: #eff5e6; padding: 16px; border-radius: 8px; border: 1px solid #dbeac7; font-family: Montserrat, sans-serif; font-size: 14px; line-height: 1.8;\">\n<h3><strong>Notas-chave (ler atentamente):<\/strong><\/h3>\n<ul style=\"margin: 10px 0 0 20px;\">\n<li>Apenas para fins de investiga\u00e7\u00e3o.<\/li>\n<li>N\u00e3o consumir.<\/li>\n<li>Manter afastado das crian\u00e7as e dos animais.<\/li>\n<li>N\u00e3o misturar com \u00e1lcool ou outras subst\u00e2ncias.<\/li>\n<li>N\u00e3o \u00e9 adequado para pessoas com problemas de sa\u00fade mental.<\/li>\n<li>Conservar num local fresco e escuro.<\/li>\n<\/ul>\n<\/div>","protected":false},"excerpt":{"rendered":"<p>1S-LSD Blotters (150\u00b5g) for clear and deep experiences Experience macrodosing with 1S-LSD Blotters: a legal, lab-tested LSD pro-drug that offers [&hellip;]<\/p>\n","protected":false},"featured_media":655887,"comment_status":"open","ping_status":"closed","template":"","meta":{"site-sidebar-layout":"default","site-content-layout":"default","ast-site-content-layout":"default","site-content-style":"default","site-sidebar-style":"default","ast-global-header-display":"","ast-banner-title-visibility":"","ast-main-header-display":"","ast-hfb-above-header-display":"","ast-hfb-below-header-display":"","ast-hfb-mobile-header-display":"","site-post-title":"","ast-breadcrumbs-content":"","ast-featured-img":"","footer-sml-layout":"","ast-disable-related-posts":"","theme-transparent-header-meta":"default","adv-header-id-meta":"","stick-header-meta":"","header-above-stick-meta":"","header-main-stick-meta":"","header-below-stick-meta":"","astra-migrate-meta-layouts":"set","ast-page-background-enabled":"default","ast-page-background-meta":{"desktop":{"background-color":"","background-image":"","background-repeat":"repeat","background-position":"center center","background-size":"auto","background-attachment":"scroll","background-type":"","background-media":"","overlay-type":"","overlay-color":"","overlay-opacity":"","overlay-gradient":""},"tablet":{"background-color":"","background-image":"","background-repeat":"repeat","background-position":"center center","background-size":"auto","background-attachment":"scroll","background-type":"","background-media":"","overlay-type":"","overlay-color":"","overlay-opacity":"","overlay-gradient":""},"mobile":{"background-color":"","background-image":"","background-repeat":"repeat","background-position":"center center","background-size":"auto","background-attachment":"scroll","background-type":"","background-media":"","overlay-type":"","overlay-color":"","overlay-opacity":"","overlay-gradient":""}},"ast-content-background-meta":{"desktop":{"background-color":"var(--ast-global-color-5)","background-image":"","background-repeat":"repeat","background-position":"center center","background-size":"auto","background-attachment":"scroll","background-type":"","background-media":"","overlay-type":"","overlay-color":"","overlay-opacity":"","overlay-gradient":""},"tablet":{"background-color":"var(--ast-global-color-5)","background-image":"","background-repeat":"repeat","background-position":"center center","background-size":"auto","background-attachment":"scroll","background-type":"","background-media":"","overlay-type":"","overlay-color":"","overlay-opacity":"","overlay-gradient":""},"mobile":{"background-color":"var(--ast-global-color-5)","background-image":"","background-repeat":"repeat","background-position":"center center","background-size":"auto","background-attachment":"scroll","background-type":"","background-media":"","overlay-type":"","overlay-color":"","overlay-opacity":"","overlay-gradient":""}}},"product_brand":[129],"product_cat":[113,92],"product_tag":[],"class_list":{"0":"post-648432","1":"product","2":"type-product","3":"status-publish","4":"has-post-thumbnail","6":"product_brand-primal-focus","7":"product_cat-legal-lsd","8":"product_cat-macrodosing","9":"product_shipping_class-brievenbus-pakje","10":"desktop-align-center","11":"tablet-align-left","12":"mobile-align-left","14":"first","15":"instock","16":"sale","17":"taxable","18":"shipping-taxable","19":"purchasable","20":"product-type-variable","21":"has-default-attributes"},"yoast_head":"<!-- This site is optimized with the Yoast SEO plugin v27.3 - https:\/\/yoast.com\/product\/yoast-seo-wordpress\/ -->\n<title>Experience Deep Introspection: Legal 1S-LSD Macrodosing Blotter<\/title>\n<meta name=\"description\" content=\"Purchase 1S-LSD Macrodosing Blotters V.2 (150\u00b5g) for analytical research. Lab-tested, legal LSD pro-drug with discreet EU shipping. For research use only.\" \/>\n<meta name=\"robots\" content=\"index, follow, max-snippet:-1, max-image-preview:large, max-video-preview:-1\" \/>\n<link rel=\"canonical\" href=\"https:\/\/primalfocus.eu\/pt\/1s-lsd-blotters-150\u03bcg\/\" \/>\n<meta property=\"og:locale\" content=\"pt_PT\" \/>\n<meta property=\"og:type\" content=\"article\" \/>\n<meta property=\"og:title\" content=\"Experience Deep Introspection: Legal 1S-LSD Macrodosing Blotter\" \/>\n<meta property=\"og:description\" content=\"Purchase 1S-LSD Macrodosing Blotters V.2 (150\u00b5g) for analytical research. Lab-tested, legal LSD pro-drug with discreet EU shipping. For research use only.\" \/>\n<meta property=\"og:url\" content=\"https:\/\/primalfocus.eu\/pt\/1s-lsd-blotters-150\u03bcg\/\" \/>\n<meta property=\"og:site_name\" content=\"Primal Focus\" \/>\n<meta property=\"article:publisher\" content=\"https:\/\/www.facebook.com\/profile.php?id=61575377667059\" \/>\n<meta property=\"article:modified_time\" content=\"2026-04-09T14:52:48+00:00\" \/>\n<meta property=\"og:image\" content=\"https:\/\/primalfocus.eu\/wp-content\/uploads\/2025\/03\/Primal-Focus-150mcg-1S-LSD-Blotter.webp\" \/>\n\t<meta property=\"og:image:width\" content=\"1080\" \/>\n\t<meta property=\"og:image:height\" content=\"1080\" \/>\n\t<meta property=\"og:image:type\" content=\"image\/webp\" \/>\n<meta name=\"twitter:card\" content=\"summary_large_image\" \/>\n<meta name=\"twitter:site\" content=\"@primalfocus_eu\" \/>\n<meta name=\"twitter:label1\" content=\"Tempo estimado de leitura\" \/>\n\t<meta name=\"twitter:data1\" content=\"2 minutos\" \/>\n<script type=\"application\/ld+json\" class=\"yoast-schema-graph\">{\"@context\":\"https:\\\/\\\/schema.org\",\"@graph\":[{\"@type\":\"WebPage\",\"@id\":\"https:\\\/\\\/primalfocus.eu\\\/pt\\\/1s-lsd-blotters-150%CE%BCg\\\/\",\"url\":\"https:\\\/\\\/primalfocus.eu\\\/pt\\\/1s-lsd-blotters-150%CE%BCg\\\/\",\"name\":\"Experience Deep Introspection: Legal 1S-LSD Macrodosing Blotter\",\"isPartOf\":{\"@id\":\"https:\\\/\\\/primalfocus.eu\\\/pt\\\/#website\"},\"primaryImageOfPage\":{\"@id\":\"https:\\\/\\\/primalfocus.eu\\\/pt\\\/1s-lsd-blotters-150%CE%BCg\\\/#primaryimage\"},\"image\":{\"@id\":\"https:\\\/\\\/primalfocus.eu\\\/pt\\\/1s-lsd-blotters-150%CE%BCg\\\/#primaryimage\"},\"thumbnailUrl\":\"https:\\\/\\\/primalfocus.eu\\\/wp-content\\\/uploads\\\/2025\\\/03\\\/Primal-Focus-150mcg-1S-LSD-Blotter.webp\",\"datePublished\":\"2025-03-18T17:33:32+00:00\",\"dateModified\":\"2026-04-09T14:52:48+00:00\",\"description\":\"Purchase 1S-LSD Macrodosing Blotters V.2 (150\u00b5g) for analytical research. Lab-tested, legal LSD pro-drug with discreet EU shipping. For research use only.\",\"breadcrumb\":{\"@id\":\"https:\\\/\\\/primalfocus.eu\\\/pt\\\/1s-lsd-blotters-150%CE%BCg\\\/#breadcrumb\"},\"inLanguage\":\"pt-PT\",\"potentialAction\":[{\"@type\":\"ReadAction\",\"target\":[\"https:\\\/\\\/primalfocus.eu\\\/pt\\\/1s-lsd-blotters-150%CE%BCg\\\/\"]}]},{\"@type\":\"ImageObject\",\"inLanguage\":\"pt-PT\",\"@id\":\"https:\\\/\\\/primalfocus.eu\\\/pt\\\/1s-lsd-blotters-150%CE%BCg\\\/#primaryimage\",\"url\":\"https:\\\/\\\/primalfocus.eu\\\/wp-content\\\/uploads\\\/2025\\\/03\\\/Primal-Focus-150mcg-1S-LSD-Blotter.webp\",\"contentUrl\":\"https:\\\/\\\/primalfocus.eu\\\/wp-content\\\/uploads\\\/2025\\\/03\\\/Primal-Focus-150mcg-1S-LSD-Blotter.webp\",\"width\":1080,\"height\":1080,\"caption\":\"Primal Focus 150mcg 1S LSD Blotter\"},{\"@type\":\"BreadcrumbList\",\"@id\":\"https:\\\/\\\/primalfocus.eu\\\/pt\\\/1s-lsd-blotters-150%CE%BCg\\\/#breadcrumb\",\"itemListElement\":[{\"@type\":\"ListItem\",\"position\":1,\"name\":\"Home\",\"item\":\"https:\\\/\\\/primalfocus.eu\\\/\"},{\"@type\":\"ListItem\",\"position\":2,\"name\":\"Shop\",\"item\":\"https:\\\/\\\/primalfocus.eu\\\/products\\\/\"},{\"@type\":\"ListItem\",\"position\":3,\"name\":\"Macrodosing\",\"item\":\"https:\\\/\\\/primalfocus.eu\\\/macrodosing\\\/\"},{\"@type\":\"ListItem\",\"position\":4,\"name\":\"1S-LSD Macro Blotters\"}]},{\"@type\":\"WebSite\",\"@id\":\"https:\\\/\\\/primalfocus.eu\\\/pt\\\/#website\",\"url\":\"https:\\\/\\\/primalfocus.eu\\\/pt\\\/\",\"name\":\"Primal Focus\",\"description\":\"Buy legal psychedelics online\",\"publisher\":{\"@id\":\"https:\\\/\\\/primalfocus.eu\\\/pt\\\/#organization\"},\"potentialAction\":[{\"@type\":\"SearchAction\",\"target\":{\"@type\":\"EntryPoint\",\"urlTemplate\":\"https:\\\/\\\/primalfocus.eu\\\/pt\\\/?s={search_term_string}\"},\"query-input\":{\"@type\":\"PropertyValueSpecification\",\"valueRequired\":true,\"valueName\":\"search_term_string\"}}],\"inLanguage\":\"pt-PT\"},{\"@type\":\"Organization\",\"@id\":\"https:\\\/\\\/primalfocus.eu\\\/pt\\\/#organization\",\"name\":\"Primal Focus\",\"alternateName\":\"primalfocus.eu\",\"url\":\"https:\\\/\\\/primalfocus.eu\\\/pt\\\/\",\"logo\":{\"@type\":\"ImageObject\",\"inLanguage\":\"pt-PT\",\"@id\":\"https:\\\/\\\/primalfocus.eu\\\/pt\\\/#\\\/schema\\\/logo\\\/image\\\/\",\"url\":\"https:\\\/\\\/primalfocus.eu\\\/wp-content\\\/uploads\\\/2025\\\/11\\\/primal-focus-logo-header.svg\",\"contentUrl\":\"https:\\\/\\\/primalfocus.eu\\\/wp-content\\\/uploads\\\/2025\\\/11\\\/primal-focus-logo-header.svg\",\"caption\":\"Primal Focus\"},\"image\":{\"@id\":\"https:\\\/\\\/primalfocus.eu\\\/pt\\\/#\\\/schema\\\/logo\\\/image\\\/\"},\"sameAs\":[\"https:\\\/\\\/www.facebook.com\\\/profile.php?id=61575377667059\",\"https:\\\/\\\/x.com\\\/primalfocus_eu\",\"https:\\\/\\\/www.instagram.com\\\/primalfocus.store\\\/\"]}]}<\/script>\n<!-- \/ Yoast SEO plugin. -->","yoast_head_json":{"title":"Experimente a introspe\u00e7\u00e3o profunda: Registo legal de macrodoses de 1S-LSD","description":"Comprar 1S-LSD Macrodosing Blotters V.2 (150\u00b5g) para investiga\u00e7\u00e3o anal\u00edtica. Droga LSD legal, testada em laborat\u00f3rio, com envio discreto para a UE. Apenas para uso em investiga\u00e7\u00e3o.","robots":{"index":"index","follow":"follow","max-snippet":"max-snippet:-1","max-image-preview":"max-image-preview:large","max-video-preview":"max-video-preview:-1"},"canonical":"https:\/\/primalfocus.eu\/pt\/1s-lsd-blotters-150\u03bcg\/","og_locale":"pt_PT","og_type":"article","og_title":"Experience Deep Introspection: Legal 1S-LSD Macrodosing Blotter","og_description":"Purchase 1S-LSD Macrodosing Blotters V.2 (150\u00b5g) for analytical research. Lab-tested, legal LSD pro-drug with discreet EU shipping. For research use only.","og_url":"https:\/\/primalfocus.eu\/pt\/1s-lsd-blotters-150\u03bcg\/","og_site_name":"Primal Focus","article_publisher":"https:\/\/www.facebook.com\/profile.php?id=61575377667059","article_modified_time":"2026-04-09T14:52:48+00:00","og_image":[{"width":1080,"height":1080,"url":"https:\/\/primalfocus.eu\/wp-content\/uploads\/2025\/03\/Primal-Focus-150mcg-1S-LSD-Blotter.webp","type":"image\/webp"}],"twitter_card":"summary_large_image","twitter_site":"@primalfocus_eu","twitter_misc":{"Tempo estimado de leitura":"2 minutos"},"schema":{"@context":"https:\/\/schema.org","@graph":[{"@type":"WebPage","@id":"https:\/\/primalfocus.eu\/pt\/1s-lsd-blotters-150%CE%BCg\/","url":"https:\/\/primalfocus.eu\/pt\/1s-lsd-blotters-150%CE%BCg\/","name":"Experimente a introspe\u00e7\u00e3o profunda: Registo legal de macrodoses de 1S-LSD","isPartOf":{"@id":"https:\/\/primalfocus.eu\/pt\/#website"},"primaryImageOfPage":{"@id":"https:\/\/primalfocus.eu\/pt\/1s-lsd-blotters-150%CE%BCg\/#primaryimage"},"image":{"@id":"https:\/\/primalfocus.eu\/pt\/1s-lsd-blotters-150%CE%BCg\/#primaryimage"},"thumbnailUrl":"https:\/\/primalfocus.eu\/wp-content\/uploads\/2025\/03\/Primal-Focus-150mcg-1S-LSD-Blotter.webp","datePublished":"2025-03-18T17:33:32+00:00","dateModified":"2026-04-09T14:52:48+00:00","description":"Comprar 1S-LSD Macrodosing Blotters V.2 (150\u00b5g) para investiga\u00e7\u00e3o anal\u00edtica. Droga LSD legal, testada em laborat\u00f3rio, com envio discreto para a UE. Apenas para uso em investiga\u00e7\u00e3o.","breadcrumb":{"@id":"https:\/\/primalfocus.eu\/pt\/1s-lsd-blotters-150%CE%BCg\/#breadcrumb"},"inLanguage":"pt-PT","potentialAction":[{"@type":"ReadAction","target":["https:\/\/primalfocus.eu\/pt\/1s-lsd-blotters-150%CE%BCg\/"]}]},{"@type":"ImageObject","inLanguage":"pt-PT","@id":"https:\/\/primalfocus.eu\/pt\/1s-lsd-blotters-150%CE%BCg\/#primaryimage","url":"https:\/\/primalfocus.eu\/wp-content\/uploads\/2025\/03\/Primal-Focus-150mcg-1S-LSD-Blotter.webp","contentUrl":"https:\/\/primalfocus.eu\/wp-content\/uploads\/2025\/03\/Primal-Focus-150mcg-1S-LSD-Blotter.webp","width":1080,"height":1080,"caption":"Primal Focus 150mcg 1S LSD Blotter"},{"@type":"BreadcrumbList","@id":"https:\/\/primalfocus.eu\/pt\/1s-lsd-blotters-150%CE%BCg\/#breadcrumb","itemListElement":[{"@type":"ListItem","position":1,"name":"Home","item":"https:\/\/primalfocus.eu\/"},{"@type":"ListItem","position":2,"name":"Shop","item":"https:\/\/primalfocus.eu\/products\/"},{"@type":"ListItem","position":3,"name":"Macrodosing","item":"https:\/\/primalfocus.eu\/macrodosing\/"},{"@type":"ListItem","position":4,"name":"1S-LSD Macro Blotters"}]},{"@type":"WebSite","@id":"https:\/\/primalfocus.eu\/pt\/#website","url":"https:\/\/primalfocus.eu\/pt\/","name":"Primal Focus","description":"Comprar psicad\u00e9licos legais online","publisher":{"@id":"https:\/\/primalfocus.eu\/pt\/#organization"},"potentialAction":[{"@type":"SearchAction","target":{"@type":"EntryPoint","urlTemplate":"https:\/\/primalfocus.eu\/pt\/?s={search_term_string}"},"query-input":{"@type":"PropertyValueSpecification","valueRequired":true,"valueName":"search_term_string"}}],"inLanguage":"pt-PT"},{"@type":"Organization","@id":"https:\/\/primalfocus.eu\/pt\/#organization","name":"Primal Focus","alternateName":"primalfocus.eu","url":"https:\/\/primalfocus.eu\/pt\/","logo":{"@type":"ImageObject","inLanguage":"pt-PT","@id":"https:\/\/primalfocus.eu\/pt\/#\/schema\/logo\/image\/","url":"https:\/\/primalfocus.eu\/wp-content\/uploads\/2025\/11\/primal-focus-logo-header.svg","contentUrl":"https:\/\/primalfocus.eu\/wp-content\/uploads\/2025\/11\/primal-focus-logo-header.svg","caption":"Primal Focus"},"image":{"@id":"https:\/\/primalfocus.eu\/pt\/#\/schema\/logo\/image\/"},"sameAs":["https:\/\/www.facebook.com\/profile.php?id=61575377667059","https:\/\/x.com\/primalfocus_eu","https:\/\/www.instagram.com\/primalfocus.store\/"]}]}},"jetpack_sharing_enabled":true,"_links":{"self":[{"href":"https:\/\/primalfocus.eu\/pt\/wp-json\/wp\/v2\/product\/648432","targetHints":{"allow":["GET"]}}],"collection":[{"href":"https:\/\/primalfocus.eu\/pt\/wp-json\/wp\/v2\/product"}],"about":[{"href":"https:\/\/primalfocus.eu\/pt\/wp-json\/wp\/v2\/types\/product"}],"replies":[{"embeddable":true,"href":"https:\/\/primalfocus.eu\/pt\/wp-json\/wp\/v2\/comments?post=648432"}],"wp:featuredmedia":[{"embeddable":true,"href":"https:\/\/primalfocus.eu\/pt\/wp-json\/wp\/v2\/media\/655887"}],"wp:attachment":[{"href":"https:\/\/primalfocus.eu\/pt\/wp-json\/wp\/v2\/media?parent=648432"}],"wp:term":[{"taxonomy":"product_brand","embeddable":true,"href":"https:\/\/primalfocus.eu\/pt\/wp-json\/wp\/v2\/product_brand?post=648432"},{"taxonomy":"product_cat","embeddable":true,"href":"https:\/\/primalfocus.eu\/pt\/wp-json\/wp\/v2\/product_cat?post=648432"},{"taxonomy":"product_tag","embeddable":true,"href":"https:\/\/primalfocus.eu\/pt\/wp-json\/wp\/v2\/product_tag?post=648432"}],"curies":[{"name":"wp","href":"https:\/\/api.w.org\/{rel}","templated":true}]}}