{"id":632467,"date":"2025-03-03T00:00:53","date_gmt":"2025-03-02T23:00:53","guid":{"rendered":"https:\/\/primalfocus.eu\/?post_type=product&#038;p=632467"},"modified":"2026-04-03T13:15:05","modified_gmt":"2026-04-03T11:15:05","slug":"trufas-magicas-alto-havaianas","status":"publish","type":"product","link":"https:\/\/primalfocus.eu\/pt\/magic-truffles-high-hawaiians\/","title":{"rendered":"Trufas do Alto Havai (25g)"},"content":{"rendered":"<h3 style=\"font-size: 1.2em;\"><strong>Para o psiconauta experiente, estas trufas potentes proporcionam imagens profundas e viagens interiores intensas.<\/strong><\/h3>\n<div style=\"background-color: #eff5e6; padding: 20px; border-radius: 12px; font-family: Montserrat, sans-serif; font-size: 15px; color: #333; line-height: 1.6;\">\n<ul style=\"list-style: none; padding: 0; margin: 0;\">\n<li style=\"margin-bottom: 8px;\">\u2705 <strong>25 gramas<\/strong> de trufas m\u00e1gicas frescas<\/li>\n<li style=\"margin-bottom: 8px;\">\u2705 <strong>For\u00e7a:<\/strong> Mais forte \ud83c\udfc6<\/li>\n<li style=\"margin-bottom: 8px;\">\u2705 <strong>100% cultivado segundo o modo de produ\u00e7\u00e3o biol\u00f3gico<\/strong> nos Pa\u00edses Baixos<\/li>\n<li style=\"margin-bottom: 8px;\">\u2705 <strong>Expedi\u00e7\u00e3o<\/strong> para os pa\u00edses da UE<\/li>\n<\/ul>\n<\/div>\n<h2>O que s\u00e3o as trufas do Alto Havai?<\/h2>\n<p>Os altos havaianos s\u00e3o alguns dos mais poderosos <a href=\"\/pt\/%e2%80%9dhttps%3a\/\/primalfocus.eu\/categoria-produto\/viajando\/trufas-macrodosagem\/%e2%80%9d\/\">trufas m\u00e1gicas<\/a> dispon\u00edveis, n\u00e3o para os fracos de cora\u00e7\u00e3o. Conhecidas por proporcionarem experi\u00eancias visuais profundas, ondas de euforia e uma forte sensa\u00e7\u00e3o de dissolu\u00e7\u00e3o do ego, s\u00e3o frequentemente escolhidas por utilizadores experientes que procuram uma imers\u00e3o total.<\/p>\n<p>Ao contr\u00e1rio das variedades mais leves, a High Hawaiians tende a durar mais tempo e a ser mais profunda. Espera visuais intensos, perce\u00e7\u00e3o do tempo alterada, perce\u00e7\u00e3o emocional e um sentimento de unidade com o universo.<\/p>\n<p>Estas trufas s\u00e3o uma porta de entrada para o n\u00facleo da experi\u00eancia psicad\u00e9lica. Utilizar com respeito, num ambiente seguro e, idealmente, com experi\u00eancia ou orienta\u00e7\u00e3o pr\u00e9via.<\/p>\n<h2><strong>Porqu\u00ea escolher a High Hawaiians?<\/strong><\/h2>\n<div class=\"su-accordion su-u-trim custom-truffle-accordion\">\n<div class=\"su-spoiler su-spoiler-style-default su-spoiler-icon-plus su-spoiler-closed\" data-scroll-offset=\"0\" data-anchor-in-url=\"no\"><div class=\"su-spoiler-title\" tabindex=\"0\" role=\"button\"><span class=\"su-spoiler-icon\"><\/span>Pot\u00eancia m\u00e1xima<\/div><div class=\"su-spoiler-content su-u-clearfix su-u-trim\">\n<div style=\"background-color: #eff5e6; padding: 12px 16px; font-size: 15px; color: #444;\"><span style=\"font-weight: 400;\">Considerada uma das trufas mais fortes do mercado, perfeita para descobertas e viagens espirituais profundas<\/span><\/div>\n<\/div><\/div>\n<div class=\"su-spoiler su-spoiler-style-default su-spoiler-icon-plus su-spoiler-closed\" data-scroll-offset=\"0\" data-anchor-in-url=\"no\"><div class=\"su-spoiler-title\" tabindex=\"0\" role=\"button\"><span class=\"su-spoiler-icon\"><\/span>100% Legal na UE<\/div><div class=\"su-spoiler-content su-u-clearfix su-u-trim\">\n<div style=\"background-color: #eff5e6; padding: 12px 16px; font-size: 15px; color: #444;\"><span style=\"font-weight: 400;\">Classificado como um produto alimentar nos Pa\u00edses Baixos e em conformidade com a legisla\u00e7\u00e3o da UE<\/span><\/div>\n<\/div><\/div>\n<div class=\"su-spoiler su-spoiler-style-default su-spoiler-icon-plus su-spoiler-closed\" data-scroll-offset=\"0\" data-anchor-in-url=\"no\"><div class=\"su-spoiler-title\" tabindex=\"0\" role=\"button\"><span class=\"su-spoiler-icon\"><\/span>Cultivo biol\u00f3gico<\/div><div class=\"su-spoiler-content su-u-clearfix su-u-trim\">\n<div style=\"background-color: #eff5e6; padding: 12px 16px; font-size: 15px; color: #444;\">Cultivo subterr\u00e2neo segundo m\u00e9todos biol\u00f3gicos, sem pesticidas nem aditivos de s\u00edntese<\/div>\n<\/div><\/div>\n<div class=\"su-spoiler su-spoiler-style-default su-spoiler-icon-plus su-spoiler-closed\" data-scroll-offset=\"0\" data-anchor-in-url=\"no\"><div class=\"su-spoiler-title\" tabindex=\"0\" role=\"button\"><span class=\"su-spoiler-icon\"><\/span>Testado e seguro para alimentos<\/div><div class=\"su-spoiler-content su-u-clearfix su-u-trim\">\n<div style=\"background-color: #eff5e6; padding: 12px 16px; font-size: 15px; color: #444;\"><span style=\"font-weight: 400;\">Embalado de acordo com as normas de seguran\u00e7a alimentar neerlandesas<\/span><\/div>\n<\/div><\/div>\n<div class=\"su-spoiler su-spoiler-style-default su-spoiler-icon-plus su-spoiler-closed\" data-scroll-offset=\"0\" data-anchor-in-url=\"no\"><div class=\"su-spoiler-title\" tabindex=\"0\" role=\"button\"><span class=\"su-spoiler-icon\"><\/span>Longo prazo de validade<\/div><div class=\"su-spoiler-content su-u-clearfix su-u-trim\">\n<div style=\"background-color: #eff5e6; padding: 12px 16px; font-size: 15px; color: #444;\"><span style=\"font-weight: 400;\">Conserva-se fresco durante 2-3 meses quando refrigerado<\/span><\/div>\n<\/div><\/div>\n<div class=\"su-spoiler su-spoiler-style-default su-spoiler-icon-plus su-spoiler-closed\" data-scroll-offset=\"0\" data-anchor-in-url=\"no\"><div class=\"su-spoiler-title\" tabindex=\"0\" role=\"button\"><span class=\"su-spoiler-icon\"><\/span>Confiado por utilizadores experientes<\/div><div class=\"su-spoiler-content su-u-clearfix su-u-trim\">\n<div style=\"background-color: #eff5e6; padding: 12px 16px; font-size: 15px; color: #444;\">Escolhido <span style=\"font-weight: 400;\">por psiconautas de todo o mundo para profundidade emocional e experi\u00eancias de pico<\/span><\/div>\n<\/div><\/div>\n<div class=\"su-spoiler su-spoiler-style-default su-spoiler-icon-plus su-spoiler-closed\" data-scroll-offset=\"0\" data-anchor-in-url=\"no\"><div class=\"su-spoiler-title\" tabindex=\"0\" role=\"button\"><span class=\"su-spoiler-icon\"><\/span>Flex\u00edvel e f\u00e1cil de transportar<\/div><div class=\"su-spoiler-content su-u-clearfix su-u-trim\">\n<div style=\"background-color: #eff5e6; padding: 12px 16px; font-size: 15px; color: #444;\"><span style=\"font-weight: 400;\">Consumir cru, fazer ch\u00e1 ou misturar nos alimentos<\/span><\/div>\n<\/div><\/div>\n<\/div>\n<div style=\"margin-top: 20px; background-color: #eff5e6; padding: 16px; border-radius: 8px; border: 1px solid #dbeac7; font-family: Montserrat, sans-serif; font-size: 14px;\">\n<h3><strong>Notas-chave (ler atentamente):<\/strong><\/h3>\n<ul style=\"margin: 10px 0 0 20px;\">\n<li>N\u00e3o consumir trufas psicad\u00e9licas se for mentalmente inst\u00e1vel, se estiver muito ansioso ou se tiver antecedentes pessoais ou familiares de psicose.<\/li>\n<li>Evitar durante a gravidez, com menos de 18 anos ou se estiver a tomar antidepressivos\/antipsic\u00f3ticos.<\/li>\n<li>Tomar apenas num ambiente seguro e tranquilo. Viajar sempre de forma respons\u00e1vel - de prefer\u00eancia com uma pessoa s\u00f3bria.<\/li>\n<li>Estas trufas s\u00e3o legais nos Pa\u00edses Baixos e aprovadas como produto alimentar.<\/li>\n<li>Transporte mar\u00edtimo legal em toda a UE ao abrigo do Regulamento de Reconhecimento M\u00fatuo de Mercadorias.<\/li>\n<\/ul>\n<\/div>","protected":false},"excerpt":{"rendered":"<p>For the seasoned psychonaut, these potent truffles deliver deep visuals and intense inner journeys. \u2705 25 grams of fresh magic [&hellip;]<\/p>\n","protected":false},"featured_media":632469,"comment_status":"open","ping_status":"closed","template":"","meta":{"site-sidebar-layout":"default","site-content-layout":"default","ast-site-content-layout":"default","site-content-style":"default","site-sidebar-style":"default","ast-global-header-display":"","ast-banner-title-visibility":"","ast-main-header-display":"","ast-hfb-above-header-display":"","ast-hfb-below-header-display":"","ast-hfb-mobile-header-display":"","site-post-title":"","ast-breadcrumbs-content":"","ast-featured-img":"","footer-sml-layout":"","ast-disable-related-posts":"","theme-transparent-header-meta":"default","adv-header-id-meta":"","stick-header-meta":"","header-above-stick-meta":"","header-main-stick-meta":"","header-below-stick-meta":"","astra-migrate-meta-layouts":"set","ast-page-background-enabled":"default","ast-page-background-meta":{"desktop":{"background-color":"","background-image":"","background-repeat":"repeat","background-position":"center center","background-size":"auto","background-attachment":"scroll","background-type":"","background-media":"","overlay-type":"","overlay-color":"","overlay-opacity":"","overlay-gradient":""},"tablet":{"background-color":"","background-image":"","background-repeat":"repeat","background-position":"center center","background-size":"auto","background-attachment":"scroll","background-type":"","background-media":"","overlay-type":"","overlay-color":"","overlay-opacity":"","overlay-gradient":""},"mobile":{"background-color":"","background-image":"","background-repeat":"repeat","background-position":"center center","background-size":"auto","background-attachment":"scroll","background-type":"","background-media":"","overlay-type":"","overlay-color":"","overlay-opacity":"","overlay-gradient":""}},"ast-content-background-meta":{"desktop":{"background-color":"var(--ast-global-color-5)","background-image":"","background-repeat":"repeat","background-position":"center center","background-size":"auto","background-attachment":"scroll","background-type":"","background-media":"","overlay-type":"","overlay-color":"","overlay-opacity":"","overlay-gradient":""},"tablet":{"background-color":"var(--ast-global-color-5)","background-image":"","background-repeat":"repeat","background-position":"center center","background-size":"auto","background-attachment":"scroll","background-type":"","background-media":"","overlay-type":"","overlay-color":"","overlay-opacity":"","overlay-gradient":""},"mobile":{"background-color":"var(--ast-global-color-5)","background-image":"","background-repeat":"repeat","background-position":"center center","background-size":"auto","background-attachment":"scroll","background-type":"","background-media":"","overlay-type":"","overlay-color":"","overlay-opacity":"","overlay-gradient":""}}},"product_brand":[128],"product_cat":[92,109,112],"product_tag":[],"class_list":{"0":"post-632467","1":"product","2":"type-product","3":"status-publish","4":"has-post-thumbnail","6":"product_brand-mcsmart","7":"product_cat-macrodosing","8":"product_cat-magic-truffles","9":"product_cat-mcsmart","10":"product_shipping_class-brievenbus-pakje","11":"desktop-align-center","12":"tablet-align-left","13":"mobile-align-left","15":"first","16":"instock","17":"taxable","18":"shipping-taxable","19":"purchasable","20":"product-type-simple"},"yoast_head":"<!-- This site is optimized with the Yoast SEO plugin v27.3 - https:\/\/yoast.com\/product\/yoast-seo-wordpress\/ -->\n<title>Buy High Hawaiians Truffles for vivid visuals and depth<\/title>\n<meta name=\"description\" content=\"Discover High Hawaiians Magic Truffles, the strongest strain available. Organically grown, food-safety approved and shipped across Europe by Primal Focus.\" \/>\n<meta name=\"robots\" content=\"index, follow, max-snippet:-1, max-image-preview:large, max-video-preview:-1\" \/>\n<link rel=\"canonical\" href=\"https:\/\/primalfocus.eu\/pt\/trufas-magicas-alto-havaianas\/\" \/>\n<meta property=\"og:locale\" content=\"pt_PT\" \/>\n<meta property=\"og:type\" content=\"article\" \/>\n<meta property=\"og:title\" content=\"Buy High Hawaiians Truffles for vivid visuals and depth\" \/>\n<meta property=\"og:description\" content=\"Discover High Hawaiians Magic Truffles, the strongest strain available. Organically grown, food-safety approved and shipped across Europe by Primal Focus.\" \/>\n<meta property=\"og:url\" content=\"https:\/\/primalfocus.eu\/pt\/trufas-magicas-alto-havaianas\/\" \/>\n<meta property=\"og:site_name\" content=\"Primal Focus\" \/>\n<meta property=\"article:publisher\" content=\"https:\/\/www.facebook.com\/profile.php?id=61575377667059\" \/>\n<meta property=\"article:modified_time\" content=\"2026-04-03T11:15:05+00:00\" \/>\n<meta property=\"og:image\" content=\"https:\/\/primalfocus.eu\/wp-content\/uploads\/2025\/02\/High-Hawaiians-open-1.webp\" \/>\n\t<meta property=\"og:image:width\" content=\"1000\" \/>\n\t<meta property=\"og:image:height\" content=\"1000\" \/>\n\t<meta property=\"og:image:type\" content=\"image\/webp\" \/>\n<meta name=\"twitter:card\" content=\"summary_large_image\" \/>\n<meta name=\"twitter:site\" content=\"@primalfocus_eu\" \/>\n<meta name=\"twitter:label1\" content=\"Tempo estimado de leitura\" \/>\n\t<meta name=\"twitter:data1\" content=\"2 minutos\" \/>\n<script type=\"application\/ld+json\" class=\"yoast-schema-graph\">{\"@context\":\"https:\\\/\\\/schema.org\",\"@graph\":[{\"@type\":\"WebPage\",\"@id\":\"https:\\\/\\\/primalfocus.eu\\\/pt\\\/magic-truffles-high-hawaiians\\\/\",\"url\":\"https:\\\/\\\/primalfocus.eu\\\/pt\\\/magic-truffles-high-hawaiians\\\/\",\"name\":\"Buy High Hawaiians Truffles for vivid visuals and depth\",\"isPartOf\":{\"@id\":\"https:\\\/\\\/primalfocus.eu\\\/pt\\\/#website\"},\"primaryImageOfPage\":{\"@id\":\"https:\\\/\\\/primalfocus.eu\\\/pt\\\/magic-truffles-high-hawaiians\\\/#primaryimage\"},\"image\":{\"@id\":\"https:\\\/\\\/primalfocus.eu\\\/pt\\\/magic-truffles-high-hawaiians\\\/#primaryimage\"},\"thumbnailUrl\":\"https:\\\/\\\/primalfocus.eu\\\/wp-content\\\/uploads\\\/2025\\\/02\\\/High-Hawaiians-open-1.webp\",\"datePublished\":\"2025-03-02T23:00:53+00:00\",\"dateModified\":\"2026-04-03T11:15:05+00:00\",\"description\":\"Discover High Hawaiians Magic Truffles, the strongest strain available. Organically grown, food-safety approved and shipped across Europe by Primal Focus.\",\"breadcrumb\":{\"@id\":\"https:\\\/\\\/primalfocus.eu\\\/pt\\\/magic-truffles-high-hawaiians\\\/#breadcrumb\"},\"inLanguage\":\"pt-PT\",\"potentialAction\":[{\"@type\":\"ReadAction\",\"target\":[\"https:\\\/\\\/primalfocus.eu\\\/pt\\\/magic-truffles-high-hawaiians\\\/\"]}]},{\"@type\":\"ImageObject\",\"inLanguage\":\"pt-PT\",\"@id\":\"https:\\\/\\\/primalfocus.eu\\\/pt\\\/magic-truffles-high-hawaiians\\\/#primaryimage\",\"url\":\"https:\\\/\\\/primalfocus.eu\\\/wp-content\\\/uploads\\\/2025\\\/02\\\/High-Hawaiians-open-1.webp\",\"contentUrl\":\"https:\\\/\\\/primalfocus.eu\\\/wp-content\\\/uploads\\\/2025\\\/02\\\/High-Hawaiians-open-1.webp\",\"width\":1000,\"height\":1000,\"caption\":\"High Hawaiians open 1\"},{\"@type\":\"BreadcrumbList\",\"@id\":\"https:\\\/\\\/primalfocus.eu\\\/pt\\\/magic-truffles-high-hawaiians\\\/#breadcrumb\",\"itemListElement\":[{\"@type\":\"ListItem\",\"position\":1,\"name\":\"Home\",\"item\":\"https:\\\/\\\/primalfocus.eu\\\/\"},{\"@type\":\"ListItem\",\"position\":2,\"name\":\"Shop\",\"item\":\"https:\\\/\\\/primalfocus.eu\\\/products\\\/\"},{\"@type\":\"ListItem\",\"position\":3,\"name\":\"Macrodosing\",\"item\":\"https:\\\/\\\/primalfocus.eu\\\/macrodosing\\\/\"},{\"@type\":\"ListItem\",\"position\":4,\"name\":\"Magic Truffles\",\"item\":\"https:\\\/\\\/primalfocus.eu\\\/magic-truffles\\\/\"},{\"@type\":\"ListItem\",\"position\":5,\"name\":\"High Hawaiians Truffles (25g)\"}]},{\"@type\":\"WebSite\",\"@id\":\"https:\\\/\\\/primalfocus.eu\\\/pt\\\/#website\",\"url\":\"https:\\\/\\\/primalfocus.eu\\\/pt\\\/\",\"name\":\"Primal Focus\",\"description\":\"Buy legal psychedelics online\",\"publisher\":{\"@id\":\"https:\\\/\\\/primalfocus.eu\\\/pt\\\/#organization\"},\"potentialAction\":[{\"@type\":\"SearchAction\",\"target\":{\"@type\":\"EntryPoint\",\"urlTemplate\":\"https:\\\/\\\/primalfocus.eu\\\/pt\\\/?s={search_term_string}\"},\"query-input\":{\"@type\":\"PropertyValueSpecification\",\"valueRequired\":true,\"valueName\":\"search_term_string\"}}],\"inLanguage\":\"pt-PT\"},{\"@type\":\"Organization\",\"@id\":\"https:\\\/\\\/primalfocus.eu\\\/pt\\\/#organization\",\"name\":\"Primal Focus\",\"alternateName\":\"primalfocus.eu\",\"url\":\"https:\\\/\\\/primalfocus.eu\\\/pt\\\/\",\"logo\":{\"@type\":\"ImageObject\",\"inLanguage\":\"pt-PT\",\"@id\":\"https:\\\/\\\/primalfocus.eu\\\/pt\\\/#\\\/schema\\\/logo\\\/image\\\/\",\"url\":\"https:\\\/\\\/primalfocus.eu\\\/wp-content\\\/uploads\\\/2025\\\/11\\\/primal-focus-logo-header.svg\",\"contentUrl\":\"https:\\\/\\\/primalfocus.eu\\\/wp-content\\\/uploads\\\/2025\\\/11\\\/primal-focus-logo-header.svg\",\"caption\":\"Primal Focus\"},\"image\":{\"@id\":\"https:\\\/\\\/primalfocus.eu\\\/pt\\\/#\\\/schema\\\/logo\\\/image\\\/\"},\"sameAs\":[\"https:\\\/\\\/www.facebook.com\\\/profile.php?id=61575377667059\",\"https:\\\/\\\/x.com\\\/primalfocus_eu\",\"https:\\\/\\\/www.instagram.com\\\/primalfocus.store\\\/\"]}]}<\/script>\n<!-- \/ Yoast SEO plugin. -->","yoast_head_json":{"title":"Comprar Trufas do Havai para obter imagens vivas e profundidade","description":"Descobre a High Hawaiians Magic Truffles, a variedade mais forte dispon\u00edvel. Cultivada organicamente, aprovada em termos de seguran\u00e7a alimentar e enviada para toda a Europa pela Primal Focus.","robots":{"index":"index","follow":"follow","max-snippet":"max-snippet:-1","max-image-preview":"max-image-preview:large","max-video-preview":"max-video-preview:-1"},"canonical":"https:\/\/primalfocus.eu\/pt\/trufas-magicas-alto-havaianas\/","og_locale":"pt_PT","og_type":"article","og_title":"Buy High Hawaiians Truffles for vivid visuals and depth","og_description":"Discover High Hawaiians Magic Truffles, the strongest strain available. Organically grown, food-safety approved and shipped across Europe by Primal Focus.","og_url":"https:\/\/primalfocus.eu\/pt\/trufas-magicas-alto-havaianas\/","og_site_name":"Primal Focus","article_publisher":"https:\/\/www.facebook.com\/profile.php?id=61575377667059","article_modified_time":"2026-04-03T11:15:05+00:00","og_image":[{"width":1000,"height":1000,"url":"https:\/\/primalfocus.eu\/wp-content\/uploads\/2025\/02\/High-Hawaiians-open-1.webp","type":"image\/webp"}],"twitter_card":"summary_large_image","twitter_site":"@primalfocus_eu","twitter_misc":{"Tempo estimado de leitura":"2 minutos"},"schema":{"@context":"https:\/\/schema.org","@graph":[{"@type":"WebPage","@id":"https:\/\/primalfocus.eu\/pt\/magic-truffles-high-hawaiians\/","url":"https:\/\/primalfocus.eu\/pt\/magic-truffles-high-hawaiians\/","name":"Comprar Trufas do Havai para obter imagens vivas e profundidade","isPartOf":{"@id":"https:\/\/primalfocus.eu\/pt\/#website"},"primaryImageOfPage":{"@id":"https:\/\/primalfocus.eu\/pt\/magic-truffles-high-hawaiians\/#primaryimage"},"image":{"@id":"https:\/\/primalfocus.eu\/pt\/magic-truffles-high-hawaiians\/#primaryimage"},"thumbnailUrl":"https:\/\/primalfocus.eu\/wp-content\/uploads\/2025\/02\/High-Hawaiians-open-1.webp","datePublished":"2025-03-02T23:00:53+00:00","dateModified":"2026-04-03T11:15:05+00:00","description":"Descobre a High Hawaiians Magic Truffles, a variedade mais forte dispon\u00edvel. Cultivada organicamente, aprovada em termos de seguran\u00e7a alimentar e enviada para toda a Europa pela Primal Focus.","breadcrumb":{"@id":"https:\/\/primalfocus.eu\/pt\/magic-truffles-high-hawaiians\/#breadcrumb"},"inLanguage":"pt-PT","potentialAction":[{"@type":"ReadAction","target":["https:\/\/primalfocus.eu\/pt\/magic-truffles-high-hawaiians\/"]}]},{"@type":"ImageObject","inLanguage":"pt-PT","@id":"https:\/\/primalfocus.eu\/pt\/magic-truffles-high-hawaiians\/#primaryimage","url":"https:\/\/primalfocus.eu\/wp-content\/uploads\/2025\/02\/High-Hawaiians-open-1.webp","contentUrl":"https:\/\/primalfocus.eu\/wp-content\/uploads\/2025\/02\/High-Hawaiians-open-1.webp","width":1000,"height":1000,"caption":"High Hawaiians open 1"},{"@type":"BreadcrumbList","@id":"https:\/\/primalfocus.eu\/pt\/magic-truffles-high-hawaiians\/#breadcrumb","itemListElement":[{"@type":"ListItem","position":1,"name":"Home","item":"https:\/\/primalfocus.eu\/"},{"@type":"ListItem","position":2,"name":"Shop","item":"https:\/\/primalfocus.eu\/products\/"},{"@type":"ListItem","position":3,"name":"Macrodosing","item":"https:\/\/primalfocus.eu\/macrodosing\/"},{"@type":"ListItem","position":4,"name":"Magic Truffles","item":"https:\/\/primalfocus.eu\/magic-truffles\/"},{"@type":"ListItem","position":5,"name":"High Hawaiians Truffles (25g)"}]},{"@type":"WebSite","@id":"https:\/\/primalfocus.eu\/pt\/#website","url":"https:\/\/primalfocus.eu\/pt\/","name":"Primal Focus","description":"Comprar psicad\u00e9licos legais online","publisher":{"@id":"https:\/\/primalfocus.eu\/pt\/#organization"},"potentialAction":[{"@type":"SearchAction","target":{"@type":"EntryPoint","urlTemplate":"https:\/\/primalfocus.eu\/pt\/?s={search_term_string}"},"query-input":{"@type":"PropertyValueSpecification","valueRequired":true,"valueName":"search_term_string"}}],"inLanguage":"pt-PT"},{"@type":"Organization","@id":"https:\/\/primalfocus.eu\/pt\/#organization","name":"Primal Focus","alternateName":"primalfocus.eu","url":"https:\/\/primalfocus.eu\/pt\/","logo":{"@type":"ImageObject","inLanguage":"pt-PT","@id":"https:\/\/primalfocus.eu\/pt\/#\/schema\/logo\/image\/","url":"https:\/\/primalfocus.eu\/wp-content\/uploads\/2025\/11\/primal-focus-logo-header.svg","contentUrl":"https:\/\/primalfocus.eu\/wp-content\/uploads\/2025\/11\/primal-focus-logo-header.svg","caption":"Primal Focus"},"image":{"@id":"https:\/\/primalfocus.eu\/pt\/#\/schema\/logo\/image\/"},"sameAs":["https:\/\/www.facebook.com\/profile.php?id=61575377667059","https:\/\/x.com\/primalfocus_eu","https:\/\/www.instagram.com\/primalfocus.store\/"]}]}},"jetpack_sharing_enabled":true,"_links":{"self":[{"href":"https:\/\/primalfocus.eu\/pt\/wp-json\/wp\/v2\/product\/632467","targetHints":{"allow":["GET"]}}],"collection":[{"href":"https:\/\/primalfocus.eu\/pt\/wp-json\/wp\/v2\/product"}],"about":[{"href":"https:\/\/primalfocus.eu\/pt\/wp-json\/wp\/v2\/types\/product"}],"replies":[{"embeddable":true,"href":"https:\/\/primalfocus.eu\/pt\/wp-json\/wp\/v2\/comments?post=632467"}],"wp:featuredmedia":[{"embeddable":true,"href":"https:\/\/primalfocus.eu\/pt\/wp-json\/wp\/v2\/media\/632469"}],"wp:attachment":[{"href":"https:\/\/primalfocus.eu\/pt\/wp-json\/wp\/v2\/media?parent=632467"}],"wp:term":[{"taxonomy":"product_brand","embeddable":true,"href":"https:\/\/primalfocus.eu\/pt\/wp-json\/wp\/v2\/product_brand?post=632467"},{"taxonomy":"product_cat","embeddable":true,"href":"https:\/\/primalfocus.eu\/pt\/wp-json\/wp\/v2\/product_cat?post=632467"},{"taxonomy":"product_tag","embeddable":true,"href":"https:\/\/primalfocus.eu\/pt\/wp-json\/wp\/v2\/product_tag?post=632467"}],"curies":[{"name":"wp","href":"https:\/\/api.w.org\/{rel}","templated":true}]}}