{"id":461818,"date":"2024-10-09T15:05:08","date_gmt":"2024-10-09T13:05:08","guid":{"rendered":"https:\/\/primalfocus.eu\/?post_type=product&#038;p=461818"},"modified":"2026-04-08T08:04:38","modified_gmt":"2026-04-08T06:04:38","slug":"capsulas-de-chaga","status":"publish","type":"product","link":"https:\/\/primalfocus.eu\/pt\/chaga-capsules\/","title":{"rendered":"C\u00e1psulas de chaga"},"content":{"rendered":"<p>Experimente o apoio imunit\u00e1rio natural do cora\u00e7\u00e3o da floresta com as C\u00e1psulas de Cogumelo Chaga da Primal Focus. Conhecido pelo seu rico perfil antioxidante e propriedades de refor\u00e7o imunit\u00e1rio, o Chaga ajuda-o a criar uma resist\u00eancia duradoura contra o stress e a fadiga. Cada c\u00e1psula cont\u00e9m extrato de Chaga puro, colhido na natureza, fornecendo um dos cogumelos adaptog\u00e9nicos mais poderosos da natureza na sua forma mais limpa.<\/p>\n<div style=\"background-color: #eff5e6; padding: 20px; border-radius: 12px; font-family: Montserrat, sans-serif; font-size: 15px; color: #333; line-height: 1.6;\">\n<ul style=\"list-style: none; padding: 0; margin: 0;\">\n<li style=\"margin-bottom: 8px;\">\u2705 <strong>90 c\u00e1psulas por saqueta<\/strong> (1-3 meses de fornecimento)<\/li>\n<li style=\"margin-bottom: 8px;\">\u2705 <strong>100% Org\u00e2nico<\/strong> &amp; feito de Chaga colhida na natureza<\/li>\n<li style=\"margin-bottom: 8px;\">\u2705 <strong>Apenas o corpo de frutifica\u00e7\u00e3o<\/strong> - sem cereais, sem enchimento<\/li>\n<\/ul>\n<\/div>\n<p>&nbsp;<\/p>\n<div class=\"su-accordion su-u-trim custom-chaga-description\">\n<div class=\"su-spoiler su-spoiler-style-fancy su-spoiler-icon-plus su-spoiler-closed\" data-scroll-offset=\"0\" data-anchor-in-url=\"no\"><div class=\"su-spoiler-title\" tabindex=\"0\" role=\"button\"><span class=\"su-spoiler-icon\"><\/span>O que \u00e9 o chaga?<\/div><div class=\"su-spoiler-content su-u-clearfix su-u-trim\">\n<div style=\"background-color: #eff5e6; padding: 16px; font-size: 15px; font-family: Montserrat, sans-serif; color: #444; line-height: 1.6;\">\n<p>Chaga (<em>Inonotus obliquus<\/em>) \u00e9 um cogumelo medicinal que cresce em b\u00e9tulas em regi\u00f5es frias como a Sib\u00e9ria, o Canad\u00e1 e o norte da Europa. Por fora, parece madeira carbonizada, mas por dentro cont\u00e9m uma densa concentra\u00e7\u00e3o de antioxidantes, beta-glucanos e outros compostos activos que apoiam a sa\u00fade imunit\u00e1ria e a vitalidade a longo prazo. Tradicionalmente utilizado na medicina herbal russa e n\u00f3rdica, o chaga \u00e9 agora reconhecido mundialmente como um dos mais potentes adaptog\u00e9nios naturais.<\/p>\n<\/div>\n<\/div><\/div>\n<div class=\"su-spoiler su-spoiler-style-fancy su-spoiler-icon-plus su-spoiler-closed\" data-scroll-offset=\"0\" data-anchor-in-url=\"no\"><div class=\"su-spoiler-title\" tabindex=\"0\" role=\"button\"><span class=\"su-spoiler-icon\"><\/span>Porqu\u00ea utilizar o chaga?<\/div><div class=\"su-spoiler-content su-u-clearfix su-u-trim\">\n<div style=\"background-color: #eff5e6; padding: 16px; font-size: 15px; font-family: Montserrat, sans-serif; color: #444; line-height: 1.6;\">\n<p>O chaga \u00e9 mais conhecido pelas suas propriedades de apoio imunit\u00e1rio, ajudando o corpo a manter-se resistente durante per\u00edodos de stress ou doen\u00e7a. Os seus n\u00edveis naturalmente elevados de antioxidantes e beta-glucanos ajudam a reduzir a inflama\u00e7\u00e3o, a combater a fadiga e a promover uma resposta imunit\u00e1ria equilibrada. A utiliza\u00e7\u00e3o regular pode apoiar o bem-estar geral, aumentar a energia e ajud\u00e1-lo a sentir-se mais forte e mais centrado ao longo do dia.<\/p>\n<\/div>\n<\/div><\/div>\n<div class=\"su-spoiler su-spoiler-style-fancy su-spoiler-icon-plus su-spoiler-closed\" data-scroll-offset=\"0\" data-anchor-in-url=\"no\"><div class=\"su-spoiler-title\" tabindex=\"0\" role=\"button\"><span class=\"su-spoiler-icon\"><\/span>Quem deve consumir chaga?<\/div><div class=\"su-spoiler-content su-u-clearfix su-u-trim\">\n<div style=\"background-color: #eff5e6; padding: 16px; font-size: 15px; font-family: Montserrat, sans-serif; color: #444; line-height: 1.6;\">\n<p>O chaga \u00e9 ideal para quem procura refor\u00e7ar as suas defesas naturais e manter uma energia est\u00e1vel. \u00c9 especialmente indicado para:<\/p>\n<ul>\n<li>Pessoas que procuram apoiar a fun\u00e7\u00e3o imunit\u00e1ria de forma natural<\/li>\n<li>Pessoas com estilos de vida ocupados ou stressantes que necessitam de apoio di\u00e1rio<\/li>\n<li>Indiv\u00edduos a recuperar de uma doen\u00e7a ou a tentar evitar o esgotamento<\/li>\n<\/ul>\n<\/div>\n<\/div><\/div>\n<div class=\"su-spoiler su-spoiler-style-fancy su-spoiler-icon-plus su-spoiler-closed\" data-scroll-offset=\"0\" data-anchor-in-url=\"no\"><div class=\"su-spoiler-title\" tabindex=\"0\" role=\"button\"><span class=\"su-spoiler-icon\"><\/span>O que cont\u00e9m as nossas c\u00e1psulas?<\/div><div class=\"su-spoiler-content su-u-clearfix su-u-trim\">\n<div style=\"background-color: #eff5e6; padding: 16px; font-size: 15px; font-family: Montserrat, sans-serif; color: #444; line-height: 1.6;\">\n<p>Cada c\u00e1psula cont\u00e9m 100% de extrato puro de chaga proveniente apenas do corpo de frutifica\u00e7\u00e3o, sem gr\u00e3os, amidos ou aditivos. O nosso processo de extra\u00e7\u00e3o dupla preserva todo o espetro de compostos activos, incluindo os beta-glucanos sol\u00faveis em \u00e1gua e os antioxidantes sol\u00faveis em \u00e1lcool. O resultado \u00e9 um suplemento limpo e concentrado em c\u00e1psulas veganas que fornecem sempre uma for\u00e7a consistente e fi\u00e1vel.<\/p>\n<\/div>\n<\/div><\/div>\n<\/div>\n<div style=\"margin-top: 20px; background-color: #eff5e6; padding: 16px; border-radius: 8px; border: 1px solid #dbeac7; font-family: Montserrat, sans-serif; font-size: 14px;\">\n<h2>Notas-chave (ler atentamente)<\/h2>\n<ul>\n<li>N\u00e3o utilizar durante a gravidez ou a amamenta\u00e7\u00e3o<\/li>\n<li>Evitar em caso de alergia a cogumelos ou ao p\u00f3len de b\u00e9tula<\/li>\n<li>Seguro para uso di\u00e1rio; melhor tomar de manh\u00e3 ou \u00e0 tarde<\/li>\n<li>Consulte o seu m\u00e9dico se tiver doen\u00e7as auto-imunes ou se tomar anticoagulantes<\/li>\n<\/ul>\n<\/div>","protected":false},"excerpt":{"rendered":"<p>Experience natural immune support from the heart of the forest with Chaga Mushroom Capsules by Primal Focus. Known for its [&hellip;]<\/p>\n","protected":false},"featured_media":870318,"comment_status":"open","ping_status":"closed","template":"","meta":{"site-sidebar-layout":"default","site-content-layout":"default","ast-site-content-layout":"default","site-content-style":"default","site-sidebar-style":"default","ast-global-header-display":"","ast-banner-title-visibility":"","ast-main-header-display":"","ast-hfb-above-header-display":"","ast-hfb-below-header-display":"","ast-hfb-mobile-header-display":"","site-post-title":"","ast-breadcrumbs-content":"","ast-featured-img":"","footer-sml-layout":"","ast-disable-related-posts":"","theme-transparent-header-meta":"default","adv-header-id-meta":"","stick-header-meta":"","header-above-stick-meta":"","header-main-stick-meta":"","header-below-stick-meta":"","astra-migrate-meta-layouts":"set","ast-page-background-enabled":"default","ast-page-background-meta":{"desktop":{"background-color":"","background-image":"","background-repeat":"repeat","background-position":"center center","background-size":"auto","background-attachment":"scroll","background-type":"","background-media":"","overlay-type":"","overlay-color":"","overlay-opacity":"","overlay-gradient":""},"tablet":{"background-color":"","background-image":"","background-repeat":"repeat","background-position":"center center","background-size":"auto","background-attachment":"scroll","background-type":"","background-media":"","overlay-type":"","overlay-color":"","overlay-opacity":"","overlay-gradient":""},"mobile":{"background-color":"","background-image":"","background-repeat":"repeat","background-position":"center center","background-size":"auto","background-attachment":"scroll","background-type":"","background-media":"","overlay-type":"","overlay-color":"","overlay-opacity":"","overlay-gradient":""}},"ast-content-background-meta":{"desktop":{"background-color":"var(--ast-global-color-5)","background-image":"","background-repeat":"repeat","background-position":"center center","background-size":"auto","background-attachment":"scroll","background-type":"","background-media":"","overlay-type":"","overlay-color":"","overlay-opacity":"","overlay-gradient":""},"tablet":{"background-color":"var(--ast-global-color-5)","background-image":"","background-repeat":"repeat","background-position":"center center","background-size":"auto","background-attachment":"scroll","background-type":"","background-media":"","overlay-type":"","overlay-color":"","overlay-opacity":"","overlay-gradient":""},"mobile":{"background-color":"var(--ast-global-color-5)","background-image":"","background-repeat":"repeat","background-position":"center center","background-size":"auto","background-attachment":"scroll","background-type":"","background-media":"","overlay-type":"","overlay-color":"","overlay-opacity":"","overlay-gradient":""}}},"product_brand":[129],"product_cat":[108],"product_tag":[],"class_list":{"0":"post-461818","1":"product","2":"type-product","3":"status-publish","4":"has-post-thumbnail","6":"product_brand-primal-focus","7":"product_cat-functional-mushrooms","8":"product_shipping_class-brievenbus-pakje","9":"desktop-align-center","10":"tablet-align-left","11":"mobile-align-left","13":"first","14":"instock","15":"taxable","16":"shipping-taxable","17":"purchasable","18":"product-type-simple"},"yoast_head":"<!-- This site is optimized with the Yoast SEO plugin v27.3 - https:\/\/yoast.com\/product\/yoast-seo-wordpress\/ -->\n<title>Buy Chaga mushroom capsules for energy and immune balance<\/title>\n<meta name=\"description\" content=\"Discover pure Chaga mushroom benefits with Primal Focus. 100% fruiting body extract for energy, balance and protection. Organic, vegan and filler-free.\" \/>\n<meta name=\"robots\" content=\"index, follow, max-snippet:-1, max-image-preview:large, max-video-preview:-1\" \/>\n<link rel=\"canonical\" href=\"https:\/\/primalfocus.eu\/pt\/capsulas-de-chaga\/\" \/>\n<meta property=\"og:locale\" content=\"pt_PT\" \/>\n<meta property=\"og:type\" content=\"article\" \/>\n<meta property=\"og:title\" content=\"Buy Chaga mushroom capsules for energy and immune balance\" \/>\n<meta property=\"og:description\" content=\"Discover pure Chaga mushroom benefits with Primal Focus. 100% fruiting body extract for energy, balance and protection. Organic, vegan and filler-free.\" \/>\n<meta property=\"og:url\" content=\"https:\/\/primalfocus.eu\/pt\/capsulas-de-chaga\/\" \/>\n<meta property=\"og:site_name\" content=\"Primal Focus\" \/>\n<meta property=\"article:publisher\" content=\"https:\/\/www.facebook.com\/profile.php?id=61575377667059\" \/>\n<meta property=\"article:modified_time\" content=\"2026-04-08T06:04:38+00:00\" \/>\n<meta property=\"og:image\" content=\"https:\/\/primalfocus.eu\/wp-content\/uploads\/2024\/10\/Chaga-Capsules-primalfocus.eu_.webp\" \/>\n\t<meta property=\"og:image:width\" content=\"1080\" \/>\n\t<meta property=\"og:image:height\" content=\"1080\" \/>\n\t<meta property=\"og:image:type\" content=\"image\/webp\" \/>\n<meta name=\"twitter:card\" content=\"summary_large_image\" \/>\n<meta name=\"twitter:site\" content=\"@primalfocus_eu\" \/>\n<meta name=\"twitter:label1\" content=\"Tempo estimado de leitura\" \/>\n\t<meta name=\"twitter:data1\" content=\"2 minutos\" \/>\n<script type=\"application\/ld+json\" class=\"yoast-schema-graph\">{\"@context\":\"https:\\\/\\\/schema.org\",\"@graph\":[{\"@type\":\"WebPage\",\"@id\":\"https:\\\/\\\/primalfocus.eu\\\/pt\\\/chaga-capsules\\\/\",\"url\":\"https:\\\/\\\/primalfocus.eu\\\/pt\\\/chaga-capsules\\\/\",\"name\":\"Buy Chaga mushroom capsules for energy and immune balance\",\"isPartOf\":{\"@id\":\"https:\\\/\\\/primalfocus.eu\\\/pt\\\/#website\"},\"primaryImageOfPage\":{\"@id\":\"https:\\\/\\\/primalfocus.eu\\\/pt\\\/chaga-capsules\\\/#primaryimage\"},\"image\":{\"@id\":\"https:\\\/\\\/primalfocus.eu\\\/pt\\\/chaga-capsules\\\/#primaryimage\"},\"thumbnailUrl\":\"https:\\\/\\\/primalfocus.eu\\\/wp-content\\\/uploads\\\/2024\\\/10\\\/Chaga-Capsules-primalfocus.eu_.webp\",\"datePublished\":\"2024-10-09T13:05:08+00:00\",\"dateModified\":\"2026-04-08T06:04:38+00:00\",\"description\":\"Discover pure Chaga mushroom benefits with Primal Focus. 100% fruiting body extract for energy, balance and protection. Organic, vegan and filler-free.\",\"breadcrumb\":{\"@id\":\"https:\\\/\\\/primalfocus.eu\\\/pt\\\/chaga-capsules\\\/#breadcrumb\"},\"inLanguage\":\"pt-PT\",\"potentialAction\":[{\"@type\":\"ReadAction\",\"target\":[\"https:\\\/\\\/primalfocus.eu\\\/pt\\\/chaga-capsules\\\/\"]}]},{\"@type\":\"ImageObject\",\"inLanguage\":\"pt-PT\",\"@id\":\"https:\\\/\\\/primalfocus.eu\\\/pt\\\/chaga-capsules\\\/#primaryimage\",\"url\":\"https:\\\/\\\/primalfocus.eu\\\/wp-content\\\/uploads\\\/2024\\\/10\\\/Chaga-Capsules-primalfocus.eu_.webp\",\"contentUrl\":\"https:\\\/\\\/primalfocus.eu\\\/wp-content\\\/uploads\\\/2024\\\/10\\\/Chaga-Capsules-primalfocus.eu_.webp\",\"width\":1080,\"height\":1080,\"caption\":\"Chaga Capsules primalfocus.eu\"},{\"@type\":\"BreadcrumbList\",\"@id\":\"https:\\\/\\\/primalfocus.eu\\\/pt\\\/chaga-capsules\\\/#breadcrumb\",\"itemListElement\":[{\"@type\":\"ListItem\",\"position\":1,\"name\":\"Home\",\"item\":\"https:\\\/\\\/primalfocus.eu\\\/\"},{\"@type\":\"ListItem\",\"position\":2,\"name\":\"Shop\",\"item\":\"https:\\\/\\\/primalfocus.eu\\\/products\\\/\"},{\"@type\":\"ListItem\",\"position\":3,\"name\":\"Functional Mushrooms\",\"item\":\"https:\\\/\\\/primalfocus.eu\\\/functional-mushrooms\\\/\"},{\"@type\":\"ListItem\",\"position\":4,\"name\":\"Chaga Capsules\"}]},{\"@type\":\"WebSite\",\"@id\":\"https:\\\/\\\/primalfocus.eu\\\/pt\\\/#website\",\"url\":\"https:\\\/\\\/primalfocus.eu\\\/pt\\\/\",\"name\":\"Primal Focus\",\"description\":\"Buy legal psychedelics online\",\"publisher\":{\"@id\":\"https:\\\/\\\/primalfocus.eu\\\/pt\\\/#organization\"},\"potentialAction\":[{\"@type\":\"SearchAction\",\"target\":{\"@type\":\"EntryPoint\",\"urlTemplate\":\"https:\\\/\\\/primalfocus.eu\\\/pt\\\/?s={search_term_string}\"},\"query-input\":{\"@type\":\"PropertyValueSpecification\",\"valueRequired\":true,\"valueName\":\"search_term_string\"}}],\"inLanguage\":\"pt-PT\"},{\"@type\":\"Organization\",\"@id\":\"https:\\\/\\\/primalfocus.eu\\\/pt\\\/#organization\",\"name\":\"Primal Focus\",\"alternateName\":\"primalfocus.eu\",\"url\":\"https:\\\/\\\/primalfocus.eu\\\/pt\\\/\",\"logo\":{\"@type\":\"ImageObject\",\"inLanguage\":\"pt-PT\",\"@id\":\"https:\\\/\\\/primalfocus.eu\\\/pt\\\/#\\\/schema\\\/logo\\\/image\\\/\",\"url\":\"https:\\\/\\\/primalfocus.eu\\\/wp-content\\\/uploads\\\/2025\\\/11\\\/primal-focus-logo-header.svg\",\"contentUrl\":\"https:\\\/\\\/primalfocus.eu\\\/wp-content\\\/uploads\\\/2025\\\/11\\\/primal-focus-logo-header.svg\",\"caption\":\"Primal Focus\"},\"image\":{\"@id\":\"https:\\\/\\\/primalfocus.eu\\\/pt\\\/#\\\/schema\\\/logo\\\/image\\\/\"},\"sameAs\":[\"https:\\\/\\\/www.facebook.com\\\/profile.php?id=61575377667059\",\"https:\\\/\\\/x.com\\\/primalfocus_eu\",\"https:\\\/\\\/www.instagram.com\\\/primalfocus.store\\\/\"]}]}<\/script>\n<!-- \/ Yoast SEO plugin. -->","yoast_head_json":{"title":"Comprar c\u00e1psulas de cogumelo Chaga para energia e equil\u00edbrio imunit\u00e1rio","description":"Descubra os benef\u00edcios do cogumelo Chaga puro com Primal Focus. Extrato do corpo de frutifica\u00e7\u00e3o 100% para energia, equil\u00edbrio e prote\u00e7\u00e3o. Org\u00e2nico, vegan e sem enchimento.","robots":{"index":"index","follow":"follow","max-snippet":"max-snippet:-1","max-image-preview":"max-image-preview:large","max-video-preview":"max-video-preview:-1"},"canonical":"https:\/\/primalfocus.eu\/pt\/capsulas-de-chaga\/","og_locale":"pt_PT","og_type":"article","og_title":"Buy Chaga mushroom capsules for energy and immune balance","og_description":"Discover pure Chaga mushroom benefits with Primal Focus. 100% fruiting body extract for energy, balance and protection. Organic, vegan and filler-free.","og_url":"https:\/\/primalfocus.eu\/pt\/capsulas-de-chaga\/","og_site_name":"Primal Focus","article_publisher":"https:\/\/www.facebook.com\/profile.php?id=61575377667059","article_modified_time":"2026-04-08T06:04:38+00:00","og_image":[{"width":1080,"height":1080,"url":"https:\/\/primalfocus.eu\/wp-content\/uploads\/2024\/10\/Chaga-Capsules-primalfocus.eu_.webp","type":"image\/webp"}],"twitter_card":"summary_large_image","twitter_site":"@primalfocus_eu","twitter_misc":{"Tempo estimado de leitura":"2 minutos"},"schema":{"@context":"https:\/\/schema.org","@graph":[{"@type":"WebPage","@id":"https:\/\/primalfocus.eu\/pt\/chaga-capsules\/","url":"https:\/\/primalfocus.eu\/pt\/chaga-capsules\/","name":"Comprar c\u00e1psulas de cogumelo Chaga para energia e equil\u00edbrio imunit\u00e1rio","isPartOf":{"@id":"https:\/\/primalfocus.eu\/pt\/#website"},"primaryImageOfPage":{"@id":"https:\/\/primalfocus.eu\/pt\/chaga-capsules\/#primaryimage"},"image":{"@id":"https:\/\/primalfocus.eu\/pt\/chaga-capsules\/#primaryimage"},"thumbnailUrl":"https:\/\/primalfocus.eu\/wp-content\/uploads\/2024\/10\/Chaga-Capsules-primalfocus.eu_.webp","datePublished":"2024-10-09T13:05:08+00:00","dateModified":"2026-04-08T06:04:38+00:00","description":"Descubra os benef\u00edcios do cogumelo Chaga puro com Primal Focus. Extrato do corpo de frutifica\u00e7\u00e3o 100% para energia, equil\u00edbrio e prote\u00e7\u00e3o. Org\u00e2nico, vegan e sem enchimento.","breadcrumb":{"@id":"https:\/\/primalfocus.eu\/pt\/chaga-capsules\/#breadcrumb"},"inLanguage":"pt-PT","potentialAction":[{"@type":"ReadAction","target":["https:\/\/primalfocus.eu\/pt\/chaga-capsules\/"]}]},{"@type":"ImageObject","inLanguage":"pt-PT","@id":"https:\/\/primalfocus.eu\/pt\/chaga-capsules\/#primaryimage","url":"https:\/\/primalfocus.eu\/wp-content\/uploads\/2024\/10\/Chaga-Capsules-primalfocus.eu_.webp","contentUrl":"https:\/\/primalfocus.eu\/wp-content\/uploads\/2024\/10\/Chaga-Capsules-primalfocus.eu_.webp","width":1080,"height":1080,"caption":"Chaga Capsules primalfocus.eu"},{"@type":"BreadcrumbList","@id":"https:\/\/primalfocus.eu\/pt\/chaga-capsules\/#breadcrumb","itemListElement":[{"@type":"ListItem","position":1,"name":"Home","item":"https:\/\/primalfocus.eu\/"},{"@type":"ListItem","position":2,"name":"Shop","item":"https:\/\/primalfocus.eu\/products\/"},{"@type":"ListItem","position":3,"name":"Functional Mushrooms","item":"https:\/\/primalfocus.eu\/functional-mushrooms\/"},{"@type":"ListItem","position":4,"name":"Chaga Capsules"}]},{"@type":"WebSite","@id":"https:\/\/primalfocus.eu\/pt\/#website","url":"https:\/\/primalfocus.eu\/pt\/","name":"Primal Focus","description":"Comprar psicad\u00e9licos legais online","publisher":{"@id":"https:\/\/primalfocus.eu\/pt\/#organization"},"potentialAction":[{"@type":"SearchAction","target":{"@type":"EntryPoint","urlTemplate":"https:\/\/primalfocus.eu\/pt\/?s={search_term_string}"},"query-input":{"@type":"PropertyValueSpecification","valueRequired":true,"valueName":"search_term_string"}}],"inLanguage":"pt-PT"},{"@type":"Organization","@id":"https:\/\/primalfocus.eu\/pt\/#organization","name":"Primal Focus","alternateName":"primalfocus.eu","url":"https:\/\/primalfocus.eu\/pt\/","logo":{"@type":"ImageObject","inLanguage":"pt-PT","@id":"https:\/\/primalfocus.eu\/pt\/#\/schema\/logo\/image\/","url":"https:\/\/primalfocus.eu\/wp-content\/uploads\/2025\/11\/primal-focus-logo-header.svg","contentUrl":"https:\/\/primalfocus.eu\/wp-content\/uploads\/2025\/11\/primal-focus-logo-header.svg","caption":"Primal Focus"},"image":{"@id":"https:\/\/primalfocus.eu\/pt\/#\/schema\/logo\/image\/"},"sameAs":["https:\/\/www.facebook.com\/profile.php?id=61575377667059","https:\/\/x.com\/primalfocus_eu","https:\/\/www.instagram.com\/primalfocus.store\/"]}]}},"jetpack_sharing_enabled":true,"_links":{"self":[{"href":"https:\/\/primalfocus.eu\/pt\/wp-json\/wp\/v2\/product\/461818","targetHints":{"allow":["GET"]}}],"collection":[{"href":"https:\/\/primalfocus.eu\/pt\/wp-json\/wp\/v2\/product"}],"about":[{"href":"https:\/\/primalfocus.eu\/pt\/wp-json\/wp\/v2\/types\/product"}],"replies":[{"embeddable":true,"href":"https:\/\/primalfocus.eu\/pt\/wp-json\/wp\/v2\/comments?post=461818"}],"wp:featuredmedia":[{"embeddable":true,"href":"https:\/\/primalfocus.eu\/pt\/wp-json\/wp\/v2\/media\/870318"}],"wp:attachment":[{"href":"https:\/\/primalfocus.eu\/pt\/wp-json\/wp\/v2\/media?parent=461818"}],"wp:term":[{"taxonomy":"product_brand","embeddable":true,"href":"https:\/\/primalfocus.eu\/pt\/wp-json\/wp\/v2\/product_brand?post=461818"},{"taxonomy":"product_cat","embeddable":true,"href":"https:\/\/primalfocus.eu\/pt\/wp-json\/wp\/v2\/product_cat?post=461818"},{"taxonomy":"product_tag","embeddable":true,"href":"https:\/\/primalfocus.eu\/pt\/wp-json\/wp\/v2\/product_tag?post=461818"}],"curies":[{"name":"wp","href":"https:\/\/api.w.org\/{rel}","templated":true}]}}