{"id":460111,"date":"2024-10-08T19:20:51","date_gmt":"2024-10-08T17:20:51","guid":{"rendered":"https:\/\/primalfocus.eu\/?post_type=product&#038;p=460111"},"modified":"2026-04-08T08:04:39","modified_gmt":"2026-04-08T06:04:39","slug":"capsulas-de-reishi","status":"publish","type":"product","link":"https:\/\/primalfocus.eu\/pt\/reishi-capsules\/","title":{"rendered":"C\u00e1psulas de Reishi"},"content":{"rendered":"<p>Encontre calma, equil\u00edbrio e bem-estar a longo prazo com as C\u00e1psulas de Cogumelo Reishi da Primal Focus. Conhecido como o \u201ccogumelo da imortalidade\u201d, o Reishi tem apoiado a sa\u00fade e a longevidade na medicina tradicional chinesa durante s\u00e9culos. As nossas c\u00e1psulas cont\u00eam um extrato puro e de alta pot\u00eancia feito a partir do corpo de frutifica\u00e7\u00e3o org\u00e2nico 100%, oferecendo apoio natural para o al\u00edvio do stress, melhor sono e resist\u00eancia imunit\u00e1ria.<\/p>\n<div style=\"background-color: #eff5e6; padding: 20px; border-radius: 12px; font-family: Montserrat, sans-serif; font-size: 15px; color: #333; line-height: 1.6;\">\n<ul style=\"list-style: none; padding: 0; margin: 0;\">\n<li style=\"margin-bottom: 8px;\">\u2705 <strong>90 c\u00e1psulas<\/strong> por saco (1-3 meses de fornecimento)<\/li>\n<li style=\"margin-bottom: 8px;\">\u2705 <strong>100% Org\u00e2nico<\/strong><\/li>\n<li style=\"margin-bottom: 8px;\">\u2705 <strong>Corpo frut\u00edfero puro<\/strong> apenas - sem enchimentos<\/li>\n<li style=\"margin-bottom: 8px;\">\u2705 <strong>Extrato de alta pot\u00eancia<\/strong> (30% polissac\u00e1ridos)<\/li>\n<li style=\"margin-bottom: 8px;\">\u2705 <strong>Vegan, n\u00e3o OGM, sem gl\u00faten<\/strong><\/li>\n<\/ul>\n<\/div>\n<p>&nbsp;<\/p>\n<div class=\"su-accordion su-u-trim custom-reishi-info\">\n<div class=\"su-spoiler su-spoiler-style-fancy su-spoiler-icon-plus su-spoiler-closed\" data-scroll-offset=\"0\" data-anchor-in-url=\"no\"><div class=\"su-spoiler-title\" tabindex=\"0\" role=\"button\"><span class=\"su-spoiler-icon\"><\/span>O que \u00e9 o Reishi?<\/div><div class=\"su-spoiler-content su-u-clearfix su-u-trim\">\n<div style=\"background-color: #eff5e6; padding: 16px; font-size: 15px; font-family: Montserrat, sans-serif; color: #444; line-height: 1.6;\">\n<p>Reishi (<em>Ganoderma lucidum<\/em>) \u00e9 um dos mais respeitados <a href=\"\/pt\/%e2%80%9dhttps%3a\/\/primalfocus.eu\/categoria-produto\/cogumelos-funcionais\/%e2%80%9d\/\">cogumelos<\/a> no herbalismo oriental. \u00c9 muitas vezes chamado o \u201ccogumelo da imortalidade\u201d devido \u00e0 sua longa hist\u00f3ria de utiliza\u00e7\u00e3o para o equil\u00edbrio, vitalidade e for\u00e7a imunit\u00e1ria. O Reishi funciona como um adaptog\u00e9nio, ajudando o corpo a adaptar-se ao stress e a manter a harmonia. Apoia o sistema nervoso, promove um sono melhor e refor\u00e7a a fun\u00e7\u00e3o imunit\u00e1ria ao longo do tempo.<\/p>\n<\/div>\n<\/div><\/div>\n<div class=\"su-spoiler su-spoiler-style-fancy su-spoiler-icon-plus su-spoiler-closed\" data-scroll-offset=\"0\" data-anchor-in-url=\"no\"><div class=\"su-spoiler-title\" tabindex=\"0\" role=\"button\"><span class=\"su-spoiler-icon\"><\/span>Os principais benef\u00edcios do Reishi<\/div><div class=\"su-spoiler-content su-u-clearfix su-u-trim\">\n<div style=\"background-color: #eff5e6; padding: 16px; font-size: 15px; font-family: Montserrat, sans-serif; color: #444; line-height: 1.6;\">\n<p>O suplemento de Reishi \u00e9 apreciado pela sua vasta gama de benef\u00edcios naturais. Ajuda o corpo e a mente a encontrar a calma enquanto refor\u00e7a o equil\u00edbrio interno. Os principais benef\u00edcios incluem:<\/p>\n<ul>\n<li><strong>Al\u00edvio do stress:<\/strong> ajuda a reduzir o cortisol e a acalmar o sistema nervoso<\/li>\n<li><strong>Apoio ao sono:<\/strong> favorece naturalmente um sono mais profundo e reparador<\/li>\n<li><strong>For\u00e7a imunit\u00e1ria:<\/strong> apoia a fun\u00e7\u00e3o imunit\u00e1ria e a resili\u00eancia a longo prazo<\/li>\n<\/ul>\n<\/div>\n<\/div><\/div>\n<div class=\"su-spoiler su-spoiler-style-fancy su-spoiler-icon-plus su-spoiler-closed\" data-scroll-offset=\"0\" data-anchor-in-url=\"no\"><div class=\"su-spoiler-title\" tabindex=\"0\" role=\"button\"><span class=\"su-spoiler-icon\"><\/span>Quem deve consumir Reishi?<\/div><div class=\"su-spoiler-content su-u-clearfix su-u-trim\">\n<div style=\"background-color: #eff5e6; padding: 16px; font-size: 15px; font-family: Montserrat, sans-serif; color: #444; line-height: 1.6;\">\n<p>O Reishi \u00e9 ideal para quem procura calma, equil\u00edbrio e sa\u00fade a longo prazo. \u00c9 especialmente adequado para pessoas que sofrem de stress, fadiga ou sono deficiente, e para aqueles que procuram apoiar o seu sistema imunit\u00e1rio de forma natural. O Reishi tamb\u00e9m \u00e9 popular entre as pessoas que valorizam o bem-estar hol\u00edstico e os cuidados preventivos.<\/p>\n<\/div>\n<\/div><\/div>\n<\/div>\n<p>&nbsp;<\/p>\n<div style=\"margin-top: 20px; background-color: #eff5e6; padding: 16px; border-radius: 8px; border: 1px solid #dbeac7; font-family: Montserrat, sans-serif; font-size: 14px;\">\n<h2>Notas-chave (ler atentamente)<\/h2>\n<ul>\n<li>N\u00e3o recomendado durante a gravidez ou amamenta\u00e7\u00e3o<\/li>\n<li>Consulte o seu m\u00e9dico se estiver a tomar medicamentos ou tiver uma doen\u00e7a<\/li>\n<li>Este produto n\u00e3o se destina a diagnosticar, tratar, curar ou prevenir qualquer doen\u00e7a<\/li>\n<li>Conservar em local fresco e seco, ao abrigo da luz solar<\/li>\n<li>Manter fora do alcance das crian\u00e7as<\/li>\n<li>Vegan e sem aditivos ou conservantes artificiais<\/li>\n<\/ul>\n<\/div>","protected":false},"excerpt":{"rendered":"<p>Find calm, balance and long-term wellbeing with Reishi Mushroom Capsules by Primal Focus. Known as the \u201cmushroom of immortality\u201d, Reishi [&hellip;]<\/p>\n","protected":false},"featured_media":870320,"comment_status":"open","ping_status":"closed","template":"","meta":{"site-sidebar-layout":"default","site-content-layout":"default","ast-site-content-layout":"default","site-content-style":"default","site-sidebar-style":"default","ast-global-header-display":"","ast-banner-title-visibility":"","ast-main-header-display":"","ast-hfb-above-header-display":"","ast-hfb-below-header-display":"","ast-hfb-mobile-header-display":"","site-post-title":"","ast-breadcrumbs-content":"","ast-featured-img":"","footer-sml-layout":"","ast-disable-related-posts":"","theme-transparent-header-meta":"default","adv-header-id-meta":"","stick-header-meta":"","header-above-stick-meta":"","header-main-stick-meta":"","header-below-stick-meta":"","astra-migrate-meta-layouts":"set","ast-page-background-enabled":"default","ast-page-background-meta":{"desktop":{"background-color":"","background-image":"","background-repeat":"repeat","background-position":"center center","background-size":"auto","background-attachment":"scroll","background-type":"","background-media":"","overlay-type":"","overlay-color":"","overlay-opacity":"","overlay-gradient":""},"tablet":{"background-color":"","background-image":"","background-repeat":"repeat","background-position":"center center","background-size":"auto","background-attachment":"scroll","background-type":"","background-media":"","overlay-type":"","overlay-color":"","overlay-opacity":"","overlay-gradient":""},"mobile":{"background-color":"","background-image":"","background-repeat":"repeat","background-position":"center center","background-size":"auto","background-attachment":"scroll","background-type":"","background-media":"","overlay-type":"","overlay-color":"","overlay-opacity":"","overlay-gradient":""}},"ast-content-background-meta":{"desktop":{"background-color":"var(--ast-global-color-5)","background-image":"","background-repeat":"repeat","background-position":"center center","background-size":"auto","background-attachment":"scroll","background-type":"","background-media":"","overlay-type":"","overlay-color":"","overlay-opacity":"","overlay-gradient":""},"tablet":{"background-color":"var(--ast-global-color-5)","background-image":"","background-repeat":"repeat","background-position":"center center","background-size":"auto","background-attachment":"scroll","background-type":"","background-media":"","overlay-type":"","overlay-color":"","overlay-opacity":"","overlay-gradient":""},"mobile":{"background-color":"var(--ast-global-color-5)","background-image":"","background-repeat":"repeat","background-position":"center center","background-size":"auto","background-attachment":"scroll","background-type":"","background-media":"","overlay-type":"","overlay-color":"","overlay-opacity":"","overlay-gradient":""}}},"product_brand":[129],"product_cat":[108],"product_tag":[],"class_list":{"0":"post-460111","1":"product","2":"type-product","3":"status-publish","4":"has-post-thumbnail","6":"product_brand-primal-focus","7":"product_cat-functional-mushrooms","8":"product_shipping_class-brievenbus-pakje","9":"desktop-align-center","10":"tablet-align-left","11":"mobile-align-left","13":"first","14":"instock","15":"taxable","16":"shipping-taxable","17":"purchasable","18":"product-type-simple"},"yoast_head":"<!-- This site is optimized with the Yoast SEO plugin v27.3 - https:\/\/yoast.com\/product\/yoast-seo-wordpress\/ -->\n<title>Reishi mushroom capsules: natural stress relief and immune support<\/title>\n<meta name=\"description\" content=\"Discover Reishi mushroom capsules by Primal Focus. Organic Reishi extract for better sleep and long-term immune balance. Vegan, non-GMO and filler-free.\" \/>\n<meta name=\"robots\" content=\"index, follow, max-snippet:-1, max-image-preview:large, max-video-preview:-1\" \/>\n<link rel=\"canonical\" href=\"https:\/\/primalfocus.eu\/pt\/capsulas-de-reishi\/\" \/>\n<meta property=\"og:locale\" content=\"pt_PT\" \/>\n<meta property=\"og:type\" content=\"article\" \/>\n<meta property=\"og:title\" content=\"Reishi mushroom capsules: natural stress relief and immune support\" \/>\n<meta property=\"og:description\" content=\"Discover Reishi mushroom capsules by Primal Focus. Organic Reishi extract for better sleep and long-term immune balance. Vegan, non-GMO and filler-free.\" \/>\n<meta property=\"og:url\" content=\"https:\/\/primalfocus.eu\/pt\/capsulas-de-reishi\/\" \/>\n<meta property=\"og:site_name\" content=\"Primal Focus\" \/>\n<meta property=\"article:publisher\" content=\"https:\/\/www.facebook.com\/profile.php?id=61575377667059\" \/>\n<meta property=\"article:modified_time\" content=\"2026-04-08T06:04:39+00:00\" \/>\n<meta property=\"og:image\" content=\"https:\/\/primalfocus.eu\/wp-content\/uploads\/2024\/10\/Reishi-Capsules-primalfocus.eu_.webp\" \/>\n\t<meta property=\"og:image:width\" content=\"1080\" \/>\n\t<meta property=\"og:image:height\" content=\"1080\" \/>\n\t<meta property=\"og:image:type\" content=\"image\/webp\" \/>\n<meta name=\"twitter:card\" content=\"summary_large_image\" \/>\n<meta name=\"twitter:site\" content=\"@primalfocus_eu\" \/>\n<meta name=\"twitter:label1\" content=\"Tempo estimado de leitura\" \/>\n\t<meta name=\"twitter:data1\" content=\"2 minutos\" \/>\n<script type=\"application\/ld+json\" class=\"yoast-schema-graph\">{\"@context\":\"https:\\\/\\\/schema.org\",\"@graph\":[{\"@type\":\"WebPage\",\"@id\":\"https:\\\/\\\/primalfocus.eu\\\/pt\\\/reishi-capsules\\\/\",\"url\":\"https:\\\/\\\/primalfocus.eu\\\/pt\\\/reishi-capsules\\\/\",\"name\":\"Reishi mushroom capsules: natural stress relief and immune support\",\"isPartOf\":{\"@id\":\"https:\\\/\\\/primalfocus.eu\\\/pt\\\/#website\"},\"primaryImageOfPage\":{\"@id\":\"https:\\\/\\\/primalfocus.eu\\\/pt\\\/reishi-capsules\\\/#primaryimage\"},\"image\":{\"@id\":\"https:\\\/\\\/primalfocus.eu\\\/pt\\\/reishi-capsules\\\/#primaryimage\"},\"thumbnailUrl\":\"https:\\\/\\\/primalfocus.eu\\\/wp-content\\\/uploads\\\/2024\\\/10\\\/Reishi-Capsules-primalfocus.eu_.webp\",\"datePublished\":\"2024-10-08T17:20:51+00:00\",\"dateModified\":\"2026-04-08T06:04:39+00:00\",\"description\":\"Discover Reishi mushroom capsules by Primal Focus. Organic Reishi extract for better sleep and long-term immune balance. Vegan, non-GMO and filler-free.\",\"breadcrumb\":{\"@id\":\"https:\\\/\\\/primalfocus.eu\\\/pt\\\/reishi-capsules\\\/#breadcrumb\"},\"inLanguage\":\"pt-PT\",\"potentialAction\":[{\"@type\":\"ReadAction\",\"target\":[\"https:\\\/\\\/primalfocus.eu\\\/pt\\\/reishi-capsules\\\/\"]}]},{\"@type\":\"ImageObject\",\"inLanguage\":\"pt-PT\",\"@id\":\"https:\\\/\\\/primalfocus.eu\\\/pt\\\/reishi-capsules\\\/#primaryimage\",\"url\":\"https:\\\/\\\/primalfocus.eu\\\/wp-content\\\/uploads\\\/2024\\\/10\\\/Reishi-Capsules-primalfocus.eu_.webp\",\"contentUrl\":\"https:\\\/\\\/primalfocus.eu\\\/wp-content\\\/uploads\\\/2024\\\/10\\\/Reishi-Capsules-primalfocus.eu_.webp\",\"width\":1080,\"height\":1080,\"caption\":\"Reishi Capsules primalfocus.eu\"},{\"@type\":\"BreadcrumbList\",\"@id\":\"https:\\\/\\\/primalfocus.eu\\\/pt\\\/reishi-capsules\\\/#breadcrumb\",\"itemListElement\":[{\"@type\":\"ListItem\",\"position\":1,\"name\":\"Home\",\"item\":\"https:\\\/\\\/primalfocus.eu\\\/\"},{\"@type\":\"ListItem\",\"position\":2,\"name\":\"Shop\",\"item\":\"https:\\\/\\\/primalfocus.eu\\\/products\\\/\"},{\"@type\":\"ListItem\",\"position\":3,\"name\":\"Functional Mushrooms\",\"item\":\"https:\\\/\\\/primalfocus.eu\\\/functional-mushrooms\\\/\"},{\"@type\":\"ListItem\",\"position\":4,\"name\":\"Reishi Capsules\"}]},{\"@type\":\"WebSite\",\"@id\":\"https:\\\/\\\/primalfocus.eu\\\/pt\\\/#website\",\"url\":\"https:\\\/\\\/primalfocus.eu\\\/pt\\\/\",\"name\":\"Primal Focus\",\"description\":\"Buy legal psychedelics online\",\"publisher\":{\"@id\":\"https:\\\/\\\/primalfocus.eu\\\/pt\\\/#organization\"},\"potentialAction\":[{\"@type\":\"SearchAction\",\"target\":{\"@type\":\"EntryPoint\",\"urlTemplate\":\"https:\\\/\\\/primalfocus.eu\\\/pt\\\/?s={search_term_string}\"},\"query-input\":{\"@type\":\"PropertyValueSpecification\",\"valueRequired\":true,\"valueName\":\"search_term_string\"}}],\"inLanguage\":\"pt-PT\"},{\"@type\":\"Organization\",\"@id\":\"https:\\\/\\\/primalfocus.eu\\\/pt\\\/#organization\",\"name\":\"Primal Focus\",\"alternateName\":\"primalfocus.eu\",\"url\":\"https:\\\/\\\/primalfocus.eu\\\/pt\\\/\",\"logo\":{\"@type\":\"ImageObject\",\"inLanguage\":\"pt-PT\",\"@id\":\"https:\\\/\\\/primalfocus.eu\\\/pt\\\/#\\\/schema\\\/logo\\\/image\\\/\",\"url\":\"https:\\\/\\\/primalfocus.eu\\\/wp-content\\\/uploads\\\/2025\\\/11\\\/primal-focus-logo-header.svg\",\"contentUrl\":\"https:\\\/\\\/primalfocus.eu\\\/wp-content\\\/uploads\\\/2025\\\/11\\\/primal-focus-logo-header.svg\",\"caption\":\"Primal Focus\"},\"image\":{\"@id\":\"https:\\\/\\\/primalfocus.eu\\\/pt\\\/#\\\/schema\\\/logo\\\/image\\\/\"},\"sameAs\":[\"https:\\\/\\\/www.facebook.com\\\/profile.php?id=61575377667059\",\"https:\\\/\\\/x.com\\\/primalfocus_eu\",\"https:\\\/\\\/www.instagram.com\\\/primalfocus.store\\\/\"]}]}<\/script>\n<!-- \/ Yoast SEO plugin. -->","yoast_head_json":{"title":"C\u00e1psulas de cogumelo Reishi: al\u00edvio natural do stress e apoio imunit\u00e1rio","description":"Descubra as c\u00e1psulas de cogumelo Reishi da Primal Focus. Extrato org\u00e2nico de Reishi para um sono melhor e um equil\u00edbrio imunit\u00e1rio a longo prazo. Vegan, n\u00e3o OGM e sem enchimento.","robots":{"index":"index","follow":"follow","max-snippet":"max-snippet:-1","max-image-preview":"max-image-preview:large","max-video-preview":"max-video-preview:-1"},"canonical":"https:\/\/primalfocus.eu\/pt\/capsulas-de-reishi\/","og_locale":"pt_PT","og_type":"article","og_title":"Reishi mushroom capsules: natural stress relief and immune support","og_description":"Discover Reishi mushroom capsules by Primal Focus. Organic Reishi extract for better sleep and long-term immune balance. Vegan, non-GMO and filler-free.","og_url":"https:\/\/primalfocus.eu\/pt\/capsulas-de-reishi\/","og_site_name":"Primal Focus","article_publisher":"https:\/\/www.facebook.com\/profile.php?id=61575377667059","article_modified_time":"2026-04-08T06:04:39+00:00","og_image":[{"width":1080,"height":1080,"url":"https:\/\/primalfocus.eu\/wp-content\/uploads\/2024\/10\/Reishi-Capsules-primalfocus.eu_.webp","type":"image\/webp"}],"twitter_card":"summary_large_image","twitter_site":"@primalfocus_eu","twitter_misc":{"Tempo estimado de leitura":"2 minutos"},"schema":{"@context":"https:\/\/schema.org","@graph":[{"@type":"WebPage","@id":"https:\/\/primalfocus.eu\/pt\/reishi-capsules\/","url":"https:\/\/primalfocus.eu\/pt\/reishi-capsules\/","name":"C\u00e1psulas de cogumelo Reishi: al\u00edvio natural do stress e apoio imunit\u00e1rio","isPartOf":{"@id":"https:\/\/primalfocus.eu\/pt\/#website"},"primaryImageOfPage":{"@id":"https:\/\/primalfocus.eu\/pt\/reishi-capsules\/#primaryimage"},"image":{"@id":"https:\/\/primalfocus.eu\/pt\/reishi-capsules\/#primaryimage"},"thumbnailUrl":"https:\/\/primalfocus.eu\/wp-content\/uploads\/2024\/10\/Reishi-Capsules-primalfocus.eu_.webp","datePublished":"2024-10-08T17:20:51+00:00","dateModified":"2026-04-08T06:04:39+00:00","description":"Descubra as c\u00e1psulas de cogumelo Reishi da Primal Focus. Extrato org\u00e2nico de Reishi para um sono melhor e um equil\u00edbrio imunit\u00e1rio a longo prazo. Vegan, n\u00e3o OGM e sem enchimento.","breadcrumb":{"@id":"https:\/\/primalfocus.eu\/pt\/reishi-capsules\/#breadcrumb"},"inLanguage":"pt-PT","potentialAction":[{"@type":"ReadAction","target":["https:\/\/primalfocus.eu\/pt\/reishi-capsules\/"]}]},{"@type":"ImageObject","inLanguage":"pt-PT","@id":"https:\/\/primalfocus.eu\/pt\/reishi-capsules\/#primaryimage","url":"https:\/\/primalfocus.eu\/wp-content\/uploads\/2024\/10\/Reishi-Capsules-primalfocus.eu_.webp","contentUrl":"https:\/\/primalfocus.eu\/wp-content\/uploads\/2024\/10\/Reishi-Capsules-primalfocus.eu_.webp","width":1080,"height":1080,"caption":"Reishi Capsules primalfocus.eu"},{"@type":"BreadcrumbList","@id":"https:\/\/primalfocus.eu\/pt\/reishi-capsules\/#breadcrumb","itemListElement":[{"@type":"ListItem","position":1,"name":"Home","item":"https:\/\/primalfocus.eu\/"},{"@type":"ListItem","position":2,"name":"Shop","item":"https:\/\/primalfocus.eu\/products\/"},{"@type":"ListItem","position":3,"name":"Functional Mushrooms","item":"https:\/\/primalfocus.eu\/functional-mushrooms\/"},{"@type":"ListItem","position":4,"name":"Reishi Capsules"}]},{"@type":"WebSite","@id":"https:\/\/primalfocus.eu\/pt\/#website","url":"https:\/\/primalfocus.eu\/pt\/","name":"Primal Focus","description":"Comprar psicad\u00e9licos legais online","publisher":{"@id":"https:\/\/primalfocus.eu\/pt\/#organization"},"potentialAction":[{"@type":"SearchAction","target":{"@type":"EntryPoint","urlTemplate":"https:\/\/primalfocus.eu\/pt\/?s={search_term_string}"},"query-input":{"@type":"PropertyValueSpecification","valueRequired":true,"valueName":"search_term_string"}}],"inLanguage":"pt-PT"},{"@type":"Organization","@id":"https:\/\/primalfocus.eu\/pt\/#organization","name":"Primal Focus","alternateName":"primalfocus.eu","url":"https:\/\/primalfocus.eu\/pt\/","logo":{"@type":"ImageObject","inLanguage":"pt-PT","@id":"https:\/\/primalfocus.eu\/pt\/#\/schema\/logo\/image\/","url":"https:\/\/primalfocus.eu\/wp-content\/uploads\/2025\/11\/primal-focus-logo-header.svg","contentUrl":"https:\/\/primalfocus.eu\/wp-content\/uploads\/2025\/11\/primal-focus-logo-header.svg","caption":"Primal Focus"},"image":{"@id":"https:\/\/primalfocus.eu\/pt\/#\/schema\/logo\/image\/"},"sameAs":["https:\/\/www.facebook.com\/profile.php?id=61575377667059","https:\/\/x.com\/primalfocus_eu","https:\/\/www.instagram.com\/primalfocus.store\/"]}]}},"jetpack_sharing_enabled":true,"_links":{"self":[{"href":"https:\/\/primalfocus.eu\/pt\/wp-json\/wp\/v2\/product\/460111","targetHints":{"allow":["GET"]}}],"collection":[{"href":"https:\/\/primalfocus.eu\/pt\/wp-json\/wp\/v2\/product"}],"about":[{"href":"https:\/\/primalfocus.eu\/pt\/wp-json\/wp\/v2\/types\/product"}],"replies":[{"embeddable":true,"href":"https:\/\/primalfocus.eu\/pt\/wp-json\/wp\/v2\/comments?post=460111"}],"wp:featuredmedia":[{"embeddable":true,"href":"https:\/\/primalfocus.eu\/pt\/wp-json\/wp\/v2\/media\/870320"}],"wp:attachment":[{"href":"https:\/\/primalfocus.eu\/pt\/wp-json\/wp\/v2\/media?parent=460111"}],"wp:term":[{"taxonomy":"product_brand","embeddable":true,"href":"https:\/\/primalfocus.eu\/pt\/wp-json\/wp\/v2\/product_brand?post=460111"},{"taxonomy":"product_cat","embeddable":true,"href":"https:\/\/primalfocus.eu\/pt\/wp-json\/wp\/v2\/product_cat?post=460111"},{"taxonomy":"product_tag","embeddable":true,"href":"https:\/\/primalfocus.eu\/pt\/wp-json\/wp\/v2\/product_tag?post=460111"}],"curies":[{"name":"wp","href":"https:\/\/api.w.org\/{rel}","templated":true}]}}