{"id":4198,"date":"2023-07-16T13:21:17","date_gmt":"2023-07-16T11:21:17","guid":{"rendered":"https:\/\/primalfocus.eu\/?post_type=product&#038;p=4198"},"modified":"2026-04-03T13:14:55","modified_gmt":"2026-04-03T11:14:55","slug":"trufas-microdose-xp","status":"publish","type":"product","link":"https:\/\/primalfocus.eu\/pt\/microdose-xp-truffles\/","title":{"rendered":"Trufas m\u00e1gicas XP"},"content":{"rendered":"<h2 style=\"font-size: 45px;\"><strong>Trufas de microdosagem Strip<\/strong><\/h2>\n<h3 style=\"font-size: 1.2em;\"><strong>Aumento subtil da psilocibina para concentra\u00e7\u00e3o, criatividade e equil\u00edbrio emocional.<\/strong><\/h3>\n<p>&nbsp;<\/p>\n<p>A tira de microdoses XP Magic Truffles foi concebida para aqueles que desejam os benef\u00edcios subtis da psilocibina sem a intensidade de uma trip completa. Cada embalagem cont\u00e9m 6 doses cuidadosamente medidas de 1 grama, que proporcionam clareza, concentra\u00e7\u00e3o e equil\u00edbrio emocional, mantendo-te totalmente funcional. Perfeita para criar estrutura e consist\u00eancia na tua pr\u00e1tica de microdosagem, esta tira oferece uma forma segura e fi\u00e1vel de explorar os efeitos positivos da <a href=\"https:\/\/primalfocus.eu\/pt\/categoria-produto\/viajando\/trufas-macrodosagem\/\">trufas m\u00e1gicas<\/a>.<\/p>\n<p>&nbsp;<\/p>\n<div style=\"background-color: #eff5e6; padding: 20px; border-radius: 12px; font-family: Montserrat, sans-serif; font-size: 15px; color: #333; line-height: 1.6;\">\n<ul style=\"list-style: none; padding: 0; margin: 0;\">\n<li style=\"margin-bottom: 8px;\">\u2705 <strong>6 x 1 grama<\/strong> de microdoses frescas<\/li>\n<li style=\"margin-bottom: 8px;\">\u2705 <strong>Ideal para:<\/strong> produtividade, clareza e bem-estar<\/li>\n<li style=\"margin-bottom: 8px;\">\u2705 <strong>Sem viagem<\/strong> - manter-se funcional e claro<\/li>\n<li style=\"margin-bottom: 8px;\">\u2705 <strong>100% natural e fresco<\/strong> dos Pa\u00edses Baixos<\/li>\n<li style=\"margin-bottom: 8px;\">\u2705 <strong>Expedi\u00e7\u00e3o discreta<\/strong> em toda a UE<\/li>\n<\/ul>\n<\/div>\n<p>&nbsp;<\/p>\n<p>&nbsp;<\/p>\n<h3>Ent\u00e3o, porque \u00e9 que deve experimentar as nossas Trufas Microdose?<\/h3>\n<p>Os v\u00e1rios benef\u00edcios da microdosagem resultam todos de um efeito global: a consciencializa\u00e7\u00e3o. Os seus sentidos s\u00e3o estimulados, tornando-o mais consciente, e ao viver mais no momento, pode desfrutar das seguintes vantagens:<\/p>\n<div class=\"su-accordion su-u-trim\"><div class=\"su-accordion su-u-trim\"><\/div>\n<div style=\"font-family: Montserrat, sans-serif; margin-top: 20px;\">\n<div class=\"su-accordion su-u-trim custom-microdose-effects\"><\/div>\n<div class=\"su-spoiler su-spoiler-style-default su-spoiler-icon-plus su-spoiler-closed\" data-scroll-offset=\"0\" data-anchor-in-url=\"no\"><div class=\"su-spoiler-title\" tabindex=\"0\" role=\"button\"><span class=\"su-spoiler-icon\"><\/span>Melhoria da concentra\u00e7\u00e3o e da clareza<\/div><div class=\"su-spoiler-content su-u-clearfix su-u-trim\">\n<div style=\"background-color: #eff5e6; padding: 12px 16px; border-radius: 0 0 8px 8px; font-size: 15px; color: #444;\">Muitos utilizadores relatam sentir-se mais concentrados, presentes e l\u00facidos quando tomam microdoses. Ideal para tarefas que requerem aten\u00e7\u00e3o profunda ou fluxo.<\/div>\n<\/div><\/div>\n<div class=\"su-spoiler su-spoiler-style-default su-spoiler-icon-plus su-spoiler-closed\" data-scroll-offset=\"0\" data-anchor-in-url=\"no\"><div class=\"su-spoiler-title\" tabindex=\"0\" role=\"button\"><span class=\"su-spoiler-icon\"><\/span>Melhor humor, menos stress<\/div><div class=\"su-spoiler-content su-u-clearfix su-u-trim\">\n<div style=\"background-color: #eff5e6; padding: 12px 16px; border-radius: 0 0 8px 8px; font-size: 15px; color: #444;\">A microdosagem pode apoiar o equil\u00edbrio emocional e reduzir a ansiedade ou a tens\u00e3o mental. Efeitos subtis que ajudam a manter os p\u00e9s no ch\u00e3o e a calma.<\/div>\n<\/div><\/div>\n<div class=\"su-spoiler su-spoiler-style-default su-spoiler-icon-plus su-spoiler-closed\" data-scroll-offset=\"0\" data-anchor-in-url=\"no\"><div class=\"su-spoiler-title\" tabindex=\"0\" role=\"button\"><span class=\"su-spoiler-icon\"><\/span>Aumento da criatividade e da perspic\u00e1cia<\/div><div class=\"su-spoiler-content su-u-clearfix su-u-trim\">\n<div style=\"background-color: #eff5e6; padding: 12px 16px; border-radius: 0 0 8px 8px; font-size: 15px; color: #444;\">Algumas pessoas experimentam um pensamento mais criativo, abertura de esp\u00edrito e flexibilidade - perfeito para a resolu\u00e7\u00e3o de problemas ou para o trabalho art\u00edstico.<\/div>\n<\/div><\/div>\n<div class=\"su-spoiler su-spoiler-style-default su-spoiler-icon-plus su-spoiler-closed\" data-scroll-offset=\"0\" data-anchor-in-url=\"no\"><div class=\"su-spoiler-title\" tabindex=\"0\" role=\"button\"><span class=\"su-spoiler-icon\"><\/span>Mantenha-se funcional e em controlo<\/div><div class=\"su-spoiler-content su-u-clearfix su-u-trim\">\n<div style=\"background-color: #eff5e6; padding: 12px 16px; border-radius: 0 0 8px 8px; font-size: 15px; color: #444;\">As trufas de microdosagem n\u00e3o provocam uma trip. Permanecer\u00e1 totalmente funcional, capaz de trabalhar, falar e fazer o seu dia - com uma subtil vantagem mental.<\/div>\n<\/div><\/div>\n<div class=\"su-spoiler su-spoiler-style-default su-spoiler-icon-plus su-spoiler-closed\" data-scroll-offset=\"0\" data-anchor-in-url=\"no\"><div class=\"su-spoiler-title\" tabindex=\"0\" role=\"button\"><span class=\"su-spoiler-icon\"><\/span>Apoio natural e jur\u00eddico<\/div><div class=\"su-spoiler-content su-u-clearfix su-u-trim\">\n<div style=\"background-color: #eff5e6; padding: 12px 16px; border-radius: 0 0 8px 8px; font-size: 15px; color: #444;\">As nossas trufas s\u00e3o 100% naturais e vendidas legalmente nos Pa\u00edses Baixos. Cumprem as normas de seguran\u00e7a alimentar e podem ser expedidas para toda a UE.<\/div>\n<\/div><\/div>\n<\/div>\n<\/div>\n<p>&nbsp;<\/p>\n<p>&nbsp;<\/p>\n<div style=\"margin-top: 20px; background-color: #eff5e6; padding: 16px; border-radius: 8px; border: 1px solid #dbeac7; font-family: Montserrat, sans-serif; font-size: 14px;\">\n<h3><strong>Notas-chave (ler atentamente):<\/strong><\/h3>\n<ul style=\"margin: 10px 0 0 20px;\">\n<li>N\u00e3o utilize as trufas de microdosagem se se sentir mentalmente inst\u00e1vel, ansioso ou se tiver antecedentes de psicose (pessoais ou familiares).<\/li>\n<li>Evitar a utiliza\u00e7\u00e3o durante a gravidez, enquanto estiver a tomar antidepressivos ou medicamentos antipsic\u00f3ticos, ou se tiver menos de 18 anos.<\/li>\n<li>A microdosagem deve ser efectuada segundo um calend\u00e1rio estruturado - n\u00e3o utilizar diariamente ou sem intervalos.<\/li>\n<li>Os efeitos s\u00e3o subtis, mas podem ainda assim influenciar o humor, a perce\u00e7\u00e3o ou a sensibilidade emocional. N\u00e3o misturar com \u00e1lcool ou outras subst\u00e2ncias.<\/li>\n<li>As nossas trufas s\u00e3o legais nos Pa\u00edses Baixos e classificadas como um produto alimentar pela Autoridade Holandesa para a Seguran\u00e7a dos Alimentos e dos Produtos de Consumo.<\/li>\n<li>Ao abrigo da Lei do Reconhecimento M\u00fatuo de Mercadorias, estas trufas podem ser legalmente vendidas e expedidas na UE.<\/li>\n<\/ul>\n<\/div>","protected":false},"excerpt":{"rendered":"<p>Microdosing Truffles Strip Subtle psilocybin boost for focus, creativity and emotional balance. &nbsp; The XP Magic Truffles microdose strip is [&hellip;]<\/p>\n","protected":false},"featured_media":338777,"comment_status":"open","ping_status":"closed","template":"","meta":{"site-sidebar-layout":"default","site-content-layout":"default","ast-site-content-layout":"default","site-content-style":"default","site-sidebar-style":"default","ast-global-header-display":"","ast-banner-title-visibility":"","ast-main-header-display":"","ast-hfb-above-header-display":"","ast-hfb-below-header-display":"","ast-hfb-mobile-header-display":"","site-post-title":"","ast-breadcrumbs-content":"","ast-featured-img":"","footer-sml-layout":"","ast-disable-related-posts":"","theme-transparent-header-meta":"default","adv-header-id-meta":"","stick-header-meta":"","header-above-stick-meta":"","header-main-stick-meta":"","header-below-stick-meta":"","astra-migrate-meta-layouts":"set","ast-page-background-enabled":"default","ast-page-background-meta":{"desktop":{"background-color":"","background-image":"","background-repeat":"repeat","background-position":"center center","background-size":"auto","background-attachment":"scroll","background-type":"","background-media":"","overlay-type":"","overlay-color":"","overlay-opacity":"","overlay-gradient":""},"tablet":{"background-color":"","background-image":"","background-repeat":"repeat","background-position":"center center","background-size":"auto","background-attachment":"scroll","background-type":"","background-media":"","overlay-type":"","overlay-color":"","overlay-opacity":"","overlay-gradient":""},"mobile":{"background-color":"","background-image":"","background-repeat":"repeat","background-position":"center center","background-size":"auto","background-attachment":"scroll","background-type":"","background-media":"","overlay-type":"","overlay-color":"","overlay-opacity":"","overlay-gradient":""}},"ast-content-background-meta":{"desktop":{"background-color":"var(--ast-global-color-5)","background-image":"","background-repeat":"repeat","background-position":"center center","background-size":"auto","background-attachment":"scroll","background-type":"","background-media":"","overlay-type":"","overlay-color":"","overlay-opacity":"","overlay-gradient":""},"tablet":{"background-color":"var(--ast-global-color-5)","background-image":"","background-repeat":"repeat","background-position":"center center","background-size":"auto","background-attachment":"scroll","background-type":"","background-media":"","overlay-type":"","overlay-color":"","overlay-opacity":"","overlay-gradient":""},"mobile":{"background-color":"var(--ast-global-color-5)","background-image":"","background-repeat":"repeat","background-position":"center center","background-size":"auto","background-attachment":"scroll","background-type":"","background-media":"","overlay-type":"","overlay-color":"","overlay-opacity":"","overlay-gradient":""}}},"product_brand":[129],"product_cat":[109,111],"product_tag":[],"class_list":{"0":"post-4198","1":"product","2":"type-product","3":"status-publish","4":"has-post-thumbnail","6":"product_brand-primal-focus","7":"product_cat-magic-truffles","8":"product_cat-microdosing","9":"product_shipping_class-brievenbus-pakje","10":"desktop-align-center","11":"tablet-align-left","12":"mobile-align-left","14":"first","15":"instock","16":"taxable","17":"shipping-taxable","18":"purchasable","19":"product-type-simple"},"yoast_head":"<!-- This site is optimized with the Yoast SEO plugin v27.3 - https:\/\/yoast.com\/product\/yoast-seo-wordpress\/ -->\n<title>Buy XP Magic Truffles Strip with fast EU delivery<\/title>\n<meta name=\"description\" content=\"Try XP Magic Truffles from Primal Focus. Six ready to use doses support focus and creativity. Enjoy discreet shipping and same day dispatch. Order today.\" \/>\n<meta name=\"robots\" content=\"index, follow, max-snippet:-1, max-image-preview:large, max-video-preview:-1\" \/>\n<link rel=\"canonical\" href=\"https:\/\/primalfocus.eu\/pt\/trufas-microdose-xp\/\" \/>\n<meta property=\"og:locale\" content=\"pt_PT\" \/>\n<meta property=\"og:type\" content=\"article\" \/>\n<meta property=\"og:title\" content=\"Buy XP Magic Truffles Strip with fast EU delivery\" \/>\n<meta property=\"og:description\" content=\"Try XP Magic Truffles from Primal Focus. Six ready to use doses support focus and creativity. Enjoy discreet shipping and same day dispatch. Order today.\" \/>\n<meta property=\"og:url\" content=\"https:\/\/primalfocus.eu\/pt\/trufas-microdose-xp\/\" \/>\n<meta property=\"og:site_name\" content=\"Primal Focus\" \/>\n<meta property=\"article:publisher\" content=\"https:\/\/www.facebook.com\/profile.php?id=61575377667059\" \/>\n<meta property=\"article:modified_time\" content=\"2026-04-03T11:14:55+00:00\" \/>\n<meta property=\"og:image\" content=\"https:\/\/primalfocus.eu\/wp-content\/uploads\/2023\/07\/MVS_20240503_0051-l-scaled.jpg\" \/>\n\t<meta property=\"og:image:width\" content=\"1920\" \/>\n\t<meta property=\"og:image:height\" content=\"1920\" \/>\n\t<meta property=\"og:image:type\" content=\"image\/jpeg\" \/>\n<meta name=\"twitter:card\" content=\"summary_large_image\" \/>\n<meta name=\"twitter:site\" content=\"@primalfocus_eu\" \/>\n<meta name=\"twitter:label1\" content=\"Tempo estimado de leitura\" \/>\n\t<meta name=\"twitter:data1\" content=\"3 minutos\" \/>\n<script type=\"application\/ld+json\" class=\"yoast-schema-graph\">{\"@context\":\"https:\\\/\\\/schema.org\",\"@graph\":[{\"@type\":\"WebPage\",\"@id\":\"https:\\\/\\\/primalfocus.eu\\\/pt\\\/microdose-xp-truffles\\\/\",\"url\":\"https:\\\/\\\/primalfocus.eu\\\/pt\\\/microdose-xp-truffles\\\/\",\"name\":\"Buy XP Magic Truffles Strip with fast EU delivery\",\"isPartOf\":{\"@id\":\"https:\\\/\\\/primalfocus.eu\\\/pt\\\/#website\"},\"primaryImageOfPage\":{\"@id\":\"https:\\\/\\\/primalfocus.eu\\\/pt\\\/microdose-xp-truffles\\\/#primaryimage\"},\"image\":{\"@id\":\"https:\\\/\\\/primalfocus.eu\\\/pt\\\/microdose-xp-truffles\\\/#primaryimage\"},\"thumbnailUrl\":\"https:\\\/\\\/primalfocus.eu\\\/wp-content\\\/uploads\\\/2023\\\/07\\\/MVS_20240503_0051-l-scaled.jpg\",\"datePublished\":\"2023-07-16T11:21:17+00:00\",\"dateModified\":\"2026-04-03T11:14:55+00:00\",\"description\":\"Try XP Magic Truffles from Primal Focus. Six ready to use doses support focus and creativity. Enjoy discreet shipping and same day dispatch. Order today.\",\"breadcrumb\":{\"@id\":\"https:\\\/\\\/primalfocus.eu\\\/pt\\\/microdose-xp-truffles\\\/#breadcrumb\"},\"inLanguage\":\"pt-PT\",\"potentialAction\":[{\"@type\":\"ReadAction\",\"target\":[\"https:\\\/\\\/primalfocus.eu\\\/pt\\\/microdose-xp-truffles\\\/\"]}]},{\"@type\":\"ImageObject\",\"inLanguage\":\"pt-PT\",\"@id\":\"https:\\\/\\\/primalfocus.eu\\\/pt\\\/microdose-xp-truffles\\\/#primaryimage\",\"url\":\"https:\\\/\\\/primalfocus.eu\\\/wp-content\\\/uploads\\\/2023\\\/07\\\/MVS_20240503_0051-l-scaled.jpg\",\"contentUrl\":\"https:\\\/\\\/primalfocus.eu\\\/wp-content\\\/uploads\\\/2023\\\/07\\\/MVS_20240503_0051-l-scaled.jpg\",\"width\":1920,\"height\":1920,\"caption\":\"MVS 20240503 0051 l scaled\"},{\"@type\":\"BreadcrumbList\",\"@id\":\"https:\\\/\\\/primalfocus.eu\\\/pt\\\/microdose-xp-truffles\\\/#breadcrumb\",\"itemListElement\":[{\"@type\":\"ListItem\",\"position\":1,\"name\":\"Home\",\"item\":\"https:\\\/\\\/primalfocus.eu\\\/\"},{\"@type\":\"ListItem\",\"position\":2,\"name\":\"Shop\",\"item\":\"https:\\\/\\\/primalfocus.eu\\\/products\\\/\"},{\"@type\":\"ListItem\",\"position\":3,\"name\":\"Microdosing\",\"item\":\"https:\\\/\\\/primalfocus.eu\\\/microdosing\\\/\"},{\"@type\":\"ListItem\",\"position\":4,\"name\":\"XP Magic Truffles\"}]},{\"@type\":\"WebSite\",\"@id\":\"https:\\\/\\\/primalfocus.eu\\\/pt\\\/#website\",\"url\":\"https:\\\/\\\/primalfocus.eu\\\/pt\\\/\",\"name\":\"Primal Focus\",\"description\":\"Buy legal psychedelics online\",\"publisher\":{\"@id\":\"https:\\\/\\\/primalfocus.eu\\\/pt\\\/#organization\"},\"potentialAction\":[{\"@type\":\"SearchAction\",\"target\":{\"@type\":\"EntryPoint\",\"urlTemplate\":\"https:\\\/\\\/primalfocus.eu\\\/pt\\\/?s={search_term_string}\"},\"query-input\":{\"@type\":\"PropertyValueSpecification\",\"valueRequired\":true,\"valueName\":\"search_term_string\"}}],\"inLanguage\":\"pt-PT\"},{\"@type\":\"Organization\",\"@id\":\"https:\\\/\\\/primalfocus.eu\\\/pt\\\/#organization\",\"name\":\"Primal Focus\",\"alternateName\":\"primalfocus.eu\",\"url\":\"https:\\\/\\\/primalfocus.eu\\\/pt\\\/\",\"logo\":{\"@type\":\"ImageObject\",\"inLanguage\":\"pt-PT\",\"@id\":\"https:\\\/\\\/primalfocus.eu\\\/pt\\\/#\\\/schema\\\/logo\\\/image\\\/\",\"url\":\"https:\\\/\\\/primalfocus.eu\\\/wp-content\\\/uploads\\\/2025\\\/11\\\/primal-focus-logo-header.svg\",\"contentUrl\":\"https:\\\/\\\/primalfocus.eu\\\/wp-content\\\/uploads\\\/2025\\\/11\\\/primal-focus-logo-header.svg\",\"caption\":\"Primal Focus\"},\"image\":{\"@id\":\"https:\\\/\\\/primalfocus.eu\\\/pt\\\/#\\\/schema\\\/logo\\\/image\\\/\"},\"sameAs\":[\"https:\\\/\\\/www.facebook.com\\\/profile.php?id=61575377667059\",\"https:\\\/\\\/x.com\\\/primalfocus_eu\",\"https:\\\/\\\/www.instagram.com\\\/primalfocus.store\\\/\"]}]}<\/script>\n<!-- \/ Yoast SEO plugin. -->","yoast_head_json":{"title":"Comprar XP Magic Truffles Strip com entrega r\u00e1pida na UE","description":"Experimente as XP Magic Truffles da Primal Focus. Seis doses prontas a usar apoiam a concentra\u00e7\u00e3o e a criatividade. Desfrute de um envio discreto e no mesmo dia. Encomenda hoje.","robots":{"index":"index","follow":"follow","max-snippet":"max-snippet:-1","max-image-preview":"max-image-preview:large","max-video-preview":"max-video-preview:-1"},"canonical":"https:\/\/primalfocus.eu\/pt\/trufas-microdose-xp\/","og_locale":"pt_PT","og_type":"article","og_title":"Buy XP Magic Truffles Strip with fast EU delivery","og_description":"Try XP Magic Truffles from Primal Focus. Six ready to use doses support focus and creativity. Enjoy discreet shipping and same day dispatch. Order today.","og_url":"https:\/\/primalfocus.eu\/pt\/trufas-microdose-xp\/","og_site_name":"Primal Focus","article_publisher":"https:\/\/www.facebook.com\/profile.php?id=61575377667059","article_modified_time":"2026-04-03T11:14:55+00:00","og_image":[{"width":1920,"height":1920,"url":"https:\/\/primalfocus.eu\/wp-content\/uploads\/2023\/07\/MVS_20240503_0051-l-scaled.jpg","type":"image\/jpeg"}],"twitter_card":"summary_large_image","twitter_site":"@primalfocus_eu","twitter_misc":{"Tempo estimado de leitura":"3 minutos"},"schema":{"@context":"https:\/\/schema.org","@graph":[{"@type":"WebPage","@id":"https:\/\/primalfocus.eu\/pt\/microdose-xp-truffles\/","url":"https:\/\/primalfocus.eu\/pt\/microdose-xp-truffles\/","name":"Comprar XP Magic Truffles Strip com entrega r\u00e1pida na UE","isPartOf":{"@id":"https:\/\/primalfocus.eu\/pt\/#website"},"primaryImageOfPage":{"@id":"https:\/\/primalfocus.eu\/pt\/microdose-xp-truffles\/#primaryimage"},"image":{"@id":"https:\/\/primalfocus.eu\/pt\/microdose-xp-truffles\/#primaryimage"},"thumbnailUrl":"https:\/\/primalfocus.eu\/wp-content\/uploads\/2023\/07\/MVS_20240503_0051-l-scaled.jpg","datePublished":"2023-07-16T11:21:17+00:00","dateModified":"2026-04-03T11:14:55+00:00","description":"Experimente as XP Magic Truffles da Primal Focus. Seis doses prontas a usar apoiam a concentra\u00e7\u00e3o e a criatividade. Desfrute de um envio discreto e no mesmo dia. Encomenda hoje.","breadcrumb":{"@id":"https:\/\/primalfocus.eu\/pt\/microdose-xp-truffles\/#breadcrumb"},"inLanguage":"pt-PT","potentialAction":[{"@type":"ReadAction","target":["https:\/\/primalfocus.eu\/pt\/microdose-xp-truffles\/"]}]},{"@type":"ImageObject","inLanguage":"pt-PT","@id":"https:\/\/primalfocus.eu\/pt\/microdose-xp-truffles\/#primaryimage","url":"https:\/\/primalfocus.eu\/wp-content\/uploads\/2023\/07\/MVS_20240503_0051-l-scaled.jpg","contentUrl":"https:\/\/primalfocus.eu\/wp-content\/uploads\/2023\/07\/MVS_20240503_0051-l-scaled.jpg","width":1920,"height":1920,"caption":"MVS 20240503 0051 l scaled"},{"@type":"BreadcrumbList","@id":"https:\/\/primalfocus.eu\/pt\/microdose-xp-truffles\/#breadcrumb","itemListElement":[{"@type":"ListItem","position":1,"name":"Home","item":"https:\/\/primalfocus.eu\/"},{"@type":"ListItem","position":2,"name":"Shop","item":"https:\/\/primalfocus.eu\/products\/"},{"@type":"ListItem","position":3,"name":"Microdosing","item":"https:\/\/primalfocus.eu\/microdosing\/"},{"@type":"ListItem","position":4,"name":"XP Magic Truffles"}]},{"@type":"WebSite","@id":"https:\/\/primalfocus.eu\/pt\/#website","url":"https:\/\/primalfocus.eu\/pt\/","name":"Primal Focus","description":"Comprar psicad\u00e9licos legais online","publisher":{"@id":"https:\/\/primalfocus.eu\/pt\/#organization"},"potentialAction":[{"@type":"SearchAction","target":{"@type":"EntryPoint","urlTemplate":"https:\/\/primalfocus.eu\/pt\/?s={search_term_string}"},"query-input":{"@type":"PropertyValueSpecification","valueRequired":true,"valueName":"search_term_string"}}],"inLanguage":"pt-PT"},{"@type":"Organization","@id":"https:\/\/primalfocus.eu\/pt\/#organization","name":"Primal Focus","alternateName":"primalfocus.eu","url":"https:\/\/primalfocus.eu\/pt\/","logo":{"@type":"ImageObject","inLanguage":"pt-PT","@id":"https:\/\/primalfocus.eu\/pt\/#\/schema\/logo\/image\/","url":"https:\/\/primalfocus.eu\/wp-content\/uploads\/2025\/11\/primal-focus-logo-header.svg","contentUrl":"https:\/\/primalfocus.eu\/wp-content\/uploads\/2025\/11\/primal-focus-logo-header.svg","caption":"Primal Focus"},"image":{"@id":"https:\/\/primalfocus.eu\/pt\/#\/schema\/logo\/image\/"},"sameAs":["https:\/\/www.facebook.com\/profile.php?id=61575377667059","https:\/\/x.com\/primalfocus_eu","https:\/\/www.instagram.com\/primalfocus.store\/"]}]}},"jetpack_sharing_enabled":true,"_links":{"self":[{"href":"https:\/\/primalfocus.eu\/pt\/wp-json\/wp\/v2\/product\/4198","targetHints":{"allow":["GET"]}}],"collection":[{"href":"https:\/\/primalfocus.eu\/pt\/wp-json\/wp\/v2\/product"}],"about":[{"href":"https:\/\/primalfocus.eu\/pt\/wp-json\/wp\/v2\/types\/product"}],"replies":[{"embeddable":true,"href":"https:\/\/primalfocus.eu\/pt\/wp-json\/wp\/v2\/comments?post=4198"}],"wp:featuredmedia":[{"embeddable":true,"href":"https:\/\/primalfocus.eu\/pt\/wp-json\/wp\/v2\/media\/338777"}],"wp:attachment":[{"href":"https:\/\/primalfocus.eu\/pt\/wp-json\/wp\/v2\/media?parent=4198"}],"wp:term":[{"taxonomy":"product_brand","embeddable":true,"href":"https:\/\/primalfocus.eu\/pt\/wp-json\/wp\/v2\/product_brand?post=4198"},{"taxonomy":"product_cat","embeddable":true,"href":"https:\/\/primalfocus.eu\/pt\/wp-json\/wp\/v2\/product_cat?post=4198"},{"taxonomy":"product_tag","embeddable":true,"href":"https:\/\/primalfocus.eu\/pt\/wp-json\/wp\/v2\/product_tag?post=4198"}],"curies":[{"name":"wp","href":"https:\/\/api.w.org\/{rel}","templated":true}]}}