{"id":352650,"date":"2024-08-07T14:05:45","date_gmt":"2024-08-07T12:05:45","guid":{"rendered":"https:\/\/primalfocus.eu\/?post_type=product&#038;p=352650"},"modified":"2026-04-03T13:14:14","modified_gmt":"2026-04-03T11:14:14","slug":"trufas-magicas-pajaritos","status":"publish","type":"product","link":"https:\/\/primalfocus.eu\/pt\/magic-truffles-pajaritos\/","title":{"rendered":"Trufas Pajaritos"},"content":{"rendered":"<h3 style=\"font-size: 1.2em;\"><strong>Um psicad\u00e9lico alegre e suave que traz calor, sorrisos e visuais suaves, perfeito para principiantes e exploradores sociais que procuram uma experi\u00eancia edificante.<\/strong><\/h3>\n<p>&nbsp;<\/p>\n<p>&nbsp;<\/p>\n<div style=\"background-color: #eff5e6; padding: 20px; border-radius: 12px; font-family: Montserrat, sans-serif; font-size: 15px; color: #333; line-height: 1.6;\">\n<ul style=\"list-style: none; padding: 0; margin: 0;\">\n<li style=\"margin-bottom: 8px;\">\u2705 <strong>15 gramas<\/strong> de trufas m\u00e1gicas frescas<\/li>\n<li style=\"margin-bottom: 8px;\">\u2705 <strong>For\u00e7a:<\/strong> 3 em 5<\/li>\n<li style=\"margin-bottom: 8px;\">\u2705 <strong>100% cultivado segundo o modo de produ\u00e7\u00e3o biol\u00f3gico<\/strong> nos Pa\u00edses Baixos<\/li>\n<li style=\"margin-bottom: 8px;\">\u2705 <strong>Expedi\u00e7\u00e3o<\/strong> para os pa\u00edses da UE<\/li>\n<\/ul>\n<\/div>\n<h2><\/h2>\n<p>&nbsp;<\/p>\n<p>&nbsp;<\/p>\n<h2>Porqu\u00ea o nome Pajaritos?<\/h2>\n<p>\u201cPajaritos\u201d significa \u201cpequenos p\u00e1ssaros\u201d em espanhol, um nome adequado para <a href=\"https:\/\/primalfocus.eu\/pt\/categoria-produto\/viajando\/trufas-macrodosagem\/\">trufas m\u00e1gicas<\/a> que elevam o seu humor e fazem o seu esp\u00edrito voar. A sua energia leve e divertida reflecte a liberdade e a alegria do voo, tornando cada viagem uma experi\u00eancia brilhante e reconfortante.<\/p>\n<h2><\/h2>\n<p>&nbsp;<\/p>\n<p>&nbsp;<\/p>\n<h2>O que torna as trufas Pajaritos especiais?<\/h2>\n<p>Os Pajaritos oferecem uma experi\u00eancia psicad\u00e9lica alegre e social que permanece control\u00e1vel, mesmo para principiantes. Espera visuais suaves, abertura emocional e um espa\u00e7o de esp\u00edrito agrad\u00e1vel e claro. N\u00e3o se trata tanto de introspe\u00e7\u00e3o profunda, mas sim de alegria, risos e liga\u00e7\u00f5es significativas. Perfeitas para experi\u00eancias partilhadas ou para a tua primeira viagem a solo.<\/p>\n<h2><\/h2>\n<p>&nbsp;<\/p>\n<p>&nbsp;<\/p>\n<h2>Perfeito para<\/h2>\n<ul>\n<li>M\u00fasica e passeios na natureza<\/li>\n<li>Rir e relacionar-se com os amigos<\/li>\n<li>Viagens a solo pela primeira vez ou com pouco esfor\u00e7o<\/li>\n<\/ul>\n<p>&nbsp;<\/p>\n<p>&nbsp;<\/p>\n<div style=\"margin-top: 20px; background-color: #eff5e6; padding: 16px; border-radius: 8px; border: 1px solid #dbeac7; font-family: Montserrat, sans-serif; font-size: 14px;\">\n<h3><strong>Notas-chave (Ler atentamente):<\/strong><\/h3>\n<ul style=\"margin: 10px 0 0 20px;\">\n<li style=\"list-style-type: none;\">\n<ul style=\"margin: 10px 0 0 20px;\">\n<li>Evitar o \u00e1lcool, os medicamentos ou outras subst\u00e2ncias durante o consumo de trufas psicad\u00e9licas.<\/li>\n<li>N\u00e3o utilizar se tiveres menos de 18 anos, se estiveres gr\u00e1vida ou se tiveres um historial de doen\u00e7a mental.<\/li>\n<li>\u00c9 melhor tomar com o est\u00f4mago vazio para obter efeitos consistentes.<\/li>\n<li>Comece com uma dose ligeira ou m\u00e9dia; pode sempre tomar mais, n\u00e3o menos.<\/li>\n<li>Conservar no frigor\u00edfico (2-4\u00b0C) e fora do alcance das crian\u00e7as.<\/li>\n<li>Legal nos Pa\u00edses Baixos e exped\u00edvel em toda a UE ao abrigo da legisla\u00e7\u00e3o em mat\u00e9ria de com\u00e9rcio livre.<\/li>\n<\/ul>\n<\/li>\n<\/ul>\n<\/div>","protected":false},"excerpt":{"rendered":"<p>A cheerful and gentle psychedelic that brings warmth, smiles and soft visuals, perfect for first-timers and social explorers seeking an [&hellip;]<\/p>\n","protected":false},"featured_media":654395,"comment_status":"open","ping_status":"closed","template":"","meta":{"site-sidebar-layout":"default","site-content-layout":"default","ast-site-content-layout":"default","site-content-style":"default","site-sidebar-style":"default","ast-global-header-display":"","ast-banner-title-visibility":"","ast-main-header-display":"","ast-hfb-above-header-display":"","ast-hfb-below-header-display":"","ast-hfb-mobile-header-display":"","site-post-title":"","ast-breadcrumbs-content":"","ast-featured-img":"","footer-sml-layout":"","ast-disable-related-posts":"","theme-transparent-header-meta":"default","adv-header-id-meta":"","stick-header-meta":"","header-above-stick-meta":"","header-main-stick-meta":"","header-below-stick-meta":"","astra-migrate-meta-layouts":"set","ast-page-background-enabled":"default","ast-page-background-meta":{"desktop":{"background-color":"","background-image":"","background-repeat":"repeat","background-position":"center center","background-size":"auto","background-attachment":"scroll","background-type":"","background-media":"","overlay-type":"","overlay-color":"","overlay-opacity":"","overlay-gradient":""},"tablet":{"background-color":"","background-image":"","background-repeat":"repeat","background-position":"center center","background-size":"auto","background-attachment":"scroll","background-type":"","background-media":"","overlay-type":"","overlay-color":"","overlay-opacity":"","overlay-gradient":""},"mobile":{"background-color":"","background-image":"","background-repeat":"repeat","background-position":"center center","background-size":"auto","background-attachment":"scroll","background-type":"","background-media":"","overlay-type":"","overlay-color":"","overlay-opacity":"","overlay-gradient":""}},"ast-content-background-meta":{"desktop":{"background-color":"var(--ast-global-color-5)","background-image":"","background-repeat":"repeat","background-position":"center center","background-size":"auto","background-attachment":"scroll","background-type":"","background-media":"","overlay-type":"","overlay-color":"","overlay-opacity":"","overlay-gradient":""},"tablet":{"background-color":"var(--ast-global-color-5)","background-image":"","background-repeat":"repeat","background-position":"center center","background-size":"auto","background-attachment":"scroll","background-type":"","background-media":"","overlay-type":"","overlay-color":"","overlay-opacity":"","overlay-gradient":""},"mobile":{"background-color":"var(--ast-global-color-5)","background-image":"","background-repeat":"repeat","background-position":"center center","background-size":"auto","background-attachment":"scroll","background-type":"","background-media":"","overlay-type":"","overlay-color":"","overlay-opacity":"","overlay-gradient":""}}},"product_brand":[129],"product_cat":[92,109],"product_tag":[],"class_list":{"0":"post-352650","1":"product","2":"type-product","3":"status-publish","4":"has-post-thumbnail","6":"product_brand-primal-focus","7":"product_cat-macrodosing","8":"product_cat-magic-truffles","9":"product_shipping_class-brievenbus-pakje","10":"desktop-align-center","11":"tablet-align-left","12":"mobile-align-left","14":"first","15":"instock","16":"taxable","17":"shipping-taxable","18":"purchasable","19":"product-type-simple"},"yoast_head":"<!-- This site is optimized with the Yoast SEO plugin v27.3 - https:\/\/yoast.com\/product\/yoast-seo-wordpress\/ -->\n<title>Buy Pajaritos Truffles: light, social and beginner-friendly<\/title>\n<meta name=\"description\" content=\"Discover Pajaritos Truffles for a bright, social and beginner-friendly trip. Soft visuals, happy energy and a clear mind. Fresh and EU-safe shipping.\" \/>\n<meta name=\"robots\" content=\"index, follow, max-snippet:-1, max-image-preview:large, max-video-preview:-1\" \/>\n<link rel=\"canonical\" href=\"https:\/\/primalfocus.eu\/pt\/trufas-magicas-pajaritos\/\" \/>\n<meta property=\"og:locale\" content=\"pt_PT\" \/>\n<meta property=\"og:type\" content=\"article\" \/>\n<meta property=\"og:title\" content=\"Buy Pajaritos Truffles: light, social and beginner-friendly\" \/>\n<meta property=\"og:description\" content=\"Discover Pajaritos Truffles for a bright, social and beginner-friendly trip. Soft visuals, happy energy and a clear mind. Fresh and EU-safe shipping.\" \/>\n<meta property=\"og:url\" content=\"https:\/\/primalfocus.eu\/pt\/trufas-magicas-pajaritos\/\" \/>\n<meta property=\"og:site_name\" content=\"Primal Focus\" \/>\n<meta property=\"article:publisher\" content=\"https:\/\/www.facebook.com\/profile.php?id=61575377667059\" \/>\n<meta property=\"article:modified_time\" content=\"2026-04-03T11:14:14+00:00\" \/>\n<meta property=\"og:image\" content=\"https:\/\/primalfocus.eu\/wp-content\/uploads\/2024\/08\/Pajaritos-Magic-Truffles-by-Primal-Focus.webp\" \/>\n\t<meta property=\"og:image:width\" content=\"1080\" \/>\n\t<meta property=\"og:image:height\" content=\"1080\" \/>\n\t<meta property=\"og:image:type\" content=\"image\/webp\" \/>\n<meta name=\"twitter:card\" content=\"summary_large_image\" \/>\n<meta name=\"twitter:site\" content=\"@primalfocus_eu\" \/>\n<meta name=\"twitter:label1\" content=\"Tempo estimado de leitura\" \/>\n\t<meta name=\"twitter:data1\" content=\"2 minutos\" \/>\n<script type=\"application\/ld+json\" class=\"yoast-schema-graph\">{\"@context\":\"https:\\\/\\\/schema.org\",\"@graph\":[{\"@type\":\"WebPage\",\"@id\":\"https:\\\/\\\/primalfocus.eu\\\/pt\\\/magic-truffles-pajaritos\\\/\",\"url\":\"https:\\\/\\\/primalfocus.eu\\\/pt\\\/magic-truffles-pajaritos\\\/\",\"name\":\"Buy Pajaritos Truffles: light, social and beginner-friendly\",\"isPartOf\":{\"@id\":\"https:\\\/\\\/primalfocus.eu\\\/pt\\\/#website\"},\"primaryImageOfPage\":{\"@id\":\"https:\\\/\\\/primalfocus.eu\\\/pt\\\/magic-truffles-pajaritos\\\/#primaryimage\"},\"image\":{\"@id\":\"https:\\\/\\\/primalfocus.eu\\\/pt\\\/magic-truffles-pajaritos\\\/#primaryimage\"},\"thumbnailUrl\":\"https:\\\/\\\/primalfocus.eu\\\/wp-content\\\/uploads\\\/2024\\\/08\\\/Pajaritos-Magic-Truffles-by-Primal-Focus.webp\",\"datePublished\":\"2024-08-07T12:05:45+00:00\",\"dateModified\":\"2026-04-03T11:14:14+00:00\",\"description\":\"Discover Pajaritos Truffles for a bright, social and beginner-friendly trip. Soft visuals, happy energy and a clear mind. Fresh and EU-safe shipping.\",\"breadcrumb\":{\"@id\":\"https:\\\/\\\/primalfocus.eu\\\/pt\\\/magic-truffles-pajaritos\\\/#breadcrumb\"},\"inLanguage\":\"pt-PT\",\"potentialAction\":[{\"@type\":\"ReadAction\",\"target\":[\"https:\\\/\\\/primalfocus.eu\\\/pt\\\/magic-truffles-pajaritos\\\/\"]}]},{\"@type\":\"ImageObject\",\"inLanguage\":\"pt-PT\",\"@id\":\"https:\\\/\\\/primalfocus.eu\\\/pt\\\/magic-truffles-pajaritos\\\/#primaryimage\",\"url\":\"https:\\\/\\\/primalfocus.eu\\\/wp-content\\\/uploads\\\/2024\\\/08\\\/Pajaritos-Magic-Truffles-by-Primal-Focus.webp\",\"contentUrl\":\"https:\\\/\\\/primalfocus.eu\\\/wp-content\\\/uploads\\\/2024\\\/08\\\/Pajaritos-Magic-Truffles-by-Primal-Focus.webp\",\"width\":1080,\"height\":1080,\"caption\":\"Pajaritos Magic Truffles by Primal Focus\"},{\"@type\":\"BreadcrumbList\",\"@id\":\"https:\\\/\\\/primalfocus.eu\\\/pt\\\/magic-truffles-pajaritos\\\/#breadcrumb\",\"itemListElement\":[{\"@type\":\"ListItem\",\"position\":1,\"name\":\"Home\",\"item\":\"https:\\\/\\\/primalfocus.eu\\\/\"},{\"@type\":\"ListItem\",\"position\":2,\"name\":\"Shop\",\"item\":\"https:\\\/\\\/primalfocus.eu\\\/products\\\/\"},{\"@type\":\"ListItem\",\"position\":3,\"name\":\"Macrodosing\",\"item\":\"https:\\\/\\\/primalfocus.eu\\\/macrodosing\\\/\"},{\"@type\":\"ListItem\",\"position\":4,\"name\":\"Magic Truffles\",\"item\":\"https:\\\/\\\/primalfocus.eu\\\/magic-truffles\\\/\"},{\"@type\":\"ListItem\",\"position\":5,\"name\":\"Pajaritos Truffles\"}]},{\"@type\":\"WebSite\",\"@id\":\"https:\\\/\\\/primalfocus.eu\\\/pt\\\/#website\",\"url\":\"https:\\\/\\\/primalfocus.eu\\\/pt\\\/\",\"name\":\"Primal Focus\",\"description\":\"Buy legal psychedelics online\",\"publisher\":{\"@id\":\"https:\\\/\\\/primalfocus.eu\\\/pt\\\/#organization\"},\"potentialAction\":[{\"@type\":\"SearchAction\",\"target\":{\"@type\":\"EntryPoint\",\"urlTemplate\":\"https:\\\/\\\/primalfocus.eu\\\/pt\\\/?s={search_term_string}\"},\"query-input\":{\"@type\":\"PropertyValueSpecification\",\"valueRequired\":true,\"valueName\":\"search_term_string\"}}],\"inLanguage\":\"pt-PT\"},{\"@type\":\"Organization\",\"@id\":\"https:\\\/\\\/primalfocus.eu\\\/pt\\\/#organization\",\"name\":\"Primal Focus\",\"alternateName\":\"primalfocus.eu\",\"url\":\"https:\\\/\\\/primalfocus.eu\\\/pt\\\/\",\"logo\":{\"@type\":\"ImageObject\",\"inLanguage\":\"pt-PT\",\"@id\":\"https:\\\/\\\/primalfocus.eu\\\/pt\\\/#\\\/schema\\\/logo\\\/image\\\/\",\"url\":\"https:\\\/\\\/primalfocus.eu\\\/wp-content\\\/uploads\\\/2025\\\/11\\\/primal-focus-logo-header.svg\",\"contentUrl\":\"https:\\\/\\\/primalfocus.eu\\\/wp-content\\\/uploads\\\/2025\\\/11\\\/primal-focus-logo-header.svg\",\"caption\":\"Primal Focus\"},\"image\":{\"@id\":\"https:\\\/\\\/primalfocus.eu\\\/pt\\\/#\\\/schema\\\/logo\\\/image\\\/\"},\"sameAs\":[\"https:\\\/\\\/www.facebook.com\\\/profile.php?id=61575377667059\",\"https:\\\/\\\/x.com\\\/primalfocus_eu\",\"https:\\\/\\\/www.instagram.com\\\/primalfocus.store\\\/\"]}]}<\/script>\n<!-- \/ Yoast SEO plugin. -->","yoast_head_json":{"title":"Comprar Trufas Pajaritos: leves, sociais e para principiantes","description":"Descubra as Trufas Pajaritos para uma viagem luminosa, social e para principiantes. Visuais suaves, energia feliz e uma mente clara. Envio fresco e seguro para a UE.","robots":{"index":"index","follow":"follow","max-snippet":"max-snippet:-1","max-image-preview":"max-image-preview:large","max-video-preview":"max-video-preview:-1"},"canonical":"https:\/\/primalfocus.eu\/pt\/trufas-magicas-pajaritos\/","og_locale":"pt_PT","og_type":"article","og_title":"Buy Pajaritos Truffles: light, social and beginner-friendly","og_description":"Discover Pajaritos Truffles for a bright, social and beginner-friendly trip. Soft visuals, happy energy and a clear mind. Fresh and EU-safe shipping.","og_url":"https:\/\/primalfocus.eu\/pt\/trufas-magicas-pajaritos\/","og_site_name":"Primal Focus","article_publisher":"https:\/\/www.facebook.com\/profile.php?id=61575377667059","article_modified_time":"2026-04-03T11:14:14+00:00","og_image":[{"width":1080,"height":1080,"url":"https:\/\/primalfocus.eu\/wp-content\/uploads\/2024\/08\/Pajaritos-Magic-Truffles-by-Primal-Focus.webp","type":"image\/webp"}],"twitter_card":"summary_large_image","twitter_site":"@primalfocus_eu","twitter_misc":{"Tempo estimado de leitura":"2 minutos"},"schema":{"@context":"https:\/\/schema.org","@graph":[{"@type":"WebPage","@id":"https:\/\/primalfocus.eu\/pt\/magic-truffles-pajaritos\/","url":"https:\/\/primalfocus.eu\/pt\/magic-truffles-pajaritos\/","name":"Comprar Trufas Pajaritos: leves, sociais e para principiantes","isPartOf":{"@id":"https:\/\/primalfocus.eu\/pt\/#website"},"primaryImageOfPage":{"@id":"https:\/\/primalfocus.eu\/pt\/magic-truffles-pajaritos\/#primaryimage"},"image":{"@id":"https:\/\/primalfocus.eu\/pt\/magic-truffles-pajaritos\/#primaryimage"},"thumbnailUrl":"https:\/\/primalfocus.eu\/wp-content\/uploads\/2024\/08\/Pajaritos-Magic-Truffles-by-Primal-Focus.webp","datePublished":"2024-08-07T12:05:45+00:00","dateModified":"2026-04-03T11:14:14+00:00","description":"Descubra as Trufas Pajaritos para uma viagem luminosa, social e para principiantes. Visuais suaves, energia feliz e uma mente clara. Envio fresco e seguro para a UE.","breadcrumb":{"@id":"https:\/\/primalfocus.eu\/pt\/magic-truffles-pajaritos\/#breadcrumb"},"inLanguage":"pt-PT","potentialAction":[{"@type":"ReadAction","target":["https:\/\/primalfocus.eu\/pt\/magic-truffles-pajaritos\/"]}]},{"@type":"ImageObject","inLanguage":"pt-PT","@id":"https:\/\/primalfocus.eu\/pt\/magic-truffles-pajaritos\/#primaryimage","url":"https:\/\/primalfocus.eu\/wp-content\/uploads\/2024\/08\/Pajaritos-Magic-Truffles-by-Primal-Focus.webp","contentUrl":"https:\/\/primalfocus.eu\/wp-content\/uploads\/2024\/08\/Pajaritos-Magic-Truffles-by-Primal-Focus.webp","width":1080,"height":1080,"caption":"Pajaritos Magic Truffles by Primal Focus"},{"@type":"BreadcrumbList","@id":"https:\/\/primalfocus.eu\/pt\/magic-truffles-pajaritos\/#breadcrumb","itemListElement":[{"@type":"ListItem","position":1,"name":"Home","item":"https:\/\/primalfocus.eu\/"},{"@type":"ListItem","position":2,"name":"Shop","item":"https:\/\/primalfocus.eu\/products\/"},{"@type":"ListItem","position":3,"name":"Macrodosing","item":"https:\/\/primalfocus.eu\/macrodosing\/"},{"@type":"ListItem","position":4,"name":"Magic Truffles","item":"https:\/\/primalfocus.eu\/magic-truffles\/"},{"@type":"ListItem","position":5,"name":"Pajaritos Truffles"}]},{"@type":"WebSite","@id":"https:\/\/primalfocus.eu\/pt\/#website","url":"https:\/\/primalfocus.eu\/pt\/","name":"Primal Focus","description":"Comprar psicad\u00e9licos legais online","publisher":{"@id":"https:\/\/primalfocus.eu\/pt\/#organization"},"potentialAction":[{"@type":"SearchAction","target":{"@type":"EntryPoint","urlTemplate":"https:\/\/primalfocus.eu\/pt\/?s={search_term_string}"},"query-input":{"@type":"PropertyValueSpecification","valueRequired":true,"valueName":"search_term_string"}}],"inLanguage":"pt-PT"},{"@type":"Organization","@id":"https:\/\/primalfocus.eu\/pt\/#organization","name":"Primal Focus","alternateName":"primalfocus.eu","url":"https:\/\/primalfocus.eu\/pt\/","logo":{"@type":"ImageObject","inLanguage":"pt-PT","@id":"https:\/\/primalfocus.eu\/pt\/#\/schema\/logo\/image\/","url":"https:\/\/primalfocus.eu\/wp-content\/uploads\/2025\/11\/primal-focus-logo-header.svg","contentUrl":"https:\/\/primalfocus.eu\/wp-content\/uploads\/2025\/11\/primal-focus-logo-header.svg","caption":"Primal Focus"},"image":{"@id":"https:\/\/primalfocus.eu\/pt\/#\/schema\/logo\/image\/"},"sameAs":["https:\/\/www.facebook.com\/profile.php?id=61575377667059","https:\/\/x.com\/primalfocus_eu","https:\/\/www.instagram.com\/primalfocus.store\/"]}]}},"jetpack_sharing_enabled":true,"_links":{"self":[{"href":"https:\/\/primalfocus.eu\/pt\/wp-json\/wp\/v2\/product\/352650","targetHints":{"allow":["GET"]}}],"collection":[{"href":"https:\/\/primalfocus.eu\/pt\/wp-json\/wp\/v2\/product"}],"about":[{"href":"https:\/\/primalfocus.eu\/pt\/wp-json\/wp\/v2\/types\/product"}],"replies":[{"embeddable":true,"href":"https:\/\/primalfocus.eu\/pt\/wp-json\/wp\/v2\/comments?post=352650"}],"wp:featuredmedia":[{"embeddable":true,"href":"https:\/\/primalfocus.eu\/pt\/wp-json\/wp\/v2\/media\/654395"}],"wp:attachment":[{"href":"https:\/\/primalfocus.eu\/pt\/wp-json\/wp\/v2\/media?parent=352650"}],"wp:term":[{"taxonomy":"product_brand","embeddable":true,"href":"https:\/\/primalfocus.eu\/pt\/wp-json\/wp\/v2\/product_brand?post=352650"},{"taxonomy":"product_cat","embeddable":true,"href":"https:\/\/primalfocus.eu\/pt\/wp-json\/wp\/v2\/product_cat?post=352650"},{"taxonomy":"product_tag","embeddable":true,"href":"https:\/\/primalfocus.eu\/pt\/wp-json\/wp\/v2\/product_tag?post=352650"}],"curies":[{"name":"wp","href":"https:\/\/api.w.org\/{rel}","templated":true}]}}