{"id":352395,"date":"2024-08-07T11:18:03","date_gmt":"2024-08-07T09:18:03","guid":{"rendered":"https:\/\/primalfocus.eu\/?post_type=product&#038;p=352395"},"modified":"2026-03-20T13:57:13","modified_gmt":"2026-03-20T12:57:13","slug":"kit-de-cultivo-de-cogumelos-magicos-tailandeses","status":"publish","type":"product","link":"https:\/\/primalfocus.eu\/pt\/magic-mushroom-grow-kit-thai\/","title":{"rendered":"Kit de cultivo tailand\u00eas"},"content":{"rendered":"<p>Cultiva facilmente os teus pr\u00f3prios cogumelos tailandeses brilhantes e estimulantes. O kit de cultivo tailand\u00eas d\u00e1-te tudo o que precisas para cultivar cogumelos psilocibinos vibrantes em casa. Simples, seguro e cheio de energia alegre.<\/p>\n<h2>O que s\u00e3o cogumelos tailandeses?<\/h2>\n<p>Os cogumelos tailandeses s\u00e3o origin\u00e1rios da ilha tropical de Koh Samui, na Tail\u00e2ndia, onde foram descobertos pela primeira vez nos anos 90 pelo etnomic\u00f3logo John Allen. Conhecidos pela sua energia alegre e l\u00facida, estes cogumelos t\u00eam uma hist\u00f3ria cultural rica. Tornaram-se populares durante as reuni\u00f5es de Lua Cheia em todo o Sudeste Asi\u00e1tico e s\u00e3o adorados pelo seu crescimento r\u00e1pido e efeitos brilhantes e equilibrados.<\/p>\n<h2>O que \u00e9 que est\u00e1 dentro da caixa?<\/h2>\n<p>Este completo <a href=\"\/pt\/%e2%80%9dhttps%3a\/\/primalfocus.eu\/categoria-produto\/viajando\/kits-de-cultivo-2\/%e2%80%9d\/\">kit de cultivo<\/a> inclui tudo o que precisa para come\u00e7ar de imediato:<\/p>\n<ul>\n<li>Caixa de cultivo de mic\u00e9lio tailand\u00eas de 1200 ml (totalmente colonizado e pronto a usar)<\/li>\n<li>1 saco de cultivo com filtro de ar<\/li>\n<li>2 clipes de papel<\/li>\n<li>Manual de cultivo passo-a-passo<\/li>\n<\/ul>\n<p>N\u00e3o \u00e9 necess\u00e1ria qualquer experi\u00eancia pr\u00e9via ou ferramentas extra. Basta seguir o guia e ver os seus cogumelos crescerem.<\/p>\n<h2>O que esperar da sua colheita<\/h2>\n<p>Cada kit de cultivo tailand\u00eas produz entre 150 e 300 gramas de cogumelos frescos; cerca de 15 a 30 gramas de cogumelos secos. Os cogumelos tailandeses s\u00e3o conhecidos pela sua natureza soci\u00e1vel e alegre. Esperam-se imagens n\u00edtidas, efeitos de eleva\u00e7\u00e3o do humor e uma sensa\u00e7\u00e3o de liga\u00e7\u00e3o que os torna perfeitos para principiantes, experi\u00eancias de grupo ou sess\u00f5es criativas.<\/p>\n<h2>Armazenamento e informa\u00e7\u00f5es importantes<\/h2>\n<p>Guardar o kit de cultivo no frigor\u00edfico (2-5\u00b0C) assim que chegar. O prazo de validade \u00e9 de at\u00e9 quatro semanas sem abrir. Quando iniciares o processo, mant\u00e9m o kit \u00e0 temperatura ambiente e segue cuidadosamente as instru\u00e7\u00f5es inclu\u00eddas para obteres os melhores resultados.<\/p>\n<h2>Notas-chave (ler atentamente)<\/h2>\n<ul>\n<li>N\u00e3o consumir cogumelos m\u00e1gicos se estiveres mentalmente inst\u00e1vel, sob medica\u00e7\u00e3o ou com tend\u00eancia para psicose<\/li>\n<li>Evitar a utiliza\u00e7\u00e3o durante a gravidez ou se tiver menos de 18 anos de idade<\/li>\n<li>Utilizar sempre num ambiente calmo e seguro, de prefer\u00eancia com uma pessoa s\u00f3bria<\/li>\n<li>Nunca combinar cogumelos com \u00e1lcool ou outras drogas<\/li>\n<li>Os nossos kits de cultivo s\u00e3o 100% legais nos Pa\u00edses Baixos ao abrigo da legisla\u00e7\u00e3o neerlandesa<\/li>\n<li>Transporte mar\u00edtimo \u00e0 escala da UE permitido ao abrigo da Lei do Reconhecimento M\u00fatuo de Mercadorias<\/li>\n<\/ul>","protected":false},"excerpt":{"rendered":"<p>Grow your own bright, uplifting Thai mushrooms with ease. The Thai grow kit gives you everything you need to cultivate [&hellip;]<\/p>\n","protected":false},"featured_media":896996,"comment_status":"open","ping_status":"closed","template":"","meta":{"site-sidebar-layout":"default","site-content-layout":"default","ast-site-content-layout":"default","site-content-style":"default","site-sidebar-style":"default","ast-global-header-display":"","ast-banner-title-visibility":"","ast-main-header-display":"","ast-hfb-above-header-display":"","ast-hfb-below-header-display":"","ast-hfb-mobile-header-display":"","site-post-title":"","ast-breadcrumbs-content":"","ast-featured-img":"","footer-sml-layout":"","ast-disable-related-posts":"","theme-transparent-header-meta":"default","adv-header-id-meta":"","stick-header-meta":"","header-above-stick-meta":"","header-main-stick-meta":"","header-below-stick-meta":"","astra-migrate-meta-layouts":"set","ast-page-background-enabled":"default","ast-page-background-meta":{"desktop":{"background-color":"","background-image":"","background-repeat":"repeat","background-position":"center center","background-size":"auto","background-attachment":"scroll","background-type":"","background-media":"","overlay-type":"","overlay-color":"","overlay-opacity":"","overlay-gradient":""},"tablet":{"background-color":"","background-image":"","background-repeat":"repeat","background-position":"center center","background-size":"auto","background-attachment":"scroll","background-type":"","background-media":"","overlay-type":"","overlay-color":"","overlay-opacity":"","overlay-gradient":""},"mobile":{"background-color":"","background-image":"","background-repeat":"repeat","background-position":"center center","background-size":"auto","background-attachment":"scroll","background-type":"","background-media":"","overlay-type":"","overlay-color":"","overlay-opacity":"","overlay-gradient":""}},"ast-content-background-meta":{"desktop":{"background-color":"var(--ast-global-color-5)","background-image":"","background-repeat":"repeat","background-position":"center center","background-size":"auto","background-attachment":"scroll","background-type":"","background-media":"","overlay-type":"","overlay-color":"","overlay-opacity":"","overlay-gradient":""},"tablet":{"background-color":"var(--ast-global-color-5)","background-image":"","background-repeat":"repeat","background-position":"center center","background-size":"auto","background-attachment":"scroll","background-type":"","background-media":"","overlay-type":"","overlay-color":"","overlay-opacity":"","overlay-gradient":""},"mobile":{"background-color":"var(--ast-global-color-5)","background-image":"","background-repeat":"repeat","background-position":"center center","background-size":"auto","background-attachment":"scroll","background-type":"","background-media":"","overlay-type":"","overlay-color":"","overlay-opacity":"","overlay-gradient":""}}},"product_brand":[129],"product_cat":[92,110],"product_tag":[],"class_list":{"0":"post-352395","1":"product","2":"type-product","3":"status-publish","4":"has-post-thumbnail","6":"product_brand-primal-focus","7":"product_cat-macrodosing","8":"product_cat-grow-kits","9":"product_shipping_class-pakket","10":"desktop-align-center","11":"tablet-align-left","12":"mobile-align-left","14":"first","15":"instock","16":"sale","17":"taxable","18":"shipping-taxable","19":"purchasable","20":"product-type-simple"},"yoast_head":"<!-- This site is optimized with the Yoast SEO plugin v27.3 - https:\/\/yoast.com\/product\/yoast-seo-wordpress\/ -->\n<title>Order the Thai grow kit for mindful exploration<\/title>\n<meta name=\"description\" content=\"Find the Thai grow kit at Primal Focus. Grow natural mushrooms easily at home and enjoy clarity, connection and gentle creative energy.\" \/>\n<meta name=\"robots\" content=\"index, follow, max-snippet:-1, max-image-preview:large, max-video-preview:-1\" \/>\n<link rel=\"canonical\" href=\"https:\/\/primalfocus.eu\/pt\/kit-de-cultivo-de-cogumelos-magicos-tailandeses\/\" \/>\n<meta property=\"og:locale\" content=\"pt_PT\" \/>\n<meta property=\"og:type\" content=\"article\" \/>\n<meta property=\"og:title\" content=\"Order the Thai grow kit for mindful exploration\" \/>\n<meta property=\"og:description\" content=\"Find the Thai grow kit at Primal Focus. Grow natural mushrooms easily at home and enjoy clarity, connection and gentle creative energy.\" \/>\n<meta property=\"og:url\" content=\"https:\/\/primalfocus.eu\/pt\/kit-de-cultivo-de-cogumelos-magicos-tailandeses\/\" \/>\n<meta property=\"og:site_name\" content=\"Primal Focus\" \/>\n<meta property=\"article:publisher\" content=\"https:\/\/www.facebook.com\/profile.php?id=61575377667059\" \/>\n<meta property=\"article:modified_time\" content=\"2026-03-20T12:57:13+00:00\" \/>\n<meta property=\"og:image\" content=\"https:\/\/primalfocus.eu\/wp-content\/uploads\/2024\/08\/Thai-Magic-Mushroom-Grow-Kit.webp\" \/>\n\t<meta property=\"og:image:width\" content=\"1000\" \/>\n\t<meta property=\"og:image:height\" content=\"1000\" \/>\n\t<meta property=\"og:image:type\" content=\"image\/webp\" \/>\n<meta name=\"twitter:card\" content=\"summary_large_image\" \/>\n<meta name=\"twitter:site\" content=\"@primalfocus_eu\" \/>\n<meta name=\"twitter:label1\" content=\"Tempo estimado de leitura\" \/>\n\t<meta name=\"twitter:data1\" content=\"2 minutos\" \/>\n<script type=\"application\/ld+json\" class=\"yoast-schema-graph\">{\"@context\":\"https:\\\/\\\/schema.org\",\"@graph\":[{\"@type\":\"WebPage\",\"@id\":\"https:\\\/\\\/primalfocus.eu\\\/pt\\\/magic-mushroom-grow-kit-thai\\\/\",\"url\":\"https:\\\/\\\/primalfocus.eu\\\/pt\\\/magic-mushroom-grow-kit-thai\\\/\",\"name\":\"Order the Thai grow kit for mindful exploration\",\"isPartOf\":{\"@id\":\"https:\\\/\\\/primalfocus.eu\\\/pt\\\/#website\"},\"primaryImageOfPage\":{\"@id\":\"https:\\\/\\\/primalfocus.eu\\\/pt\\\/magic-mushroom-grow-kit-thai\\\/#primaryimage\"},\"image\":{\"@id\":\"https:\\\/\\\/primalfocus.eu\\\/pt\\\/magic-mushroom-grow-kit-thai\\\/#primaryimage\"},\"thumbnailUrl\":\"https:\\\/\\\/primalfocus.eu\\\/wp-content\\\/uploads\\\/2024\\\/08\\\/Thai-Magic-Mushroom-Grow-Kit.webp\",\"datePublished\":\"2024-08-07T09:18:03+00:00\",\"dateModified\":\"2026-03-20T12:57:13+00:00\",\"description\":\"Find the Thai grow kit at Primal Focus. Grow natural mushrooms easily at home and enjoy clarity, connection and gentle creative energy.\",\"breadcrumb\":{\"@id\":\"https:\\\/\\\/primalfocus.eu\\\/pt\\\/magic-mushroom-grow-kit-thai\\\/#breadcrumb\"},\"inLanguage\":\"pt-PT\",\"potentialAction\":[{\"@type\":\"ReadAction\",\"target\":[\"https:\\\/\\\/primalfocus.eu\\\/pt\\\/magic-mushroom-grow-kit-thai\\\/\"]}]},{\"@type\":\"ImageObject\",\"inLanguage\":\"pt-PT\",\"@id\":\"https:\\\/\\\/primalfocus.eu\\\/pt\\\/magic-mushroom-grow-kit-thai\\\/#primaryimage\",\"url\":\"https:\\\/\\\/primalfocus.eu\\\/wp-content\\\/uploads\\\/2024\\\/08\\\/Thai-Magic-Mushroom-Grow-Kit.webp\",\"contentUrl\":\"https:\\\/\\\/primalfocus.eu\\\/wp-content\\\/uploads\\\/2024\\\/08\\\/Thai-Magic-Mushroom-Grow-Kit.webp\",\"width\":1000,\"height\":1000,\"caption\":\"Thai Magic Mushroom Grow Kit\"},{\"@type\":\"BreadcrumbList\",\"@id\":\"https:\\\/\\\/primalfocus.eu\\\/pt\\\/magic-mushroom-grow-kit-thai\\\/#breadcrumb\",\"itemListElement\":[{\"@type\":\"ListItem\",\"position\":1,\"name\":\"Home\",\"item\":\"https:\\\/\\\/primalfocus.eu\\\/\"},{\"@type\":\"ListItem\",\"position\":2,\"name\":\"Shop\",\"item\":\"https:\\\/\\\/primalfocus.eu\\\/products\\\/\"},{\"@type\":\"ListItem\",\"position\":3,\"name\":\"Macrodosing\",\"item\":\"https:\\\/\\\/primalfocus.eu\\\/macrodosing\\\/\"},{\"@type\":\"ListItem\",\"position\":4,\"name\":\"Mushroom grow kit\",\"item\":\"https:\\\/\\\/primalfocus.eu\\\/grow-kits\\\/\"},{\"@type\":\"ListItem\",\"position\":5,\"name\":\"Thai grow kit\"}]},{\"@type\":\"WebSite\",\"@id\":\"https:\\\/\\\/primalfocus.eu\\\/pt\\\/#website\",\"url\":\"https:\\\/\\\/primalfocus.eu\\\/pt\\\/\",\"name\":\"Primal Focus\",\"description\":\"Buy legal psychedelics online\",\"publisher\":{\"@id\":\"https:\\\/\\\/primalfocus.eu\\\/pt\\\/#organization\"},\"potentialAction\":[{\"@type\":\"SearchAction\",\"target\":{\"@type\":\"EntryPoint\",\"urlTemplate\":\"https:\\\/\\\/primalfocus.eu\\\/pt\\\/?s={search_term_string}\"},\"query-input\":{\"@type\":\"PropertyValueSpecification\",\"valueRequired\":true,\"valueName\":\"search_term_string\"}}],\"inLanguage\":\"pt-PT\"},{\"@type\":\"Organization\",\"@id\":\"https:\\\/\\\/primalfocus.eu\\\/pt\\\/#organization\",\"name\":\"Primal Focus\",\"alternateName\":\"primalfocus.eu\",\"url\":\"https:\\\/\\\/primalfocus.eu\\\/pt\\\/\",\"logo\":{\"@type\":\"ImageObject\",\"inLanguage\":\"pt-PT\",\"@id\":\"https:\\\/\\\/primalfocus.eu\\\/pt\\\/#\\\/schema\\\/logo\\\/image\\\/\",\"url\":\"https:\\\/\\\/primalfocus.eu\\\/wp-content\\\/uploads\\\/2025\\\/11\\\/primal-focus-logo-header.svg\",\"contentUrl\":\"https:\\\/\\\/primalfocus.eu\\\/wp-content\\\/uploads\\\/2025\\\/11\\\/primal-focus-logo-header.svg\",\"caption\":\"Primal Focus\"},\"image\":{\"@id\":\"https:\\\/\\\/primalfocus.eu\\\/pt\\\/#\\\/schema\\\/logo\\\/image\\\/\"},\"sameAs\":[\"https:\\\/\\\/www.facebook.com\\\/profile.php?id=61575377667059\",\"https:\\\/\\\/x.com\\\/primalfocus_eu\",\"https:\\\/\\\/www.instagram.com\\\/primalfocus.store\\\/\"]}]}<\/script>\n<!-- \/ Yoast SEO plugin. -->","yoast_head_json":{"title":"Encomendar o kit de cultivo tailand\u00eas para uma explora\u00e7\u00e3o consciente","description":"Encontre o kit de cultivo tailand\u00eas na Primal Focus. Cultive cogumelos naturais facilmente em casa e desfrute de clareza, liga\u00e7\u00e3o e energia criativa suave.","robots":{"index":"index","follow":"follow","max-snippet":"max-snippet:-1","max-image-preview":"max-image-preview:large","max-video-preview":"max-video-preview:-1"},"canonical":"https:\/\/primalfocus.eu\/pt\/kit-de-cultivo-de-cogumelos-magicos-tailandeses\/","og_locale":"pt_PT","og_type":"article","og_title":"Order the Thai grow kit for mindful exploration","og_description":"Find the Thai grow kit at Primal Focus. Grow natural mushrooms easily at home and enjoy clarity, connection and gentle creative energy.","og_url":"https:\/\/primalfocus.eu\/pt\/kit-de-cultivo-de-cogumelos-magicos-tailandeses\/","og_site_name":"Primal Focus","article_publisher":"https:\/\/www.facebook.com\/profile.php?id=61575377667059","article_modified_time":"2026-03-20T12:57:13+00:00","og_image":[{"width":1000,"height":1000,"url":"https:\/\/primalfocus.eu\/wp-content\/uploads\/2024\/08\/Thai-Magic-Mushroom-Grow-Kit.webp","type":"image\/webp"}],"twitter_card":"summary_large_image","twitter_site":"@primalfocus_eu","twitter_misc":{"Tempo estimado de leitura":"2 minutos"},"schema":{"@context":"https:\/\/schema.org","@graph":[{"@type":"WebPage","@id":"https:\/\/primalfocus.eu\/pt\/magic-mushroom-grow-kit-thai\/","url":"https:\/\/primalfocus.eu\/pt\/magic-mushroom-grow-kit-thai\/","name":"Encomendar o kit de cultivo tailand\u00eas para uma explora\u00e7\u00e3o consciente","isPartOf":{"@id":"https:\/\/primalfocus.eu\/pt\/#website"},"primaryImageOfPage":{"@id":"https:\/\/primalfocus.eu\/pt\/magic-mushroom-grow-kit-thai\/#primaryimage"},"image":{"@id":"https:\/\/primalfocus.eu\/pt\/magic-mushroom-grow-kit-thai\/#primaryimage"},"thumbnailUrl":"https:\/\/primalfocus.eu\/wp-content\/uploads\/2024\/08\/Thai-Magic-Mushroom-Grow-Kit.webp","datePublished":"2024-08-07T09:18:03+00:00","dateModified":"2026-03-20T12:57:13+00:00","description":"Encontre o kit de cultivo tailand\u00eas na Primal Focus. Cultive cogumelos naturais facilmente em casa e desfrute de clareza, liga\u00e7\u00e3o e energia criativa suave.","breadcrumb":{"@id":"https:\/\/primalfocus.eu\/pt\/magic-mushroom-grow-kit-thai\/#breadcrumb"},"inLanguage":"pt-PT","potentialAction":[{"@type":"ReadAction","target":["https:\/\/primalfocus.eu\/pt\/magic-mushroom-grow-kit-thai\/"]}]},{"@type":"ImageObject","inLanguage":"pt-PT","@id":"https:\/\/primalfocus.eu\/pt\/magic-mushroom-grow-kit-thai\/#primaryimage","url":"https:\/\/primalfocus.eu\/wp-content\/uploads\/2024\/08\/Thai-Magic-Mushroom-Grow-Kit.webp","contentUrl":"https:\/\/primalfocus.eu\/wp-content\/uploads\/2024\/08\/Thai-Magic-Mushroom-Grow-Kit.webp","width":1000,"height":1000,"caption":"Thai Magic Mushroom Grow Kit"},{"@type":"BreadcrumbList","@id":"https:\/\/primalfocus.eu\/pt\/magic-mushroom-grow-kit-thai\/#breadcrumb","itemListElement":[{"@type":"ListItem","position":1,"name":"Home","item":"https:\/\/primalfocus.eu\/"},{"@type":"ListItem","position":2,"name":"Shop","item":"https:\/\/primalfocus.eu\/products\/"},{"@type":"ListItem","position":3,"name":"Macrodosing","item":"https:\/\/primalfocus.eu\/macrodosing\/"},{"@type":"ListItem","position":4,"name":"Mushroom grow kit","item":"https:\/\/primalfocus.eu\/grow-kits\/"},{"@type":"ListItem","position":5,"name":"Thai grow kit"}]},{"@type":"WebSite","@id":"https:\/\/primalfocus.eu\/pt\/#website","url":"https:\/\/primalfocus.eu\/pt\/","name":"Primal Focus","description":"Comprar psicad\u00e9licos legais online","publisher":{"@id":"https:\/\/primalfocus.eu\/pt\/#organization"},"potentialAction":[{"@type":"SearchAction","target":{"@type":"EntryPoint","urlTemplate":"https:\/\/primalfocus.eu\/pt\/?s={search_term_string}"},"query-input":{"@type":"PropertyValueSpecification","valueRequired":true,"valueName":"search_term_string"}}],"inLanguage":"pt-PT"},{"@type":"Organization","@id":"https:\/\/primalfocus.eu\/pt\/#organization","name":"Primal Focus","alternateName":"primalfocus.eu","url":"https:\/\/primalfocus.eu\/pt\/","logo":{"@type":"ImageObject","inLanguage":"pt-PT","@id":"https:\/\/primalfocus.eu\/pt\/#\/schema\/logo\/image\/","url":"https:\/\/primalfocus.eu\/wp-content\/uploads\/2025\/11\/primal-focus-logo-header.svg","contentUrl":"https:\/\/primalfocus.eu\/wp-content\/uploads\/2025\/11\/primal-focus-logo-header.svg","caption":"Primal Focus"},"image":{"@id":"https:\/\/primalfocus.eu\/pt\/#\/schema\/logo\/image\/"},"sameAs":["https:\/\/www.facebook.com\/profile.php?id=61575377667059","https:\/\/x.com\/primalfocus_eu","https:\/\/www.instagram.com\/primalfocus.store\/"]}]}},"jetpack_sharing_enabled":true,"_links":{"self":[{"href":"https:\/\/primalfocus.eu\/pt\/wp-json\/wp\/v2\/product\/352395","targetHints":{"allow":["GET"]}}],"collection":[{"href":"https:\/\/primalfocus.eu\/pt\/wp-json\/wp\/v2\/product"}],"about":[{"href":"https:\/\/primalfocus.eu\/pt\/wp-json\/wp\/v2\/types\/product"}],"replies":[{"embeddable":true,"href":"https:\/\/primalfocus.eu\/pt\/wp-json\/wp\/v2\/comments?post=352395"}],"wp:featuredmedia":[{"embeddable":true,"href":"https:\/\/primalfocus.eu\/pt\/wp-json\/wp\/v2\/media\/896996"}],"wp:attachment":[{"href":"https:\/\/primalfocus.eu\/pt\/wp-json\/wp\/v2\/media?parent=352395"}],"wp:term":[{"taxonomy":"product_brand","embeddable":true,"href":"https:\/\/primalfocus.eu\/pt\/wp-json\/wp\/v2\/product_brand?post=352395"},{"taxonomy":"product_cat","embeddable":true,"href":"https:\/\/primalfocus.eu\/pt\/wp-json\/wp\/v2\/product_cat?post=352395"},{"taxonomy":"product_tag","embeddable":true,"href":"https:\/\/primalfocus.eu\/pt\/wp-json\/wp\/v2\/product_tag?post=352395"}],"curies":[{"name":"wp","href":"https:\/\/api.w.org\/{rel}","templated":true}]}}