{"id":352248,"date":"2024-08-07T09:27:50","date_gmt":"2024-08-07T07:27:50","guid":{"rendered":"https:\/\/primalfocus.eu\/?post_type=product&#038;p=352248"},"modified":"2026-03-24T22:25:18","modified_gmt":"2026-03-24T21:25:18","slug":"kit-de-cultivo-de-cogumelos-magicos-colombiano","status":"publish","type":"product","link":"https:\/\/primalfocus.eu\/pt\/magic-mushroom-grow-kit-colombian\/","title":{"rendered":"Kit de cultivo colombiano"},"content":{"rendered":"<p>Cultiva cogumelos poderosos, que expandem a mente, com percep\u00e7\u00f5es profundas e efeitos sociais calorosos. Os <strong>Kit de cultivo colombiano<\/strong> oferece uma forma f\u00e1cil para principiantes de cultivar os seus pr\u00f3prios cogumelos m\u00e1gicos naturais em casa, com rendimentos impressionantes e resultados profundos.<\/p>\n<h2>Porqu\u00ea o nome Colombiano?<\/h2>\n<p>Esta variedade tem o seu nome das montanhas selvagens da Col\u00f4mbia, onde a Psilocybe cubensis cresce naturalmente em climas quentes e h\u00famidos. A variedade colombiana \u00e9 conhecida pela sua profundidade espiritual, efeitos visuais suaves e capacidade de promover a autorreflex\u00e3o e a liga\u00e7\u00e3o com os outros.<\/p>\n<h2>O que torna o kit colombiano especial?<\/h2>\n<p>Os cogumelos colombianos s\u00e3o muitas vezes chamados de \u201ccogumelos sociais\u201d pelos seus efeitos equilibrados e pela sua natureza que abre o cora\u00e7\u00e3o. Oferecem imagens n\u00edtidas, clareza emocional e um profundo sentido de liga\u00e7\u00e3o. Esta variedade \u00e9 tolerante para os principiantes, produzindo colheitas fortes e fi\u00e1veis mesmo com um esfor\u00e7o m\u00ednimo.<\/p>\n<p>Ideal para:<\/p>\n<ul>\n<li>Autorreflex\u00e3o profunda<\/li>\n<li>Conversas honestas<\/li>\n<li>Viagens interiores calmas<\/li>\n<\/ul>\n<h2>O que \u00e9 que est\u00e1 dentro da caixa?<\/h2>\n<p>Inclui tudo o que \u00e9 necess\u00e1rio para cultivar os seus pr\u00f3prios cogumelos de forma segura e f\u00e1cil:<\/p>\n<ul>\n<li>Caixa de cultivo de 1200 ml (pronta a usar)<\/li>\n<li>1 saco de cultivo com microfiltro<\/li>\n<li>2 clipes de papel<\/li>\n<li>Guia de cultivo completo e ilustrado<\/li>\n<\/ul>\n<p>N\u00e3o \u00e9 necess\u00e1ria qualquer experi\u00eancia pr\u00e9via de cultivo. Basta seguir os passos e esperar que a natureza fa\u00e7a o seu trabalho. Tamb\u00e9m pode explorar os nossos outros <a href=\"https:\/\/primalfocus.eu\/pt\/categoria-produto\/viajando\/kits-de-cultivo-2\/\">kits de cultivo<\/a> aqui.<\/p>\n<h2>Qu\u00e3o potentes s\u00e3o os cogumelos?<\/h2>\n<p>Os cogumelos colombianos est\u00e3o entre as variedades mais poderosas de Psilocybe cubensis. Mesmo pequenas doses podem trazer uma vis\u00e3o emocional profunda e uma consci\u00eancia elevada. Embora produzam efeitos visuais agrad\u00e1veis, a sua verdadeira for\u00e7a reside na sua profundidade emocional e espiritual - ligando a mente, o corpo e a empatia.<\/p>\n<h2>Armazenamento e notas importantes<\/h2>\n<p>Guardar o kit de cultivo no frigor\u00edfico imediatamente ap\u00f3s a chegada. O prazo de validade \u00e9 de aproximadamente um m\u00eas. Como este \u00e9 um produto natural, os resultados podem variar. A maioria dos utilizadores obt\u00e9m excelentes rendimentos, mas o sucesso n\u00e3o pode ser garantido. Para obteres melhores resultados, segue passo a passo o manual inclu\u00eddo.<\/p>\n<h2>Notas-chave (ler atentamente)<\/h2>\n<ul>\n<li>N\u00e3o utilizar se for mentalmente inst\u00e1vel, ansioso, deprimido ou se tiver antecedentes familiares de psicose<\/li>\n<li>Evitar durante a gravidez, com menores de 18 anos ou em caso de utiliza\u00e7\u00e3o de antidepressivos ou antipsic\u00f3ticos<\/li>\n<li>Utilizar apenas num ambiente seguro, de prefer\u00eancia com a presen\u00e7a de uma pessoa s\u00f3bria<\/li>\n<li>Nunca combinar com \u00e1lcool ou outras subst\u00e2ncias<\/li>\n<li>100% legal nos Pa\u00edses Baixos e vendido para fins de cultivo dom\u00e9stico<\/li>\n<li>Transporte mar\u00edtimo a n\u00edvel da UE permitido ao abrigo da Lei do Reconhecimento M\u00fatuo de Mercadorias<\/li>\n<\/ul>","protected":false},"excerpt":{"rendered":"<p>Cultivate powerful, mind-expanding mushrooms with deep insights and warm social effects. The Colombian grow kit offers a beginner-friendly way to [&hellip;]<\/p>\n","protected":false},"featured_media":896995,"comment_status":"open","ping_status":"closed","template":"","meta":{"site-sidebar-layout":"default","site-content-layout":"default","ast-site-content-layout":"default","site-content-style":"default","site-sidebar-style":"default","ast-global-header-display":"","ast-banner-title-visibility":"","ast-main-header-display":"","ast-hfb-above-header-display":"","ast-hfb-below-header-display":"","ast-hfb-mobile-header-display":"","site-post-title":"","ast-breadcrumbs-content":"","ast-featured-img":"","footer-sml-layout":"","ast-disable-related-posts":"","theme-transparent-header-meta":"default","adv-header-id-meta":"","stick-header-meta":"","header-above-stick-meta":"","header-main-stick-meta":"","header-below-stick-meta":"","astra-migrate-meta-layouts":"set","ast-page-background-enabled":"default","ast-page-background-meta":{"desktop":{"background-color":"","background-image":"","background-repeat":"repeat","background-position":"center center","background-size":"auto","background-attachment":"scroll","background-type":"","background-media":"","overlay-type":"","overlay-color":"","overlay-opacity":"","overlay-gradient":""},"tablet":{"background-color":"","background-image":"","background-repeat":"repeat","background-position":"center center","background-size":"auto","background-attachment":"scroll","background-type":"","background-media":"","overlay-type":"","overlay-color":"","overlay-opacity":"","overlay-gradient":""},"mobile":{"background-color":"","background-image":"","background-repeat":"repeat","background-position":"center center","background-size":"auto","background-attachment":"scroll","background-type":"","background-media":"","overlay-type":"","overlay-color":"","overlay-opacity":"","overlay-gradient":""}},"ast-content-background-meta":{"desktop":{"background-color":"var(--ast-global-color-5)","background-image":"","background-repeat":"repeat","background-position":"center center","background-size":"auto","background-attachment":"scroll","background-type":"","background-media":"","overlay-type":"","overlay-color":"","overlay-opacity":"","overlay-gradient":""},"tablet":{"background-color":"var(--ast-global-color-5)","background-image":"","background-repeat":"repeat","background-position":"center center","background-size":"auto","background-attachment":"scroll","background-type":"","background-media":"","overlay-type":"","overlay-color":"","overlay-opacity":"","overlay-gradient":""},"mobile":{"background-color":"var(--ast-global-color-5)","background-image":"","background-repeat":"repeat","background-position":"center center","background-size":"auto","background-attachment":"scroll","background-type":"","background-media":"","overlay-type":"","overlay-color":"","overlay-opacity":"","overlay-gradient":""}}},"product_brand":[129],"product_cat":[92,110],"product_tag":[],"class_list":{"0":"post-352248","1":"product","2":"type-product","3":"status-publish","4":"has-post-thumbnail","6":"product_brand-primal-focus","7":"product_cat-macrodosing","8":"product_cat-grow-kits","9":"product_shipping_class-pakket","10":"desktop-align-center","11":"tablet-align-left","12":"mobile-align-left","14":"first","15":"instock","16":"sale","17":"taxable","18":"shipping-taxable","19":"purchasable","20":"product-type-simple"},"yoast_head":"<!-- This site is optimized with the Yoast SEO plugin v27.3 - https:\/\/yoast.com\/product\/yoast-seo-wordpress\/ -->\n<title>Colombian grow kit: deep insights from natural mushrooms<\/title>\n<meta name=\"description\" content=\"Experience the Colombian grow kit from Primal Focus. Grow your own mushrooms naturally, connect deeply and enjoy discreet EU wide delivery and support.\" \/>\n<meta name=\"robots\" content=\"index, follow, max-snippet:-1, max-image-preview:large, max-video-preview:-1\" \/>\n<link rel=\"canonical\" href=\"https:\/\/primalfocus.eu\/pt\/kit-de-cultivo-de-cogumelos-magicos-colombiano\/\" \/>\n<meta property=\"og:locale\" content=\"pt_PT\" \/>\n<meta property=\"og:type\" content=\"article\" \/>\n<meta property=\"og:title\" content=\"Colombian grow kit: deep insights from natural mushrooms\" \/>\n<meta property=\"og:description\" content=\"Experience the Colombian grow kit from Primal Focus. Grow your own mushrooms naturally, connect deeply and enjoy discreet EU wide delivery and support.\" \/>\n<meta property=\"og:url\" content=\"https:\/\/primalfocus.eu\/pt\/kit-de-cultivo-de-cogumelos-magicos-colombiano\/\" \/>\n<meta property=\"og:site_name\" content=\"Primal Focus\" \/>\n<meta property=\"article:publisher\" content=\"https:\/\/www.facebook.com\/profile.php?id=61575377667059\" \/>\n<meta property=\"article:modified_time\" content=\"2026-03-24T21:25:18+00:00\" \/>\n<meta property=\"og:image\" content=\"https:\/\/primalfocus.eu\/wp-content\/uploads\/2024\/08\/Colombian-Grow-Kit.webp\" \/>\n\t<meta property=\"og:image:width\" content=\"1000\" \/>\n\t<meta property=\"og:image:height\" content=\"1000\" \/>\n\t<meta property=\"og:image:type\" content=\"image\/webp\" \/>\n<meta name=\"twitter:card\" content=\"summary_large_image\" \/>\n<meta name=\"twitter:site\" content=\"@primalfocus_eu\" \/>\n<meta name=\"twitter:label1\" content=\"Tempo estimado de leitura\" \/>\n\t<meta name=\"twitter:data1\" content=\"2 minutos\" \/>\n<script type=\"application\/ld+json\" class=\"yoast-schema-graph\">{\"@context\":\"https:\\\/\\\/schema.org\",\"@graph\":[{\"@type\":\"WebPage\",\"@id\":\"https:\\\/\\\/primalfocus.eu\\\/pt\\\/magic-mushroom-grow-kit-colombian\\\/\",\"url\":\"https:\\\/\\\/primalfocus.eu\\\/pt\\\/magic-mushroom-grow-kit-colombian\\\/\",\"name\":\"Colombian grow kit: deep insights from natural mushrooms\",\"isPartOf\":{\"@id\":\"https:\\\/\\\/primalfocus.eu\\\/pt\\\/#website\"},\"primaryImageOfPage\":{\"@id\":\"https:\\\/\\\/primalfocus.eu\\\/pt\\\/magic-mushroom-grow-kit-colombian\\\/#primaryimage\"},\"image\":{\"@id\":\"https:\\\/\\\/primalfocus.eu\\\/pt\\\/magic-mushroom-grow-kit-colombian\\\/#primaryimage\"},\"thumbnailUrl\":\"https:\\\/\\\/primalfocus.eu\\\/wp-content\\\/uploads\\\/2024\\\/08\\\/Colombian-Grow-Kit.webp\",\"datePublished\":\"2024-08-07T07:27:50+00:00\",\"dateModified\":\"2026-03-24T21:25:18+00:00\",\"description\":\"Experience the Colombian grow kit from Primal Focus. Grow your own mushrooms naturally, connect deeply and enjoy discreet EU wide delivery and support.\",\"breadcrumb\":{\"@id\":\"https:\\\/\\\/primalfocus.eu\\\/pt\\\/magic-mushroom-grow-kit-colombian\\\/#breadcrumb\"},\"inLanguage\":\"pt-PT\",\"potentialAction\":[{\"@type\":\"ReadAction\",\"target\":[\"https:\\\/\\\/primalfocus.eu\\\/pt\\\/magic-mushroom-grow-kit-colombian\\\/\"]}]},{\"@type\":\"ImageObject\",\"inLanguage\":\"pt-PT\",\"@id\":\"https:\\\/\\\/primalfocus.eu\\\/pt\\\/magic-mushroom-grow-kit-colombian\\\/#primaryimage\",\"url\":\"https:\\\/\\\/primalfocus.eu\\\/wp-content\\\/uploads\\\/2024\\\/08\\\/Colombian-Grow-Kit.webp\",\"contentUrl\":\"https:\\\/\\\/primalfocus.eu\\\/wp-content\\\/uploads\\\/2024\\\/08\\\/Colombian-Grow-Kit.webp\",\"width\":1000,\"height\":1000,\"caption\":\"Colombian Grow Kit\"},{\"@type\":\"BreadcrumbList\",\"@id\":\"https:\\\/\\\/primalfocus.eu\\\/pt\\\/magic-mushroom-grow-kit-colombian\\\/#breadcrumb\",\"itemListElement\":[{\"@type\":\"ListItem\",\"position\":1,\"name\":\"Home\",\"item\":\"https:\\\/\\\/primalfocus.eu\\\/\"},{\"@type\":\"ListItem\",\"position\":2,\"name\":\"Shop\",\"item\":\"https:\\\/\\\/primalfocus.eu\\\/products\\\/\"},{\"@type\":\"ListItem\",\"position\":3,\"name\":\"Macrodosing\",\"item\":\"https:\\\/\\\/primalfocus.eu\\\/macrodosing\\\/\"},{\"@type\":\"ListItem\",\"position\":4,\"name\":\"Mushroom grow kit\",\"item\":\"https:\\\/\\\/primalfocus.eu\\\/grow-kits\\\/\"},{\"@type\":\"ListItem\",\"position\":5,\"name\":\"Colombian grow kit\"}]},{\"@type\":\"WebSite\",\"@id\":\"https:\\\/\\\/primalfocus.eu\\\/pt\\\/#website\",\"url\":\"https:\\\/\\\/primalfocus.eu\\\/pt\\\/\",\"name\":\"Primal Focus\",\"description\":\"Buy legal psychedelics online\",\"publisher\":{\"@id\":\"https:\\\/\\\/primalfocus.eu\\\/pt\\\/#organization\"},\"potentialAction\":[{\"@type\":\"SearchAction\",\"target\":{\"@type\":\"EntryPoint\",\"urlTemplate\":\"https:\\\/\\\/primalfocus.eu\\\/pt\\\/?s={search_term_string}\"},\"query-input\":{\"@type\":\"PropertyValueSpecification\",\"valueRequired\":true,\"valueName\":\"search_term_string\"}}],\"inLanguage\":\"pt-PT\"},{\"@type\":\"Organization\",\"@id\":\"https:\\\/\\\/primalfocus.eu\\\/pt\\\/#organization\",\"name\":\"Primal Focus\",\"alternateName\":\"primalfocus.eu\",\"url\":\"https:\\\/\\\/primalfocus.eu\\\/pt\\\/\",\"logo\":{\"@type\":\"ImageObject\",\"inLanguage\":\"pt-PT\",\"@id\":\"https:\\\/\\\/primalfocus.eu\\\/pt\\\/#\\\/schema\\\/logo\\\/image\\\/\",\"url\":\"https:\\\/\\\/primalfocus.eu\\\/wp-content\\\/uploads\\\/2025\\\/11\\\/primal-focus-logo-header.svg\",\"contentUrl\":\"https:\\\/\\\/primalfocus.eu\\\/wp-content\\\/uploads\\\/2025\\\/11\\\/primal-focus-logo-header.svg\",\"caption\":\"Primal Focus\"},\"image\":{\"@id\":\"https:\\\/\\\/primalfocus.eu\\\/pt\\\/#\\\/schema\\\/logo\\\/image\\\/\"},\"sameAs\":[\"https:\\\/\\\/www.facebook.com\\\/profile.php?id=61575377667059\",\"https:\\\/\\\/x.com\\\/primalfocus_eu\",\"https:\\\/\\\/www.instagram.com\\\/primalfocus.store\\\/\"]}]}<\/script>\n<!-- \/ Yoast SEO plugin. -->","yoast_head_json":{"title":"Kit de cultivo colombiano: conhecimentos profundos sobre cogumelos naturais","description":"Experimenta o kit de cultivo colombiano da Primal Focus. Cultiva os teus pr\u00f3prios cogumelos naturalmente, liga-te profundamente e desfruta de uma entrega e apoio discretos em toda a UE.","robots":{"index":"index","follow":"follow","max-snippet":"max-snippet:-1","max-image-preview":"max-image-preview:large","max-video-preview":"max-video-preview:-1"},"canonical":"https:\/\/primalfocus.eu\/pt\/kit-de-cultivo-de-cogumelos-magicos-colombiano\/","og_locale":"pt_PT","og_type":"article","og_title":"Colombian grow kit: deep insights from natural mushrooms","og_description":"Experience the Colombian grow kit from Primal Focus. Grow your own mushrooms naturally, connect deeply and enjoy discreet EU wide delivery and support.","og_url":"https:\/\/primalfocus.eu\/pt\/kit-de-cultivo-de-cogumelos-magicos-colombiano\/","og_site_name":"Primal Focus","article_publisher":"https:\/\/www.facebook.com\/profile.php?id=61575377667059","article_modified_time":"2026-03-24T21:25:18+00:00","og_image":[{"width":1000,"height":1000,"url":"https:\/\/primalfocus.eu\/wp-content\/uploads\/2024\/08\/Colombian-Grow-Kit.webp","type":"image\/webp"}],"twitter_card":"summary_large_image","twitter_site":"@primalfocus_eu","twitter_misc":{"Tempo estimado de leitura":"2 minutos"},"schema":{"@context":"https:\/\/schema.org","@graph":[{"@type":"WebPage","@id":"https:\/\/primalfocus.eu\/pt\/magic-mushroom-grow-kit-colombian\/","url":"https:\/\/primalfocus.eu\/pt\/magic-mushroom-grow-kit-colombian\/","name":"Kit de cultivo colombiano: conhecimentos profundos sobre cogumelos naturais","isPartOf":{"@id":"https:\/\/primalfocus.eu\/pt\/#website"},"primaryImageOfPage":{"@id":"https:\/\/primalfocus.eu\/pt\/magic-mushroom-grow-kit-colombian\/#primaryimage"},"image":{"@id":"https:\/\/primalfocus.eu\/pt\/magic-mushroom-grow-kit-colombian\/#primaryimage"},"thumbnailUrl":"https:\/\/primalfocus.eu\/wp-content\/uploads\/2024\/08\/Colombian-Grow-Kit.webp","datePublished":"2024-08-07T07:27:50+00:00","dateModified":"2026-03-24T21:25:18+00:00","description":"Experimenta o kit de cultivo colombiano da Primal Focus. Cultiva os teus pr\u00f3prios cogumelos naturalmente, liga-te profundamente e desfruta de uma entrega e apoio discretos em toda a UE.","breadcrumb":{"@id":"https:\/\/primalfocus.eu\/pt\/magic-mushroom-grow-kit-colombian\/#breadcrumb"},"inLanguage":"pt-PT","potentialAction":[{"@type":"ReadAction","target":["https:\/\/primalfocus.eu\/pt\/magic-mushroom-grow-kit-colombian\/"]}]},{"@type":"ImageObject","inLanguage":"pt-PT","@id":"https:\/\/primalfocus.eu\/pt\/magic-mushroom-grow-kit-colombian\/#primaryimage","url":"https:\/\/primalfocus.eu\/wp-content\/uploads\/2024\/08\/Colombian-Grow-Kit.webp","contentUrl":"https:\/\/primalfocus.eu\/wp-content\/uploads\/2024\/08\/Colombian-Grow-Kit.webp","width":1000,"height":1000,"caption":"Colombian Grow Kit"},{"@type":"BreadcrumbList","@id":"https:\/\/primalfocus.eu\/pt\/magic-mushroom-grow-kit-colombian\/#breadcrumb","itemListElement":[{"@type":"ListItem","position":1,"name":"Home","item":"https:\/\/primalfocus.eu\/"},{"@type":"ListItem","position":2,"name":"Shop","item":"https:\/\/primalfocus.eu\/products\/"},{"@type":"ListItem","position":3,"name":"Macrodosing","item":"https:\/\/primalfocus.eu\/macrodosing\/"},{"@type":"ListItem","position":4,"name":"Mushroom grow kit","item":"https:\/\/primalfocus.eu\/grow-kits\/"},{"@type":"ListItem","position":5,"name":"Colombian grow kit"}]},{"@type":"WebSite","@id":"https:\/\/primalfocus.eu\/pt\/#website","url":"https:\/\/primalfocus.eu\/pt\/","name":"Primal Focus","description":"Comprar psicad\u00e9licos legais online","publisher":{"@id":"https:\/\/primalfocus.eu\/pt\/#organization"},"potentialAction":[{"@type":"SearchAction","target":{"@type":"EntryPoint","urlTemplate":"https:\/\/primalfocus.eu\/pt\/?s={search_term_string}"},"query-input":{"@type":"PropertyValueSpecification","valueRequired":true,"valueName":"search_term_string"}}],"inLanguage":"pt-PT"},{"@type":"Organization","@id":"https:\/\/primalfocus.eu\/pt\/#organization","name":"Primal Focus","alternateName":"primalfocus.eu","url":"https:\/\/primalfocus.eu\/pt\/","logo":{"@type":"ImageObject","inLanguage":"pt-PT","@id":"https:\/\/primalfocus.eu\/pt\/#\/schema\/logo\/image\/","url":"https:\/\/primalfocus.eu\/wp-content\/uploads\/2025\/11\/primal-focus-logo-header.svg","contentUrl":"https:\/\/primalfocus.eu\/wp-content\/uploads\/2025\/11\/primal-focus-logo-header.svg","caption":"Primal Focus"},"image":{"@id":"https:\/\/primalfocus.eu\/pt\/#\/schema\/logo\/image\/"},"sameAs":["https:\/\/www.facebook.com\/profile.php?id=61575377667059","https:\/\/x.com\/primalfocus_eu","https:\/\/www.instagram.com\/primalfocus.store\/"]}]}},"jetpack_sharing_enabled":true,"_links":{"self":[{"href":"https:\/\/primalfocus.eu\/pt\/wp-json\/wp\/v2\/product\/352248","targetHints":{"allow":["GET"]}}],"collection":[{"href":"https:\/\/primalfocus.eu\/pt\/wp-json\/wp\/v2\/product"}],"about":[{"href":"https:\/\/primalfocus.eu\/pt\/wp-json\/wp\/v2\/types\/product"}],"replies":[{"embeddable":true,"href":"https:\/\/primalfocus.eu\/pt\/wp-json\/wp\/v2\/comments?post=352248"}],"wp:featuredmedia":[{"embeddable":true,"href":"https:\/\/primalfocus.eu\/pt\/wp-json\/wp\/v2\/media\/896995"}],"wp:attachment":[{"href":"https:\/\/primalfocus.eu\/pt\/wp-json\/wp\/v2\/media?parent=352248"}],"wp:term":[{"taxonomy":"product_brand","embeddable":true,"href":"https:\/\/primalfocus.eu\/pt\/wp-json\/wp\/v2\/product_brand?post=352248"},{"taxonomy":"product_cat","embeddable":true,"href":"https:\/\/primalfocus.eu\/pt\/wp-json\/wp\/v2\/product_cat?post=352248"},{"taxonomy":"product_tag","embeddable":true,"href":"https:\/\/primalfocus.eu\/pt\/wp-json\/wp\/v2\/product_tag?post=352248"}],"curies":[{"name":"wp","href":"https:\/\/api.w.org\/{rel}","templated":true}]}}