{"id":705202,"date":"2025-06-09T15:49:32","date_gmt":"2025-06-09T13:49:32","guid":{"rendered":"https:\/\/primalfocus.eu\/?page_id=705202"},"modified":"2026-04-08T15:10:59","modified_gmt":"2026-04-08T13:10:59","slug":"estatuto-juridico","status":"publish","type":"page","link":"https:\/\/primalfocus.eu\/pt\/legal-status\/","title":{"rendered":"Estatuto jur\u00eddico"},"content":{"rendered":"<h1 class=\"wp-block-heading\">Estatuto jur\u00eddico dos nossos produtos<\/h1>\n\n\n\n<p>Na Primal Focus, valorizamos a transpar\u00eancia, a conformidade legal e a escolha informada. Esta p\u00e1gina apresenta uma vis\u00e3o geral da situa\u00e7\u00e3o legal de algumas das nossas principais categorias de produtos, incluindo <strong><a href=\"https:\/\/primalfocus.eu\/pt\/categoria-produto\/viajando\/trufas-macrodosagem\/\">Trufas de psilocibina<\/a><\/strong>, <strong><a href=\"https:\/\/primalfocus.eu\/pt\/categoria-produto\/viajando\/kits-de-cultivo-2\/\">Kits de cultivo<\/a><\/strong>, <strong><a href=\"https:\/\/primalfocus.eu\/pt\/lsd-legal\/\">1S-LSD<\/a><\/strong>, <strong><a href=\"https:\/\/primalfocus.eu\/pt\/lsd-legal\/\">1Fe-LSD<\/a><\/strong>, <strong><a href=\"https:\/\/primalfocus.eu\/pt\/gotas\/\">Gotas de Amesterd\u00e3o<\/a><\/strong>, e <strong><a href=\"https:\/\/primalfocus.eu\/pt\/gotas\/\" type=\"link\" id=\"https:\/\/primalfocus.eu\/drops\/\">Gotas de Berlim<\/a><\/strong>.<\/p>\n\n\n\n<p>Note-se que a legisla\u00e7\u00e3o pode mudar e que as autoridades locais podem interpret\u00e1-la de forma diferente. Esta p\u00e1gina destina-se apenas a informa\u00e7\u00f5es de car\u00e1cter geral e n\u00e3o constitui um aconselhamento jur\u00eddico.<\/p>\n\n\n\n<p>\ud83d\udc49 Ir para <a href=\"#psilocybin-truffles-grow-kits\">Trufas de psilocibina e kits de cultivo<\/a><\/p>\n\n\n\n<p>\ud83d\udc49 Ir para <a href=\"#lysergamides\">1S-LSD e 1Fe-LSD<\/a><\/p>\n\n\n\n<p>\ud83d\udc49 Ir para <a href=\"#drops\">Gotas de Amesterd\u00e3o e Gotas de Berlim<\/a><\/p>\n\n\n\n<div style=\"height:100px\" aria-hidden=\"true\" class=\"wp-block-spacer\"><\/div>\n\n\n\n<h2 class=\"wp-block-heading\" id=\"psilocybin-truffles-grow-kits\">Trufas de psilocibina e kits de cultivo<\/h2>\n\n\n\n<div style=\"height:35px\" aria-hidden=\"true\" class=\"wp-block-spacer\"><\/div>\n\n\n\n<p><strong>Legal nos Pa\u00edses Baixos<\/strong><\/p>\n\n\n\n<p>Fresco <em>Psilocybe<\/em> Os escler\u00f3cios, vulgarmente conhecidos como trufas m\u00e1gicas, s\u00e3o totalmente legais nos Pa\u00edses Baixos. N\u00e3o s\u00e3o classificadas como cogumelos, pelo que est\u00e3o isentas da proibi\u00e7\u00e3o de 2008 dos cogumelos com psilocibina.<\/p>\n\n\n\n<p>S\u00e3o legalmente vendidos e regulamentados como produtos naturais ao abrigo da legisla\u00e7\u00e3o neerlandesa.<\/p>\n\n\n\n<div style=\"height:40px\" aria-hidden=\"true\" class=\"wp-block-spacer\"><\/div>\n\n\n\n<p><strong>Contexto internacional e comunit\u00e1rio<\/strong><\/p>\n\n\n\n<p>Embora a psilocibina esteja inclu\u00edda na lista da Conven\u00e7\u00e3o das Na\u00e7\u00f5es Unidas sobre Subst\u00e2ncias Psicotr\u00f3picas, esta conven\u00e7\u00e3o n\u00e3o se aplica explicitamente a materiais naturais como as trufas na sua forma n\u00e3o transformada.<\/p>\n\n\n\n<p>Na UE, o princ\u00edpio de <a href=\"https:\/\/single-market-economy.ec.europa.eu\/single-market\/goods\/free-movement-sectors\/mutual-recognition-goods_en\" target=\"_blank\" rel=\"noreferrer noopener\">Reconhecimento m\u00fatuo de mercadorias<\/a> apoia a livre circula\u00e7\u00e3o de produtos que s\u00e3o vendidos legalmente num Estado-Membro, como os Pa\u00edses Baixos.<\/p>\n\n\n\n<p>Consequentemente, as nossas trufas s\u00e3o enviadas para toda a UE em conformidade com a legisla\u00e7\u00e3o neerlandesa e comunit\u00e1ria. No entanto, as autoridades locais podem ainda aplicar a sua pr\u00f3pria interpreta\u00e7\u00e3o ou restri\u00e7\u00f5es.<\/p>\n\n\n\n<div style=\"height:40px\" aria-hidden=\"true\" class=\"wp-block-spacer\"><\/div>\n\n\n\n<p><strong>Kits de cultivo<\/strong><\/p>\n\n\n\n<p>Os kits de cultivo que n\u00e3o cont\u00eam psilocibina ou psilocina tamb\u00e9m s\u00e3o legais nos Pa\u00edses Baixos. Estes consistem tipicamente em mic\u00e9lio e substrato, e s\u00f3 s\u00e3o abrangidos por uma regulamenta\u00e7\u00e3o mais rigorosa quando os compostos psicoactivos s\u00e3o formados atrav\u00e9s do cultivo.<\/p>\n\n\n\n<p>Tal como as trufas, estes produtos podem ser vendidos e expedidos a partir dos Pa\u00edses Baixos ao abrigo dos actuais quadros neerland\u00eas e comunit\u00e1rio, embora as regras locais possam ser diferentes.<\/p>\n\n\n\n<div style=\"height:40px\" aria-hidden=\"true\" class=\"wp-block-spacer\"><\/div>\n\n\n\n<p><strong>Expedi\u00e7\u00e3o e responsabilidade<\/strong><\/p>\n\n\n\n<p>Enviamos as nossas trufas e kits de cultivo para toda a UE de acordo com a lei holandesa. Os clientes s\u00e3o respons\u00e1veis por verificar a sua legisla\u00e7\u00e3o local antes de efetuar a encomenda. A Primal Focus n\u00e3o \u00e9 respons\u00e1vel por quest\u00f5es alfandeg\u00e1rias, apreens\u00f5es ou consequ\u00eancias legais na sua jurisdi\u00e7\u00e3o.<\/p>\n\n\n\n<div style=\"height:100px\" aria-hidden=\"true\" class=\"wp-block-spacer\"><\/div>\n\n\n\n<h2 class=\"wp-block-heading\" id=\"lysergamides\">1S-LSD e 1Fe-LSD<\/h2>\n\n\n\n<div style=\"height:35px\" aria-hidden=\"true\" class=\"wp-block-spacer\"><\/div>\n\n\n\n<p><strong>O que s\u00e3o a 1S-LSD e a 1Fe-LSD?<\/strong><\/p>\n\n\n\n<p>O 1S-LSD e o 1Fe-LSD s\u00e3o compostos de lisergamida estruturalmente relacionados com o LSD. O seu estatuto legal pode variar significativamente de pa\u00eds para pa\u00eds e esta \u00e1rea est\u00e1 sujeita a altera\u00e7\u00f5es.<\/p>\n\n\n\n<div style=\"height:40px\" aria-hidden=\"true\" class=\"wp-block-spacer\"><\/div>\n\n\n\n<p><strong>1S-LSD<\/strong><\/p>\n\n\n\n<p>Mantemos uma vis\u00e3o geral, pa\u00eds a pa\u00eds, do estatuto legal da 1S-LSD na UE:<\/p>\n\n\n\n<p><a href=\"https:\/\/primalfocus.eu\/wp-content\/uploads\/2025\/11\/Legality-1S-LSD-in-the-EU-20-11-2025.pdf\" target=\"_blank\" rel=\"noreferrer noopener\">\ud83d\udcc4 Ver o PDF: Legalidade da 1S-LSD na UE<\/a><\/p>\n\n\n\n<p>Este documento serve apenas de refer\u00eancia. N\u00e3o constitui um aconselhamento jur\u00eddico, n\u00e3o se podem deduzir quaisquer direitos do mesmo e aconselhamos sempre os clientes a fazerem a sua pr\u00f3pria investiga\u00e7\u00e3o antes de efectuarem a encomenda.<\/p>\n\n\n\n<div style=\"height:35px\" aria-hidden=\"true\" class=\"wp-block-spacer\"><\/div>\n\n\n\n<p><strong>1Fe-LSD<\/strong><\/p>\n\n\n\n<p>Tamb\u00e9m mantemos um resumo separado por pa\u00eds para a 1Fe-LSD, tamb\u00e9m conhecida como 1-(ferrocenecarbonil)-LSD:<\/p>\n\n\n\n<p><a href=\"https:\/\/primalfocus.eu\/wp-content\/uploads\/2026\/04\/Legality-1Fe-LSD-in-the-EU.pdf\" target=\"_blank\" rel=\"noreferrer noopener\">\ud83d\udcc4 Ver o PDF: Legalidade da 1Fe-LSD na UE<\/a><\/p>\n\n\n\n<p>Este documento serve apenas de refer\u00eancia. N\u00e3o constitui um aconselhamento jur\u00eddico, n\u00e3o se podem deduzir quaisquer direitos do mesmo e aconselhamos sempre os clientes a fazerem a sua pr\u00f3pria investiga\u00e7\u00e3o antes de efectuarem a encomenda.<\/p>\n\n\n\n<div style=\"height:40px\" aria-hidden=\"true\" class=\"wp-block-spacer\"><\/div>\n\n\n\n<p><strong>Nota importante<\/strong><\/p>\n\n\n\n<p>Ao contr\u00e1rio das trufas, estes produtos n\u00e3o s\u00e3o produtos alimentares. A sua situa\u00e7\u00e3o jur\u00eddica \u00e9 mais sens\u00edvel e mais dependente da interpreta\u00e7\u00e3o nacional, da legisla\u00e7\u00e3o local e da aplica\u00e7\u00e3o das alf\u00e2ndegas. Por esse motivo, a disponibilidade pode diferir consoante o pa\u00eds e podemos recusar ou cancelar encomendas que representem um risco jur\u00eddico excessivo.<\/p>\n\n\n\n<p>N\u00e3o enviamos estes produtos para pa\u00edses onde se sabe que o composto \u00e9 proibido, ou onde o risco legal \u00e9 demasiado elevado na nossa opini\u00e3o.<\/p>\n\n\n\n<div style=\"height:100px\" aria-hidden=\"true\" class=\"wp-block-spacer\"><\/div>\n\n\n\n<h2 class=\"wp-block-heading\" id=\"drops\">Gotas de Amesterd\u00e3o e Gotas de Berlim<\/h2>\n\n\n\n<div style=\"height:35px\" aria-hidden=\"true\" class=\"wp-block-spacer\"><\/div>\n\n\n\n<p><strong>Gotas de Amesterd\u00e3o<\/strong><\/p>\n\n\n\n<p>As gotas Amsterdam cont\u00eam 4-HO-MET, um composto estruturalmente relacionado com a psilocina. Embora as pessoas possam comparar a experi\u00eancia com cogumelos ou trufas, trata-se de uma subst\u00e2ncia diferente com o seu pr\u00f3prio estatuto legal.<\/p>\n\n\n\n<p>Uma vez que o 4-HO-MET n\u00e3o \u00e9 um produto alimentar, a situa\u00e7\u00e3o jur\u00eddica \u00e9 menos simples e pode variar muito consoante o pa\u00eds. As autoridades aduaneiras podem tamb\u00e9m adotar uma posi\u00e7\u00e3o mais rigorosa do que o previsto.<\/p>\n\n\n\n<p>Mantemos um resumo do estatuto legal do 4-HO-MET nos pa\u00edses da UE:<\/p>\n\n\n\n<p><a href=\"https:\/\/primalfocus.eu\/wp-content\/uploads\/2025\/11\/4-HO-MET-in-the-EU-20-11-2025-4.pdf\" target=\"_blank\" rel=\"noreferrer noopener\">\ud83d\udcc4 Ver o PDF: Estatuto jur\u00eddico do 4-HO-MET na UE<\/a><\/p>\n\n\n\n<p>Este documento serve apenas de refer\u00eancia. N\u00e3o constitui um aconselhamento jur\u00eddico, n\u00e3o se podem deduzir quaisquer direitos do mesmo e aconselhamos sempre os clientes a fazerem a sua pr\u00f3pria investiga\u00e7\u00e3o antes de efectuarem a encomenda.<\/p>\n\n\n\n<div style=\"height:35px\" aria-hidden=\"true\" class=\"wp-block-spacer\"><\/div>\n\n\n\n<p><strong>Gotas de Berlim<\/strong><\/p>\n\n\n\n<p>As gotas de Berlim cont\u00eam 4-PrO-MET. Trata-se de um composto diferente do 4-HO-MET, com um perfil legal diferente na Europa.<\/p>\n\n\n\n<p>Mantemos um resumo separado do estatuto legal do 4-PrO-MET nos pa\u00edses da UE:<\/p>\n\n\n\n<p><a href=\"https:\/\/primalfocus.eu\/wp-content\/uploads\/2026\/04\/4-Pro-MET-legal-status.pdf\" target=\"_blank\" rel=\"noreferrer noopener\">\ud83d\udcc4 Ver o PDF: Estatuto jur\u00eddico do 4-PrO-MET na UE<\/a><\/p>\n\n\n\n<p>Este documento serve apenas de refer\u00eancia. N\u00e3o constitui um aconselhamento jur\u00eddico, n\u00e3o se podem deduzir quaisquer direitos do mesmo e aconselhamos sempre os clientes a fazerem a sua pr\u00f3pria investiga\u00e7\u00e3o antes de efectuarem a encomenda.<\/p>\n\n\n\n<div style=\"height:40px\" aria-hidden=\"true\" class=\"wp-block-spacer\"><\/div>\n\n\n\n<p><strong>Expedi\u00e7\u00e3o e responsabilidade<\/strong><\/p>\n\n\n\n<p>Tanto para as gotas de Amesterd\u00e3o como para as gotas de Berlim, a disponibilidade depende do pa\u00eds de destino. Apenas enviamos para onde consideramos atualmente aceit\u00e1vel o risco legal e pr\u00e1tico. Todas as encomendas internacionais s\u00e3o da responsabilidade do cliente, pelo que aconselhamos vivamente a verifica\u00e7\u00e3o da legisla\u00e7\u00e3o local antes de efetuar a encomenda.<\/p>\n\n\n\n<div style=\"height:100px\" aria-hidden=\"true\" class=\"wp-block-spacer\"><\/div>\n\n\n\n<h2 class=\"wp-block-heading\">Declara\u00e7\u00e3o final de exonera\u00e7\u00e3o de responsabilidade<\/h2>\n\n\n\n<p>As informa\u00e7\u00f5es contidas nesta p\u00e1gina destinam-se apenas a refer\u00eancia geral e n\u00e3o constituem aconselhamento jur\u00eddico ou m\u00e9dico. N\u00e3o se podem deduzir direitos desta p\u00e1gina ou de quaisquer panoramas de pa\u00edses a ela ligados. As leis podem mudar, as interpreta\u00e7\u00f5es podem diferir e a aplica\u00e7\u00e3o pode variar consoante a jurisdi\u00e7\u00e3o.<\/p>\n\n\n\n<p>Fa\u00e7a sempre a sua pr\u00f3pria pesquisa antes de encomendar e consulte um profissional qualificado, se necess\u00e1rio. Se considerar que as informa\u00e7\u00f5es contidas nesta p\u00e1gina est\u00e3o desactualizadas ou incompletas, contacte-nos atrav\u00e9s de <a href=\"mailto:info@primalfocus.eu\">info@primalfocus.eu<\/a>.<\/p>\n\n\n\n<p><\/p>","protected":false},"excerpt":{"rendered":"<p>Legal Status of Our Products At Primal Focus, we value transparency, legal compliance, and informed choice. This page gives a [&hellip;]<\/p>\n","protected":false},"author":1,"featured_media":0,"parent":0,"menu_order":0,"comment_status":"closed","ping_status":"closed","template":"","meta":{"site-sidebar-layout":"default","site-content-layout":"","ast-site-content-layout":"default","site-content-style":"default","site-sidebar-style":"default","ast-global-header-display":"","ast-banner-title-visibility":"","ast-main-header-display":"","ast-hfb-above-header-display":"","ast-hfb-below-header-display":"","ast-hfb-mobile-header-display":"","site-post-title":"disabled","ast-breadcrumbs-content":"","ast-featured-img":"","footer-sml-layout":"","ast-disable-related-posts":"","theme-transparent-header-meta":"","adv-header-id-meta":"","stick-header-meta":"","header-above-stick-meta":"","header-main-stick-meta":"","header-below-stick-meta":"","astra-migrate-meta-layouts":"set","ast-page-background-enabled":"default","ast-page-background-meta":{"desktop":{"background-color":"","background-image":"","background-repeat":"repeat","background-position":"center center","background-size":"auto","background-attachment":"scroll","background-type":"","background-media":"","overlay-type":"","overlay-color":"","overlay-gradient":""},"tablet":{"background-color":"","background-image":"","background-repeat":"repeat","background-position":"center center","background-size":"auto","background-attachment":"scroll","background-type":"","background-media":"","overlay-type":"","overlay-color":"","overlay-gradient":""},"mobile":{"background-color":"","background-image":"","background-repeat":"repeat","background-position":"center center","background-size":"auto","background-attachment":"scroll","background-type":"","background-media":"","overlay-type":"","overlay-color":"","overlay-gradient":""}},"ast-content-background-meta":{"desktop":{"background-color":"var(--ast-global-color-5)","background-image":"","background-repeat":"repeat","background-position":"center center","background-size":"auto","background-attachment":"scroll","background-type":"","background-media":"","overlay-type":"","overlay-color":"","overlay-gradient":""},"tablet":{"background-color":"var(--ast-global-color-5)","background-image":"","background-repeat":"repeat","background-position":"center center","background-size":"auto","background-attachment":"scroll","background-type":"","background-media":"","overlay-type":"","overlay-color":"","overlay-gradient":""},"mobile":{"background-color":"var(--ast-global-color-5)","background-image":"","background-repeat":"repeat","background-position":"center center","background-size":"auto","background-attachment":"scroll","background-type":"","background-media":"","overlay-type":"","overlay-color":"","overlay-gradient":""}},"footnotes":""},"class_list":["post-705202","page","type-page","status-publish","hentry"],"yoast_head":"<!-- This site is optimized with the Yoast SEO plugin v27.3 - https:\/\/yoast.com\/product\/yoast-seo-wordpress\/ -->\n<title>Legal Status - Primal Focus<\/title>\n<meta name=\"robots\" content=\"index, follow, max-snippet:-1, max-image-preview:large, max-video-preview:-1\" \/>\n<link rel=\"canonical\" href=\"https:\/\/primalfocus.eu\/pt\/estatuto-juridico\/\" \/>\n<meta property=\"og:locale\" content=\"pt_PT\" \/>\n<meta property=\"og:type\" content=\"article\" \/>\n<meta property=\"og:title\" content=\"Legal Status - Primal Focus\" \/>\n<meta property=\"og:description\" content=\"Legal Status of Our Products At Primal Focus, we value transparency, legal compliance, and informed choice. This page gives a [&hellip;]\" \/>\n<meta property=\"og:url\" content=\"https:\/\/primalfocus.eu\/pt\/estatuto-juridico\/\" \/>\n<meta property=\"og:site_name\" content=\"Primal Focus\" \/>\n<meta property=\"article:publisher\" content=\"https:\/\/www.facebook.com\/profile.php?id=61575377667059\" \/>\n<meta property=\"article:modified_time\" content=\"2026-04-08T13:10:59+00:00\" \/>\n<meta name=\"twitter:card\" content=\"summary_large_image\" \/>\n<meta name=\"twitter:site\" content=\"@primalfocus_eu\" \/>\n<meta name=\"twitter:label1\" content=\"Tempo estimado de leitura\" \/>\n\t<meta name=\"twitter:data1\" content=\"4 minutos\" \/>\n<script type=\"application\/ld+json\" class=\"yoast-schema-graph\">{\"@context\":\"https:\\\/\\\/schema.org\",\"@graph\":[{\"@type\":\"WebPage\",\"@id\":\"https:\\\/\\\/primalfocus.eu\\\/pt\\\/legal-status\\\/\",\"url\":\"https:\\\/\\\/primalfocus.eu\\\/pt\\\/legal-status\\\/\",\"name\":\"Legal Status - Primal Focus\",\"isPartOf\":{\"@id\":\"https:\\\/\\\/primalfocus.eu\\\/pt\\\/#website\"},\"datePublished\":\"2025-06-09T13:49:32+00:00\",\"dateModified\":\"2026-04-08T13:10:59+00:00\",\"breadcrumb\":{\"@id\":\"https:\\\/\\\/primalfocus.eu\\\/pt\\\/legal-status\\\/#breadcrumb\"},\"inLanguage\":\"pt-PT\",\"potentialAction\":[{\"@type\":\"ReadAction\",\"target\":[\"https:\\\/\\\/primalfocus.eu\\\/pt\\\/legal-status\\\/\"]}]},{\"@type\":\"BreadcrumbList\",\"@id\":\"https:\\\/\\\/primalfocus.eu\\\/pt\\\/legal-status\\\/#breadcrumb\",\"itemListElement\":[{\"@type\":\"ListItem\",\"position\":1,\"name\":\"Home\",\"item\":\"https:\\\/\\\/primalfocus.eu\\\/\"},{\"@type\":\"ListItem\",\"position\":2,\"name\":\"Legal Status\"}]},{\"@type\":\"WebSite\",\"@id\":\"https:\\\/\\\/primalfocus.eu\\\/pt\\\/#website\",\"url\":\"https:\\\/\\\/primalfocus.eu\\\/pt\\\/\",\"name\":\"Primal Focus\",\"description\":\"Buy legal psychedelics online\",\"publisher\":{\"@id\":\"https:\\\/\\\/primalfocus.eu\\\/pt\\\/#organization\"},\"potentialAction\":[{\"@type\":\"SearchAction\",\"target\":{\"@type\":\"EntryPoint\",\"urlTemplate\":\"https:\\\/\\\/primalfocus.eu\\\/pt\\\/?s={search_term_string}\"},\"query-input\":{\"@type\":\"PropertyValueSpecification\",\"valueRequired\":true,\"valueName\":\"search_term_string\"}}],\"inLanguage\":\"pt-PT\"},{\"@type\":\"Organization\",\"@id\":\"https:\\\/\\\/primalfocus.eu\\\/pt\\\/#organization\",\"name\":\"Primal Focus\",\"alternateName\":\"primalfocus.eu\",\"url\":\"https:\\\/\\\/primalfocus.eu\\\/pt\\\/\",\"logo\":{\"@type\":\"ImageObject\",\"inLanguage\":\"pt-PT\",\"@id\":\"https:\\\/\\\/primalfocus.eu\\\/pt\\\/#\\\/schema\\\/logo\\\/image\\\/\",\"url\":\"https:\\\/\\\/primalfocus.eu\\\/wp-content\\\/uploads\\\/2025\\\/11\\\/primal-focus-logo-header.svg\",\"contentUrl\":\"https:\\\/\\\/primalfocus.eu\\\/wp-content\\\/uploads\\\/2025\\\/11\\\/primal-focus-logo-header.svg\",\"caption\":\"Primal Focus\"},\"image\":{\"@id\":\"https:\\\/\\\/primalfocus.eu\\\/pt\\\/#\\\/schema\\\/logo\\\/image\\\/\"},\"sameAs\":[\"https:\\\/\\\/www.facebook.com\\\/profile.php?id=61575377667059\",\"https:\\\/\\\/x.com\\\/primalfocus_eu\",\"https:\\\/\\\/www.instagram.com\\\/primalfocus.store\\\/\"]}]}<\/script>\n<!-- \/ Yoast SEO plugin. -->","yoast_head_json":{"title":"Estatuto jur\u00eddico - Primal Focus","robots":{"index":"index","follow":"follow","max-snippet":"max-snippet:-1","max-image-preview":"max-image-preview:large","max-video-preview":"max-video-preview:-1"},"canonical":"https:\/\/primalfocus.eu\/pt\/estatuto-juridico\/","og_locale":"pt_PT","og_type":"article","og_title":"Legal Status - Primal Focus","og_description":"Legal Status of Our Products At Primal Focus, we value transparency, legal compliance, and informed choice. This page gives a [&hellip;]","og_url":"https:\/\/primalfocus.eu\/pt\/estatuto-juridico\/","og_site_name":"Primal Focus","article_publisher":"https:\/\/www.facebook.com\/profile.php?id=61575377667059","article_modified_time":"2026-04-08T13:10:59+00:00","twitter_card":"summary_large_image","twitter_site":"@primalfocus_eu","twitter_misc":{"Tempo estimado de leitura":"4 minutos"},"schema":{"@context":"https:\/\/schema.org","@graph":[{"@type":"WebPage","@id":"https:\/\/primalfocus.eu\/pt\/legal-status\/","url":"https:\/\/primalfocus.eu\/pt\/legal-status\/","name":"Estatuto jur\u00eddico - Primal Focus","isPartOf":{"@id":"https:\/\/primalfocus.eu\/pt\/#website"},"datePublished":"2025-06-09T13:49:32+00:00","dateModified":"2026-04-08T13:10:59+00:00","breadcrumb":{"@id":"https:\/\/primalfocus.eu\/pt\/legal-status\/#breadcrumb"},"inLanguage":"pt-PT","potentialAction":[{"@type":"ReadAction","target":["https:\/\/primalfocus.eu\/pt\/legal-status\/"]}]},{"@type":"BreadcrumbList","@id":"https:\/\/primalfocus.eu\/pt\/legal-status\/#breadcrumb","itemListElement":[{"@type":"ListItem","position":1,"name":"Home","item":"https:\/\/primalfocus.eu\/"},{"@type":"ListItem","position":2,"name":"Legal Status"}]},{"@type":"WebSite","@id":"https:\/\/primalfocus.eu\/pt\/#website","url":"https:\/\/primalfocus.eu\/pt\/","name":"Primal Focus","description":"Comprar psicad\u00e9licos legais online","publisher":{"@id":"https:\/\/primalfocus.eu\/pt\/#organization"},"potentialAction":[{"@type":"SearchAction","target":{"@type":"EntryPoint","urlTemplate":"https:\/\/primalfocus.eu\/pt\/?s={search_term_string}"},"query-input":{"@type":"PropertyValueSpecification","valueRequired":true,"valueName":"search_term_string"}}],"inLanguage":"pt-PT"},{"@type":"Organization","@id":"https:\/\/primalfocus.eu\/pt\/#organization","name":"Primal Focus","alternateName":"primalfocus.eu","url":"https:\/\/primalfocus.eu\/pt\/","logo":{"@type":"ImageObject","inLanguage":"pt-PT","@id":"https:\/\/primalfocus.eu\/pt\/#\/schema\/logo\/image\/","url":"https:\/\/primalfocus.eu\/wp-content\/uploads\/2025\/11\/primal-focus-logo-header.svg","contentUrl":"https:\/\/primalfocus.eu\/wp-content\/uploads\/2025\/11\/primal-focus-logo-header.svg","caption":"Primal Focus"},"image":{"@id":"https:\/\/primalfocus.eu\/pt\/#\/schema\/logo\/image\/"},"sameAs":["https:\/\/www.facebook.com\/profile.php?id=61575377667059","https:\/\/x.com\/primalfocus_eu","https:\/\/www.instagram.com\/primalfocus.store\/"]}]}},"jetpack_sharing_enabled":true,"_links":{"self":[{"href":"https:\/\/primalfocus.eu\/pt\/wp-json\/wp\/v2\/pages\/705202","targetHints":{"allow":["GET"]}}],"collection":[{"href":"https:\/\/primalfocus.eu\/pt\/wp-json\/wp\/v2\/pages"}],"about":[{"href":"https:\/\/primalfocus.eu\/pt\/wp-json\/wp\/v2\/types\/page"}],"author":[{"embeddable":true,"href":"https:\/\/primalfocus.eu\/pt\/wp-json\/wp\/v2\/users\/1"}],"replies":[{"embeddable":true,"href":"https:\/\/primalfocus.eu\/pt\/wp-json\/wp\/v2\/comments?post=705202"}],"version-history":[{"count":5,"href":"https:\/\/primalfocus.eu\/pt\/wp-json\/wp\/v2\/pages\/705202\/revisions"}],"predecessor-version":[{"id":1169223,"href":"https:\/\/primalfocus.eu\/pt\/wp-json\/wp\/v2\/pages\/705202\/revisions\/1169223"}],"wp:attachment":[{"href":"https:\/\/primalfocus.eu\/pt\/wp-json\/wp\/v2\/media?parent=705202"}],"curies":[{"name":"wp","href":"https:\/\/api.w.org\/{rel}","templated":true}]}}