{"id":5200,"date":"2023-09-03T20:14:52","date_gmt":"2023-09-03T18:14:52","guid":{"rendered":"https:\/\/primalfocus.eu\/?page_id=5200"},"modified":"2025-04-12T12:04:34","modified_gmt":"2025-04-12T10:04:34","slug":"legal-status-of-1cp-lsd","status":"publish","type":"page","link":"https:\/\/primalfocus.eu\/pt\/legal-status-of-1cp-lsd\/","title":{"rendered":"Estatuto jur\u00eddico 1S-LSD"},"content":{"rendered":"<h1 class=\"wp-block-heading\"><strong>O estatuto jur\u00eddico da 1S-LSD<\/strong><\/h1>\n\n\n\n<p>Na Primal Focus, estamos empenhados na transpar\u00eancia e na conformidade. Embora fa\u00e7amos o nosso melhor para nos mantermos informados, o panorama legal em torno de novos compostos como a 1S-LSD (dietilamida do \u00e1cido lis\u00e9rgico 1-(3-(trimetilsilil)propionil)) pode variar significativamente entre jurisdi\u00e7\u00f5es - e muda frequentemente.<\/p>\n\n\n\n<h3 class=\"wp-block-heading\">Documento de s\u00edntese da UE<\/h3>\n\n\n\n<p>Para apoiar os nossos clientes e parceiros, cri\u00e1mos um documento que resume o estatuto legal do 1S-LSD nos estados-membros da Uni\u00e3o Europeia. Este resumo \u00e9 atualizado anualmente com base na nossa pr\u00f3pria investiga\u00e7\u00e3o jur\u00eddica e destina-se a servir de refer\u00eancia geral.<\/p>\n\n\n\n<p>\ud83d\udcc4 <strong>Ver o documento aqui:<\/strong><br><a class=\"\" href=\"https:\/\/primalfocus.eu\/wp-content\/uploads\/2025\/04\/Legality-1S-LSD-in-the-EU.pdf\">Legalidade da 1S-LSD na UE (PDF)<\/a><\/p>\n\n\n\n<p>Aten\u00e7\u00e3o: este documento n\u00e3o \u00e9 exaustivo e n\u00e3o podemos garantir a sua exatid\u00e3o em todas as circunst\u00e2ncias. Ele <strong>n\u00e3o<\/strong> constituem aconselhamento jur\u00eddico. Os clientes s\u00e3o inteiramente respons\u00e1veis por verificar se a 1S-LSD \u00e9 legal no seu pa\u00eds espec\u00edfico antes de efectuarem uma encomenda.<\/p>\n\n\n\n<p>Se detetar informa\u00e7\u00f5es incorrectas ou se o seu pa\u00eds estiver indicado como \"desconhecido\" e tiver acesso a <strong>documenta\u00e7\u00e3o oficial<\/strong> mostrando que a 1S-LSD \u00e9 <em>n\u00e3o<\/em> uma subst\u00e2ncia controlada, pedimos-lhe que a envie para a nossa equipa atrav\u00e9s de <a class=\"\">info@primalfocus.eu<\/a>. Agradecemos muito o seu contributo para nos ajudar a manter esta panor\u00e2mica actualizada.<\/p>\n\n\n\n<h3 class=\"wp-block-heading\">Fora da UE<\/h3>\n\n\n\n<p>Devido \u00e0 complexidade e opacidade do direito internacional - especialmente em pa\u00edses fora da UE - n\u00e3o nos \u00e9 poss\u00edvel manter um panorama jur\u00eddico fi\u00e1vel para os destinos fora da UE.<br><br>N\u00e3o enviamos 1S-LSD para os Estados Unidos, Austr\u00e1lia ou qualquer pa\u00eds onde a importa\u00e7\u00e3o ou posse deste composto seja suspeita de ser ilegal.<\/p>\n\n\n\n<hr class=\"wp-block-separator has-alpha-channel-opacity\"\/>\n\n\n\n<p>Esta pol\u00edtica existe para proteger tanto os nossos clientes como a nossa empresa. Reservamo-nos o direito de cancelar qualquer encomenda que possa representar riscos legais e encorajamos todos os compradores a agirem de forma respons\u00e1vel e de acordo com as leis do seu pr\u00f3prio pa\u00eds.<\/p>\n\n\n\n<p>Se tiver alguma d\u00favida, n\u00e3o hesite em contactar-nos atrav\u00e9s de <a class=\"\">info@primalfocus.eu<\/a>.<\/p>","protected":false},"excerpt":{"rendered":"<p>The Legal Status of 1S-LSD At Primal Focus, we are committed to transparency and compliance. While we do our best to stay informed, the legal landscape surrounding novel compounds such as 1S-LSD (1-(3-(trimethylsilyl)propionyl)-lysergic acid diethylamide) can vary significantly across jurisdictions \u2014 and it changes frequently. EU Overview Document To support our customers and partners, we\u2019ve [&hellip;]<\/p>\n","protected":false},"author":1,"featured_media":0,"parent":0,"menu_order":0,"comment_status":"closed","ping_status":"closed","template":"","meta":{"site-sidebar-layout":"default","site-content-layout":"","ast-site-content-layout":"default","site-content-style":"default","site-sidebar-style":"default","ast-global-header-display":"","ast-banner-title-visibility":"","ast-main-header-display":"","ast-hfb-above-header-display":"","ast-hfb-below-header-display":"","ast-hfb-mobile-header-display":"","site-post-title":"disabled","ast-breadcrumbs-content":"","ast-featured-img":"","footer-sml-layout":"","theme-transparent-header-meta":"disabled","adv-header-id-meta":"","stick-header-meta":"","header-above-stick-meta":"","header-main-stick-meta":"","header-below-stick-meta":"","astra-migrate-meta-layouts":"set","ast-page-background-enabled":"default","ast-page-background-meta":{"desktop":{"background-color":"","background-image":"","background-repeat":"repeat","background-position":"center center","background-size":"auto","background-attachment":"scroll","background-type":"","background-media":"","overlay-type":"","overlay-color":"","overlay-gradient":""},"tablet":{"background-color":"","background-image":"","background-repeat":"repeat","background-position":"center center","background-size":"auto","background-attachment":"scroll","background-type":"","background-media":"","overlay-type":"","overlay-color":"","overlay-gradient":""},"mobile":{"background-color":"","background-image":"","background-repeat":"repeat","background-position":"center center","background-size":"auto","background-attachment":"scroll","background-type":"","background-media":"","overlay-type":"","overlay-color":"","overlay-gradient":""}},"ast-content-background-meta":{"desktop":{"background-color":"var(--ast-global-color-5)","background-image":"","background-repeat":"repeat","background-position":"center center","background-size":"auto","background-attachment":"scroll","background-type":"","background-media":"","overlay-type":"","overlay-color":"","overlay-gradient":""},"tablet":{"background-color":"var(--ast-global-color-5)","background-image":"","background-repeat":"repeat","background-position":"center center","background-size":"auto","background-attachment":"scroll","background-type":"","background-media":"","overlay-type":"","overlay-color":"","overlay-gradient":""},"mobile":{"background-color":"var(--ast-global-color-5)","background-image":"","background-repeat":"repeat","background-position":"center center","background-size":"auto","background-attachment":"scroll","background-type":"","background-media":"","overlay-type":"","overlay-color":"","overlay-gradient":""}},"footnotes":""},"class_list":["post-5200","page","type-page","status-publish","hentry"],"yoast_head":"<!-- This site is optimized with the Yoast SEO plugin v27.5 - https:\/\/yoast.com\/product\/yoast-seo-wordpress\/ -->\n<title>Legal Status 1S-LSD - Primal Focus<\/title>\n<meta name=\"description\" content=\"Primal Focus: Your trusted source for 1cP-LSD microdose pellets worldwide. Safe, legal, and responsible use.\" \/>\n<meta name=\"robots\" content=\"index, follow, max-snippet:-1, max-image-preview:large, max-video-preview:-1\" \/>\n<link rel=\"canonical\" href=\"https:\/\/primalfocus.eu\/pt\/legal-status-of-1cp-lsd\/\" \/>\n<meta property=\"og:locale\" content=\"pt_PT\" \/>\n<meta property=\"og:type\" content=\"article\" \/>\n<meta property=\"og:title\" content=\"Legal Status 1S-LSD - Primal Focus\" \/>\n<meta property=\"og:description\" content=\"Primal Focus: Your trusted source for 1cP-LSD microdose pellets worldwide. Safe, legal, and responsible use.\" \/>\n<meta property=\"og:url\" content=\"https:\/\/primalfocus.eu\/pt\/legal-status-of-1cp-lsd\/\" \/>\n<meta property=\"og:site_name\" content=\"Primal Focus\" \/>\n<meta property=\"article:publisher\" content=\"https:\/\/www.facebook.com\/profile.php?id=61575377667059\" \/>\n<meta property=\"article:modified_time\" content=\"2025-04-12T10:04:34+00:00\" \/>\n<meta name=\"twitter:card\" content=\"summary_large_image\" \/>\n<meta name=\"twitter:site\" content=\"@primalfocus_eu\" \/>\n<meta name=\"twitter:label1\" content=\"Tempo estimado de leitura\" \/>\n\t<meta name=\"twitter:data1\" content=\"2 minutos\" \/>\n<script type=\"application\/ld+json\" class=\"yoast-schema-graph\">{\"@context\":\"https:\\\/\\\/schema.org\",\"@graph\":[{\"@type\":\"WebPage\",\"@id\":\"https:\\\/\\\/primalfocus.eu\\\/pt\\\/legal-status-of-1cp-lsd\\\/\",\"url\":\"https:\\\/\\\/primalfocus.eu\\\/pt\\\/legal-status-of-1cp-lsd\\\/\",\"name\":\"Legal Status 1S-LSD - Primal Focus\",\"isPartOf\":{\"@id\":\"https:\\\/\\\/primalfocus.eu\\\/pt\\\/#website\"},\"datePublished\":\"2023-09-03T18:14:52+00:00\",\"dateModified\":\"2025-04-12T10:04:34+00:00\",\"description\":\"Primal Focus: Your trusted source for 1cP-LSD microdose pellets worldwide. Safe, legal, and responsible use.\",\"breadcrumb\":{\"@id\":\"https:\\\/\\\/primalfocus.eu\\\/pt\\\/legal-status-of-1cp-lsd\\\/#breadcrumb\"},\"inLanguage\":\"pt-PT\",\"potentialAction\":[{\"@type\":\"ReadAction\",\"target\":[\"https:\\\/\\\/primalfocus.eu\\\/pt\\\/legal-status-of-1cp-lsd\\\/\"]}]},{\"@type\":\"BreadcrumbList\",\"@id\":\"https:\\\/\\\/primalfocus.eu\\\/pt\\\/legal-status-of-1cp-lsd\\\/#breadcrumb\",\"itemListElement\":[{\"@type\":\"ListItem\",\"position\":1,\"name\":\"Home\",\"item\":\"https:\\\/\\\/primalfocus.eu\\\/\"},{\"@type\":\"ListItem\",\"position\":2,\"name\":\"Legal Status 1S-LSD\"}]},{\"@type\":\"WebSite\",\"@id\":\"https:\\\/\\\/primalfocus.eu\\\/pt\\\/#website\",\"url\":\"https:\\\/\\\/primalfocus.eu\\\/pt\\\/\",\"name\":\"Primal Focus\",\"description\":\"Buy legal psychedelics online\",\"publisher\":{\"@id\":\"https:\\\/\\\/primalfocus.eu\\\/pt\\\/#organization\"},\"potentialAction\":[{\"@type\":\"SearchAction\",\"target\":{\"@type\":\"EntryPoint\",\"urlTemplate\":\"https:\\\/\\\/primalfocus.eu\\\/pt\\\/?s={search_term_string}\"},\"query-input\":{\"@type\":\"PropertyValueSpecification\",\"valueRequired\":true,\"valueName\":\"search_term_string\"}}],\"inLanguage\":\"pt-PT\"},{\"@type\":\"Organization\",\"@id\":\"https:\\\/\\\/primalfocus.eu\\\/pt\\\/#organization\",\"name\":\"Primal Focus\",\"alternateName\":\"primalfocus.eu\",\"url\":\"https:\\\/\\\/primalfocus.eu\\\/pt\\\/\",\"logo\":{\"@type\":\"ImageObject\",\"inLanguage\":\"pt-PT\",\"@id\":\"https:\\\/\\\/primalfocus.eu\\\/pt\\\/#\\\/schema\\\/logo\\\/image\\\/\",\"url\":\"https:\\\/\\\/primalfocus.eu\\\/wp-content\\\/uploads\\\/2026\\\/04\\\/primal-focus-logo-6.svg\",\"contentUrl\":\"https:\\\/\\\/primalfocus.eu\\\/wp-content\\\/uploads\\\/2026\\\/04\\\/primal-focus-logo-6.svg\",\"width\":50,\"height\":50,\"caption\":\"Primal Focus\"},\"image\":{\"@id\":\"https:\\\/\\\/primalfocus.eu\\\/pt\\\/#\\\/schema\\\/logo\\\/image\\\/\"},\"sameAs\":[\"https:\\\/\\\/www.facebook.com\\\/profile.php?id=61575377667059\",\"https:\\\/\\\/x.com\\\/primalfocus_eu\",\"https:\\\/\\\/www.instagram.com\\\/primalfocus.store\\\/\"]}]}<\/script>\n<!-- \/ Yoast SEO plugin. -->","yoast_head_json":{"title":"Legal Status 1S-LSD - Primal Focus","description":"Primal Focus: Your trusted source for 1cP-LSD microdose pellets worldwide. Safe, legal, and responsible use.","robots":{"index":"index","follow":"follow","max-snippet":"max-snippet:-1","max-image-preview":"max-image-preview:large","max-video-preview":"max-video-preview:-1"},"canonical":"https:\/\/primalfocus.eu\/pt\/legal-status-of-1cp-lsd\/","og_locale":"pt_PT","og_type":"article","og_title":"Legal Status 1S-LSD - Primal Focus","og_description":"Primal Focus: Your trusted source for 1cP-LSD microdose pellets worldwide. Safe, legal, and responsible use.","og_url":"https:\/\/primalfocus.eu\/pt\/legal-status-of-1cp-lsd\/","og_site_name":"Primal Focus","article_publisher":"https:\/\/www.facebook.com\/profile.php?id=61575377667059","article_modified_time":"2025-04-12T10:04:34+00:00","twitter_card":"summary_large_image","twitter_site":"@primalfocus_eu","twitter_misc":{"Tempo estimado de leitura":"2 minutos"},"schema":{"@context":"https:\/\/schema.org","@graph":[{"@type":"WebPage","@id":"https:\/\/primalfocus.eu\/pt\/legal-status-of-1cp-lsd\/","url":"https:\/\/primalfocus.eu\/pt\/legal-status-of-1cp-lsd\/","name":"Legal Status 1S-LSD - Primal Focus","isPartOf":{"@id":"https:\/\/primalfocus.eu\/pt\/#website"},"datePublished":"2023-09-03T18:14:52+00:00","dateModified":"2025-04-12T10:04:34+00:00","description":"Primal Focus: Your trusted source for 1cP-LSD microdose pellets worldwide. Safe, legal, and responsible use.","breadcrumb":{"@id":"https:\/\/primalfocus.eu\/pt\/legal-status-of-1cp-lsd\/#breadcrumb"},"inLanguage":"pt-PT","potentialAction":[{"@type":"ReadAction","target":["https:\/\/primalfocus.eu\/pt\/legal-status-of-1cp-lsd\/"]}]},{"@type":"BreadcrumbList","@id":"https:\/\/primalfocus.eu\/pt\/legal-status-of-1cp-lsd\/#breadcrumb","itemListElement":[{"@type":"ListItem","position":1,"name":"Home","item":"https:\/\/primalfocus.eu\/"},{"@type":"ListItem","position":2,"name":"Legal Status 1S-LSD"}]},{"@type":"WebSite","@id":"https:\/\/primalfocus.eu\/pt\/#website","url":"https:\/\/primalfocus.eu\/pt\/","name":"Primal Focus","description":"Comprar psicad\u00e9licos legais online","publisher":{"@id":"https:\/\/primalfocus.eu\/pt\/#organization"},"potentialAction":[{"@type":"SearchAction","target":{"@type":"EntryPoint","urlTemplate":"https:\/\/primalfocus.eu\/pt\/?s={search_term_string}"},"query-input":{"@type":"PropertyValueSpecification","valueRequired":true,"valueName":"search_term_string"}}],"inLanguage":"pt-PT"},{"@type":"Organization","@id":"https:\/\/primalfocus.eu\/pt\/#organization","name":"Primal Focus","alternateName":"primalfocus.eu","url":"https:\/\/primalfocus.eu\/pt\/","logo":{"@type":"ImageObject","inLanguage":"pt-PT","@id":"https:\/\/primalfocus.eu\/pt\/#\/schema\/logo\/image\/","url":"https:\/\/primalfocus.eu\/wp-content\/uploads\/2026\/04\/primal-focus-logo-6.svg","contentUrl":"https:\/\/primalfocus.eu\/wp-content\/uploads\/2026\/04\/primal-focus-logo-6.svg","width":50,"height":50,"caption":"Primal Focus"},"image":{"@id":"https:\/\/primalfocus.eu\/pt\/#\/schema\/logo\/image\/"},"sameAs":["https:\/\/www.facebook.com\/profile.php?id=61575377667059","https:\/\/x.com\/primalfocus_eu","https:\/\/www.instagram.com\/primalfocus.store\/"]}]}},"jetpack_sharing_enabled":true,"_links":{"self":[{"href":"https:\/\/primalfocus.eu\/pt\/wp-json\/wp\/v2\/pages\/5200","targetHints":{"allow":["GET"]}}],"collection":[{"href":"https:\/\/primalfocus.eu\/pt\/wp-json\/wp\/v2\/pages"}],"about":[{"href":"https:\/\/primalfocus.eu\/pt\/wp-json\/wp\/v2\/types\/page"}],"author":[{"embeddable":true,"href":"https:\/\/primalfocus.eu\/pt\/wp-json\/wp\/v2\/users\/1"}],"replies":[{"embeddable":true,"href":"https:\/\/primalfocus.eu\/pt\/wp-json\/wp\/v2\/comments?post=5200"}],"version-history":[{"count":0,"href":"https:\/\/primalfocus.eu\/pt\/wp-json\/wp\/v2\/pages\/5200\/revisions"}],"wp:attachment":[{"href":"https:\/\/primalfocus.eu\/pt\/wp-json\/wp\/v2\/media?parent=5200"}],"curies":[{"name":"wp","href":"https:\/\/api.w.org\/{rel}","templated":true}]}}