{"id":485434,"date":"2024-10-18T11:06:13","date_gmt":"2024-10-18T09:06:13","guid":{"rendered":"https:\/\/primalfocus.eu\/?page_id=485434"},"modified":"2026-02-25T12:37:17","modified_gmt":"2026-02-25T11:37:17","slug":"politica-de-devolucao","status":"publish","type":"page","link":"https:\/\/primalfocus.eu\/pt\/return-policy\/","title":{"rendered":"Pol\u00edtica de devolu\u00e7\u00e3o"},"content":{"rendered":"<div data-elementor-type=\"wp-page\" data-elementor-id=\"485434\" class=\"elementor elementor-485434\" data-elementor-post-type=\"page\">\n\t\t\t\t\t\t<section class=\"elementor-section elementor-top-section elementor-element elementor-element-2bbe6a3 elementor-section-boxed elementor-section-height-default elementor-section-height-default\" data-id=\"2bbe6a3\" data-element_type=\"section\" data-e-type=\"section\">\n\t\t\t\t\t\t<div class=\"elementor-container elementor-column-gap-default\">\n\t\t\t\t\t<div class=\"elementor-column elementor-col-100 elementor-top-column elementor-element elementor-element-05744ed\" data-id=\"05744ed\" data-element_type=\"column\" data-e-type=\"column\">\n\t\t\t<div class=\"elementor-widget-wrap elementor-element-populated\">\n\t\t\t\t\t\t<div class=\"elementor-element elementor-element-80c110a elementor-widget elementor-widget-heading\" data-id=\"80c110a\" data-element_type=\"widget\" data-e-type=\"widget\" data-widget_type=\"heading.default\">\n\t\t\t\t<div class=\"elementor-widget-container\">\n\t\t\t\t\t<h1 class=\"elementor-heading-title elementor-size-default\"><b>Pol\u00edtica de devolu\u00e7\u00e3o<\/b><\/h1>\t\t\t\t<\/div>\n\t\t\t\t<\/div>\n\t\t\t\t<div class=\"elementor-element elementor-element-bc03df6 elementor-hidden-tablet elementor-hidden-mobile elementor-widget elementor-widget-text-editor\" data-id=\"bc03df6\" data-element_type=\"widget\" data-e-type=\"widget\" data-widget_type=\"text-editor.default\">\n\t\t\t\t<div class=\"elementor-widget-container\">\n\t\t\t\t\t\t\t\t\t<p>Obrigado por comprar connosco! Esfor\u00e7amo-nos por garantir que tem uma experi\u00eancia positiva com os nossos produtos. Abaixo est\u00e3o as pol\u00edticas de devolu\u00e7\u00e3o espec\u00edficas para cada categoria de produtos que oferecemos.<\/p><h3>\u00a0<\/h3><h3>Diretrizes gerais de devolu\u00e7\u00e3o<\/h3><p><strong>Per\u00edodo de devolu\u00e7\u00e3o:<\/strong><br \/>Pode devolver produtos eleg\u00edveis no prazo de 14 dias ap\u00f3s a rece\u00e7\u00e3o da sua encomenda. Para se qualificar para uma devolu\u00e7\u00e3o, os produtos devem estar fechados, com os selos intactos.<\/p><p><strong>Envio de devolu\u00e7\u00e3o:<\/strong><br \/>O cliente \u00e9 respons\u00e1vel pelos custos de envio da devolu\u00e7\u00e3o, exceto se o produto estiver danificado ou com defeito. Recomendamos a utiliza\u00e7\u00e3o de um servi\u00e7o de transporte rastre\u00e1vel para garantir uma devolu\u00e7\u00e3o segura.<\/p><p><strong>Processo de reembolso:<\/strong><br \/>Assim que recebermos e inspeccionarmos o artigo devolvido, notific\u00e1-lo-emos da aprova\u00e7\u00e3o ou rejei\u00e7\u00e3o do seu reembolso. Os reembolsos aprovados ser\u00e3o processados no prazo de 7 a 10 dias \u00fateis e emitidos para o m\u00e9todo de pagamento original.<\/p><p><strong>Condi\u00e7\u00f5es n\u00e3o retorn\u00e1veis:<\/strong><br \/>N\u00e3o podemos aceitar devolu\u00e7\u00f5es se o selo estiver quebrado ou a embalagem aberta, devido a requisitos de seguran\u00e7a e controlo de qualidade. Al\u00e9m disso, os artigos devolvidos ap\u00f3s 30 dias da data de entrega n\u00e3o podem ser reembolsados.<\/p><h3>\u00a0<\/h3><h3>Categorias de produtos espec\u00edficas<\/h3><h4>\u00a0<\/h4><h4>1. <strong>Suplementos (Caf\u00e9 de Cogumelos, C\u00e1psulas de Lion's Mane, C\u00e1psulas de Cordyceps, C\u00e1psulas de Chaga e C\u00e1psulas de Reishi)<\/strong><\/h4><ul><li><strong>Elegibilidade para o regresso:<\/strong> N\u00e3o aberto e com o selo intacto.<\/li><li><strong>Per\u00edodo de devolu\u00e7\u00e3o:<\/strong> 14 dias a contar da data de entrega.<\/li><li><strong>Condi\u00e7\u00f5es de reembolso:<\/strong> O reembolso s\u00f3 ser\u00e1 efectuado para as c\u00e1psulas de suplemento devolvidas que cumpram os crit\u00e9rios acima referidos.<\/li><\/ul><h4>\u00a0<\/h4><h4>2.\u00a0<strong>Trufas m\u00e1gicas, trufas de microdosagem, produtos LSD legais, gotas de Amesterd\u00e3o, cactos e kits de cultivo<\/strong><\/h4><ul><li><strong>N\u00e3o retorn\u00e1vel:<\/strong> Devido \u00e0 natureza perec\u00edvel e \u00e0s considera\u00e7\u00f5es de higiene destes produtos, n\u00e3o podemos aceitar devolu\u00e7\u00f5es de trufas m\u00e1gicas frescas, trufas de microdosagem, produtos 1S-LSD, Amsterdam Drops, cactos ou kits de cultivo.<\/li><li><strong>Reembolsos:<\/strong> N\u00e3o ser\u00e3o efectuados reembolsos para estes artigos em nenhuma circunst\u00e2ncia.<\/li><\/ul><h4>3. <strong>Mercadoria (vestu\u00e1rio, acess\u00f3rios, etc.)<\/strong><\/h4><ul><li><strong>Elegibilidade para o regresso:<\/strong> As mercadorias n\u00e3o abertas e n\u00e3o usadas podem ser devolvidas no prazo de 14 dias ap\u00f3s a rece\u00e7\u00e3o.<\/li><li><strong>Regras de devolu\u00e7\u00e3o de vestu\u00e1rio normal:<\/strong><ul><li>Os artigos devem estar no seu estado original, com as etiquetas coladas e a embalagem intacta.<\/li><li>Os artigos gastos ou lavados n\u00e3o podem ser devolvidos.<\/li><li>Os artigos devolvidos ap\u00f3s 14 dias a contar da data de entrega n\u00e3o podem ser reembolsados.<\/li><\/ul><\/li><\/ul><h3>\u00a0<\/h3><h3>Endere\u00e7o para devolu\u00e7\u00f5es<\/h3><p>As devolu\u00e7\u00f5es devem ser enviadas para o seguinte endere\u00e7o:<\/p><p>Kerkenbos 1063M,<br \/>6546 BB Nijmegen,<br \/>Pa\u00edses Baixos.<\/p><p>Para garantir um processo de devolu\u00e7\u00e3o sem problemas, \u00e9 favor <strong>incluir o seu n\u00famero de encomenda<\/strong> e especificar o(s) produto(s) que est\u00e1 a devolver.<\/p><p><strong>\u00a0<\/strong><\/p><p><strong>Nota:<\/strong><br \/>Uma vez rompido o selo de pl\u00e1stico das c\u00e1psulas de suplemento, deixamos de poder garantir a qualidade ou a seguran\u00e7a do produto e este n\u00e3o pode ser devolvido ou reembolsado,<\/p>\t\t\t\t\t\t\t\t<\/div>\n\t\t\t\t<\/div>\n\t\t\t\t\t<\/div>\n\t\t<\/div>\n\t\t\t\t\t<\/div>\n\t\t<\/section>\n\t\t\t\t<\/div>","protected":false},"excerpt":{"rendered":"<p>Return Policy Thank you for shopping with us! We strive to ensure you have a positive experience with our products. [&hellip;]<\/p>\n","protected":false},"author":1,"featured_media":0,"parent":0,"menu_order":0,"comment_status":"closed","ping_status":"closed","template":"","meta":{"site-sidebar-layout":"no-sidebar","site-content-layout":"page-builder","ast-site-content-layout":"full-width-container","site-content-style":"default","site-sidebar-style":"default","ast-global-header-display":"","ast-banner-title-visibility":"","ast-main-header-display":"","ast-hfb-above-header-display":"","ast-hfb-below-header-display":"","ast-hfb-mobile-header-display":"","site-post-title":"disabled","ast-breadcrumbs-content":"","ast-featured-img":"disabled","footer-sml-layout":"","ast-disable-related-posts":"","theme-transparent-header-meta":"disabled","adv-header-id-meta":"","stick-header-meta":"","header-above-stick-meta":"","header-main-stick-meta":"","header-below-stick-meta":"","astra-migrate-meta-layouts":"set","ast-page-background-enabled":"default","ast-page-background-meta":{"desktop":{"background-color":"","background-image":"","background-repeat":"repeat","background-position":"center center","background-size":"auto","background-attachment":"scroll","background-type":"","background-media":"","overlay-type":"","overlay-color":"","overlay-gradient":""},"tablet":{"background-color":"","background-image":"","background-repeat":"repeat","background-position":"center center","background-size":"auto","background-attachment":"scroll","background-type":"","background-media":"","overlay-type":"","overlay-color":"","overlay-gradient":""},"mobile":{"background-color":"","background-image":"","background-repeat":"repeat","background-position":"center center","background-size":"auto","background-attachment":"scroll","background-type":"","background-media":"","overlay-type":"","overlay-color":"","overlay-gradient":""}},"ast-content-background-meta":{"desktop":{"background-color":"var(--ast-global-color-5)","background-image":"","background-repeat":"repeat","background-position":"center center","background-size":"auto","background-attachment":"scroll","background-type":"","background-media":"","overlay-type":"","overlay-color":"","overlay-gradient":""},"tablet":{"background-color":"var(--ast-global-color-5)","background-image":"","background-repeat":"repeat","background-position":"center center","background-size":"auto","background-attachment":"scroll","background-type":"","background-media":"","overlay-type":"","overlay-color":"","overlay-gradient":""},"mobile":{"background-color":"var(--ast-global-color-5)","background-image":"","background-repeat":"repeat","background-position":"center center","background-size":"auto","background-attachment":"scroll","background-type":"","background-media":"","overlay-type":"","overlay-color":"","overlay-gradient":""}},"footnotes":""},"class_list":["post-485434","page","type-page","status-publish","hentry"],"yoast_head":"<!-- This site is optimized with the Yoast SEO plugin v27.3 - https:\/\/yoast.com\/product\/yoast-seo-wordpress\/ -->\n<title>Return Policy - Primal Focus<\/title>\n<meta name=\"robots\" content=\"index, follow, max-snippet:-1, max-image-preview:large, max-video-preview:-1\" \/>\n<link rel=\"canonical\" href=\"https:\/\/primalfocus.eu\/pt\/politica-de-devolucao\/\" \/>\n<meta property=\"og:locale\" content=\"pt_PT\" \/>\n<meta property=\"og:type\" content=\"article\" \/>\n<meta property=\"og:title\" content=\"Return Policy - Primal Focus\" \/>\n<meta property=\"og:description\" content=\"Return Policy Thank you for shopping with us! We strive to ensure you have a positive experience with our products. [&hellip;]\" \/>\n<meta property=\"og:url\" content=\"https:\/\/primalfocus.eu\/pt\/politica-de-devolucao\/\" \/>\n<meta property=\"og:site_name\" content=\"Primal Focus\" \/>\n<meta property=\"article:publisher\" content=\"https:\/\/www.facebook.com\/profile.php?id=61575377667059\" \/>\n<meta property=\"article:modified_time\" content=\"2026-02-25T11:37:17+00:00\" \/>\n<meta name=\"twitter:card\" content=\"summary_large_image\" \/>\n<meta name=\"twitter:site\" content=\"@primalfocus_eu\" \/>\n<meta name=\"twitter:label1\" content=\"Tempo estimado de leitura\" \/>\n\t<meta name=\"twitter:data1\" content=\"2 minutos\" \/>\n<script type=\"application\/ld+json\" class=\"yoast-schema-graph\">{\"@context\":\"https:\\\/\\\/schema.org\",\"@graph\":[{\"@type\":\"WebPage\",\"@id\":\"https:\\\/\\\/primalfocus.eu\\\/pt\\\/return-policy\\\/\",\"url\":\"https:\\\/\\\/primalfocus.eu\\\/pt\\\/return-policy\\\/\",\"name\":\"Return Policy - Primal Focus\",\"isPartOf\":{\"@id\":\"https:\\\/\\\/primalfocus.eu\\\/pt\\\/#website\"},\"datePublished\":\"2024-10-18T09:06:13+00:00\",\"dateModified\":\"2026-02-25T11:37:17+00:00\",\"breadcrumb\":{\"@id\":\"https:\\\/\\\/primalfocus.eu\\\/pt\\\/return-policy\\\/#breadcrumb\"},\"inLanguage\":\"pt-PT\",\"potentialAction\":[{\"@type\":\"ReadAction\",\"target\":[\"https:\\\/\\\/primalfocus.eu\\\/pt\\\/return-policy\\\/\"]}]},{\"@type\":\"BreadcrumbList\",\"@id\":\"https:\\\/\\\/primalfocus.eu\\\/pt\\\/return-policy\\\/#breadcrumb\",\"itemListElement\":[{\"@type\":\"ListItem\",\"position\":1,\"name\":\"Home\",\"item\":\"https:\\\/\\\/primalfocus.eu\\\/\"},{\"@type\":\"ListItem\",\"position\":2,\"name\":\"Return Policy\"}]},{\"@type\":\"WebSite\",\"@id\":\"https:\\\/\\\/primalfocus.eu\\\/pt\\\/#website\",\"url\":\"https:\\\/\\\/primalfocus.eu\\\/pt\\\/\",\"name\":\"Primal Focus\",\"description\":\"Buy legal psychedelics online\",\"publisher\":{\"@id\":\"https:\\\/\\\/primalfocus.eu\\\/pt\\\/#organization\"},\"potentialAction\":[{\"@type\":\"SearchAction\",\"target\":{\"@type\":\"EntryPoint\",\"urlTemplate\":\"https:\\\/\\\/primalfocus.eu\\\/pt\\\/?s={search_term_string}\"},\"query-input\":{\"@type\":\"PropertyValueSpecification\",\"valueRequired\":true,\"valueName\":\"search_term_string\"}}],\"inLanguage\":\"pt-PT\"},{\"@type\":\"Organization\",\"@id\":\"https:\\\/\\\/primalfocus.eu\\\/pt\\\/#organization\",\"name\":\"Primal Focus\",\"alternateName\":\"primalfocus.eu\",\"url\":\"https:\\\/\\\/primalfocus.eu\\\/pt\\\/\",\"logo\":{\"@type\":\"ImageObject\",\"inLanguage\":\"pt-PT\",\"@id\":\"https:\\\/\\\/primalfocus.eu\\\/pt\\\/#\\\/schema\\\/logo\\\/image\\\/\",\"url\":\"https:\\\/\\\/primalfocus.eu\\\/wp-content\\\/uploads\\\/2025\\\/11\\\/primal-focus-logo-header.svg\",\"contentUrl\":\"https:\\\/\\\/primalfocus.eu\\\/wp-content\\\/uploads\\\/2025\\\/11\\\/primal-focus-logo-header.svg\",\"caption\":\"Primal Focus\"},\"image\":{\"@id\":\"https:\\\/\\\/primalfocus.eu\\\/pt\\\/#\\\/schema\\\/logo\\\/image\\\/\"},\"sameAs\":[\"https:\\\/\\\/www.facebook.com\\\/profile.php?id=61575377667059\",\"https:\\\/\\\/x.com\\\/primalfocus_eu\",\"https:\\\/\\\/www.instagram.com\\\/primalfocus.store\\\/\"]}]}<\/script>\n<!-- \/ Yoast SEO plugin. -->","yoast_head_json":{"title":"Pol\u00edtica de devolu\u00e7\u00e3o - Primal Focus","robots":{"index":"index","follow":"follow","max-snippet":"max-snippet:-1","max-image-preview":"max-image-preview:large","max-video-preview":"max-video-preview:-1"},"canonical":"https:\/\/primalfocus.eu\/pt\/politica-de-devolucao\/","og_locale":"pt_PT","og_type":"article","og_title":"Return Policy - Primal Focus","og_description":"Return Policy Thank you for shopping with us! We strive to ensure you have a positive experience with our products. [&hellip;]","og_url":"https:\/\/primalfocus.eu\/pt\/politica-de-devolucao\/","og_site_name":"Primal Focus","article_publisher":"https:\/\/www.facebook.com\/profile.php?id=61575377667059","article_modified_time":"2026-02-25T11:37:17+00:00","twitter_card":"summary_large_image","twitter_site":"@primalfocus_eu","twitter_misc":{"Tempo estimado de leitura":"2 minutos"},"schema":{"@context":"https:\/\/schema.org","@graph":[{"@type":"WebPage","@id":"https:\/\/primalfocus.eu\/pt\/return-policy\/","url":"https:\/\/primalfocus.eu\/pt\/return-policy\/","name":"Pol\u00edtica de devolu\u00e7\u00e3o - Primal Focus","isPartOf":{"@id":"https:\/\/primalfocus.eu\/pt\/#website"},"datePublished":"2024-10-18T09:06:13+00:00","dateModified":"2026-02-25T11:37:17+00:00","breadcrumb":{"@id":"https:\/\/primalfocus.eu\/pt\/return-policy\/#breadcrumb"},"inLanguage":"pt-PT","potentialAction":[{"@type":"ReadAction","target":["https:\/\/primalfocus.eu\/pt\/return-policy\/"]}]},{"@type":"BreadcrumbList","@id":"https:\/\/primalfocus.eu\/pt\/return-policy\/#breadcrumb","itemListElement":[{"@type":"ListItem","position":1,"name":"Home","item":"https:\/\/primalfocus.eu\/"},{"@type":"ListItem","position":2,"name":"Return Policy"}]},{"@type":"WebSite","@id":"https:\/\/primalfocus.eu\/pt\/#website","url":"https:\/\/primalfocus.eu\/pt\/","name":"Primal Focus","description":"Comprar psicad\u00e9licos legais online","publisher":{"@id":"https:\/\/primalfocus.eu\/pt\/#organization"},"potentialAction":[{"@type":"SearchAction","target":{"@type":"EntryPoint","urlTemplate":"https:\/\/primalfocus.eu\/pt\/?s={search_term_string}"},"query-input":{"@type":"PropertyValueSpecification","valueRequired":true,"valueName":"search_term_string"}}],"inLanguage":"pt-PT"},{"@type":"Organization","@id":"https:\/\/primalfocus.eu\/pt\/#organization","name":"Primal Focus","alternateName":"primalfocus.eu","url":"https:\/\/primalfocus.eu\/pt\/","logo":{"@type":"ImageObject","inLanguage":"pt-PT","@id":"https:\/\/primalfocus.eu\/pt\/#\/schema\/logo\/image\/","url":"https:\/\/primalfocus.eu\/wp-content\/uploads\/2025\/11\/primal-focus-logo-header.svg","contentUrl":"https:\/\/primalfocus.eu\/wp-content\/uploads\/2025\/11\/primal-focus-logo-header.svg","caption":"Primal Focus"},"image":{"@id":"https:\/\/primalfocus.eu\/pt\/#\/schema\/logo\/image\/"},"sameAs":["https:\/\/www.facebook.com\/profile.php?id=61575377667059","https:\/\/x.com\/primalfocus_eu","https:\/\/www.instagram.com\/primalfocus.store\/"]}]}},"jetpack_sharing_enabled":true,"_links":{"self":[{"href":"https:\/\/primalfocus.eu\/pt\/wp-json\/wp\/v2\/pages\/485434","targetHints":{"allow":["GET"]}}],"collection":[{"href":"https:\/\/primalfocus.eu\/pt\/wp-json\/wp\/v2\/pages"}],"about":[{"href":"https:\/\/primalfocus.eu\/pt\/wp-json\/wp\/v2\/types\/page"}],"author":[{"embeddable":true,"href":"https:\/\/primalfocus.eu\/pt\/wp-json\/wp\/v2\/users\/1"}],"replies":[{"embeddable":true,"href":"https:\/\/primalfocus.eu\/pt\/wp-json\/wp\/v2\/comments?post=485434"}],"version-history":[{"count":3,"href":"https:\/\/primalfocus.eu\/pt\/wp-json\/wp\/v2\/pages\/485434\/revisions"}],"predecessor-version":[{"id":1118034,"href":"https:\/\/primalfocus.eu\/pt\/wp-json\/wp\/v2\/pages\/485434\/revisions\/1118034"}],"wp:attachment":[{"href":"https:\/\/primalfocus.eu\/pt\/wp-json\/wp\/v2\/media?parent=485434"}],"curies":[{"name":"wp","href":"https:\/\/api.w.org\/{rel}","templated":true}]}}