{"id":632524,"date":"2025-03-03T00:00:17","date_gmt":"2025-03-02T23:00:17","guid":{"rendered":"https:\/\/primalfocus.eu\/?post_type=product&#038;p=632524"},"modified":"2026-04-03T13:15:11","modified_gmt":"2026-04-03T11:15:11","slug":"tartufi-magici-draghi-dinamite","status":"publish","type":"product","link":"https:\/\/primalfocus.eu\/it\/magic-truffles-dragons-dynamite\/","title":{"rendered":"Tartufi Dragon's Dynamite (20g)"},"content":{"rendered":"<h3 style=\"font-size: 1.2em;\"><strong>Un'esperienza psichedelica ad alta energia con immagini vivide e chiarezza emotiva, perfetta per gli esploratori che cercano l'intensit\u00e0 in forma equilibrata.<\/strong><\/h3>\n<div style=\"background-color: #eff5e6; padding: 20px; border-radius: 12px; font-family: Montserrat, sans-serif; font-size: 15px; color: #333; line-height: 1.6;\">\n<ul style=\"list-style: none; padding: 0; margin: 0;\">\n<li style=\"margin-bottom: 8px;\">\u2705 <strong>20 grammi<\/strong> di tartufi magici freschi<\/li>\n<li style=\"margin-bottom: 8px;\">\u2705 <strong>Forza:<\/strong> 5 su 5 \u26a1\ufe0f<\/li>\n<li style=\"margin-bottom: 8px;\">\u2705 <strong>100% da agricoltura biologica<\/strong> nei Paesi Bassi<\/li>\n<li style=\"margin-bottom: 8px;\">\u2705 <strong>Spedizione<\/strong> ai paesi dell'UE<\/li>\n<\/ul>\n<\/div>\n<h2>Cosa sono i tartufi Dragon's Dynamite?<\/h2>\n<p>Dragon's Dynamite \u00e8 uno dei tartufi magici pi\u00f9 intensi della nostra collezione. Conosciuta per il suo effetto potente ed energizzante, questa variet\u00e0 \u00e8 perfetta per chi vuole andare in profondit\u00e0, ma rimanere lucido e vigile. A differenza di alcuni tartufi pi\u00f9 pesanti, Dragon's Dynamite combina immagini chiare con uno spazio mentale luminoso e concentrato.<\/p>\n<p>Aspettatevi colori vibranti, una forte spinta emotiva e una sensazione di connessione con il mondo circostante. \u00c8 il preferito da chi vuole intensit\u00e0, ma senza perdere la chiarezza o il controllo.<\/p>\n<h2>Perch\u00e9 il nome Dragon's Dynamite?<\/h2>\n<p>Come suggerisce il nome, Dragon's Dynamite accende i sensi con energia, colore e fuoco. Questa variet\u00e0 scatena potenti visioni e scoperte emotive, mantenendo la mente brillante e vigile, proprio come un drago che si risveglia al suo interno. \u00c8 un simbolo di forza, energia e trasformazione.<\/p>\n<h2><strong>Perch\u00e9 scegliere Dragon's Dynamite?<\/strong><\/h2>\n<div class=\"su-accordion su-u-trim custom-truffle-accordion\">\n<div class=\"su-spoiler su-spoiler-style-default su-spoiler-icon-plus su-spoiler-closed\" data-scroll-offset=\"0\" data-anchor-in-url=\"no\"><div class=\"su-spoiler-title\" tabindex=\"0\" role=\"button\"><span class=\"su-spoiler-icon\"><\/span>Chiaro ed energizzante<\/div><div class=\"su-spoiler-content su-u-clearfix su-u-trim\">\n<div style=\"background-color: #eff5e6; padding: 12px 16px; font-size: 15px; color: #444;\">Dragon's Dynamite \u00e8 in grado di offrire immagini potenti ed emozioni profonde, senza una pesante nebbia mentale. Perfetta per un viaggio luminoso e ad alta energia.<\/div>\n<\/div><\/div>\n<div class=\"su-spoiler su-spoiler-style-default su-spoiler-icon-plus su-spoiler-closed\" data-scroll-offset=\"0\" data-anchor-in-url=\"no\"><div class=\"su-spoiler-title\" tabindex=\"0\" role=\"button\"><span class=\"su-spoiler-icon\"><\/span>Forte ma equilibrato<\/div><div class=\"su-spoiler-content su-u-clearfix su-u-trim\">\n<div style=\"background-color: #eff5e6; padding: 12px 16px; font-size: 15px; color: #444;\">Voto 5\/5 in forza. Offre un'esperienza psichedelica completa, mantenendo intatta la consapevolezza. Ideale per approfondimenti personali, passeggiate nella natura o sessioni creative.<\/div>\n<\/div><\/div>\n<div class=\"su-spoiler su-spoiler-style-default su-spoiler-icon-plus su-spoiler-closed\" data-scroll-offset=\"0\" data-anchor-in-url=\"no\"><div class=\"su-spoiler-title\" tabindex=\"0\" role=\"button\"><span class=\"su-spoiler-icon\"><\/span>100% legale nell'UE<\/div><div class=\"su-spoiler-content su-u-clearfix su-u-trim\">\n<div style=\"background-color: #eff5e6; padding: 12px 16px; font-size: 15px; color: #444;\">Nei Paesi Bassi questi tartufi sono legalmente classificati come prodotti alimentari. Grazie alla legislazione dell'UE, possono essere spediti senza problemi nella maggior parte dei Paesi dell'Unione.<\/div>\n<\/div><\/div>\n<div class=\"su-spoiler su-spoiler-style-default su-spoiler-icon-plus su-spoiler-closed\" data-scroll-offset=\"0\" data-anchor-in-url=\"no\"><div class=\"su-spoiler-title\" tabindex=\"0\" role=\"button\"><span class=\"su-spoiler-icon\"><\/span>Coltivazione biologica<\/div><div class=\"su-spoiler-content su-u-clearfix su-u-trim\">\n<div style=\"background-color: #eff5e6; padding: 12px 16px; font-size: 15px; color: #444;\">Niente prodotti chimici, niente sciocchezze. Solo tartufi puliti, coltivati sottoterra e provenienti dalla terra olandese.<\/div>\n<\/div><\/div>\n<div class=\"su-spoiler su-spoiler-style-default su-spoiler-icon-plus su-spoiler-closed\" data-scroll-offset=\"0\" data-anchor-in-url=\"no\"><div class=\"su-spoiler-title\" tabindex=\"0\" role=\"button\"><span class=\"su-spoiler-icon\"><\/span>Testato in laboratorio e sicuro per gli alimenti<\/div><div class=\"su-spoiler-content su-u-clearfix su-u-trim\">\n<div style=\"background-color: #eff5e6; padding: 12px 16px; font-size: 15px; color: #444;\">Prodotto secondo standard di sicurezza alimentare certificati. Confezionato professionalmente, sicuro da conservare e consumare.<\/div>\n<\/div><\/div>\n<div class=\"su-spoiler su-spoiler-style-default su-spoiler-icon-plus su-spoiler-closed\" data-scroll-offset=\"0\" data-anchor-in-url=\"no\"><div class=\"su-spoiler-title\" tabindex=\"0\" role=\"button\"><span class=\"su-spoiler-icon\"><\/span>Dosaggio flessibile<\/div><div class=\"su-spoiler-content su-u-clearfix su-u-trim\">\n<div style=\"background-color: #eff5e6; padding: 12px 16px; font-size: 15px; color: #444;\">Non tutti i viaggi devono essere intensi. Iniziare con 5-10 grammi per un'esperienza leggera. La dose completa di 20 grammi \u00e8 consigliata solo ai consumatori esperti.<\/div>\n<\/div><\/div>\n<div class=\"su-spoiler su-spoiler-style-default su-spoiler-icon-plus su-spoiler-closed\" data-scroll-offset=\"0\" data-anchor-in-url=\"no\"><div class=\"su-spoiler-title\" tabindex=\"0\" role=\"button\"><span class=\"su-spoiler-icon\"><\/span>Facile da prendere<\/div><div class=\"su-spoiler-content su-u-clearfix su-u-trim\">\n<div style=\"background-color: #eff5e6; padding: 12px 16px; font-size: 15px; color: #444;\">Mangiatele crude, preparatele come t\u00e8 o mescolatele a un pasto. In ogni caso, basta masticare bene e godersi il viaggio.<\/div>\n<\/div><\/div>\n<\/div>\n<div style=\"margin-top: 20px; background-color: #eff5e6; padding: 16px; border-radius: 8px; border: 1px solid #dbeac7; font-family: Montserrat, sans-serif; font-size: 14px;\">\n<h3><strong>Note chiave (leggere attentamente):<\/strong><\/h3>\n<ul style=\"margin: 10px 0 0 20px;\">\n<li>Non utilizzare in caso di disturbi mentali, di assunzione di farmaci o di gravidanza.<\/li>\n<li>Evitare alcol e altre sostanze durante il viaggio.<\/li>\n<li>Iniziate con una dose bassa, soprattutto se \u00e8 la prima volta. Si pu\u00f2 sempre prendere di pi\u00f9, non di meno.<\/li>\n<li>Viaggiate sempre in un ambiente sicuro e tranquillo, possibilmente con un accompagnatore sobrio.<\/li>\n<li>Conservare in frigorifero (2-4\u00b0C) e fuori dalla portata dei bambini.<\/li>\n<li>Legale nei Paesi Bassi e conforme alle norme di libero scambio dell'UE.<\/li>\n<\/ul>\n<\/div>","protected":false},"excerpt":{"rendered":"<p>A high-energy psychedelic experience with vivid visuals, emotional clarity, perfect for explorers seeking intensity in balanced form. \u2705 20 grams [&hellip;]<\/p>\n","protected":false},"featured_media":632542,"comment_status":"open","ping_status":"closed","template":"","meta":{"site-sidebar-layout":"default","site-content-layout":"default","ast-site-content-layout":"default","site-content-style":"default","site-sidebar-style":"default","ast-global-header-display":"","ast-banner-title-visibility":"","ast-main-header-display":"","ast-hfb-above-header-display":"","ast-hfb-below-header-display":"","ast-hfb-mobile-header-display":"","site-post-title":"","ast-breadcrumbs-content":"","ast-featured-img":"","footer-sml-layout":"","ast-disable-related-posts":"","theme-transparent-header-meta":"default","adv-header-id-meta":"","stick-header-meta":"","header-above-stick-meta":"","header-main-stick-meta":"","header-below-stick-meta":"","astra-migrate-meta-layouts":"set","ast-page-background-enabled":"default","ast-page-background-meta":{"desktop":{"background-color":"","background-image":"","background-repeat":"repeat","background-position":"center center","background-size":"auto","background-attachment":"scroll","background-type":"","background-media":"","overlay-type":"","overlay-color":"","overlay-opacity":"","overlay-gradient":""},"tablet":{"background-color":"","background-image":"","background-repeat":"repeat","background-position":"center center","background-size":"auto","background-attachment":"scroll","background-type":"","background-media":"","overlay-type":"","overlay-color":"","overlay-opacity":"","overlay-gradient":""},"mobile":{"background-color":"","background-image":"","background-repeat":"repeat","background-position":"center center","background-size":"auto","background-attachment":"scroll","background-type":"","background-media":"","overlay-type":"","overlay-color":"","overlay-opacity":"","overlay-gradient":""}},"ast-content-background-meta":{"desktop":{"background-color":"var(--ast-global-color-5)","background-image":"","background-repeat":"repeat","background-position":"center center","background-size":"auto","background-attachment":"scroll","background-type":"","background-media":"","overlay-type":"","overlay-color":"","overlay-opacity":"","overlay-gradient":""},"tablet":{"background-color":"var(--ast-global-color-5)","background-image":"","background-repeat":"repeat","background-position":"center center","background-size":"auto","background-attachment":"scroll","background-type":"","background-media":"","overlay-type":"","overlay-color":"","overlay-opacity":"","overlay-gradient":""},"mobile":{"background-color":"var(--ast-global-color-5)","background-image":"","background-repeat":"repeat","background-position":"center center","background-size":"auto","background-attachment":"scroll","background-type":"","background-media":"","overlay-type":"","overlay-color":"","overlay-opacity":"","overlay-gradient":""}}},"product_brand":[128],"product_cat":[92,109,112],"product_tag":[],"class_list":{"0":"post-632524","1":"product","2":"type-product","3":"status-publish","4":"has-post-thumbnail","6":"product_brand-mcsmart","7":"product_cat-macrodosing","8":"product_cat-magic-truffles","9":"product_cat-mcsmart","10":"product_shipping_class-brievenbus-pakje","11":"desktop-align-center","12":"tablet-align-left","13":"mobile-align-left","15":"first","16":"instock","17":"taxable","18":"shipping-taxable","19":"purchasable","20":"product-type-simple"},"yoast_head":"<!-- This site is optimized with the Yoast SEO plugin v27.3 - https:\/\/yoast.com\/product\/yoast-seo-wordpress\/ -->\n<title>Dragon\u2019s Dynamite Truffles (20g): powerful &amp; clear focus<\/title>\n<meta name=\"description\" content=\"Order Dragon\u2019s Dynamite Magic Truffles at Primal Focus. 20g packs of our strongest strain. Intense visuals, deep insight and energizing clarity.\" \/>\n<meta name=\"robots\" content=\"index, follow, max-snippet:-1, max-image-preview:large, max-video-preview:-1\" \/>\n<link rel=\"canonical\" href=\"https:\/\/primalfocus.eu\/it\/tartufi-magici-draghi-dinamite\/\" \/>\n<meta property=\"og:locale\" content=\"it_IT\" \/>\n<meta property=\"og:type\" content=\"article\" \/>\n<meta property=\"og:title\" content=\"Dragon\u2019s Dynamite Truffles (20g): powerful &amp; clear focus\" \/>\n<meta property=\"og:description\" content=\"Order Dragon\u2019s Dynamite Magic Truffles at Primal Focus. 20g packs of our strongest strain. Intense visuals, deep insight and energizing clarity.\" \/>\n<meta property=\"og:url\" content=\"https:\/\/primalfocus.eu\/it\/tartufi-magici-draghi-dinamite\/\" \/>\n<meta property=\"og:site_name\" content=\"Primal Focus\" \/>\n<meta property=\"article:publisher\" content=\"https:\/\/www.facebook.com\/profile.php?id=61575377667059\" \/>\n<meta property=\"article:modified_time\" content=\"2026-04-03T11:15:11+00:00\" \/>\n<meta property=\"og:image\" content=\"https:\/\/primalfocus.eu\/wp-content\/uploads\/2025\/02\/Dragons-Dynamite-open-1-1.webp\" \/>\n\t<meta property=\"og:image:width\" content=\"1000\" \/>\n\t<meta property=\"og:image:height\" content=\"1000\" \/>\n\t<meta property=\"og:image:type\" content=\"image\/webp\" \/>\n<meta name=\"twitter:card\" content=\"summary_large_image\" \/>\n<meta name=\"twitter:site\" content=\"@primalfocus_eu\" \/>\n<meta name=\"twitter:label1\" content=\"Tempo di lettura stimato\" \/>\n\t<meta name=\"twitter:data1\" content=\"3 minuti\" \/>\n<script type=\"application\/ld+json\" class=\"yoast-schema-graph\">{\"@context\":\"https:\\\/\\\/schema.org\",\"@graph\":[{\"@type\":\"WebPage\",\"@id\":\"https:\\\/\\\/primalfocus.eu\\\/it\\\/magic-truffles-dragons-dynamite\\\/\",\"url\":\"https:\\\/\\\/primalfocus.eu\\\/it\\\/magic-truffles-dragons-dynamite\\\/\",\"name\":\"Dragon\u2019s Dynamite Truffles (20g): powerful & clear focus\",\"isPartOf\":{\"@id\":\"https:\\\/\\\/primalfocus.eu\\\/it\\\/#website\"},\"primaryImageOfPage\":{\"@id\":\"https:\\\/\\\/primalfocus.eu\\\/it\\\/magic-truffles-dragons-dynamite\\\/#primaryimage\"},\"image\":{\"@id\":\"https:\\\/\\\/primalfocus.eu\\\/it\\\/magic-truffles-dragons-dynamite\\\/#primaryimage\"},\"thumbnailUrl\":\"https:\\\/\\\/primalfocus.eu\\\/wp-content\\\/uploads\\\/2025\\\/02\\\/Dragons-Dynamite-open-1-1.webp\",\"datePublished\":\"2025-03-02T23:00:17+00:00\",\"dateModified\":\"2026-04-03T11:15:11+00:00\",\"description\":\"Order Dragon\u2019s Dynamite Magic Truffles at Primal Focus. 20g packs of our strongest strain. Intense visuals, deep insight and energizing clarity.\",\"breadcrumb\":{\"@id\":\"https:\\\/\\\/primalfocus.eu\\\/it\\\/magic-truffles-dragons-dynamite\\\/#breadcrumb\"},\"inLanguage\":\"it-IT\",\"potentialAction\":[{\"@type\":\"ReadAction\",\"target\":[\"https:\\\/\\\/primalfocus.eu\\\/it\\\/magic-truffles-dragons-dynamite\\\/\"]}]},{\"@type\":\"ImageObject\",\"inLanguage\":\"it-IT\",\"@id\":\"https:\\\/\\\/primalfocus.eu\\\/it\\\/magic-truffles-dragons-dynamite\\\/#primaryimage\",\"url\":\"https:\\\/\\\/primalfocus.eu\\\/wp-content\\\/uploads\\\/2025\\\/02\\\/Dragons-Dynamite-open-1-1.webp\",\"contentUrl\":\"https:\\\/\\\/primalfocus.eu\\\/wp-content\\\/uploads\\\/2025\\\/02\\\/Dragons-Dynamite-open-1-1.webp\",\"width\":1000,\"height\":1000,\"caption\":\"Dragons Dynamite open 1 1\"},{\"@type\":\"BreadcrumbList\",\"@id\":\"https:\\\/\\\/primalfocus.eu\\\/it\\\/magic-truffles-dragons-dynamite\\\/#breadcrumb\",\"itemListElement\":[{\"@type\":\"ListItem\",\"position\":1,\"name\":\"Home\",\"item\":\"https:\\\/\\\/primalfocus.eu\\\/\"},{\"@type\":\"ListItem\",\"position\":2,\"name\":\"Shop\",\"item\":\"https:\\\/\\\/primalfocus.eu\\\/products\\\/\"},{\"@type\":\"ListItem\",\"position\":3,\"name\":\"Macrodosing\",\"item\":\"https:\\\/\\\/primalfocus.eu\\\/macrodosing\\\/\"},{\"@type\":\"ListItem\",\"position\":4,\"name\":\"Magic Truffles\",\"item\":\"https:\\\/\\\/primalfocus.eu\\\/magic-truffles\\\/\"},{\"@type\":\"ListItem\",\"position\":5,\"name\":\"Dragon\u2019s Dynamite Truffles (20g)\"}]},{\"@type\":\"WebSite\",\"@id\":\"https:\\\/\\\/primalfocus.eu\\\/it\\\/#website\",\"url\":\"https:\\\/\\\/primalfocus.eu\\\/it\\\/\",\"name\":\"Primal Focus\",\"description\":\"Buy legal psychedelics online\",\"publisher\":{\"@id\":\"https:\\\/\\\/primalfocus.eu\\\/it\\\/#organization\"},\"potentialAction\":[{\"@type\":\"SearchAction\",\"target\":{\"@type\":\"EntryPoint\",\"urlTemplate\":\"https:\\\/\\\/primalfocus.eu\\\/it\\\/?s={search_term_string}\"},\"query-input\":{\"@type\":\"PropertyValueSpecification\",\"valueRequired\":true,\"valueName\":\"search_term_string\"}}],\"inLanguage\":\"it-IT\"},{\"@type\":\"Organization\",\"@id\":\"https:\\\/\\\/primalfocus.eu\\\/it\\\/#organization\",\"name\":\"Primal Focus\",\"alternateName\":\"primalfocus.eu\",\"url\":\"https:\\\/\\\/primalfocus.eu\\\/it\\\/\",\"logo\":{\"@type\":\"ImageObject\",\"inLanguage\":\"it-IT\",\"@id\":\"https:\\\/\\\/primalfocus.eu\\\/it\\\/#\\\/schema\\\/logo\\\/image\\\/\",\"url\":\"https:\\\/\\\/primalfocus.eu\\\/wp-content\\\/uploads\\\/2025\\\/11\\\/primal-focus-logo-header.svg\",\"contentUrl\":\"https:\\\/\\\/primalfocus.eu\\\/wp-content\\\/uploads\\\/2025\\\/11\\\/primal-focus-logo-header.svg\",\"caption\":\"Primal Focus\"},\"image\":{\"@id\":\"https:\\\/\\\/primalfocus.eu\\\/it\\\/#\\\/schema\\\/logo\\\/image\\\/\"},\"sameAs\":[\"https:\\\/\\\/www.facebook.com\\\/profile.php?id=61575377667059\",\"https:\\\/\\\/x.com\\\/primalfocus_eu\",\"https:\\\/\\\/www.instagram.com\\\/primalfocus.store\\\/\"]}]}<\/script>\n<!-- \/ Yoast SEO plugin. -->","yoast_head_json":{"title":"Tartufi di Dinamite del Drago (20 g): concentrazione potente e chiara","description":"Ordinate i tartufi magici Dragon's Dynamite a Primal Focus. Confezioni da 20 g della nostra variet\u00e0 pi\u00f9 forte. Immagini intense, intuizioni profonde e chiarezza energizzante.","robots":{"index":"index","follow":"follow","max-snippet":"max-snippet:-1","max-image-preview":"max-image-preview:large","max-video-preview":"max-video-preview:-1"},"canonical":"https:\/\/primalfocus.eu\/it\/tartufi-magici-draghi-dinamite\/","og_locale":"it_IT","og_type":"article","og_title":"Dragon\u2019s Dynamite Truffles (20g): powerful & clear focus","og_description":"Order Dragon\u2019s Dynamite Magic Truffles at Primal Focus. 20g packs of our strongest strain. Intense visuals, deep insight and energizing clarity.","og_url":"https:\/\/primalfocus.eu\/it\/tartufi-magici-draghi-dinamite\/","og_site_name":"Primal Focus","article_publisher":"https:\/\/www.facebook.com\/profile.php?id=61575377667059","article_modified_time":"2026-04-03T11:15:11+00:00","og_image":[{"width":1000,"height":1000,"url":"https:\/\/primalfocus.eu\/wp-content\/uploads\/2025\/02\/Dragons-Dynamite-open-1-1.webp","type":"image\/webp"}],"twitter_card":"summary_large_image","twitter_site":"@primalfocus_eu","twitter_misc":{"Tempo di lettura stimato":"3 minuti"},"schema":{"@context":"https:\/\/schema.org","@graph":[{"@type":"WebPage","@id":"https:\/\/primalfocus.eu\/it\/magic-truffles-dragons-dynamite\/","url":"https:\/\/primalfocus.eu\/it\/magic-truffles-dragons-dynamite\/","name":"Tartufi di Dinamite del Drago (20 g): concentrazione potente e chiara","isPartOf":{"@id":"https:\/\/primalfocus.eu\/it\/#website"},"primaryImageOfPage":{"@id":"https:\/\/primalfocus.eu\/it\/magic-truffles-dragons-dynamite\/#primaryimage"},"image":{"@id":"https:\/\/primalfocus.eu\/it\/magic-truffles-dragons-dynamite\/#primaryimage"},"thumbnailUrl":"https:\/\/primalfocus.eu\/wp-content\/uploads\/2025\/02\/Dragons-Dynamite-open-1-1.webp","datePublished":"2025-03-02T23:00:17+00:00","dateModified":"2026-04-03T11:15:11+00:00","description":"Ordinate i tartufi magici Dragon's Dynamite a Primal Focus. Confezioni da 20 g della nostra variet\u00e0 pi\u00f9 forte. Immagini intense, intuizioni profonde e chiarezza energizzante.","breadcrumb":{"@id":"https:\/\/primalfocus.eu\/it\/magic-truffles-dragons-dynamite\/#breadcrumb"},"inLanguage":"it-IT","potentialAction":[{"@type":"ReadAction","target":["https:\/\/primalfocus.eu\/it\/magic-truffles-dragons-dynamite\/"]}]},{"@type":"ImageObject","inLanguage":"it-IT","@id":"https:\/\/primalfocus.eu\/it\/magic-truffles-dragons-dynamite\/#primaryimage","url":"https:\/\/primalfocus.eu\/wp-content\/uploads\/2025\/02\/Dragons-Dynamite-open-1-1.webp","contentUrl":"https:\/\/primalfocus.eu\/wp-content\/uploads\/2025\/02\/Dragons-Dynamite-open-1-1.webp","width":1000,"height":1000,"caption":"Dragons Dynamite open 1 1"},{"@type":"BreadcrumbList","@id":"https:\/\/primalfocus.eu\/it\/magic-truffles-dragons-dynamite\/#breadcrumb","itemListElement":[{"@type":"ListItem","position":1,"name":"Home","item":"https:\/\/primalfocus.eu\/"},{"@type":"ListItem","position":2,"name":"Shop","item":"https:\/\/primalfocus.eu\/products\/"},{"@type":"ListItem","position":3,"name":"Macrodosing","item":"https:\/\/primalfocus.eu\/macrodosing\/"},{"@type":"ListItem","position":4,"name":"Magic Truffles","item":"https:\/\/primalfocus.eu\/magic-truffles\/"},{"@type":"ListItem","position":5,"name":"Dragon\u2019s Dynamite Truffles (20g)"}]},{"@type":"WebSite","@id":"https:\/\/primalfocus.eu\/it\/#website","url":"https:\/\/primalfocus.eu\/it\/","name":"Primal Focus","description":"Acquistare psichedelici legali online","publisher":{"@id":"https:\/\/primalfocus.eu\/it\/#organization"},"potentialAction":[{"@type":"SearchAction","target":{"@type":"EntryPoint","urlTemplate":"https:\/\/primalfocus.eu\/it\/?s={search_term_string}"},"query-input":{"@type":"PropertyValueSpecification","valueRequired":true,"valueName":"search_term_string"}}],"inLanguage":"it-IT"},{"@type":"Organization","@id":"https:\/\/primalfocus.eu\/it\/#organization","name":"Primal Focus","alternateName":"primalfocus.eu","url":"https:\/\/primalfocus.eu\/it\/","logo":{"@type":"ImageObject","inLanguage":"it-IT","@id":"https:\/\/primalfocus.eu\/it\/#\/schema\/logo\/image\/","url":"https:\/\/primalfocus.eu\/wp-content\/uploads\/2025\/11\/primal-focus-logo-header.svg","contentUrl":"https:\/\/primalfocus.eu\/wp-content\/uploads\/2025\/11\/primal-focus-logo-header.svg","caption":"Primal Focus"},"image":{"@id":"https:\/\/primalfocus.eu\/it\/#\/schema\/logo\/image\/"},"sameAs":["https:\/\/www.facebook.com\/profile.php?id=61575377667059","https:\/\/x.com\/primalfocus_eu","https:\/\/www.instagram.com\/primalfocus.store\/"]}]}},"jetpack_sharing_enabled":true,"_links":{"self":[{"href":"https:\/\/primalfocus.eu\/it\/wp-json\/wp\/v2\/product\/632524","targetHints":{"allow":["GET"]}}],"collection":[{"href":"https:\/\/primalfocus.eu\/it\/wp-json\/wp\/v2\/product"}],"about":[{"href":"https:\/\/primalfocus.eu\/it\/wp-json\/wp\/v2\/types\/product"}],"replies":[{"embeddable":true,"href":"https:\/\/primalfocus.eu\/it\/wp-json\/wp\/v2\/comments?post=632524"}],"wp:featuredmedia":[{"embeddable":true,"href":"https:\/\/primalfocus.eu\/it\/wp-json\/wp\/v2\/media\/632542"}],"wp:attachment":[{"href":"https:\/\/primalfocus.eu\/it\/wp-json\/wp\/v2\/media?parent=632524"}],"wp:term":[{"taxonomy":"product_brand","embeddable":true,"href":"https:\/\/primalfocus.eu\/it\/wp-json\/wp\/v2\/product_brand?post=632524"},{"taxonomy":"product_cat","embeddable":true,"href":"https:\/\/primalfocus.eu\/it\/wp-json\/wp\/v2\/product_cat?post=632524"},{"taxonomy":"product_tag","embeddable":true,"href":"https:\/\/primalfocus.eu\/it\/wp-json\/wp\/v2\/product_tag?post=632524"}],"curies":[{"name":"wp","href":"https:\/\/api.w.org\/{rel}","templated":true}]}}