{"id":461818,"date":"2024-10-09T15:05:08","date_gmt":"2024-10-09T13:05:08","guid":{"rendered":"https:\/\/primalfocus.eu\/?post_type=product&#038;p=461818"},"modified":"2026-04-08T08:04:38","modified_gmt":"2026-04-08T06:04:38","slug":"capsule-di-chaga","status":"publish","type":"product","link":"https:\/\/primalfocus.eu\/it\/chaga-capsules\/","title":{"rendered":"Capsule di Chaga"},"content":{"rendered":"<p>Provate il supporto immunitario naturale dal cuore della foresta con le capsule di fungo Chaga di Primal Focus. Conosciuto per il suo ricco profilo antiossidante e le sue propriet\u00e0 di rafforzamento immunitario, il Chaga aiuta a costruire una resistenza duratura contro lo stress e la fatica. Ogni capsula contiene un estratto di Chaga puro, raccolto in natura, che fornisce uno dei funghi adattogeni pi\u00f9 potenti della natura nella sua forma pi\u00f9 pulita.<\/p>\n<div style=\"background-color: #eff5e6; padding: 20px; border-radius: 12px; font-family: Montserrat, sans-serif; font-size: 15px; color: #333; line-height: 1.6;\">\n<ul style=\"list-style: none; padding: 0; margin: 0;\">\n<li style=\"margin-bottom: 8px;\">\u2705 <strong>90 capsule per busta<\/strong> (fornitura per 1-3 mesi)<\/li>\n<li style=\"margin-bottom: 8px;\">\u2705 <strong>100% Organico<\/strong> e a base di Chaga raccolto in natura<\/li>\n<li style=\"margin-bottom: 8px;\">\u2705 <strong>Solo corpo fruttifero<\/strong> - senza cereali, senza riempitivi<\/li>\n<\/ul>\n<\/div>\n<p>&nbsp;<\/p>\n<div class=\"su-accordion su-u-trim custom-chaga-description\">\n<div class=\"su-spoiler su-spoiler-style-fancy su-spoiler-icon-plus su-spoiler-closed\" data-scroll-offset=\"0\" data-anchor-in-url=\"no\"><div class=\"su-spoiler-title\" tabindex=\"0\" role=\"button\"><span class=\"su-spoiler-icon\"><\/span>Che cos'\u00e8 il Chaga?<\/div><div class=\"su-spoiler-content su-u-clearfix su-u-trim\">\n<div style=\"background-color: #eff5e6; padding: 16px; font-size: 15px; font-family: Montserrat, sans-serif; color: #444; line-height: 1.6;\">\n<p>Chaga (<em>Inonotus obliquus<\/em>) \u00e8 un fungo medicinale che cresce sulle betulle in regioni fredde come la Siberia, il Canada e il Nord Europa. All'esterno sembra un legno carbonizzato, ma all'interno contiene una densa concentrazione di antiossidanti, beta-glucani e altri composti attivi che favoriscono la salute immunitaria e la vitalit\u00e0 a lungo termine. Tradizionalmente utilizzato nella medicina erboristica russa e nordica, il Chaga \u00e8 oggi riconosciuto in tutto il mondo come uno dei pi\u00f9 potenti adattogeni naturali.<\/p>\n<\/div>\n<\/div><\/div>\n<div class=\"su-spoiler su-spoiler-style-fancy su-spoiler-icon-plus su-spoiler-closed\" data-scroll-offset=\"0\" data-anchor-in-url=\"no\"><div class=\"su-spoiler-title\" tabindex=\"0\" role=\"button\"><span class=\"su-spoiler-icon\"><\/span>Perch\u00e9 usare il Chaga?<\/div><div class=\"su-spoiler-content su-u-clearfix su-u-trim\">\n<div style=\"background-color: #eff5e6; padding: 16px; font-size: 15px; font-family: Montserrat, sans-serif; color: #444; line-height: 1.6;\">\n<p>Il chaga \u00e8 noto soprattutto per le sue propriet\u00e0 di sostegno immunitario, che aiutano l'organismo a mantenersi resistente durante i periodi di stress o di malattia. I suoi livelli naturalmente elevati di antiossidanti e beta-glucani aiutano a ridurre l'infiammazione, a combattere la stanchezza e a promuovere una risposta immunitaria equilibrata. Un uso regolare pu\u00f2 favorire il benessere generale, aumentare l'energia e aiutare a sentirsi pi\u00f9 forti e centrati durante la giornata.<\/p>\n<\/div>\n<\/div><\/div>\n<div class=\"su-spoiler su-spoiler-style-fancy su-spoiler-icon-plus su-spoiler-closed\" data-scroll-offset=\"0\" data-anchor-in-url=\"no\"><div class=\"su-spoiler-title\" tabindex=\"0\" role=\"button\"><span class=\"su-spoiler-icon\"><\/span>Chi dovrebbe usare il Chaga?<\/div><div class=\"su-spoiler-content su-u-clearfix su-u-trim\">\n<div style=\"background-color: #eff5e6; padding: 16px; font-size: 15px; font-family: Montserrat, sans-serif; color: #444; line-height: 1.6;\">\n<p>Il Chaga \u00e8 ideale per tutti coloro che desiderano rafforzare le proprie difese naturali e mantenere un'energia costante. \u00c8 particolarmente indicato per:<\/p>\n<ul>\n<li>Persone che vogliono sostenere la funzione immunitaria in modo naturale<\/li>\n<li>Persone con stili di vita impegnativi o stressanti che necessitano di un supporto quotidiano<\/li>\n<li>Persone che si stanno riprendendo da una malattia o che cercano di prevenire il burnout<\/li>\n<\/ul>\n<\/div>\n<\/div><\/div>\n<div class=\"su-spoiler su-spoiler-style-fancy su-spoiler-icon-plus su-spoiler-closed\" data-scroll-offset=\"0\" data-anchor-in-url=\"no\"><div class=\"su-spoiler-title\" tabindex=\"0\" role=\"button\"><span class=\"su-spoiler-icon\"><\/span>Cosa c'\u00e8 nelle nostre capsule?<\/div><div class=\"su-spoiler-content su-u-clearfix su-u-trim\">\n<div style=\"background-color: #eff5e6; padding: 16px; font-size: 15px; font-family: Montserrat, sans-serif; color: #444; line-height: 1.6;\">\n<p>Ogni capsula contiene 100% di puro estratto di Chaga proveniente esclusivamente dal corpo fruttifero, senza grani, amidi o additivi. Il nostro processo di doppia estrazione preserva l'intero spettro dei composti attivi, compresi i beta-glucani idrosolubili e gli antiossidanti solubili in alcol. Il risultato \u00e8 un integratore pulito e concentrato in capsule vegane che forniscono sempre una forza costante e affidabile.<\/p>\n<\/div>\n<\/div><\/div>\n<\/div>\n<div style=\"margin-top: 20px; background-color: #eff5e6; padding: 16px; border-radius: 8px; border: 1px solid #dbeac7; font-family: Montserrat, sans-serif; font-size: 14px;\">\n<h2>Note chiave (leggere attentamente)<\/h2>\n<ul>\n<li>Non utilizzare in gravidanza o durante l'allattamento.<\/li>\n<li>Evitare in caso di allergia ai funghi o al polline di betulla.<\/li>\n<li>Sicuro per l'uso quotidiano; si consiglia di assumerlo al mattino o al pomeriggio.<\/li>\n<li>Consultare il medico se si soffre di patologie autoimmuni o si assumono anticoagulanti.<\/li>\n<\/ul>\n<\/div>","protected":false},"excerpt":{"rendered":"<p>Experience natural immune support from the heart of the forest with Chaga Mushroom Capsules by Primal Focus. Known for its [&hellip;]<\/p>\n","protected":false},"featured_media":870318,"comment_status":"open","ping_status":"closed","template":"","meta":{"site-sidebar-layout":"default","site-content-layout":"default","ast-site-content-layout":"default","site-content-style":"default","site-sidebar-style":"default","ast-global-header-display":"","ast-banner-title-visibility":"","ast-main-header-display":"","ast-hfb-above-header-display":"","ast-hfb-below-header-display":"","ast-hfb-mobile-header-display":"","site-post-title":"","ast-breadcrumbs-content":"","ast-featured-img":"","footer-sml-layout":"","ast-disable-related-posts":"","theme-transparent-header-meta":"default","adv-header-id-meta":"","stick-header-meta":"","header-above-stick-meta":"","header-main-stick-meta":"","header-below-stick-meta":"","astra-migrate-meta-layouts":"set","ast-page-background-enabled":"default","ast-page-background-meta":{"desktop":{"background-color":"","background-image":"","background-repeat":"repeat","background-position":"center center","background-size":"auto","background-attachment":"scroll","background-type":"","background-media":"","overlay-type":"","overlay-color":"","overlay-opacity":"","overlay-gradient":""},"tablet":{"background-color":"","background-image":"","background-repeat":"repeat","background-position":"center center","background-size":"auto","background-attachment":"scroll","background-type":"","background-media":"","overlay-type":"","overlay-color":"","overlay-opacity":"","overlay-gradient":""},"mobile":{"background-color":"","background-image":"","background-repeat":"repeat","background-position":"center center","background-size":"auto","background-attachment":"scroll","background-type":"","background-media":"","overlay-type":"","overlay-color":"","overlay-opacity":"","overlay-gradient":""}},"ast-content-background-meta":{"desktop":{"background-color":"var(--ast-global-color-5)","background-image":"","background-repeat":"repeat","background-position":"center center","background-size":"auto","background-attachment":"scroll","background-type":"","background-media":"","overlay-type":"","overlay-color":"","overlay-opacity":"","overlay-gradient":""},"tablet":{"background-color":"var(--ast-global-color-5)","background-image":"","background-repeat":"repeat","background-position":"center center","background-size":"auto","background-attachment":"scroll","background-type":"","background-media":"","overlay-type":"","overlay-color":"","overlay-opacity":"","overlay-gradient":""},"mobile":{"background-color":"var(--ast-global-color-5)","background-image":"","background-repeat":"repeat","background-position":"center center","background-size":"auto","background-attachment":"scroll","background-type":"","background-media":"","overlay-type":"","overlay-color":"","overlay-opacity":"","overlay-gradient":""}}},"product_brand":[129],"product_cat":[108],"product_tag":[],"class_list":{"0":"post-461818","1":"product","2":"type-product","3":"status-publish","4":"has-post-thumbnail","6":"product_brand-primal-focus","7":"product_cat-functional-mushrooms","8":"product_shipping_class-brievenbus-pakje","9":"desktop-align-center","10":"tablet-align-left","11":"mobile-align-left","13":"first","14":"instock","15":"taxable","16":"shipping-taxable","17":"purchasable","18":"product-type-simple"},"yoast_head":"<!-- This site is optimized with the Yoast SEO plugin v27.3 - https:\/\/yoast.com\/product\/yoast-seo-wordpress\/ -->\n<title>Buy Chaga mushroom capsules for energy and immune balance<\/title>\n<meta name=\"description\" content=\"Discover pure Chaga mushroom benefits with Primal Focus. 100% fruiting body extract for energy, balance and protection. Organic, vegan and filler-free.\" \/>\n<meta name=\"robots\" content=\"index, follow, max-snippet:-1, max-image-preview:large, max-video-preview:-1\" \/>\n<link rel=\"canonical\" href=\"https:\/\/primalfocus.eu\/it\/capsule-di-chaga\/\" \/>\n<meta property=\"og:locale\" content=\"it_IT\" \/>\n<meta property=\"og:type\" content=\"article\" \/>\n<meta property=\"og:title\" content=\"Buy Chaga mushroom capsules for energy and immune balance\" \/>\n<meta property=\"og:description\" content=\"Discover pure Chaga mushroom benefits with Primal Focus. 100% fruiting body extract for energy, balance and protection. Organic, vegan and filler-free.\" \/>\n<meta property=\"og:url\" content=\"https:\/\/primalfocus.eu\/it\/capsule-di-chaga\/\" \/>\n<meta property=\"og:site_name\" content=\"Primal Focus\" \/>\n<meta property=\"article:publisher\" content=\"https:\/\/www.facebook.com\/profile.php?id=61575377667059\" \/>\n<meta property=\"article:modified_time\" content=\"2026-04-08T06:04:38+00:00\" \/>\n<meta property=\"og:image\" content=\"https:\/\/primalfocus.eu\/wp-content\/uploads\/2024\/10\/Chaga-Capsules-primalfocus.eu_.webp\" \/>\n\t<meta property=\"og:image:width\" content=\"1080\" \/>\n\t<meta property=\"og:image:height\" content=\"1080\" \/>\n\t<meta property=\"og:image:type\" content=\"image\/webp\" \/>\n<meta name=\"twitter:card\" content=\"summary_large_image\" \/>\n<meta name=\"twitter:site\" content=\"@primalfocus_eu\" \/>\n<meta name=\"twitter:label1\" content=\"Tempo di lettura stimato\" \/>\n\t<meta name=\"twitter:data1\" content=\"2 minuti\" \/>\n<script type=\"application\/ld+json\" class=\"yoast-schema-graph\">{\"@context\":\"https:\\\/\\\/schema.org\",\"@graph\":[{\"@type\":\"WebPage\",\"@id\":\"https:\\\/\\\/primalfocus.eu\\\/it\\\/chaga-capsules\\\/\",\"url\":\"https:\\\/\\\/primalfocus.eu\\\/it\\\/chaga-capsules\\\/\",\"name\":\"Buy Chaga mushroom capsules for energy and immune balance\",\"isPartOf\":{\"@id\":\"https:\\\/\\\/primalfocus.eu\\\/it\\\/#website\"},\"primaryImageOfPage\":{\"@id\":\"https:\\\/\\\/primalfocus.eu\\\/it\\\/chaga-capsules\\\/#primaryimage\"},\"image\":{\"@id\":\"https:\\\/\\\/primalfocus.eu\\\/it\\\/chaga-capsules\\\/#primaryimage\"},\"thumbnailUrl\":\"https:\\\/\\\/primalfocus.eu\\\/wp-content\\\/uploads\\\/2024\\\/10\\\/Chaga-Capsules-primalfocus.eu_.webp\",\"datePublished\":\"2024-10-09T13:05:08+00:00\",\"dateModified\":\"2026-04-08T06:04:38+00:00\",\"description\":\"Discover pure Chaga mushroom benefits with Primal Focus. 100% fruiting body extract for energy, balance and protection. Organic, vegan and filler-free.\",\"breadcrumb\":{\"@id\":\"https:\\\/\\\/primalfocus.eu\\\/it\\\/chaga-capsules\\\/#breadcrumb\"},\"inLanguage\":\"it-IT\",\"potentialAction\":[{\"@type\":\"ReadAction\",\"target\":[\"https:\\\/\\\/primalfocus.eu\\\/it\\\/chaga-capsules\\\/\"]}]},{\"@type\":\"ImageObject\",\"inLanguage\":\"it-IT\",\"@id\":\"https:\\\/\\\/primalfocus.eu\\\/it\\\/chaga-capsules\\\/#primaryimage\",\"url\":\"https:\\\/\\\/primalfocus.eu\\\/wp-content\\\/uploads\\\/2024\\\/10\\\/Chaga-Capsules-primalfocus.eu_.webp\",\"contentUrl\":\"https:\\\/\\\/primalfocus.eu\\\/wp-content\\\/uploads\\\/2024\\\/10\\\/Chaga-Capsules-primalfocus.eu_.webp\",\"width\":1080,\"height\":1080,\"caption\":\"Chaga Capsules primalfocus.eu\"},{\"@type\":\"BreadcrumbList\",\"@id\":\"https:\\\/\\\/primalfocus.eu\\\/it\\\/chaga-capsules\\\/#breadcrumb\",\"itemListElement\":[{\"@type\":\"ListItem\",\"position\":1,\"name\":\"Home\",\"item\":\"https:\\\/\\\/primalfocus.eu\\\/\"},{\"@type\":\"ListItem\",\"position\":2,\"name\":\"Shop\",\"item\":\"https:\\\/\\\/primalfocus.eu\\\/products\\\/\"},{\"@type\":\"ListItem\",\"position\":3,\"name\":\"Functional Mushrooms\",\"item\":\"https:\\\/\\\/primalfocus.eu\\\/functional-mushrooms\\\/\"},{\"@type\":\"ListItem\",\"position\":4,\"name\":\"Chaga Capsules\"}]},{\"@type\":\"WebSite\",\"@id\":\"https:\\\/\\\/primalfocus.eu\\\/it\\\/#website\",\"url\":\"https:\\\/\\\/primalfocus.eu\\\/it\\\/\",\"name\":\"Primal Focus\",\"description\":\"Buy legal psychedelics online\",\"publisher\":{\"@id\":\"https:\\\/\\\/primalfocus.eu\\\/it\\\/#organization\"},\"potentialAction\":[{\"@type\":\"SearchAction\",\"target\":{\"@type\":\"EntryPoint\",\"urlTemplate\":\"https:\\\/\\\/primalfocus.eu\\\/it\\\/?s={search_term_string}\"},\"query-input\":{\"@type\":\"PropertyValueSpecification\",\"valueRequired\":true,\"valueName\":\"search_term_string\"}}],\"inLanguage\":\"it-IT\"},{\"@type\":\"Organization\",\"@id\":\"https:\\\/\\\/primalfocus.eu\\\/it\\\/#organization\",\"name\":\"Primal Focus\",\"alternateName\":\"primalfocus.eu\",\"url\":\"https:\\\/\\\/primalfocus.eu\\\/it\\\/\",\"logo\":{\"@type\":\"ImageObject\",\"inLanguage\":\"it-IT\",\"@id\":\"https:\\\/\\\/primalfocus.eu\\\/it\\\/#\\\/schema\\\/logo\\\/image\\\/\",\"url\":\"https:\\\/\\\/primalfocus.eu\\\/wp-content\\\/uploads\\\/2025\\\/11\\\/primal-focus-logo-header.svg\",\"contentUrl\":\"https:\\\/\\\/primalfocus.eu\\\/wp-content\\\/uploads\\\/2025\\\/11\\\/primal-focus-logo-header.svg\",\"caption\":\"Primal Focus\"},\"image\":{\"@id\":\"https:\\\/\\\/primalfocus.eu\\\/it\\\/#\\\/schema\\\/logo\\\/image\\\/\"},\"sameAs\":[\"https:\\\/\\\/www.facebook.com\\\/profile.php?id=61575377667059\",\"https:\\\/\\\/x.com\\\/primalfocus_eu\",\"https:\\\/\\\/www.instagram.com\\\/primalfocus.store\\\/\"]}]}<\/script>\n<!-- \/ Yoast SEO plugin. -->","yoast_head_json":{"title":"Acquistare capsule di fungo Chaga per l'equilibrio energetico e immunitario","description":"Scoprite i benefici del fungo Chaga puro con Primal Focus. Estratto del corpo fruttifero 100% per energia, equilibrio e protezione. Biologico, vegano e privo di cariche.","robots":{"index":"index","follow":"follow","max-snippet":"max-snippet:-1","max-image-preview":"max-image-preview:large","max-video-preview":"max-video-preview:-1"},"canonical":"https:\/\/primalfocus.eu\/it\/capsule-di-chaga\/","og_locale":"it_IT","og_type":"article","og_title":"Buy Chaga mushroom capsules for energy and immune balance","og_description":"Discover pure Chaga mushroom benefits with Primal Focus. 100% fruiting body extract for energy, balance and protection. Organic, vegan and filler-free.","og_url":"https:\/\/primalfocus.eu\/it\/capsule-di-chaga\/","og_site_name":"Primal Focus","article_publisher":"https:\/\/www.facebook.com\/profile.php?id=61575377667059","article_modified_time":"2026-04-08T06:04:38+00:00","og_image":[{"width":1080,"height":1080,"url":"https:\/\/primalfocus.eu\/wp-content\/uploads\/2024\/10\/Chaga-Capsules-primalfocus.eu_.webp","type":"image\/webp"}],"twitter_card":"summary_large_image","twitter_site":"@primalfocus_eu","twitter_misc":{"Tempo di lettura stimato":"2 minuti"},"schema":{"@context":"https:\/\/schema.org","@graph":[{"@type":"WebPage","@id":"https:\/\/primalfocus.eu\/it\/chaga-capsules\/","url":"https:\/\/primalfocus.eu\/it\/chaga-capsules\/","name":"Acquistare capsule di fungo Chaga per l'equilibrio energetico e immunitario","isPartOf":{"@id":"https:\/\/primalfocus.eu\/it\/#website"},"primaryImageOfPage":{"@id":"https:\/\/primalfocus.eu\/it\/chaga-capsules\/#primaryimage"},"image":{"@id":"https:\/\/primalfocus.eu\/it\/chaga-capsules\/#primaryimage"},"thumbnailUrl":"https:\/\/primalfocus.eu\/wp-content\/uploads\/2024\/10\/Chaga-Capsules-primalfocus.eu_.webp","datePublished":"2024-10-09T13:05:08+00:00","dateModified":"2026-04-08T06:04:38+00:00","description":"Scoprite i benefici del fungo Chaga puro con Primal Focus. Estratto del corpo fruttifero 100% per energia, equilibrio e protezione. Biologico, vegano e privo di cariche.","breadcrumb":{"@id":"https:\/\/primalfocus.eu\/it\/chaga-capsules\/#breadcrumb"},"inLanguage":"it-IT","potentialAction":[{"@type":"ReadAction","target":["https:\/\/primalfocus.eu\/it\/chaga-capsules\/"]}]},{"@type":"ImageObject","inLanguage":"it-IT","@id":"https:\/\/primalfocus.eu\/it\/chaga-capsules\/#primaryimage","url":"https:\/\/primalfocus.eu\/wp-content\/uploads\/2024\/10\/Chaga-Capsules-primalfocus.eu_.webp","contentUrl":"https:\/\/primalfocus.eu\/wp-content\/uploads\/2024\/10\/Chaga-Capsules-primalfocus.eu_.webp","width":1080,"height":1080,"caption":"Chaga Capsules primalfocus.eu"},{"@type":"BreadcrumbList","@id":"https:\/\/primalfocus.eu\/it\/chaga-capsules\/#breadcrumb","itemListElement":[{"@type":"ListItem","position":1,"name":"Home","item":"https:\/\/primalfocus.eu\/"},{"@type":"ListItem","position":2,"name":"Shop","item":"https:\/\/primalfocus.eu\/products\/"},{"@type":"ListItem","position":3,"name":"Functional Mushrooms","item":"https:\/\/primalfocus.eu\/functional-mushrooms\/"},{"@type":"ListItem","position":4,"name":"Chaga Capsules"}]},{"@type":"WebSite","@id":"https:\/\/primalfocus.eu\/it\/#website","url":"https:\/\/primalfocus.eu\/it\/","name":"Primal Focus","description":"Acquistare psichedelici legali online","publisher":{"@id":"https:\/\/primalfocus.eu\/it\/#organization"},"potentialAction":[{"@type":"SearchAction","target":{"@type":"EntryPoint","urlTemplate":"https:\/\/primalfocus.eu\/it\/?s={search_term_string}"},"query-input":{"@type":"PropertyValueSpecification","valueRequired":true,"valueName":"search_term_string"}}],"inLanguage":"it-IT"},{"@type":"Organization","@id":"https:\/\/primalfocus.eu\/it\/#organization","name":"Primal Focus","alternateName":"primalfocus.eu","url":"https:\/\/primalfocus.eu\/it\/","logo":{"@type":"ImageObject","inLanguage":"it-IT","@id":"https:\/\/primalfocus.eu\/it\/#\/schema\/logo\/image\/","url":"https:\/\/primalfocus.eu\/wp-content\/uploads\/2025\/11\/primal-focus-logo-header.svg","contentUrl":"https:\/\/primalfocus.eu\/wp-content\/uploads\/2025\/11\/primal-focus-logo-header.svg","caption":"Primal Focus"},"image":{"@id":"https:\/\/primalfocus.eu\/it\/#\/schema\/logo\/image\/"},"sameAs":["https:\/\/www.facebook.com\/profile.php?id=61575377667059","https:\/\/x.com\/primalfocus_eu","https:\/\/www.instagram.com\/primalfocus.store\/"]}]}},"jetpack_sharing_enabled":true,"_links":{"self":[{"href":"https:\/\/primalfocus.eu\/it\/wp-json\/wp\/v2\/product\/461818","targetHints":{"allow":["GET"]}}],"collection":[{"href":"https:\/\/primalfocus.eu\/it\/wp-json\/wp\/v2\/product"}],"about":[{"href":"https:\/\/primalfocus.eu\/it\/wp-json\/wp\/v2\/types\/product"}],"replies":[{"embeddable":true,"href":"https:\/\/primalfocus.eu\/it\/wp-json\/wp\/v2\/comments?post=461818"}],"wp:featuredmedia":[{"embeddable":true,"href":"https:\/\/primalfocus.eu\/it\/wp-json\/wp\/v2\/media\/870318"}],"wp:attachment":[{"href":"https:\/\/primalfocus.eu\/it\/wp-json\/wp\/v2\/media?parent=461818"}],"wp:term":[{"taxonomy":"product_brand","embeddable":true,"href":"https:\/\/primalfocus.eu\/it\/wp-json\/wp\/v2\/product_brand?post=461818"},{"taxonomy":"product_cat","embeddable":true,"href":"https:\/\/primalfocus.eu\/it\/wp-json\/wp\/v2\/product_cat?post=461818"},{"taxonomy":"product_tag","embeddable":true,"href":"https:\/\/primalfocus.eu\/it\/wp-json\/wp\/v2\/product_tag?post=461818"}],"curies":[{"name":"wp","href":"https:\/\/api.w.org\/{rel}","templated":true}]}}