{"id":344045,"date":"2024-07-31T13:15:57","date_gmt":"2024-07-31T11:15:57","guid":{"rendered":"https:\/\/primalfocus.eu\/?post_type=product&#038;p=344045"},"modified":"2026-03-24T22:26:51","modified_gmt":"2026-03-24T21:26:51","slug":"kit-di-coltivazione-di-funghi-magici-messicani","status":"publish","type":"product","link":"https:\/\/primalfocus.eu\/it\/magic-mushroom-growkit-mexican\/","title":{"rendered":"Kit di coltivazione messicano"},"content":{"rendered":"<p>Scoprite una delle variet\u00e0 di funghi magici pi\u00f9 storiche ed equilibrate. Il kit di coltivazione messicano vi permette di coltivare facilmente i vostri funghi psilocybe a casa. Conosciuta per la sua chiarezza, la connessione e la delicata euforia, questo <a href=\"\/it\/%e2%80%9dhttps%3a\/\/primalfocus.eu\/categoria-prodotto\/macrodosaggio\/kit-di-coltivazione\/%e2%80%9d\/\">kit di coltivazione<\/a> \u00e8 perfetto per le menti curiose e per i coltivatori alle prime armi.<\/p>\n<h2>Cosa sono i funghi messicani?<\/h2>\n<p>La variet\u00e0 messicana proviene dalle terre sacre del Messico, dove veniva tradizionalmente utilizzata nei rituali spirituali dagli Aztechi e dai Mazatechi. \u00c8 anche il primo fungo magico mai studiato in laboratorio dal dottor Albert Hofmann, lo scopritore dell'LSD. Questo lignaggio conferisce alla variet\u00e0 un profondo significato storico e culturale che continua a ispirare gli utilizzatori di oggi.<\/p>\n<h2>Cosa c'\u00e8 dentro la scatola?<\/h2>\n<p>Questo kit di coltivazione pronto all'uso comprende tutto il necessario per iniziare subito a coltivare:<\/p>\n<ul>\n<li>Scatola di coltivazione di micelio messicano da 1200 ml (completamente colonizzata e pronta all'uso)<\/li>\n<li>1 sacchetto di coltivazione con filtro dell'aria<\/li>\n<li>2 graffette<\/li>\n<li>Manuale di coltivazione passo-passo<\/li>\n<\/ul>\n<p>Non \u00e8 necessario nulla di aggiuntivo: basta seguire le istruzioni e veder crescere i funghi in modo naturale.<\/p>\n<h2>Cosa aspettarsi dal raccolto<\/h2>\n<p>Ogni kit di coltivazione messicano produce tra i 150 e i 300 grammi di funghi freschi, pari a 15-30 grammi di funghi secchi. Aspettatevi un viaggio equilibrato e armonioso, con visioni chiare, calore emotivo e dolce introspezione. Gli effetti non sono n\u00e9 troppo intensi n\u00e9 troppo leggeri, rendendo questa variet\u00e0 ideale per i viaggi interiori, il flusso creativo o l'esplorazione mentale.<\/p>\n<h2>Informazioni importanti per la conservazione<\/h2>\n<p>Conservare il kit in frigorifero (2-5\u00b0C) subito dopo l'arrivo. La durata di conservazione \u00e8 di circa un mese a scatola chiusa. Essendo un prodotto vivo, i risultati della coltivazione dipendono dall'ambiente circostante. Per ottenere risultati ottimali, seguire attentamente le istruzioni per la coltivazione e mantenere pulito l'impianto.<\/p>\n<h2>Note chiave (leggere attentamente)<\/h2>\n<ul>\n<li>Non utilizzare in caso di instabilit\u00e0 mentale, depressione o assunzione di antidepressivi o antipsicotici.<\/li>\n<li>Non adatto in gravidanza e ai minori di 18 anni<\/li>\n<li>Viaggiate sempre in un ambiente calmo e sicuro, possibilmente con un babysitter sobrio.<\/li>\n<li>Non mischiare mai i funghi con alcol o droghe<\/li>\n<li>I kit di coltivazione sono legali nei Paesi Bassi e possono essere spediti all'interno dell'UE in base alle leggi commerciali.<\/li>\n<li>Le leggi locali sulla coltivazione possono variare. Controllate sempre le normative del vostro Paese<\/li>\n<\/ul>","protected":false},"excerpt":{"rendered":"<p>Discover one of the most historic and balanced magic mushroom strains. The Mexican grow kit lets you grow your own [&hellip;]<\/p>\n","protected":false},"featured_media":896992,"comment_status":"open","ping_status":"closed","template":"","meta":{"site-sidebar-layout":"default","site-content-layout":"default","ast-site-content-layout":"default","site-content-style":"default","site-sidebar-style":"default","ast-global-header-display":"","ast-banner-title-visibility":"","ast-main-header-display":"","ast-hfb-above-header-display":"","ast-hfb-below-header-display":"","ast-hfb-mobile-header-display":"","site-post-title":"","ast-breadcrumbs-content":"","ast-featured-img":"","footer-sml-layout":"","ast-disable-related-posts":"","theme-transparent-header-meta":"default","adv-header-id-meta":"","stick-header-meta":"","header-above-stick-meta":"","header-main-stick-meta":"","header-below-stick-meta":"","astra-migrate-meta-layouts":"set","ast-page-background-enabled":"default","ast-page-background-meta":{"desktop":{"background-color":"","background-image":"","background-repeat":"repeat","background-position":"center center","background-size":"auto","background-attachment":"scroll","background-type":"","background-media":"","overlay-type":"","overlay-color":"","overlay-opacity":"","overlay-gradient":""},"tablet":{"background-color":"","background-image":"","background-repeat":"repeat","background-position":"center center","background-size":"auto","background-attachment":"scroll","background-type":"","background-media":"","overlay-type":"","overlay-color":"","overlay-opacity":"","overlay-gradient":""},"mobile":{"background-color":"","background-image":"","background-repeat":"repeat","background-position":"center center","background-size":"auto","background-attachment":"scroll","background-type":"","background-media":"","overlay-type":"","overlay-color":"","overlay-opacity":"","overlay-gradient":""}},"ast-content-background-meta":{"desktop":{"background-color":"var(--ast-global-color-5)","background-image":"","background-repeat":"repeat","background-position":"center center","background-size":"auto","background-attachment":"scroll","background-type":"","background-media":"","overlay-type":"","overlay-color":"","overlay-opacity":"","overlay-gradient":""},"tablet":{"background-color":"var(--ast-global-color-5)","background-image":"","background-repeat":"repeat","background-position":"center center","background-size":"auto","background-attachment":"scroll","background-type":"","background-media":"","overlay-type":"","overlay-color":"","overlay-opacity":"","overlay-gradient":""},"mobile":{"background-color":"var(--ast-global-color-5)","background-image":"","background-repeat":"repeat","background-position":"center center","background-size":"auto","background-attachment":"scroll","background-type":"","background-media":"","overlay-type":"","overlay-color":"","overlay-opacity":"","overlay-gradient":""}}},"product_brand":[129],"product_cat":[92,110],"product_tag":[],"class_list":{"0":"post-344045","1":"product","2":"type-product","3":"status-publish","4":"has-post-thumbnail","6":"product_brand-primal-focus","7":"product_cat-macrodosing","8":"product_cat-grow-kits","9":"product_shipping_class-pakket","10":"desktop-align-center","11":"tablet-align-left","12":"mobile-align-left","14":"first","15":"instock","16":"sale","17":"taxable","18":"shipping-taxable","19":"purchasable","20":"product-type-simple"},"yoast_head":"<!-- This site is optimized with the Yoast SEO plugin v27.3 - https:\/\/yoast.com\/product\/yoast-seo-wordpress\/ -->\n<title>Order the Mexican grow kit: natural growth for curious minds<\/title>\n<meta name=\"description\" content=\"The Mexican grow kit by Primal Focus helps you grow mushrooms safely and simply. Expect balanced effects, emotional clarity and a gentle uplifting trip.\" \/>\n<meta name=\"robots\" content=\"index, follow, max-snippet:-1, max-image-preview:large, max-video-preview:-1\" \/>\n<link rel=\"canonical\" href=\"https:\/\/primalfocus.eu\/it\/kit-di-coltivazione-di-funghi-magici-messicani\/\" \/>\n<meta property=\"og:locale\" content=\"it_IT\" \/>\n<meta property=\"og:type\" content=\"article\" \/>\n<meta property=\"og:title\" content=\"Order the Mexican grow kit: natural growth for curious minds\" \/>\n<meta property=\"og:description\" content=\"The Mexican grow kit by Primal Focus helps you grow mushrooms safely and simply. Expect balanced effects, emotional clarity and a gentle uplifting trip.\" \/>\n<meta property=\"og:url\" content=\"https:\/\/primalfocus.eu\/it\/kit-di-coltivazione-di-funghi-magici-messicani\/\" \/>\n<meta property=\"og:site_name\" content=\"Primal Focus\" \/>\n<meta property=\"article:publisher\" content=\"https:\/\/www.facebook.com\/profile.php?id=61575377667059\" \/>\n<meta property=\"article:modified_time\" content=\"2026-03-24T21:26:51+00:00\" \/>\n<meta property=\"og:image\" content=\"https:\/\/primalfocus.eu\/wp-content\/uploads\/2024\/07\/Mexicana-Grow-Kit.webp\" \/>\n\t<meta property=\"og:image:width\" content=\"1000\" \/>\n\t<meta property=\"og:image:height\" content=\"1000\" \/>\n\t<meta property=\"og:image:type\" content=\"image\/webp\" \/>\n<meta name=\"twitter:card\" content=\"summary_large_image\" \/>\n<meta name=\"twitter:site\" content=\"@primalfocus_eu\" \/>\n<meta name=\"twitter:label1\" content=\"Tempo di lettura stimato\" \/>\n\t<meta name=\"twitter:data1\" content=\"2 minuti\" \/>\n<script type=\"application\/ld+json\" class=\"yoast-schema-graph\">{\"@context\":\"https:\\\/\\\/schema.org\",\"@graph\":[{\"@type\":\"WebPage\",\"@id\":\"https:\\\/\\\/primalfocus.eu\\\/it\\\/magic-mushroom-growkit-mexican\\\/\",\"url\":\"https:\\\/\\\/primalfocus.eu\\\/it\\\/magic-mushroom-growkit-mexican\\\/\",\"name\":\"Order the Mexican grow kit: natural growth for curious minds\",\"isPartOf\":{\"@id\":\"https:\\\/\\\/primalfocus.eu\\\/it\\\/#website\"},\"primaryImageOfPage\":{\"@id\":\"https:\\\/\\\/primalfocus.eu\\\/it\\\/magic-mushroom-growkit-mexican\\\/#primaryimage\"},\"image\":{\"@id\":\"https:\\\/\\\/primalfocus.eu\\\/it\\\/magic-mushroom-growkit-mexican\\\/#primaryimage\"},\"thumbnailUrl\":\"https:\\\/\\\/primalfocus.eu\\\/wp-content\\\/uploads\\\/2024\\\/07\\\/Mexicana-Grow-Kit.webp\",\"datePublished\":\"2024-07-31T11:15:57+00:00\",\"dateModified\":\"2026-03-24T21:26:51+00:00\",\"description\":\"The Mexican grow kit by Primal Focus helps you grow mushrooms safely and simply. Expect balanced effects, emotional clarity and a gentle uplifting trip.\",\"breadcrumb\":{\"@id\":\"https:\\\/\\\/primalfocus.eu\\\/it\\\/magic-mushroom-growkit-mexican\\\/#breadcrumb\"},\"inLanguage\":\"it-IT\",\"potentialAction\":[{\"@type\":\"ReadAction\",\"target\":[\"https:\\\/\\\/primalfocus.eu\\\/it\\\/magic-mushroom-growkit-mexican\\\/\"]}]},{\"@type\":\"ImageObject\",\"inLanguage\":\"it-IT\",\"@id\":\"https:\\\/\\\/primalfocus.eu\\\/it\\\/magic-mushroom-growkit-mexican\\\/#primaryimage\",\"url\":\"https:\\\/\\\/primalfocus.eu\\\/wp-content\\\/uploads\\\/2024\\\/07\\\/Mexicana-Grow-Kit.webp\",\"contentUrl\":\"https:\\\/\\\/primalfocus.eu\\\/wp-content\\\/uploads\\\/2024\\\/07\\\/Mexicana-Grow-Kit.webp\",\"width\":1000,\"height\":1000,\"caption\":\"Mexicana Grow Kit\"},{\"@type\":\"BreadcrumbList\",\"@id\":\"https:\\\/\\\/primalfocus.eu\\\/it\\\/magic-mushroom-growkit-mexican\\\/#breadcrumb\",\"itemListElement\":[{\"@type\":\"ListItem\",\"position\":1,\"name\":\"Home\",\"item\":\"https:\\\/\\\/primalfocus.eu\\\/\"},{\"@type\":\"ListItem\",\"position\":2,\"name\":\"Shop\",\"item\":\"https:\\\/\\\/primalfocus.eu\\\/products\\\/\"},{\"@type\":\"ListItem\",\"position\":3,\"name\":\"Macrodosing\",\"item\":\"https:\\\/\\\/primalfocus.eu\\\/macrodosing\\\/\"},{\"@type\":\"ListItem\",\"position\":4,\"name\":\"Mushroom grow kit\",\"item\":\"https:\\\/\\\/primalfocus.eu\\\/grow-kits\\\/\"},{\"@type\":\"ListItem\",\"position\":5,\"name\":\"Mexican grow kit\"}]},{\"@type\":\"WebSite\",\"@id\":\"https:\\\/\\\/primalfocus.eu\\\/it\\\/#website\",\"url\":\"https:\\\/\\\/primalfocus.eu\\\/it\\\/\",\"name\":\"Primal Focus\",\"description\":\"Buy legal psychedelics online\",\"publisher\":{\"@id\":\"https:\\\/\\\/primalfocus.eu\\\/it\\\/#organization\"},\"potentialAction\":[{\"@type\":\"SearchAction\",\"target\":{\"@type\":\"EntryPoint\",\"urlTemplate\":\"https:\\\/\\\/primalfocus.eu\\\/it\\\/?s={search_term_string}\"},\"query-input\":{\"@type\":\"PropertyValueSpecification\",\"valueRequired\":true,\"valueName\":\"search_term_string\"}}],\"inLanguage\":\"it-IT\"},{\"@type\":\"Organization\",\"@id\":\"https:\\\/\\\/primalfocus.eu\\\/it\\\/#organization\",\"name\":\"Primal Focus\",\"alternateName\":\"primalfocus.eu\",\"url\":\"https:\\\/\\\/primalfocus.eu\\\/it\\\/\",\"logo\":{\"@type\":\"ImageObject\",\"inLanguage\":\"it-IT\",\"@id\":\"https:\\\/\\\/primalfocus.eu\\\/it\\\/#\\\/schema\\\/logo\\\/image\\\/\",\"url\":\"https:\\\/\\\/primalfocus.eu\\\/wp-content\\\/uploads\\\/2025\\\/11\\\/primal-focus-logo-header.svg\",\"contentUrl\":\"https:\\\/\\\/primalfocus.eu\\\/wp-content\\\/uploads\\\/2025\\\/11\\\/primal-focus-logo-header.svg\",\"caption\":\"Primal Focus\"},\"image\":{\"@id\":\"https:\\\/\\\/primalfocus.eu\\\/it\\\/#\\\/schema\\\/logo\\\/image\\\/\"},\"sameAs\":[\"https:\\\/\\\/www.facebook.com\\\/profile.php?id=61575377667059\",\"https:\\\/\\\/x.com\\\/primalfocus_eu\",\"https:\\\/\\\/www.instagram.com\\\/primalfocus.store\\\/\"]}]}<\/script>\n<!-- \/ Yoast SEO plugin. -->","yoast_head_json":{"title":"Ordinate il kit di coltivazione messicano: crescita naturale per menti curiose","description":"Il kit di coltivazione messicano di Primal Focus vi aiuta a coltivare funghi in modo sicuro e semplice. Aspettatevi effetti equilibrati, chiarezza emotiva e un viaggio dolcemente edificante.","robots":{"index":"index","follow":"follow","max-snippet":"max-snippet:-1","max-image-preview":"max-image-preview:large","max-video-preview":"max-video-preview:-1"},"canonical":"https:\/\/primalfocus.eu\/it\/kit-di-coltivazione-di-funghi-magici-messicani\/","og_locale":"it_IT","og_type":"article","og_title":"Order the Mexican grow kit: natural growth for curious minds","og_description":"The Mexican grow kit by Primal Focus helps you grow mushrooms safely and simply. Expect balanced effects, emotional clarity and a gentle uplifting trip.","og_url":"https:\/\/primalfocus.eu\/it\/kit-di-coltivazione-di-funghi-magici-messicani\/","og_site_name":"Primal Focus","article_publisher":"https:\/\/www.facebook.com\/profile.php?id=61575377667059","article_modified_time":"2026-03-24T21:26:51+00:00","og_image":[{"width":1000,"height":1000,"url":"https:\/\/primalfocus.eu\/wp-content\/uploads\/2024\/07\/Mexicana-Grow-Kit.webp","type":"image\/webp"}],"twitter_card":"summary_large_image","twitter_site":"@primalfocus_eu","twitter_misc":{"Tempo di lettura stimato":"2 minuti"},"schema":{"@context":"https:\/\/schema.org","@graph":[{"@type":"WebPage","@id":"https:\/\/primalfocus.eu\/it\/magic-mushroom-growkit-mexican\/","url":"https:\/\/primalfocus.eu\/it\/magic-mushroom-growkit-mexican\/","name":"Ordinate il kit di coltivazione messicano: crescita naturale per menti curiose","isPartOf":{"@id":"https:\/\/primalfocus.eu\/it\/#website"},"primaryImageOfPage":{"@id":"https:\/\/primalfocus.eu\/it\/magic-mushroom-growkit-mexican\/#primaryimage"},"image":{"@id":"https:\/\/primalfocus.eu\/it\/magic-mushroom-growkit-mexican\/#primaryimage"},"thumbnailUrl":"https:\/\/primalfocus.eu\/wp-content\/uploads\/2024\/07\/Mexicana-Grow-Kit.webp","datePublished":"2024-07-31T11:15:57+00:00","dateModified":"2026-03-24T21:26:51+00:00","description":"Il kit di coltivazione messicano di Primal Focus vi aiuta a coltivare funghi in modo sicuro e semplice. Aspettatevi effetti equilibrati, chiarezza emotiva e un viaggio dolcemente edificante.","breadcrumb":{"@id":"https:\/\/primalfocus.eu\/it\/magic-mushroom-growkit-mexican\/#breadcrumb"},"inLanguage":"it-IT","potentialAction":[{"@type":"ReadAction","target":["https:\/\/primalfocus.eu\/it\/magic-mushroom-growkit-mexican\/"]}]},{"@type":"ImageObject","inLanguage":"it-IT","@id":"https:\/\/primalfocus.eu\/it\/magic-mushroom-growkit-mexican\/#primaryimage","url":"https:\/\/primalfocus.eu\/wp-content\/uploads\/2024\/07\/Mexicana-Grow-Kit.webp","contentUrl":"https:\/\/primalfocus.eu\/wp-content\/uploads\/2024\/07\/Mexicana-Grow-Kit.webp","width":1000,"height":1000,"caption":"Mexicana Grow Kit"},{"@type":"BreadcrumbList","@id":"https:\/\/primalfocus.eu\/it\/magic-mushroom-growkit-mexican\/#breadcrumb","itemListElement":[{"@type":"ListItem","position":1,"name":"Home","item":"https:\/\/primalfocus.eu\/"},{"@type":"ListItem","position":2,"name":"Shop","item":"https:\/\/primalfocus.eu\/products\/"},{"@type":"ListItem","position":3,"name":"Macrodosing","item":"https:\/\/primalfocus.eu\/macrodosing\/"},{"@type":"ListItem","position":4,"name":"Mushroom grow kit","item":"https:\/\/primalfocus.eu\/grow-kits\/"},{"@type":"ListItem","position":5,"name":"Mexican grow kit"}]},{"@type":"WebSite","@id":"https:\/\/primalfocus.eu\/it\/#website","url":"https:\/\/primalfocus.eu\/it\/","name":"Primal Focus","description":"Acquistare psichedelici legali online","publisher":{"@id":"https:\/\/primalfocus.eu\/it\/#organization"},"potentialAction":[{"@type":"SearchAction","target":{"@type":"EntryPoint","urlTemplate":"https:\/\/primalfocus.eu\/it\/?s={search_term_string}"},"query-input":{"@type":"PropertyValueSpecification","valueRequired":true,"valueName":"search_term_string"}}],"inLanguage":"it-IT"},{"@type":"Organization","@id":"https:\/\/primalfocus.eu\/it\/#organization","name":"Primal Focus","alternateName":"primalfocus.eu","url":"https:\/\/primalfocus.eu\/it\/","logo":{"@type":"ImageObject","inLanguage":"it-IT","@id":"https:\/\/primalfocus.eu\/it\/#\/schema\/logo\/image\/","url":"https:\/\/primalfocus.eu\/wp-content\/uploads\/2025\/11\/primal-focus-logo-header.svg","contentUrl":"https:\/\/primalfocus.eu\/wp-content\/uploads\/2025\/11\/primal-focus-logo-header.svg","caption":"Primal Focus"},"image":{"@id":"https:\/\/primalfocus.eu\/it\/#\/schema\/logo\/image\/"},"sameAs":["https:\/\/www.facebook.com\/profile.php?id=61575377667059","https:\/\/x.com\/primalfocus_eu","https:\/\/www.instagram.com\/primalfocus.store\/"]}]}},"jetpack_sharing_enabled":true,"_links":{"self":[{"href":"https:\/\/primalfocus.eu\/it\/wp-json\/wp\/v2\/product\/344045","targetHints":{"allow":["GET"]}}],"collection":[{"href":"https:\/\/primalfocus.eu\/it\/wp-json\/wp\/v2\/product"}],"about":[{"href":"https:\/\/primalfocus.eu\/it\/wp-json\/wp\/v2\/types\/product"}],"replies":[{"embeddable":true,"href":"https:\/\/primalfocus.eu\/it\/wp-json\/wp\/v2\/comments?post=344045"}],"wp:featuredmedia":[{"embeddable":true,"href":"https:\/\/primalfocus.eu\/it\/wp-json\/wp\/v2\/media\/896992"}],"wp:attachment":[{"href":"https:\/\/primalfocus.eu\/it\/wp-json\/wp\/v2\/media?parent=344045"}],"wp:term":[{"taxonomy":"product_brand","embeddable":true,"href":"https:\/\/primalfocus.eu\/it\/wp-json\/wp\/v2\/product_brand?post=344045"},{"taxonomy":"product_cat","embeddable":true,"href":"https:\/\/primalfocus.eu\/it\/wp-json\/wp\/v2\/product_cat?post=344045"},{"taxonomy":"product_tag","embeddable":true,"href":"https:\/\/primalfocus.eu\/it\/wp-json\/wp\/v2\/product_tag?post=344045"}],"curies":[{"name":"wp","href":"https:\/\/api.w.org\/{rel}","templated":true}]}}