{"id":1160092,"date":"2026-03-31T15:55:09","date_gmt":"2026-03-31T13:55:09","guid":{"rendered":"https:\/\/primalfocus.eu\/?post_type=product&#038;p=1160092"},"modified":"2026-04-14T19:13:37","modified_gmt":"2026-04-14T17:13:37","slug":"berlino-gocce-micro","status":"publish","type":"product","link":"https:\/\/primalfocus.eu\/it\/berlin-drops-micro\/","title":{"rendered":"Gocce di Berlino - Micro"},"content":{"rendered":"<p>Le gocce Berlin - Micro sono le nostre soluzioni di ricerca a pi\u00f9 bassa intensit\u00e0 contenenti 4-PR-MET. Sono progettate per applicazioni precise e a basso dosaggio, come il microdosaggio o la messa a punto. Ogni goccia fornisce una quantit\u00e0 costante per un uso di ricerca controllato.<\/p>\n<h2>Cosa sono le gocce di Berlino - Micro?<\/h2>\n<p>Le gocce Berlin - Micro contengono una soluzione liquida con 0,2 mg di 4-PR-MET per goccia. Si tratta di un composto correlato alla psilocina. Ogni goccia fornisce una dose molto piccola e costante, ideale per effetti sottili o per aggiustamenti graduali nella ricerca.<\/p>\n<h2>Che cos'\u00e8 il 4-PR-MET?<\/h2>\n<p>Il 4-PR-MET \u00e8 un composto correlato alla psilocina. In termini di effetti, viene spesso paragonato alla <a href=\"https:\/\/primalfocus.eu\/it\/tartufi-magici\/\" target=\"_blank\" rel=\"noopener noreferrer\">tartufi magici<\/a>. \u00c8 anche molto simile al composto utilizzato in <a href=\"https:\/\/primalfocus.eu\/it\/amsterdam-drops\/\" target=\"_blank\" rel=\"noopener noreferrer\">Gocce di Amsterdam<\/a> (4-HO-MET), con un profilo complessivo comparabile.<\/p>\n<h2>Quanto \u00e8 forte una goccia?<\/h2>\n<p>Ogni goccia contiene 0,2 mg di 4-PR-MET. In termini di effetto, ci\u00f2 \u00e8 approssimativamente paragonabile a circa 0,25 mg di 4-HO-MET. Ci\u00f2 rende le gocce Berlin - Micro adatte per effetti molto leggeri o per ricerche di livello micro.<\/p>\n<div style=\"background-color: #eff5e6; padding: 20px; border-radius: 12px; font-family: Montserrat, sans-serif; font-size: 15px; color: #333; line-height: 1.6;\">\n<table>\n<thead>\n<tr>\n<th>Dimensioni della bottiglia<\/th>\n<th>Totale 4-PR-MET<\/th>\n<th>Gocce circa<\/th>\n<\/tr>\n<\/thead>\n<tbody>\n<tr>\n<td>2 ml<\/td>\n<td>8 mg<\/td>\n<td>\u2248 40<\/td>\n<\/tr>\n<tr>\n<td>5 ml<\/td>\n<td>20 mg<\/td>\n<td>\u2248 100<\/td>\n<\/tr>\n<tr>\n<td>15 ml<\/td>\n<td>60 mg<\/td>\n<td>\u2248 300<\/td>\n<\/tr>\n<\/tbody>\n<\/table>\n<\/div>\n<p>&nbsp;<\/p>\n<h2>Perch\u00e9 scegliere Berlin Drops - Micro?<\/h2>\n<p>Le gocce Berlin - Micro sono ideali quando la precisione \u00e8 importante. Consentono regolazioni molto piccole e controllate e sono particolarmente indicate per la ricerca sul microdosaggio.<\/p>\n<div style=\"font-family: Montserrat, sans-serif; margin-top: 20px;\">\n<div class=\"su-accordion su-u-trim custom-dos-donts-accordion\">\n<div class=\"su-spoiler su-spoiler-style-default su-spoiler-icon-plus su-spoiler-closed\" data-scroll-offset=\"0\" data-anchor-in-url=\"no\"><div class=\"su-spoiler-title\" tabindex=\"0\" role=\"button\"><span class=\"su-spoiler-icon\"><\/span>Cosa c'\u00e8 dentro<\/div><div class=\"su-spoiler-content su-u-clearfix su-u-trim\">\n<div style=\"background-color: #eff5e6; padding: 12px 16px; border-radius: 0 0 8px 8px; font-size: 15px; color: #444; line-height: 1.8;\">Le gocce Berlin - Micro contengono 4-PR-MET, un composto correlato alla psilocina. Queste gocce sono destinate esclusivamente all'uso per la ricerca.<\/div>\n<\/div><\/div>\n<div class=\"su-spoiler su-spoiler-style-default su-spoiler-icon-plus su-spoiler-closed\" data-scroll-offset=\"0\" data-anchor-in-url=\"no\"><div class=\"su-spoiler-title\" tabindex=\"0\" role=\"button\"><span class=\"su-spoiler-icon\"><\/span>Precisione a bassa dose<\/div><div class=\"su-spoiler-content su-u-clearfix su-u-trim\">\n<div style=\"background-color: #eff5e6; padding: 12px 16px; border-radius: 0 0 8px 8px; font-size: 15px; color: #444; line-height: 1.8;\">Ogni goccia contiene solo 0,2 mg, consentendo un controllo molto fine e regolazioni graduali.<\/div>\n<\/div><\/div>\n<div class=\"su-spoiler su-spoiler-style-default su-spoiler-icon-plus su-spoiler-closed\" data-scroll-offset=\"0\" data-anchor-in-url=\"no\"><div class=\"su-spoiler-title\" tabindex=\"0\" role=\"button\"><span class=\"su-spoiler-icon\"><\/span>Microdosaggio facile<\/div><div class=\"su-spoiler-content su-u-clearfix su-u-trim\">\n<div style=\"background-color: #eff5e6; padding: 12px 16px; border-radius: 0 0 8px 8px; font-size: 15px; color: #444; line-height: 1.8;\">Progettato per ottenere effetti sottili, \u00e8 adatto al microdosaggio o all'accumulo lento.<\/div>\n<\/div><\/div>\n<div class=\"su-spoiler su-spoiler-style-default su-spoiler-icon-plus su-spoiler-closed\" data-scroll-offset=\"0\" data-anchor-in-url=\"no\"><div class=\"su-spoiler-title\" tabindex=\"0\" role=\"button\"><span class=\"su-spoiler-icon\"><\/span>Facile da usare<\/div><div class=\"su-spoiler-content su-u-clearfix su-u-trim\">\n<div style=\"background-color: #eff5e6; padding: 12px 16px; border-radius: 0 0 8px 8px; font-size: 15px; color: #444; line-height: 1.8;\">Il formato liquido semplifica la misurazione e la ripetizione della stessa dose ogni volta.<\/div>\n<\/div><\/div>\n<div class=\"su-spoiler su-spoiler-style-default su-spoiler-icon-plus su-spoiler-closed\" data-scroll-offset=\"0\" data-anchor-in-url=\"no\"><div class=\"su-spoiler-title\" tabindex=\"0\" role=\"button\"><span class=\"su-spoiler-icon\"><\/span>Dove spediamo<\/div><div class=\"su-spoiler-content su-u-clearfix su-u-trim\">\n<div style=\"background-color: #eff5e6; padding: 12px 16px; border-radius: 0 0 8px 8px; font-size: 15px; color: #444; line-height: 1.8;\">\n<p>Attualmente spediamo Berlin Drops - Micro nei seguenti paesi dell'UE:<\/p>\n<ul style=\"margin: 10px 0 0 20px;\">\n<li>Paesi Bassi<\/li>\n<li>Belgio<\/li>\n<li>Croazia<\/li>\n<li>Repubblica Ceca<\/li>\n<li>Francia<\/li>\n<li>Ungheria<\/li>\n<li>Irlanda<\/li>\n<li>Lussemburgo<\/li>\n<li>Portogallo<\/li>\n<li>Romania<\/li>\n<li>Slovacchia<\/li>\n<li>Slovenia<\/li>\n<li>Spagna<\/li>\n<li>Germania<\/li>\n<li>Grecia<\/li>\n<li>Italia<\/li>\n<li>Polonia<\/li>\n<\/ul>\n<p>&nbsp;<\/p>\n<p><em>Prima di ordinare, verificare sempre le normative locali, poich\u00e9 l'interpretazione pu\u00f2 variare.<\/em><\/p>\n<\/div>\n<\/div><\/div>\n<div class=\"su-spoiler su-spoiler-style-default su-spoiler-icon-plus su-spoiler-closed\" data-scroll-offset=\"0\" data-anchor-in-url=\"no\"><div class=\"su-spoiler-title\" tabindex=\"0\" role=\"button\"><span class=\"su-spoiler-icon\"><\/span>Qualit\u00e0<\/div><div class=\"su-spoiler-content su-u-clearfix su-u-trim\">\n<div style=\"background-color: #eff5e6; padding: 12px 16px; border-radius: 0 0 8px 8px; font-size: 15px; color: #444; line-height: 1.8;\">Prodotto in condizioni controllate per garantire qualit\u00e0 e purezza costanti.<\/div>\n<\/div><\/div>\n<div class=\"su-spoiler su-spoiler-style-default su-spoiler-icon-plus su-spoiler-closed\" data-scroll-offset=\"0\" data-anchor-in-url=\"no\"><div class=\"su-spoiler-title\" tabindex=\"0\" role=\"button\"><span class=\"su-spoiler-icon\"><\/span>Immagazzinamento<\/div><div class=\"su-spoiler-content su-u-clearfix su-u-trim\">\n<div style=\"background-color: #eff5e6; padding: 12px 16px; border-radius: 0 0 8px 8px; font-size: 15px; color: #444; line-height: 1.8;\">Conservare a meno di 10\u00b0C. Si conserva fino a 12 mesi se conservato correttamente.<\/div>\n<\/div><\/div>\n<\/div>\n<\/div>\n<div style=\"background-color: #eff5e6; padding: 20px; border-radius: 12px; font-family: Montserrat, sans-serif; font-size: 15px; color: #333; line-height: 1.6;\">\n<h2>Note chiave (leggere attentamente)<\/h2>\n<ul>\n<li>Solo per uso di ricerca<\/li>\n<li>Non per uso umano o medico<\/li>\n<li>Contiene 4-PR-MET<\/li>\n<li>Progettato per la ricerca a basso dosaggio e a microlivello<\/li>\n<li>Controllare le leggi locali prima di ordinare<\/li>\n<li>Conservare a meno di 10\u00b0C<\/li>\n<\/ul>\n<\/div>","protected":false},"excerpt":{"rendered":"<p>Sperimentate gocce di ricerca precise e a basso dosaggio con 4-PR-MET, ispirate ai classici funghi magici. Le Berlin Drops Micro offrono effetti uniformi e controllati, un dosaggio costante e una lunga durata di conservazione. Prodotte in un laboratorio certificato solo per scopi di ricerca.<\/p>","protected":false},"featured_media":1160145,"comment_status":"open","ping_status":"closed","template":"","meta":{"site-sidebar-layout":"default","site-content-layout":"default","ast-site-content-layout":"default","site-content-style":"default","site-sidebar-style":"default","ast-global-header-display":"","ast-banner-title-visibility":"","ast-main-header-display":"","ast-hfb-above-header-display":"","ast-hfb-below-header-display":"","ast-hfb-mobile-header-display":"","site-post-title":"","ast-breadcrumbs-content":"","ast-featured-img":"","footer-sml-layout":"","ast-disable-related-posts":"","theme-transparent-header-meta":"disabled","adv-header-id-meta":"","stick-header-meta":"","header-above-stick-meta":"","header-main-stick-meta":"","header-below-stick-meta":"","astra-migrate-meta-layouts":"set","ast-page-background-enabled":"default","ast-page-background-meta":{"desktop":{"background-color":"","background-image":"","background-repeat":"repeat","background-position":"center center","background-size":"auto","background-attachment":"scroll","background-type":"","background-media":"","overlay-type":"","overlay-color":"","overlay-opacity":"","overlay-gradient":""},"tablet":{"background-color":"","background-image":"","background-repeat":"repeat","background-position":"center center","background-size":"auto","background-attachment":"scroll","background-type":"","background-media":"","overlay-type":"","overlay-color":"","overlay-opacity":"","overlay-gradient":""},"mobile":{"background-color":"","background-image":"","background-repeat":"repeat","background-position":"center center","background-size":"auto","background-attachment":"scroll","background-type":"","background-media":"","overlay-type":"","overlay-color":"","overlay-opacity":"","overlay-gradient":""}},"ast-content-background-meta":{"desktop":{"background-color":"var(--ast-global-color-5)","background-image":"","background-repeat":"repeat","background-position":"center center","background-size":"auto","background-attachment":"scroll","background-type":"","background-media":"","overlay-type":"","overlay-color":"","overlay-opacity":"","overlay-gradient":""},"tablet":{"background-color":"var(--ast-global-color-5)","background-image":"","background-repeat":"repeat","background-position":"center center","background-size":"auto","background-attachment":"scroll","background-type":"","background-media":"","overlay-type":"","overlay-color":"","overlay-opacity":"","overlay-gradient":""},"mobile":{"background-color":"var(--ast-global-color-5)","background-image":"","background-repeat":"repeat","background-position":"center center","background-size":"auto","background-attachment":"scroll","background-type":"","background-media":"","overlay-type":"","overlay-color":"","overlay-opacity":"","overlay-gradient":""}}},"product_brand":[129],"product_cat":[117],"product_tag":[],"class_list":{"0":"post-1160092","1":"product","2":"type-product","3":"status-publish","4":"has-post-thumbnail","6":"product_brand-primal-focus","7":"product_cat-drops","8":"product_shipping_class-brievenbus-pakje","9":"desktop-align-center","10":"tablet-align-left","11":"mobile-align-left","13":"first","14":"instock","15":"sale","16":"taxable","17":"shipping-taxable","18":"purchasable","19":"product-type-variable","20":"has-default-attributes"},"yoast_head":"<!-- This site is optimized with the Yoast SEO plugin v27.3 - https:\/\/yoast.com\/product\/yoast-seo-wordpress\/ -->\n<title>Berlin Drops - Micro | microdosing drops<\/title>\n<meta name=\"description\" content=\"Berlin Drops Micro (4-PR-MET) offer precise low-dose liquid drops for microdosing research. Consistent dosing, easy use and EU shipping available.\" \/>\n<meta name=\"robots\" content=\"index, follow, max-snippet:-1, max-image-preview:large, max-video-preview:-1\" \/>\n<link rel=\"canonical\" href=\"https:\/\/primalfocus.eu\/it\/berlino-gocce-micro\/\" \/>\n<meta property=\"og:locale\" content=\"it_IT\" \/>\n<meta property=\"og:type\" content=\"article\" \/>\n<meta property=\"og:title\" content=\"Berlin Drops - Micro | microdosing drops\" \/>\n<meta property=\"og:description\" content=\"Berlin Drops Micro (4-PR-MET) offer precise low-dose liquid drops for microdosing research. Consistent dosing, easy use and EU shipping available.\" \/>\n<meta property=\"og:url\" content=\"https:\/\/primalfocus.eu\/it\/berlino-gocce-micro\/\" \/>\n<meta property=\"og:site_name\" content=\"Primal Focus\" \/>\n<meta property=\"article:publisher\" content=\"https:\/\/www.facebook.com\/profile.php?id=61575377667059\" \/>\n<meta property=\"article:modified_time\" content=\"2026-04-14T17:13:37+00:00\" \/>\n<meta property=\"og:image\" content=\"https:\/\/primalfocus.eu\/wp-content\/uploads\/2026\/03\/Berlin-Drops-Micro.webp\" \/>\n\t<meta property=\"og:image:width\" content=\"1280\" \/>\n\t<meta property=\"og:image:height\" content=\"1280\" \/>\n\t<meta property=\"og:image:type\" content=\"image\/webp\" \/>\n<meta name=\"twitter:card\" content=\"summary_large_image\" \/>\n<meta name=\"twitter:site\" content=\"@primalfocus_eu\" \/>\n<meta name=\"twitter:label1\" content=\"Tempo di lettura stimato\" \/>\n\t<meta name=\"twitter:data1\" content=\"2 minuti\" \/>\n<script type=\"application\/ld+json\" class=\"yoast-schema-graph\">{\"@context\":\"https:\\\/\\\/schema.org\",\"@graph\":[{\"@type\":[\"WebPage\",\"ItemPage\"],\"@id\":\"https:\\\/\\\/primalfocus.eu\\\/it\\\/berlin-drops-micro\\\/\",\"url\":\"https:\\\/\\\/primalfocus.eu\\\/it\\\/berlin-drops-micro\\\/\",\"name\":\"Berlin Drops - Micro | microdosing drops\",\"isPartOf\":{\"@id\":\"https:\\\/\\\/primalfocus.eu\\\/it\\\/#website\"},\"primaryImageOfPage\":{\"@id\":\"https:\\\/\\\/primalfocus.eu\\\/it\\\/berlin-drops-micro\\\/#primaryimage\"},\"image\":{\"@id\":\"https:\\\/\\\/primalfocus.eu\\\/it\\\/berlin-drops-micro\\\/#primaryimage\"},\"thumbnailUrl\":\"https:\\\/\\\/primalfocus.eu\\\/wp-content\\\/uploads\\\/2026\\\/03\\\/Berlin-Drops-Micro.webp\",\"datePublished\":\"2026-03-31T13:55:09+00:00\",\"dateModified\":\"2026-04-14T17:13:37+00:00\",\"description\":\"Berlin Drops Micro (4-PR-MET) offer precise low-dose liquid drops for microdosing research. Consistent dosing, easy use and EU shipping available.\",\"breadcrumb\":{\"@id\":\"https:\\\/\\\/primalfocus.eu\\\/it\\\/berlin-drops-micro\\\/#breadcrumb\"},\"inLanguage\":\"it-IT\",\"potentialAction\":[{\"@type\":\"ReadAction\",\"target\":[\"https:\\\/\\\/primalfocus.eu\\\/it\\\/berlin-drops-micro\\\/\"]}]},{\"@type\":\"ImageObject\",\"inLanguage\":\"it-IT\",\"@id\":\"https:\\\/\\\/primalfocus.eu\\\/it\\\/berlin-drops-micro\\\/#primaryimage\",\"url\":\"https:\\\/\\\/primalfocus.eu\\\/wp-content\\\/uploads\\\/2026\\\/03\\\/Berlin-Drops-Micro.webp\",\"contentUrl\":\"https:\\\/\\\/primalfocus.eu\\\/wp-content\\\/uploads\\\/2026\\\/03\\\/Berlin-Drops-Micro.webp\",\"width\":1280,\"height\":1280,\"caption\":\"Berlin Drops Micro\"},{\"@type\":\"BreadcrumbList\",\"@id\":\"https:\\\/\\\/primalfocus.eu\\\/it\\\/berlin-drops-micro\\\/#breadcrumb\",\"itemListElement\":[{\"@type\":\"ListItem\",\"position\":1,\"name\":\"Home\",\"item\":\"https:\\\/\\\/primalfocus.eu\\\/\"},{\"@type\":\"ListItem\",\"position\":2,\"name\":\"Shop\",\"item\":\"https:\\\/\\\/primalfocus.eu\\\/products\\\/\"},{\"@type\":\"ListItem\",\"position\":3,\"name\":\"Mushroom drops\",\"item\":\"https:\\\/\\\/primalfocus.eu\\\/drops\\\/\"},{\"@type\":\"ListItem\",\"position\":4,\"name\":\"Berlin Drops &#8211; Micro\"}]},{\"@type\":\"WebSite\",\"@id\":\"https:\\\/\\\/primalfocus.eu\\\/it\\\/#website\",\"url\":\"https:\\\/\\\/primalfocus.eu\\\/it\\\/\",\"name\":\"Primal Focus\",\"description\":\"Buy legal psychedelics online\",\"publisher\":{\"@id\":\"https:\\\/\\\/primalfocus.eu\\\/it\\\/#organization\"},\"potentialAction\":[{\"@type\":\"SearchAction\",\"target\":{\"@type\":\"EntryPoint\",\"urlTemplate\":\"https:\\\/\\\/primalfocus.eu\\\/it\\\/?s={search_term_string}\"},\"query-input\":{\"@type\":\"PropertyValueSpecification\",\"valueRequired\":true,\"valueName\":\"search_term_string\"}}],\"inLanguage\":\"it-IT\"},{\"@type\":\"Organization\",\"@id\":\"https:\\\/\\\/primalfocus.eu\\\/it\\\/#organization\",\"name\":\"Primal Focus\",\"alternateName\":\"primalfocus.eu\",\"url\":\"https:\\\/\\\/primalfocus.eu\\\/it\\\/\",\"logo\":{\"@type\":\"ImageObject\",\"inLanguage\":\"it-IT\",\"@id\":\"https:\\\/\\\/primalfocus.eu\\\/it\\\/#\\\/schema\\\/logo\\\/image\\\/\",\"url\":\"https:\\\/\\\/primalfocus.eu\\\/wp-content\\\/uploads\\\/2025\\\/11\\\/primal-focus-logo-header.svg\",\"contentUrl\":\"https:\\\/\\\/primalfocus.eu\\\/wp-content\\\/uploads\\\/2025\\\/11\\\/primal-focus-logo-header.svg\",\"caption\":\"Primal Focus\"},\"image\":{\"@id\":\"https:\\\/\\\/primalfocus.eu\\\/it\\\/#\\\/schema\\\/logo\\\/image\\\/\"},\"sameAs\":[\"https:\\\/\\\/www.facebook.com\\\/profile.php?id=61575377667059\",\"https:\\\/\\\/x.com\\\/primalfocus_eu\",\"https:\\\/\\\/www.instagram.com\\\/primalfocus.store\\\/\"]}]}<\/script>\n<!-- \/ Yoast SEO plugin. -->","yoast_head_json":{"title":"Gocce di Berlino - Micro | gocce per microdosaggio","description":"Berlin Drops Micro (4-PR-MET) offre gocce liquide precise a basso dosaggio per la ricerca sul microdosaggio. Dosaggio costante, facilit\u00e0 d'uso e spedizione nell'UE.","robots":{"index":"index","follow":"follow","max-snippet":"max-snippet:-1","max-image-preview":"max-image-preview:large","max-video-preview":"max-video-preview:-1"},"canonical":"https:\/\/primalfocus.eu\/it\/berlino-gocce-micro\/","og_locale":"it_IT","og_type":"article","og_title":"Berlin Drops - Micro | microdosing drops","og_description":"Berlin Drops Micro (4-PR-MET) offer precise low-dose liquid drops for microdosing research. Consistent dosing, easy use and EU shipping available.","og_url":"https:\/\/primalfocus.eu\/it\/berlino-gocce-micro\/","og_site_name":"Primal Focus","article_publisher":"https:\/\/www.facebook.com\/profile.php?id=61575377667059","article_modified_time":"2026-04-14T17:13:37+00:00","og_image":[{"width":1280,"height":1280,"url":"https:\/\/primalfocus.eu\/wp-content\/uploads\/2026\/03\/Berlin-Drops-Micro.webp","type":"image\/webp"}],"twitter_card":"summary_large_image","twitter_site":"@primalfocus_eu","twitter_misc":{"Tempo di lettura stimato":"2 minuti"},"schema":{"@context":"https:\/\/schema.org","@graph":[{"@type":["WebPage","ItemPage"],"@id":"https:\/\/primalfocus.eu\/it\/berlin-drops-micro\/","url":"https:\/\/primalfocus.eu\/it\/berlin-drops-micro\/","name":"Gocce di Berlino - Micro | gocce per microdosaggio","isPartOf":{"@id":"https:\/\/primalfocus.eu\/it\/#website"},"primaryImageOfPage":{"@id":"https:\/\/primalfocus.eu\/it\/berlin-drops-micro\/#primaryimage"},"image":{"@id":"https:\/\/primalfocus.eu\/it\/berlin-drops-micro\/#primaryimage"},"thumbnailUrl":"https:\/\/primalfocus.eu\/wp-content\/uploads\/2026\/03\/Berlin-Drops-Micro.webp","datePublished":"2026-03-31T13:55:09+00:00","dateModified":"2026-04-14T17:13:37+00:00","description":"Berlin Drops Micro (4-PR-MET) offre gocce liquide precise a basso dosaggio per la ricerca sul microdosaggio. Dosaggio costante, facilit\u00e0 d'uso e spedizione nell'UE.","breadcrumb":{"@id":"https:\/\/primalfocus.eu\/it\/berlin-drops-micro\/#breadcrumb"},"inLanguage":"it-IT","potentialAction":[{"@type":"ReadAction","target":["https:\/\/primalfocus.eu\/it\/berlin-drops-micro\/"]}]},{"@type":"ImageObject","inLanguage":"it-IT","@id":"https:\/\/primalfocus.eu\/it\/berlin-drops-micro\/#primaryimage","url":"https:\/\/primalfocus.eu\/wp-content\/uploads\/2026\/03\/Berlin-Drops-Micro.webp","contentUrl":"https:\/\/primalfocus.eu\/wp-content\/uploads\/2026\/03\/Berlin-Drops-Micro.webp","width":1280,"height":1280,"caption":"Berlin Drops Micro"},{"@type":"BreadcrumbList","@id":"https:\/\/primalfocus.eu\/it\/berlin-drops-micro\/#breadcrumb","itemListElement":[{"@type":"ListItem","position":1,"name":"Home","item":"https:\/\/primalfocus.eu\/"},{"@type":"ListItem","position":2,"name":"Shop","item":"https:\/\/primalfocus.eu\/products\/"},{"@type":"ListItem","position":3,"name":"Mushroom drops","item":"https:\/\/primalfocus.eu\/drops\/"},{"@type":"ListItem","position":4,"name":"Berlin Drops &#8211; Micro"}]},{"@type":"WebSite","@id":"https:\/\/primalfocus.eu\/it\/#website","url":"https:\/\/primalfocus.eu\/it\/","name":"Primal Focus","description":"Acquistare psichedelici legali online","publisher":{"@id":"https:\/\/primalfocus.eu\/it\/#organization"},"potentialAction":[{"@type":"SearchAction","target":{"@type":"EntryPoint","urlTemplate":"https:\/\/primalfocus.eu\/it\/?s={search_term_string}"},"query-input":{"@type":"PropertyValueSpecification","valueRequired":true,"valueName":"search_term_string"}}],"inLanguage":"it-IT"},{"@type":"Organization","@id":"https:\/\/primalfocus.eu\/it\/#organization","name":"Primal Focus","alternateName":"primalfocus.eu","url":"https:\/\/primalfocus.eu\/it\/","logo":{"@type":"ImageObject","inLanguage":"it-IT","@id":"https:\/\/primalfocus.eu\/it\/#\/schema\/logo\/image\/","url":"https:\/\/primalfocus.eu\/wp-content\/uploads\/2025\/11\/primal-focus-logo-header.svg","contentUrl":"https:\/\/primalfocus.eu\/wp-content\/uploads\/2025\/11\/primal-focus-logo-header.svg","caption":"Primal Focus"},"image":{"@id":"https:\/\/primalfocus.eu\/it\/#\/schema\/logo\/image\/"},"sameAs":["https:\/\/www.facebook.com\/profile.php?id=61575377667059","https:\/\/x.com\/primalfocus_eu","https:\/\/www.instagram.com\/primalfocus.store\/"]}]}},"jetpack_sharing_enabled":true,"_links":{"self":[{"href":"https:\/\/primalfocus.eu\/it\/wp-json\/wp\/v2\/product\/1160092","targetHints":{"allow":["GET"]}}],"collection":[{"href":"https:\/\/primalfocus.eu\/it\/wp-json\/wp\/v2\/product"}],"about":[{"href":"https:\/\/primalfocus.eu\/it\/wp-json\/wp\/v2\/types\/product"}],"replies":[{"embeddable":true,"href":"https:\/\/primalfocus.eu\/it\/wp-json\/wp\/v2\/comments?post=1160092"}],"wp:featuredmedia":[{"embeddable":true,"href":"https:\/\/primalfocus.eu\/it\/wp-json\/wp\/v2\/media\/1160145"}],"wp:attachment":[{"href":"https:\/\/primalfocus.eu\/it\/wp-json\/wp\/v2\/media?parent=1160092"}],"wp:term":[{"taxonomy":"product_brand","embeddable":true,"href":"https:\/\/primalfocus.eu\/it\/wp-json\/wp\/v2\/product_brand?post=1160092"},{"taxonomy":"product_cat","embeddable":true,"href":"https:\/\/primalfocus.eu\/it\/wp-json\/wp\/v2\/product_cat?post=1160092"},{"taxonomy":"product_tag","embeddable":true,"href":"https:\/\/primalfocus.eu\/it\/wp-json\/wp\/v2\/product_tag?post=1160092"}],"curies":[{"name":"wp","href":"https:\/\/api.w.org\/{rel}","templated":true}]}}