{"id":1160051,"date":"2026-03-31T15:00:30","date_gmt":"2026-03-31T13:00:30","guid":{"rendered":"https:\/\/primalfocus.eu\/?post_type=product&#038;p=1160051"},"modified":"2026-04-14T22:08:14","modified_gmt":"2026-04-14T20:08:14","slug":"berlino-scende-super-forte","status":"publish","type":"product","link":"https:\/\/primalfocus.eu\/it\/berlin-drops-super-strong\/","title":{"rendered":"Gocce di Berlino - Super Forte"},"content":{"rendered":"<p>Le gocce Berlin - Super Strong sono le nostre soluzioni di ricerca pi\u00f9 concentrate contenenti 4-PR-MET. Offrono risultati rapidi e costanti con un dosaggio preciso. Questo \u00e8 il formato di gocce di funghi pi\u00f9 forte attualmente disponibile.<\/p>\n<h2>Cosa sono le gocce Berlin - Super Strong?<\/h2>\n<p>Le gocce Berlin - Super Strong contengono una soluzione liquida con 2,5 mg di 4-PR-MET per goccia. Si tratta di un composto correlato alla psilocina. Ogni goccia fornisce una dose elevata e costante, progettata solo per uso analitico e di ricerca.<\/p>\n<h2>Che cos'\u00e8 il 4-PR-MET?<\/h2>\n<p>Il 4-PR-MET \u00e8 un composto correlato alla psilocina. In termini di effetti, viene spesso paragonato alla <a href=\"https:\/\/primalfocus.eu\/it\/tartufi-magici\/\" target=\"_blank\" rel=\"noopener noreferrer\">tartufi magici<\/a>. \u00c8 anche molto simile al composto utilizzato in <a href=\"https:\/\/primalfocus.eu\/it\/gocce-di-amsterdam-super-forti\/\" target=\"_blank\" rel=\"noopener noreferrer\">Gocce di Amsterdam - Super Strong<\/a> (4-HO-MET), con un profilo complessivo comparabile.<\/p>\n<h2>Quanto \u00e8 forte una goccia?<\/h2>\n<p>Ogni goccia contiene 2,5 mg di 4-PR-MET. In termini di effetto, ci\u00f2 \u00e8 approssimativamente paragonabile a circa 3 mg di 4-HO-MET. Ci\u00f2 rende Berlin Drops - Super Strong l'opzione pi\u00f9 potente della nostra gamma di gocce.<\/p>\n<div style=\"background-color: #eff5e6; padding: 20px; border-radius: 12px; font-family: Montserrat, sans-serif; font-size: 15px; color: #333; line-height: 1.6;\">\n<table>\n<thead>\n<tr>\n<th>Dimensioni della bottiglia<\/th>\n<th>Totale 4-PR-MET<\/th>\n<th>Gocce circa<\/th>\n<\/tr>\n<\/thead>\n<tbody>\n<tr>\n<td>2 ml<\/td>\n<td>100 mg<\/td>\n<td>\u2248 40<\/td>\n<\/tr>\n<tr>\n<td>5 ml<\/td>\n<td>250 mg<\/td>\n<td>\u2248 100<\/td>\n<\/tr>\n<tr>\n<td>15 ml<\/td>\n<td>750 mg<\/td>\n<td>\u2248 300<\/td>\n<\/tr>\n<\/tbody>\n<\/table>\n<\/div>\n<p>&nbsp;<\/p>\n<h2>Perch\u00e9 scegliere Berlin Drops - Super Strong?<\/h2>\n<p>Le gocce Berlin - Super Strong sono progettate per la ricerca avanzata. Offrono una maggiore potenza per goccia, rendendole efficienti e precise per i consumatori esperti.<\/p>\n<div style=\"font-family: Montserrat, sans-serif; margin-top: 20px;\">\n<div class=\"su-accordion su-u-trim custom-dos-donts-accordion\">\n<div class=\"su-spoiler su-spoiler-style-default su-spoiler-icon-plus su-spoiler-closed\" data-scroll-offset=\"0\" data-anchor-in-url=\"no\"><div class=\"su-spoiler-title\" tabindex=\"0\" role=\"button\"><span class=\"su-spoiler-icon\"><\/span>Cosa c'\u00e8 dentro<\/div><div class=\"su-spoiler-content su-u-clearfix su-u-trim\">\n<div style=\"background-color: #eff5e6; padding: 12px 16px; border-radius: 0 0 8px 8px; font-size: 15px; color: #444; line-height: 1.8;\">Le gocce Berlin - Super Strong contengono 4-PR-MET, un composto correlato alla psilocina. Queste gocce sono destinate esclusivamente all'uso per la ricerca.<\/div>\n<\/div><\/div>\n<div class=\"su-spoiler su-spoiler-style-default su-spoiler-icon-plus su-spoiler-closed\" data-scroll-offset=\"0\" data-anchor-in-url=\"no\"><div class=\"su-spoiler-title\" tabindex=\"0\" role=\"button\"><span class=\"su-spoiler-icon\"><\/span>Alta potenza<\/div><div class=\"su-spoiler-content su-u-clearfix su-u-trim\">\n<div style=\"background-color: #eff5e6; padding: 12px 16px; border-radius: 0 0 8px 8px; font-size: 15px; color: #444; line-height: 1.8;\">Ogni goccia contiene 2,5 mg, il che la rende la versione pi\u00f9 forte delle nostre gocce. Sono necessarie meno gocce rispetto alle varianti normali.<\/div>\n<\/div><\/div>\n<div class=\"su-spoiler su-spoiler-style-default su-spoiler-icon-plus su-spoiler-closed\" data-scroll-offset=\"0\" data-anchor-in-url=\"no\"><div class=\"su-spoiler-title\" tabindex=\"0\" role=\"button\"><span class=\"su-spoiler-icon\"><\/span>Dosaggio preciso<\/div><div class=\"su-spoiler-content su-u-clearfix su-u-trim\">\n<div style=\"background-color: #eff5e6; padding: 12px 16px; border-radius: 0 0 8px 8px; font-size: 15px; color: #444; line-height: 1.8;\">Il formato liquido consente un dosaggio accurato e ripetibile, anche a dosaggi elevati.<\/div>\n<\/div><\/div>\n<div class=\"su-spoiler su-spoiler-style-default su-spoiler-icon-plus su-spoiler-closed\" data-scroll-offset=\"0\" data-anchor-in-url=\"no\"><div class=\"su-spoiler-title\" tabindex=\"0\" role=\"button\"><span class=\"su-spoiler-icon\"><\/span>Dove spediamo<\/div><div class=\"su-spoiler-content su-u-clearfix su-u-trim\">\n<div style=\"background-color: #eff5e6; padding: 12px 16px; border-radius: 0 0 8px 8px; font-size: 15px; color: #444; line-height: 1.8;\">\n<p>Attualmente spediamo Berlin Drops - Super Strong nei seguenti paesi dell'UE:<\/p>\n<ul style=\"margin: 10px 0 0 20px;\">\n<li>Paesi Bassi<\/li>\n<li>Belgio<\/li>\n<li>Croazia<\/li>\n<li>Repubblica Ceca<\/li>\n<li>Francia<\/li>\n<li>Ungheria<\/li>\n<li>Irlanda<\/li>\n<li>Lussemburgo<\/li>\n<li>Portogallo<\/li>\n<li>Romania<\/li>\n<li>Slovacchia<\/li>\n<li>Slovenia<\/li>\n<li>Spagna<\/li>\n<li>Germania<\/li>\n<li>Grecia<\/li>\n<li>Italia<\/li>\n<li>Polonia<\/li>\n<\/ul>\n<p>&nbsp;<\/p>\n<p><em>Prima di ordinare, verificare sempre le normative locali, poich\u00e9 l'interpretazione pu\u00f2 variare.<\/em><\/p>\n<\/div>\n<\/div><\/div>\n<div class=\"su-spoiler su-spoiler-style-default su-spoiler-icon-plus su-spoiler-closed\" data-scroll-offset=\"0\" data-anchor-in-url=\"no\"><div class=\"su-spoiler-title\" tabindex=\"0\" role=\"button\"><span class=\"su-spoiler-icon\"><\/span>Qualit\u00e0<\/div><div class=\"su-spoiler-content su-u-clearfix su-u-trim\">\n<div style=\"background-color: #eff5e6; padding: 12px 16px; border-radius: 0 0 8px 8px; font-size: 15px; color: #444; line-height: 1.8;\">Prodotto in condizioni controllate per garantire qualit\u00e0 e purezza costanti.<\/div>\n<\/div><\/div>\n<div class=\"su-spoiler su-spoiler-style-default su-spoiler-icon-plus su-spoiler-closed\" data-scroll-offset=\"0\" data-anchor-in-url=\"no\"><div class=\"su-spoiler-title\" tabindex=\"0\" role=\"button\"><span class=\"su-spoiler-icon\"><\/span>Immagazzinamento<\/div><div class=\"su-spoiler-content su-u-clearfix su-u-trim\">\n<div style=\"background-color: #eff5e6; padding: 12px 16px; border-radius: 0 0 8px 8px; font-size: 15px; color: #444; line-height: 1.8;\">Conservare a meno di 10\u00b0C. Si conserva fino a 12 mesi se conservato correttamente.<\/div>\n<\/div><\/div>\n<\/div>\n<\/div>\n<div style=\"background-color: #eff5e6; padding: 20px; border-radius: 12px; font-family: Montserrat, sans-serif; font-size: 15px; color: #333; line-height: 1.6;\">\n<h2>Note chiave (leggere attentamente)<\/h2>\n<ul>\n<li>Solo per uso di ricerca<\/li>\n<li>Non per uso umano o medico<\/li>\n<li>Contiene 4-PR-MET<\/li>\n<li>La forza si basa su un confronto stimato con il 4-HO-MET.<\/li>\n<li>Alta potenza per goccia: maneggiare con cura<\/li>\n<li>Controllare le leggi locali prima di ordinare<\/li>\n<li>Conservare a meno di 10\u00b0C<\/li>\n<\/ul>\n<\/div>","protected":false},"excerpt":{"rendered":"<div class=\"flex flex-col text-sm pb-25\">\n<section class=\"text-token-text-primary w-full focus:outline-none [--shadow-height:45px] has-data-writing-block:pointer-events-none has-data-writing-block:-mt-(--shadow-height) has-data-writing-block:pt-(--shadow-height) [&amp;:has([data-writing-block])&gt;*]:pointer-events-auto scroll-mt-[calc(var(--header-height)+min(200px,max(70px,20svh)))]\" dir=\"auto\" data-turn-id=\"request-69cb8b91-bd14-8388-be0d-9b2d93eb0de5-6\" data-testid=\"conversation-turn-14\" data-scroll-anchor=\"true\" data-turn=\"assistant\">\n<div class=\"text-base my-auto mx-auto pb-10 [--thread-content-margin:var(--thread-content-margin-xs,calc(var(--spacing)*4))] @w-sm\/main:[--thread-content-margin:var(--thread-content-margin-sm,calc(var(--spacing)*6))] @w-lg\/main:[--thread-content-margin:var(--thread-content-margin-lg,calc(var(--spacing)*16))] px-(--thread-content-margin)\">\n<div class=\"[--thread-content-max-width:40rem] @w-lg\/main:[--thread-content-max-width:48rem] mx-auto max-w-(--thread-content-max-width) flex-1 group\/turn-messages focus-visible:outline-hidden relative flex w-full min-w-0 flex-col agent-turn\">\n<div class=\"flex max-w-full flex-col gap-4 grow\">\n<div class=\"min-h-8 text-message relative flex w-full flex-col items-end gap-2 text-start break-words whitespace-normal outline-none keyboard-focused:focus-ring [.text-message+&amp;]:mt-1\" dir=\"auto\" tabindex=\"0\" data-message-author-role=\"assistant\" data-message-id=\"c3b039ed-921a-43a4-875a-f61093a201e6\" data-message-model-slug=\"gpt-5-3\" data-turn-start-message=\"true\">\n<div class=\"flex w-full flex-col gap-1 empty:hidden\">\n<div class=\"markdown prose dark:prose-invert w-full wrap-break-word light markdown-new-styling\">\n<p data-start=\"0\" data-end=\"278\" data-is-last-node=\"\" data-is-only-node=\"\">Experience precise, fast-acting research drops containing 4-PR-MET, inspired by classic magic mushrooms. Berlin Drops deliver controlled, reliable results with a smooth onset, consistent dosing and long shelf life. They are produced in a certified lab for research purposes only.<\/p>\n<\/div>\n<\/div>\n<\/div>\n<\/div>\n<div class=\"z-0 flex min-h-[46px] justify-start\"><\/div>\n<div class=\"mt-3 w-full empty:hidden\">\n<div class=\"text-center\"><\/div>\n<\/div>\n<\/div>\n<\/div>\n<\/section>\n<\/div>\n<div class=\"pointer-events-none h-px w-px absolute bottom-0\" aria-hidden=\"true\" data-edge=\"true\"><\/div>\n","protected":false},"featured_media":1160088,"comment_status":"open","ping_status":"closed","template":"","meta":{"site-sidebar-layout":"default","site-content-layout":"default","ast-site-content-layout":"default","site-content-style":"default","site-sidebar-style":"default","ast-global-header-display":"","ast-banner-title-visibility":"","ast-main-header-display":"","ast-hfb-above-header-display":"","ast-hfb-below-header-display":"","ast-hfb-mobile-header-display":"","site-post-title":"","ast-breadcrumbs-content":"","ast-featured-img":"","footer-sml-layout":"","ast-disable-related-posts":"","theme-transparent-header-meta":"disabled","adv-header-id-meta":"","stick-header-meta":"","header-above-stick-meta":"","header-main-stick-meta":"","header-below-stick-meta":"","astra-migrate-meta-layouts":"set","ast-page-background-enabled":"default","ast-page-background-meta":{"desktop":{"background-color":"","background-image":"","background-repeat":"repeat","background-position":"center center","background-size":"auto","background-attachment":"scroll","background-type":"","background-media":"","overlay-type":"","overlay-color":"","overlay-opacity":"","overlay-gradient":""},"tablet":{"background-color":"","background-image":"","background-repeat":"repeat","background-position":"center center","background-size":"auto","background-attachment":"scroll","background-type":"","background-media":"","overlay-type":"","overlay-color":"","overlay-opacity":"","overlay-gradient":""},"mobile":{"background-color":"","background-image":"","background-repeat":"repeat","background-position":"center center","background-size":"auto","background-attachment":"scroll","background-type":"","background-media":"","overlay-type":"","overlay-color":"","overlay-opacity":"","overlay-gradient":""}},"ast-content-background-meta":{"desktop":{"background-color":"var(--ast-global-color-5)","background-image":"","background-repeat":"repeat","background-position":"center center","background-size":"auto","background-attachment":"scroll","background-type":"","background-media":"","overlay-type":"","overlay-color":"","overlay-opacity":"","overlay-gradient":""},"tablet":{"background-color":"var(--ast-global-color-5)","background-image":"","background-repeat":"repeat","background-position":"center center","background-size":"auto","background-attachment":"scroll","background-type":"","background-media":"","overlay-type":"","overlay-color":"","overlay-opacity":"","overlay-gradient":""},"mobile":{"background-color":"var(--ast-global-color-5)","background-image":"","background-repeat":"repeat","background-position":"center center","background-size":"auto","background-attachment":"scroll","background-type":"","background-media":"","overlay-type":"","overlay-color":"","overlay-opacity":"","overlay-gradient":""}}},"product_brand":[129],"product_cat":[117],"product_tag":[],"class_list":{"0":"post-1160051","1":"product","2":"type-product","3":"status-publish","4":"has-post-thumbnail","6":"product_brand-primal-focus","7":"product_cat-drops","8":"product_shipping_class-brievenbus-pakje","9":"desktop-align-center","10":"tablet-align-left","11":"mobile-align-left","13":"first","14":"instock","15":"sale","16":"taxable","17":"shipping-taxable","18":"purchasable","19":"product-type-variable","20":"has-default-attributes"},"yoast_head":"<!-- This site is optimized with the Yoast SEO plugin v27.4 - https:\/\/yoast.com\/product\/yoast-seo-wordpress\/ -->\n<title>Berlin Drops - Super Strong | by Primal Focus<\/title>\n<meta name=\"description\" content=\"Experience Berlin Drops Super Strong with 4-PR-MET from Primal Focus. Premium liquid formula with clear effects and secure shipping.\" \/>\n<meta name=\"robots\" content=\"index, follow, max-snippet:-1, max-image-preview:large, max-video-preview:-1\" \/>\n<link rel=\"canonical\" href=\"https:\/\/primalfocus.eu\/it\/berlino-scende-super-forte\/\" \/>\n<meta property=\"og:locale\" content=\"it_IT\" \/>\n<meta property=\"og:type\" content=\"article\" \/>\n<meta property=\"og:title\" content=\"Berlin Drops - Super Strong | by Primal Focus\" \/>\n<meta property=\"og:description\" content=\"Experience Berlin Drops Super Strong with 4-PR-MET from Primal Focus. Premium liquid formula with clear effects and secure shipping.\" \/>\n<meta property=\"og:url\" content=\"https:\/\/primalfocus.eu\/it\/berlino-scende-super-forte\/\" \/>\n<meta property=\"og:site_name\" content=\"Primal Focus\" \/>\n<meta property=\"article:publisher\" content=\"https:\/\/www.facebook.com\/profile.php?id=61575377667059\" \/>\n<meta property=\"article:modified_time\" content=\"2026-04-14T20:08:14+00:00\" \/>\n<meta property=\"og:image\" content=\"https:\/\/primalfocus.eu\/wp-content\/uploads\/2026\/03\/Berlin-Drops-Super-Strong.webp\" \/>\n\t<meta property=\"og:image:width\" content=\"1280\" \/>\n\t<meta property=\"og:image:height\" content=\"1280\" \/>\n\t<meta property=\"og:image:type\" content=\"image\/webp\" \/>\n<meta name=\"twitter:card\" content=\"summary_large_image\" \/>\n<meta name=\"twitter:site\" content=\"@primalfocus_eu\" \/>\n<meta name=\"twitter:label1\" content=\"Tempo di lettura stimato\" \/>\n\t<meta name=\"twitter:data1\" content=\"2 minuti\" \/>\n<script type=\"application\/ld+json\" class=\"yoast-schema-graph\">{\"@context\":\"https:\\\/\\\/schema.org\",\"@graph\":[{\"@type\":[\"WebPage\",\"ItemPage\"],\"@id\":\"https:\\\/\\\/primalfocus.eu\\\/it\\\/berlin-drops-super-strong\\\/\",\"url\":\"https:\\\/\\\/primalfocus.eu\\\/it\\\/berlin-drops-super-strong\\\/\",\"name\":\"Berlin Drops - Super Strong | by Primal Focus\",\"isPartOf\":{\"@id\":\"https:\\\/\\\/primalfocus.eu\\\/it\\\/#website\"},\"primaryImageOfPage\":{\"@id\":\"https:\\\/\\\/primalfocus.eu\\\/it\\\/berlin-drops-super-strong\\\/#primaryimage\"},\"image\":{\"@id\":\"https:\\\/\\\/primalfocus.eu\\\/it\\\/berlin-drops-super-strong\\\/#primaryimage\"},\"thumbnailUrl\":\"https:\\\/\\\/primalfocus.eu\\\/wp-content\\\/uploads\\\/2026\\\/03\\\/Berlin-Drops-Super-Strong.webp\",\"datePublished\":\"2026-03-31T13:00:30+00:00\",\"dateModified\":\"2026-04-14T20:08:14+00:00\",\"description\":\"Experience Berlin Drops Super Strong with 4-PR-MET from Primal Focus. Premium liquid formula with clear effects and secure shipping.\",\"breadcrumb\":{\"@id\":\"https:\\\/\\\/primalfocus.eu\\\/it\\\/berlin-drops-super-strong\\\/#breadcrumb\"},\"inLanguage\":\"it-IT\",\"potentialAction\":[{\"@type\":\"ReadAction\",\"target\":[\"https:\\\/\\\/primalfocus.eu\\\/it\\\/berlin-drops-super-strong\\\/\"]}]},{\"@type\":\"ImageObject\",\"inLanguage\":\"it-IT\",\"@id\":\"https:\\\/\\\/primalfocus.eu\\\/it\\\/berlin-drops-super-strong\\\/#primaryimage\",\"url\":\"https:\\\/\\\/primalfocus.eu\\\/wp-content\\\/uploads\\\/2026\\\/03\\\/Berlin-Drops-Super-Strong.webp\",\"contentUrl\":\"https:\\\/\\\/primalfocus.eu\\\/wp-content\\\/uploads\\\/2026\\\/03\\\/Berlin-Drops-Super-Strong.webp\",\"width\":1280,\"height\":1280,\"caption\":\"Berlin Drops Super Strong\"},{\"@type\":\"BreadcrumbList\",\"@id\":\"https:\\\/\\\/primalfocus.eu\\\/it\\\/berlin-drops-super-strong\\\/#breadcrumb\",\"itemListElement\":[{\"@type\":\"ListItem\",\"position\":1,\"name\":\"Home\",\"item\":\"https:\\\/\\\/primalfocus.eu\\\/\"},{\"@type\":\"ListItem\",\"position\":2,\"name\":\"Shop\",\"item\":\"https:\\\/\\\/primalfocus.eu\\\/products\\\/\"},{\"@type\":\"ListItem\",\"position\":3,\"name\":\"Mushroom drops\",\"item\":\"https:\\\/\\\/primalfocus.eu\\\/drops\\\/\"},{\"@type\":\"ListItem\",\"position\":4,\"name\":\"Berlin Drops &#8211; Super Strong\"}]},{\"@type\":\"WebSite\",\"@id\":\"https:\\\/\\\/primalfocus.eu\\\/it\\\/#website\",\"url\":\"https:\\\/\\\/primalfocus.eu\\\/it\\\/\",\"name\":\"Primal Focus\",\"description\":\"Buy legal psychedelics online\",\"publisher\":{\"@id\":\"https:\\\/\\\/primalfocus.eu\\\/it\\\/#organization\"},\"potentialAction\":[{\"@type\":\"SearchAction\",\"target\":{\"@type\":\"EntryPoint\",\"urlTemplate\":\"https:\\\/\\\/primalfocus.eu\\\/it\\\/?s={search_term_string}\"},\"query-input\":{\"@type\":\"PropertyValueSpecification\",\"valueRequired\":true,\"valueName\":\"search_term_string\"}}],\"inLanguage\":\"it-IT\"},{\"@type\":\"Organization\",\"@id\":\"https:\\\/\\\/primalfocus.eu\\\/it\\\/#organization\",\"name\":\"Primal Focus\",\"alternateName\":\"primalfocus.eu\",\"url\":\"https:\\\/\\\/primalfocus.eu\\\/it\\\/\",\"logo\":{\"@type\":\"ImageObject\",\"inLanguage\":\"it-IT\",\"@id\":\"https:\\\/\\\/primalfocus.eu\\\/it\\\/#\\\/schema\\\/logo\\\/image\\\/\",\"url\":\"https:\\\/\\\/primalfocus.eu\\\/wp-content\\\/uploads\\\/2025\\\/11\\\/primal-focus-logo-header.svg\",\"contentUrl\":\"https:\\\/\\\/primalfocus.eu\\\/wp-content\\\/uploads\\\/2025\\\/11\\\/primal-focus-logo-header.svg\",\"caption\":\"Primal Focus\"},\"image\":{\"@id\":\"https:\\\/\\\/primalfocus.eu\\\/it\\\/#\\\/schema\\\/logo\\\/image\\\/\"},\"sameAs\":[\"https:\\\/\\\/www.facebook.com\\\/profile.php?id=61575377667059\",\"https:\\\/\\\/x.com\\\/primalfocus_eu\",\"https:\\\/\\\/www.instagram.com\\\/primalfocus.store\\\/\"]}]}<\/script>\n<!-- \/ Yoast SEO plugin. -->","yoast_head_json":{"title":"Gocce di Berlino - Super Strong | di Primal Focus","description":"Provate le gocce Berlin Super Strong con 4-PR-MET di Primal Focus. Formula liquida premium con effetti evidenti e spedizione sicura.","robots":{"index":"index","follow":"follow","max-snippet":"max-snippet:-1","max-image-preview":"max-image-preview:large","max-video-preview":"max-video-preview:-1"},"canonical":"https:\/\/primalfocus.eu\/it\/berlino-scende-super-forte\/","og_locale":"it_IT","og_type":"article","og_title":"Berlin Drops - Super Strong | by Primal Focus","og_description":"Experience Berlin Drops Super Strong with 4-PR-MET from Primal Focus. Premium liquid formula with clear effects and secure shipping.","og_url":"https:\/\/primalfocus.eu\/it\/berlino-scende-super-forte\/","og_site_name":"Primal Focus","article_publisher":"https:\/\/www.facebook.com\/profile.php?id=61575377667059","article_modified_time":"2026-04-14T20:08:14+00:00","og_image":[{"width":1280,"height":1280,"url":"https:\/\/primalfocus.eu\/wp-content\/uploads\/2026\/03\/Berlin-Drops-Super-Strong.webp","type":"image\/webp"}],"twitter_card":"summary_large_image","twitter_site":"@primalfocus_eu","twitter_misc":{"Tempo di lettura stimato":"2 minuti"},"schema":{"@context":"https:\/\/schema.org","@graph":[{"@type":["WebPage","ItemPage"],"@id":"https:\/\/primalfocus.eu\/it\/berlin-drops-super-strong\/","url":"https:\/\/primalfocus.eu\/it\/berlin-drops-super-strong\/","name":"Gocce di Berlino - Super Strong | di Primal Focus","isPartOf":{"@id":"https:\/\/primalfocus.eu\/it\/#website"},"primaryImageOfPage":{"@id":"https:\/\/primalfocus.eu\/it\/berlin-drops-super-strong\/#primaryimage"},"image":{"@id":"https:\/\/primalfocus.eu\/it\/berlin-drops-super-strong\/#primaryimage"},"thumbnailUrl":"https:\/\/primalfocus.eu\/wp-content\/uploads\/2026\/03\/Berlin-Drops-Super-Strong.webp","datePublished":"2026-03-31T13:00:30+00:00","dateModified":"2026-04-14T20:08:14+00:00","description":"Provate le gocce Berlin Super Strong con 4-PR-MET di Primal Focus. Formula liquida premium con effetti evidenti e spedizione sicura.","breadcrumb":{"@id":"https:\/\/primalfocus.eu\/it\/berlin-drops-super-strong\/#breadcrumb"},"inLanguage":"it-IT","potentialAction":[{"@type":"ReadAction","target":["https:\/\/primalfocus.eu\/it\/berlin-drops-super-strong\/"]}]},{"@type":"ImageObject","inLanguage":"it-IT","@id":"https:\/\/primalfocus.eu\/it\/berlin-drops-super-strong\/#primaryimage","url":"https:\/\/primalfocus.eu\/wp-content\/uploads\/2026\/03\/Berlin-Drops-Super-Strong.webp","contentUrl":"https:\/\/primalfocus.eu\/wp-content\/uploads\/2026\/03\/Berlin-Drops-Super-Strong.webp","width":1280,"height":1280,"caption":"Berlin Drops Super Strong"},{"@type":"BreadcrumbList","@id":"https:\/\/primalfocus.eu\/it\/berlin-drops-super-strong\/#breadcrumb","itemListElement":[{"@type":"ListItem","position":1,"name":"Home","item":"https:\/\/primalfocus.eu\/"},{"@type":"ListItem","position":2,"name":"Shop","item":"https:\/\/primalfocus.eu\/products\/"},{"@type":"ListItem","position":3,"name":"Mushroom drops","item":"https:\/\/primalfocus.eu\/drops\/"},{"@type":"ListItem","position":4,"name":"Berlin Drops &#8211; Super Strong"}]},{"@type":"WebSite","@id":"https:\/\/primalfocus.eu\/it\/#website","url":"https:\/\/primalfocus.eu\/it\/","name":"Primal Focus","description":"Acquistare psichedelici legali online","publisher":{"@id":"https:\/\/primalfocus.eu\/it\/#organization"},"potentialAction":[{"@type":"SearchAction","target":{"@type":"EntryPoint","urlTemplate":"https:\/\/primalfocus.eu\/it\/?s={search_term_string}"},"query-input":{"@type":"PropertyValueSpecification","valueRequired":true,"valueName":"search_term_string"}}],"inLanguage":"it-IT"},{"@type":"Organization","@id":"https:\/\/primalfocus.eu\/it\/#organization","name":"Primal Focus","alternateName":"primalfocus.eu","url":"https:\/\/primalfocus.eu\/it\/","logo":{"@type":"ImageObject","inLanguage":"it-IT","@id":"https:\/\/primalfocus.eu\/it\/#\/schema\/logo\/image\/","url":"https:\/\/primalfocus.eu\/wp-content\/uploads\/2025\/11\/primal-focus-logo-header.svg","contentUrl":"https:\/\/primalfocus.eu\/wp-content\/uploads\/2025\/11\/primal-focus-logo-header.svg","caption":"Primal Focus"},"image":{"@id":"https:\/\/primalfocus.eu\/it\/#\/schema\/logo\/image\/"},"sameAs":["https:\/\/www.facebook.com\/profile.php?id=61575377667059","https:\/\/x.com\/primalfocus_eu","https:\/\/www.instagram.com\/primalfocus.store\/"]}]}},"jetpack_sharing_enabled":true,"_links":{"self":[{"href":"https:\/\/primalfocus.eu\/it\/wp-json\/wp\/v2\/product\/1160051","targetHints":{"allow":["GET"]}}],"collection":[{"href":"https:\/\/primalfocus.eu\/it\/wp-json\/wp\/v2\/product"}],"about":[{"href":"https:\/\/primalfocus.eu\/it\/wp-json\/wp\/v2\/types\/product"}],"replies":[{"embeddable":true,"href":"https:\/\/primalfocus.eu\/it\/wp-json\/wp\/v2\/comments?post=1160051"}],"wp:featuredmedia":[{"embeddable":true,"href":"https:\/\/primalfocus.eu\/it\/wp-json\/wp\/v2\/media\/1160088"}],"wp:attachment":[{"href":"https:\/\/primalfocus.eu\/it\/wp-json\/wp\/v2\/media?parent=1160051"}],"wp:term":[{"taxonomy":"product_brand","embeddable":true,"href":"https:\/\/primalfocus.eu\/it\/wp-json\/wp\/v2\/product_brand?post=1160051"},{"taxonomy":"product_cat","embeddable":true,"href":"https:\/\/primalfocus.eu\/it\/wp-json\/wp\/v2\/product_cat?post=1160051"},{"taxonomy":"product_tag","embeddable":true,"href":"https:\/\/primalfocus.eu\/it\/wp-json\/wp\/v2\/product_tag?post=1160051"}],"curies":[{"name":"wp","href":"https:\/\/api.w.org\/{rel}","templated":true}]}}