{"id":5200,"date":"2023-09-03T20:14:52","date_gmt":"2023-09-03T18:14:52","guid":{"rendered":"https:\/\/primalfocus.eu\/?page_id=5200"},"modified":"2025-04-12T12:04:34","modified_gmt":"2025-04-12T10:04:34","slug":"stato-giuridico-delllsd-1cp","status":"publish","type":"page","link":"https:\/\/primalfocus.eu\/it\/stato-giuridico-delllsd-1cp\/","title":{"rendered":"Stato giuridico 1S-LSD"},"content":{"rendered":"<h1 class=\"wp-block-heading\"><strong>Lo stato legale della 1S-LSD<\/strong><\/h1>\n\n\n\n<p>Noi di Primal Focus ci impegniamo per la trasparenza e la conformit\u00e0. Pur facendo del nostro meglio per rimanere informati, il panorama legale che circonda i nuovi composti come l'1S-LSD (1-(3-(trimetilsilil)propionil)- dietilammide dell'acido lisergico) pu\u00f2 variare in modo significativo nelle varie giurisdizioni - e cambia frequentemente.<\/p>\n\n\n\n<h3 class=\"wp-block-heading\">Documento d'insieme dell'UE<\/h3>\n\n\n\n<p>Per supportare i nostri clienti e partner, abbiamo creato un documento che riassume lo status legale di 1S-LSD negli Stati membri dell'Unione Europea. Questa panoramica viene aggiornata annualmente sulla base delle nostre ricerche legali ed \u00e8 destinata a servire come riferimento generale.<\/p>\n\n\n\n<p>\ud83d\udcc4 <strong>Visualizza il documento qui:<\/strong><br><a class=\"\" href=\"https:\/\/primalfocus.eu\/wp-content\/uploads\/2025\/04\/Legality-1S-LSD-in-the-EU.pdf\">Legalit\u00e0 della 1S-LSD nell'UE (PDF)<\/a><\/p>\n\n\n\n<p>Attenzione: questo documento non \u00e8 esaustivo e non possiamo garantirne l'accuratezza in ogni momento. Esso <strong>non<\/strong> costituiscono una consulenza legale. I clienti hanno la piena responsabilit\u00e0 di verificare se 1S-LSD \u00e8 legale nel loro paese specifico prima di effettuare un ordine.<\/p>\n\n\n\n<p>Se si notano informazioni errate, o se il proprio Paese \u00e8 elencato come \"sconosciuto\" e si ha accesso a <strong>documentazione ufficiale<\/strong> dimostrando che la 1S-LSD \u00e8 <em>non<\/em> una sostanza controllata, vi chiediamo gentilmente di inviarla al nostro team via <a class=\"\">info@primalfocus.eu<\/a>. Apprezziamo molto il vostro contributo per aiutarci a mantenere questa panoramica aggiornata.<\/p>\n\n\n\n<h3 class=\"wp-block-heading\">Fuori dall'UE<\/h3>\n\n\n\n<p>A causa della complessit\u00e0 e dell'opacit\u00e0 del diritto internazionale, soprattutto nei Paesi al di fuori dell'UE, non ci \u00e8 possibile mantenere una panoramica legale affidabile per le destinazioni extra-UE.<br><br>Non spediamo 1S-LSD negli Stati Uniti, in Australia o in qualsiasi altro paese in cui si sospetti che l'importazione o il possesso di questo composto siano illegali.<\/p>\n\n\n\n<hr class=\"wp-block-separator has-alpha-channel-opacity\"\/>\n\n\n\n<p>Questa politica esiste per proteggere sia i nostri clienti che la nostra azienda. Ci riserviamo il diritto di cancellare qualsiasi ordine che possa comportare rischi legali e incoraggiamo tutti gli acquirenti ad agire in modo responsabile e in conformit\u00e0 con le leggi del proprio paese.<\/p>\n\n\n\n<p>Per qualsiasi domanda, non esitate a contattarci tramite <a class=\"\">info@primalfocus.eu<\/a>.<\/p>","protected":false},"excerpt":{"rendered":"<p>The Legal Status of 1S-LSD At Primal Focus, we are committed to transparency and compliance. While we do our best to stay informed, the legal landscape surrounding novel compounds such as 1S-LSD (1-(3-(trimethylsilyl)propionyl)-lysergic acid diethylamide) can vary significantly across jurisdictions \u2014 and it changes frequently. EU Overview Document To support our customers and partners, we\u2019ve [&hellip;]<\/p>\n","protected":false},"author":1,"featured_media":0,"parent":0,"menu_order":0,"comment_status":"closed","ping_status":"closed","template":"","meta":{"site-sidebar-layout":"default","site-content-layout":"","ast-site-content-layout":"default","site-content-style":"default","site-sidebar-style":"default","ast-global-header-display":"","ast-banner-title-visibility":"","ast-main-header-display":"","ast-hfb-above-header-display":"","ast-hfb-below-header-display":"","ast-hfb-mobile-header-display":"","site-post-title":"disabled","ast-breadcrumbs-content":"","ast-featured-img":"","footer-sml-layout":"","theme-transparent-header-meta":"disabled","adv-header-id-meta":"","stick-header-meta":"","header-above-stick-meta":"","header-main-stick-meta":"","header-below-stick-meta":"","astra-migrate-meta-layouts":"set","ast-page-background-enabled":"default","ast-page-background-meta":{"desktop":{"background-color":"","background-image":"","background-repeat":"repeat","background-position":"center center","background-size":"auto","background-attachment":"scroll","background-type":"","background-media":"","overlay-type":"","overlay-color":"","overlay-gradient":""},"tablet":{"background-color":"","background-image":"","background-repeat":"repeat","background-position":"center center","background-size":"auto","background-attachment":"scroll","background-type":"","background-media":"","overlay-type":"","overlay-color":"","overlay-gradient":""},"mobile":{"background-color":"","background-image":"","background-repeat":"repeat","background-position":"center center","background-size":"auto","background-attachment":"scroll","background-type":"","background-media":"","overlay-type":"","overlay-color":"","overlay-gradient":""}},"ast-content-background-meta":{"desktop":{"background-color":"var(--ast-global-color-5)","background-image":"","background-repeat":"repeat","background-position":"center center","background-size":"auto","background-attachment":"scroll","background-type":"","background-media":"","overlay-type":"","overlay-color":"","overlay-gradient":""},"tablet":{"background-color":"var(--ast-global-color-5)","background-image":"","background-repeat":"repeat","background-position":"center center","background-size":"auto","background-attachment":"scroll","background-type":"","background-media":"","overlay-type":"","overlay-color":"","overlay-gradient":""},"mobile":{"background-color":"var(--ast-global-color-5)","background-image":"","background-repeat":"repeat","background-position":"center center","background-size":"auto","background-attachment":"scroll","background-type":"","background-media":"","overlay-type":"","overlay-color":"","overlay-gradient":""}},"footnotes":""},"class_list":["post-5200","page","type-page","status-publish","hentry"],"yoast_head":"<!-- This site is optimized with the Yoast SEO plugin v27.5 - https:\/\/yoast.com\/product\/yoast-seo-wordpress\/ -->\n<title>Legal Status 1S-LSD - Primal Focus<\/title>\n<meta name=\"description\" content=\"Primal Focus: Your trusted source for 1cP-LSD microdose pellets worldwide. Safe, legal, and responsible use.\" \/>\n<meta name=\"robots\" content=\"index, follow, max-snippet:-1, max-image-preview:large, max-video-preview:-1\" \/>\n<link rel=\"canonical\" href=\"https:\/\/primalfocus.eu\/it\/stato-giuridico-delllsd-1cp\/\" \/>\n<meta property=\"og:locale\" content=\"it_IT\" \/>\n<meta property=\"og:type\" content=\"article\" \/>\n<meta property=\"og:title\" content=\"Legal Status 1S-LSD - Primal Focus\" \/>\n<meta property=\"og:description\" content=\"Primal Focus: Your trusted source for 1cP-LSD microdose pellets worldwide. Safe, legal, and responsible use.\" \/>\n<meta property=\"og:url\" content=\"https:\/\/primalfocus.eu\/it\/stato-giuridico-delllsd-1cp\/\" \/>\n<meta property=\"og:site_name\" content=\"Primal Focus\" \/>\n<meta property=\"article:publisher\" content=\"https:\/\/www.facebook.com\/profile.php?id=61575377667059\" \/>\n<meta property=\"article:modified_time\" content=\"2025-04-12T10:04:34+00:00\" \/>\n<meta name=\"twitter:card\" content=\"summary_large_image\" \/>\n<meta name=\"twitter:site\" content=\"@primalfocus_eu\" \/>\n<meta name=\"twitter:label1\" content=\"Tempo di lettura stimato\" \/>\n\t<meta name=\"twitter:data1\" content=\"2 minuti\" \/>\n<script type=\"application\/ld+json\" class=\"yoast-schema-graph\">{\"@context\":\"https:\\\/\\\/schema.org\",\"@graph\":[{\"@type\":\"WebPage\",\"@id\":\"https:\\\/\\\/primalfocus.eu\\\/it\\\/stato-giuridico-delllsd-1cp\\\/\",\"url\":\"https:\\\/\\\/primalfocus.eu\\\/it\\\/stato-giuridico-delllsd-1cp\\\/\",\"name\":\"Legal Status 1S-LSD - Primal Focus\",\"isPartOf\":{\"@id\":\"https:\\\/\\\/primalfocus.eu\\\/it\\\/#website\"},\"datePublished\":\"2023-09-03T18:14:52+00:00\",\"dateModified\":\"2025-04-12T10:04:34+00:00\",\"description\":\"Primal Focus: Your trusted source for 1cP-LSD microdose pellets worldwide. Safe, legal, and responsible use.\",\"breadcrumb\":{\"@id\":\"https:\\\/\\\/primalfocus.eu\\\/it\\\/stato-giuridico-delllsd-1cp\\\/#breadcrumb\"},\"inLanguage\":\"it-IT\",\"potentialAction\":[{\"@type\":\"ReadAction\",\"target\":[\"https:\\\/\\\/primalfocus.eu\\\/it\\\/stato-giuridico-delllsd-1cp\\\/\"]}]},{\"@type\":\"BreadcrumbList\",\"@id\":\"https:\\\/\\\/primalfocus.eu\\\/it\\\/stato-giuridico-delllsd-1cp\\\/#breadcrumb\",\"itemListElement\":[{\"@type\":\"ListItem\",\"position\":1,\"name\":\"Home\",\"item\":\"https:\\\/\\\/primalfocus.eu\\\/\"},{\"@type\":\"ListItem\",\"position\":2,\"name\":\"Legal Status 1S-LSD\"}]},{\"@type\":\"WebSite\",\"@id\":\"https:\\\/\\\/primalfocus.eu\\\/it\\\/#website\",\"url\":\"https:\\\/\\\/primalfocus.eu\\\/it\\\/\",\"name\":\"Primal Focus\",\"description\":\"Buy legal psychedelics online\",\"publisher\":{\"@id\":\"https:\\\/\\\/primalfocus.eu\\\/it\\\/#organization\"},\"potentialAction\":[{\"@type\":\"SearchAction\",\"target\":{\"@type\":\"EntryPoint\",\"urlTemplate\":\"https:\\\/\\\/primalfocus.eu\\\/it\\\/?s={search_term_string}\"},\"query-input\":{\"@type\":\"PropertyValueSpecification\",\"valueRequired\":true,\"valueName\":\"search_term_string\"}}],\"inLanguage\":\"it-IT\"},{\"@type\":\"Organization\",\"@id\":\"https:\\\/\\\/primalfocus.eu\\\/it\\\/#organization\",\"name\":\"Primal Focus\",\"alternateName\":\"primalfocus.eu\",\"url\":\"https:\\\/\\\/primalfocus.eu\\\/it\\\/\",\"logo\":{\"@type\":\"ImageObject\",\"inLanguage\":\"it-IT\",\"@id\":\"https:\\\/\\\/primalfocus.eu\\\/it\\\/#\\\/schema\\\/logo\\\/image\\\/\",\"url\":\"https:\\\/\\\/primalfocus.eu\\\/wp-content\\\/uploads\\\/2026\\\/04\\\/primal-focus-logo-6.svg\",\"contentUrl\":\"https:\\\/\\\/primalfocus.eu\\\/wp-content\\\/uploads\\\/2026\\\/04\\\/primal-focus-logo-6.svg\",\"width\":50,\"height\":50,\"caption\":\"Primal Focus\"},\"image\":{\"@id\":\"https:\\\/\\\/primalfocus.eu\\\/it\\\/#\\\/schema\\\/logo\\\/image\\\/\"},\"sameAs\":[\"https:\\\/\\\/www.facebook.com\\\/profile.php?id=61575377667059\",\"https:\\\/\\\/x.com\\\/primalfocus_eu\",\"https:\\\/\\\/www.instagram.com\\\/primalfocus.store\\\/\"]}]}<\/script>\n<!-- \/ Yoast SEO plugin. -->","yoast_head_json":{"title":"Stato giuridico 1S-LSD - Primal Focus","description":"Primal Focus: la vostra fonte di fiducia per le microdosi di 1cP-LSD in tutto il mondo. Uso sicuro, legale e responsabile.","robots":{"index":"index","follow":"follow","max-snippet":"max-snippet:-1","max-image-preview":"max-image-preview:large","max-video-preview":"max-video-preview:-1"},"canonical":"https:\/\/primalfocus.eu\/it\/stato-giuridico-delllsd-1cp\/","og_locale":"it_IT","og_type":"article","og_title":"Legal Status 1S-LSD - Primal Focus","og_description":"Primal Focus: Your trusted source for 1cP-LSD microdose pellets worldwide. Safe, legal, and responsible use.","og_url":"https:\/\/primalfocus.eu\/it\/stato-giuridico-delllsd-1cp\/","og_site_name":"Primal Focus","article_publisher":"https:\/\/www.facebook.com\/profile.php?id=61575377667059","article_modified_time":"2025-04-12T10:04:34+00:00","twitter_card":"summary_large_image","twitter_site":"@primalfocus_eu","twitter_misc":{"Tempo di lettura stimato":"2 minuti"},"schema":{"@context":"https:\/\/schema.org","@graph":[{"@type":"WebPage","@id":"https:\/\/primalfocus.eu\/it\/stato-giuridico-delllsd-1cp\/","url":"https:\/\/primalfocus.eu\/it\/stato-giuridico-delllsd-1cp\/","name":"Stato giuridico 1S-LSD - Primal Focus","isPartOf":{"@id":"https:\/\/primalfocus.eu\/it\/#website"},"datePublished":"2023-09-03T18:14:52+00:00","dateModified":"2025-04-12T10:04:34+00:00","description":"Primal Focus: la vostra fonte di fiducia per le microdosi di 1cP-LSD in tutto il mondo. Uso sicuro, legale e responsabile.","breadcrumb":{"@id":"https:\/\/primalfocus.eu\/it\/stato-giuridico-delllsd-1cp\/#breadcrumb"},"inLanguage":"it-IT","potentialAction":[{"@type":"ReadAction","target":["https:\/\/primalfocus.eu\/it\/stato-giuridico-delllsd-1cp\/"]}]},{"@type":"BreadcrumbList","@id":"https:\/\/primalfocus.eu\/it\/stato-giuridico-delllsd-1cp\/#breadcrumb","itemListElement":[{"@type":"ListItem","position":1,"name":"Home","item":"https:\/\/primalfocus.eu\/"},{"@type":"ListItem","position":2,"name":"Legal Status 1S-LSD"}]},{"@type":"WebSite","@id":"https:\/\/primalfocus.eu\/it\/#website","url":"https:\/\/primalfocus.eu\/it\/","name":"Primal Focus","description":"Acquistare psichedelici legali online","publisher":{"@id":"https:\/\/primalfocus.eu\/it\/#organization"},"potentialAction":[{"@type":"SearchAction","target":{"@type":"EntryPoint","urlTemplate":"https:\/\/primalfocus.eu\/it\/?s={search_term_string}"},"query-input":{"@type":"PropertyValueSpecification","valueRequired":true,"valueName":"search_term_string"}}],"inLanguage":"it-IT"},{"@type":"Organization","@id":"https:\/\/primalfocus.eu\/it\/#organization","name":"Primal Focus","alternateName":"primalfocus.eu","url":"https:\/\/primalfocus.eu\/it\/","logo":{"@type":"ImageObject","inLanguage":"it-IT","@id":"https:\/\/primalfocus.eu\/it\/#\/schema\/logo\/image\/","url":"https:\/\/primalfocus.eu\/wp-content\/uploads\/2026\/04\/primal-focus-logo-6.svg","contentUrl":"https:\/\/primalfocus.eu\/wp-content\/uploads\/2026\/04\/primal-focus-logo-6.svg","width":50,"height":50,"caption":"Primal Focus"},"image":{"@id":"https:\/\/primalfocus.eu\/it\/#\/schema\/logo\/image\/"},"sameAs":["https:\/\/www.facebook.com\/profile.php?id=61575377667059","https:\/\/x.com\/primalfocus_eu","https:\/\/www.instagram.com\/primalfocus.store\/"]}]}},"jetpack_sharing_enabled":true,"_links":{"self":[{"href":"https:\/\/primalfocus.eu\/it\/wp-json\/wp\/v2\/pages\/5200","targetHints":{"allow":["GET"]}}],"collection":[{"href":"https:\/\/primalfocus.eu\/it\/wp-json\/wp\/v2\/pages"}],"about":[{"href":"https:\/\/primalfocus.eu\/it\/wp-json\/wp\/v2\/types\/page"}],"author":[{"embeddable":true,"href":"https:\/\/primalfocus.eu\/it\/wp-json\/wp\/v2\/users\/1"}],"replies":[{"embeddable":true,"href":"https:\/\/primalfocus.eu\/it\/wp-json\/wp\/v2\/comments?post=5200"}],"version-history":[{"count":0,"href":"https:\/\/primalfocus.eu\/it\/wp-json\/wp\/v2\/pages\/5200\/revisions"}],"wp:attachment":[{"href":"https:\/\/primalfocus.eu\/it\/wp-json\/wp\/v2\/media?parent=5200"}],"curies":[{"name":"wp","href":"https:\/\/api.w.org\/{rel}","templated":true}]}}