{"id":485434,"date":"2024-10-18T11:06:13","date_gmt":"2024-10-18T09:06:13","guid":{"rendered":"https:\/\/primalfocus.eu\/?page_id=485434"},"modified":"2026-02-25T12:37:17","modified_gmt":"2026-02-25T11:37:17","slug":"politica-di-restituzione","status":"publish","type":"page","link":"https:\/\/primalfocus.eu\/it\/return-policy\/","title":{"rendered":"Politica di restituzione"},"content":{"rendered":"<div data-elementor-type=\"wp-page\" data-elementor-id=\"485434\" class=\"elementor elementor-485434\" data-elementor-post-type=\"page\">\n\t\t\t\t\t\t<section class=\"elementor-section elementor-top-section elementor-element elementor-element-2bbe6a3 elementor-section-boxed elementor-section-height-default elementor-section-height-default\" data-id=\"2bbe6a3\" data-element_type=\"section\" data-e-type=\"section\">\n\t\t\t\t\t\t<div class=\"elementor-container elementor-column-gap-default\">\n\t\t\t\t\t<div class=\"elementor-column elementor-col-100 elementor-top-column elementor-element elementor-element-05744ed\" data-id=\"05744ed\" data-element_type=\"column\" data-e-type=\"column\">\n\t\t\t<div class=\"elementor-widget-wrap elementor-element-populated\">\n\t\t\t\t\t\t<div class=\"elementor-element elementor-element-80c110a elementor-widget elementor-widget-heading\" data-id=\"80c110a\" data-element_type=\"widget\" data-e-type=\"widget\" data-widget_type=\"heading.default\">\n\t\t\t\t<div class=\"elementor-widget-container\">\n\t\t\t\t\t<h1 class=\"elementor-heading-title elementor-size-default\"><b>Politica di restituzione<\/b><\/h1>\t\t\t\t<\/div>\n\t\t\t\t<\/div>\n\t\t\t\t<div class=\"elementor-element elementor-element-bc03df6 elementor-hidden-tablet elementor-hidden-mobile elementor-widget elementor-widget-text-editor\" data-id=\"bc03df6\" data-element_type=\"widget\" data-e-type=\"widget\" data-widget_type=\"text-editor.default\">\n\t\t\t\t<div class=\"elementor-widget-container\">\n\t\t\t\t\t\t\t\t\t<p>Grazie per aver acquistato con noi! Ci impegniamo a garantire un'esperienza positiva con i nostri prodotti. Di seguito sono riportate le politiche di restituzione specifiche per ogni categoria di prodotti che offriamo.<\/p><h3>\u00a0<\/h3><h3>Linee guida generali per la restituzione<\/h3><p><strong>Periodo di restituzione:<\/strong><br \/>\u00c8 possibile restituire i prodotti idonei entro 14 giorni dalla ricezione dell'ordine. Per poter effettuare un reso, i prodotti devono essere integri, con i sigilli intatti.<\/p><p><strong>Spedizione di ritorno:<\/strong><br \/>Le spese di spedizione per la restituzione sono a carico del cliente, a meno che il prodotto non sia danneggiato o difettoso. Si consiglia di utilizzare un servizio di spedizione tracciabile per garantire una restituzione sicura.<\/p><p><strong>Processo di rimborso:<\/strong><br \/>Una volta ricevuto e ispezionato l'articolo restituito, vi comunicheremo l'approvazione o il rifiuto del rimborso. I rimborsi approvati saranno elaborati entro 7-10 giorni lavorativi ed emessi sul metodo di pagamento originale.<\/p><p><strong>Condizioni non restituibili:<\/strong><br \/>Non possiamo accettare resi se il sigillo \u00e8 rotto o la confezione \u00e8 aperta, a causa dei requisiti di sicurezza e di controllo della qualit\u00e0. Inoltre, gli articoli restituiti dopo 30 giorni dalla data di consegna non possono essere rimborsati.<\/p><h3>\u00a0<\/h3><h3>Categorie di prodotti specifiche<\/h3><h4>\u00a0<\/h4><h4>1. <strong>Integratori (caff\u00e8 ai funghi, capsule di criniera di leone, capsule di cordyceps, capsule di chaga e capsule di reishi)<\/strong><\/h4><ul><li><strong>Idoneit\u00e0 alla restituzione:<\/strong> Non aperto con sigillo intatto.<\/li><li><strong>Periodo di restituzione:<\/strong> 14 giorni dalla data di consegna.<\/li><li><strong>Condizioni di rimborso:<\/strong> Il rimborso verr\u00e0 effettuato solo per le capsule di integratori restituite che soddisfano i criteri di cui sopra.<\/li><\/ul><h4>\u00a0<\/h4><h4>2.\u00a0<strong>Tartufi magici, tartufi per il microdosaggio, prodotti legali di LSD, gocce di Amsterdam, cactus e kit di coltivazione.<\/strong><\/h4><ul><li><strong>Non restituibile:<\/strong> A causa della natura deperibile e dell'igiene di questi prodotti, non possiamo accettare resi per tartufi magici freschi, tartufi per microdosaggio, prodotti 1S-LSD, gocce di Amsterdam, cactus o kit di coltivazione.<\/li><li><strong>Rimborsi:<\/strong> Per questi articoli non \u00e8 previsto alcun rimborso in nessun caso.<\/li><\/ul><h4>3. <strong>Merce (abbigliamento, accessori, ecc.)<\/strong><\/h4><ul><li><strong>Idoneit\u00e0 alla restituzione:<\/strong> La merce non aperta e non indossata pu\u00f2 essere restituita entro 14 giorni dal ricevimento.<\/li><li><strong>Regole di restituzione dell'abbigliamento standard:<\/strong><ul><li>Gli articoli devono essere nelle loro condizioni originali, con i cartellini attaccati e l'imballaggio intatto.<\/li><li>Gli articoli usurati o lavati non possono essere restituiti.<\/li><li>Gli articoli restituiti dopo 14 giorni dalla data di consegna non possono essere rimborsati.<\/li><\/ul><\/li><\/ul><h3>\u00a0<\/h3><h3>Indirizzo per la restituzione<\/h3><p>Si prega di inviare i resi al seguente indirizzo:<\/p><p>Kerkenbos 1063M,<br \/>6546 BB Nijmegen,<br \/>Paesi Bassi.<\/p><p>Per garantire un processo di restituzione senza intoppi, si prega di <strong>includere il numero d'ordine<\/strong> e specificare il prodotto o i prodotti da restituire.<\/p><p><strong>\u00a0<\/strong><\/p><p><strong>Nota:<\/strong><br \/>Una volta rotto il sigillo di plastica sulle capsule dell'integratore, non possiamo pi\u00f9 garantire la qualit\u00e0 o la sicurezza del prodotto, che non pu\u00f2 essere restituito o rimborsato,<\/p>\t\t\t\t\t\t\t\t<\/div>\n\t\t\t\t<\/div>\n\t\t\t\t\t<\/div>\n\t\t<\/div>\n\t\t\t\t\t<\/div>\n\t\t<\/section>\n\t\t\t\t<\/div>","protected":false},"excerpt":{"rendered":"<p>Return Policy Thank you for shopping with us! We strive to ensure you have a positive experience with our products. [&hellip;]<\/p>\n","protected":false},"author":1,"featured_media":0,"parent":0,"menu_order":0,"comment_status":"closed","ping_status":"closed","template":"","meta":{"site-sidebar-layout":"no-sidebar","site-content-layout":"page-builder","ast-site-content-layout":"full-width-container","site-content-style":"default","site-sidebar-style":"default","ast-global-header-display":"","ast-banner-title-visibility":"","ast-main-header-display":"","ast-hfb-above-header-display":"","ast-hfb-below-header-display":"","ast-hfb-mobile-header-display":"","site-post-title":"disabled","ast-breadcrumbs-content":"","ast-featured-img":"disabled","footer-sml-layout":"","ast-disable-related-posts":"","theme-transparent-header-meta":"disabled","adv-header-id-meta":"","stick-header-meta":"","header-above-stick-meta":"","header-main-stick-meta":"","header-below-stick-meta":"","astra-migrate-meta-layouts":"set","ast-page-background-enabled":"default","ast-page-background-meta":{"desktop":{"background-color":"","background-image":"","background-repeat":"repeat","background-position":"center center","background-size":"auto","background-attachment":"scroll","background-type":"","background-media":"","overlay-type":"","overlay-color":"","overlay-gradient":""},"tablet":{"background-color":"","background-image":"","background-repeat":"repeat","background-position":"center center","background-size":"auto","background-attachment":"scroll","background-type":"","background-media":"","overlay-type":"","overlay-color":"","overlay-gradient":""},"mobile":{"background-color":"","background-image":"","background-repeat":"repeat","background-position":"center center","background-size":"auto","background-attachment":"scroll","background-type":"","background-media":"","overlay-type":"","overlay-color":"","overlay-gradient":""}},"ast-content-background-meta":{"desktop":{"background-color":"var(--ast-global-color-5)","background-image":"","background-repeat":"repeat","background-position":"center center","background-size":"auto","background-attachment":"scroll","background-type":"","background-media":"","overlay-type":"","overlay-color":"","overlay-gradient":""},"tablet":{"background-color":"var(--ast-global-color-5)","background-image":"","background-repeat":"repeat","background-position":"center center","background-size":"auto","background-attachment":"scroll","background-type":"","background-media":"","overlay-type":"","overlay-color":"","overlay-gradient":""},"mobile":{"background-color":"var(--ast-global-color-5)","background-image":"","background-repeat":"repeat","background-position":"center center","background-size":"auto","background-attachment":"scroll","background-type":"","background-media":"","overlay-type":"","overlay-color":"","overlay-gradient":""}},"footnotes":""},"class_list":["post-485434","page","type-page","status-publish","hentry"],"yoast_head":"<!-- This site is optimized with the Yoast SEO plugin v27.4 - https:\/\/yoast.com\/product\/yoast-seo-wordpress\/ -->\n<title>Return Policy - Primal Focus<\/title>\n<meta name=\"robots\" content=\"index, follow, max-snippet:-1, max-image-preview:large, max-video-preview:-1\" \/>\n<link rel=\"canonical\" href=\"https:\/\/primalfocus.eu\/it\/politica-di-restituzione\/\" \/>\n<meta property=\"og:locale\" content=\"it_IT\" \/>\n<meta property=\"og:type\" content=\"article\" \/>\n<meta property=\"og:title\" content=\"Return Policy - Primal Focus\" \/>\n<meta property=\"og:description\" content=\"Return Policy Thank you for shopping with us! We strive to ensure you have a positive experience with our products. [&hellip;]\" \/>\n<meta property=\"og:url\" content=\"https:\/\/primalfocus.eu\/it\/politica-di-restituzione\/\" \/>\n<meta property=\"og:site_name\" content=\"Primal Focus\" \/>\n<meta property=\"article:publisher\" content=\"https:\/\/www.facebook.com\/profile.php?id=61575377667059\" \/>\n<meta property=\"article:modified_time\" content=\"2026-02-25T11:37:17+00:00\" \/>\n<meta name=\"twitter:card\" content=\"summary_large_image\" \/>\n<meta name=\"twitter:site\" content=\"@primalfocus_eu\" \/>\n<meta name=\"twitter:label1\" content=\"Tempo di lettura stimato\" \/>\n\t<meta name=\"twitter:data1\" content=\"2 minuti\" \/>\n<script type=\"application\/ld+json\" class=\"yoast-schema-graph\">{\"@context\":\"https:\\\/\\\/schema.org\",\"@graph\":[{\"@type\":\"WebPage\",\"@id\":\"https:\\\/\\\/primalfocus.eu\\\/it\\\/return-policy\\\/\",\"url\":\"https:\\\/\\\/primalfocus.eu\\\/it\\\/return-policy\\\/\",\"name\":\"Return Policy - Primal Focus\",\"isPartOf\":{\"@id\":\"https:\\\/\\\/primalfocus.eu\\\/it\\\/#website\"},\"datePublished\":\"2024-10-18T09:06:13+00:00\",\"dateModified\":\"2026-02-25T11:37:17+00:00\",\"breadcrumb\":{\"@id\":\"https:\\\/\\\/primalfocus.eu\\\/it\\\/return-policy\\\/#breadcrumb\"},\"inLanguage\":\"it-IT\",\"potentialAction\":[{\"@type\":\"ReadAction\",\"target\":[\"https:\\\/\\\/primalfocus.eu\\\/it\\\/return-policy\\\/\"]}]},{\"@type\":\"BreadcrumbList\",\"@id\":\"https:\\\/\\\/primalfocus.eu\\\/it\\\/return-policy\\\/#breadcrumb\",\"itemListElement\":[{\"@type\":\"ListItem\",\"position\":1,\"name\":\"Home\",\"item\":\"https:\\\/\\\/primalfocus.eu\\\/\"},{\"@type\":\"ListItem\",\"position\":2,\"name\":\"Return Policy\"}]},{\"@type\":\"WebSite\",\"@id\":\"https:\\\/\\\/primalfocus.eu\\\/it\\\/#website\",\"url\":\"https:\\\/\\\/primalfocus.eu\\\/it\\\/\",\"name\":\"Primal Focus\",\"description\":\"Buy legal psychedelics online\",\"publisher\":{\"@id\":\"https:\\\/\\\/primalfocus.eu\\\/it\\\/#organization\"},\"potentialAction\":[{\"@type\":\"SearchAction\",\"target\":{\"@type\":\"EntryPoint\",\"urlTemplate\":\"https:\\\/\\\/primalfocus.eu\\\/it\\\/?s={search_term_string}\"},\"query-input\":{\"@type\":\"PropertyValueSpecification\",\"valueRequired\":true,\"valueName\":\"search_term_string\"}}],\"inLanguage\":\"it-IT\"},{\"@type\":\"Organization\",\"@id\":\"https:\\\/\\\/primalfocus.eu\\\/it\\\/#organization\",\"name\":\"Primal Focus\",\"alternateName\":\"primalfocus.eu\",\"url\":\"https:\\\/\\\/primalfocus.eu\\\/it\\\/\",\"logo\":{\"@type\":\"ImageObject\",\"inLanguage\":\"it-IT\",\"@id\":\"https:\\\/\\\/primalfocus.eu\\\/it\\\/#\\\/schema\\\/logo\\\/image\\\/\",\"url\":\"https:\\\/\\\/primalfocus.eu\\\/wp-content\\\/uploads\\\/2025\\\/11\\\/primal-focus-logo-header.svg\",\"contentUrl\":\"https:\\\/\\\/primalfocus.eu\\\/wp-content\\\/uploads\\\/2025\\\/11\\\/primal-focus-logo-header.svg\",\"caption\":\"Primal Focus\"},\"image\":{\"@id\":\"https:\\\/\\\/primalfocus.eu\\\/it\\\/#\\\/schema\\\/logo\\\/image\\\/\"},\"sameAs\":[\"https:\\\/\\\/www.facebook.com\\\/profile.php?id=61575377667059\",\"https:\\\/\\\/x.com\\\/primalfocus_eu\",\"https:\\\/\\\/www.instagram.com\\\/primalfocus.store\\\/\"]}]}<\/script>\n<!-- \/ Yoast SEO plugin. -->","yoast_head_json":{"title":"Politica di restituzione - Primal Focus","robots":{"index":"index","follow":"follow","max-snippet":"max-snippet:-1","max-image-preview":"max-image-preview:large","max-video-preview":"max-video-preview:-1"},"canonical":"https:\/\/primalfocus.eu\/it\/politica-di-restituzione\/","og_locale":"it_IT","og_type":"article","og_title":"Return Policy - Primal Focus","og_description":"Return Policy Thank you for shopping with us! We strive to ensure you have a positive experience with our products. [&hellip;]","og_url":"https:\/\/primalfocus.eu\/it\/politica-di-restituzione\/","og_site_name":"Primal Focus","article_publisher":"https:\/\/www.facebook.com\/profile.php?id=61575377667059","article_modified_time":"2026-02-25T11:37:17+00:00","twitter_card":"summary_large_image","twitter_site":"@primalfocus_eu","twitter_misc":{"Tempo di lettura stimato":"2 minuti"},"schema":{"@context":"https:\/\/schema.org","@graph":[{"@type":"WebPage","@id":"https:\/\/primalfocus.eu\/it\/return-policy\/","url":"https:\/\/primalfocus.eu\/it\/return-policy\/","name":"Politica di restituzione - Primal Focus","isPartOf":{"@id":"https:\/\/primalfocus.eu\/it\/#website"},"datePublished":"2024-10-18T09:06:13+00:00","dateModified":"2026-02-25T11:37:17+00:00","breadcrumb":{"@id":"https:\/\/primalfocus.eu\/it\/return-policy\/#breadcrumb"},"inLanguage":"it-IT","potentialAction":[{"@type":"ReadAction","target":["https:\/\/primalfocus.eu\/it\/return-policy\/"]}]},{"@type":"BreadcrumbList","@id":"https:\/\/primalfocus.eu\/it\/return-policy\/#breadcrumb","itemListElement":[{"@type":"ListItem","position":1,"name":"Home","item":"https:\/\/primalfocus.eu\/"},{"@type":"ListItem","position":2,"name":"Return Policy"}]},{"@type":"WebSite","@id":"https:\/\/primalfocus.eu\/it\/#website","url":"https:\/\/primalfocus.eu\/it\/","name":"Primal Focus","description":"Acquistare psichedelici legali online","publisher":{"@id":"https:\/\/primalfocus.eu\/it\/#organization"},"potentialAction":[{"@type":"SearchAction","target":{"@type":"EntryPoint","urlTemplate":"https:\/\/primalfocus.eu\/it\/?s={search_term_string}"},"query-input":{"@type":"PropertyValueSpecification","valueRequired":true,"valueName":"search_term_string"}}],"inLanguage":"it-IT"},{"@type":"Organization","@id":"https:\/\/primalfocus.eu\/it\/#organization","name":"Primal Focus","alternateName":"primalfocus.eu","url":"https:\/\/primalfocus.eu\/it\/","logo":{"@type":"ImageObject","inLanguage":"it-IT","@id":"https:\/\/primalfocus.eu\/it\/#\/schema\/logo\/image\/","url":"https:\/\/primalfocus.eu\/wp-content\/uploads\/2025\/11\/primal-focus-logo-header.svg","contentUrl":"https:\/\/primalfocus.eu\/wp-content\/uploads\/2025\/11\/primal-focus-logo-header.svg","caption":"Primal Focus"},"image":{"@id":"https:\/\/primalfocus.eu\/it\/#\/schema\/logo\/image\/"},"sameAs":["https:\/\/www.facebook.com\/profile.php?id=61575377667059","https:\/\/x.com\/primalfocus_eu","https:\/\/www.instagram.com\/primalfocus.store\/"]}]}},"jetpack_sharing_enabled":true,"_links":{"self":[{"href":"https:\/\/primalfocus.eu\/it\/wp-json\/wp\/v2\/pages\/485434","targetHints":{"allow":["GET"]}}],"collection":[{"href":"https:\/\/primalfocus.eu\/it\/wp-json\/wp\/v2\/pages"}],"about":[{"href":"https:\/\/primalfocus.eu\/it\/wp-json\/wp\/v2\/types\/page"}],"author":[{"embeddable":true,"href":"https:\/\/primalfocus.eu\/it\/wp-json\/wp\/v2\/users\/1"}],"replies":[{"embeddable":true,"href":"https:\/\/primalfocus.eu\/it\/wp-json\/wp\/v2\/comments?post=485434"}],"version-history":[{"count":3,"href":"https:\/\/primalfocus.eu\/it\/wp-json\/wp\/v2\/pages\/485434\/revisions"}],"predecessor-version":[{"id":1118034,"href":"https:\/\/primalfocus.eu\/it\/wp-json\/wp\/v2\/pages\/485434\/revisions\/1118034"}],"wp:attachment":[{"href":"https:\/\/primalfocus.eu\/it\/wp-json\/wp\/v2\/media?parent=485434"}],"curies":[{"name":"wp","href":"https:\/\/api.w.org\/{rel}","templated":true}]}}