{"id":963576,"date":"2026-04-26T10:39:49","date_gmt":"2026-04-26T08:39:49","guid":{"rendered":"https:\/\/primalfocus.eu\/?post_type=product&#038;p=963576"},"modified":"2026-05-06T20:16:09","modified_gmt":"2026-05-06T18:16:09","slug":"berlin-chute-super-fort","status":"publish","type":"product","link":"https:\/\/primalfocus.eu\/fr\/berlin-chute-super-fort\/","title":{"rendered":"Berlin Drops - Super Strong"},"content":{"rendered":"<p>Les Berlin Drops - Super Strong sont nos solutions de recherche les plus concentr\u00e9es contenant du 4-PR-MET. Elles permettent d'obtenir des r\u00e9sultats rapides et coh\u00e9rents gr\u00e2ce \u00e0 un dosage pr\u00e9cis. Il s'agit du format de gouttes de champignons le plus puissant actuellement disponible.<\/p>\n<h2>Qu'est-ce que les gouttes Berlin - Super Strong ?<\/h2>\n<p>Les gouttes Berlin - Super Strong contiennent une solution liquide avec 2,5 mg de 4-PR-MET par goutte. Il s'agit d'un compos\u00e9 apparent\u00e9 \u00e0 la psilocine. Chaque goutte fournit une dose \u00e9lev\u00e9e et constante, con\u00e7ue uniquement pour la recherche et l'analyse.<\/p>\n<p><strong>Exp\u00e9dition uniquement vers :<\/strong> Pays-Bas, Allemagne, France, Espagne, Italie, Portugal, Pologne, R\u00e9publique tch\u00e8que, Slovaquie, Slov\u00e9nie, Croatie, Hongrie, Roumanie, Gr\u00e8ce, Irlande et Luxembourg.<\/p>\n<h2>Qu'est-ce que le 4-PR-MET ?<\/h2>\n<p>Le 4-PR-MET est un compos\u00e9 apparent\u00e9 \u00e0 la psilocine. En termes d'effets, il est souvent compar\u00e9 \u00e0 la <a href=\"https:\/\/primalfocus.eu\/fr\/truffes-magiques\/\" target=\"_blank\" rel=\"noopener noreferrer\">truffes magiques<\/a>. Il est \u00e9galement tr\u00e8s similaire au compos\u00e9 utilis\u00e9 dans le <a href=\"https:\/\/primalfocus.eu\/fr\/gouttes-damsterdam\/\" target=\"_blank\" rel=\"noopener noreferrer\">Gouttes d'Amsterdam<\/a> (4-HO-MET), avec un profil g\u00e9n\u00e9ral comparable.<\/p>\n<h2>Quelle est la force d'une goutte ?<\/h2>\n<p>Chaque goutte contient 2,5 mg de 4-PR-MET. En termes d'effet, c'est \u00e0 peu pr\u00e8s comparable \u00e0 environ 3 mg de 4-HO-MET. Cela fait de Berlin Drops - Super Strong l'option la plus puissante de notre gamme de gouttes.<\/p>\n<div style=\"background-color: #eff5e6; padding: 20px; border-radius: 12px; font-family: Montserrat, sans-serif; font-size: 15px; color: #333; line-height: 1.6;\">\n<table>\n<thead>\n<tr>\n<th>Taille de la bouteille<\/th>\n<th>Total 4-PR-MET<\/th>\n<th>Nombre approximatif de gouttes<\/th>\n<\/tr>\n<\/thead>\n<tbody>\n<tr>\n<td>2 ml<\/td>\n<td>100 mg<\/td>\n<td>\u2248 40<\/td>\n<\/tr>\n<tr>\n<td>5 ml<\/td>\n<td>250 mg<\/td>\n<td>\u2248 100<\/td>\n<\/tr>\n<tr>\n<td>15 ml<\/td>\n<td>750 mg<\/td>\n<td>\u2248 300<\/td>\n<\/tr>\n<\/tbody>\n<\/table>\n<\/div>\n<p>&nbsp;<\/p>\n<h2>Pourquoi choisir Berlin Drops - Super Strong ?<\/h2>\n<p>Les Berlin Drops - Super Strong sont con\u00e7ues pour la recherche avanc\u00e9e. Elles offrent une puissance plus \u00e9lev\u00e9e par goutte, ce qui les rend efficaces et pr\u00e9cises pour les utilisateurs exp\u00e9riment\u00e9s.<\/p>\n<div style=\"font-family: Montserrat, sans-serif; margin-top: 20px;\">\n<div class=\"su-accordion su-u-trim custom-dos-donts-accordion\">\n<div class=\"su-spoiler su-spoiler-style-default su-spoiler-icon-plus su-spoiler-closed\" data-scroll-offset=\"0\" data-anchor-in-url=\"no\"><div class=\"su-spoiler-title\" tabindex=\"0\" role=\"button\"><span class=\"su-spoiler-icon\"><\/span>Ce qu'il y a \u00e0 l'int\u00e9rieur<\/div><div class=\"su-spoiler-content su-u-clearfix su-u-trim\">\n<div style=\"background-color: #eff5e6; padding: 12px 16px; border-radius: 0 0 8px 8px; font-size: 15px; color: #444; line-height: 1.8;\">Les Berlin Drops - Super Strong contiennent du 4-PR-MET, un compos\u00e9 apparent\u00e9 \u00e0 la psilocine. Ces gouttes sont destin\u00e9es \u00e0 la recherche uniquement.<\/div>\n<\/div><\/div>\n<div class=\"su-spoiler su-spoiler-style-default su-spoiler-icon-plus su-spoiler-closed\" data-scroll-offset=\"0\" data-anchor-in-url=\"no\"><div class=\"su-spoiler-title\" tabindex=\"0\" role=\"button\"><span class=\"su-spoiler-icon\"><\/span>Grande puissance<\/div><div class=\"su-spoiler-content su-u-clearfix su-u-trim\">\n<div style=\"background-color: #eff5e6; padding: 12px 16px; border-radius: 0 0 8px 8px; font-size: 15px; color: #444; line-height: 1.8;\">Chaque goutte contient 2,5 mg, ce qui en fait la version la plus puissante de nos gouttes. Moins de gouttes sont n\u00e9cessaires par rapport aux variantes r\u00e9guli\u00e8res.<\/div>\n<\/div><\/div>\n<div class=\"su-spoiler su-spoiler-style-default su-spoiler-icon-plus su-spoiler-closed\" data-scroll-offset=\"0\" data-anchor-in-url=\"no\"><div class=\"su-spoiler-title\" tabindex=\"0\" role=\"button\"><span class=\"su-spoiler-icon\"><\/span>Dosage pr\u00e9cis<\/div><div class=\"su-spoiler-content su-u-clearfix su-u-trim\">\n<div style=\"background-color: #eff5e6; padding: 12px 16px; border-radius: 0 0 8px 8px; font-size: 15px; color: #444; line-height: 1.8;\">Le format liquide permet un dosage pr\u00e9cis et reproductible, m\u00eame \u00e0 des concentrations \u00e9lev\u00e9es.<\/div>\n<\/div><\/div>\n<div class=\"su-spoiler su-spoiler-style-default su-spoiler-icon-plus su-spoiler-closed\" data-scroll-offset=\"0\" data-anchor-in-url=\"no\"><div class=\"su-spoiler-title\" tabindex=\"0\" role=\"button\"><span class=\"su-spoiler-icon\"><\/span>Transport maritime de l'UE<\/div><div class=\"su-spoiler-content su-u-clearfix su-u-trim\">\n<div style=\"background-color: #eff5e6; padding: 12px 16px; border-radius: 0 0 8px 8px; font-size: 15px; color: #444; line-height: 1.8;\">Nous exp\u00e9dions actuellement Berlin Drops - Super Strong uniquement vers les pays suivants : Pays-Bas, Allemagne, France, Espagne, Italie, Portugal, Pologne, R\u00e9publique tch\u00e8que, Slovaquie, Slov\u00e9nie, Croatie, Hongrie, Roumanie, Gr\u00e8ce, Irlande et Luxembourg. V\u00e9rifiez toujours les r\u00e8gles locales avant de passer commande.<\/div>\n<\/div><\/div>\n<div class=\"su-spoiler su-spoiler-style-default su-spoiler-icon-plus su-spoiler-closed\" data-scroll-offset=\"0\" data-anchor-in-url=\"no\"><div class=\"su-spoiler-title\" tabindex=\"0\" role=\"button\"><span class=\"su-spoiler-icon\"><\/span>Qualit\u00e9<\/div><div class=\"su-spoiler-content su-u-clearfix su-u-trim\">\n<div style=\"background-color: #eff5e6; padding: 12px 16px; border-radius: 0 0 8px 8px; font-size: 15px; color: #444; line-height: 1.8;\">Produit dans des conditions contr\u00f4l\u00e9es pour une qualit\u00e9 et une puret\u00e9 constantes.<\/div>\n<\/div><\/div>\n<div class=\"su-spoiler su-spoiler-style-default su-spoiler-icon-plus su-spoiler-closed\" data-scroll-offset=\"0\" data-anchor-in-url=\"no\"><div class=\"su-spoiler-title\" tabindex=\"0\" role=\"button\"><span class=\"su-spoiler-icon\"><\/span>Stockage<\/div><div class=\"su-spoiler-content su-u-clearfix su-u-trim\">\n<div style=\"background-color: #eff5e6; padding: 12px 16px; border-radius: 0 0 8px 8px; font-size: 15px; color: #444; line-height: 1.8;\">Conserver \u00e0 une temp\u00e9rature inf\u00e9rieure \u00e0 10\u00b0C. Dur\u00e9e de conservation jusqu'\u00e0 12 mois si le produit est conserv\u00e9 correctement.<\/div>\n<\/div><\/div>\n<\/div>\n<\/div>\n<div style=\"background-color: #eff5e6; padding: 20px; border-radius: 12px; font-family: Montserrat, sans-serif; font-size: 15px; color: #333; line-height: 1.6;\">\n<h2>Notes cl\u00e9s (\u00e0 lire attentivement)<\/h2>\n<ul>\n<li>R\u00e9serv\u00e9 \u00e0 l'usage de la recherche<\/li>\n<li>Non destin\u00e9 \u00e0 l'usage humain ou m\u00e9dical<\/li>\n<li>Contient du 4-PR-MET<\/li>\n<li>La force est bas\u00e9e sur une comparaison estim\u00e9e avec le 4-HO-MET.<\/li>\n<li>Puissance \u00e9lev\u00e9e par goutte - \u00e0 manipuler avec pr\u00e9caution<\/li>\n<li>V\u00e9rifier la l\u00e9gislation locale avant de commander<\/li>\n<li>A conserver \u00e0 une temp\u00e9rature inf\u00e9rieure \u00e0 10\u00b0C<\/li>\n<\/ul>\n<\/div>","protected":false},"excerpt":{"rendered":"<p>Berlin Drops &#8211; Super Strong are our most concentrated research solutions containing 4-PR-MET. They deliver fast, consistent results with precise dosing. This is the strongest mushroom drop format currently available. What are Berlin Drops &#8211; Super Strong? Berlin Drops &#8211; Super Strong contain a liquid solution with 2.5 mg of 4-PR-MET per drop. This is [&hellip;]<\/p>\n","protected":false},"featured_media":963581,"comment_status":"closed","ping_status":"closed","template":"","meta":{"site-sidebar-layout":"default","site-content-layout":"default","ast-site-content-layout":"default","site-content-style":"default","site-sidebar-style":"default","ast-global-header-display":"","ast-banner-title-visibility":"","ast-main-header-display":"","ast-hfb-above-header-display":"","ast-hfb-below-header-display":"","ast-hfb-mobile-header-display":"","site-post-title":"","ast-breadcrumbs-content":"","ast-featured-img":"","footer-sml-layout":"","theme-transparent-header-meta":"disabled","adv-header-id-meta":"","stick-header-meta":"","header-above-stick-meta":"","header-main-stick-meta":"","header-below-stick-meta":"","astra-migrate-meta-layouts":"set","ast-page-background-enabled":"default","ast-page-background-meta":{"desktop":{"background-color":"","background-image":"","background-repeat":"repeat","background-position":"center center","background-size":"auto","background-attachment":"scroll","background-type":"","background-media":"","overlay-type":"","overlay-color":"","overlay-gradient":""},"tablet":{"background-color":"","background-image":"","background-repeat":"repeat","background-position":"center center","background-size":"auto","background-attachment":"scroll","background-type":"","background-media":"","overlay-type":"","overlay-color":"","overlay-gradient":""},"mobile":{"background-color":"","background-image":"","background-repeat":"repeat","background-position":"center center","background-size":"auto","background-attachment":"scroll","background-type":"","background-media":"","overlay-type":"","overlay-color":"","overlay-gradient":""}},"ast-content-background-meta":{"desktop":{"background-color":"var(--ast-global-color-5)","background-image":"","background-repeat":"repeat","background-position":"center center","background-size":"auto","background-attachment":"scroll","background-type":"","background-media":"","overlay-type":"","overlay-color":"","overlay-gradient":""},"tablet":{"background-color":"var(--ast-global-color-5)","background-image":"","background-repeat":"repeat","background-position":"center center","background-size":"auto","background-attachment":"scroll","background-type":"","background-media":"","overlay-type":"","overlay-color":"","overlay-gradient":""},"mobile":{"background-color":"var(--ast-global-color-5)","background-image":"","background-repeat":"repeat","background-position":"center center","background-size":"auto","background-attachment":"scroll","background-type":"","background-media":"","overlay-type":"","overlay-color":"","overlay-gradient":""}}},"product_brand":[],"product_cat":[117],"product_tag":[],"class_list":{"0":"post-963576","1":"product","2":"type-product","3":"status-publish","4":"has-post-thumbnail","6":"product_cat-shroom-drops","7":"product_shipping_class-brievenbus-pakje","8":"desktop-align-center","9":"tablet-align-left","10":"mobile-align-left","12":"first","13":"instock","14":"sale","15":"taxable","16":"shipping-taxable","17":"purchasable","18":"product-type-variable","19":"has-default-attributes"},"yoast_head":"<!-- This site is optimized with the Yoast SEO plugin v27.5 - https:\/\/yoast.com\/product\/yoast-seo-wordpress\/ -->\n<title>Berlin Drops - Super Strong - Primal Focus<\/title>\n<meta name=\"description\" content=\"Discover Berlin Drops \u2013 Super Strong: ultra-potent 4-PR-MET liquid inspired by classic magic mushrooms. 2.5 mg per drop, fast-acting, smooth &amp; nausea-free.\" \/>\n<meta name=\"robots\" content=\"index, follow, max-snippet:-1, max-image-preview:large, max-video-preview:-1\" \/>\n<link rel=\"canonical\" href=\"https:\/\/primalfocus.eu\/fr\/berlin-chute-super-fort\/\" \/>\n<meta property=\"og:locale\" content=\"fr_FR\" \/>\n<meta property=\"og:type\" content=\"article\" \/>\n<meta property=\"og:title\" content=\"Berlin Drops - Super Strong - Primal Focus\" \/>\n<meta property=\"og:description\" content=\"Discover Berlin Drops \u2013 Super Strong: ultra-potent 4-PR-MET liquid inspired by classic magic mushrooms. 2.5 mg per drop, fast-acting, smooth &amp; nausea-free.\" \/>\n<meta property=\"og:url\" content=\"https:\/\/primalfocus.eu\/fr\/berlin-chute-super-fort\/\" \/>\n<meta property=\"og:site_name\" content=\"Primal Focus\" \/>\n<meta property=\"article:publisher\" content=\"https:\/\/www.facebook.com\/profile.php?id=61575377667059\" \/>\n<meta property=\"article:modified_time\" content=\"2026-05-06T18:16:09+00:00\" \/>\n<meta property=\"og:image\" content=\"https:\/\/primalfocus.eu\/wp-content\/uploads\/2026\/04\/Berlin-Drops-Super-Strong.webp?_t=1777963697\" \/>\n\t<meta property=\"og:image:width\" content=\"1280\" \/>\n\t<meta property=\"og:image:height\" content=\"1280\" \/>\n\t<meta property=\"og:image:type\" content=\"image\/webp\" \/>\n<meta name=\"twitter:card\" content=\"summary_large_image\" \/>\n<meta name=\"twitter:site\" content=\"@primalfocus_eu\" \/>\n<meta name=\"twitter:label1\" content=\"Dur\u00e9e de lecture estim\u00e9e\" \/>\n\t<meta name=\"twitter:data1\" content=\"2 minutes\" \/>\n<script type=\"application\/ld+json\" class=\"yoast-schema-graph\">{\"@context\":\"https:\\\/\\\/schema.org\",\"@graph\":[{\"@type\":\"WebPage\",\"@id\":\"https:\\\/\\\/primalfocus.eu\\\/fr\\\/berlin-chute-super-fort\\\/\",\"url\":\"https:\\\/\\\/primalfocus.eu\\\/fr\\\/berlin-chute-super-fort\\\/\",\"name\":\"Berlin Drops - Super Strong - Primal Focus\",\"isPartOf\":{\"@id\":\"https:\\\/\\\/primalfocus.eu\\\/fr\\\/#website\"},\"primaryImageOfPage\":{\"@id\":\"https:\\\/\\\/primalfocus.eu\\\/fr\\\/berlin-chute-super-fort\\\/#primaryimage\"},\"image\":{\"@id\":\"https:\\\/\\\/primalfocus.eu\\\/fr\\\/berlin-chute-super-fort\\\/#primaryimage\"},\"thumbnailUrl\":\"https:\\\/\\\/primalfocus.eu\\\/wp-content\\\/uploads\\\/2026\\\/04\\\/Berlin-Drops-Super-Strong.webp\",\"datePublished\":\"2026-04-26T08:39:49+00:00\",\"dateModified\":\"2026-05-06T18:16:09+00:00\",\"description\":\"Discover Berlin Drops \u2013 Super Strong: ultra-potent 4-PR-MET liquid inspired by classic magic mushrooms. 2.5 mg per drop, fast-acting, smooth & nausea-free.\",\"breadcrumb\":{\"@id\":\"https:\\\/\\\/primalfocus.eu\\\/fr\\\/berlin-chute-super-fort\\\/#breadcrumb\"},\"inLanguage\":\"fr-FR\",\"potentialAction\":[{\"@type\":\"ReadAction\",\"target\":[\"https:\\\/\\\/primalfocus.eu\\\/fr\\\/berlin-chute-super-fort\\\/\"]}]},{\"@type\":\"ImageObject\",\"inLanguage\":\"fr-FR\",\"@id\":\"https:\\\/\\\/primalfocus.eu\\\/fr\\\/berlin-chute-super-fort\\\/#primaryimage\",\"url\":\"https:\\\/\\\/primalfocus.eu\\\/wp-content\\\/uploads\\\/2026\\\/04\\\/Berlin-Drops-Super-Strong.webp\",\"contentUrl\":\"https:\\\/\\\/primalfocus.eu\\\/wp-content\\\/uploads\\\/2026\\\/04\\\/Berlin-Drops-Super-Strong.webp\",\"width\":1280,\"height\":1280},{\"@type\":\"BreadcrumbList\",\"@id\":\"https:\\\/\\\/primalfocus.eu\\\/fr\\\/berlin-chute-super-fort\\\/#breadcrumb\",\"itemListElement\":[{\"@type\":\"ListItem\",\"position\":1,\"name\":\"Home\",\"item\":\"https:\\\/\\\/primalfocus.eu\\\/\"},{\"@type\":\"ListItem\",\"position\":2,\"name\":\"Shop\",\"item\":\"https:\\\/\\\/primalfocus.eu\\\/products\\\/\"},{\"@type\":\"ListItem\",\"position\":3,\"name\":\"Berlin Drops &#8211; Super Strong\"}]},{\"@type\":\"WebSite\",\"@id\":\"https:\\\/\\\/primalfocus.eu\\\/fr\\\/#website\",\"url\":\"https:\\\/\\\/primalfocus.eu\\\/fr\\\/\",\"name\":\"Primal Focus\",\"description\":\"Buy legal psychedelics online\",\"publisher\":{\"@id\":\"https:\\\/\\\/primalfocus.eu\\\/fr\\\/#organization\"},\"potentialAction\":[{\"@type\":\"SearchAction\",\"target\":{\"@type\":\"EntryPoint\",\"urlTemplate\":\"https:\\\/\\\/primalfocus.eu\\\/fr\\\/?s={search_term_string}\"},\"query-input\":{\"@type\":\"PropertyValueSpecification\",\"valueRequired\":true,\"valueName\":\"search_term_string\"}}],\"inLanguage\":\"fr-FR\"},{\"@type\":\"Organization\",\"@id\":\"https:\\\/\\\/primalfocus.eu\\\/fr\\\/#organization\",\"name\":\"Primal Focus\",\"alternateName\":\"primalfocus.eu\",\"url\":\"https:\\\/\\\/primalfocus.eu\\\/fr\\\/\",\"logo\":{\"@type\":\"ImageObject\",\"inLanguage\":\"fr-FR\",\"@id\":\"https:\\\/\\\/primalfocus.eu\\\/fr\\\/#\\\/schema\\\/logo\\\/image\\\/\",\"url\":\"https:\\\/\\\/primalfocus.eu\\\/wp-content\\\/uploads\\\/2026\\\/04\\\/primal-focus-logo-6.svg\",\"contentUrl\":\"https:\\\/\\\/primalfocus.eu\\\/wp-content\\\/uploads\\\/2026\\\/04\\\/primal-focus-logo-6.svg\",\"width\":50,\"height\":50,\"caption\":\"Primal Focus\"},\"image\":{\"@id\":\"https:\\\/\\\/primalfocus.eu\\\/fr\\\/#\\\/schema\\\/logo\\\/image\\\/\"},\"sameAs\":[\"https:\\\/\\\/www.facebook.com\\\/profile.php?id=61575377667059\",\"https:\\\/\\\/x.com\\\/primalfocus_eu\",\"https:\\\/\\\/www.instagram.com\\\/primalfocus.store\\\/\"]}]}<\/script>\n<!-- \/ Yoast SEO plugin. -->","yoast_head_json":{"title":"Berlin Drops - Super Strong - Primal Focus","description":"D\u00e9couvrez Berlin Drops - Super Strong : un liquide ultra-puissant \u00e0 base de 4-PR-MET inspir\u00e9 des champignons magiques classiques. 2,5 mg par goutte, action rapide, douce et sans naus\u00e9e.","robots":{"index":"index","follow":"follow","max-snippet":"max-snippet:-1","max-image-preview":"max-image-preview:large","max-video-preview":"max-video-preview:-1"},"canonical":"https:\/\/primalfocus.eu\/fr\/berlin-chute-super-fort\/","og_locale":"fr_FR","og_type":"article","og_title":"Berlin Drops - Super Strong - Primal Focus","og_description":"Discover Berlin Drops \u2013 Super Strong: ultra-potent 4-PR-MET liquid inspired by classic magic mushrooms. 2.5 mg per drop, fast-acting, smooth & nausea-free.","og_url":"https:\/\/primalfocus.eu\/fr\/berlin-chute-super-fort\/","og_site_name":"Primal Focus","article_publisher":"https:\/\/www.facebook.com\/profile.php?id=61575377667059","article_modified_time":"2026-05-06T18:16:09+00:00","og_image":[{"width":1280,"height":1280,"url":"https:\/\/primalfocus.eu\/wp-content\/uploads\/2026\/04\/Berlin-Drops-Super-Strong.webp?_t=1777963697","type":"image\/webp"}],"twitter_card":"summary_large_image","twitter_site":"@primalfocus_eu","twitter_misc":{"Dur\u00e9e de lecture estim\u00e9e":"2 minutes"},"schema":{"@context":"https:\/\/schema.org","@graph":[{"@type":"WebPage","@id":"https:\/\/primalfocus.eu\/fr\/berlin-chute-super-fort\/","url":"https:\/\/primalfocus.eu\/fr\/berlin-chute-super-fort\/","name":"Berlin Drops - Super Strong - Primal Focus","isPartOf":{"@id":"https:\/\/primalfocus.eu\/fr\/#website"},"primaryImageOfPage":{"@id":"https:\/\/primalfocus.eu\/fr\/berlin-chute-super-fort\/#primaryimage"},"image":{"@id":"https:\/\/primalfocus.eu\/fr\/berlin-chute-super-fort\/#primaryimage"},"thumbnailUrl":"https:\/\/primalfocus.eu\/wp-content\/uploads\/2026\/04\/Berlin-Drops-Super-Strong.webp","datePublished":"2026-04-26T08:39:49+00:00","dateModified":"2026-05-06T18:16:09+00:00","description":"D\u00e9couvrez Berlin Drops - Super Strong : un liquide ultra-puissant \u00e0 base de 4-PR-MET inspir\u00e9 des champignons magiques classiques. 2,5 mg par goutte, action rapide, douce et sans naus\u00e9e.","breadcrumb":{"@id":"https:\/\/primalfocus.eu\/fr\/berlin-chute-super-fort\/#breadcrumb"},"inLanguage":"fr-FR","potentialAction":[{"@type":"ReadAction","target":["https:\/\/primalfocus.eu\/fr\/berlin-chute-super-fort\/"]}]},{"@type":"ImageObject","inLanguage":"fr-FR","@id":"https:\/\/primalfocus.eu\/fr\/berlin-chute-super-fort\/#primaryimage","url":"https:\/\/primalfocus.eu\/wp-content\/uploads\/2026\/04\/Berlin-Drops-Super-Strong.webp","contentUrl":"https:\/\/primalfocus.eu\/wp-content\/uploads\/2026\/04\/Berlin-Drops-Super-Strong.webp","width":1280,"height":1280},{"@type":"BreadcrumbList","@id":"https:\/\/primalfocus.eu\/fr\/berlin-chute-super-fort\/#breadcrumb","itemListElement":[{"@type":"ListItem","position":1,"name":"Home","item":"https:\/\/primalfocus.eu\/"},{"@type":"ListItem","position":2,"name":"Shop","item":"https:\/\/primalfocus.eu\/products\/"},{"@type":"ListItem","position":3,"name":"Berlin Drops &#8211; Super Strong"}]},{"@type":"WebSite","@id":"https:\/\/primalfocus.eu\/fr\/#website","url":"https:\/\/primalfocus.eu\/fr\/","name":"Primal Focus","description":"Acheter des psych\u00e9d\u00e9liques l\u00e9gaux en ligne","publisher":{"@id":"https:\/\/primalfocus.eu\/fr\/#organization"},"potentialAction":[{"@type":"SearchAction","target":{"@type":"EntryPoint","urlTemplate":"https:\/\/primalfocus.eu\/fr\/?s={search_term_string}"},"query-input":{"@type":"PropertyValueSpecification","valueRequired":true,"valueName":"search_term_string"}}],"inLanguage":"fr-FR"},{"@type":"Organization","@id":"https:\/\/primalfocus.eu\/fr\/#organization","name":"Primal Focus","alternateName":"primalfocus.eu","url":"https:\/\/primalfocus.eu\/fr\/","logo":{"@type":"ImageObject","inLanguage":"fr-FR","@id":"https:\/\/primalfocus.eu\/fr\/#\/schema\/logo\/image\/","url":"https:\/\/primalfocus.eu\/wp-content\/uploads\/2026\/04\/primal-focus-logo-6.svg","contentUrl":"https:\/\/primalfocus.eu\/wp-content\/uploads\/2026\/04\/primal-focus-logo-6.svg","width":50,"height":50,"caption":"Primal Focus"},"image":{"@id":"https:\/\/primalfocus.eu\/fr\/#\/schema\/logo\/image\/"},"sameAs":["https:\/\/www.facebook.com\/profile.php?id=61575377667059","https:\/\/x.com\/primalfocus_eu","https:\/\/www.instagram.com\/primalfocus.store\/"]}]}},"jetpack_sharing_enabled":true,"_links":{"self":[{"href":"https:\/\/primalfocus.eu\/fr\/wp-json\/wp\/v2\/product\/963576","targetHints":{"allow":["GET"]}}],"collection":[{"href":"https:\/\/primalfocus.eu\/fr\/wp-json\/wp\/v2\/product"}],"about":[{"href":"https:\/\/primalfocus.eu\/fr\/wp-json\/wp\/v2\/types\/product"}],"replies":[{"embeddable":true,"href":"https:\/\/primalfocus.eu\/fr\/wp-json\/wp\/v2\/comments?post=963576"}],"wp:featuredmedia":[{"embeddable":true,"href":"https:\/\/primalfocus.eu\/fr\/wp-json\/wp\/v2\/media\/963581"}],"wp:attachment":[{"href":"https:\/\/primalfocus.eu\/fr\/wp-json\/wp\/v2\/media?parent=963576"}],"wp:term":[{"taxonomy":"product_brand","embeddable":true,"href":"https:\/\/primalfocus.eu\/fr\/wp-json\/wp\/v2\/product_brand?post=963576"},{"taxonomy":"product_cat","embeddable":true,"href":"https:\/\/primalfocus.eu\/fr\/wp-json\/wp\/v2\/product_cat?post=963576"},{"taxonomy":"product_tag","embeddable":true,"href":"https:\/\/primalfocus.eu\/fr\/wp-json\/wp\/v2\/product_tag?post=963576"}],"curies":[{"name":"wp","href":"https:\/\/api.w.org\/{rel}","templated":true}]}}