{"id":731553,"date":"2025-07-01T20:37:55","date_gmt":"2025-07-01T18:37:55","guid":{"rendered":"https:\/\/primalfocus.eu\/?post_type=product&#038;p=731553"},"modified":"2026-04-06T14:56:15","modified_gmt":"2026-04-06T12:56:15","slug":"amsterdam-drops","status":"publish","type":"product","link":"https:\/\/primalfocus.eu\/fr\/amsterdam-drops\/","title":{"rendered":"Gouttes d'Amsterdam"},"content":{"rendered":"<p>D\u00e9couvrez des gouttes de recherche psych\u00e9d\u00e9liques pr\u00e9cises et \u00e0 action rapide, inspir\u00e9es des champignons magiques classiques. Les gouttes Amsterdam Drops produisent des effets contr\u00f4l\u00e9s et fiables, avec un d\u00e9marrage en douceur, une longue dur\u00e9e de conservation et une puret\u00e9 de qualit\u00e9 professionnelle. Elles sont fabriqu\u00e9es dans un laboratoire certifi\u00e9 \u00e0 des fins de recherche uniquement.<\/p>\n<h2><\/h2>\n<p><strong>Exp\u00e9dition \u00e0 : \ud83c\uddec\ud83c\uddf7 \ud83c\udded\ud83c\uddf7 \ud83c\udde8\ud83c\uddff \ud83c\uddeb\ud83c\uddf7 \ud83c\uddee\ud83c\uddea \ud83c\uddf3\ud83c\uddf1 \ud83c\uddea\ud83c\uddf8 \ud83c\uddf8\ud83c\uddf0<br \/>\n<\/strong><\/p>\n<h2>Qu'est-ce que les gouttes d'Amsterdam ?<\/h2>\n<p>Les gouttes Amsterdam Drops contiennent une solution liquide avec une quantit\u00e9 soigneusement mesur\u00e9e de 4-HO-MET, un compos\u00e9 de recherche \u00e9troitement li\u00e9 \u00e0 la psilocine, qui est le m\u00e9tabolite actif trouv\u00e9 dans les champignons magiques et les truffes. Con\u00e7ues pour la pr\u00e9cision, chaque <a href=\"\/fr\/%e2%80%9dhttps%3a\/\/primalfocus.eu\/categorie-produit\/gouttes\/%e2%80%9d\/\"> champignon en goutte d'eau<\/a> fournit une quantit\u00e9 constante et test\u00e9e en laboratoire de 1 mg de 4-HO-MET, garantissant une fiabilit\u00e9 totale et un contr\u00f4le du dosage.<\/p>\n<h2><\/h2>\n<p>&nbsp;<\/p>\n<h2>Quelle est la force d'une goutte ?<\/h2>\n<p>Chaque goutte contient 1 mg de 4-HO-MET, ce qui \u00e9quivaut approximativement \u00e0 1 \u00e0 2 grammes de truffes fra\u00eeches ou 0,1 \u00e0 0,2 gramme de champignons s\u00e9ch\u00e9s. Les gouttes Amsterdam sont donc \u00e0 la fois efficaces et puissantes pour l'exp\u00e9rimentation contr\u00f4l\u00e9e.<\/p>\n<p>&nbsp;<\/p>\n<p>&nbsp;<\/p>\n<table>\n<thead>\n<tr>\n<th>Taille de la bouteille<\/th>\n<th>Total 4-HO-MET<\/th>\n<th>Nombre approximatif de gouttes<\/th>\n<\/tr>\n<\/thead>\n<tbody>\n<tr>\n<td>2 ml<\/td>\n<td>40 mg<\/td>\n<td>\u2248 40<\/td>\n<\/tr>\n<tr>\n<td>5 ml<\/td>\n<td>100 mg<\/td>\n<td>\u2248 100<\/td>\n<\/tr>\n<tr>\n<td>15 ml<\/td>\n<td>300 mg<\/td>\n<td>\u2248 300<\/td>\n<\/tr>\n<\/tbody>\n<\/table>\n<h2><\/h2>\n<p>&nbsp;<\/p>\n<p>&nbsp;<\/p>\n<h2>Pourquoi acheter Amsterdam Drops ?<\/h2>\n<p>Bien que les gouttes Amsterdam soient strictement destin\u00e9es \u00e0 la recherche, les chercheurs appr\u00e9cient le 4-HO-MET pour ses propri\u00e9t\u00e9s fiables, semblables \u00e0 celles de la psilocine. Il procure une exp\u00e9rience stable et claire, ce qui le rend id\u00e9al pour les environnements contr\u00f4l\u00e9s.<\/p>\n<ul>\n<li><strong>Analogue de la psilocine :<\/strong> Le 4-HO-MET produit des effets similaires \u00e0 ceux de la psilocybine, mais il est synth\u00e9tis\u00e9 en laboratoire pour des raisons de puret\u00e9 et de coh\u00e9rence.<\/li>\n<li><strong>Abordable et pr\u00e9cis :<\/strong> Chaque goutte est mesur\u00e9e avec pr\u00e9cision, ce qui garantit des r\u00e9sultats reproductibles sans fluctuation de la force.<\/li>\n<li><strong>L\u00e9galit\u00e9 :<\/strong> Dans plusieurs pays de l'UE, le 4-HO-MET n'est pas class\u00e9 comme une substance contr\u00f4l\u00e9e et peut \u00eatre disponible \u00e0 des fins de recherche. V\u00e9rifiez toujours la l\u00e9gislation locale avant de passer commande.<\/li>\n<li><strong>Moins d'effets physiques :<\/strong> Le format liquide permet d'\u00e9viter les naus\u00e9es ou les malaises corporels g\u00e9n\u00e9ralement associ\u00e9s aux truffes ou aux champignons.<\/li>\n<li><strong>Go\u00fbt neutre :<\/strong> La solution a une saveur douce, sans le go\u00fbt de terre des psych\u00e9d\u00e9liques traditionnels.<\/li>\n<li><strong>Longue dur\u00e9e de conservation :<\/strong> Conserv\u00e9es \u00e0 une temp\u00e9rature inf\u00e9rieure \u00e0 10\u00b0C, les gouttes Amsterdam se conservent jusqu'\u00e0 12 mois apr\u00e8s ouverture.<\/li>\n<\/ul>\n<h2><\/h2>\n<p>&nbsp;<\/p>\n<p>&nbsp;<\/p>\n<h2>Notes cl\u00e9s (\u00e0 lire attentivement)<\/h2>\n<ul>\n<li>Ce produit est destin\u00e9 \u00e0 des fins de recherche uniquement<\/li>\n<li>Non destin\u00e9 \u00e0 la consommation humaine ou \u00e0 un usage m\u00e9dical<\/li>\n<li>Les effets varient en fonction de l'individu et de l'environnement<\/li>\n<li>Les comparaisons avec les truffes et les champignons sont bas\u00e9es sur l'\u00e9quivalence g\u00e9n\u00e9rale de la psilocybine.<\/li>\n<li>V\u00e9rifiez toujours la l\u00e9gislation locale avant de commander ou de manipuler<\/li>\n<li>Ne jamais consommer de substances psych\u00e9d\u00e9liques en cas d'ant\u00e9c\u00e9dents de psychose, de schizophr\u00e9nie, d'anxi\u00e9t\u00e9 grave ou de d\u00e9pression.<\/li>\n<li>En cas de doute, consultez d'abord un professionnel de la sant\u00e9<\/li>\n<\/ul>","protected":false},"excerpt":{"rendered":"<p>D\u00e9couvrez des gouttes de recherche psych\u00e9d\u00e9liques pr\u00e9cises et \u00e0 action rapide, inspir\u00e9es des champignons magiques classiques. Les gouttes Amsterdam Drops produisent des effets contr\u00f4l\u00e9s et fiables, avec un d\u00e9marrage en douceur, une longue dur\u00e9e de conservation et une puret\u00e9 de qualit\u00e9 professionnelle. Elles sont fabriqu\u00e9es dans un laboratoire certifi\u00e9 \u00e0 des fins de recherche uniquement.<\/p>","protected":false},"featured_media":886592,"comment_status":"open","ping_status":"closed","template":"","meta":{"site-sidebar-layout":"default","site-content-layout":"default","ast-site-content-layout":"default","site-content-style":"default","site-sidebar-style":"default","ast-global-header-display":"","ast-banner-title-visibility":"","ast-main-header-display":"","ast-hfb-above-header-display":"","ast-hfb-below-header-display":"","ast-hfb-mobile-header-display":"","site-post-title":"","ast-breadcrumbs-content":"","ast-featured-img":"","footer-sml-layout":"","ast-disable-related-posts":"","theme-transparent-header-meta":"disabled","adv-header-id-meta":"","stick-header-meta":"","header-above-stick-meta":"","header-main-stick-meta":"","header-below-stick-meta":"","astra-migrate-meta-layouts":"set","ast-page-background-enabled":"default","ast-page-background-meta":{"desktop":{"background-color":"","background-image":"","background-repeat":"repeat","background-position":"center center","background-size":"auto","background-attachment":"scroll","background-type":"","background-media":"","overlay-type":"","overlay-color":"","overlay-opacity":"","overlay-gradient":""},"tablet":{"background-color":"","background-image":"","background-repeat":"repeat","background-position":"center center","background-size":"auto","background-attachment":"scroll","background-type":"","background-media":"","overlay-type":"","overlay-color":"","overlay-opacity":"","overlay-gradient":""},"mobile":{"background-color":"","background-image":"","background-repeat":"repeat","background-position":"center center","background-size":"auto","background-attachment":"scroll","background-type":"","background-media":"","overlay-type":"","overlay-color":"","overlay-opacity":"","overlay-gradient":""}},"ast-content-background-meta":{"desktop":{"background-color":"var(--ast-global-color-5)","background-image":"","background-repeat":"repeat","background-position":"center center","background-size":"auto","background-attachment":"scroll","background-type":"","background-media":"","overlay-type":"","overlay-color":"","overlay-opacity":"","overlay-gradient":""},"tablet":{"background-color":"var(--ast-global-color-5)","background-image":"","background-repeat":"repeat","background-position":"center center","background-size":"auto","background-attachment":"scroll","background-type":"","background-media":"","overlay-type":"","overlay-color":"","overlay-opacity":"","overlay-gradient":""},"mobile":{"background-color":"var(--ast-global-color-5)","background-image":"","background-repeat":"repeat","background-position":"center center","background-size":"auto","background-attachment":"scroll","background-type":"","background-media":"","overlay-type":"","overlay-color":"","overlay-opacity":"","overlay-gradient":""}}},"product_brand":[129],"product_cat":[117],"product_tag":[],"class_list":{"0":"post-731553","1":"product","2":"type-product","3":"status-publish","4":"has-post-thumbnail","6":"product_brand-primal-focus","7":"product_cat-drops","8":"product_shipping_class-brievenbus-pakje","9":"desktop-align-center","10":"tablet-align-left","11":"mobile-align-left","13":"first","14":"instock","15":"sale","16":"taxable","17":"shipping-taxable","18":"purchasable","19":"product-type-variable","20":"has-default-attributes"},"yoast_head":"<!-- This site is optimized with the Yoast SEO plugin v27.3 - https:\/\/yoast.com\/product\/yoast-seo-wordpress\/ -->\n<title>Amsterdam drops: experience precision and clarity<\/title>\n<meta name=\"description\" content=\"Experience Amsterdam Drops from Primal Focus. Premium liquid formula with clear effects, strong focus and fast, insured worldwide shipping.\" \/>\n<meta name=\"robots\" content=\"index, follow, max-snippet:-1, max-image-preview:large, max-video-preview:-1\" \/>\n<link rel=\"canonical\" href=\"https:\/\/primalfocus.eu\/fr\/amsterdam-drops\/\" \/>\n<meta property=\"og:locale\" content=\"fr_FR\" \/>\n<meta property=\"og:type\" content=\"article\" \/>\n<meta property=\"og:title\" content=\"Amsterdam drops: experience precision and clarity\" \/>\n<meta property=\"og:description\" content=\"Experience Amsterdam Drops from Primal Focus. Premium liquid formula with clear effects, strong focus and fast, insured worldwide shipping.\" \/>\n<meta property=\"og:url\" content=\"https:\/\/primalfocus.eu\/fr\/amsterdam-drops\/\" \/>\n<meta property=\"og:site_name\" content=\"Primal Focus\" \/>\n<meta property=\"article:publisher\" content=\"https:\/\/www.facebook.com\/profile.php?id=61575377667059\" \/>\n<meta property=\"article:modified_time\" content=\"2026-04-06T12:56:15+00:00\" \/>\n<meta property=\"og:image\" content=\"https:\/\/primalfocus.eu\/wp-content\/uploads\/2025\/07\/Amsterdam-Drops-18.webp\" \/>\n\t<meta property=\"og:image:width\" content=\"1080\" \/>\n\t<meta property=\"og:image:height\" content=\"1080\" \/>\n\t<meta property=\"og:image:type\" content=\"image\/webp\" \/>\n<meta name=\"twitter:card\" content=\"summary_large_image\" \/>\n<meta name=\"twitter:site\" content=\"@primalfocus_eu\" \/>\n<meta name=\"twitter:label1\" content=\"Dur\u00e9e de lecture estim\u00e9e\" \/>\n\t<meta name=\"twitter:data1\" content=\"2 minutes\" \/>\n<script type=\"application\/ld+json\" class=\"yoast-schema-graph\">{\"@context\":\"https:\\\/\\\/schema.org\",\"@graph\":[{\"@type\":[\"WebPage\",\"ItemPage\"],\"@id\":\"https:\\\/\\\/primalfocus.eu\\\/fr\\\/amsterdam-drops\\\/\",\"url\":\"https:\\\/\\\/primalfocus.eu\\\/fr\\\/amsterdam-drops\\\/\",\"name\":\"Amsterdam drops: experience precision and clarity\",\"isPartOf\":{\"@id\":\"https:\\\/\\\/primalfocus.eu\\\/fr\\\/#website\"},\"primaryImageOfPage\":{\"@id\":\"https:\\\/\\\/primalfocus.eu\\\/fr\\\/amsterdam-drops\\\/#primaryimage\"},\"image\":{\"@id\":\"https:\\\/\\\/primalfocus.eu\\\/fr\\\/amsterdam-drops\\\/#primaryimage\"},\"thumbnailUrl\":\"https:\\\/\\\/primalfocus.eu\\\/wp-content\\\/uploads\\\/2025\\\/07\\\/Amsterdam-Drops-18.webp\",\"datePublished\":\"2025-07-01T18:37:55+00:00\",\"dateModified\":\"2026-04-06T12:56:15+00:00\",\"description\":\"Experience Amsterdam Drops from Primal Focus. Premium liquid formula with clear effects, strong focus and fast, insured worldwide shipping.\",\"breadcrumb\":{\"@id\":\"https:\\\/\\\/primalfocus.eu\\\/fr\\\/amsterdam-drops\\\/#breadcrumb\"},\"inLanguage\":\"fr-FR\",\"potentialAction\":[{\"@type\":\"ReadAction\",\"target\":[\"https:\\\/\\\/primalfocus.eu\\\/fr\\\/amsterdam-drops\\\/\"]}]},{\"@type\":\"ImageObject\",\"inLanguage\":\"fr-FR\",\"@id\":\"https:\\\/\\\/primalfocus.eu\\\/fr\\\/amsterdam-drops\\\/#primaryimage\",\"url\":\"https:\\\/\\\/primalfocus.eu\\\/wp-content\\\/uploads\\\/2025\\\/07\\\/Amsterdam-Drops-18.webp\",\"contentUrl\":\"https:\\\/\\\/primalfocus.eu\\\/wp-content\\\/uploads\\\/2025\\\/07\\\/Amsterdam-Drops-18.webp\",\"width\":1080,\"height\":1080,\"caption\":\"Amsterdam Drops 18\"},{\"@type\":\"BreadcrumbList\",\"@id\":\"https:\\\/\\\/primalfocus.eu\\\/fr\\\/amsterdam-drops\\\/#breadcrumb\",\"itemListElement\":[{\"@type\":\"ListItem\",\"position\":1,\"name\":\"Home\",\"item\":\"https:\\\/\\\/primalfocus.eu\\\/\"},{\"@type\":\"ListItem\",\"position\":2,\"name\":\"Shop\",\"item\":\"https:\\\/\\\/primalfocus.eu\\\/products\\\/\"},{\"@type\":\"ListItem\",\"position\":3,\"name\":\"Mushroom drops\",\"item\":\"https:\\\/\\\/primalfocus.eu\\\/drops\\\/\"},{\"@type\":\"ListItem\",\"position\":4,\"name\":\"Amsterdam Drops\"}]},{\"@type\":\"WebSite\",\"@id\":\"https:\\\/\\\/primalfocus.eu\\\/fr\\\/#website\",\"url\":\"https:\\\/\\\/primalfocus.eu\\\/fr\\\/\",\"name\":\"Primal Focus\",\"description\":\"Buy legal psychedelics online\",\"publisher\":{\"@id\":\"https:\\\/\\\/primalfocus.eu\\\/fr\\\/#organization\"},\"potentialAction\":[{\"@type\":\"SearchAction\",\"target\":{\"@type\":\"EntryPoint\",\"urlTemplate\":\"https:\\\/\\\/primalfocus.eu\\\/fr\\\/?s={search_term_string}\"},\"query-input\":{\"@type\":\"PropertyValueSpecification\",\"valueRequired\":true,\"valueName\":\"search_term_string\"}}],\"inLanguage\":\"fr-FR\"},{\"@type\":\"Organization\",\"@id\":\"https:\\\/\\\/primalfocus.eu\\\/fr\\\/#organization\",\"name\":\"Primal Focus\",\"alternateName\":\"primalfocus.eu\",\"url\":\"https:\\\/\\\/primalfocus.eu\\\/fr\\\/\",\"logo\":{\"@type\":\"ImageObject\",\"inLanguage\":\"fr-FR\",\"@id\":\"https:\\\/\\\/primalfocus.eu\\\/fr\\\/#\\\/schema\\\/logo\\\/image\\\/\",\"url\":\"https:\\\/\\\/primalfocus.eu\\\/wp-content\\\/uploads\\\/2025\\\/11\\\/primal-focus-logo-header.svg\",\"contentUrl\":\"https:\\\/\\\/primalfocus.eu\\\/wp-content\\\/uploads\\\/2025\\\/11\\\/primal-focus-logo-header.svg\",\"caption\":\"Primal Focus\"},\"image\":{\"@id\":\"https:\\\/\\\/primalfocus.eu\\\/fr\\\/#\\\/schema\\\/logo\\\/image\\\/\"},\"sameAs\":[\"https:\\\/\\\/www.facebook.com\\\/profile.php?id=61575377667059\",\"https:\\\/\\\/x.com\\\/primalfocus_eu\",\"https:\\\/\\\/www.instagram.com\\\/primalfocus.store\\\/\"]}]}<\/script>\n<!-- \/ Yoast SEO plugin. -->","yoast_head_json":{"title":"Gouttes d'Amsterdam : pr\u00e9cision et clart\u00e9","description":"D\u00e9couvrez les gouttes Amsterdam de Primal Focus. Formule liquide de premi\u00e8re qualit\u00e9 avec des effets clairs, une forte concentration et une livraison rapide et assur\u00e9e dans le monde entier.","robots":{"index":"index","follow":"follow","max-snippet":"max-snippet:-1","max-image-preview":"max-image-preview:large","max-video-preview":"max-video-preview:-1"},"canonical":"https:\/\/primalfocus.eu\/fr\/amsterdam-drops\/","og_locale":"fr_FR","og_type":"article","og_title":"Amsterdam drops: experience precision and clarity","og_description":"Experience Amsterdam Drops from Primal Focus. Premium liquid formula with clear effects, strong focus and fast, insured worldwide shipping.","og_url":"https:\/\/primalfocus.eu\/fr\/amsterdam-drops\/","og_site_name":"Primal Focus","article_publisher":"https:\/\/www.facebook.com\/profile.php?id=61575377667059","article_modified_time":"2026-04-06T12:56:15+00:00","og_image":[{"width":1080,"height":1080,"url":"https:\/\/primalfocus.eu\/wp-content\/uploads\/2025\/07\/Amsterdam-Drops-18.webp","type":"image\/webp"}],"twitter_card":"summary_large_image","twitter_site":"@primalfocus_eu","twitter_misc":{"Dur\u00e9e de lecture estim\u00e9e":"2 minutes"},"schema":{"@context":"https:\/\/schema.org","@graph":[{"@type":["WebPage","ItemPage"],"@id":"https:\/\/primalfocus.eu\/fr\/amsterdam-drops\/","url":"https:\/\/primalfocus.eu\/fr\/amsterdam-drops\/","name":"Gouttes d'Amsterdam : pr\u00e9cision et clart\u00e9","isPartOf":{"@id":"https:\/\/primalfocus.eu\/fr\/#website"},"primaryImageOfPage":{"@id":"https:\/\/primalfocus.eu\/fr\/amsterdam-drops\/#primaryimage"},"image":{"@id":"https:\/\/primalfocus.eu\/fr\/amsterdam-drops\/#primaryimage"},"thumbnailUrl":"https:\/\/primalfocus.eu\/wp-content\/uploads\/2025\/07\/Amsterdam-Drops-18.webp","datePublished":"2025-07-01T18:37:55+00:00","dateModified":"2026-04-06T12:56:15+00:00","description":"D\u00e9couvrez les gouttes Amsterdam de Primal Focus. Formule liquide de premi\u00e8re qualit\u00e9 avec des effets clairs, une forte concentration et une livraison rapide et assur\u00e9e dans le monde entier.","breadcrumb":{"@id":"https:\/\/primalfocus.eu\/fr\/amsterdam-drops\/#breadcrumb"},"inLanguage":"fr-FR","potentialAction":[{"@type":"ReadAction","target":["https:\/\/primalfocus.eu\/fr\/amsterdam-drops\/"]}]},{"@type":"ImageObject","inLanguage":"fr-FR","@id":"https:\/\/primalfocus.eu\/fr\/amsterdam-drops\/#primaryimage","url":"https:\/\/primalfocus.eu\/wp-content\/uploads\/2025\/07\/Amsterdam-Drops-18.webp","contentUrl":"https:\/\/primalfocus.eu\/wp-content\/uploads\/2025\/07\/Amsterdam-Drops-18.webp","width":1080,"height":1080,"caption":"Amsterdam Drops 18"},{"@type":"BreadcrumbList","@id":"https:\/\/primalfocus.eu\/fr\/amsterdam-drops\/#breadcrumb","itemListElement":[{"@type":"ListItem","position":1,"name":"Home","item":"https:\/\/primalfocus.eu\/"},{"@type":"ListItem","position":2,"name":"Shop","item":"https:\/\/primalfocus.eu\/products\/"},{"@type":"ListItem","position":3,"name":"Mushroom drops","item":"https:\/\/primalfocus.eu\/drops\/"},{"@type":"ListItem","position":4,"name":"Amsterdam Drops"}]},{"@type":"WebSite","@id":"https:\/\/primalfocus.eu\/fr\/#website","url":"https:\/\/primalfocus.eu\/fr\/","name":"Primal Focus","description":"Acheter des psych\u00e9d\u00e9liques l\u00e9gaux en ligne","publisher":{"@id":"https:\/\/primalfocus.eu\/fr\/#organization"},"potentialAction":[{"@type":"SearchAction","target":{"@type":"EntryPoint","urlTemplate":"https:\/\/primalfocus.eu\/fr\/?s={search_term_string}"},"query-input":{"@type":"PropertyValueSpecification","valueRequired":true,"valueName":"search_term_string"}}],"inLanguage":"fr-FR"},{"@type":"Organization","@id":"https:\/\/primalfocus.eu\/fr\/#organization","name":"Primal Focus","alternateName":"primalfocus.eu","url":"https:\/\/primalfocus.eu\/fr\/","logo":{"@type":"ImageObject","inLanguage":"fr-FR","@id":"https:\/\/primalfocus.eu\/fr\/#\/schema\/logo\/image\/","url":"https:\/\/primalfocus.eu\/wp-content\/uploads\/2025\/11\/primal-focus-logo-header.svg","contentUrl":"https:\/\/primalfocus.eu\/wp-content\/uploads\/2025\/11\/primal-focus-logo-header.svg","caption":"Primal Focus"},"image":{"@id":"https:\/\/primalfocus.eu\/fr\/#\/schema\/logo\/image\/"},"sameAs":["https:\/\/www.facebook.com\/profile.php?id=61575377667059","https:\/\/x.com\/primalfocus_eu","https:\/\/www.instagram.com\/primalfocus.store\/"]}]}},"jetpack_sharing_enabled":true,"_links":{"self":[{"href":"https:\/\/primalfocus.eu\/fr\/wp-json\/wp\/v2\/product\/731553","targetHints":{"allow":["GET"]}}],"collection":[{"href":"https:\/\/primalfocus.eu\/fr\/wp-json\/wp\/v2\/product"}],"about":[{"href":"https:\/\/primalfocus.eu\/fr\/wp-json\/wp\/v2\/types\/product"}],"replies":[{"embeddable":true,"href":"https:\/\/primalfocus.eu\/fr\/wp-json\/wp\/v2\/comments?post=731553"}],"wp:featuredmedia":[{"embeddable":true,"href":"https:\/\/primalfocus.eu\/fr\/wp-json\/wp\/v2\/media\/886592"}],"wp:attachment":[{"href":"https:\/\/primalfocus.eu\/fr\/wp-json\/wp\/v2\/media?parent=731553"}],"wp:term":[{"taxonomy":"product_brand","embeddable":true,"href":"https:\/\/primalfocus.eu\/fr\/wp-json\/wp\/v2\/product_brand?post=731553"},{"taxonomy":"product_cat","embeddable":true,"href":"https:\/\/primalfocus.eu\/fr\/wp-json\/wp\/v2\/product_cat?post=731553"},{"taxonomy":"product_tag","embeddable":true,"href":"https:\/\/primalfocus.eu\/fr\/wp-json\/wp\/v2\/product_tag?post=731553"}],"curies":[{"name":"wp","href":"https:\/\/api.w.org\/{rel}","templated":true}]}}