{"id":648460,"date":"2025-03-18T19:09:17","date_gmt":"2025-03-18T18:09:17","guid":{"rendered":"https:\/\/primalfocus.eu\/?post_type=product&#038;p=648460"},"modified":"2026-04-09T14:48:49","modified_gmt":"2026-04-09T12:48:49","slug":"1s-lsd-micro-pellets-10%c2%b5g","status":"publish","type":"product","link":"https:\/\/primalfocus.eu\/fr\/1s-lsd-micro-pellets-10%CE%BCg\/","title":{"rendered":"1S-LSD Micro Pellets"},"content":{"rendered":"<h2>1S-LSD Microdosing Pellets (10\u00b5g) pour plus de clart\u00e9 et de pr\u00e9cision<\/h2>\n<p>D\u00e9couvrez un microdosage simple et coh\u00e9rent avec les 1S-LSD Microdosing Pellets. Chaque pastille contient 10\u00b5g, ce qui facilite la stabilit\u00e9 et la pr\u00e9visibilit\u00e9 de votre dosage.<\/p>\n<div style=\"background-color: #eff5e6; padding: 20px; border-radius: 12px; font-family: Montserrat, sans-serif; font-size: 15px; color: #333; line-height: 1.6;\">\n<ul style=\"list-style: none; padding: 0; margin: 0;\">\n<li style=\"margin-bottom: 8px;\">\u2705 10\u00b5g par culot<\/li>\n<li style=\"margin-bottom: 8px;\">\u2705 L\u00e9gale dans de nombreux pays de l'UE<\/li>\n<li style=\"margin-bottom: 8px;\">\u2705 Test\u00e9 en laboratoire et coh\u00e9rent<\/li>\n<li style=\"margin-bottom: 8px;\">\u2705 Exp\u00e9dition europ\u00e9enne discr\u00e8te<\/li>\n<li>\u26a0\ufe0f Stock limit\u00e9<\/li>\n<\/ul>\n<\/div>\n<div style=\"font-family: Montserrat, sans-serif; margin-top: 20px;\">\n<h2>Qu'est-ce que le 1S-LSD ?<\/h2>\n<p>Le 1S-LSD est un produit chimique issu de la recherche qui peut se transformer en LSD dans l'organisme. \u00c0 de faibles doses, comme 10 \u00b5g, les effets sont g\u00e9n\u00e9ralement subtils.<\/p>\n<p>Elle n'est pas consid\u00e9r\u00e9e comme ill\u00e9gale aux Pays-Bas et dans plusieurs autres pays de l'UE, ce qui permet de la vendre \u00e0 des fins de recherche.<\/p>\n<\/div>\n<div style=\"font-family: Montserrat, sans-serif; margin-top: 20px;\">\n<h2>Qu'est-ce qui distingue ces granul\u00e9s ?<\/h2>\n<p>Chaque pastille est fabriqu\u00e9e dans un laboratoire professionnel et contient une quantit\u00e9 pr\u00e9cise. Il est donc facile d'utiliser la m\u00eame dose \u00e0 chaque fois.<\/p>\n<p>Par rapport \u00e0 des produits tels que <a href=\"https:\/\/primalfocus.eu\/fr\/categorie-produit\/gouttes\/\">gouttes de champignons<\/a> ou <a href=\"https:\/\/primalfocus.eu\/fr\/categorie-produit\/macrodosage\/truffes-macrodosage\/\">truffes magiques<\/a>, Les pastilles sont plus faciles \u00e0 mesurer et plus r\u00e9guli\u00e8res.<\/p>\n<p>Si vous recherchez une exp\u00e9rience plus forte et plus compl\u00e8te, vous pouvez choisir <a href=\"https:\/\/primalfocus.eu\/fr\/1s-lsd-buvards-150%c2%b5g\/\">Feuillets 1S-LSD<\/a> au lieu de cela.<\/p>\n<\/div>\n<div style=\"font-family: Montserrat, sans-serif; margin-top: 20px;\">\n<h2>Parfait pour<\/h2>\n<ul>\n<li>Recherche sur le microdosage<\/li>\n<li>\u00c9tudes sur la concentration et la productivit\u00e9<\/li>\n<li>Routines \u00e0 long terme<\/li>\n<li>Les personnes qui veulent des r\u00e9sultats constants<\/li>\n<\/ul>\n<\/div>\n<div style=\"font-family: Montserrat, sans-serif; margin-top: 20px;\">\n<h2>Pourquoi les gens pratiquent-ils le microdosage ?<\/h2>\n<p>Le microdosage consiste \u00e0 prendre de tr\u00e8s petites quantit\u00e9s. Les gens disent souvent :<\/p>\n<ul>\n<li>Une meilleure focalisation<\/li>\n<li>Plus de cr\u00e9ativit\u00e9<\/li>\n<li>Am\u00e9lioration de l'humeur<\/li>\n<li>Moins de stress<\/li>\n<\/ul>\n<p>Ces r\u00e9sultats sont principalement bas\u00e9s sur des exp\u00e9riences personnelles. D'autres recherches sont en cours.<\/p>\n<\/div>\n<h2><strong>Pourquoi choisir nos granul\u00e9s 1S-LSD ?<\/strong><\/h2>\n<div class=\"su-accordion su-u-trim custom-lsd-accordion\">\n<div class=\"su-spoiler su-spoiler-style-default su-spoiler-icon-plus su-spoiler-closed\" data-scroll-offset=\"0\" data-anchor-in-url=\"no\"><div class=\"su-spoiler-title\" tabindex=\"0\" role=\"button\"><span class=\"su-spoiler-icon\"><\/span>Un dosage coh\u00e9rent<\/div><div class=\"su-spoiler-content su-u-clearfix su-u-trim\">\n<div style=\"background-color: #eff5e6; padding: 12px 16px; font-size: 15px; color: #444; line-height: 1.8;\">Chaque pastille contient 10\u00b5g pour des r\u00e9sultats fiables.<\/div>\n<\/div><\/div>\n<div class=\"su-spoiler su-spoiler-style-default su-spoiler-icon-plus su-spoiler-closed\" data-scroll-offset=\"0\" data-anchor-in-url=\"no\"><div class=\"su-spoiler-title\" tabindex=\"0\" role=\"button\"><span class=\"su-spoiler-icon\"><\/span>L\u00e9gale dans de nombreux pays de l'UE<\/div><div class=\"su-spoiler-content su-u-clearfix su-u-trim\">\n<div style=\"background-color: #eff5e6; padding: 12px 16px; font-size: 15px; color: #444; line-height: 1.8;\">Non r\u00e9pertori\u00e9 comme ill\u00e9gal aux Pays-Bas et dans de nombreux autres pays de l'UE.<\/div>\n<\/div><\/div>\n<div class=\"su-spoiler su-spoiler-style-default su-spoiler-icon-plus su-spoiler-closed\" data-scroll-offset=\"0\" data-anchor-in-url=\"no\"><div class=\"su-spoiler-title\" tabindex=\"0\" role=\"button\"><span class=\"su-spoiler-icon\"><\/span>Test\u00e9 en laboratoire<\/div><div class=\"su-spoiler-content su-u-clearfix su-u-trim\">\n<div style=\"background-color: #eff5e6; padding: 12px 16px; font-size: 15px; color: #444; line-height: 1.8;\">Fabriqu\u00e9 dans un laboratoire contr\u00f4l\u00e9 pour en garantir la qualit\u00e9.<\/div>\n<\/div><\/div>\n<div class=\"su-spoiler su-spoiler-style-default su-spoiler-icon-plus su-spoiler-closed\" data-scroll-offset=\"0\" data-anchor-in-url=\"no\"><div class=\"su-spoiler-title\" tabindex=\"0\" role=\"button\"><span class=\"su-spoiler-icon\"><\/span>Livraison discr\u00e8te<\/div><div class=\"su-spoiler-content su-u-clearfix su-u-trim\">\n<div style=\"background-color: #eff5e6; padding: 12px 16px; font-size: 15px; color: #444; line-height: 1.8;\">Exp\u00e9di\u00e9 dans un emballage neutre avec assurance.<\/div>\n<\/div><\/div>\n<\/div>\n<div style=\"margin-top: 20px; background-color: #eff5e6; padding: 16px; border-radius: 8px; border: 1px solid #dbeac7; font-family: Montserrat, sans-serif; font-size: 14px; line-height: 1.8;\">\n<h3><strong>Notes cl\u00e9s (\u00e0 lire attentivement) :<\/strong><\/h3>\n<ul style=\"margin: 10px 0 0 20px;\">\n<li>A des fins de recherche uniquement.<\/li>\n<li>Ne pas consommer.<\/li>\n<li>Tenir \u00e0 l'\u00e9cart des enfants et des animaux.<\/li>\n<li>Ne pas m\u00e9langer avec de l'alcool ou d'autres substances.<\/li>\n<li>Ne convient pas aux personnes souffrant de troubles mentaux.<\/li>\n<li>Conserver au frais et \u00e0 l'abri de la lumi\u00e8re.<\/li>\n<\/ul>\n<\/div>","protected":false},"excerpt":{"rendered":"<p>1S-LSD Microdosing Pellets (10\u00b5g) for clarity and focus Discover simple and consistent microdosing with 1S-LSD Microdosing Pellets. Each pellet contains [&hellip;]<\/p>\n","protected":false},"featured_media":681010,"comment_status":"open","ping_status":"closed","template":"","meta":{"site-sidebar-layout":"default","site-content-layout":"default","ast-site-content-layout":"default","site-content-style":"default","site-sidebar-style":"default","ast-global-header-display":"","ast-banner-title-visibility":"","ast-main-header-display":"","ast-hfb-above-header-display":"","ast-hfb-below-header-display":"","ast-hfb-mobile-header-display":"","site-post-title":"","ast-breadcrumbs-content":"","ast-featured-img":"","footer-sml-layout":"","ast-disable-related-posts":"","theme-transparent-header-meta":"disabled","adv-header-id-meta":"","stick-header-meta":"","header-above-stick-meta":"","header-main-stick-meta":"","header-below-stick-meta":"","astra-migrate-meta-layouts":"set","ast-page-background-enabled":"default","ast-page-background-meta":{"desktop":{"background-color":"","background-image":"","background-repeat":"repeat","background-position":"center center","background-size":"auto","background-attachment":"scroll","background-type":"","background-media":"","overlay-type":"","overlay-color":"","overlay-opacity":"","overlay-gradient":""},"tablet":{"background-color":"","background-image":"","background-repeat":"repeat","background-position":"center center","background-size":"auto","background-attachment":"scroll","background-type":"","background-media":"","overlay-type":"","overlay-color":"","overlay-opacity":"","overlay-gradient":""},"mobile":{"background-color":"","background-image":"","background-repeat":"repeat","background-position":"center center","background-size":"auto","background-attachment":"scroll","background-type":"","background-media":"","overlay-type":"","overlay-color":"","overlay-opacity":"","overlay-gradient":""}},"ast-content-background-meta":{"desktop":{"background-color":"var(--ast-global-color-5)","background-image":"","background-repeat":"repeat","background-position":"center center","background-size":"auto","background-attachment":"scroll","background-type":"","background-media":"","overlay-type":"","overlay-color":"","overlay-opacity":"","overlay-gradient":""},"tablet":{"background-color":"var(--ast-global-color-5)","background-image":"","background-repeat":"repeat","background-position":"center center","background-size":"auto","background-attachment":"scroll","background-type":"","background-media":"","overlay-type":"","overlay-color":"","overlay-opacity":"","overlay-gradient":""},"mobile":{"background-color":"var(--ast-global-color-5)","background-image":"","background-repeat":"repeat","background-position":"center center","background-size":"auto","background-attachment":"scroll","background-type":"","background-media":"","overlay-type":"","overlay-color":"","overlay-opacity":"","overlay-gradient":""}}},"product_brand":[129],"product_cat":[113,111],"product_tag":[],"class_list":{"0":"post-648460","1":"product","2":"type-product","3":"status-publish","4":"has-post-thumbnail","6":"product_brand-primal-focus","7":"product_cat-legal-lsd","8":"product_cat-microdosing","9":"product_shipping_class-brievenbus-pakje","10":"desktop-align-center","11":"tablet-align-left","12":"mobile-align-left","14":"first","15":"instock","16":"sale","17":"taxable","18":"shipping-taxable","19":"purchasable","20":"product-type-variable","21":"has-default-attributes"},"yoast_head":"<!-- This site is optimized with the Yoast SEO plugin v27.3 - https:\/\/yoast.com\/product\/yoast-seo-wordpress\/ -->\n<title>Buy 1S-LSD, our legal solution for microdosing worldwide.<\/title>\n<meta name=\"description\" content=\"Discover the benefits of microdosing with our premium 1S-LSD microdose pellets. Buy 1S-LSD Microdose Pellets today at Primal Focus!\" \/>\n<meta name=\"robots\" content=\"index, follow, max-snippet:-1, max-image-preview:large, max-video-preview:-1\" \/>\n<link rel=\"canonical\" href=\"https:\/\/primalfocus.eu\/fr\/1s-lsd-micro-pellets-10\u03bcg\/\" \/>\n<meta property=\"og:locale\" content=\"fr_FR\" \/>\n<meta property=\"og:type\" content=\"article\" \/>\n<meta property=\"og:title\" content=\"Buy 1S-LSD, our legal solution for microdosing worldwide.\" \/>\n<meta property=\"og:description\" content=\"Discover the benefits of microdosing with our premium 1S-LSD microdose pellets. Buy 1S-LSD Microdose Pellets today at Primal Focus!\" \/>\n<meta property=\"og:url\" content=\"https:\/\/primalfocus.eu\/fr\/1s-lsd-micro-pellets-10\u03bcg\/\" \/>\n<meta property=\"og:site_name\" content=\"Primal Focus\" \/>\n<meta property=\"article:publisher\" content=\"https:\/\/www.facebook.com\/profile.php?id=61575377667059\" \/>\n<meta property=\"article:modified_time\" content=\"2026-04-09T12:48:49+00:00\" \/>\n<meta property=\"og:image\" content=\"https:\/\/primalfocus.eu\/wp-content\/uploads\/2025\/03\/1S-LSD-microdosing-pellet-10mcg-Primal-Focus.webp\" \/>\n\t<meta property=\"og:image:width\" content=\"1080\" \/>\n\t<meta property=\"og:image:height\" content=\"1080\" \/>\n\t<meta property=\"og:image:type\" content=\"image\/webp\" \/>\n<meta name=\"twitter:card\" content=\"summary_large_image\" \/>\n<meta name=\"twitter:site\" content=\"@primalfocus_eu\" \/>\n<meta name=\"twitter:label1\" content=\"Dur\u00e9e de lecture estim\u00e9e\" \/>\n\t<meta name=\"twitter:data1\" content=\"2 minutes\" \/>\n<script type=\"application\/ld+json\" class=\"yoast-schema-graph\">{\"@context\":\"https:\\\/\\\/schema.org\",\"@graph\":[{\"@type\":\"WebPage\",\"@id\":\"https:\\\/\\\/primalfocus.eu\\\/fr\\\/1s-lsd-micro-pellets-10%CE%BCg\\\/\",\"url\":\"https:\\\/\\\/primalfocus.eu\\\/fr\\\/1s-lsd-micro-pellets-10%CE%BCg\\\/\",\"name\":\"Buy 1S-LSD, our legal solution for microdosing worldwide.\",\"isPartOf\":{\"@id\":\"https:\\\/\\\/primalfocus.eu\\\/fr\\\/#website\"},\"primaryImageOfPage\":{\"@id\":\"https:\\\/\\\/primalfocus.eu\\\/fr\\\/1s-lsd-micro-pellets-10%CE%BCg\\\/#primaryimage\"},\"image\":{\"@id\":\"https:\\\/\\\/primalfocus.eu\\\/fr\\\/1s-lsd-micro-pellets-10%CE%BCg\\\/#primaryimage\"},\"thumbnailUrl\":\"https:\\\/\\\/primalfocus.eu\\\/wp-content\\\/uploads\\\/2025\\\/03\\\/1S-LSD-microdosing-pellet-10mcg-Primal-Focus.webp\",\"datePublished\":\"2025-03-18T18:09:17+00:00\",\"dateModified\":\"2026-04-09T12:48:49+00:00\",\"description\":\"Discover the benefits of microdosing with our premium 1S-LSD microdose pellets. Buy 1S-LSD Microdose Pellets today at Primal Focus!\",\"breadcrumb\":{\"@id\":\"https:\\\/\\\/primalfocus.eu\\\/fr\\\/1s-lsd-micro-pellets-10%CE%BCg\\\/#breadcrumb\"},\"inLanguage\":\"fr-FR\",\"potentialAction\":[{\"@type\":\"ReadAction\",\"target\":[\"https:\\\/\\\/primalfocus.eu\\\/fr\\\/1s-lsd-micro-pellets-10%CE%BCg\\\/\"]}]},{\"@type\":\"ImageObject\",\"inLanguage\":\"fr-FR\",\"@id\":\"https:\\\/\\\/primalfocus.eu\\\/fr\\\/1s-lsd-micro-pellets-10%CE%BCg\\\/#primaryimage\",\"url\":\"https:\\\/\\\/primalfocus.eu\\\/wp-content\\\/uploads\\\/2025\\\/03\\\/1S-LSD-microdosing-pellet-10mcg-Primal-Focus.webp\",\"contentUrl\":\"https:\\\/\\\/primalfocus.eu\\\/wp-content\\\/uploads\\\/2025\\\/03\\\/1S-LSD-microdosing-pellet-10mcg-Primal-Focus.webp\",\"width\":1080,\"height\":1080,\"caption\":\"1S LSD microdosing pellet 10mcg Primal Focus\"},{\"@type\":\"BreadcrumbList\",\"@id\":\"https:\\\/\\\/primalfocus.eu\\\/fr\\\/1s-lsd-micro-pellets-10%CE%BCg\\\/#breadcrumb\",\"itemListElement\":[{\"@type\":\"ListItem\",\"position\":1,\"name\":\"Home\",\"item\":\"https:\\\/\\\/primalfocus.eu\\\/\"},{\"@type\":\"ListItem\",\"position\":2,\"name\":\"Shop\",\"item\":\"https:\\\/\\\/primalfocus.eu\\\/products\\\/\"},{\"@type\":\"ListItem\",\"position\":3,\"name\":\"Microdosing\",\"item\":\"https:\\\/\\\/primalfocus.eu\\\/microdosing\\\/\"},{\"@type\":\"ListItem\",\"position\":4,\"name\":\"1S-LSD Micro Pellets\"}]},{\"@type\":\"WebSite\",\"@id\":\"https:\\\/\\\/primalfocus.eu\\\/fr\\\/#website\",\"url\":\"https:\\\/\\\/primalfocus.eu\\\/fr\\\/\",\"name\":\"Primal Focus\",\"description\":\"Buy legal psychedelics online\",\"publisher\":{\"@id\":\"https:\\\/\\\/primalfocus.eu\\\/fr\\\/#organization\"},\"potentialAction\":[{\"@type\":\"SearchAction\",\"target\":{\"@type\":\"EntryPoint\",\"urlTemplate\":\"https:\\\/\\\/primalfocus.eu\\\/fr\\\/?s={search_term_string}\"},\"query-input\":{\"@type\":\"PropertyValueSpecification\",\"valueRequired\":true,\"valueName\":\"search_term_string\"}}],\"inLanguage\":\"fr-FR\"},{\"@type\":\"Organization\",\"@id\":\"https:\\\/\\\/primalfocus.eu\\\/fr\\\/#organization\",\"name\":\"Primal Focus\",\"alternateName\":\"primalfocus.eu\",\"url\":\"https:\\\/\\\/primalfocus.eu\\\/fr\\\/\",\"logo\":{\"@type\":\"ImageObject\",\"inLanguage\":\"fr-FR\",\"@id\":\"https:\\\/\\\/primalfocus.eu\\\/fr\\\/#\\\/schema\\\/logo\\\/image\\\/\",\"url\":\"https:\\\/\\\/primalfocus.eu\\\/wp-content\\\/uploads\\\/2025\\\/11\\\/primal-focus-logo-header.svg\",\"contentUrl\":\"https:\\\/\\\/primalfocus.eu\\\/wp-content\\\/uploads\\\/2025\\\/11\\\/primal-focus-logo-header.svg\",\"caption\":\"Primal Focus\"},\"image\":{\"@id\":\"https:\\\/\\\/primalfocus.eu\\\/fr\\\/#\\\/schema\\\/logo\\\/image\\\/\"},\"sameAs\":[\"https:\\\/\\\/www.facebook.com\\\/profile.php?id=61575377667059\",\"https:\\\/\\\/x.com\\\/primalfocus_eu\",\"https:\\\/\\\/www.instagram.com\\\/primalfocus.store\\\/\"]}]}<\/script>\n<!-- \/ Yoast SEO plugin. -->","yoast_head_json":{"title":"Achetez 1S-LSD, notre solution l\u00e9gale pour le microdosage dans le monde entier.","description":"D\u00e9couvrez les avantages du microdosage avec nos 1S-LSD microdose pellets de premi\u00e8re qualit\u00e9. Achetez les 1S-LSD Microdose Pellets d\u00e8s aujourd'hui chez Primal Focus !","robots":{"index":"index","follow":"follow","max-snippet":"max-snippet:-1","max-image-preview":"max-image-preview:large","max-video-preview":"max-video-preview:-1"},"canonical":"https:\/\/primalfocus.eu\/fr\/1s-lsd-micro-pellets-10\u03bcg\/","og_locale":"fr_FR","og_type":"article","og_title":"Buy 1S-LSD, our legal solution for microdosing worldwide.","og_description":"Discover the benefits of microdosing with our premium 1S-LSD microdose pellets. Buy 1S-LSD Microdose Pellets today at Primal Focus!","og_url":"https:\/\/primalfocus.eu\/fr\/1s-lsd-micro-pellets-10\u03bcg\/","og_site_name":"Primal Focus","article_publisher":"https:\/\/www.facebook.com\/profile.php?id=61575377667059","article_modified_time":"2026-04-09T12:48:49+00:00","og_image":[{"width":1080,"height":1080,"url":"https:\/\/primalfocus.eu\/wp-content\/uploads\/2025\/03\/1S-LSD-microdosing-pellet-10mcg-Primal-Focus.webp","type":"image\/webp"}],"twitter_card":"summary_large_image","twitter_site":"@primalfocus_eu","twitter_misc":{"Dur\u00e9e de lecture estim\u00e9e":"2 minutes"},"schema":{"@context":"https:\/\/schema.org","@graph":[{"@type":"WebPage","@id":"https:\/\/primalfocus.eu\/fr\/1s-lsd-micro-pellets-10%CE%BCg\/","url":"https:\/\/primalfocus.eu\/fr\/1s-lsd-micro-pellets-10%CE%BCg\/","name":"Achetez 1S-LSD, notre solution l\u00e9gale pour le microdosage dans le monde entier.","isPartOf":{"@id":"https:\/\/primalfocus.eu\/fr\/#website"},"primaryImageOfPage":{"@id":"https:\/\/primalfocus.eu\/fr\/1s-lsd-micro-pellets-10%CE%BCg\/#primaryimage"},"image":{"@id":"https:\/\/primalfocus.eu\/fr\/1s-lsd-micro-pellets-10%CE%BCg\/#primaryimage"},"thumbnailUrl":"https:\/\/primalfocus.eu\/wp-content\/uploads\/2025\/03\/1S-LSD-microdosing-pellet-10mcg-Primal-Focus.webp","datePublished":"2025-03-18T18:09:17+00:00","dateModified":"2026-04-09T12:48:49+00:00","description":"D\u00e9couvrez les avantages du microdosage avec nos 1S-LSD microdose pellets de premi\u00e8re qualit\u00e9. Achetez les 1S-LSD Microdose Pellets d\u00e8s aujourd'hui chez Primal Focus !","breadcrumb":{"@id":"https:\/\/primalfocus.eu\/fr\/1s-lsd-micro-pellets-10%CE%BCg\/#breadcrumb"},"inLanguage":"fr-FR","potentialAction":[{"@type":"ReadAction","target":["https:\/\/primalfocus.eu\/fr\/1s-lsd-micro-pellets-10%CE%BCg\/"]}]},{"@type":"ImageObject","inLanguage":"fr-FR","@id":"https:\/\/primalfocus.eu\/fr\/1s-lsd-micro-pellets-10%CE%BCg\/#primaryimage","url":"https:\/\/primalfocus.eu\/wp-content\/uploads\/2025\/03\/1S-LSD-microdosing-pellet-10mcg-Primal-Focus.webp","contentUrl":"https:\/\/primalfocus.eu\/wp-content\/uploads\/2025\/03\/1S-LSD-microdosing-pellet-10mcg-Primal-Focus.webp","width":1080,"height":1080,"caption":"1S LSD microdosing pellet 10mcg Primal Focus"},{"@type":"BreadcrumbList","@id":"https:\/\/primalfocus.eu\/fr\/1s-lsd-micro-pellets-10%CE%BCg\/#breadcrumb","itemListElement":[{"@type":"ListItem","position":1,"name":"Home","item":"https:\/\/primalfocus.eu\/"},{"@type":"ListItem","position":2,"name":"Shop","item":"https:\/\/primalfocus.eu\/products\/"},{"@type":"ListItem","position":3,"name":"Microdosing","item":"https:\/\/primalfocus.eu\/microdosing\/"},{"@type":"ListItem","position":4,"name":"1S-LSD Micro Pellets"}]},{"@type":"WebSite","@id":"https:\/\/primalfocus.eu\/fr\/#website","url":"https:\/\/primalfocus.eu\/fr\/","name":"Primal Focus","description":"Acheter des psych\u00e9d\u00e9liques l\u00e9gaux en ligne","publisher":{"@id":"https:\/\/primalfocus.eu\/fr\/#organization"},"potentialAction":[{"@type":"SearchAction","target":{"@type":"EntryPoint","urlTemplate":"https:\/\/primalfocus.eu\/fr\/?s={search_term_string}"},"query-input":{"@type":"PropertyValueSpecification","valueRequired":true,"valueName":"search_term_string"}}],"inLanguage":"fr-FR"},{"@type":"Organization","@id":"https:\/\/primalfocus.eu\/fr\/#organization","name":"Primal Focus","alternateName":"primalfocus.eu","url":"https:\/\/primalfocus.eu\/fr\/","logo":{"@type":"ImageObject","inLanguage":"fr-FR","@id":"https:\/\/primalfocus.eu\/fr\/#\/schema\/logo\/image\/","url":"https:\/\/primalfocus.eu\/wp-content\/uploads\/2025\/11\/primal-focus-logo-header.svg","contentUrl":"https:\/\/primalfocus.eu\/wp-content\/uploads\/2025\/11\/primal-focus-logo-header.svg","caption":"Primal Focus"},"image":{"@id":"https:\/\/primalfocus.eu\/fr\/#\/schema\/logo\/image\/"},"sameAs":["https:\/\/www.facebook.com\/profile.php?id=61575377667059","https:\/\/x.com\/primalfocus_eu","https:\/\/www.instagram.com\/primalfocus.store\/"]}]}},"jetpack_sharing_enabled":true,"_links":{"self":[{"href":"https:\/\/primalfocus.eu\/fr\/wp-json\/wp\/v2\/product\/648460","targetHints":{"allow":["GET"]}}],"collection":[{"href":"https:\/\/primalfocus.eu\/fr\/wp-json\/wp\/v2\/product"}],"about":[{"href":"https:\/\/primalfocus.eu\/fr\/wp-json\/wp\/v2\/types\/product"}],"replies":[{"embeddable":true,"href":"https:\/\/primalfocus.eu\/fr\/wp-json\/wp\/v2\/comments?post=648460"}],"wp:featuredmedia":[{"embeddable":true,"href":"https:\/\/primalfocus.eu\/fr\/wp-json\/wp\/v2\/media\/681010"}],"wp:attachment":[{"href":"https:\/\/primalfocus.eu\/fr\/wp-json\/wp\/v2\/media?parent=648460"}],"wp:term":[{"taxonomy":"product_brand","embeddable":true,"href":"https:\/\/primalfocus.eu\/fr\/wp-json\/wp\/v2\/product_brand?post=648460"},{"taxonomy":"product_cat","embeddable":true,"href":"https:\/\/primalfocus.eu\/fr\/wp-json\/wp\/v2\/product_cat?post=648460"},{"taxonomy":"product_tag","embeddable":true,"href":"https:\/\/primalfocus.eu\/fr\/wp-json\/wp\/v2\/product_tag?post=648460"}],"curies":[{"name":"wp","href":"https:\/\/api.w.org\/{rel}","templated":true}]}}