{"id":632524,"date":"2025-03-03T00:00:17","date_gmt":"2025-03-02T23:00:17","guid":{"rendered":"https:\/\/primalfocus.eu\/?post_type=product&#038;p=632524"},"modified":"2026-04-03T13:15:11","modified_gmt":"2026-04-03T11:15:11","slug":"truffes-magiques-dragons-dynamite","status":"publish","type":"product","link":"https:\/\/primalfocus.eu\/fr\/magic-truffles-dragons-dynamite\/","title":{"rendered":"Truffes \u00e0 la dynamite du dragon (20g)"},"content":{"rendered":"<h3 style=\"font-size: 1.2em;\"><strong>Une exp\u00e9rience psych\u00e9d\u00e9lique de haute \u00e9nergie avec des images vives, une clart\u00e9 \u00e9motionnelle, parfaite pour les explorateurs \u00e0 la recherche d'intensit\u00e9 sous une forme \u00e9quilibr\u00e9e.<\/strong><\/h3>\n<div style=\"background-color: #eff5e6; padding: 20px; border-radius: 12px; font-family: Montserrat, sans-serif; font-size: 15px; color: #333; line-height: 1.6;\">\n<ul style=\"list-style: none; padding: 0; margin: 0;\">\n<li style=\"margin-bottom: 8px;\">\u2705 <strong>20 grammes<\/strong> de truffes magiques fra\u00eeches<\/li>\n<li style=\"margin-bottom: 8px;\">\u2705 <strong>La force :<\/strong> 5 sur 5 \u26a1\ufe0f<\/li>\n<li style=\"margin-bottom: 8px;\">\u2705 <strong>100% cultiv\u00e9 biologiquement<\/strong> aux Pays-Bas<\/li>\n<li style=\"margin-bottom: 8px;\">\u2705 <strong>Exp\u00e9dition<\/strong> vers les pays de l'UE<\/li>\n<\/ul>\n<\/div>\n<h2>Que sont les truffes Dragon's Dynamite ?<\/h2>\n<p>Dragon's Dynamite est l'une des truffes magiques les plus intenses de notre collection. Connue pour ses effets puissants et \u00e9nergisants, cette vari\u00e9t\u00e9 est parfaite pour ceux qui veulent aller en profondeur, tout en restant vifs et alertes. Contrairement \u00e0 d'autres truffes plus lourdes, Dragon's Dynamite combine des images claires avec un esprit vif et concentr\u00e9.<\/p>\n<p>Attendez-vous \u00e0 des couleurs vibrantes, \u00e0 une forte charge \u00e9motionnelle et \u00e0 un sentiment de connexion avec le monde qui vous entoure. C'est le favori de ceux qui veulent de l'intensit\u00e9, mais sans perdre la clart\u00e9 ou le contr\u00f4le.<\/p>\n<h2>Pourquoi le nom Dragon's Dynamite ?<\/h2>\n<p>Comme son nom l'indique, la Dragon's Dynamite enflamme les sens avec de l'\u00e9nergie, de la couleur et du feu. Cette vari\u00e9t\u00e9 lib\u00e8re des images puissantes et des perc\u00e9es \u00e9motionnelles tout en gardant l'esprit vif et alerte, comme un dragon qui s'\u00e9veille \u00e0 l'int\u00e9rieur. C'est un symbole de force, d'\u00e9nergie et de transformation.<\/p>\n<h2><strong>Pourquoi choisir Dragon's Dynamite ?<\/strong><\/h2>\n<div class=\"su-accordion su-u-trim custom-truffle-accordion\">\n<div class=\"su-spoiler su-spoiler-style-default su-spoiler-icon-plus su-spoiler-closed\" data-scroll-offset=\"0\" data-anchor-in-url=\"no\"><div class=\"su-spoiler-title\" tabindex=\"0\" role=\"button\"><span class=\"su-spoiler-icon\"><\/span>Clair et \u00e9nergisant<\/div><div class=\"su-spoiler-content su-u-clearfix su-u-trim\">\n<div style=\"background-color: #eff5e6; padding: 12px 16px; font-size: 15px; color: #444;\">Dragon's Dynamite peut offrir des images puissantes et des \u00e9motions profondes, sans brouillard mental lourd. Parfait pour un voyage lumineux et plein d'\u00e9nergie.<\/div>\n<\/div><\/div>\n<div class=\"su-spoiler su-spoiler-style-default su-spoiler-icon-plus su-spoiler-closed\" data-scroll-offset=\"0\" data-anchor-in-url=\"no\"><div class=\"su-spoiler-title\" tabindex=\"0\" role=\"button\"><span class=\"su-spoiler-icon\"><\/span>Fort mais \u00e9quilibr\u00e9<\/div><div class=\"su-spoiler-content su-u-clearfix su-u-trim\">\n<div style=\"background-color: #eff5e6; padding: 12px 16px; font-size: 15px; color: #444;\">Class\u00e9 5\/5 en puissance. Offre une exp\u00e9rience psych\u00e9d\u00e9lique compl\u00e8te, tout en gardant votre conscience intacte. Id\u00e9al pour la r\u00e9flexion personnelle, les promenades dans la nature ou les sessions cr\u00e9atives.<\/div>\n<\/div><\/div>\n<div class=\"su-spoiler su-spoiler-style-default su-spoiler-icon-plus su-spoiler-closed\" data-scroll-offset=\"0\" data-anchor-in-url=\"no\"><div class=\"su-spoiler-title\" tabindex=\"0\" role=\"button\"><span class=\"su-spoiler-icon\"><\/span>100% l\u00e9gal dans l'UE<\/div><div class=\"su-spoiler-content su-u-clearfix su-u-trim\">\n<div style=\"background-color: #eff5e6; padding: 12px 16px; font-size: 15px; color: #444;\">Aux Pays-Bas, ces truffes sont l\u00e9galement consid\u00e9r\u00e9es comme des produits alimentaires. Gr\u00e2ce \u00e0 la l\u00e9gislation europ\u00e9enne, elles peuvent \u00eatre exp\u00e9di\u00e9es sans probl\u00e8me dans la plupart des pays de l'UE.<\/div>\n<\/div><\/div>\n<div class=\"su-spoiler su-spoiler-style-default su-spoiler-icon-plus su-spoiler-closed\" data-scroll-offset=\"0\" data-anchor-in-url=\"no\"><div class=\"su-spoiler-title\" tabindex=\"0\" role=\"button\"><span class=\"su-spoiler-icon\"><\/span>Culture biologique<\/div><div class=\"su-spoiler-content su-u-clearfix su-u-trim\">\n<div style=\"background-color: #eff5e6; padding: 12px 16px; font-size: 15px; color: #444;\">Pas de produits chimiques, pas d'absurdit\u00e9. Juste des truffes propres, cultiv\u00e9es sous terre dans le sol hollandais.<\/div>\n<\/div><\/div>\n<div class=\"su-spoiler su-spoiler-style-default su-spoiler-icon-plus su-spoiler-closed\" data-scroll-offset=\"0\" data-anchor-in-url=\"no\"><div class=\"su-spoiler-title\" tabindex=\"0\" role=\"button\"><span class=\"su-spoiler-icon\"><\/span>Test\u00e9 en laboratoire et sans danger pour les aliments<\/div><div class=\"su-spoiler-content su-u-clearfix su-u-trim\">\n<div style=\"background-color: #eff5e6; padding: 12px 16px; font-size: 15px; color: #444;\">Produit selon des normes de s\u00e9curit\u00e9 alimentaire certifi\u00e9es. Emball\u00e9s de mani\u00e8re professionnelle, ils peuvent \u00eatre conserv\u00e9s et consomm\u00e9s en toute s\u00e9curit\u00e9.<\/div>\n<\/div><\/div>\n<div class=\"su-spoiler su-spoiler-style-default su-spoiler-icon-plus su-spoiler-closed\" data-scroll-offset=\"0\" data-anchor-in-url=\"no\"><div class=\"su-spoiler-title\" tabindex=\"0\" role=\"button\"><span class=\"su-spoiler-icon\"><\/span>Dosage flexible<\/div><div class=\"su-spoiler-content su-u-clearfix su-u-trim\">\n<div style=\"background-color: #eff5e6; padding: 12px 16px; font-size: 15px; color: #444;\">Chaque voyage n'a pas besoin d'\u00eatre intense. Commencez par 5 \u00e0 10 grammes pour une exp\u00e9rience l\u00e9g\u00e8re. La dose compl\u00e8te de 20 grammes n'est recommand\u00e9e qu'aux utilisateurs exp\u00e9riment\u00e9s.<\/div>\n<\/div><\/div>\n<div class=\"su-spoiler su-spoiler-style-default su-spoiler-icon-plus su-spoiler-closed\" data-scroll-offset=\"0\" data-anchor-in-url=\"no\"><div class=\"su-spoiler-title\" tabindex=\"0\" role=\"button\"><span class=\"su-spoiler-icon\"><\/span>Facile \u00e0 prendre<\/div><div class=\"su-spoiler-content su-u-clearfix su-u-trim\">\n<div style=\"background-color: #eff5e6; padding: 12px 16px; font-size: 15px; color: #444;\">Mangez-les crus, infusez-les sous forme de th\u00e9 ou m\u00e9langez-les \u00e0 un repas. Quel que soit le mode de consommation choisi, il suffit de bien mastiquer et de savourer.<\/div>\n<\/div><\/div>\n<\/div>\n<div style=\"margin-top: 20px; background-color: #eff5e6; padding: 16px; border-radius: 8px; border: 1px solid #dbeac7; font-family: Montserrat, sans-serif; font-size: 14px;\">\n<h3><strong>Notes cl\u00e9s (\u00e0 lire attentivement) :<\/strong><\/h3>\n<ul style=\"margin: 10px 0 0 20px;\">\n<li>Ne pas utiliser si vous souffrez de troubles mentaux, si vous prenez des m\u00e9dicaments ou si vous \u00eates enceinte.<\/li>\n<li>\u00c9vitez l'alcool et les autres substances pendant le voyage.<\/li>\n<li>Commencez par une dose faible, surtout si c'est la premi\u00e8re fois. Vous pouvez toujours en prendre plus, pas moins.<\/li>\n<li>Faites toujours le voyage dans un environnement s\u00fbr et paisible - id\u00e9alement avec une personne sobre qui s'occupe du voyage.<\/li>\n<li>Conserver au r\u00e9frig\u00e9rateur (2-4\u00b0C) et hors de port\u00e9e des enfants.<\/li>\n<li>L\u00e9gale aux Pays-Bas et conforme aux r\u00e8gles de libre-\u00e9change de l'UE.<\/li>\n<\/ul>\n<\/div>","protected":false},"excerpt":{"rendered":"<p>A high-energy psychedelic experience with vivid visuals, emotional clarity, perfect for explorers seeking intensity in balanced form. \u2705 20 grams [&hellip;]<\/p>\n","protected":false},"featured_media":632542,"comment_status":"open","ping_status":"closed","template":"","meta":{"site-sidebar-layout":"default","site-content-layout":"default","ast-site-content-layout":"default","site-content-style":"default","site-sidebar-style":"default","ast-global-header-display":"","ast-banner-title-visibility":"","ast-main-header-display":"","ast-hfb-above-header-display":"","ast-hfb-below-header-display":"","ast-hfb-mobile-header-display":"","site-post-title":"","ast-breadcrumbs-content":"","ast-featured-img":"","footer-sml-layout":"","ast-disable-related-posts":"","theme-transparent-header-meta":"default","adv-header-id-meta":"","stick-header-meta":"","header-above-stick-meta":"","header-main-stick-meta":"","header-below-stick-meta":"","astra-migrate-meta-layouts":"set","ast-page-background-enabled":"default","ast-page-background-meta":{"desktop":{"background-color":"","background-image":"","background-repeat":"repeat","background-position":"center center","background-size":"auto","background-attachment":"scroll","background-type":"","background-media":"","overlay-type":"","overlay-color":"","overlay-opacity":"","overlay-gradient":""},"tablet":{"background-color":"","background-image":"","background-repeat":"repeat","background-position":"center center","background-size":"auto","background-attachment":"scroll","background-type":"","background-media":"","overlay-type":"","overlay-color":"","overlay-opacity":"","overlay-gradient":""},"mobile":{"background-color":"","background-image":"","background-repeat":"repeat","background-position":"center center","background-size":"auto","background-attachment":"scroll","background-type":"","background-media":"","overlay-type":"","overlay-color":"","overlay-opacity":"","overlay-gradient":""}},"ast-content-background-meta":{"desktop":{"background-color":"var(--ast-global-color-5)","background-image":"","background-repeat":"repeat","background-position":"center center","background-size":"auto","background-attachment":"scroll","background-type":"","background-media":"","overlay-type":"","overlay-color":"","overlay-opacity":"","overlay-gradient":""},"tablet":{"background-color":"var(--ast-global-color-5)","background-image":"","background-repeat":"repeat","background-position":"center center","background-size":"auto","background-attachment":"scroll","background-type":"","background-media":"","overlay-type":"","overlay-color":"","overlay-opacity":"","overlay-gradient":""},"mobile":{"background-color":"var(--ast-global-color-5)","background-image":"","background-repeat":"repeat","background-position":"center center","background-size":"auto","background-attachment":"scroll","background-type":"","background-media":"","overlay-type":"","overlay-color":"","overlay-opacity":"","overlay-gradient":""}}},"product_brand":[128],"product_cat":[92,109,112],"product_tag":[],"class_list":{"0":"post-632524","1":"product","2":"type-product","3":"status-publish","4":"has-post-thumbnail","6":"product_brand-mcsmart","7":"product_cat-macrodosing","8":"product_cat-magic-truffles","9":"product_cat-mcsmart","10":"product_shipping_class-brievenbus-pakje","11":"desktop-align-center","12":"tablet-align-left","13":"mobile-align-left","15":"first","16":"instock","17":"taxable","18":"shipping-taxable","19":"purchasable","20":"product-type-simple"},"yoast_head":"<!-- This site is optimized with the Yoast SEO plugin v27.3 - https:\/\/yoast.com\/product\/yoast-seo-wordpress\/ -->\n<title>Dragon\u2019s Dynamite Truffles (20g): powerful &amp; clear focus<\/title>\n<meta name=\"description\" content=\"Order Dragon\u2019s Dynamite Magic Truffles at Primal Focus. 20g packs of our strongest strain. Intense visuals, deep insight and energizing clarity.\" \/>\n<meta name=\"robots\" content=\"index, follow, max-snippet:-1, max-image-preview:large, max-video-preview:-1\" \/>\n<link rel=\"canonical\" href=\"https:\/\/primalfocus.eu\/fr\/truffes-magiques-dragons-dynamite\/\" \/>\n<meta property=\"og:locale\" content=\"fr_FR\" \/>\n<meta property=\"og:type\" content=\"article\" \/>\n<meta property=\"og:title\" content=\"Dragon\u2019s Dynamite Truffles (20g): powerful &amp; clear focus\" \/>\n<meta property=\"og:description\" content=\"Order Dragon\u2019s Dynamite Magic Truffles at Primal Focus. 20g packs of our strongest strain. Intense visuals, deep insight and energizing clarity.\" \/>\n<meta property=\"og:url\" content=\"https:\/\/primalfocus.eu\/fr\/truffes-magiques-dragons-dynamite\/\" \/>\n<meta property=\"og:site_name\" content=\"Primal Focus\" \/>\n<meta property=\"article:publisher\" content=\"https:\/\/www.facebook.com\/profile.php?id=61575377667059\" \/>\n<meta property=\"article:modified_time\" content=\"2026-04-03T11:15:11+00:00\" \/>\n<meta property=\"og:image\" content=\"https:\/\/primalfocus.eu\/wp-content\/uploads\/2025\/02\/Dragons-Dynamite-open-1-1.webp\" \/>\n\t<meta property=\"og:image:width\" content=\"1000\" \/>\n\t<meta property=\"og:image:height\" content=\"1000\" \/>\n\t<meta property=\"og:image:type\" content=\"image\/webp\" \/>\n<meta name=\"twitter:card\" content=\"summary_large_image\" \/>\n<meta name=\"twitter:site\" content=\"@primalfocus_eu\" \/>\n<meta name=\"twitter:label1\" content=\"Dur\u00e9e de lecture estim\u00e9e\" \/>\n\t<meta name=\"twitter:data1\" content=\"3 minutes\" \/>\n<script type=\"application\/ld+json\" class=\"yoast-schema-graph\">{\"@context\":\"https:\\\/\\\/schema.org\",\"@graph\":[{\"@type\":\"WebPage\",\"@id\":\"https:\\\/\\\/primalfocus.eu\\\/fr\\\/magic-truffles-dragons-dynamite\\\/\",\"url\":\"https:\\\/\\\/primalfocus.eu\\\/fr\\\/magic-truffles-dragons-dynamite\\\/\",\"name\":\"Dragon\u2019s Dynamite Truffles (20g): powerful & clear focus\",\"isPartOf\":{\"@id\":\"https:\\\/\\\/primalfocus.eu\\\/fr\\\/#website\"},\"primaryImageOfPage\":{\"@id\":\"https:\\\/\\\/primalfocus.eu\\\/fr\\\/magic-truffles-dragons-dynamite\\\/#primaryimage\"},\"image\":{\"@id\":\"https:\\\/\\\/primalfocus.eu\\\/fr\\\/magic-truffles-dragons-dynamite\\\/#primaryimage\"},\"thumbnailUrl\":\"https:\\\/\\\/primalfocus.eu\\\/wp-content\\\/uploads\\\/2025\\\/02\\\/Dragons-Dynamite-open-1-1.webp\",\"datePublished\":\"2025-03-02T23:00:17+00:00\",\"dateModified\":\"2026-04-03T11:15:11+00:00\",\"description\":\"Order Dragon\u2019s Dynamite Magic Truffles at Primal Focus. 20g packs of our strongest strain. Intense visuals, deep insight and energizing clarity.\",\"breadcrumb\":{\"@id\":\"https:\\\/\\\/primalfocus.eu\\\/fr\\\/magic-truffles-dragons-dynamite\\\/#breadcrumb\"},\"inLanguage\":\"fr-FR\",\"potentialAction\":[{\"@type\":\"ReadAction\",\"target\":[\"https:\\\/\\\/primalfocus.eu\\\/fr\\\/magic-truffles-dragons-dynamite\\\/\"]}]},{\"@type\":\"ImageObject\",\"inLanguage\":\"fr-FR\",\"@id\":\"https:\\\/\\\/primalfocus.eu\\\/fr\\\/magic-truffles-dragons-dynamite\\\/#primaryimage\",\"url\":\"https:\\\/\\\/primalfocus.eu\\\/wp-content\\\/uploads\\\/2025\\\/02\\\/Dragons-Dynamite-open-1-1.webp\",\"contentUrl\":\"https:\\\/\\\/primalfocus.eu\\\/wp-content\\\/uploads\\\/2025\\\/02\\\/Dragons-Dynamite-open-1-1.webp\",\"width\":1000,\"height\":1000,\"caption\":\"Dragons Dynamite open 1 1\"},{\"@type\":\"BreadcrumbList\",\"@id\":\"https:\\\/\\\/primalfocus.eu\\\/fr\\\/magic-truffles-dragons-dynamite\\\/#breadcrumb\",\"itemListElement\":[{\"@type\":\"ListItem\",\"position\":1,\"name\":\"Home\",\"item\":\"https:\\\/\\\/primalfocus.eu\\\/\"},{\"@type\":\"ListItem\",\"position\":2,\"name\":\"Shop\",\"item\":\"https:\\\/\\\/primalfocus.eu\\\/products\\\/\"},{\"@type\":\"ListItem\",\"position\":3,\"name\":\"Macrodosing\",\"item\":\"https:\\\/\\\/primalfocus.eu\\\/macrodosing\\\/\"},{\"@type\":\"ListItem\",\"position\":4,\"name\":\"Magic Truffles\",\"item\":\"https:\\\/\\\/primalfocus.eu\\\/magic-truffles\\\/\"},{\"@type\":\"ListItem\",\"position\":5,\"name\":\"Dragon\u2019s Dynamite Truffles (20g)\"}]},{\"@type\":\"WebSite\",\"@id\":\"https:\\\/\\\/primalfocus.eu\\\/fr\\\/#website\",\"url\":\"https:\\\/\\\/primalfocus.eu\\\/fr\\\/\",\"name\":\"Primal Focus\",\"description\":\"Buy legal psychedelics online\",\"publisher\":{\"@id\":\"https:\\\/\\\/primalfocus.eu\\\/fr\\\/#organization\"},\"potentialAction\":[{\"@type\":\"SearchAction\",\"target\":{\"@type\":\"EntryPoint\",\"urlTemplate\":\"https:\\\/\\\/primalfocus.eu\\\/fr\\\/?s={search_term_string}\"},\"query-input\":{\"@type\":\"PropertyValueSpecification\",\"valueRequired\":true,\"valueName\":\"search_term_string\"}}],\"inLanguage\":\"fr-FR\"},{\"@type\":\"Organization\",\"@id\":\"https:\\\/\\\/primalfocus.eu\\\/fr\\\/#organization\",\"name\":\"Primal Focus\",\"alternateName\":\"primalfocus.eu\",\"url\":\"https:\\\/\\\/primalfocus.eu\\\/fr\\\/\",\"logo\":{\"@type\":\"ImageObject\",\"inLanguage\":\"fr-FR\",\"@id\":\"https:\\\/\\\/primalfocus.eu\\\/fr\\\/#\\\/schema\\\/logo\\\/image\\\/\",\"url\":\"https:\\\/\\\/primalfocus.eu\\\/wp-content\\\/uploads\\\/2025\\\/11\\\/primal-focus-logo-header.svg\",\"contentUrl\":\"https:\\\/\\\/primalfocus.eu\\\/wp-content\\\/uploads\\\/2025\\\/11\\\/primal-focus-logo-header.svg\",\"caption\":\"Primal Focus\"},\"image\":{\"@id\":\"https:\\\/\\\/primalfocus.eu\\\/fr\\\/#\\\/schema\\\/logo\\\/image\\\/\"},\"sameAs\":[\"https:\\\/\\\/www.facebook.com\\\/profile.php?id=61575377667059\",\"https:\\\/\\\/x.com\\\/primalfocus_eu\",\"https:\\\/\\\/www.instagram.com\\\/primalfocus.store\\\/\"]}]}<\/script>\n<!-- \/ Yoast SEO plugin. -->","yoast_head_json":{"title":"Dragon's Dynamite Truffles (20g) : concentration puissante et claire","description":"Commandez les Dragon's Dynamite Magic Truffles chez Primal Focus. Paquets de 20g de notre souche la plus puissante. Des images intenses, une vision profonde et une clart\u00e9 \u00e9nergisante.","robots":{"index":"index","follow":"follow","max-snippet":"max-snippet:-1","max-image-preview":"max-image-preview:large","max-video-preview":"max-video-preview:-1"},"canonical":"https:\/\/primalfocus.eu\/fr\/truffes-magiques-dragons-dynamite\/","og_locale":"fr_FR","og_type":"article","og_title":"Dragon\u2019s Dynamite Truffles (20g): powerful & clear focus","og_description":"Order Dragon\u2019s Dynamite Magic Truffles at Primal Focus. 20g packs of our strongest strain. Intense visuals, deep insight and energizing clarity.","og_url":"https:\/\/primalfocus.eu\/fr\/truffes-magiques-dragons-dynamite\/","og_site_name":"Primal Focus","article_publisher":"https:\/\/www.facebook.com\/profile.php?id=61575377667059","article_modified_time":"2026-04-03T11:15:11+00:00","og_image":[{"width":1000,"height":1000,"url":"https:\/\/primalfocus.eu\/wp-content\/uploads\/2025\/02\/Dragons-Dynamite-open-1-1.webp","type":"image\/webp"}],"twitter_card":"summary_large_image","twitter_site":"@primalfocus_eu","twitter_misc":{"Dur\u00e9e de lecture estim\u00e9e":"3 minutes"},"schema":{"@context":"https:\/\/schema.org","@graph":[{"@type":"WebPage","@id":"https:\/\/primalfocus.eu\/fr\/magic-truffles-dragons-dynamite\/","url":"https:\/\/primalfocus.eu\/fr\/magic-truffles-dragons-dynamite\/","name":"Dragon's Dynamite Truffles (20g) : concentration puissante et claire","isPartOf":{"@id":"https:\/\/primalfocus.eu\/fr\/#website"},"primaryImageOfPage":{"@id":"https:\/\/primalfocus.eu\/fr\/magic-truffles-dragons-dynamite\/#primaryimage"},"image":{"@id":"https:\/\/primalfocus.eu\/fr\/magic-truffles-dragons-dynamite\/#primaryimage"},"thumbnailUrl":"https:\/\/primalfocus.eu\/wp-content\/uploads\/2025\/02\/Dragons-Dynamite-open-1-1.webp","datePublished":"2025-03-02T23:00:17+00:00","dateModified":"2026-04-03T11:15:11+00:00","description":"Commandez les Dragon's Dynamite Magic Truffles chez Primal Focus. Paquets de 20g de notre souche la plus puissante. Des images intenses, une vision profonde et une clart\u00e9 \u00e9nergisante.","breadcrumb":{"@id":"https:\/\/primalfocus.eu\/fr\/magic-truffles-dragons-dynamite\/#breadcrumb"},"inLanguage":"fr-FR","potentialAction":[{"@type":"ReadAction","target":["https:\/\/primalfocus.eu\/fr\/magic-truffles-dragons-dynamite\/"]}]},{"@type":"ImageObject","inLanguage":"fr-FR","@id":"https:\/\/primalfocus.eu\/fr\/magic-truffles-dragons-dynamite\/#primaryimage","url":"https:\/\/primalfocus.eu\/wp-content\/uploads\/2025\/02\/Dragons-Dynamite-open-1-1.webp","contentUrl":"https:\/\/primalfocus.eu\/wp-content\/uploads\/2025\/02\/Dragons-Dynamite-open-1-1.webp","width":1000,"height":1000,"caption":"Dragons Dynamite open 1 1"},{"@type":"BreadcrumbList","@id":"https:\/\/primalfocus.eu\/fr\/magic-truffles-dragons-dynamite\/#breadcrumb","itemListElement":[{"@type":"ListItem","position":1,"name":"Home","item":"https:\/\/primalfocus.eu\/"},{"@type":"ListItem","position":2,"name":"Shop","item":"https:\/\/primalfocus.eu\/products\/"},{"@type":"ListItem","position":3,"name":"Macrodosing","item":"https:\/\/primalfocus.eu\/macrodosing\/"},{"@type":"ListItem","position":4,"name":"Magic Truffles","item":"https:\/\/primalfocus.eu\/magic-truffles\/"},{"@type":"ListItem","position":5,"name":"Dragon\u2019s Dynamite Truffles (20g)"}]},{"@type":"WebSite","@id":"https:\/\/primalfocus.eu\/fr\/#website","url":"https:\/\/primalfocus.eu\/fr\/","name":"Primal Focus","description":"Acheter des psych\u00e9d\u00e9liques l\u00e9gaux en ligne","publisher":{"@id":"https:\/\/primalfocus.eu\/fr\/#organization"},"potentialAction":[{"@type":"SearchAction","target":{"@type":"EntryPoint","urlTemplate":"https:\/\/primalfocus.eu\/fr\/?s={search_term_string}"},"query-input":{"@type":"PropertyValueSpecification","valueRequired":true,"valueName":"search_term_string"}}],"inLanguage":"fr-FR"},{"@type":"Organization","@id":"https:\/\/primalfocus.eu\/fr\/#organization","name":"Primal Focus","alternateName":"primalfocus.eu","url":"https:\/\/primalfocus.eu\/fr\/","logo":{"@type":"ImageObject","inLanguage":"fr-FR","@id":"https:\/\/primalfocus.eu\/fr\/#\/schema\/logo\/image\/","url":"https:\/\/primalfocus.eu\/wp-content\/uploads\/2025\/11\/primal-focus-logo-header.svg","contentUrl":"https:\/\/primalfocus.eu\/wp-content\/uploads\/2025\/11\/primal-focus-logo-header.svg","caption":"Primal Focus"},"image":{"@id":"https:\/\/primalfocus.eu\/fr\/#\/schema\/logo\/image\/"},"sameAs":["https:\/\/www.facebook.com\/profile.php?id=61575377667059","https:\/\/x.com\/primalfocus_eu","https:\/\/www.instagram.com\/primalfocus.store\/"]}]}},"jetpack_sharing_enabled":true,"_links":{"self":[{"href":"https:\/\/primalfocus.eu\/fr\/wp-json\/wp\/v2\/product\/632524","targetHints":{"allow":["GET"]}}],"collection":[{"href":"https:\/\/primalfocus.eu\/fr\/wp-json\/wp\/v2\/product"}],"about":[{"href":"https:\/\/primalfocus.eu\/fr\/wp-json\/wp\/v2\/types\/product"}],"replies":[{"embeddable":true,"href":"https:\/\/primalfocus.eu\/fr\/wp-json\/wp\/v2\/comments?post=632524"}],"wp:featuredmedia":[{"embeddable":true,"href":"https:\/\/primalfocus.eu\/fr\/wp-json\/wp\/v2\/media\/632542"}],"wp:attachment":[{"href":"https:\/\/primalfocus.eu\/fr\/wp-json\/wp\/v2\/media?parent=632524"}],"wp:term":[{"taxonomy":"product_brand","embeddable":true,"href":"https:\/\/primalfocus.eu\/fr\/wp-json\/wp\/v2\/product_brand?post=632524"},{"taxonomy":"product_cat","embeddable":true,"href":"https:\/\/primalfocus.eu\/fr\/wp-json\/wp\/v2\/product_cat?post=632524"},{"taxonomy":"product_tag","embeddable":true,"href":"https:\/\/primalfocus.eu\/fr\/wp-json\/wp\/v2\/product_tag?post=632524"}],"curies":[{"name":"wp","href":"https:\/\/api.w.org\/{rel}","templated":true}]}}