{"id":632467,"date":"2025-03-03T00:00:53","date_gmt":"2025-03-02T23:00:53","guid":{"rendered":"https:\/\/primalfocus.eu\/?post_type=product&#038;p=632467"},"modified":"2026-04-03T13:15:05","modified_gmt":"2026-04-03T11:15:05","slug":"truffes-magiques-high-hawaiians","status":"publish","type":"product","link":"https:\/\/primalfocus.eu\/fr\/magic-truffles-high-hawaiians\/","title":{"rendered":"Truffes High Hawaiians (25g)"},"content":{"rendered":"<h3 style=\"font-size: 1.2em;\"><strong>Pour les psychonautes chevronn\u00e9s, ces truffes puissantes offrent des images profondes et des voyages int\u00e9rieurs intenses.<\/strong><\/h3>\n<div style=\"background-color: #eff5e6; padding: 20px; border-radius: 12px; font-family: Montserrat, sans-serif; font-size: 15px; color: #333; line-height: 1.6;\">\n<ul style=\"list-style: none; padding: 0; margin: 0;\">\n<li style=\"margin-bottom: 8px;\">\u2705 <strong>25 grammes<\/strong> de truffes magiques fra\u00eeches<\/li>\n<li style=\"margin-bottom: 8px;\">\u2705 <strong>La force :<\/strong> Le plus fort \ud83c\udfc6<\/li>\n<li style=\"margin-bottom: 8px;\">\u2705 <strong>100% cultiv\u00e9 biologiquement<\/strong> aux Pays-Bas<\/li>\n<li style=\"margin-bottom: 8px;\">\u2705 <strong>Exp\u00e9dition<\/strong> vers les pays de l'UE<\/li>\n<\/ul>\n<\/div>\n<h2>Qu'est-ce que les truffes High Hawaiians ?<\/h2>\n<p>Les High Hawaiians sont parmi les plus puissants. <a href=\"\/fr\/%e2%80%9dhttps%3a\/\/primalfocus.eu\/categorie-produit\/macrodosage\/truffes-macrodosage\/%e2%80%9d\/\">truffes magiques<\/a> disponibles, ce qui n'est pas pour les timor\u00e9s. Connus pour offrir des exp\u00e9riences visuelles profondes, des vagues euphoriques et un fort sentiment de dissolution de l'ego, ils sont souvent choisis par des utilisateurs exp\u00e9riment\u00e9s \u00e0 la recherche d'une immersion totale.<\/p>\n<p>Contrairement aux vari\u00e9t\u00e9s plus l\u00e9g\u00e8res, les High Hawaiians ont tendance \u00e0 durer plus longtemps et \u00e0 \u00eatre plus profonds. Attendez-vous \u00e0 des images intenses, \u00e0 une alt\u00e9ration de la perception du temps, \u00e0 une vision \u00e9motionnelle et \u00e0 un sentiment d'unit\u00e9 avec l'univers.<\/p>\n<p>Ces truffes sont une passerelle vers le c\u0153ur de l'exp\u00e9rience psych\u00e9d\u00e9lique. \u00c0 utiliser avec respect, dans un environnement s\u00fbr et, id\u00e9alement, avec une exp\u00e9rience ou des conseils pr\u00e9alables.<\/p>\n<h2><strong>Pourquoi choisir High Hawaiians ?<\/strong><\/h2>\n<div class=\"su-accordion su-u-trim custom-truffle-accordion\">\n<div class=\"su-spoiler su-spoiler-style-default su-spoiler-icon-plus su-spoiler-closed\" data-scroll-offset=\"0\" data-anchor-in-url=\"no\"><div class=\"su-spoiler-title\" tabindex=\"0\" role=\"button\"><span class=\"su-spoiler-icon\"><\/span>Puissance maximale<\/div><div class=\"su-spoiler-content su-u-clearfix su-u-trim\">\n<div style=\"background-color: #eff5e6; padding: 12px 16px; font-size: 15px; color: #444;\"><span style=\"font-weight: 400;\">Consid\u00e9r\u00e9e comme l'une des truffes les plus fortes du march\u00e9, parfaite pour les perc\u00e9es et les voyages spirituels profonds.<\/span><\/div>\n<\/div><\/div>\n<div class=\"su-spoiler su-spoiler-style-default su-spoiler-icon-plus su-spoiler-closed\" data-scroll-offset=\"0\" data-anchor-in-url=\"no\"><div class=\"su-spoiler-title\" tabindex=\"0\" role=\"button\"><span class=\"su-spoiler-icon\"><\/span>100% L\u00e9gal dans l'UE<\/div><div class=\"su-spoiler-content su-u-clearfix su-u-trim\">\n<div style=\"background-color: #eff5e6; padding: 12px 16px; font-size: 15px; color: #444;\"><span style=\"font-weight: 400;\">Class\u00e9 comme produit alimentaire aux Pays-Bas et conforme \u00e0 la l\u00e9gislation de l'UE<\/span><\/div>\n<\/div><\/div>\n<div class=\"su-spoiler su-spoiler-style-default su-spoiler-icon-plus su-spoiler-closed\" data-scroll-offset=\"0\" data-anchor-in-url=\"no\"><div class=\"su-spoiler-title\" tabindex=\"0\" role=\"button\"><span class=\"su-spoiler-icon\"><\/span>Culture biologique<\/div><div class=\"su-spoiler-content su-u-clearfix su-u-trim\">\n<div style=\"background-color: #eff5e6; padding: 12px 16px; font-size: 15px; color: #444;\">Cultiv\u00e9 sous terre selon des m\u00e9thodes biologiques, sans pesticides ni additifs synth\u00e9tiques<\/div>\n<\/div><\/div>\n<div class=\"su-spoiler su-spoiler-style-default su-spoiler-icon-plus su-spoiler-closed\" data-scroll-offset=\"0\" data-anchor-in-url=\"no\"><div class=\"su-spoiler-title\" tabindex=\"0\" role=\"button\"><span class=\"su-spoiler-icon\"><\/span>Test\u00e9 et sans danger pour les aliments<\/div><div class=\"su-spoiler-content su-u-clearfix su-u-trim\">\n<div style=\"background-color: #eff5e6; padding: 12px 16px; font-size: 15px; color: #444;\"><span style=\"font-weight: 400;\">Emball\u00e9 selon les normes de s\u00e9curit\u00e9 alimentaire n\u00e9erlandaises<\/span><\/div>\n<\/div><\/div>\n<div class=\"su-spoiler su-spoiler-style-default su-spoiler-icon-plus su-spoiler-closed\" data-scroll-offset=\"0\" data-anchor-in-url=\"no\"><div class=\"su-spoiler-title\" tabindex=\"0\" role=\"button\"><span class=\"su-spoiler-icon\"><\/span>Longue dur\u00e9e de conservation<\/div><div class=\"su-spoiler-content su-u-clearfix su-u-trim\">\n<div style=\"background-color: #eff5e6; padding: 12px 16px; font-size: 15px; color: #444;\"><span style=\"font-weight: 400;\">Au r\u00e9frig\u00e9rateur, il reste frais pendant 2 \u00e0 3 mois<\/span><\/div>\n<\/div><\/div>\n<div class=\"su-spoiler su-spoiler-style-default su-spoiler-icon-plus su-spoiler-closed\" data-scroll-offset=\"0\" data-anchor-in-url=\"no\"><div class=\"su-spoiler-title\" tabindex=\"0\" role=\"button\"><span class=\"su-spoiler-icon\"><\/span>La confiance des utilisateurs exp\u00e9riment\u00e9s<\/div><div class=\"su-spoiler-content su-u-clearfix su-u-trim\">\n<div style=\"background-color: #eff5e6; padding: 12px 16px; font-size: 15px; color: #444;\">Choisi <span style=\"font-weight: 400;\">par des psychonautes du monde entier pour une profondeur \u00e9motionnelle et des exp\u00e9riences de pointe<\/span><\/div>\n<\/div><\/div>\n<div class=\"su-spoiler su-spoiler-style-default su-spoiler-icon-plus su-spoiler-closed\" data-scroll-offset=\"0\" data-anchor-in-url=\"no\"><div class=\"su-spoiler-title\" tabindex=\"0\" role=\"button\"><span class=\"su-spoiler-icon\"><\/span>Flexible et facile \u00e0 prendre<\/div><div class=\"su-spoiler-content su-u-clearfix su-u-trim\">\n<div style=\"background-color: #eff5e6; padding: 12px 16px; font-size: 15px; color: #444;\"><span style=\"font-weight: 400;\">A consommer cru, \u00e0 infuser ou \u00e0 m\u00e9langer \u00e0 la nourriture.<\/span><\/div>\n<\/div><\/div>\n<\/div>\n<div style=\"margin-top: 20px; background-color: #eff5e6; padding: 16px; border-radius: 8px; border: 1px solid #dbeac7; font-family: Montserrat, sans-serif; font-size: 14px;\">\n<h3><strong>Notes cl\u00e9s (\u00e0 lire attentivement) :<\/strong><\/h3>\n<ul style=\"margin: 10px 0 0 20px;\">\n<li>Ne consommez pas de truffes psych\u00e9d\u00e9liques si vous \u00eates mentalement instable, tr\u00e8s anxieux ou si vous avez des ant\u00e9c\u00e9dents personnels ou familiaux de psychose.<\/li>\n<li>\u00c9viter pendant la grossesse, chez les moins de 18 ans ou en cas d'utilisation d'antid\u00e9presseurs\/antipsychotiques.<\/li>\n<li>Ne prenez que dans un cadre s\u00fbr et paisible. Voyagez toujours de mani\u00e8re responsable - de pr\u00e9f\u00e9rence avec un baby-sitter qui ne boit pas.<\/li>\n<li>Ces truffes sont l\u00e9gales aux Pays-Bas et approuv\u00e9es en tant que produit alimentaire.<\/li>\n<li>Transport maritime l\u00e9gal \u00e0 l'\u00e9chelle de l'UE en vertu du r\u00e8glement sur la reconnaissance mutuelle des marchandises.<\/li>\n<\/ul>\n<\/div>","protected":false},"excerpt":{"rendered":"<p>For the seasoned psychonaut, these potent truffles deliver deep visuals and intense inner journeys. \u2705 25 grams of fresh magic [&hellip;]<\/p>\n","protected":false},"featured_media":632469,"comment_status":"open","ping_status":"closed","template":"","meta":{"site-sidebar-layout":"default","site-content-layout":"default","ast-site-content-layout":"default","site-content-style":"default","site-sidebar-style":"default","ast-global-header-display":"","ast-banner-title-visibility":"","ast-main-header-display":"","ast-hfb-above-header-display":"","ast-hfb-below-header-display":"","ast-hfb-mobile-header-display":"","site-post-title":"","ast-breadcrumbs-content":"","ast-featured-img":"","footer-sml-layout":"","ast-disable-related-posts":"","theme-transparent-header-meta":"default","adv-header-id-meta":"","stick-header-meta":"","header-above-stick-meta":"","header-main-stick-meta":"","header-below-stick-meta":"","astra-migrate-meta-layouts":"set","ast-page-background-enabled":"default","ast-page-background-meta":{"desktop":{"background-color":"","background-image":"","background-repeat":"repeat","background-position":"center center","background-size":"auto","background-attachment":"scroll","background-type":"","background-media":"","overlay-type":"","overlay-color":"","overlay-opacity":"","overlay-gradient":""},"tablet":{"background-color":"","background-image":"","background-repeat":"repeat","background-position":"center center","background-size":"auto","background-attachment":"scroll","background-type":"","background-media":"","overlay-type":"","overlay-color":"","overlay-opacity":"","overlay-gradient":""},"mobile":{"background-color":"","background-image":"","background-repeat":"repeat","background-position":"center center","background-size":"auto","background-attachment":"scroll","background-type":"","background-media":"","overlay-type":"","overlay-color":"","overlay-opacity":"","overlay-gradient":""}},"ast-content-background-meta":{"desktop":{"background-color":"var(--ast-global-color-5)","background-image":"","background-repeat":"repeat","background-position":"center center","background-size":"auto","background-attachment":"scroll","background-type":"","background-media":"","overlay-type":"","overlay-color":"","overlay-opacity":"","overlay-gradient":""},"tablet":{"background-color":"var(--ast-global-color-5)","background-image":"","background-repeat":"repeat","background-position":"center center","background-size":"auto","background-attachment":"scroll","background-type":"","background-media":"","overlay-type":"","overlay-color":"","overlay-opacity":"","overlay-gradient":""},"mobile":{"background-color":"var(--ast-global-color-5)","background-image":"","background-repeat":"repeat","background-position":"center center","background-size":"auto","background-attachment":"scroll","background-type":"","background-media":"","overlay-type":"","overlay-color":"","overlay-opacity":"","overlay-gradient":""}}},"product_brand":[128],"product_cat":[92,109,112],"product_tag":[],"class_list":{"0":"post-632467","1":"product","2":"type-product","3":"status-publish","4":"has-post-thumbnail","6":"product_brand-mcsmart","7":"product_cat-macrodosing","8":"product_cat-magic-truffles","9":"product_cat-mcsmart","10":"product_shipping_class-brievenbus-pakje","11":"desktop-align-center","12":"tablet-align-left","13":"mobile-align-left","15":"first","16":"instock","17":"taxable","18":"shipping-taxable","19":"purchasable","20":"product-type-simple"},"yoast_head":"<!-- This site is optimized with the Yoast SEO plugin v27.3 - https:\/\/yoast.com\/product\/yoast-seo-wordpress\/ -->\n<title>Buy High Hawaiians Truffles for vivid visuals and depth<\/title>\n<meta name=\"description\" content=\"Discover High Hawaiians Magic Truffles, the strongest strain available. Organically grown, food-safety approved and shipped across Europe by Primal Focus.\" \/>\n<meta name=\"robots\" content=\"index, follow, max-snippet:-1, max-image-preview:large, max-video-preview:-1\" \/>\n<link rel=\"canonical\" href=\"https:\/\/primalfocus.eu\/fr\/truffes-magiques-high-hawaiians\/\" \/>\n<meta property=\"og:locale\" content=\"fr_FR\" \/>\n<meta property=\"og:type\" content=\"article\" \/>\n<meta property=\"og:title\" content=\"Buy High Hawaiians Truffles for vivid visuals and depth\" \/>\n<meta property=\"og:description\" content=\"Discover High Hawaiians Magic Truffles, the strongest strain available. Organically grown, food-safety approved and shipped across Europe by Primal Focus.\" \/>\n<meta property=\"og:url\" content=\"https:\/\/primalfocus.eu\/fr\/truffes-magiques-high-hawaiians\/\" \/>\n<meta property=\"og:site_name\" content=\"Primal Focus\" \/>\n<meta property=\"article:publisher\" content=\"https:\/\/www.facebook.com\/profile.php?id=61575377667059\" \/>\n<meta property=\"article:modified_time\" content=\"2026-04-03T11:15:05+00:00\" \/>\n<meta property=\"og:image\" content=\"https:\/\/primalfocus.eu\/wp-content\/uploads\/2025\/02\/High-Hawaiians-open-1.webp\" \/>\n\t<meta property=\"og:image:width\" content=\"1000\" \/>\n\t<meta property=\"og:image:height\" content=\"1000\" \/>\n\t<meta property=\"og:image:type\" content=\"image\/webp\" \/>\n<meta name=\"twitter:card\" content=\"summary_large_image\" \/>\n<meta name=\"twitter:site\" content=\"@primalfocus_eu\" \/>\n<meta name=\"twitter:label1\" content=\"Dur\u00e9e de lecture estim\u00e9e\" \/>\n\t<meta name=\"twitter:data1\" content=\"2 minutes\" \/>\n<script type=\"application\/ld+json\" class=\"yoast-schema-graph\">{\"@context\":\"https:\\\/\\\/schema.org\",\"@graph\":[{\"@type\":\"WebPage\",\"@id\":\"https:\\\/\\\/primalfocus.eu\\\/fr\\\/magic-truffles-high-hawaiians\\\/\",\"url\":\"https:\\\/\\\/primalfocus.eu\\\/fr\\\/magic-truffles-high-hawaiians\\\/\",\"name\":\"Buy High Hawaiians Truffles for vivid visuals and depth\",\"isPartOf\":{\"@id\":\"https:\\\/\\\/primalfocus.eu\\\/fr\\\/#website\"},\"primaryImageOfPage\":{\"@id\":\"https:\\\/\\\/primalfocus.eu\\\/fr\\\/magic-truffles-high-hawaiians\\\/#primaryimage\"},\"image\":{\"@id\":\"https:\\\/\\\/primalfocus.eu\\\/fr\\\/magic-truffles-high-hawaiians\\\/#primaryimage\"},\"thumbnailUrl\":\"https:\\\/\\\/primalfocus.eu\\\/wp-content\\\/uploads\\\/2025\\\/02\\\/High-Hawaiians-open-1.webp\",\"datePublished\":\"2025-03-02T23:00:53+00:00\",\"dateModified\":\"2026-04-03T11:15:05+00:00\",\"description\":\"Discover High Hawaiians Magic Truffles, the strongest strain available. Organically grown, food-safety approved and shipped across Europe by Primal Focus.\",\"breadcrumb\":{\"@id\":\"https:\\\/\\\/primalfocus.eu\\\/fr\\\/magic-truffles-high-hawaiians\\\/#breadcrumb\"},\"inLanguage\":\"fr-FR\",\"potentialAction\":[{\"@type\":\"ReadAction\",\"target\":[\"https:\\\/\\\/primalfocus.eu\\\/fr\\\/magic-truffles-high-hawaiians\\\/\"]}]},{\"@type\":\"ImageObject\",\"inLanguage\":\"fr-FR\",\"@id\":\"https:\\\/\\\/primalfocus.eu\\\/fr\\\/magic-truffles-high-hawaiians\\\/#primaryimage\",\"url\":\"https:\\\/\\\/primalfocus.eu\\\/wp-content\\\/uploads\\\/2025\\\/02\\\/High-Hawaiians-open-1.webp\",\"contentUrl\":\"https:\\\/\\\/primalfocus.eu\\\/wp-content\\\/uploads\\\/2025\\\/02\\\/High-Hawaiians-open-1.webp\",\"width\":1000,\"height\":1000,\"caption\":\"High Hawaiians open 1\"},{\"@type\":\"BreadcrumbList\",\"@id\":\"https:\\\/\\\/primalfocus.eu\\\/fr\\\/magic-truffles-high-hawaiians\\\/#breadcrumb\",\"itemListElement\":[{\"@type\":\"ListItem\",\"position\":1,\"name\":\"Home\",\"item\":\"https:\\\/\\\/primalfocus.eu\\\/\"},{\"@type\":\"ListItem\",\"position\":2,\"name\":\"Shop\",\"item\":\"https:\\\/\\\/primalfocus.eu\\\/products\\\/\"},{\"@type\":\"ListItem\",\"position\":3,\"name\":\"Macrodosing\",\"item\":\"https:\\\/\\\/primalfocus.eu\\\/macrodosing\\\/\"},{\"@type\":\"ListItem\",\"position\":4,\"name\":\"Magic Truffles\",\"item\":\"https:\\\/\\\/primalfocus.eu\\\/magic-truffles\\\/\"},{\"@type\":\"ListItem\",\"position\":5,\"name\":\"High Hawaiians Truffles (25g)\"}]},{\"@type\":\"WebSite\",\"@id\":\"https:\\\/\\\/primalfocus.eu\\\/fr\\\/#website\",\"url\":\"https:\\\/\\\/primalfocus.eu\\\/fr\\\/\",\"name\":\"Primal Focus\",\"description\":\"Buy legal psychedelics online\",\"publisher\":{\"@id\":\"https:\\\/\\\/primalfocus.eu\\\/fr\\\/#organization\"},\"potentialAction\":[{\"@type\":\"SearchAction\",\"target\":{\"@type\":\"EntryPoint\",\"urlTemplate\":\"https:\\\/\\\/primalfocus.eu\\\/fr\\\/?s={search_term_string}\"},\"query-input\":{\"@type\":\"PropertyValueSpecification\",\"valueRequired\":true,\"valueName\":\"search_term_string\"}}],\"inLanguage\":\"fr-FR\"},{\"@type\":\"Organization\",\"@id\":\"https:\\\/\\\/primalfocus.eu\\\/fr\\\/#organization\",\"name\":\"Primal Focus\",\"alternateName\":\"primalfocus.eu\",\"url\":\"https:\\\/\\\/primalfocus.eu\\\/fr\\\/\",\"logo\":{\"@type\":\"ImageObject\",\"inLanguage\":\"fr-FR\",\"@id\":\"https:\\\/\\\/primalfocus.eu\\\/fr\\\/#\\\/schema\\\/logo\\\/image\\\/\",\"url\":\"https:\\\/\\\/primalfocus.eu\\\/wp-content\\\/uploads\\\/2025\\\/11\\\/primal-focus-logo-header.svg\",\"contentUrl\":\"https:\\\/\\\/primalfocus.eu\\\/wp-content\\\/uploads\\\/2025\\\/11\\\/primal-focus-logo-header.svg\",\"caption\":\"Primal Focus\"},\"image\":{\"@id\":\"https:\\\/\\\/primalfocus.eu\\\/fr\\\/#\\\/schema\\\/logo\\\/image\\\/\"},\"sameAs\":[\"https:\\\/\\\/www.facebook.com\\\/profile.php?id=61575377667059\",\"https:\\\/\\\/x.com\\\/primalfocus_eu\",\"https:\\\/\\\/www.instagram.com\\\/primalfocus.store\\\/\"]}]}<\/script>\n<!-- \/ Yoast SEO plugin. -->","yoast_head_json":{"title":"Achetez des truffes hawa\u00efennes pour des images vives et de la profondeur.","description":"D\u00e9couvrez High Hawaiians Magic Truffles, la vari\u00e9t\u00e9 la plus puissante disponible. Cultiv\u00e9e biologiquement, approuv\u00e9e en mati\u00e8re de s\u00e9curit\u00e9 alimentaire et exp\u00e9di\u00e9e dans toute l'Europe par Primal Focus.","robots":{"index":"index","follow":"follow","max-snippet":"max-snippet:-1","max-image-preview":"max-image-preview:large","max-video-preview":"max-video-preview:-1"},"canonical":"https:\/\/primalfocus.eu\/fr\/truffes-magiques-high-hawaiians\/","og_locale":"fr_FR","og_type":"article","og_title":"Buy High Hawaiians Truffles for vivid visuals and depth","og_description":"Discover High Hawaiians Magic Truffles, the strongest strain available. Organically grown, food-safety approved and shipped across Europe by Primal Focus.","og_url":"https:\/\/primalfocus.eu\/fr\/truffes-magiques-high-hawaiians\/","og_site_name":"Primal Focus","article_publisher":"https:\/\/www.facebook.com\/profile.php?id=61575377667059","article_modified_time":"2026-04-03T11:15:05+00:00","og_image":[{"width":1000,"height":1000,"url":"https:\/\/primalfocus.eu\/wp-content\/uploads\/2025\/02\/High-Hawaiians-open-1.webp","type":"image\/webp"}],"twitter_card":"summary_large_image","twitter_site":"@primalfocus_eu","twitter_misc":{"Dur\u00e9e de lecture estim\u00e9e":"2 minutes"},"schema":{"@context":"https:\/\/schema.org","@graph":[{"@type":"WebPage","@id":"https:\/\/primalfocus.eu\/fr\/magic-truffles-high-hawaiians\/","url":"https:\/\/primalfocus.eu\/fr\/magic-truffles-high-hawaiians\/","name":"Achetez des truffes hawa\u00efennes pour des images vives et de la profondeur.","isPartOf":{"@id":"https:\/\/primalfocus.eu\/fr\/#website"},"primaryImageOfPage":{"@id":"https:\/\/primalfocus.eu\/fr\/magic-truffles-high-hawaiians\/#primaryimage"},"image":{"@id":"https:\/\/primalfocus.eu\/fr\/magic-truffles-high-hawaiians\/#primaryimage"},"thumbnailUrl":"https:\/\/primalfocus.eu\/wp-content\/uploads\/2025\/02\/High-Hawaiians-open-1.webp","datePublished":"2025-03-02T23:00:53+00:00","dateModified":"2026-04-03T11:15:05+00:00","description":"D\u00e9couvrez High Hawaiians Magic Truffles, la vari\u00e9t\u00e9 la plus puissante disponible. Cultiv\u00e9e biologiquement, approuv\u00e9e en mati\u00e8re de s\u00e9curit\u00e9 alimentaire et exp\u00e9di\u00e9e dans toute l'Europe par Primal Focus.","breadcrumb":{"@id":"https:\/\/primalfocus.eu\/fr\/magic-truffles-high-hawaiians\/#breadcrumb"},"inLanguage":"fr-FR","potentialAction":[{"@type":"ReadAction","target":["https:\/\/primalfocus.eu\/fr\/magic-truffles-high-hawaiians\/"]}]},{"@type":"ImageObject","inLanguage":"fr-FR","@id":"https:\/\/primalfocus.eu\/fr\/magic-truffles-high-hawaiians\/#primaryimage","url":"https:\/\/primalfocus.eu\/wp-content\/uploads\/2025\/02\/High-Hawaiians-open-1.webp","contentUrl":"https:\/\/primalfocus.eu\/wp-content\/uploads\/2025\/02\/High-Hawaiians-open-1.webp","width":1000,"height":1000,"caption":"High Hawaiians open 1"},{"@type":"BreadcrumbList","@id":"https:\/\/primalfocus.eu\/fr\/magic-truffles-high-hawaiians\/#breadcrumb","itemListElement":[{"@type":"ListItem","position":1,"name":"Home","item":"https:\/\/primalfocus.eu\/"},{"@type":"ListItem","position":2,"name":"Shop","item":"https:\/\/primalfocus.eu\/products\/"},{"@type":"ListItem","position":3,"name":"Macrodosing","item":"https:\/\/primalfocus.eu\/macrodosing\/"},{"@type":"ListItem","position":4,"name":"Magic Truffles","item":"https:\/\/primalfocus.eu\/magic-truffles\/"},{"@type":"ListItem","position":5,"name":"High Hawaiians Truffles (25g)"}]},{"@type":"WebSite","@id":"https:\/\/primalfocus.eu\/fr\/#website","url":"https:\/\/primalfocus.eu\/fr\/","name":"Primal Focus","description":"Acheter des psych\u00e9d\u00e9liques l\u00e9gaux en ligne","publisher":{"@id":"https:\/\/primalfocus.eu\/fr\/#organization"},"potentialAction":[{"@type":"SearchAction","target":{"@type":"EntryPoint","urlTemplate":"https:\/\/primalfocus.eu\/fr\/?s={search_term_string}"},"query-input":{"@type":"PropertyValueSpecification","valueRequired":true,"valueName":"search_term_string"}}],"inLanguage":"fr-FR"},{"@type":"Organization","@id":"https:\/\/primalfocus.eu\/fr\/#organization","name":"Primal Focus","alternateName":"primalfocus.eu","url":"https:\/\/primalfocus.eu\/fr\/","logo":{"@type":"ImageObject","inLanguage":"fr-FR","@id":"https:\/\/primalfocus.eu\/fr\/#\/schema\/logo\/image\/","url":"https:\/\/primalfocus.eu\/wp-content\/uploads\/2025\/11\/primal-focus-logo-header.svg","contentUrl":"https:\/\/primalfocus.eu\/wp-content\/uploads\/2025\/11\/primal-focus-logo-header.svg","caption":"Primal Focus"},"image":{"@id":"https:\/\/primalfocus.eu\/fr\/#\/schema\/logo\/image\/"},"sameAs":["https:\/\/www.facebook.com\/profile.php?id=61575377667059","https:\/\/x.com\/primalfocus_eu","https:\/\/www.instagram.com\/primalfocus.store\/"]}]}},"jetpack_sharing_enabled":true,"_links":{"self":[{"href":"https:\/\/primalfocus.eu\/fr\/wp-json\/wp\/v2\/product\/632467","targetHints":{"allow":["GET"]}}],"collection":[{"href":"https:\/\/primalfocus.eu\/fr\/wp-json\/wp\/v2\/product"}],"about":[{"href":"https:\/\/primalfocus.eu\/fr\/wp-json\/wp\/v2\/types\/product"}],"replies":[{"embeddable":true,"href":"https:\/\/primalfocus.eu\/fr\/wp-json\/wp\/v2\/comments?post=632467"}],"wp:featuredmedia":[{"embeddable":true,"href":"https:\/\/primalfocus.eu\/fr\/wp-json\/wp\/v2\/media\/632469"}],"wp:attachment":[{"href":"https:\/\/primalfocus.eu\/fr\/wp-json\/wp\/v2\/media?parent=632467"}],"wp:term":[{"taxonomy":"product_brand","embeddable":true,"href":"https:\/\/primalfocus.eu\/fr\/wp-json\/wp\/v2\/product_brand?post=632467"},{"taxonomy":"product_cat","embeddable":true,"href":"https:\/\/primalfocus.eu\/fr\/wp-json\/wp\/v2\/product_cat?post=632467"},{"taxonomy":"product_tag","embeddable":true,"href":"https:\/\/primalfocus.eu\/fr\/wp-json\/wp\/v2\/product_tag?post=632467"}],"curies":[{"name":"wp","href":"https:\/\/api.w.org\/{rel}","templated":true}]}}