{"id":461818,"date":"2024-10-09T15:05:08","date_gmt":"2024-10-09T13:05:08","guid":{"rendered":"https:\/\/primalfocus.eu\/?post_type=product&#038;p=461818"},"modified":"2026-04-08T08:04:38","modified_gmt":"2026-04-08T06:04:38","slug":"gelules-de-chaga","status":"publish","type":"product","link":"https:\/\/primalfocus.eu\/fr\/chaga-capsules\/","title":{"rendered":"G\u00e9lules de Chaga"},"content":{"rendered":"<p>Faites l'exp\u00e9rience d'un soutien immunitaire naturel au c\u0153ur de la for\u00eat avec les g\u00e9lules de champignon Chaga de Primal Focus. Connu pour son riche profil antioxydant et ses propri\u00e9t\u00e9s de renforcement immunitaire, le Chaga vous aide \u00e0 d\u00e9velopper une r\u00e9sistance durable contre le stress et la fatigue. Chaque g\u00e9lule contient de l'extrait de Chaga pur, r\u00e9colt\u00e9 \u00e0 l'\u00e9tat sauvage, fournissant l'un des champignons adaptog\u00e8nes les plus puissants de la nature sous sa forme la plus propre.<\/p>\n<div style=\"background-color: #eff5e6; padding: 20px; border-radius: 12px; font-family: Montserrat, sans-serif; font-size: 15px; color: #333; line-height: 1.6;\">\n<ul style=\"list-style: none; padding: 0; margin: 0;\">\n<li style=\"margin-bottom: 8px;\">\u2705 <strong>90 g\u00e9lules par sachet<\/strong> (1-3 mois d'approvisionnement)<\/li>\n<li style=\"margin-bottom: 8px;\">\u2705 <strong>100% Organic<\/strong> &amp; \u00e0 base de Chaga r\u00e9colt\u00e9 \u00e0 l'\u00e9tat sauvage<\/li>\n<li style=\"margin-bottom: 8px;\">\u2705 <strong>Corps fructif\u00e8re uniquement<\/strong> - sans c\u00e9r\u00e9ales, sans agents de remplissage<\/li>\n<\/ul>\n<\/div>\n<p>&nbsp;<\/p>\n<div class=\"su-accordion su-u-trim custom-chaga-description\">\n<div class=\"su-spoiler su-spoiler-style-fancy su-spoiler-icon-plus su-spoiler-closed\" data-scroll-offset=\"0\" data-anchor-in-url=\"no\"><div class=\"su-spoiler-title\" tabindex=\"0\" role=\"button\"><span class=\"su-spoiler-icon\"><\/span>Qu'est-ce que le chaga ?<\/div><div class=\"su-spoiler-content su-u-clearfix su-u-trim\">\n<div style=\"background-color: #eff5e6; padding: 16px; font-size: 15px; font-family: Montserrat, sans-serif; color: #444; line-height: 1.6;\">\n<p>Chaga (<em>Inonotus obliquus<\/em>) est un champignon m\u00e9dicinal qui pousse sur les bouleaux dans les r\u00e9gions froides telles que la Sib\u00e9rie, le Canada et l'Europe du Nord. \u00c0 l'ext\u00e9rieur, il ressemble \u00e0 du bois carbonis\u00e9, mais \u00e0 l'int\u00e9rieur, il contient une forte concentration d'antioxydants, de b\u00eata-glucanes et d'autres compos\u00e9s actifs qui favorisent la sant\u00e9 immunitaire et la vitalit\u00e9 \u00e0 long terme. Traditionnellement utilis\u00e9 dans la phytoth\u00e9rapie russe et nordique, le chaga est aujourd'hui reconnu dans le monde entier comme l'un des adaptog\u00e8nes naturels les plus puissants.<\/p>\n<\/div>\n<\/div><\/div>\n<div class=\"su-spoiler su-spoiler-style-fancy su-spoiler-icon-plus su-spoiler-closed\" data-scroll-offset=\"0\" data-anchor-in-url=\"no\"><div class=\"su-spoiler-title\" tabindex=\"0\" role=\"button\"><span class=\"su-spoiler-icon\"><\/span>Pourquoi utiliser le chaga ?<\/div><div class=\"su-spoiler-content su-u-clearfix su-u-trim\">\n<div style=\"background-color: #eff5e6; padding: 16px; font-size: 15px; font-family: Montserrat, sans-serif; color: #444; line-height: 1.6;\">\n<p>Le chaga est surtout connu pour ses propri\u00e9t\u00e9s de soutien immunitaire, qui aident l'organisme \u00e0 rester r\u00e9sistant pendant les p\u00e9riodes de stress ou de maladie. Sa teneur naturellement \u00e9lev\u00e9e en antioxydants et en b\u00eata-glucanes contribue \u00e0 r\u00e9duire l'inflammation, \u00e0 lutter contre la fatigue et \u00e0 favoriser une r\u00e9ponse immunitaire \u00e9quilibr\u00e9e. Une consommation r\u00e9guli\u00e8re peut favoriser le bien-\u00eatre g\u00e9n\u00e9ral, stimuler l'\u00e9nergie et vous aider \u00e0 vous sentir plus fort et plus centr\u00e9 tout au long de la journ\u00e9e.<\/p>\n<\/div>\n<\/div><\/div>\n<div class=\"su-spoiler su-spoiler-style-fancy su-spoiler-icon-plus su-spoiler-closed\" data-scroll-offset=\"0\" data-anchor-in-url=\"no\"><div class=\"su-spoiler-title\" tabindex=\"0\" role=\"button\"><span class=\"su-spoiler-icon\"><\/span>Qui devrait utiliser le chaga ?<\/div><div class=\"su-spoiler-content su-u-clearfix su-u-trim\">\n<div style=\"background-color: #eff5e6; padding: 16px; font-size: 15px; font-family: Montserrat, sans-serif; color: #444; line-height: 1.6;\">\n<p>Le Chaga est id\u00e9al pour tous ceux qui cherchent \u00e0 renforcer leurs d\u00e9fenses naturelles et \u00e0 maintenir une \u00e9nergie constante. Il est particuli\u00e8rement indiqu\u00e9 pour :<\/p>\n<ul>\n<li>Les personnes cherchant \u00e0 soutenir la fonction immunitaire de mani\u00e8re naturelle<\/li>\n<li>Les personnes qui ont un mode de vie charg\u00e9 ou stressant et qui ont besoin d'un soutien quotidien<\/li>\n<li>Les personnes qui se remettent d'une maladie ou qui essaient de pr\u00e9venir le burnout<\/li>\n<\/ul>\n<\/div>\n<\/div><\/div>\n<div class=\"su-spoiler su-spoiler-style-fancy su-spoiler-icon-plus su-spoiler-closed\" data-scroll-offset=\"0\" data-anchor-in-url=\"no\"><div class=\"su-spoiler-title\" tabindex=\"0\" role=\"button\"><span class=\"su-spoiler-icon\"><\/span>Que contiennent nos g\u00e9lules ?<\/div><div class=\"su-spoiler-content su-u-clearfix su-u-trim\">\n<div style=\"background-color: #eff5e6; padding: 16px; font-size: 15px; font-family: Montserrat, sans-serif; color: #444; line-height: 1.6;\">\n<p>Chaque g\u00e9lule contient 100% d'extrait de chaga pur provenant uniquement du corps fructif\u00e8re, sans grains, amidons ou additifs. Notre processus d'extraction double pr\u00e9serve le spectre complet des compos\u00e9s actifs, y compris les b\u00eata-glucanes solubles dans l'eau et les antioxydants solubles dans l'alcool. Le r\u00e9sultat est un suppl\u00e9ment propre et concentr\u00e9 dans des g\u00e9lules v\u00e9g\u00e9taliennes qui offrent une force constante et fiable \u00e0 chaque fois.<\/p>\n<\/div>\n<\/div><\/div>\n<\/div>\n<div style=\"margin-top: 20px; background-color: #eff5e6; padding: 16px; border-radius: 8px; border: 1px solid #dbeac7; font-family: Montserrat, sans-serif; font-size: 14px;\">\n<h2>Notes cl\u00e9s (\u00e0 lire attentivement)<\/h2>\n<ul>\n<li>Ne pas utiliser pendant la grossesse ou l'allaitement.<\/li>\n<li>\u00c0 \u00e9viter en cas d'allergie aux champignons ou au pollen de bouleau.<\/li>\n<li>Sans danger pour une utilisation quotidienne ; \u00e0 prendre de pr\u00e9f\u00e9rence le matin ou l'apr\u00e8s-midi.<\/li>\n<li>Consultez votre m\u00e9decin si vous souffrez d'une maladie auto-immune ou si vous prenez des anticoagulants.<\/li>\n<\/ul>\n<\/div>","protected":false},"excerpt":{"rendered":"<p>Experience natural immune support from the heart of the forest with Chaga Mushroom Capsules by Primal Focus. Known for its [&hellip;]<\/p>\n","protected":false},"featured_media":870318,"comment_status":"open","ping_status":"closed","template":"","meta":{"site-sidebar-layout":"default","site-content-layout":"default","ast-site-content-layout":"default","site-content-style":"default","site-sidebar-style":"default","ast-global-header-display":"","ast-banner-title-visibility":"","ast-main-header-display":"","ast-hfb-above-header-display":"","ast-hfb-below-header-display":"","ast-hfb-mobile-header-display":"","site-post-title":"","ast-breadcrumbs-content":"","ast-featured-img":"","footer-sml-layout":"","ast-disable-related-posts":"","theme-transparent-header-meta":"default","adv-header-id-meta":"","stick-header-meta":"","header-above-stick-meta":"","header-main-stick-meta":"","header-below-stick-meta":"","astra-migrate-meta-layouts":"set","ast-page-background-enabled":"default","ast-page-background-meta":{"desktop":{"background-color":"","background-image":"","background-repeat":"repeat","background-position":"center center","background-size":"auto","background-attachment":"scroll","background-type":"","background-media":"","overlay-type":"","overlay-color":"","overlay-opacity":"","overlay-gradient":""},"tablet":{"background-color":"","background-image":"","background-repeat":"repeat","background-position":"center center","background-size":"auto","background-attachment":"scroll","background-type":"","background-media":"","overlay-type":"","overlay-color":"","overlay-opacity":"","overlay-gradient":""},"mobile":{"background-color":"","background-image":"","background-repeat":"repeat","background-position":"center center","background-size":"auto","background-attachment":"scroll","background-type":"","background-media":"","overlay-type":"","overlay-color":"","overlay-opacity":"","overlay-gradient":""}},"ast-content-background-meta":{"desktop":{"background-color":"var(--ast-global-color-5)","background-image":"","background-repeat":"repeat","background-position":"center center","background-size":"auto","background-attachment":"scroll","background-type":"","background-media":"","overlay-type":"","overlay-color":"","overlay-opacity":"","overlay-gradient":""},"tablet":{"background-color":"var(--ast-global-color-5)","background-image":"","background-repeat":"repeat","background-position":"center center","background-size":"auto","background-attachment":"scroll","background-type":"","background-media":"","overlay-type":"","overlay-color":"","overlay-opacity":"","overlay-gradient":""},"mobile":{"background-color":"var(--ast-global-color-5)","background-image":"","background-repeat":"repeat","background-position":"center center","background-size":"auto","background-attachment":"scroll","background-type":"","background-media":"","overlay-type":"","overlay-color":"","overlay-opacity":"","overlay-gradient":""}}},"product_brand":[129],"product_cat":[108],"product_tag":[],"class_list":{"0":"post-461818","1":"product","2":"type-product","3":"status-publish","4":"has-post-thumbnail","6":"product_brand-primal-focus","7":"product_cat-functional-mushrooms","8":"product_shipping_class-brievenbus-pakje","9":"desktop-align-center","10":"tablet-align-left","11":"mobile-align-left","13":"first","14":"instock","15":"taxable","16":"shipping-taxable","17":"purchasable","18":"product-type-simple"},"yoast_head":"<!-- This site is optimized with the Yoast SEO plugin v27.3 - https:\/\/yoast.com\/product\/yoast-seo-wordpress\/ -->\n<title>Buy Chaga mushroom capsules for energy and immune balance<\/title>\n<meta name=\"description\" content=\"Discover pure Chaga mushroom benefits with Primal Focus. 100% fruiting body extract for energy, balance and protection. Organic, vegan and filler-free.\" \/>\n<meta name=\"robots\" content=\"index, follow, max-snippet:-1, max-image-preview:large, max-video-preview:-1\" \/>\n<link rel=\"canonical\" href=\"https:\/\/primalfocus.eu\/fr\/gelules-de-chaga\/\" \/>\n<meta property=\"og:locale\" content=\"fr_FR\" \/>\n<meta property=\"og:type\" content=\"article\" \/>\n<meta property=\"og:title\" content=\"Buy Chaga mushroom capsules for energy and immune balance\" \/>\n<meta property=\"og:description\" content=\"Discover pure Chaga mushroom benefits with Primal Focus. 100% fruiting body extract for energy, balance and protection. Organic, vegan and filler-free.\" \/>\n<meta property=\"og:url\" content=\"https:\/\/primalfocus.eu\/fr\/gelules-de-chaga\/\" \/>\n<meta property=\"og:site_name\" content=\"Primal Focus\" \/>\n<meta property=\"article:publisher\" content=\"https:\/\/www.facebook.com\/profile.php?id=61575377667059\" \/>\n<meta property=\"article:modified_time\" content=\"2026-04-08T06:04:38+00:00\" \/>\n<meta property=\"og:image\" content=\"https:\/\/primalfocus.eu\/wp-content\/uploads\/2024\/10\/Chaga-Capsules-primalfocus.eu_.webp\" \/>\n\t<meta property=\"og:image:width\" content=\"1080\" \/>\n\t<meta property=\"og:image:height\" content=\"1080\" \/>\n\t<meta property=\"og:image:type\" content=\"image\/webp\" \/>\n<meta name=\"twitter:card\" content=\"summary_large_image\" \/>\n<meta name=\"twitter:site\" content=\"@primalfocus_eu\" \/>\n<meta name=\"twitter:label1\" content=\"Dur\u00e9e de lecture estim\u00e9e\" \/>\n\t<meta name=\"twitter:data1\" content=\"2 minutes\" \/>\n<script type=\"application\/ld+json\" class=\"yoast-schema-graph\">{\"@context\":\"https:\\\/\\\/schema.org\",\"@graph\":[{\"@type\":\"WebPage\",\"@id\":\"https:\\\/\\\/primalfocus.eu\\\/fr\\\/chaga-capsules\\\/\",\"url\":\"https:\\\/\\\/primalfocus.eu\\\/fr\\\/chaga-capsules\\\/\",\"name\":\"Buy Chaga mushroom capsules for energy and immune balance\",\"isPartOf\":{\"@id\":\"https:\\\/\\\/primalfocus.eu\\\/fr\\\/#website\"},\"primaryImageOfPage\":{\"@id\":\"https:\\\/\\\/primalfocus.eu\\\/fr\\\/chaga-capsules\\\/#primaryimage\"},\"image\":{\"@id\":\"https:\\\/\\\/primalfocus.eu\\\/fr\\\/chaga-capsules\\\/#primaryimage\"},\"thumbnailUrl\":\"https:\\\/\\\/primalfocus.eu\\\/wp-content\\\/uploads\\\/2024\\\/10\\\/Chaga-Capsules-primalfocus.eu_.webp\",\"datePublished\":\"2024-10-09T13:05:08+00:00\",\"dateModified\":\"2026-04-08T06:04:38+00:00\",\"description\":\"Discover pure Chaga mushroom benefits with Primal Focus. 100% fruiting body extract for energy, balance and protection. Organic, vegan and filler-free.\",\"breadcrumb\":{\"@id\":\"https:\\\/\\\/primalfocus.eu\\\/fr\\\/chaga-capsules\\\/#breadcrumb\"},\"inLanguage\":\"fr-FR\",\"potentialAction\":[{\"@type\":\"ReadAction\",\"target\":[\"https:\\\/\\\/primalfocus.eu\\\/fr\\\/chaga-capsules\\\/\"]}]},{\"@type\":\"ImageObject\",\"inLanguage\":\"fr-FR\",\"@id\":\"https:\\\/\\\/primalfocus.eu\\\/fr\\\/chaga-capsules\\\/#primaryimage\",\"url\":\"https:\\\/\\\/primalfocus.eu\\\/wp-content\\\/uploads\\\/2024\\\/10\\\/Chaga-Capsules-primalfocus.eu_.webp\",\"contentUrl\":\"https:\\\/\\\/primalfocus.eu\\\/wp-content\\\/uploads\\\/2024\\\/10\\\/Chaga-Capsules-primalfocus.eu_.webp\",\"width\":1080,\"height\":1080,\"caption\":\"Chaga Capsules primalfocus.eu\"},{\"@type\":\"BreadcrumbList\",\"@id\":\"https:\\\/\\\/primalfocus.eu\\\/fr\\\/chaga-capsules\\\/#breadcrumb\",\"itemListElement\":[{\"@type\":\"ListItem\",\"position\":1,\"name\":\"Home\",\"item\":\"https:\\\/\\\/primalfocus.eu\\\/\"},{\"@type\":\"ListItem\",\"position\":2,\"name\":\"Shop\",\"item\":\"https:\\\/\\\/primalfocus.eu\\\/products\\\/\"},{\"@type\":\"ListItem\",\"position\":3,\"name\":\"Functional Mushrooms\",\"item\":\"https:\\\/\\\/primalfocus.eu\\\/functional-mushrooms\\\/\"},{\"@type\":\"ListItem\",\"position\":4,\"name\":\"Chaga Capsules\"}]},{\"@type\":\"WebSite\",\"@id\":\"https:\\\/\\\/primalfocus.eu\\\/fr\\\/#website\",\"url\":\"https:\\\/\\\/primalfocus.eu\\\/fr\\\/\",\"name\":\"Primal Focus\",\"description\":\"Buy legal psychedelics online\",\"publisher\":{\"@id\":\"https:\\\/\\\/primalfocus.eu\\\/fr\\\/#organization\"},\"potentialAction\":[{\"@type\":\"SearchAction\",\"target\":{\"@type\":\"EntryPoint\",\"urlTemplate\":\"https:\\\/\\\/primalfocus.eu\\\/fr\\\/?s={search_term_string}\"},\"query-input\":{\"@type\":\"PropertyValueSpecification\",\"valueRequired\":true,\"valueName\":\"search_term_string\"}}],\"inLanguage\":\"fr-FR\"},{\"@type\":\"Organization\",\"@id\":\"https:\\\/\\\/primalfocus.eu\\\/fr\\\/#organization\",\"name\":\"Primal Focus\",\"alternateName\":\"primalfocus.eu\",\"url\":\"https:\\\/\\\/primalfocus.eu\\\/fr\\\/\",\"logo\":{\"@type\":\"ImageObject\",\"inLanguage\":\"fr-FR\",\"@id\":\"https:\\\/\\\/primalfocus.eu\\\/fr\\\/#\\\/schema\\\/logo\\\/image\\\/\",\"url\":\"https:\\\/\\\/primalfocus.eu\\\/wp-content\\\/uploads\\\/2025\\\/11\\\/primal-focus-logo-header.svg\",\"contentUrl\":\"https:\\\/\\\/primalfocus.eu\\\/wp-content\\\/uploads\\\/2025\\\/11\\\/primal-focus-logo-header.svg\",\"caption\":\"Primal Focus\"},\"image\":{\"@id\":\"https:\\\/\\\/primalfocus.eu\\\/fr\\\/#\\\/schema\\\/logo\\\/image\\\/\"},\"sameAs\":[\"https:\\\/\\\/www.facebook.com\\\/profile.php?id=61575377667059\",\"https:\\\/\\\/x.com\\\/primalfocus_eu\",\"https:\\\/\\\/www.instagram.com\\\/primalfocus.store\\\/\"]}]}<\/script>\n<!-- \/ Yoast SEO plugin. -->","yoast_head_json":{"title":"Acheter des g\u00e9lules de champignon Chaga pour l'\u00e9nergie et l'\u00e9quilibre immunitaire","description":"D\u00e9couvrez les bienfaits du champignon Chaga avec Primal Focus. Extrait de corps fructif\u00e8re 100% pour l'\u00e9nergie, l'\u00e9quilibre et la protection. Biologique, v\u00e9g\u00e9talien et sans agent de remplissage.","robots":{"index":"index","follow":"follow","max-snippet":"max-snippet:-1","max-image-preview":"max-image-preview:large","max-video-preview":"max-video-preview:-1"},"canonical":"https:\/\/primalfocus.eu\/fr\/gelules-de-chaga\/","og_locale":"fr_FR","og_type":"article","og_title":"Buy Chaga mushroom capsules for energy and immune balance","og_description":"Discover pure Chaga mushroom benefits with Primal Focus. 100% fruiting body extract for energy, balance and protection. Organic, vegan and filler-free.","og_url":"https:\/\/primalfocus.eu\/fr\/gelules-de-chaga\/","og_site_name":"Primal Focus","article_publisher":"https:\/\/www.facebook.com\/profile.php?id=61575377667059","article_modified_time":"2026-04-08T06:04:38+00:00","og_image":[{"width":1080,"height":1080,"url":"https:\/\/primalfocus.eu\/wp-content\/uploads\/2024\/10\/Chaga-Capsules-primalfocus.eu_.webp","type":"image\/webp"}],"twitter_card":"summary_large_image","twitter_site":"@primalfocus_eu","twitter_misc":{"Dur\u00e9e de lecture estim\u00e9e":"2 minutes"},"schema":{"@context":"https:\/\/schema.org","@graph":[{"@type":"WebPage","@id":"https:\/\/primalfocus.eu\/fr\/chaga-capsules\/","url":"https:\/\/primalfocus.eu\/fr\/chaga-capsules\/","name":"Acheter des g\u00e9lules de champignon Chaga pour l'\u00e9nergie et l'\u00e9quilibre immunitaire","isPartOf":{"@id":"https:\/\/primalfocus.eu\/fr\/#website"},"primaryImageOfPage":{"@id":"https:\/\/primalfocus.eu\/fr\/chaga-capsules\/#primaryimage"},"image":{"@id":"https:\/\/primalfocus.eu\/fr\/chaga-capsules\/#primaryimage"},"thumbnailUrl":"https:\/\/primalfocus.eu\/wp-content\/uploads\/2024\/10\/Chaga-Capsules-primalfocus.eu_.webp","datePublished":"2024-10-09T13:05:08+00:00","dateModified":"2026-04-08T06:04:38+00:00","description":"D\u00e9couvrez les bienfaits du champignon Chaga avec Primal Focus. Extrait de corps fructif\u00e8re 100% pour l'\u00e9nergie, l'\u00e9quilibre et la protection. Biologique, v\u00e9g\u00e9talien et sans agent de remplissage.","breadcrumb":{"@id":"https:\/\/primalfocus.eu\/fr\/chaga-capsules\/#breadcrumb"},"inLanguage":"fr-FR","potentialAction":[{"@type":"ReadAction","target":["https:\/\/primalfocus.eu\/fr\/chaga-capsules\/"]}]},{"@type":"ImageObject","inLanguage":"fr-FR","@id":"https:\/\/primalfocus.eu\/fr\/chaga-capsules\/#primaryimage","url":"https:\/\/primalfocus.eu\/wp-content\/uploads\/2024\/10\/Chaga-Capsules-primalfocus.eu_.webp","contentUrl":"https:\/\/primalfocus.eu\/wp-content\/uploads\/2024\/10\/Chaga-Capsules-primalfocus.eu_.webp","width":1080,"height":1080,"caption":"Chaga Capsules primalfocus.eu"},{"@type":"BreadcrumbList","@id":"https:\/\/primalfocus.eu\/fr\/chaga-capsules\/#breadcrumb","itemListElement":[{"@type":"ListItem","position":1,"name":"Home","item":"https:\/\/primalfocus.eu\/"},{"@type":"ListItem","position":2,"name":"Shop","item":"https:\/\/primalfocus.eu\/products\/"},{"@type":"ListItem","position":3,"name":"Functional Mushrooms","item":"https:\/\/primalfocus.eu\/functional-mushrooms\/"},{"@type":"ListItem","position":4,"name":"Chaga Capsules"}]},{"@type":"WebSite","@id":"https:\/\/primalfocus.eu\/fr\/#website","url":"https:\/\/primalfocus.eu\/fr\/","name":"Primal Focus","description":"Acheter des psych\u00e9d\u00e9liques l\u00e9gaux en ligne","publisher":{"@id":"https:\/\/primalfocus.eu\/fr\/#organization"},"potentialAction":[{"@type":"SearchAction","target":{"@type":"EntryPoint","urlTemplate":"https:\/\/primalfocus.eu\/fr\/?s={search_term_string}"},"query-input":{"@type":"PropertyValueSpecification","valueRequired":true,"valueName":"search_term_string"}}],"inLanguage":"fr-FR"},{"@type":"Organization","@id":"https:\/\/primalfocus.eu\/fr\/#organization","name":"Primal Focus","alternateName":"primalfocus.eu","url":"https:\/\/primalfocus.eu\/fr\/","logo":{"@type":"ImageObject","inLanguage":"fr-FR","@id":"https:\/\/primalfocus.eu\/fr\/#\/schema\/logo\/image\/","url":"https:\/\/primalfocus.eu\/wp-content\/uploads\/2025\/11\/primal-focus-logo-header.svg","contentUrl":"https:\/\/primalfocus.eu\/wp-content\/uploads\/2025\/11\/primal-focus-logo-header.svg","caption":"Primal Focus"},"image":{"@id":"https:\/\/primalfocus.eu\/fr\/#\/schema\/logo\/image\/"},"sameAs":["https:\/\/www.facebook.com\/profile.php?id=61575377667059","https:\/\/x.com\/primalfocus_eu","https:\/\/www.instagram.com\/primalfocus.store\/"]}]}},"jetpack_sharing_enabled":true,"_links":{"self":[{"href":"https:\/\/primalfocus.eu\/fr\/wp-json\/wp\/v2\/product\/461818","targetHints":{"allow":["GET"]}}],"collection":[{"href":"https:\/\/primalfocus.eu\/fr\/wp-json\/wp\/v2\/product"}],"about":[{"href":"https:\/\/primalfocus.eu\/fr\/wp-json\/wp\/v2\/types\/product"}],"replies":[{"embeddable":true,"href":"https:\/\/primalfocus.eu\/fr\/wp-json\/wp\/v2\/comments?post=461818"}],"wp:featuredmedia":[{"embeddable":true,"href":"https:\/\/primalfocus.eu\/fr\/wp-json\/wp\/v2\/media\/870318"}],"wp:attachment":[{"href":"https:\/\/primalfocus.eu\/fr\/wp-json\/wp\/v2\/media?parent=461818"}],"wp:term":[{"taxonomy":"product_brand","embeddable":true,"href":"https:\/\/primalfocus.eu\/fr\/wp-json\/wp\/v2\/product_brand?post=461818"},{"taxonomy":"product_cat","embeddable":true,"href":"https:\/\/primalfocus.eu\/fr\/wp-json\/wp\/v2\/product_cat?post=461818"},{"taxonomy":"product_tag","embeddable":true,"href":"https:\/\/primalfocus.eu\/fr\/wp-json\/wp\/v2\/product_tag?post=461818"}],"curies":[{"name":"wp","href":"https:\/\/api.w.org\/{rel}","templated":true}]}}