{"id":460111,"date":"2024-10-08T19:20:51","date_gmt":"2024-10-08T17:20:51","guid":{"rendered":"https:\/\/primalfocus.eu\/?post_type=product&#038;p=460111"},"modified":"2026-04-08T08:04:39","modified_gmt":"2026-04-08T06:04:39","slug":"capsules-de-reishi","status":"publish","type":"product","link":"https:\/\/primalfocus.eu\/fr\/reishi-capsules\/","title":{"rendered":"Capsules de Reishi"},"content":{"rendered":"<p>Retrouvez le calme, l'\u00e9quilibre et le bien-\u00eatre \u00e0 long terme avec les g\u00e9lules de champignon Reishi de Primal Focus. Connu sous le nom de \u201cchampignon de l'immortalit\u00e9\u201d, le Reishi favorise la sant\u00e9 et la long\u00e9vit\u00e9 dans la m\u00e9decine traditionnelle chinoise depuis des si\u00e8cles. Nos g\u00e9lules contiennent un extrait pur et tr\u00e8s puissant provenant du corps fructif\u00e8re biologique 100%, offrant un soutien naturel pour le soulagement du stress, un meilleur sommeil et une r\u00e9sistance immunitaire.<\/p>\n<div style=\"background-color: #eff5e6; padding: 20px; border-radius: 12px; font-family: Montserrat, sans-serif; font-size: 15px; color: #333; line-height: 1.6;\">\n<ul style=\"list-style: none; padding: 0; margin: 0;\">\n<li style=\"margin-bottom: 8px;\">\u2705 <strong>90 g\u00e9lules<\/strong> par sac (1-3 mois d'approvisionnement)<\/li>\n<li style=\"margin-bottom: 8px;\">\u2705 <strong>100% Organic<\/strong><\/li>\n<li style=\"margin-bottom: 8px;\">\u2705 <strong>Corps fructif\u00e8re pur<\/strong> uniquement - sans produits de remplissage<\/li>\n<li style=\"margin-bottom: 8px;\">\u2705 <strong>Extrait \u00e0 haute puissance<\/strong> (30% polysaccharides)<\/li>\n<li style=\"margin-bottom: 8px;\">\u2705 <strong>Vegan, sans OGM, sans gluten<\/strong><\/li>\n<\/ul>\n<\/div>\n<p>&nbsp;<\/p>\n<div class=\"su-accordion su-u-trim custom-reishi-info\">\n<div class=\"su-spoiler su-spoiler-style-fancy su-spoiler-icon-plus su-spoiler-closed\" data-scroll-offset=\"0\" data-anchor-in-url=\"no\"><div class=\"su-spoiler-title\" tabindex=\"0\" role=\"button\"><span class=\"su-spoiler-icon\"><\/span>Qu'est-ce que le Reishi ?<\/div><div class=\"su-spoiler-content su-u-clearfix su-u-trim\">\n<div style=\"background-color: #eff5e6; padding: 16px; font-size: 15px; font-family: Montserrat, sans-serif; color: #444; line-height: 1.6;\">\n<p>Reishi (<em>Ganoderma lucidum<\/em>) est l'une des institutions les plus respect\u00e9es de l <a href=\"\/fr\/%e2%80%9dhttps%3a\/\/primalfocus.eu\/categorie-produit\/champignons-fonctionnels\/%e2%80%9d\/\">champignons<\/a> dans l'herboristerie orientale. Il est souvent appel\u00e9 le \u201cchampignon de l'immortalit\u00e9\u201d en raison de sa longue histoire d'utilisation pour l'\u00e9quilibre, la vitalit\u00e9 et la force immunitaire. Le Reishi agit comme un adaptog\u00e8ne, aidant votre corps \u00e0 s'adapter au stress et \u00e0 maintenir l'harmonie. Il soutient le syst\u00e8me nerveux, favorise un meilleur sommeil et renforce la fonction immunitaire au fil du temps.<\/p>\n<\/div>\n<\/div><\/div>\n<div class=\"su-spoiler su-spoiler-style-fancy su-spoiler-icon-plus su-spoiler-closed\" data-scroll-offset=\"0\" data-anchor-in-url=\"no\"><div class=\"su-spoiler-title\" tabindex=\"0\" role=\"button\"><span class=\"su-spoiler-icon\"><\/span>Les principaux avantages du Reishi<\/div><div class=\"su-spoiler-content su-u-clearfix su-u-trim\">\n<div style=\"background-color: #eff5e6; padding: 16px; font-size: 15px; font-family: Montserrat, sans-serif; color: #444; line-height: 1.6;\">\n<p>Le compl\u00e9ment Reishi est appr\u00e9ci\u00e9 pour son large \u00e9ventail de bienfaits naturels. Il aide le corps et l'esprit \u00e0 trouver le calme tout en renfor\u00e7ant l'\u00e9quilibre interne. Les principaux avantages sont les suivants :<\/p>\n<ul>\n<li><strong>Soulagement du stress :<\/strong> aide \u00e0 r\u00e9duire le cortisol et \u00e0 calmer le syst\u00e8me nerveux<\/li>\n<li><strong>Soutien au sommeil :<\/strong> favorise naturellement un sommeil plus profond et plus r\u00e9parateur<\/li>\n<li><strong>Force immunitaire :<\/strong> soutient la fonction immunitaire et la r\u00e9sistance \u00e0 long terme<\/li>\n<\/ul>\n<\/div>\n<\/div><\/div>\n<div class=\"su-spoiler su-spoiler-style-fancy su-spoiler-icon-plus su-spoiler-closed\" data-scroll-offset=\"0\" data-anchor-in-url=\"no\"><div class=\"su-spoiler-title\" tabindex=\"0\" role=\"button\"><span class=\"su-spoiler-icon\"><\/span>Qui devrait utiliser le Reishi ?<\/div><div class=\"su-spoiler-content su-u-clearfix su-u-trim\">\n<div style=\"background-color: #eff5e6; padding: 16px; font-size: 15px; font-family: Montserrat, sans-serif; color: #444; line-height: 1.6;\">\n<p>Le Reishi est id\u00e9al pour tous ceux qui recherchent le calme, l'\u00e9quilibre et la sant\u00e9 \u00e0 long terme. Il convient particuli\u00e8rement aux personnes qui souffrent de stress, de fatigue ou d'un manque de sommeil, ainsi qu'\u00e0 celles qui souhaitent soutenir leur syst\u00e8me immunitaire de mani\u00e8re naturelle. Le Reishi est \u00e9galement populaire aupr\u00e8s des personnes qui accordent de l'importance au bien-\u00eatre holistique et aux soins pr\u00e9ventifs.<\/p>\n<\/div>\n<\/div><\/div>\n<\/div>\n<p>&nbsp;<\/p>\n<div style=\"margin-top: 20px; background-color: #eff5e6; padding: 16px; border-radius: 8px; border: 1px solid #dbeac7; font-family: Montserrat, sans-serif; font-size: 14px;\">\n<h2>Notes cl\u00e9s (\u00e0 lire attentivement)<\/h2>\n<ul>\n<li>D\u00e9conseill\u00e9 pendant la grossesse et l'allaitement<\/li>\n<li>Consultez votre m\u00e9decin si vous prenez des m\u00e9dicaments ou si vous souffrez d'une maladie.<\/li>\n<li>Ce produit n'est pas destin\u00e9 \u00e0 diagnostiquer, traiter, gu\u00e9rir ou pr\u00e9venir une quelconque maladie.<\/li>\n<li>Conserver dans un endroit frais et sec, \u00e0 l'abri de la lumi\u00e8re du soleil.<\/li>\n<li>Tenir hors de port\u00e9e des enfants<\/li>\n<li>Convient aux v\u00e9g\u00e9taliens et ne contient pas d'additifs ou de conservateurs artificiels.<\/li>\n<\/ul>\n<\/div>","protected":false},"excerpt":{"rendered":"<p>Find calm, balance and long-term wellbeing with Reishi Mushroom Capsules by Primal Focus. Known as the \u201cmushroom of immortality\u201d, Reishi [&hellip;]<\/p>\n","protected":false},"featured_media":870320,"comment_status":"open","ping_status":"closed","template":"","meta":{"site-sidebar-layout":"default","site-content-layout":"default","ast-site-content-layout":"default","site-content-style":"default","site-sidebar-style":"default","ast-global-header-display":"","ast-banner-title-visibility":"","ast-main-header-display":"","ast-hfb-above-header-display":"","ast-hfb-below-header-display":"","ast-hfb-mobile-header-display":"","site-post-title":"","ast-breadcrumbs-content":"","ast-featured-img":"","footer-sml-layout":"","ast-disable-related-posts":"","theme-transparent-header-meta":"default","adv-header-id-meta":"","stick-header-meta":"","header-above-stick-meta":"","header-main-stick-meta":"","header-below-stick-meta":"","astra-migrate-meta-layouts":"set","ast-page-background-enabled":"default","ast-page-background-meta":{"desktop":{"background-color":"","background-image":"","background-repeat":"repeat","background-position":"center center","background-size":"auto","background-attachment":"scroll","background-type":"","background-media":"","overlay-type":"","overlay-color":"","overlay-opacity":"","overlay-gradient":""},"tablet":{"background-color":"","background-image":"","background-repeat":"repeat","background-position":"center center","background-size":"auto","background-attachment":"scroll","background-type":"","background-media":"","overlay-type":"","overlay-color":"","overlay-opacity":"","overlay-gradient":""},"mobile":{"background-color":"","background-image":"","background-repeat":"repeat","background-position":"center center","background-size":"auto","background-attachment":"scroll","background-type":"","background-media":"","overlay-type":"","overlay-color":"","overlay-opacity":"","overlay-gradient":""}},"ast-content-background-meta":{"desktop":{"background-color":"var(--ast-global-color-5)","background-image":"","background-repeat":"repeat","background-position":"center center","background-size":"auto","background-attachment":"scroll","background-type":"","background-media":"","overlay-type":"","overlay-color":"","overlay-opacity":"","overlay-gradient":""},"tablet":{"background-color":"var(--ast-global-color-5)","background-image":"","background-repeat":"repeat","background-position":"center center","background-size":"auto","background-attachment":"scroll","background-type":"","background-media":"","overlay-type":"","overlay-color":"","overlay-opacity":"","overlay-gradient":""},"mobile":{"background-color":"var(--ast-global-color-5)","background-image":"","background-repeat":"repeat","background-position":"center center","background-size":"auto","background-attachment":"scroll","background-type":"","background-media":"","overlay-type":"","overlay-color":"","overlay-opacity":"","overlay-gradient":""}}},"product_brand":[129],"product_cat":[108],"product_tag":[],"class_list":{"0":"post-460111","1":"product","2":"type-product","3":"status-publish","4":"has-post-thumbnail","6":"product_brand-primal-focus","7":"product_cat-functional-mushrooms","8":"product_shipping_class-brievenbus-pakje","9":"desktop-align-center","10":"tablet-align-left","11":"mobile-align-left","13":"first","14":"instock","15":"taxable","16":"shipping-taxable","17":"purchasable","18":"product-type-simple"},"yoast_head":"<!-- This site is optimized with the Yoast SEO plugin v27.3 - https:\/\/yoast.com\/product\/yoast-seo-wordpress\/ -->\n<title>Reishi mushroom capsules: natural stress relief and immune support<\/title>\n<meta name=\"description\" content=\"Discover Reishi mushroom capsules by Primal Focus. Organic Reishi extract for better sleep and long-term immune balance. Vegan, non-GMO and filler-free.\" \/>\n<meta name=\"robots\" content=\"index, follow, max-snippet:-1, max-image-preview:large, max-video-preview:-1\" \/>\n<link rel=\"canonical\" href=\"https:\/\/primalfocus.eu\/fr\/capsules-de-reishi\/\" \/>\n<meta property=\"og:locale\" content=\"fr_FR\" \/>\n<meta property=\"og:type\" content=\"article\" \/>\n<meta property=\"og:title\" content=\"Reishi mushroom capsules: natural stress relief and immune support\" \/>\n<meta property=\"og:description\" content=\"Discover Reishi mushroom capsules by Primal Focus. Organic Reishi extract for better sleep and long-term immune balance. Vegan, non-GMO and filler-free.\" \/>\n<meta property=\"og:url\" content=\"https:\/\/primalfocus.eu\/fr\/capsules-de-reishi\/\" \/>\n<meta property=\"og:site_name\" content=\"Primal Focus\" \/>\n<meta property=\"article:publisher\" content=\"https:\/\/www.facebook.com\/profile.php?id=61575377667059\" \/>\n<meta property=\"article:modified_time\" content=\"2026-04-08T06:04:39+00:00\" \/>\n<meta property=\"og:image\" content=\"https:\/\/primalfocus.eu\/wp-content\/uploads\/2024\/10\/Reishi-Capsules-primalfocus.eu_.webp\" \/>\n\t<meta property=\"og:image:width\" content=\"1080\" \/>\n\t<meta property=\"og:image:height\" content=\"1080\" \/>\n\t<meta property=\"og:image:type\" content=\"image\/webp\" \/>\n<meta name=\"twitter:card\" content=\"summary_large_image\" \/>\n<meta name=\"twitter:site\" content=\"@primalfocus_eu\" \/>\n<meta name=\"twitter:label1\" content=\"Dur\u00e9e de lecture estim\u00e9e\" \/>\n\t<meta name=\"twitter:data1\" content=\"2 minutes\" \/>\n<script type=\"application\/ld+json\" class=\"yoast-schema-graph\">{\"@context\":\"https:\\\/\\\/schema.org\",\"@graph\":[{\"@type\":\"WebPage\",\"@id\":\"https:\\\/\\\/primalfocus.eu\\\/fr\\\/reishi-capsules\\\/\",\"url\":\"https:\\\/\\\/primalfocus.eu\\\/fr\\\/reishi-capsules\\\/\",\"name\":\"Reishi mushroom capsules: natural stress relief and immune support\",\"isPartOf\":{\"@id\":\"https:\\\/\\\/primalfocus.eu\\\/fr\\\/#website\"},\"primaryImageOfPage\":{\"@id\":\"https:\\\/\\\/primalfocus.eu\\\/fr\\\/reishi-capsules\\\/#primaryimage\"},\"image\":{\"@id\":\"https:\\\/\\\/primalfocus.eu\\\/fr\\\/reishi-capsules\\\/#primaryimage\"},\"thumbnailUrl\":\"https:\\\/\\\/primalfocus.eu\\\/wp-content\\\/uploads\\\/2024\\\/10\\\/Reishi-Capsules-primalfocus.eu_.webp\",\"datePublished\":\"2024-10-08T17:20:51+00:00\",\"dateModified\":\"2026-04-08T06:04:39+00:00\",\"description\":\"Discover Reishi mushroom capsules by Primal Focus. Organic Reishi extract for better sleep and long-term immune balance. Vegan, non-GMO and filler-free.\",\"breadcrumb\":{\"@id\":\"https:\\\/\\\/primalfocus.eu\\\/fr\\\/reishi-capsules\\\/#breadcrumb\"},\"inLanguage\":\"fr-FR\",\"potentialAction\":[{\"@type\":\"ReadAction\",\"target\":[\"https:\\\/\\\/primalfocus.eu\\\/fr\\\/reishi-capsules\\\/\"]}]},{\"@type\":\"ImageObject\",\"inLanguage\":\"fr-FR\",\"@id\":\"https:\\\/\\\/primalfocus.eu\\\/fr\\\/reishi-capsules\\\/#primaryimage\",\"url\":\"https:\\\/\\\/primalfocus.eu\\\/wp-content\\\/uploads\\\/2024\\\/10\\\/Reishi-Capsules-primalfocus.eu_.webp\",\"contentUrl\":\"https:\\\/\\\/primalfocus.eu\\\/wp-content\\\/uploads\\\/2024\\\/10\\\/Reishi-Capsules-primalfocus.eu_.webp\",\"width\":1080,\"height\":1080,\"caption\":\"Reishi Capsules primalfocus.eu\"},{\"@type\":\"BreadcrumbList\",\"@id\":\"https:\\\/\\\/primalfocus.eu\\\/fr\\\/reishi-capsules\\\/#breadcrumb\",\"itemListElement\":[{\"@type\":\"ListItem\",\"position\":1,\"name\":\"Home\",\"item\":\"https:\\\/\\\/primalfocus.eu\\\/\"},{\"@type\":\"ListItem\",\"position\":2,\"name\":\"Shop\",\"item\":\"https:\\\/\\\/primalfocus.eu\\\/products\\\/\"},{\"@type\":\"ListItem\",\"position\":3,\"name\":\"Functional Mushrooms\",\"item\":\"https:\\\/\\\/primalfocus.eu\\\/functional-mushrooms\\\/\"},{\"@type\":\"ListItem\",\"position\":4,\"name\":\"Reishi Capsules\"}]},{\"@type\":\"WebSite\",\"@id\":\"https:\\\/\\\/primalfocus.eu\\\/fr\\\/#website\",\"url\":\"https:\\\/\\\/primalfocus.eu\\\/fr\\\/\",\"name\":\"Primal Focus\",\"description\":\"Buy legal psychedelics online\",\"publisher\":{\"@id\":\"https:\\\/\\\/primalfocus.eu\\\/fr\\\/#organization\"},\"potentialAction\":[{\"@type\":\"SearchAction\",\"target\":{\"@type\":\"EntryPoint\",\"urlTemplate\":\"https:\\\/\\\/primalfocus.eu\\\/fr\\\/?s={search_term_string}\"},\"query-input\":{\"@type\":\"PropertyValueSpecification\",\"valueRequired\":true,\"valueName\":\"search_term_string\"}}],\"inLanguage\":\"fr-FR\"},{\"@type\":\"Organization\",\"@id\":\"https:\\\/\\\/primalfocus.eu\\\/fr\\\/#organization\",\"name\":\"Primal Focus\",\"alternateName\":\"primalfocus.eu\",\"url\":\"https:\\\/\\\/primalfocus.eu\\\/fr\\\/\",\"logo\":{\"@type\":\"ImageObject\",\"inLanguage\":\"fr-FR\",\"@id\":\"https:\\\/\\\/primalfocus.eu\\\/fr\\\/#\\\/schema\\\/logo\\\/image\\\/\",\"url\":\"https:\\\/\\\/primalfocus.eu\\\/wp-content\\\/uploads\\\/2025\\\/11\\\/primal-focus-logo-header.svg\",\"contentUrl\":\"https:\\\/\\\/primalfocus.eu\\\/wp-content\\\/uploads\\\/2025\\\/11\\\/primal-focus-logo-header.svg\",\"caption\":\"Primal Focus\"},\"image\":{\"@id\":\"https:\\\/\\\/primalfocus.eu\\\/fr\\\/#\\\/schema\\\/logo\\\/image\\\/\"},\"sameAs\":[\"https:\\\/\\\/www.facebook.com\\\/profile.php?id=61575377667059\",\"https:\\\/\\\/x.com\\\/primalfocus_eu\",\"https:\\\/\\\/www.instagram.com\\\/primalfocus.store\\\/\"]}]}<\/script>\n<!-- \/ Yoast SEO plugin. -->","yoast_head_json":{"title":"Capsules de champignons Reishi : soulagement naturel du stress et soutien immunitaire","description":"D\u00e9couvrez les g\u00e9lules de champignon Reishi de Primal Focus. Extrait de Reishi biologique pour un meilleur sommeil et un \u00e9quilibre immunitaire \u00e0 long terme. V\u00e9g\u00e9talien, sans OGM et sans agent de remplissage.","robots":{"index":"index","follow":"follow","max-snippet":"max-snippet:-1","max-image-preview":"max-image-preview:large","max-video-preview":"max-video-preview:-1"},"canonical":"https:\/\/primalfocus.eu\/fr\/capsules-de-reishi\/","og_locale":"fr_FR","og_type":"article","og_title":"Reishi mushroom capsules: natural stress relief and immune support","og_description":"Discover Reishi mushroom capsules by Primal Focus. Organic Reishi extract for better sleep and long-term immune balance. Vegan, non-GMO and filler-free.","og_url":"https:\/\/primalfocus.eu\/fr\/capsules-de-reishi\/","og_site_name":"Primal Focus","article_publisher":"https:\/\/www.facebook.com\/profile.php?id=61575377667059","article_modified_time":"2026-04-08T06:04:39+00:00","og_image":[{"width":1080,"height":1080,"url":"https:\/\/primalfocus.eu\/wp-content\/uploads\/2024\/10\/Reishi-Capsules-primalfocus.eu_.webp","type":"image\/webp"}],"twitter_card":"summary_large_image","twitter_site":"@primalfocus_eu","twitter_misc":{"Dur\u00e9e de lecture estim\u00e9e":"2 minutes"},"schema":{"@context":"https:\/\/schema.org","@graph":[{"@type":"WebPage","@id":"https:\/\/primalfocus.eu\/fr\/reishi-capsules\/","url":"https:\/\/primalfocus.eu\/fr\/reishi-capsules\/","name":"Capsules de champignons Reishi : soulagement naturel du stress et soutien immunitaire","isPartOf":{"@id":"https:\/\/primalfocus.eu\/fr\/#website"},"primaryImageOfPage":{"@id":"https:\/\/primalfocus.eu\/fr\/reishi-capsules\/#primaryimage"},"image":{"@id":"https:\/\/primalfocus.eu\/fr\/reishi-capsules\/#primaryimage"},"thumbnailUrl":"https:\/\/primalfocus.eu\/wp-content\/uploads\/2024\/10\/Reishi-Capsules-primalfocus.eu_.webp","datePublished":"2024-10-08T17:20:51+00:00","dateModified":"2026-04-08T06:04:39+00:00","description":"D\u00e9couvrez les g\u00e9lules de champignon Reishi de Primal Focus. Extrait de Reishi biologique pour un meilleur sommeil et un \u00e9quilibre immunitaire \u00e0 long terme. V\u00e9g\u00e9talien, sans OGM et sans agent de remplissage.","breadcrumb":{"@id":"https:\/\/primalfocus.eu\/fr\/reishi-capsules\/#breadcrumb"},"inLanguage":"fr-FR","potentialAction":[{"@type":"ReadAction","target":["https:\/\/primalfocus.eu\/fr\/reishi-capsules\/"]}]},{"@type":"ImageObject","inLanguage":"fr-FR","@id":"https:\/\/primalfocus.eu\/fr\/reishi-capsules\/#primaryimage","url":"https:\/\/primalfocus.eu\/wp-content\/uploads\/2024\/10\/Reishi-Capsules-primalfocus.eu_.webp","contentUrl":"https:\/\/primalfocus.eu\/wp-content\/uploads\/2024\/10\/Reishi-Capsules-primalfocus.eu_.webp","width":1080,"height":1080,"caption":"Reishi Capsules primalfocus.eu"},{"@type":"BreadcrumbList","@id":"https:\/\/primalfocus.eu\/fr\/reishi-capsules\/#breadcrumb","itemListElement":[{"@type":"ListItem","position":1,"name":"Home","item":"https:\/\/primalfocus.eu\/"},{"@type":"ListItem","position":2,"name":"Shop","item":"https:\/\/primalfocus.eu\/products\/"},{"@type":"ListItem","position":3,"name":"Functional Mushrooms","item":"https:\/\/primalfocus.eu\/functional-mushrooms\/"},{"@type":"ListItem","position":4,"name":"Reishi Capsules"}]},{"@type":"WebSite","@id":"https:\/\/primalfocus.eu\/fr\/#website","url":"https:\/\/primalfocus.eu\/fr\/","name":"Primal Focus","description":"Acheter des psych\u00e9d\u00e9liques l\u00e9gaux en ligne","publisher":{"@id":"https:\/\/primalfocus.eu\/fr\/#organization"},"potentialAction":[{"@type":"SearchAction","target":{"@type":"EntryPoint","urlTemplate":"https:\/\/primalfocus.eu\/fr\/?s={search_term_string}"},"query-input":{"@type":"PropertyValueSpecification","valueRequired":true,"valueName":"search_term_string"}}],"inLanguage":"fr-FR"},{"@type":"Organization","@id":"https:\/\/primalfocus.eu\/fr\/#organization","name":"Primal Focus","alternateName":"primalfocus.eu","url":"https:\/\/primalfocus.eu\/fr\/","logo":{"@type":"ImageObject","inLanguage":"fr-FR","@id":"https:\/\/primalfocus.eu\/fr\/#\/schema\/logo\/image\/","url":"https:\/\/primalfocus.eu\/wp-content\/uploads\/2025\/11\/primal-focus-logo-header.svg","contentUrl":"https:\/\/primalfocus.eu\/wp-content\/uploads\/2025\/11\/primal-focus-logo-header.svg","caption":"Primal Focus"},"image":{"@id":"https:\/\/primalfocus.eu\/fr\/#\/schema\/logo\/image\/"},"sameAs":["https:\/\/www.facebook.com\/profile.php?id=61575377667059","https:\/\/x.com\/primalfocus_eu","https:\/\/www.instagram.com\/primalfocus.store\/"]}]}},"jetpack_sharing_enabled":true,"_links":{"self":[{"href":"https:\/\/primalfocus.eu\/fr\/wp-json\/wp\/v2\/product\/460111","targetHints":{"allow":["GET"]}}],"collection":[{"href":"https:\/\/primalfocus.eu\/fr\/wp-json\/wp\/v2\/product"}],"about":[{"href":"https:\/\/primalfocus.eu\/fr\/wp-json\/wp\/v2\/types\/product"}],"replies":[{"embeddable":true,"href":"https:\/\/primalfocus.eu\/fr\/wp-json\/wp\/v2\/comments?post=460111"}],"wp:featuredmedia":[{"embeddable":true,"href":"https:\/\/primalfocus.eu\/fr\/wp-json\/wp\/v2\/media\/870320"}],"wp:attachment":[{"href":"https:\/\/primalfocus.eu\/fr\/wp-json\/wp\/v2\/media?parent=460111"}],"wp:term":[{"taxonomy":"product_brand","embeddable":true,"href":"https:\/\/primalfocus.eu\/fr\/wp-json\/wp\/v2\/product_brand?post=460111"},{"taxonomy":"product_cat","embeddable":true,"href":"https:\/\/primalfocus.eu\/fr\/wp-json\/wp\/v2\/product_cat?post=460111"},{"taxonomy":"product_tag","embeddable":true,"href":"https:\/\/primalfocus.eu\/fr\/wp-json\/wp\/v2\/product_tag?post=460111"}],"curies":[{"name":"wp","href":"https:\/\/api.w.org\/{rel}","templated":true}]}}