{"id":352461,"date":"2024-08-07T12:13:36","date_gmt":"2024-08-07T10:13:36","guid":{"rendered":"https:\/\/primalfocus.eu\/?post_type=product&#038;p=352461"},"modified":"2026-04-03T13:14:25","modified_gmt":"2026-04-03T11:14:25","slug":"truffes-magiques-galindoi","status":"publish","type":"product","link":"https:\/\/primalfocus.eu\/fr\/magic-truffles-galindoi\/","title":{"rendered":"Truffes magiques Galindoi"},"content":{"rendered":"<h3 style=\"font-size: 1.2em;\"><strong>Un puissant voyage int\u00e9rieur avec des images vivantes et une profonde compr\u00e9hension \u00e9motionnelle, id\u00e9al pour un d\u00e9veloppement personnel significatif.<\/strong><\/h3>\n<p>&nbsp;<\/p>\n<p>&nbsp;<\/p>\n<div style=\"background-color: #eff5e6; padding: 20px; border-radius: 12px; font-family: Montserrat, sans-serif; font-size: 15px; color: #333; line-height: 1.6;\">\n<ul style=\"list-style: none; padding: 0; margin: 0;\">\n<li style=\"margin-bottom: 8px;\">\u2705 <strong>15 grammes<\/strong> de truffes magiques fra\u00eeches<\/li>\n<li style=\"margin-bottom: 8px;\">\u2705 <strong>La force :<\/strong> 4 sur 5<\/li>\n<li style=\"margin-bottom: 8px;\">\u2705 <strong>100% cultiv\u00e9 biologiquement<\/strong> aux Pays-Bas<\/li>\n<li style=\"margin-bottom: 8px;\">\u2705 <strong>Exp\u00e9dition<\/strong> vers les pays de l'UE<\/li>\n<\/ul>\n<\/div>\n<h2><\/h2>\n<p>&nbsp;<\/p>\n<p>&nbsp;<\/p>\n<h2>Pourquoi le nom Galindoi ?<\/h2>\n<p>Ces truffes portent le nom de l'esp\u00e8ce de champignon Psilocybe Galindoi, identifi\u00e9e \u00e0 l'origine en Am\u00e9rique centrale. Connu pour ses effets introspectifs profonds, le Galindoi s'est fait une place parmi les psychonautes pour sa profondeur spirituelle et \u00e9motionnelle. Le nom rend hommage \u00e0 l'h\u00e9ritage et \u00e0 la force de l'esp\u00e8ce.<\/p>\n<h2><\/h2>\n<p>&nbsp;<\/p>\n<p>&nbsp;<\/p>\n<h2>Qu'est-ce qui fait la sp\u00e9cificit\u00e9 des truffes Galindoi ?<\/h2>\n<p>Les truffes Galindoi se distinguent par leur profondeur \u00e9motionnelle et leur richesse visuelle. Elles ne sont pas \u00e9crasantes mais vous invitent \u00e0 vous tourner vers l'int\u00e9rieur par le biais de l'autor\u00e9flexion, de la pens\u00e9e cr\u00e9ative ou de la reconnexion avec votre objectif. Surtout les yeux ferm\u00e9s, attendez-vous \u00e0 des motifs color\u00e9s et \u00e0 des paysages int\u00e9rieurs vivants. Cette truffe est faite pour vous lorsque vous voulez plus que du plaisir, vous voulez du sens.<\/p>\n<p>&nbsp;<\/p>\n<p>&nbsp;<\/p>\n<div style=\"margin-top: 20px; background-color: #eff5e6; padding: 16px; border-radius: 8px; border: 1px solid #dbeac7; font-family: Montserrat, sans-serif; font-size: 14px;\">\n<h3><strong>Notes cl\u00e9s (\u00e0 lire attentivement) :<\/strong><\/h3>\n<ul style=\"margin: 10px 0 0 20px;\">\n<li>Ne consommez pas de truffes psych\u00e9d\u00e9liques si vous \u00eates mentalement instable, tr\u00e8s anxieux ou si vous avez des ant\u00e9c\u00e9dents personnels ou familiaux de psychose.<\/li>\n<li>\u00c9viter pendant la grossesse, chez les moins de 18 ans ou en cas d'utilisation d'antid\u00e9presseurs\/antipsychotiques.<\/li>\n<li>Ne prenez que dans un cadre s\u00fbr et paisible. Voyagez toujours de mani\u00e8re responsable - de pr\u00e9f\u00e9rence avec un baby-sitter qui ne boit pas.<\/li>\n<li>Ces truffes sont l\u00e9gales aux Pays-Bas et approuv\u00e9es en tant que produit alimentaire.<\/li>\n<li>Transport maritime l\u00e9gal \u00e0 l'\u00e9chelle de l'UE en vertu du r\u00e8glement sur la reconnaissance mutuelle des marchandises.<\/li>\n<\/ul>\n<\/div>","protected":false},"excerpt":{"rendered":"<p>A powerful journey inward with vivid visuals and deep emotional insight, ideal for meaningful personal growth. &nbsp; &nbsp; \u2705 15 [&hellip;]<\/p>\n","protected":false},"featured_media":654394,"comment_status":"open","ping_status":"closed","template":"","meta":{"site-sidebar-layout":"default","site-content-layout":"default","ast-site-content-layout":"default","site-content-style":"default","site-sidebar-style":"default","ast-global-header-display":"","ast-banner-title-visibility":"","ast-main-header-display":"","ast-hfb-above-header-display":"","ast-hfb-below-header-display":"","ast-hfb-mobile-header-display":"","site-post-title":"","ast-breadcrumbs-content":"","ast-featured-img":"","footer-sml-layout":"","ast-disable-related-posts":"","theme-transparent-header-meta":"default","adv-header-id-meta":"","stick-header-meta":"","header-above-stick-meta":"","header-main-stick-meta":"","header-below-stick-meta":"","astra-migrate-meta-layouts":"set","ast-page-background-enabled":"default","ast-page-background-meta":{"desktop":{"background-color":"","background-image":"","background-repeat":"repeat","background-position":"center center","background-size":"auto","background-attachment":"scroll","background-type":"","background-media":"","overlay-type":"","overlay-color":"","overlay-opacity":"","overlay-gradient":""},"tablet":{"background-color":"","background-image":"","background-repeat":"repeat","background-position":"center center","background-size":"auto","background-attachment":"scroll","background-type":"","background-media":"","overlay-type":"","overlay-color":"","overlay-opacity":"","overlay-gradient":""},"mobile":{"background-color":"","background-image":"","background-repeat":"repeat","background-position":"center center","background-size":"auto","background-attachment":"scroll","background-type":"","background-media":"","overlay-type":"","overlay-color":"","overlay-opacity":"","overlay-gradient":""}},"ast-content-background-meta":{"desktop":{"background-color":"var(--ast-global-color-5)","background-image":"","background-repeat":"repeat","background-position":"center center","background-size":"auto","background-attachment":"scroll","background-type":"","background-media":"","overlay-type":"","overlay-color":"","overlay-opacity":"","overlay-gradient":""},"tablet":{"background-color":"var(--ast-global-color-5)","background-image":"","background-repeat":"repeat","background-position":"center center","background-size":"auto","background-attachment":"scroll","background-type":"","background-media":"","overlay-type":"","overlay-color":"","overlay-opacity":"","overlay-gradient":""},"mobile":{"background-color":"var(--ast-global-color-5)","background-image":"","background-repeat":"repeat","background-position":"center center","background-size":"auto","background-attachment":"scroll","background-type":"","background-media":"","overlay-type":"","overlay-color":"","overlay-opacity":"","overlay-gradient":""}}},"product_brand":[129],"product_cat":[92,109],"product_tag":[],"class_list":{"0":"post-352461","1":"product","2":"type-product","3":"status-publish","4":"has-post-thumbnail","6":"product_brand-primal-focus","7":"product_cat-macrodosing","8":"product_cat-magic-truffles","9":"product_shipping_class-brievenbus-pakje","10":"desktop-align-center","11":"tablet-align-left","12":"mobile-align-left","14":"first","15":"instock","16":"taxable","17":"shipping-taxable","18":"purchasable","19":"product-type-simple"},"yoast_head":"<!-- This site is optimized with the Yoast SEO plugin v27.3 - https:\/\/yoast.com\/product\/yoast-seo-wordpress\/ -->\n<title>Buy Galindoi Truffles 15g for deep insights and clarity<\/title>\n<meta name=\"description\" content=\"Explore Galindoi Magic Truffles for introspection and creativity. Safe EU delivery, food-safety approved and trusted by the Primal Focus community.\" \/>\n<meta name=\"robots\" content=\"index, follow, max-snippet:-1, max-image-preview:large, max-video-preview:-1\" \/>\n<link rel=\"canonical\" href=\"https:\/\/primalfocus.eu\/fr\/truffes-magiques-galindoi\/\" \/>\n<meta property=\"og:locale\" content=\"fr_FR\" \/>\n<meta property=\"og:type\" content=\"article\" \/>\n<meta property=\"og:title\" content=\"Buy Galindoi Truffles 15g for deep insights and clarity\" \/>\n<meta property=\"og:description\" content=\"Explore Galindoi Magic Truffles for introspection and creativity. Safe EU delivery, food-safety approved and trusted by the Primal Focus community.\" \/>\n<meta property=\"og:url\" content=\"https:\/\/primalfocus.eu\/fr\/truffes-magiques-galindoi\/\" \/>\n<meta property=\"og:site_name\" content=\"Primal Focus\" \/>\n<meta property=\"article:publisher\" content=\"https:\/\/www.facebook.com\/profile.php?id=61575377667059\" \/>\n<meta property=\"article:modified_time\" content=\"2026-04-03T11:14:25+00:00\" \/>\n<meta property=\"og:image\" content=\"https:\/\/primalfocus.eu\/wp-content\/uploads\/2024\/08\/Galindoi-Magic-Truffles-by-Primal-Focus.webp\" \/>\n\t<meta property=\"og:image:width\" content=\"1080\" \/>\n\t<meta property=\"og:image:height\" content=\"1080\" \/>\n\t<meta property=\"og:image:type\" content=\"image\/webp\" \/>\n<meta name=\"twitter:card\" content=\"summary_large_image\" \/>\n<meta name=\"twitter:site\" content=\"@primalfocus_eu\" \/>\n<meta name=\"twitter:label1\" content=\"Dur\u00e9e de lecture estim\u00e9e\" \/>\n\t<meta name=\"twitter:data1\" content=\"2 minutes\" \/>\n<script type=\"application\/ld+json\" class=\"yoast-schema-graph\">{\"@context\":\"https:\\\/\\\/schema.org\",\"@graph\":[{\"@type\":\"WebPage\",\"@id\":\"https:\\\/\\\/primalfocus.eu\\\/fr\\\/magic-truffles-galindoi\\\/\",\"url\":\"https:\\\/\\\/primalfocus.eu\\\/fr\\\/magic-truffles-galindoi\\\/\",\"name\":\"Buy Galindoi Truffles 15g for deep insights and clarity\",\"isPartOf\":{\"@id\":\"https:\\\/\\\/primalfocus.eu\\\/fr\\\/#website\"},\"primaryImageOfPage\":{\"@id\":\"https:\\\/\\\/primalfocus.eu\\\/fr\\\/magic-truffles-galindoi\\\/#primaryimage\"},\"image\":{\"@id\":\"https:\\\/\\\/primalfocus.eu\\\/fr\\\/magic-truffles-galindoi\\\/#primaryimage\"},\"thumbnailUrl\":\"https:\\\/\\\/primalfocus.eu\\\/wp-content\\\/uploads\\\/2024\\\/08\\\/Galindoi-Magic-Truffles-by-Primal-Focus.webp\",\"datePublished\":\"2024-08-07T10:13:36+00:00\",\"dateModified\":\"2026-04-03T11:14:25+00:00\",\"description\":\"Explore Galindoi Magic Truffles for introspection and creativity. Safe EU delivery, food-safety approved and trusted by the Primal Focus community.\",\"breadcrumb\":{\"@id\":\"https:\\\/\\\/primalfocus.eu\\\/fr\\\/magic-truffles-galindoi\\\/#breadcrumb\"},\"inLanguage\":\"fr-FR\",\"potentialAction\":[{\"@type\":\"ReadAction\",\"target\":[\"https:\\\/\\\/primalfocus.eu\\\/fr\\\/magic-truffles-galindoi\\\/\"]}]},{\"@type\":\"ImageObject\",\"inLanguage\":\"fr-FR\",\"@id\":\"https:\\\/\\\/primalfocus.eu\\\/fr\\\/magic-truffles-galindoi\\\/#primaryimage\",\"url\":\"https:\\\/\\\/primalfocus.eu\\\/wp-content\\\/uploads\\\/2024\\\/08\\\/Galindoi-Magic-Truffles-by-Primal-Focus.webp\",\"contentUrl\":\"https:\\\/\\\/primalfocus.eu\\\/wp-content\\\/uploads\\\/2024\\\/08\\\/Galindoi-Magic-Truffles-by-Primal-Focus.webp\",\"width\":1080,\"height\":1080,\"caption\":\"Galindoi Magic Truffles by Primal Focus\"},{\"@type\":\"BreadcrumbList\",\"@id\":\"https:\\\/\\\/primalfocus.eu\\\/fr\\\/magic-truffles-galindoi\\\/#breadcrumb\",\"itemListElement\":[{\"@type\":\"ListItem\",\"position\":1,\"name\":\"Home\",\"item\":\"https:\\\/\\\/primalfocus.eu\\\/\"},{\"@type\":\"ListItem\",\"position\":2,\"name\":\"Shop\",\"item\":\"https:\\\/\\\/primalfocus.eu\\\/products\\\/\"},{\"@type\":\"ListItem\",\"position\":3,\"name\":\"Macrodosing\",\"item\":\"https:\\\/\\\/primalfocus.eu\\\/macrodosing\\\/\"},{\"@type\":\"ListItem\",\"position\":4,\"name\":\"Magic Truffles\",\"item\":\"https:\\\/\\\/primalfocus.eu\\\/magic-truffles\\\/\"},{\"@type\":\"ListItem\",\"position\":5,\"name\":\"Galindoi Magic Truffles\"}]},{\"@type\":\"WebSite\",\"@id\":\"https:\\\/\\\/primalfocus.eu\\\/fr\\\/#website\",\"url\":\"https:\\\/\\\/primalfocus.eu\\\/fr\\\/\",\"name\":\"Primal Focus\",\"description\":\"Buy legal psychedelics online\",\"publisher\":{\"@id\":\"https:\\\/\\\/primalfocus.eu\\\/fr\\\/#organization\"},\"potentialAction\":[{\"@type\":\"SearchAction\",\"target\":{\"@type\":\"EntryPoint\",\"urlTemplate\":\"https:\\\/\\\/primalfocus.eu\\\/fr\\\/?s={search_term_string}\"},\"query-input\":{\"@type\":\"PropertyValueSpecification\",\"valueRequired\":true,\"valueName\":\"search_term_string\"}}],\"inLanguage\":\"fr-FR\"},{\"@type\":\"Organization\",\"@id\":\"https:\\\/\\\/primalfocus.eu\\\/fr\\\/#organization\",\"name\":\"Primal Focus\",\"alternateName\":\"primalfocus.eu\",\"url\":\"https:\\\/\\\/primalfocus.eu\\\/fr\\\/\",\"logo\":{\"@type\":\"ImageObject\",\"inLanguage\":\"fr-FR\",\"@id\":\"https:\\\/\\\/primalfocus.eu\\\/fr\\\/#\\\/schema\\\/logo\\\/image\\\/\",\"url\":\"https:\\\/\\\/primalfocus.eu\\\/wp-content\\\/uploads\\\/2025\\\/11\\\/primal-focus-logo-header.svg\",\"contentUrl\":\"https:\\\/\\\/primalfocus.eu\\\/wp-content\\\/uploads\\\/2025\\\/11\\\/primal-focus-logo-header.svg\",\"caption\":\"Primal Focus\"},\"image\":{\"@id\":\"https:\\\/\\\/primalfocus.eu\\\/fr\\\/#\\\/schema\\\/logo\\\/image\\\/\"},\"sameAs\":[\"https:\\\/\\\/www.facebook.com\\\/profile.php?id=61575377667059\",\"https:\\\/\\\/x.com\\\/primalfocus_eu\",\"https:\\\/\\\/www.instagram.com\\\/primalfocus.store\\\/\"]}]}<\/script>\n<!-- \/ Yoast SEO plugin. -->","yoast_head_json":{"title":"Acheter des truffes Galindoi 15g pour une vision profonde et une clart\u00e9 accrue","description":"D\u00e9couvrez les truffes magiques Galindoi pour l'introspection et la cr\u00e9ativit\u00e9. Livraison s\u00fbre dans l'UE, approuv\u00e9e en mati\u00e8re de s\u00e9curit\u00e9 alimentaire et approuv\u00e9e par la communaut\u00e9 Primal Focus.","robots":{"index":"index","follow":"follow","max-snippet":"max-snippet:-1","max-image-preview":"max-image-preview:large","max-video-preview":"max-video-preview:-1"},"canonical":"https:\/\/primalfocus.eu\/fr\/truffes-magiques-galindoi\/","og_locale":"fr_FR","og_type":"article","og_title":"Buy Galindoi Truffles 15g for deep insights and clarity","og_description":"Explore Galindoi Magic Truffles for introspection and creativity. Safe EU delivery, food-safety approved and trusted by the Primal Focus community.","og_url":"https:\/\/primalfocus.eu\/fr\/truffes-magiques-galindoi\/","og_site_name":"Primal Focus","article_publisher":"https:\/\/www.facebook.com\/profile.php?id=61575377667059","article_modified_time":"2026-04-03T11:14:25+00:00","og_image":[{"width":1080,"height":1080,"url":"https:\/\/primalfocus.eu\/wp-content\/uploads\/2024\/08\/Galindoi-Magic-Truffles-by-Primal-Focus.webp","type":"image\/webp"}],"twitter_card":"summary_large_image","twitter_site":"@primalfocus_eu","twitter_misc":{"Dur\u00e9e de lecture estim\u00e9e":"2 minutes"},"schema":{"@context":"https:\/\/schema.org","@graph":[{"@type":"WebPage","@id":"https:\/\/primalfocus.eu\/fr\/magic-truffles-galindoi\/","url":"https:\/\/primalfocus.eu\/fr\/magic-truffles-galindoi\/","name":"Acheter des truffes Galindoi 15g pour une vision profonde et une clart\u00e9 accrue","isPartOf":{"@id":"https:\/\/primalfocus.eu\/fr\/#website"},"primaryImageOfPage":{"@id":"https:\/\/primalfocus.eu\/fr\/magic-truffles-galindoi\/#primaryimage"},"image":{"@id":"https:\/\/primalfocus.eu\/fr\/magic-truffles-galindoi\/#primaryimage"},"thumbnailUrl":"https:\/\/primalfocus.eu\/wp-content\/uploads\/2024\/08\/Galindoi-Magic-Truffles-by-Primal-Focus.webp","datePublished":"2024-08-07T10:13:36+00:00","dateModified":"2026-04-03T11:14:25+00:00","description":"D\u00e9couvrez les truffes magiques Galindoi pour l'introspection et la cr\u00e9ativit\u00e9. Livraison s\u00fbre dans l'UE, approuv\u00e9e en mati\u00e8re de s\u00e9curit\u00e9 alimentaire et approuv\u00e9e par la communaut\u00e9 Primal Focus.","breadcrumb":{"@id":"https:\/\/primalfocus.eu\/fr\/magic-truffles-galindoi\/#breadcrumb"},"inLanguage":"fr-FR","potentialAction":[{"@type":"ReadAction","target":["https:\/\/primalfocus.eu\/fr\/magic-truffles-galindoi\/"]}]},{"@type":"ImageObject","inLanguage":"fr-FR","@id":"https:\/\/primalfocus.eu\/fr\/magic-truffles-galindoi\/#primaryimage","url":"https:\/\/primalfocus.eu\/wp-content\/uploads\/2024\/08\/Galindoi-Magic-Truffles-by-Primal-Focus.webp","contentUrl":"https:\/\/primalfocus.eu\/wp-content\/uploads\/2024\/08\/Galindoi-Magic-Truffles-by-Primal-Focus.webp","width":1080,"height":1080,"caption":"Galindoi Magic Truffles by Primal Focus"},{"@type":"BreadcrumbList","@id":"https:\/\/primalfocus.eu\/fr\/magic-truffles-galindoi\/#breadcrumb","itemListElement":[{"@type":"ListItem","position":1,"name":"Home","item":"https:\/\/primalfocus.eu\/"},{"@type":"ListItem","position":2,"name":"Shop","item":"https:\/\/primalfocus.eu\/products\/"},{"@type":"ListItem","position":3,"name":"Macrodosing","item":"https:\/\/primalfocus.eu\/macrodosing\/"},{"@type":"ListItem","position":4,"name":"Magic Truffles","item":"https:\/\/primalfocus.eu\/magic-truffles\/"},{"@type":"ListItem","position":5,"name":"Galindoi Magic Truffles"}]},{"@type":"WebSite","@id":"https:\/\/primalfocus.eu\/fr\/#website","url":"https:\/\/primalfocus.eu\/fr\/","name":"Primal Focus","description":"Acheter des psych\u00e9d\u00e9liques l\u00e9gaux en ligne","publisher":{"@id":"https:\/\/primalfocus.eu\/fr\/#organization"},"potentialAction":[{"@type":"SearchAction","target":{"@type":"EntryPoint","urlTemplate":"https:\/\/primalfocus.eu\/fr\/?s={search_term_string}"},"query-input":{"@type":"PropertyValueSpecification","valueRequired":true,"valueName":"search_term_string"}}],"inLanguage":"fr-FR"},{"@type":"Organization","@id":"https:\/\/primalfocus.eu\/fr\/#organization","name":"Primal Focus","alternateName":"primalfocus.eu","url":"https:\/\/primalfocus.eu\/fr\/","logo":{"@type":"ImageObject","inLanguage":"fr-FR","@id":"https:\/\/primalfocus.eu\/fr\/#\/schema\/logo\/image\/","url":"https:\/\/primalfocus.eu\/wp-content\/uploads\/2025\/11\/primal-focus-logo-header.svg","contentUrl":"https:\/\/primalfocus.eu\/wp-content\/uploads\/2025\/11\/primal-focus-logo-header.svg","caption":"Primal Focus"},"image":{"@id":"https:\/\/primalfocus.eu\/fr\/#\/schema\/logo\/image\/"},"sameAs":["https:\/\/www.facebook.com\/profile.php?id=61575377667059","https:\/\/x.com\/primalfocus_eu","https:\/\/www.instagram.com\/primalfocus.store\/"]}]}},"jetpack_sharing_enabled":true,"_links":{"self":[{"href":"https:\/\/primalfocus.eu\/fr\/wp-json\/wp\/v2\/product\/352461","targetHints":{"allow":["GET"]}}],"collection":[{"href":"https:\/\/primalfocus.eu\/fr\/wp-json\/wp\/v2\/product"}],"about":[{"href":"https:\/\/primalfocus.eu\/fr\/wp-json\/wp\/v2\/types\/product"}],"replies":[{"embeddable":true,"href":"https:\/\/primalfocus.eu\/fr\/wp-json\/wp\/v2\/comments?post=352461"}],"wp:featuredmedia":[{"embeddable":true,"href":"https:\/\/primalfocus.eu\/fr\/wp-json\/wp\/v2\/media\/654394"}],"wp:attachment":[{"href":"https:\/\/primalfocus.eu\/fr\/wp-json\/wp\/v2\/media?parent=352461"}],"wp:term":[{"taxonomy":"product_brand","embeddable":true,"href":"https:\/\/primalfocus.eu\/fr\/wp-json\/wp\/v2\/product_brand?post=352461"},{"taxonomy":"product_cat","embeddable":true,"href":"https:\/\/primalfocus.eu\/fr\/wp-json\/wp\/v2\/product_cat?post=352461"},{"taxonomy":"product_tag","embeddable":true,"href":"https:\/\/primalfocus.eu\/fr\/wp-json\/wp\/v2\/product_tag?post=352461"}],"curies":[{"name":"wp","href":"https:\/\/api.w.org\/{rel}","templated":true}]}}