{"id":258525,"date":"2024-05-14T10:49:17","date_gmt":"2024-05-14T08:49:17","guid":{"rendered":"https:\/\/primalfocus.eu\/?post_type=product&#038;p=258525"},"modified":"2026-04-09T11:54:40","modified_gmt":"2026-04-09T09:54:40","slug":"gelules-de-cordyceps","status":"publish","type":"product","link":"https:\/\/primalfocus.eu\/fr\/cordyceps-capsules\/","title":{"rendered":"G\u00e9lules de Cordyceps"},"content":{"rendered":"<p>D\u00e9couvrez un moyen naturel de stimuler votre \u00e9nergie, votre endurance et votre sant\u00e9 pulmonaire avec les suppl\u00e9ments de Cordyceps de Primal Focus. Parfaits pour les modes de vie actifs, ces suppl\u00e9ments tr\u00e8s puissants apportent clart\u00e9 et endurance sans caf\u00e9ine ni coup de pompe. Chaque g\u00e9lule contient un extrait puissant fabriqu\u00e9 \u00e0 partir du corps fructif\u00e8re biologique 100%, ce qui vous garantit un spectre complet de compos\u00e9s actifs sans aucun agent de remplissage ni additif.<\/p>\n<div style=\"background-color: #eff5e6; padding: 20px; border-radius: 12px; font-family: Montserrat, sans-serif; font-size: 15px; color: #333; line-height: 1.6;\">\n<ul style=\"list-style: none; padding: 0; margin: 0;\">\n<li style=\"margin-bottom: 8px;\">\u2705 <strong>90 g\u00e9lules<\/strong> par sac (1-3 mois d'approvisionnement)<\/li>\n<li style=\"margin-bottom: 8px;\">\u2705 <strong>100% Extrait de corps fructif\u00e8res<\/strong> - pas de produits de remplissage<\/li>\n<li style=\"margin-bottom: 8px;\">\u2705 <strong>Concentration \u00e9lev\u00e9e<\/strong> pour des r\u00e9sultats concrets<\/li>\n<li style=\"margin-bottom: 8px;\">\u2705 <strong>Culture biologique<\/strong> Cordyceps (Cordyceps militaris)<\/li>\n<li style=\"margin-bottom: 8px;\">\u2705 <strong>Vegan, sans gluten, sans OGM<\/strong><\/li>\n<\/ul>\n<\/div>\n<h2>Qu'est-ce que le Cordyceps ?<\/h2>\n<p>Le Cordyceps est un adaptog\u00e8ne <a href=\"\/fr\/%e2%80%9dhttps%3a\/\/primalfocus.eu\/categorie-produit\/champignons-fonctionnels\/%e2%80%9d\/\">champignon<\/a> traditionnellement utilis\u00e9 en m\u00e9decine chinoise pour soutenir l'\u00e9nergie, l'endurance et la r\u00e9cup\u00e9ration. Il aide le corps \u00e0 utiliser l'oxyg\u00e8ne plus efficacement et peut augmenter l'ATP, qui est la source d'\u00e9nergie naturelle de votre corps. En tant qu'adaptog\u00e8ne, le Cordyceps travaille avec votre corps pour l'aider \u00e0 r\u00e9pondre au stress physique et mental de mani\u00e8re \u00e9quilibr\u00e9e.<\/p>\n<h2>Quels sont les bienfaits du Cordyceps ?<\/h2>\n<p>Le Cordyceps offre un large \u00e9ventail de bienfaits naturels qui favorisent l'\u00e9nergie, les performances et le bien-\u00eatre. Il est souvent utilis\u00e9 par les athl\u00e8tes et les personnes ayant un mode de vie actif ou exigeant. Les principaux avantages sont les suivants :<\/p>\n<ul>\n<li>Favorise l'\u00e9nergie naturelle et la vitalit\u00e9 par la production d'ATP<\/li>\n<li>Am\u00e9liore l'efficacit\u00e9 de l'oxyg\u00e8ne pendant l'exercice et le stress<\/li>\n<li>Am\u00e9liore l'endurance et aide \u00e0 r\u00e9duire la fatigue<\/li>\n<li>Favorise l'\u00e9quilibre et les d\u00e9fenses immunitaires<\/li>\n<li>Favorise la sant\u00e9 respiratoire et la capacit\u00e9 pulmonaire<\/li>\n<\/ul>\n<h2>Qui doit prendre du Cordyceps ?<\/h2>\n<p>Le Cordyceps est id\u00e9al pour tous ceux qui souhaitent un regain d'\u00e9nergie propre et naturel sans avoir recours \u00e0 des stimulants. Il convient particuli\u00e8rement aux athl\u00e8tes, aux professionnels occup\u00e9s et \u00e0 ceux qui cherchent \u00e0 soutenir leurs poumons, leur syst\u00e8me immunitaire et leur r\u00e9cup\u00e9ration apr\u00e8s l'exercice. Le Cordyceps peut \u00e9galement \u00eatre b\u00e9n\u00e9fique pour les personnes qui manquent d'\u00e9nergie ou qui ont des difficult\u00e9s \u00e0 rester concentr\u00e9es pendant la journ\u00e9e.<\/p>\n<h2>Comment l'utiliser ?<\/h2>\n<p>Prendre 1 \u00e0 3 g\u00e9lules par jour avec de l'eau. Pour de meilleurs r\u00e9sultats, prenez votre suppl\u00e9ment de Cordyceps le matin pour soutenir les niveaux d'\u00e9nergie tout au long de la journ\u00e9e. Si vous \u00eates actif ou si vous faites de l'exercice, prenez-le 30 minutes avant votre s\u00e9ance d'entra\u00eenement pour am\u00e9liorer vos performances et votre endurance.<\/p>\n<h2>En combien de temps les effets se feront-ils sentir ?<\/h2>\n<p>De nombreux utilisateurs ressentent un subtil regain d'\u00e9nergie au bout de quelques jours. Pour b\u00e9n\u00e9ficier pleinement des avantages tels que l'augmentation de la r\u00e9sistance, de l'endurance et du soutien immunitaire, il est recommand\u00e9 de prendre le Cordyceps quotidiennement pendant 2 \u00e0 4 semaines. Le Cordyceps agissant progressivement, une utilisation \u00e0 long terme permet d'obtenir les meilleurs r\u00e9sultats.<\/p>\n<div style=\"margin-top: 20px; background-color: #eff5e6; padding: 16px; border-radius: 8px; border: 1px solid #dbeac7; font-family: Montserrat, sans-serif; font-size: 14px;\">\n<h2>Notes cl\u00e9s (\u00e0 lire attentivement)<\/h2>\n<ul>\n<li>Ne convient pas aux enfants, \u00e0 la grossesse ou \u00e0 l'allaitement.<\/li>\n<li>Consulter un m\u00e9decin avant l'utilisation si vous prenez des m\u00e9dicaments ou si vous avez des probl\u00e8mes de sant\u00e9.<\/li>\n<li>Ce produit est un compl\u00e9ment et ne remplace pas un mode de vie ou un r\u00e9gime alimentaire sain.<\/li>\n<li>Conserver dans un endroit frais et sec, \u00e0 l'abri de la lumi\u00e8re directe du soleil et hors de port\u00e9e des enfants.<\/li>\n<li>Convient aux v\u00e9g\u00e9taliens et ne contient pas d'additifs artificiels<\/li>\n<li>Contient uniquement de l'extrait de Cordyceps pur et puissant<\/li>\n<\/ul>\n<\/div>","protected":false},"excerpt":{"rendered":"<p>Experience a natural way to boost your energy, stamina and lung health with Cordyceps supplements by Primal Focus. Perfect for [&hellip;]<\/p>\n","protected":false},"featured_media":870321,"comment_status":"open","ping_status":"closed","template":"","meta":{"site-sidebar-layout":"default","site-content-layout":"default","ast-site-content-layout":"default","site-content-style":"default","site-sidebar-style":"default","ast-global-header-display":"","ast-banner-title-visibility":"","ast-main-header-display":"","ast-hfb-above-header-display":"","ast-hfb-below-header-display":"","ast-hfb-mobile-header-display":"","site-post-title":"","ast-breadcrumbs-content":"","ast-featured-img":"","footer-sml-layout":"","ast-disable-related-posts":"","theme-transparent-header-meta":"default","adv-header-id-meta":"","stick-header-meta":"","header-above-stick-meta":"","header-main-stick-meta":"","header-below-stick-meta":"","astra-migrate-meta-layouts":"set","ast-page-background-enabled":"default","ast-page-background-meta":{"desktop":{"background-color":"","background-image":"","background-repeat":"repeat","background-position":"center center","background-size":"auto","background-attachment":"scroll","background-type":"","background-media":"","overlay-type":"","overlay-color":"","overlay-opacity":"","overlay-gradient":""},"tablet":{"background-color":"","background-image":"","background-repeat":"repeat","background-position":"center center","background-size":"auto","background-attachment":"scroll","background-type":"","background-media":"","overlay-type":"","overlay-color":"","overlay-opacity":"","overlay-gradient":""},"mobile":{"background-color":"","background-image":"","background-repeat":"repeat","background-position":"center center","background-size":"auto","background-attachment":"scroll","background-type":"","background-media":"","overlay-type":"","overlay-color":"","overlay-opacity":"","overlay-gradient":""}},"ast-content-background-meta":{"desktop":{"background-color":"var(--ast-global-color-5)","background-image":"","background-repeat":"repeat","background-position":"center center","background-size":"auto","background-attachment":"scroll","background-type":"","background-media":"","overlay-type":"","overlay-color":"","overlay-opacity":"","overlay-gradient":""},"tablet":{"background-color":"var(--ast-global-color-5)","background-image":"","background-repeat":"repeat","background-position":"center center","background-size":"auto","background-attachment":"scroll","background-type":"","background-media":"","overlay-type":"","overlay-color":"","overlay-opacity":"","overlay-gradient":""},"mobile":{"background-color":"var(--ast-global-color-5)","background-image":"","background-repeat":"repeat","background-position":"center center","background-size":"auto","background-attachment":"scroll","background-type":"","background-media":"","overlay-type":"","overlay-color":"","overlay-opacity":"","overlay-gradient":""}}},"product_brand":[129],"product_cat":[108],"product_tag":[],"class_list":{"0":"post-258525","1":"product","2":"type-product","3":"status-publish","4":"has-post-thumbnail","6":"product_brand-primal-focus","7":"product_cat-functional-mushrooms","8":"product_shipping_class-brievenbus-pakje","9":"desktop-align-center","10":"tablet-align-left","11":"mobile-align-left","13":"first","14":"instock","15":"taxable","16":"shipping-taxable","17":"purchasable","18":"product-type-simple"},"yoast_head":"<!-- This site is optimized with the Yoast SEO plugin v27.3 - https:\/\/yoast.com\/product\/yoast-seo-wordpress\/ -->\n<title>Cordyceps supplement: natural energy, stamina and lung support<\/title>\n<meta name=\"description\" content=\"Discover the Cordyceps supplement by Primal Focus. 100% fruiting body extract for natural energy, endurance and recovery. Organic, vegan and filler-free.\" \/>\n<meta name=\"robots\" content=\"index, follow, max-snippet:-1, max-image-preview:large, max-video-preview:-1\" \/>\n<link rel=\"canonical\" href=\"https:\/\/primalfocus.eu\/fr\/gelules-de-cordyceps\/\" \/>\n<meta property=\"og:locale\" content=\"fr_FR\" \/>\n<meta property=\"og:type\" content=\"article\" \/>\n<meta property=\"og:title\" content=\"Cordyceps supplement: natural energy, stamina and lung support\" \/>\n<meta property=\"og:description\" content=\"Discover the Cordyceps supplement by Primal Focus. 100% fruiting body extract for natural energy, endurance and recovery. Organic, vegan and filler-free.\" \/>\n<meta property=\"og:url\" content=\"https:\/\/primalfocus.eu\/fr\/gelules-de-cordyceps\/\" \/>\n<meta property=\"og:site_name\" content=\"Primal Focus\" \/>\n<meta property=\"article:publisher\" content=\"https:\/\/www.facebook.com\/profile.php?id=61575377667059\" \/>\n<meta property=\"article:modified_time\" content=\"2026-04-09T09:54:40+00:00\" \/>\n<meta property=\"og:image\" content=\"https:\/\/primalfocus.eu\/wp-content\/uploads\/2024\/05\/Cordyceps-Capsules-primalfocus.eu_.webp\" \/>\n\t<meta property=\"og:image:width\" content=\"1080\" \/>\n\t<meta property=\"og:image:height\" content=\"1080\" \/>\n\t<meta property=\"og:image:type\" content=\"image\/webp\" \/>\n<meta name=\"twitter:card\" content=\"summary_large_image\" \/>\n<meta name=\"twitter:site\" content=\"@primalfocus_eu\" \/>\n<meta name=\"twitter:label1\" content=\"Dur\u00e9e de lecture estim\u00e9e\" \/>\n\t<meta name=\"twitter:data1\" content=\"3 minutes\" \/>\n<script type=\"application\/ld+json\" class=\"yoast-schema-graph\">{\"@context\":\"https:\\\/\\\/schema.org\",\"@graph\":[{\"@type\":\"WebPage\",\"@id\":\"https:\\\/\\\/primalfocus.eu\\\/fr\\\/cordyceps-capsules\\\/\",\"url\":\"https:\\\/\\\/primalfocus.eu\\\/fr\\\/cordyceps-capsules\\\/\",\"name\":\"Cordyceps supplement: natural energy, stamina and lung support\",\"isPartOf\":{\"@id\":\"https:\\\/\\\/primalfocus.eu\\\/fr\\\/#website\"},\"primaryImageOfPage\":{\"@id\":\"https:\\\/\\\/primalfocus.eu\\\/fr\\\/cordyceps-capsules\\\/#primaryimage\"},\"image\":{\"@id\":\"https:\\\/\\\/primalfocus.eu\\\/fr\\\/cordyceps-capsules\\\/#primaryimage\"},\"thumbnailUrl\":\"https:\\\/\\\/primalfocus.eu\\\/wp-content\\\/uploads\\\/2024\\\/05\\\/Cordyceps-Capsules-primalfocus.eu_.webp\",\"datePublished\":\"2024-05-14T08:49:17+00:00\",\"dateModified\":\"2026-04-09T09:54:40+00:00\",\"description\":\"Discover the Cordyceps supplement by Primal Focus. 100% fruiting body extract for natural energy, endurance and recovery. Organic, vegan and filler-free.\",\"breadcrumb\":{\"@id\":\"https:\\\/\\\/primalfocus.eu\\\/fr\\\/cordyceps-capsules\\\/#breadcrumb\"},\"inLanguage\":\"fr-FR\",\"potentialAction\":[{\"@type\":\"ReadAction\",\"target\":[\"https:\\\/\\\/primalfocus.eu\\\/fr\\\/cordyceps-capsules\\\/\"]}]},{\"@type\":\"ImageObject\",\"inLanguage\":\"fr-FR\",\"@id\":\"https:\\\/\\\/primalfocus.eu\\\/fr\\\/cordyceps-capsules\\\/#primaryimage\",\"url\":\"https:\\\/\\\/primalfocus.eu\\\/wp-content\\\/uploads\\\/2024\\\/05\\\/Cordyceps-Capsules-primalfocus.eu_.webp\",\"contentUrl\":\"https:\\\/\\\/primalfocus.eu\\\/wp-content\\\/uploads\\\/2024\\\/05\\\/Cordyceps-Capsules-primalfocus.eu_.webp\",\"width\":1080,\"height\":1080,\"caption\":\"Cordyceps Capsules primalfocus.eu\"},{\"@type\":\"BreadcrumbList\",\"@id\":\"https:\\\/\\\/primalfocus.eu\\\/fr\\\/cordyceps-capsules\\\/#breadcrumb\",\"itemListElement\":[{\"@type\":\"ListItem\",\"position\":1,\"name\":\"Home\",\"item\":\"https:\\\/\\\/primalfocus.eu\\\/\"},{\"@type\":\"ListItem\",\"position\":2,\"name\":\"Shop\",\"item\":\"https:\\\/\\\/primalfocus.eu\\\/products\\\/\"},{\"@type\":\"ListItem\",\"position\":3,\"name\":\"Functional Mushrooms\",\"item\":\"https:\\\/\\\/primalfocus.eu\\\/functional-mushrooms\\\/\"},{\"@type\":\"ListItem\",\"position\":4,\"name\":\"Cordyceps Capsules\"}]},{\"@type\":\"WebSite\",\"@id\":\"https:\\\/\\\/primalfocus.eu\\\/fr\\\/#website\",\"url\":\"https:\\\/\\\/primalfocus.eu\\\/fr\\\/\",\"name\":\"Primal Focus\",\"description\":\"Buy legal psychedelics online\",\"publisher\":{\"@id\":\"https:\\\/\\\/primalfocus.eu\\\/fr\\\/#organization\"},\"potentialAction\":[{\"@type\":\"SearchAction\",\"target\":{\"@type\":\"EntryPoint\",\"urlTemplate\":\"https:\\\/\\\/primalfocus.eu\\\/fr\\\/?s={search_term_string}\"},\"query-input\":{\"@type\":\"PropertyValueSpecification\",\"valueRequired\":true,\"valueName\":\"search_term_string\"}}],\"inLanguage\":\"fr-FR\"},{\"@type\":\"Organization\",\"@id\":\"https:\\\/\\\/primalfocus.eu\\\/fr\\\/#organization\",\"name\":\"Primal Focus\",\"alternateName\":\"primalfocus.eu\",\"url\":\"https:\\\/\\\/primalfocus.eu\\\/fr\\\/\",\"logo\":{\"@type\":\"ImageObject\",\"inLanguage\":\"fr-FR\",\"@id\":\"https:\\\/\\\/primalfocus.eu\\\/fr\\\/#\\\/schema\\\/logo\\\/image\\\/\",\"url\":\"https:\\\/\\\/primalfocus.eu\\\/wp-content\\\/uploads\\\/2025\\\/11\\\/primal-focus-logo-header.svg\",\"contentUrl\":\"https:\\\/\\\/primalfocus.eu\\\/wp-content\\\/uploads\\\/2025\\\/11\\\/primal-focus-logo-header.svg\",\"caption\":\"Primal Focus\"},\"image\":{\"@id\":\"https:\\\/\\\/primalfocus.eu\\\/fr\\\/#\\\/schema\\\/logo\\\/image\\\/\"},\"sameAs\":[\"https:\\\/\\\/www.facebook.com\\\/profile.php?id=61575377667059\",\"https:\\\/\\\/x.com\\\/primalfocus_eu\",\"https:\\\/\\\/www.instagram.com\\\/primalfocus.store\\\/\"]}]}<\/script>\n<!-- \/ Yoast SEO plugin. -->","yoast_head_json":{"title":"Suppl\u00e9ment de Cordyceps : \u00e9nergie naturelle, endurance et soutien pulmonaire","description":"D\u00e9couvrez le compl\u00e9ment Cordyceps de Primal Focus. Extrait de fructification 100% pour l'\u00e9nergie naturelle, l'endurance et la r\u00e9cup\u00e9ration. Biologique, v\u00e9g\u00e9talien et sans agent de remplissage.","robots":{"index":"index","follow":"follow","max-snippet":"max-snippet:-1","max-image-preview":"max-image-preview:large","max-video-preview":"max-video-preview:-1"},"canonical":"https:\/\/primalfocus.eu\/fr\/gelules-de-cordyceps\/","og_locale":"fr_FR","og_type":"article","og_title":"Cordyceps supplement: natural energy, stamina and lung support","og_description":"Discover the Cordyceps supplement by Primal Focus. 100% fruiting body extract for natural energy, endurance and recovery. Organic, vegan and filler-free.","og_url":"https:\/\/primalfocus.eu\/fr\/gelules-de-cordyceps\/","og_site_name":"Primal Focus","article_publisher":"https:\/\/www.facebook.com\/profile.php?id=61575377667059","article_modified_time":"2026-04-09T09:54:40+00:00","og_image":[{"width":1080,"height":1080,"url":"https:\/\/primalfocus.eu\/wp-content\/uploads\/2024\/05\/Cordyceps-Capsules-primalfocus.eu_.webp","type":"image\/webp"}],"twitter_card":"summary_large_image","twitter_site":"@primalfocus_eu","twitter_misc":{"Dur\u00e9e de lecture estim\u00e9e":"3 minutes"},"schema":{"@context":"https:\/\/schema.org","@graph":[{"@type":"WebPage","@id":"https:\/\/primalfocus.eu\/fr\/cordyceps-capsules\/","url":"https:\/\/primalfocus.eu\/fr\/cordyceps-capsules\/","name":"Suppl\u00e9ment de Cordyceps : \u00e9nergie naturelle, endurance et soutien pulmonaire","isPartOf":{"@id":"https:\/\/primalfocus.eu\/fr\/#website"},"primaryImageOfPage":{"@id":"https:\/\/primalfocus.eu\/fr\/cordyceps-capsules\/#primaryimage"},"image":{"@id":"https:\/\/primalfocus.eu\/fr\/cordyceps-capsules\/#primaryimage"},"thumbnailUrl":"https:\/\/primalfocus.eu\/wp-content\/uploads\/2024\/05\/Cordyceps-Capsules-primalfocus.eu_.webp","datePublished":"2024-05-14T08:49:17+00:00","dateModified":"2026-04-09T09:54:40+00:00","description":"D\u00e9couvrez le compl\u00e9ment Cordyceps de Primal Focus. Extrait de fructification 100% pour l'\u00e9nergie naturelle, l'endurance et la r\u00e9cup\u00e9ration. Biologique, v\u00e9g\u00e9talien et sans agent de remplissage.","breadcrumb":{"@id":"https:\/\/primalfocus.eu\/fr\/cordyceps-capsules\/#breadcrumb"},"inLanguage":"fr-FR","potentialAction":[{"@type":"ReadAction","target":["https:\/\/primalfocus.eu\/fr\/cordyceps-capsules\/"]}]},{"@type":"ImageObject","inLanguage":"fr-FR","@id":"https:\/\/primalfocus.eu\/fr\/cordyceps-capsules\/#primaryimage","url":"https:\/\/primalfocus.eu\/wp-content\/uploads\/2024\/05\/Cordyceps-Capsules-primalfocus.eu_.webp","contentUrl":"https:\/\/primalfocus.eu\/wp-content\/uploads\/2024\/05\/Cordyceps-Capsules-primalfocus.eu_.webp","width":1080,"height":1080,"caption":"Cordyceps Capsules primalfocus.eu"},{"@type":"BreadcrumbList","@id":"https:\/\/primalfocus.eu\/fr\/cordyceps-capsules\/#breadcrumb","itemListElement":[{"@type":"ListItem","position":1,"name":"Home","item":"https:\/\/primalfocus.eu\/"},{"@type":"ListItem","position":2,"name":"Shop","item":"https:\/\/primalfocus.eu\/products\/"},{"@type":"ListItem","position":3,"name":"Functional Mushrooms","item":"https:\/\/primalfocus.eu\/functional-mushrooms\/"},{"@type":"ListItem","position":4,"name":"Cordyceps Capsules"}]},{"@type":"WebSite","@id":"https:\/\/primalfocus.eu\/fr\/#website","url":"https:\/\/primalfocus.eu\/fr\/","name":"Primal Focus","description":"Acheter des psych\u00e9d\u00e9liques l\u00e9gaux en ligne","publisher":{"@id":"https:\/\/primalfocus.eu\/fr\/#organization"},"potentialAction":[{"@type":"SearchAction","target":{"@type":"EntryPoint","urlTemplate":"https:\/\/primalfocus.eu\/fr\/?s={search_term_string}"},"query-input":{"@type":"PropertyValueSpecification","valueRequired":true,"valueName":"search_term_string"}}],"inLanguage":"fr-FR"},{"@type":"Organization","@id":"https:\/\/primalfocus.eu\/fr\/#organization","name":"Primal Focus","alternateName":"primalfocus.eu","url":"https:\/\/primalfocus.eu\/fr\/","logo":{"@type":"ImageObject","inLanguage":"fr-FR","@id":"https:\/\/primalfocus.eu\/fr\/#\/schema\/logo\/image\/","url":"https:\/\/primalfocus.eu\/wp-content\/uploads\/2025\/11\/primal-focus-logo-header.svg","contentUrl":"https:\/\/primalfocus.eu\/wp-content\/uploads\/2025\/11\/primal-focus-logo-header.svg","caption":"Primal Focus"},"image":{"@id":"https:\/\/primalfocus.eu\/fr\/#\/schema\/logo\/image\/"},"sameAs":["https:\/\/www.facebook.com\/profile.php?id=61575377667059","https:\/\/x.com\/primalfocus_eu","https:\/\/www.instagram.com\/primalfocus.store\/"]}]}},"jetpack_sharing_enabled":true,"_links":{"self":[{"href":"https:\/\/primalfocus.eu\/fr\/wp-json\/wp\/v2\/product\/258525","targetHints":{"allow":["GET"]}}],"collection":[{"href":"https:\/\/primalfocus.eu\/fr\/wp-json\/wp\/v2\/product"}],"about":[{"href":"https:\/\/primalfocus.eu\/fr\/wp-json\/wp\/v2\/types\/product"}],"replies":[{"embeddable":true,"href":"https:\/\/primalfocus.eu\/fr\/wp-json\/wp\/v2\/comments?post=258525"}],"wp:featuredmedia":[{"embeddable":true,"href":"https:\/\/primalfocus.eu\/fr\/wp-json\/wp\/v2\/media\/870321"}],"wp:attachment":[{"href":"https:\/\/primalfocus.eu\/fr\/wp-json\/wp\/v2\/media?parent=258525"}],"wp:term":[{"taxonomy":"product_brand","embeddable":true,"href":"https:\/\/primalfocus.eu\/fr\/wp-json\/wp\/v2\/product_brand?post=258525"},{"taxonomy":"product_cat","embeddable":true,"href":"https:\/\/primalfocus.eu\/fr\/wp-json\/wp\/v2\/product_cat?post=258525"},{"taxonomy":"product_tag","embeddable":true,"href":"https:\/\/primalfocus.eu\/fr\/wp-json\/wp\/v2\/product_tag?post=258525"}],"curies":[{"name":"wp","href":"https:\/\/api.w.org\/{rel}","templated":true}]}}