{"id":12754,"date":"2024-01-17T11:44:24","date_gmt":"2024-01-17T10:44:24","guid":{"rendered":"https:\/\/primalfocus.eu\/?post_type=product&#038;p=12754"},"modified":"2026-04-03T13:14:43","modified_gmt":"2026-04-03T11:14:43","slug":"truffes-magiques-atlantis-15-grammes","status":"publish","type":"product","link":"https:\/\/primalfocus.eu\/fr\/magic-truffles-atlantis-15-grams\/","title":{"rendered":"Truffes Atlantis"},"content":{"rendered":"<p>Une vari\u00e9t\u00e9 puissante et perspicace avec des images profondes, une euphorie chaleureuse et une clart\u00e9 qui ouvre l'esprit. Parfaite pour l'exploration int\u00e9rieure.<\/p>\n<ul>\n<li>15 grammes de truffes magiques fra\u00eeches<\/li>\n<li>Force : 4 sur 5<\/li>\n<li>100% cultiv\u00e9 biologiquement aux Pays-Bas<\/li>\n<li>Exp\u00e9dition vers les pays de l'UE<\/li>\n<\/ul>\n<h2>Pourquoi le nom Atlantis ?<\/h2>\n<p>Comme la mythique cit\u00e9 perdue, les truffes de l'Atlantide vous invitent \u00e0 plonger profond\u00e9ment sous la surface de votre esprit. Des id\u00e9es cach\u00e9es, des \u00e9motions oubli\u00e9es et des images riches vous attendent en dessous, r\u00e9v\u00e9lant un monde int\u00e9rieur qui semble ancien, profond et magique.<\/p>\n<h2>Qu'est-ce qui fait la sp\u00e9cificit\u00e9 des truffes Atlantis ?<\/h2>\n<p>Atlantis est l'une des vari\u00e9t\u00e9s de truffes magiques les plus puissantes. Connue pour ses visions intenses et ses aper\u00e7us significatifs, elle est la pr\u00e9f\u00e9r\u00e9e des explorateurs exp\u00e9riment\u00e9s. M\u00eame de petites doses peuvent am\u00e9liorer la perception et l'humeur, tandis que des doses plus \u00e9lev\u00e9es conduisent \u00e0 des perc\u00e9es spirituelles ou philosophiques.<\/p>\n<h2>Parfait pour<\/h2>\n<ul>\n<li>R\u00e9flexion cr\u00e9ative et r\u00e9daction d'un journal (dose faible \u00e0 moyenne)<\/li>\n<li>S\u00e9ances de musique immersive ou introspection \u00e0 la maison<\/li>\n<li>Promenades dans la nature (\u00e0 faible dose uniquement, dans des zones s\u00fbres et famili\u00e8res)<\/li>\n<\/ul>\n<div style=\"background-color: #eff5e6; padding: 16px; border-radius: 8px; border: 1px solid #dbeac7; font-family: Montserrat, sans-serif; font-size: 14px;\">\n<h3><strong>Notes cl\u00e9s (\u00e0 lire attentivement) :<\/strong><\/h3>\n<ul style=\"margin: 10px 0 0 10px;\">\n<li>Ne consommez pas de truffes psych\u00e9d\u00e9liques si vous \u00eates mentalement instable, tr\u00e8s anxieux ou si vous avez des ant\u00e9c\u00e9dents personnels ou familiaux de psychose.<\/li>\n<li>\u00c9viter pendant la grossesse, chez les moins de 18 ans ou en cas d'utilisation d'antid\u00e9presseurs\/antipsychotiques.<\/li>\n<li>Ne prenez que dans un cadre s\u00fbr et paisible. Voyagez toujours de mani\u00e8re responsable - de pr\u00e9f\u00e9rence avec un baby-sitter qui ne boit pas.<\/li>\n<li>Ces truffes sont l\u00e9gales aux Pays-Bas et approuv\u00e9es en tant que produit alimentaire.<\/li>\n<li>Transport maritime l\u00e9gal \u00e0 l'\u00e9chelle de l'UE en vertu du r\u00e8glement sur la reconnaissance mutuelle des marchandises.<\/li>\n<\/ul>\n<\/div>","protected":false},"excerpt":{"rendered":"<p>A potent and insightful strain with deep visuals, warm euphoria and mind-opening clarity. Perfect for inner exploration. 15 grams of [&hellip;]<\/p>\n","protected":false},"featured_media":713752,"comment_status":"open","ping_status":"closed","template":"","meta":{"site-sidebar-layout":"default","site-content-layout":"default","ast-site-content-layout":"default","site-content-style":"default","site-sidebar-style":"default","ast-global-header-display":"","ast-banner-title-visibility":"","ast-main-header-display":"","ast-hfb-above-header-display":"","ast-hfb-below-header-display":"","ast-hfb-mobile-header-display":"","site-post-title":"","ast-breadcrumbs-content":"","ast-featured-img":"","footer-sml-layout":"","ast-disable-related-posts":"","theme-transparent-header-meta":"default","adv-header-id-meta":"","stick-header-meta":"","header-above-stick-meta":"","header-main-stick-meta":"","header-below-stick-meta":"","astra-migrate-meta-layouts":"set","ast-page-background-enabled":"default","ast-page-background-meta":{"desktop":{"background-color":"","background-image":"","background-repeat":"repeat","background-position":"center center","background-size":"auto","background-attachment":"scroll","background-type":"","background-media":"","overlay-type":"","overlay-color":"","overlay-opacity":"","overlay-gradient":""},"tablet":{"background-color":"","background-image":"","background-repeat":"repeat","background-position":"center center","background-size":"auto","background-attachment":"scroll","background-type":"","background-media":"","overlay-type":"","overlay-color":"","overlay-opacity":"","overlay-gradient":""},"mobile":{"background-color":"","background-image":"","background-repeat":"repeat","background-position":"center center","background-size":"auto","background-attachment":"scroll","background-type":"","background-media":"","overlay-type":"","overlay-color":"","overlay-opacity":"","overlay-gradient":""}},"ast-content-background-meta":{"desktop":{"background-color":"var(--ast-global-color-5)","background-image":"","background-repeat":"repeat","background-position":"center center","background-size":"auto","background-attachment":"scroll","background-type":"","background-media":"","overlay-type":"","overlay-color":"","overlay-opacity":"","overlay-gradient":""},"tablet":{"background-color":"var(--ast-global-color-5)","background-image":"","background-repeat":"repeat","background-position":"center center","background-size":"auto","background-attachment":"scroll","background-type":"","background-media":"","overlay-type":"","overlay-color":"","overlay-opacity":"","overlay-gradient":""},"mobile":{"background-color":"var(--ast-global-color-5)","background-image":"","background-repeat":"repeat","background-position":"center center","background-size":"auto","background-attachment":"scroll","background-type":"","background-media":"","overlay-type":"","overlay-color":"","overlay-opacity":"","overlay-gradient":""}}},"product_brand":[129],"product_cat":[92,109],"product_tag":[],"class_list":{"0":"post-12754","1":"product","2":"type-product","3":"status-publish","4":"has-post-thumbnail","6":"product_brand-primal-focus","7":"product_cat-macrodosing","8":"product_cat-magic-truffles","9":"product_shipping_class-brievenbus-pakje","10":"desktop-align-center","11":"tablet-align-left","12":"mobile-align-left","14":"first","15":"instock","16":"taxable","17":"shipping-taxable","18":"purchasable","19":"product-type-simple"},"yoast_head":"<!-- This site is optimized with the Yoast SEO plugin v27.3 - https:\/\/yoast.com\/product\/yoast-seo-wordpress\/ -->\n<title>Buy Atlantis Truffles: mind-opening journeys await<\/title>\n<meta name=\"description\" content=\"Order Atlantis Magic Truffles at Primal Focus. 15g packs, safe EU shipping, vivid visuals and emotional clarity. Join our community today.\" \/>\n<meta name=\"robots\" content=\"index, follow, max-snippet:-1, max-image-preview:large, max-video-preview:-1\" \/>\n<link rel=\"canonical\" href=\"https:\/\/primalfocus.eu\/fr\/truffes-magiques-atlantis-15-grammes\/\" \/>\n<meta property=\"og:locale\" content=\"fr_FR\" \/>\n<meta property=\"og:type\" content=\"article\" \/>\n<meta property=\"og:title\" content=\"Buy Atlantis Truffles: mind-opening journeys await\" \/>\n<meta property=\"og:description\" content=\"Order Atlantis Magic Truffles at Primal Focus. 15g packs, safe EU shipping, vivid visuals and emotional clarity. Join our community today.\" \/>\n<meta property=\"og:url\" content=\"https:\/\/primalfocus.eu\/fr\/truffes-magiques-atlantis-15-grammes\/\" \/>\n<meta property=\"og:site_name\" content=\"Primal Focus\" \/>\n<meta property=\"article:publisher\" content=\"https:\/\/www.facebook.com\/profile.php?id=61575377667059\" \/>\n<meta property=\"article:modified_time\" content=\"2026-04-03T11:14:43+00:00\" \/>\n<meta property=\"og:image\" content=\"https:\/\/primalfocus.eu\/wp-content\/uploads\/2024\/01\/Atlantis-Truffles-Primal-Focus.webp\" \/>\n\t<meta property=\"og:image:width\" content=\"1080\" \/>\n\t<meta property=\"og:image:height\" content=\"1080\" \/>\n\t<meta property=\"og:image:type\" content=\"image\/webp\" \/>\n<meta name=\"twitter:card\" content=\"summary_large_image\" \/>\n<meta name=\"twitter:site\" content=\"@primalfocus_eu\" \/>\n<meta name=\"twitter:label1\" content=\"Dur\u00e9e de lecture estim\u00e9e\" \/>\n\t<meta name=\"twitter:data1\" content=\"2 minutes\" \/>\n<script type=\"application\/ld+json\" class=\"yoast-schema-graph\">{\"@context\":\"https:\\\/\\\/schema.org\",\"@graph\":[{\"@type\":\"WebPage\",\"@id\":\"https:\\\/\\\/primalfocus.eu\\\/fr\\\/magic-truffles-atlantis-15-grams\\\/\",\"url\":\"https:\\\/\\\/primalfocus.eu\\\/fr\\\/magic-truffles-atlantis-15-grams\\\/\",\"name\":\"Buy Atlantis Truffles: mind-opening journeys await\",\"isPartOf\":{\"@id\":\"https:\\\/\\\/primalfocus.eu\\\/fr\\\/#website\"},\"primaryImageOfPage\":{\"@id\":\"https:\\\/\\\/primalfocus.eu\\\/fr\\\/magic-truffles-atlantis-15-grams\\\/#primaryimage\"},\"image\":{\"@id\":\"https:\\\/\\\/primalfocus.eu\\\/fr\\\/magic-truffles-atlantis-15-grams\\\/#primaryimage\"},\"thumbnailUrl\":\"https:\\\/\\\/primalfocus.eu\\\/wp-content\\\/uploads\\\/2024\\\/01\\\/Atlantis-Truffles-Primal-Focus.webp\",\"datePublished\":\"2024-01-17T10:44:24+00:00\",\"dateModified\":\"2026-04-03T11:14:43+00:00\",\"description\":\"Order Atlantis Magic Truffles at Primal Focus. 15g packs, safe EU shipping, vivid visuals and emotional clarity. Join our community today.\",\"breadcrumb\":{\"@id\":\"https:\\\/\\\/primalfocus.eu\\\/fr\\\/magic-truffles-atlantis-15-grams\\\/#breadcrumb\"},\"inLanguage\":\"fr-FR\",\"potentialAction\":[{\"@type\":\"ReadAction\",\"target\":[\"https:\\\/\\\/primalfocus.eu\\\/fr\\\/magic-truffles-atlantis-15-grams\\\/\"]}]},{\"@type\":\"ImageObject\",\"inLanguage\":\"fr-FR\",\"@id\":\"https:\\\/\\\/primalfocus.eu\\\/fr\\\/magic-truffles-atlantis-15-grams\\\/#primaryimage\",\"url\":\"https:\\\/\\\/primalfocus.eu\\\/wp-content\\\/uploads\\\/2024\\\/01\\\/Atlantis-Truffles-Primal-Focus.webp\",\"contentUrl\":\"https:\\\/\\\/primalfocus.eu\\\/wp-content\\\/uploads\\\/2024\\\/01\\\/Atlantis-Truffles-Primal-Focus.webp\",\"width\":1080,\"height\":1080,\"caption\":\"Atlantis Truffles Primal Focus\"},{\"@type\":\"BreadcrumbList\",\"@id\":\"https:\\\/\\\/primalfocus.eu\\\/fr\\\/magic-truffles-atlantis-15-grams\\\/#breadcrumb\",\"itemListElement\":[{\"@type\":\"ListItem\",\"position\":1,\"name\":\"Home\",\"item\":\"https:\\\/\\\/primalfocus.eu\\\/\"},{\"@type\":\"ListItem\",\"position\":2,\"name\":\"Shop\",\"item\":\"https:\\\/\\\/primalfocus.eu\\\/products\\\/\"},{\"@type\":\"ListItem\",\"position\":3,\"name\":\"Macrodosing\",\"item\":\"https:\\\/\\\/primalfocus.eu\\\/macrodosing\\\/\"},{\"@type\":\"ListItem\",\"position\":4,\"name\":\"Magic Truffles\",\"item\":\"https:\\\/\\\/primalfocus.eu\\\/magic-truffles\\\/\"},{\"@type\":\"ListItem\",\"position\":5,\"name\":\"Atlantis Truffles\"}]},{\"@type\":\"WebSite\",\"@id\":\"https:\\\/\\\/primalfocus.eu\\\/fr\\\/#website\",\"url\":\"https:\\\/\\\/primalfocus.eu\\\/fr\\\/\",\"name\":\"Primal Focus\",\"description\":\"Buy legal psychedelics online\",\"publisher\":{\"@id\":\"https:\\\/\\\/primalfocus.eu\\\/fr\\\/#organization\"},\"potentialAction\":[{\"@type\":\"SearchAction\",\"target\":{\"@type\":\"EntryPoint\",\"urlTemplate\":\"https:\\\/\\\/primalfocus.eu\\\/fr\\\/?s={search_term_string}\"},\"query-input\":{\"@type\":\"PropertyValueSpecification\",\"valueRequired\":true,\"valueName\":\"search_term_string\"}}],\"inLanguage\":\"fr-FR\"},{\"@type\":\"Organization\",\"@id\":\"https:\\\/\\\/primalfocus.eu\\\/fr\\\/#organization\",\"name\":\"Primal Focus\",\"alternateName\":\"primalfocus.eu\",\"url\":\"https:\\\/\\\/primalfocus.eu\\\/fr\\\/\",\"logo\":{\"@type\":\"ImageObject\",\"inLanguage\":\"fr-FR\",\"@id\":\"https:\\\/\\\/primalfocus.eu\\\/fr\\\/#\\\/schema\\\/logo\\\/image\\\/\",\"url\":\"https:\\\/\\\/primalfocus.eu\\\/wp-content\\\/uploads\\\/2025\\\/11\\\/primal-focus-logo-header.svg\",\"contentUrl\":\"https:\\\/\\\/primalfocus.eu\\\/wp-content\\\/uploads\\\/2025\\\/11\\\/primal-focus-logo-header.svg\",\"caption\":\"Primal Focus\"},\"image\":{\"@id\":\"https:\\\/\\\/primalfocus.eu\\\/fr\\\/#\\\/schema\\\/logo\\\/image\\\/\"},\"sameAs\":[\"https:\\\/\\\/www.facebook.com\\\/profile.php?id=61575377667059\",\"https:\\\/\\\/x.com\\\/primalfocus_eu\",\"https:\\\/\\\/www.instagram.com\\\/primalfocus.store\\\/\"]}]}<\/script>\n<!-- \/ Yoast SEO plugin. -->","yoast_head_json":{"title":"Acheter les Truffes de l'Atlantide : des voyages qui ouvrent l'esprit vous attendent","description":"Commandez les Truffes Magiques Atlantis chez Primal Focus. Paquets de 15 g, livraison s\u00e9curis\u00e9e dans l'Union europ\u00e9enne, images vivantes et clart\u00e9 \u00e9motionnelle. Rejoignez notre communaut\u00e9 d\u00e8s aujourd'hui.","robots":{"index":"index","follow":"follow","max-snippet":"max-snippet:-1","max-image-preview":"max-image-preview:large","max-video-preview":"max-video-preview:-1"},"canonical":"https:\/\/primalfocus.eu\/fr\/truffes-magiques-atlantis-15-grammes\/","og_locale":"fr_FR","og_type":"article","og_title":"Buy Atlantis Truffles: mind-opening journeys await","og_description":"Order Atlantis Magic Truffles at Primal Focus. 15g packs, safe EU shipping, vivid visuals and emotional clarity. Join our community today.","og_url":"https:\/\/primalfocus.eu\/fr\/truffes-magiques-atlantis-15-grammes\/","og_site_name":"Primal Focus","article_publisher":"https:\/\/www.facebook.com\/profile.php?id=61575377667059","article_modified_time":"2026-04-03T11:14:43+00:00","og_image":[{"width":1080,"height":1080,"url":"https:\/\/primalfocus.eu\/wp-content\/uploads\/2024\/01\/Atlantis-Truffles-Primal-Focus.webp","type":"image\/webp"}],"twitter_card":"summary_large_image","twitter_site":"@primalfocus_eu","twitter_misc":{"Dur\u00e9e de lecture estim\u00e9e":"2 minutes"},"schema":{"@context":"https:\/\/schema.org","@graph":[{"@type":"WebPage","@id":"https:\/\/primalfocus.eu\/fr\/magic-truffles-atlantis-15-grams\/","url":"https:\/\/primalfocus.eu\/fr\/magic-truffles-atlantis-15-grams\/","name":"Acheter les Truffes de l'Atlantide : des voyages qui ouvrent l'esprit vous attendent","isPartOf":{"@id":"https:\/\/primalfocus.eu\/fr\/#website"},"primaryImageOfPage":{"@id":"https:\/\/primalfocus.eu\/fr\/magic-truffles-atlantis-15-grams\/#primaryimage"},"image":{"@id":"https:\/\/primalfocus.eu\/fr\/magic-truffles-atlantis-15-grams\/#primaryimage"},"thumbnailUrl":"https:\/\/primalfocus.eu\/wp-content\/uploads\/2024\/01\/Atlantis-Truffles-Primal-Focus.webp","datePublished":"2024-01-17T10:44:24+00:00","dateModified":"2026-04-03T11:14:43+00:00","description":"Commandez les Truffes Magiques Atlantis chez Primal Focus. Paquets de 15 g, livraison s\u00e9curis\u00e9e dans l'Union europ\u00e9enne, images vivantes et clart\u00e9 \u00e9motionnelle. Rejoignez notre communaut\u00e9 d\u00e8s aujourd'hui.","breadcrumb":{"@id":"https:\/\/primalfocus.eu\/fr\/magic-truffles-atlantis-15-grams\/#breadcrumb"},"inLanguage":"fr-FR","potentialAction":[{"@type":"ReadAction","target":["https:\/\/primalfocus.eu\/fr\/magic-truffles-atlantis-15-grams\/"]}]},{"@type":"ImageObject","inLanguage":"fr-FR","@id":"https:\/\/primalfocus.eu\/fr\/magic-truffles-atlantis-15-grams\/#primaryimage","url":"https:\/\/primalfocus.eu\/wp-content\/uploads\/2024\/01\/Atlantis-Truffles-Primal-Focus.webp","contentUrl":"https:\/\/primalfocus.eu\/wp-content\/uploads\/2024\/01\/Atlantis-Truffles-Primal-Focus.webp","width":1080,"height":1080,"caption":"Atlantis Truffles Primal Focus"},{"@type":"BreadcrumbList","@id":"https:\/\/primalfocus.eu\/fr\/magic-truffles-atlantis-15-grams\/#breadcrumb","itemListElement":[{"@type":"ListItem","position":1,"name":"Home","item":"https:\/\/primalfocus.eu\/"},{"@type":"ListItem","position":2,"name":"Shop","item":"https:\/\/primalfocus.eu\/products\/"},{"@type":"ListItem","position":3,"name":"Macrodosing","item":"https:\/\/primalfocus.eu\/macrodosing\/"},{"@type":"ListItem","position":4,"name":"Magic Truffles","item":"https:\/\/primalfocus.eu\/magic-truffles\/"},{"@type":"ListItem","position":5,"name":"Atlantis Truffles"}]},{"@type":"WebSite","@id":"https:\/\/primalfocus.eu\/fr\/#website","url":"https:\/\/primalfocus.eu\/fr\/","name":"Primal Focus","description":"Acheter des psych\u00e9d\u00e9liques l\u00e9gaux en ligne","publisher":{"@id":"https:\/\/primalfocus.eu\/fr\/#organization"},"potentialAction":[{"@type":"SearchAction","target":{"@type":"EntryPoint","urlTemplate":"https:\/\/primalfocus.eu\/fr\/?s={search_term_string}"},"query-input":{"@type":"PropertyValueSpecification","valueRequired":true,"valueName":"search_term_string"}}],"inLanguage":"fr-FR"},{"@type":"Organization","@id":"https:\/\/primalfocus.eu\/fr\/#organization","name":"Primal Focus","alternateName":"primalfocus.eu","url":"https:\/\/primalfocus.eu\/fr\/","logo":{"@type":"ImageObject","inLanguage":"fr-FR","@id":"https:\/\/primalfocus.eu\/fr\/#\/schema\/logo\/image\/","url":"https:\/\/primalfocus.eu\/wp-content\/uploads\/2025\/11\/primal-focus-logo-header.svg","contentUrl":"https:\/\/primalfocus.eu\/wp-content\/uploads\/2025\/11\/primal-focus-logo-header.svg","caption":"Primal Focus"},"image":{"@id":"https:\/\/primalfocus.eu\/fr\/#\/schema\/logo\/image\/"},"sameAs":["https:\/\/www.facebook.com\/profile.php?id=61575377667059","https:\/\/x.com\/primalfocus_eu","https:\/\/www.instagram.com\/primalfocus.store\/"]}]}},"jetpack_sharing_enabled":true,"_links":{"self":[{"href":"https:\/\/primalfocus.eu\/fr\/wp-json\/wp\/v2\/product\/12754","targetHints":{"allow":["GET"]}}],"collection":[{"href":"https:\/\/primalfocus.eu\/fr\/wp-json\/wp\/v2\/product"}],"about":[{"href":"https:\/\/primalfocus.eu\/fr\/wp-json\/wp\/v2\/types\/product"}],"replies":[{"embeddable":true,"href":"https:\/\/primalfocus.eu\/fr\/wp-json\/wp\/v2\/comments?post=12754"}],"wp:featuredmedia":[{"embeddable":true,"href":"https:\/\/primalfocus.eu\/fr\/wp-json\/wp\/v2\/media\/713752"}],"wp:attachment":[{"href":"https:\/\/primalfocus.eu\/fr\/wp-json\/wp\/v2\/media?parent=12754"}],"wp:term":[{"taxonomy":"product_brand","embeddable":true,"href":"https:\/\/primalfocus.eu\/fr\/wp-json\/wp\/v2\/product_brand?post=12754"},{"taxonomy":"product_cat","embeddable":true,"href":"https:\/\/primalfocus.eu\/fr\/wp-json\/wp\/v2\/product_cat?post=12754"},{"taxonomy":"product_tag","embeddable":true,"href":"https:\/\/primalfocus.eu\/fr\/wp-json\/wp\/v2\/product_tag?post=12754"}],"curies":[{"name":"wp","href":"https:\/\/api.w.org\/{rel}","templated":true}]}}