{"id":1154559,"date":"2026-03-27T15:18:42","date_gmt":"2026-03-27T14:18:42","guid":{"rendered":"https:\/\/primalfocus.eu\/?post_type=product&#038;p=1154559"},"modified":"2026-04-14T16:41:31","modified_gmt":"2026-04-14T14:41:31","slug":"1fe-lsd-blotters","status":"publish","type":"product","link":"https:\/\/primalfocus.eu\/fr\/1fe-lsd-blotters\/","title":{"rendered":"1Fe-LSD Macro Blotters"},"content":{"rendered":"<h2>1Fe-LSD Blotters (200\u00b5g) - forte exp\u00e9rience<\/h2>\n<p>D\u00e9couvrez le macrodosage avec les buvards de 1Fe-LSD : une pro-drogue LSD l\u00e9gale et test\u00e9e en laboratoire qui offre clart\u00e9, cr\u00e9ativit\u00e9 et introspection. Ces buvards sont dos\u00e9s \u00e0 200\u00b5g pour offrir une exp\u00e9rience compl\u00e8te et \u00e9quilibr\u00e9e.<\/p>\n<div style=\"background-color: #eff5e6; padding: 20px; border-radius: 12px; font-family: Montserrat, sans-serif; font-size: 15px; color: #333; line-height: 1.6;\">\n<ul style=\"list-style: none; padding: 0; margin: 0;\">\n<li style=\"margin-bottom: 8px;\">\u2705 200\u00b5g par buvard<\/li>\n<li style=\"margin-bottom: 8px;\">\u2705 L\u00e9gale dans de nombreux pays de l'UE<\/li>\n<li style=\"margin-bottom: 8px;\">\u2705 Test\u00e9 en laboratoire et coh\u00e9rent<\/li>\n<li style=\"margin-bottom: 8px;\">\u2705 Exp\u00e9dition europ\u00e9enne discr\u00e8te<\/li>\n<li>\u26a0\ufe0f Stock limit\u00e9<\/li>\n<\/ul>\n<\/div>\n<p>&nbsp;<\/p>\n<div style=\"font-family: Montserrat, sans-serif; margin-top: 20px;\">\n<h2>Qu'est-ce que le 1Fe-LSD ?<\/h2>\n<p>Le 1Fe-LSD est un produit chimique issu de la recherche qui peut se transformer en LSD dans le corps. Les effets sont similaires \u00e0 ceux du LSD classique, tels qu'une perception plus forte, des images et des pens\u00e9es plus profondes.<\/p>\n<p>Par microgramme, il est l\u00e9g\u00e8rement moins fort que le 1S-LSD. C'est pourquoi ces buvards contiennent 200\u00b5g. Cela donne une exp\u00e9rience globale similaire \u00e0 celle d'un <a href=\"https:\/\/primalfocus.eu\/fr\/1s-lsd-buvards-150%c2%b5g\/\">150\u00b5g 1S-LSD blotter<\/a>.<\/p>\n<\/div>\n<div style=\"font-family: Montserrat, sans-serif; margin-top: 20px;\">\n<h2>Qu'est-ce qui distingue ces buvards ?<\/h2>\n<p>Chaque buvard est fabriqu\u00e9 dans un laboratoire professionnel et soigneusement dos\u00e9. Vous savez donc \u00e0 quoi vous attendre \u00e0 chaque fois.<\/p>\n<p>L'exp\u00e9rience est souvent d\u00e9crite comme claire, lisse et durable. Par rapport \u00e0 des produits tels que <a href=\"https:\/\/primalfocus.eu\/fr\/categorie-produit\/macrodosage\/truffes-macrodosage\/\">truffes magiques<\/a> ou <a href=\"https:\/\/primalfocus.eu\/fr\/categorie-produit\/gouttes\/\">gouttes de champignons<\/a>, Les buvards ont g\u00e9n\u00e9ralement une dur\u00e9e de vie plus longue et sont plus stables.<\/p>\n<p>Si vous recherchez une exp\u00e9rience plus basse et plus contr\u00f4l\u00e9e, vous pouvez choisir <a href=\"https:\/\/primalfocus.eu\/fr\/1fe-lsd-micro-pellets-10%CE%BCg\/\">Microbilles de 1Fe-LSD<\/a> au lieu de cela.<\/p>\n<\/div>\n<div style=\"font-family: Montserrat, sans-serif; margin-top: 20px;\">\n<h2>Parfait pour<\/h2>\n<ul>\n<li>Recherche sur les effets similaires au LSD<\/li>\n<li>Exp\u00e9riences de macrodoses compl\u00e8tes<\/li>\n<li>Pens\u00e9e cr\u00e9ative et r\u00e9flexion<\/li>\n<li>Les personnes qui veulent des r\u00e9sultats constants<\/li>\n<\/ul>\n<\/div>\n<p>&nbsp;<\/p>\n<h2><strong>Pourquoi choisir nos buvards de 1Fe-LSD ?<\/strong><\/h2>\n<div class=\"su-accordion su-u-trim custom-lsd-accordion\">\n<div class=\"su-spoiler su-spoiler-style-default su-spoiler-icon-plus su-spoiler-closed\" data-scroll-offset=\"0\" data-anchor-in-url=\"no\"><div class=\"su-spoiler-title\" tabindex=\"0\" role=\"button\"><span class=\"su-spoiler-icon\"><\/span>Un dosage pr\u00e9cis<\/div><div class=\"su-spoiler-content su-u-clearfix su-u-trim\">\n<div style=\"background-color: #eff5e6; padding: 12px 16px; font-size: 15px; color: #444; line-height: 1.8;\">Chaque buvard contient 200\u00b5g pour des r\u00e9sultats coh\u00e9rents.<\/div>\n<\/div><\/div>\n<div class=\"su-spoiler su-spoiler-style-default su-spoiler-icon-plus su-spoiler-closed\" data-scroll-offset=\"0\" data-anchor-in-url=\"no\"><div class=\"su-spoiler-title\" tabindex=\"0\" role=\"button\"><span class=\"su-spoiler-icon\"><\/span>L\u00e9gale dans de nombreux pays de l'UE<\/div><div class=\"su-spoiler-content su-u-clearfix su-u-trim\">\n<div style=\"background-color: #eff5e6; padding: 12px 16px; font-size: 15px; color: #444; line-height: 1.8;\">Non r\u00e9pertori\u00e9 comme ill\u00e9gal aux Pays-Bas et dans de nombreux autres pays de l'UE.<\/div>\n<\/div><\/div>\n<div class=\"su-spoiler su-spoiler-style-default su-spoiler-icon-plus su-spoiler-closed\" data-scroll-offset=\"0\" data-anchor-in-url=\"no\"><div class=\"su-spoiler-title\" tabindex=\"0\" role=\"button\"><span class=\"su-spoiler-icon\"><\/span>Test\u00e9 en laboratoire<\/div><div class=\"su-spoiler-content su-u-clearfix su-u-trim\">\n<div style=\"background-color: #eff5e6; padding: 12px 16px; font-size: 15px; color: #444; line-height: 1.8;\">Fabriqu\u00e9 dans un laboratoire contr\u00f4l\u00e9 pour en garantir la qualit\u00e9.<\/div>\n<\/div><\/div>\n<div class=\"su-spoiler su-spoiler-style-default su-spoiler-icon-plus su-spoiler-closed\" data-scroll-offset=\"0\" data-anchor-in-url=\"no\"><div class=\"su-spoiler-title\" tabindex=\"0\" role=\"button\"><span class=\"su-spoiler-icon\"><\/span>Exp\u00e9dition discr\u00e8te<\/div><div class=\"su-spoiler-content su-u-clearfix su-u-trim\">\n<div style=\"background-color: #eff5e6; padding: 12px 16px; font-size: 15px; color: #444; line-height: 1.8;\">Exp\u00e9di\u00e9 dans un emballage neutre avec assurance.<\/div>\n<\/div><\/div>\n<div class=\"su-spoiler su-spoiler-style-default su-spoiler-icon-plus su-spoiler-closed\" data-scroll-offset=\"0\" data-anchor-in-url=\"no\"><div class=\"su-spoiler-title\" tabindex=\"0\" role=\"button\"><span class=\"su-spoiler-icon\"><\/span>Pays vers lesquels nous exp\u00e9dions<\/div><div class=\"su-spoiler-content su-u-clearfix su-u-trim\">\n<div style=\"background-color: #eff5e6; padding: 12px 16px; font-size: 15px; color: #444; line-height: 1.8;\">\n<p>Nous exp\u00e9dions actuellement le 1Fe-LSD vers les pays de l'UE suivants :<\/p>\n<ul style=\"margin: 10px 0 0 20px;\">\n<li>Autriche<\/li>\n<li>Belgique<\/li>\n<li>Bulgarie<\/li>\n<li>Croatie<\/li>\n<li>R\u00e9publique tch\u00e8que<\/li>\n<li>France<\/li>\n<li>Allemagne<\/li>\n<li>Gr\u00e8ce<\/li>\n<li>Irlande<\/li>\n<li>Italie<\/li>\n<li>Pays-Bas<\/li>\n<li>Portugal<\/li>\n<li>Roumanie<\/li>\n<li>Slovaquie<\/li>\n<li>Espagne<\/li>\n<\/ul>\n<p><em>Veuillez v\u00e9rifier la l\u00e9gislation locale avant de passer commande, car les r\u00e9glementations peuvent changer et l'interpr\u00e9tation locale peut diff\u00e9rer.<\/em><\/p>\n<\/div>\n<\/div><\/div>\n<\/div>\n<div style=\"margin-top: 20px; background-color: #eff5e6; padding: 16px; border-radius: 8px; border: 1px solid #dbeac7; font-family: Montserrat, sans-serif; font-size: 14px; line-height: 1.8;\">\n<h3><strong>Notes cl\u00e9s (\u00e0 lire attentivement) :<\/strong><\/h3>\n<ul style=\"margin: 10px 0 0 20px;\">\n<li>A des fins de recherche uniquement.<\/li>\n<li>Ne pas consommer.<\/li>\n<li>Tenir \u00e0 l'\u00e9cart des enfants et des animaux.<\/li>\n<li>Ne pas m\u00e9langer avec de l'alcool ou d'autres substances.<\/li>\n<li>Ne convient pas aux personnes souffrant de troubles mentaux.<\/li>\n<li>Conserver au frais et \u00e0 l'abri de la lumi\u00e8re.<\/li>\n<\/ul>\n<\/div>","protected":false},"excerpt":{"rendered":"<p data-start=\"77\" data-end=\"263\">High-quality 1Fe-LSD blotters (200\u00b5g), designed for analytical research. Lab-tested for purity and consistency, with fast and discreet EU shipping.<\/p>\n<p data-start=\"265\" data-end=\"467\">","protected":false},"featured_media":1154621,"comment_status":"open","ping_status":"closed","template":"","meta":{"site-sidebar-layout":"default","site-content-layout":"default","ast-site-content-layout":"default","site-content-style":"default","site-sidebar-style":"default","ast-global-header-display":"","ast-banner-title-visibility":"","ast-main-header-display":"","ast-hfb-above-header-display":"","ast-hfb-below-header-display":"","ast-hfb-mobile-header-display":"","site-post-title":"","ast-breadcrumbs-content":"","ast-featured-img":"","footer-sml-layout":"","ast-disable-related-posts":"","theme-transparent-header-meta":"default","adv-header-id-meta":"","stick-header-meta":"","header-above-stick-meta":"","header-main-stick-meta":"","header-below-stick-meta":"","astra-migrate-meta-layouts":"set","ast-page-background-enabled":"default","ast-page-background-meta":{"desktop":{"background-color":"","background-image":"","background-repeat":"repeat","background-position":"center center","background-size":"auto","background-attachment":"scroll","background-type":"","background-media":"","overlay-type":"","overlay-color":"","overlay-opacity":"","overlay-gradient":""},"tablet":{"background-color":"","background-image":"","background-repeat":"repeat","background-position":"center center","background-size":"auto","background-attachment":"scroll","background-type":"","background-media":"","overlay-type":"","overlay-color":"","overlay-opacity":"","overlay-gradient":""},"mobile":{"background-color":"","background-image":"","background-repeat":"repeat","background-position":"center center","background-size":"auto","background-attachment":"scroll","background-type":"","background-media":"","overlay-type":"","overlay-color":"","overlay-opacity":"","overlay-gradient":""}},"ast-content-background-meta":{"desktop":{"background-color":"var(--ast-global-color-5)","background-image":"","background-repeat":"repeat","background-position":"center center","background-size":"auto","background-attachment":"scroll","background-type":"","background-media":"","overlay-type":"","overlay-color":"","overlay-opacity":"","overlay-gradient":""},"tablet":{"background-color":"var(--ast-global-color-5)","background-image":"","background-repeat":"repeat","background-position":"center center","background-size":"auto","background-attachment":"scroll","background-type":"","background-media":"","overlay-type":"","overlay-color":"","overlay-opacity":"","overlay-gradient":""},"mobile":{"background-color":"var(--ast-global-color-5)","background-image":"","background-repeat":"repeat","background-position":"center center","background-size":"auto","background-attachment":"scroll","background-type":"","background-media":"","overlay-type":"","overlay-color":"","overlay-opacity":"","overlay-gradient":""}}},"product_brand":[129],"product_cat":[113,92],"product_tag":[],"class_list":{"0":"post-1154559","1":"product","2":"type-product","3":"status-publish","4":"has-post-thumbnail","6":"product_brand-primal-focus","7":"product_cat-legal-lsd","8":"product_cat-macrodosing","9":"product_shipping_class-brievenbus-pakje","10":"desktop-align-center","11":"tablet-align-left","12":"mobile-align-left","14":"first","15":"instock","16":"sale","17":"taxable","18":"shipping-taxable","19":"purchasable","20":"product-type-variable","21":"has-default-attributes"},"yoast_head":"<!-- This site is optimized with the Yoast SEO plugin v27.3 - https:\/\/yoast.com\/product\/yoast-seo-wordpress\/ -->\n<title>Buy 1Fe-LSD Blotters 200\u00b5g<\/title>\n<meta name=\"description\" content=\"Purchase 1Fe-LSD Blotters (200\u00b5g). Lab-tested, legal LSD pro-drug with discreet EU shipping. For research use only.\" \/>\n<meta name=\"robots\" content=\"index, follow, max-snippet:-1, max-image-preview:large, max-video-preview:-1\" \/>\n<link rel=\"canonical\" href=\"https:\/\/primalfocus.eu\/fr\/1fe-lsd-blotters\/\" \/>\n<meta property=\"og:locale\" content=\"fr_FR\" \/>\n<meta property=\"og:type\" content=\"article\" \/>\n<meta property=\"og:title\" content=\"Buy 1Fe-LSD Blotters 200\u00b5g\" \/>\n<meta property=\"og:description\" content=\"Purchase 1Fe-LSD Blotters (200\u00b5g). Lab-tested, legal LSD pro-drug with discreet EU shipping. For research use only.\" \/>\n<meta property=\"og:url\" content=\"https:\/\/primalfocus.eu\/fr\/1fe-lsd-blotters\/\" \/>\n<meta property=\"og:site_name\" content=\"Primal Focus\" \/>\n<meta property=\"article:publisher\" content=\"https:\/\/www.facebook.com\/profile.php?id=61575377667059\" \/>\n<meta property=\"article:modified_time\" content=\"2026-04-14T14:41:31+00:00\" \/>\n<meta property=\"og:image\" content=\"https:\/\/primalfocus.eu\/wp-content\/uploads\/2026\/03\/1Fe-LSD-Blotter.webp\" \/>\n\t<meta property=\"og:image:width\" content=\"1024\" \/>\n\t<meta property=\"og:image:height\" content=\"1024\" \/>\n\t<meta property=\"og:image:type\" content=\"image\/webp\" \/>\n<meta name=\"twitter:card\" content=\"summary_large_image\" \/>\n<meta name=\"twitter:site\" content=\"@primalfocus_eu\" \/>\n<meta name=\"twitter:label1\" content=\"Dur\u00e9e de lecture estim\u00e9e\" \/>\n\t<meta name=\"twitter:data1\" content=\"2 minutes\" \/>\n<script type=\"application\/ld+json\" class=\"yoast-schema-graph\">{\"@context\":\"https:\\\/\\\/schema.org\",\"@graph\":[{\"@type\":\"WebPage\",\"@id\":\"https:\\\/\\\/primalfocus.eu\\\/fr\\\/1fe-lsd-blotters\\\/\",\"url\":\"https:\\\/\\\/primalfocus.eu\\\/fr\\\/1fe-lsd-blotters\\\/\",\"name\":\"Buy 1Fe-LSD Blotters 200\u00b5g\",\"isPartOf\":{\"@id\":\"https:\\\/\\\/primalfocus.eu\\\/fr\\\/#website\"},\"primaryImageOfPage\":{\"@id\":\"https:\\\/\\\/primalfocus.eu\\\/fr\\\/1fe-lsd-blotters\\\/#primaryimage\"},\"image\":{\"@id\":\"https:\\\/\\\/primalfocus.eu\\\/fr\\\/1fe-lsd-blotters\\\/#primaryimage\"},\"thumbnailUrl\":\"https:\\\/\\\/primalfocus.eu\\\/wp-content\\\/uploads\\\/2026\\\/03\\\/1Fe-LSD-Blotter.webp\",\"datePublished\":\"2026-03-27T14:18:42+00:00\",\"dateModified\":\"2026-04-14T14:41:31+00:00\",\"description\":\"Purchase 1Fe-LSD Blotters (200\u00b5g). Lab-tested, legal LSD pro-drug with discreet EU shipping. For research use only.\",\"breadcrumb\":{\"@id\":\"https:\\\/\\\/primalfocus.eu\\\/fr\\\/1fe-lsd-blotters\\\/#breadcrumb\"},\"inLanguage\":\"fr-FR\",\"potentialAction\":[{\"@type\":\"ReadAction\",\"target\":[\"https:\\\/\\\/primalfocus.eu\\\/fr\\\/1fe-lsd-blotters\\\/\"]}]},{\"@type\":\"ImageObject\",\"inLanguage\":\"fr-FR\",\"@id\":\"https:\\\/\\\/primalfocus.eu\\\/fr\\\/1fe-lsd-blotters\\\/#primaryimage\",\"url\":\"https:\\\/\\\/primalfocus.eu\\\/wp-content\\\/uploads\\\/2026\\\/03\\\/1Fe-LSD-Blotter.webp\",\"contentUrl\":\"https:\\\/\\\/primalfocus.eu\\\/wp-content\\\/uploads\\\/2026\\\/03\\\/1Fe-LSD-Blotter.webp\",\"width\":1024,\"height\":1024,\"caption\":\"1Fe LSD Blotter\"},{\"@type\":\"BreadcrumbList\",\"@id\":\"https:\\\/\\\/primalfocus.eu\\\/fr\\\/1fe-lsd-blotters\\\/#breadcrumb\",\"itemListElement\":[{\"@type\":\"ListItem\",\"position\":1,\"name\":\"Home\",\"item\":\"https:\\\/\\\/primalfocus.eu\\\/\"},{\"@type\":\"ListItem\",\"position\":2,\"name\":\"Shop\",\"item\":\"https:\\\/\\\/primalfocus.eu\\\/products\\\/\"},{\"@type\":\"ListItem\",\"position\":3,\"name\":\"Macrodosing\",\"item\":\"https:\\\/\\\/primalfocus.eu\\\/macrodosing\\\/\"},{\"@type\":\"ListItem\",\"position\":4,\"name\":\"1Fe-LSD Macro Blotters\"}]},{\"@type\":\"WebSite\",\"@id\":\"https:\\\/\\\/primalfocus.eu\\\/fr\\\/#website\",\"url\":\"https:\\\/\\\/primalfocus.eu\\\/fr\\\/\",\"name\":\"Primal Focus\",\"description\":\"Buy legal psychedelics online\",\"publisher\":{\"@id\":\"https:\\\/\\\/primalfocus.eu\\\/fr\\\/#organization\"},\"potentialAction\":[{\"@type\":\"SearchAction\",\"target\":{\"@type\":\"EntryPoint\",\"urlTemplate\":\"https:\\\/\\\/primalfocus.eu\\\/fr\\\/?s={search_term_string}\"},\"query-input\":{\"@type\":\"PropertyValueSpecification\",\"valueRequired\":true,\"valueName\":\"search_term_string\"}}],\"inLanguage\":\"fr-FR\"},{\"@type\":\"Organization\",\"@id\":\"https:\\\/\\\/primalfocus.eu\\\/fr\\\/#organization\",\"name\":\"Primal Focus\",\"alternateName\":\"primalfocus.eu\",\"url\":\"https:\\\/\\\/primalfocus.eu\\\/fr\\\/\",\"logo\":{\"@type\":\"ImageObject\",\"inLanguage\":\"fr-FR\",\"@id\":\"https:\\\/\\\/primalfocus.eu\\\/fr\\\/#\\\/schema\\\/logo\\\/image\\\/\",\"url\":\"https:\\\/\\\/primalfocus.eu\\\/wp-content\\\/uploads\\\/2025\\\/11\\\/primal-focus-logo-header.svg\",\"contentUrl\":\"https:\\\/\\\/primalfocus.eu\\\/wp-content\\\/uploads\\\/2025\\\/11\\\/primal-focus-logo-header.svg\",\"caption\":\"Primal Focus\"},\"image\":{\"@id\":\"https:\\\/\\\/primalfocus.eu\\\/fr\\\/#\\\/schema\\\/logo\\\/image\\\/\"},\"sameAs\":[\"https:\\\/\\\/www.facebook.com\\\/profile.php?id=61575377667059\",\"https:\\\/\\\/x.com\\\/primalfocus_eu\",\"https:\\\/\\\/www.instagram.com\\\/primalfocus.store\\\/\"]}]}<\/script>\n<!-- \/ Yoast SEO plugin. -->","yoast_head_json":{"title":"Acheter des buvards de 1Fe-LSD 200\u00b5g","description":"Acheter des buvards de 1Fe-LSD (200\u00b5g). Prodrogue LSD l\u00e9gale test\u00e9e en laboratoire et livr\u00e9e discr\u00e8tement dans l'UE. Pour la recherche uniquement.","robots":{"index":"index","follow":"follow","max-snippet":"max-snippet:-1","max-image-preview":"max-image-preview:large","max-video-preview":"max-video-preview:-1"},"canonical":"https:\/\/primalfocus.eu\/fr\/1fe-lsd-blotters\/","og_locale":"fr_FR","og_type":"article","og_title":"Buy 1Fe-LSD Blotters 200\u00b5g","og_description":"Purchase 1Fe-LSD Blotters (200\u00b5g). Lab-tested, legal LSD pro-drug with discreet EU shipping. For research use only.","og_url":"https:\/\/primalfocus.eu\/fr\/1fe-lsd-blotters\/","og_site_name":"Primal Focus","article_publisher":"https:\/\/www.facebook.com\/profile.php?id=61575377667059","article_modified_time":"2026-04-14T14:41:31+00:00","og_image":[{"width":1024,"height":1024,"url":"https:\/\/primalfocus.eu\/wp-content\/uploads\/2026\/03\/1Fe-LSD-Blotter.webp","type":"image\/webp"}],"twitter_card":"summary_large_image","twitter_site":"@primalfocus_eu","twitter_misc":{"Dur\u00e9e de lecture estim\u00e9e":"2 minutes"},"schema":{"@context":"https:\/\/schema.org","@graph":[{"@type":"WebPage","@id":"https:\/\/primalfocus.eu\/fr\/1fe-lsd-blotters\/","url":"https:\/\/primalfocus.eu\/fr\/1fe-lsd-blotters\/","name":"Acheter des buvards de 1Fe-LSD 200\u00b5g","isPartOf":{"@id":"https:\/\/primalfocus.eu\/fr\/#website"},"primaryImageOfPage":{"@id":"https:\/\/primalfocus.eu\/fr\/1fe-lsd-blotters\/#primaryimage"},"image":{"@id":"https:\/\/primalfocus.eu\/fr\/1fe-lsd-blotters\/#primaryimage"},"thumbnailUrl":"https:\/\/primalfocus.eu\/wp-content\/uploads\/2026\/03\/1Fe-LSD-Blotter.webp","datePublished":"2026-03-27T14:18:42+00:00","dateModified":"2026-04-14T14:41:31+00:00","description":"Acheter des buvards de 1Fe-LSD (200\u00b5g). Prodrogue LSD l\u00e9gale test\u00e9e en laboratoire et livr\u00e9e discr\u00e8tement dans l'UE. Pour la recherche uniquement.","breadcrumb":{"@id":"https:\/\/primalfocus.eu\/fr\/1fe-lsd-blotters\/#breadcrumb"},"inLanguage":"fr-FR","potentialAction":[{"@type":"ReadAction","target":["https:\/\/primalfocus.eu\/fr\/1fe-lsd-blotters\/"]}]},{"@type":"ImageObject","inLanguage":"fr-FR","@id":"https:\/\/primalfocus.eu\/fr\/1fe-lsd-blotters\/#primaryimage","url":"https:\/\/primalfocus.eu\/wp-content\/uploads\/2026\/03\/1Fe-LSD-Blotter.webp","contentUrl":"https:\/\/primalfocus.eu\/wp-content\/uploads\/2026\/03\/1Fe-LSD-Blotter.webp","width":1024,"height":1024,"caption":"1Fe LSD Blotter"},{"@type":"BreadcrumbList","@id":"https:\/\/primalfocus.eu\/fr\/1fe-lsd-blotters\/#breadcrumb","itemListElement":[{"@type":"ListItem","position":1,"name":"Home","item":"https:\/\/primalfocus.eu\/"},{"@type":"ListItem","position":2,"name":"Shop","item":"https:\/\/primalfocus.eu\/products\/"},{"@type":"ListItem","position":3,"name":"Macrodosing","item":"https:\/\/primalfocus.eu\/macrodosing\/"},{"@type":"ListItem","position":4,"name":"1Fe-LSD Macro Blotters"}]},{"@type":"WebSite","@id":"https:\/\/primalfocus.eu\/fr\/#website","url":"https:\/\/primalfocus.eu\/fr\/","name":"Primal Focus","description":"Acheter des psych\u00e9d\u00e9liques l\u00e9gaux en ligne","publisher":{"@id":"https:\/\/primalfocus.eu\/fr\/#organization"},"potentialAction":[{"@type":"SearchAction","target":{"@type":"EntryPoint","urlTemplate":"https:\/\/primalfocus.eu\/fr\/?s={search_term_string}"},"query-input":{"@type":"PropertyValueSpecification","valueRequired":true,"valueName":"search_term_string"}}],"inLanguage":"fr-FR"},{"@type":"Organization","@id":"https:\/\/primalfocus.eu\/fr\/#organization","name":"Primal Focus","alternateName":"primalfocus.eu","url":"https:\/\/primalfocus.eu\/fr\/","logo":{"@type":"ImageObject","inLanguage":"fr-FR","@id":"https:\/\/primalfocus.eu\/fr\/#\/schema\/logo\/image\/","url":"https:\/\/primalfocus.eu\/wp-content\/uploads\/2025\/11\/primal-focus-logo-header.svg","contentUrl":"https:\/\/primalfocus.eu\/wp-content\/uploads\/2025\/11\/primal-focus-logo-header.svg","caption":"Primal Focus"},"image":{"@id":"https:\/\/primalfocus.eu\/fr\/#\/schema\/logo\/image\/"},"sameAs":["https:\/\/www.facebook.com\/profile.php?id=61575377667059","https:\/\/x.com\/primalfocus_eu","https:\/\/www.instagram.com\/primalfocus.store\/"]}]}},"jetpack_sharing_enabled":true,"_links":{"self":[{"href":"https:\/\/primalfocus.eu\/fr\/wp-json\/wp\/v2\/product\/1154559","targetHints":{"allow":["GET"]}}],"collection":[{"href":"https:\/\/primalfocus.eu\/fr\/wp-json\/wp\/v2\/product"}],"about":[{"href":"https:\/\/primalfocus.eu\/fr\/wp-json\/wp\/v2\/types\/product"}],"replies":[{"embeddable":true,"href":"https:\/\/primalfocus.eu\/fr\/wp-json\/wp\/v2\/comments?post=1154559"}],"wp:featuredmedia":[{"embeddable":true,"href":"https:\/\/primalfocus.eu\/fr\/wp-json\/wp\/v2\/media\/1154621"}],"wp:attachment":[{"href":"https:\/\/primalfocus.eu\/fr\/wp-json\/wp\/v2\/media?parent=1154559"}],"wp:term":[{"taxonomy":"product_brand","embeddable":true,"href":"https:\/\/primalfocus.eu\/fr\/wp-json\/wp\/v2\/product_brand?post=1154559"},{"taxonomy":"product_cat","embeddable":true,"href":"https:\/\/primalfocus.eu\/fr\/wp-json\/wp\/v2\/product_cat?post=1154559"},{"taxonomy":"product_tag","embeddable":true,"href":"https:\/\/primalfocus.eu\/fr\/wp-json\/wp\/v2\/product_tag?post=1154559"}],"curies":[{"name":"wp","href":"https:\/\/api.w.org\/{rel}","templated":true}]}}