{"id":705202,"date":"2025-06-09T15:49:32","date_gmt":"2025-06-09T13:49:32","guid":{"rendered":"https:\/\/primalfocus.eu\/?page_id=705202"},"modified":"2026-04-08T15:10:59","modified_gmt":"2026-04-08T13:10:59","slug":"statut-juridique","status":"publish","type":"page","link":"https:\/\/primalfocus.eu\/fr\/legal-status\/","title":{"rendered":"Statut juridique"},"content":{"rendered":"<h1 class=\"wp-block-heading\">Statut juridique de nos produits<\/h1>\n\n\n\n<p>Chez Primal Focus, nous accordons de l'importance \u00e0 la transparence, au respect de la l\u00e9gislation et \u00e0 la possibilit\u00e9 de choisir en connaissance de cause. Cette page donne un aper\u00e7u g\u00e9n\u00e9ral de la situation juridique de certaines de nos principales cat\u00e9gories de produits, notamment <strong><a href=\"https:\/\/primalfocus.eu\/fr\/categorie-produit\/macrodosage\/truffes-macrodosage\/\">Truffes \u00e0 la psilocybine<\/a><\/strong>, <strong><a href=\"https:\/\/primalfocus.eu\/fr\/categorie-produit\/macrodosage\/kits-de-culture\/\">Kits de culture<\/a><\/strong>, <strong><a href=\"https:\/\/primalfocus.eu\/fr\/lsd-legal\/\">1S-LSD<\/a><\/strong>, <strong><a href=\"https:\/\/primalfocus.eu\/fr\/lsd-legal\/\">1Fe-LSD<\/a><\/strong>, <strong><a href=\"https:\/\/primalfocus.eu\/fr\/gouttes\/\">Gouttes d'Amsterdam<\/a><\/strong>, et <strong><a href=\"https:\/\/primalfocus.eu\/fr\/gouttes\/\" type=\"link\" id=\"https:\/\/primalfocus.eu\/drops\/\">Gouttes de Berlin<\/a><\/strong>.<\/p>\n\n\n\n<p>Veuillez noter que les lois peuvent changer et que les autorit\u00e9s locales peuvent les interpr\u00e9ter diff\u00e9remment. Cette page est destin\u00e9e \u00e0 fournir des informations g\u00e9n\u00e9rales et ne constitue pas un avis juridique.<\/p>\n\n\n\n<p>\ud83d\udc49 Aller \u00e0 <a href=\"#psilocybin-truffles-grow-kits\">Truffes \u00e0 la psilocybine et kits de culture<\/a><\/p>\n\n\n\n<p>\ud83d\udc49 Aller \u00e0 <a href=\"#lysergamides\">1S-LSD &amp; 1Fe-LSD<\/a><\/p>\n\n\n\n<p>\ud83d\udc49 Aller \u00e0 <a href=\"#drops\">Gouttes d'eau d'Amsterdam et gouttes d'eau de Berlin<\/a><\/p>\n\n\n\n<div style=\"height:100px\" aria-hidden=\"true\" class=\"wp-block-spacer\"><\/div>\n\n\n\n<h2 class=\"wp-block-heading\" id=\"psilocybin-truffles-grow-kits\">Truffes \u00e0 la psilocybine et kits de culture<\/h2>\n\n\n\n<div style=\"height:35px\" aria-hidden=\"true\" class=\"wp-block-spacer\"><\/div>\n\n\n\n<p><strong>L\u00e9galit\u00e9 aux Pays-Bas<\/strong><\/p>\n\n\n\n<p>Frais <em>Psilocybe<\/em> Les scl\u00e9rotes, commun\u00e9ment appel\u00e9es truffes magiques, sont tout \u00e0 fait l\u00e9gales aux Pays-Bas. Elles ne sont pas consid\u00e9r\u00e9es comme des champignons et ne sont donc pas soumises \u00e0 l'interdiction des champignons \u00e0 psilocybine impos\u00e9e en 2008.<\/p>\n\n\n\n<p>Ils sont vendus l\u00e9galement et r\u00e9glement\u00e9s en tant que produits naturels par la loi n\u00e9erlandaise.<\/p>\n\n\n\n<div style=\"height:40px\" aria-hidden=\"true\" class=\"wp-block-spacer\"><\/div>\n\n\n\n<p><strong>Contexte international et europ\u00e9en<\/strong><\/p>\n\n\n\n<p>Bien que la psilocybine elle-m\u00eame soit inscrite sur la liste de la Convention des Nations unies sur les substances psychotropes, cette convention ne s'applique pas explicitement aux substances naturelles telles que les truffes sous leur forme non transform\u00e9e.<\/p>\n\n\n\n<p>Au sein de l'UE, le principe de <a href=\"https:\/\/single-market-economy.ec.europa.eu\/single-market\/goods\/free-movement-sectors\/mutual-recognition-goods_en\" target=\"_blank\" rel=\"noreferrer noopener\">Reconnaissance mutuelle des biens<\/a> soutient la libre circulation des produits vendus l\u00e9galement dans un \u00c9tat membre, comme les Pays-Bas.<\/p>\n\n\n\n<p>Par cons\u00e9quent, nos truffes sont exp\u00e9di\u00e9es \u00e0 travers l'UE conform\u00e9ment \u00e0 la l\u00e9gislation n\u00e9erlandaise et europ\u00e9enne. Toutefois, les autorit\u00e9s locales peuvent toujours appliquer leur propre interpr\u00e9tation ou leurs propres restrictions.<\/p>\n\n\n\n<div style=\"height:40px\" aria-hidden=\"true\" class=\"wp-block-spacer\"><\/div>\n\n\n\n<p><strong>Kits de culture<\/strong><\/p>\n\n\n\n<p>Les kits de culture qui ne contiennent pas de psilocybine ou de psilocine sont \u00e9galement l\u00e9gaux aux Pays-Bas. Ils se composent g\u00e9n\u00e9ralement de myc\u00e9lium et de substrat et ne tombent sous le coup d'une r\u00e9glementation plus stricte que lorsque des compos\u00e9s psychoactifs sont form\u00e9s par la culture.<\/p>\n\n\n\n<p>Comme les truffes, ces produits peuvent \u00eatre vendus et exp\u00e9di\u00e9s \u00e0 partir des Pays-Bas en vertu des cadres n\u00e9erlandais et europ\u00e9en actuels, bien que les r\u00e8gles locales puissent diff\u00e9rer.<\/p>\n\n\n\n<div style=\"height:40px\" aria-hidden=\"true\" class=\"wp-block-spacer\"><\/div>\n\n\n\n<p><strong>Exp\u00e9dition et responsabilit\u00e9<\/strong><\/p>\n\n\n\n<p>Nous exp\u00e9dions nos truffes et nos kits de culture dans toute l'Union europ\u00e9enne, conform\u00e9ment \u00e0 la l\u00e9gislation n\u00e9erlandaise. Il incombe aux clients de v\u00e9rifier leur l\u00e9gislation locale avant de passer commande. Primal Focus n'est pas responsable des probl\u00e8mes de douane, des saisies ou des cons\u00e9quences juridiques dans votre juridiction.<\/p>\n\n\n\n<div style=\"height:100px\" aria-hidden=\"true\" class=\"wp-block-spacer\"><\/div>\n\n\n\n<h2 class=\"wp-block-heading\" id=\"lysergamides\">1S-LSD &amp; 1Fe-LSD<\/h2>\n\n\n\n<div style=\"height:35px\" aria-hidden=\"true\" class=\"wp-block-spacer\"><\/div>\n\n\n\n<p><strong>Qu'est-ce que le 1S-LSD et le 1Fe-LSD ?<\/strong><\/p>\n\n\n\n<p>Le 1S-LSD et le 1Fe-LSD sont des compos\u00e9s lysergamides structurellement apparent\u00e9s au LSD. Leur statut juridique peut varier consid\u00e9rablement d'un pays \u00e0 l'autre, et ce domaine est susceptible d'\u00eatre modifi\u00e9.<\/p>\n\n\n\n<div style=\"height:40px\" aria-hidden=\"true\" class=\"wp-block-spacer\"><\/div>\n\n\n\n<p><strong>1S-LSD<\/strong><\/p>\n\n\n\n<p>Nous tenons \u00e0 jour un aper\u00e7u pays par pays du statut juridique du 1S-LSD dans l'UE :<\/p>\n\n\n\n<p><a href=\"https:\/\/primalfocus.eu\/wp-content\/uploads\/2025\/11\/Legality-1S-LSD-in-the-EU-20-11-2025.pdf\" target=\"_blank\" rel=\"noreferrer noopener\">\ud83d\udcc4 Voir le PDF : L\u00e9galit\u00e9 du 1S-LSD dans l'UE<\/a><\/p>\n\n\n\n<p>Le pr\u00e9sent document est fourni \u00e0 titre de r\u00e9f\u00e9rence uniquement. Il ne constitue pas un avis juridique, aucun droit ne peut en \u00eatre tir\u00e9 et nous conseillons toujours aux clients de faire leurs propres recherches avant de passer commande.<\/p>\n\n\n\n<div style=\"height:35px\" aria-hidden=\"true\" class=\"wp-block-spacer\"><\/div>\n\n\n\n<p><strong>1Fe-LSD<\/strong><\/p>\n\n\n\n<p>Nous disposons \u00e9galement d'un aper\u00e7u pays par pays du 1Fe-LSD, \u00e9galement connu sous le nom de 1-(ferrocenecarbonyl)-LSD :<\/p>\n\n\n\n<p><a href=\"https:\/\/primalfocus.eu\/wp-content\/uploads\/2026\/04\/Legality-1Fe-LSD-in-the-EU.pdf\" target=\"_blank\" rel=\"noreferrer noopener\">\ud83d\udcc4 Voir le PDF : L\u00e9galit\u00e9 du 1Fe-LSD dans l'UE<\/a><\/p>\n\n\n\n<p>Le pr\u00e9sent document est fourni \u00e0 titre de r\u00e9f\u00e9rence uniquement. Il ne constitue pas un avis juridique, aucun droit ne peut en \u00eatre tir\u00e9 et nous conseillons toujours aux clients de faire leurs propres recherches avant de passer commande.<\/p>\n\n\n\n<div style=\"height:40px\" aria-hidden=\"true\" class=\"wp-block-spacer\"><\/div>\n\n\n\n<p><strong>Remarque importante<\/strong><\/p>\n\n\n\n<p>Contrairement aux truffes, ces produits ne sont pas des produits alimentaires. Leur situation juridique est plus d\u00e9licate et d\u00e9pend davantage de l'interpr\u00e9tation nationale, de la l\u00e9gislation locale et de l'application de la l\u00e9gislation douani\u00e8re. Pour cette raison, la disponibilit\u00e9 peut varier d'un pays \u00e0 l'autre et nous pouvons refuser ou annuler des commandes lorsque nous estimons que le risque juridique est trop \u00e9lev\u00e9.<\/p>\n\n\n\n<p>Nous n'exp\u00e9dions pas ces produits vers des pays o\u00f9 l'on sait que le compos\u00e9 est interdit, ou lorsque le risque juridique est trop \u00e9lev\u00e9 \u00e0 nos yeux.<\/p>\n\n\n\n<div style=\"height:100px\" aria-hidden=\"true\" class=\"wp-block-spacer\"><\/div>\n\n\n\n<h2 class=\"wp-block-heading\" id=\"drops\">Gouttes d'eau d'Amsterdam et gouttes d'eau de Berlin<\/h2>\n\n\n\n<div style=\"height:35px\" aria-hidden=\"true\" class=\"wp-block-spacer\"><\/div>\n\n\n\n<p><strong>Gouttes d'Amsterdam<\/strong><\/p>\n\n\n\n<p>Les gouttes Amsterdam contiennent du 4-HO-MET, un compos\u00e9 structurellement apparent\u00e9 \u00e0 la psilocine. Bien que l'exp\u00e9rience puisse \u00eatre compar\u00e9e \u00e0 celle des champignons ou des truffes, il s'agit d'une substance diff\u00e9rente ayant son propre statut juridique.<\/p>\n\n\n\n<p>Le 4-HO-MET n'\u00e9tant pas un produit alimentaire, la situation juridique est moins simple et peut varier fortement d'un pays \u00e0 l'autre. Les autorit\u00e9s douani\u00e8res peuvent \u00e9galement adopter une position plus stricte que pr\u00e9vu.<\/p>\n\n\n\n<p>Nous maintenons un aper\u00e7u du statut juridique du 4-HO-MET dans les pays de l'UE :<\/p>\n\n\n\n<p><a href=\"https:\/\/primalfocus.eu\/wp-content\/uploads\/2025\/11\/4-HO-MET-in-the-EU-20-11-2025-4.pdf\" target=\"_blank\" rel=\"noreferrer noopener\">\ud83d\udcc4 Voir le PDF : Statut juridique du 4-HO-MET dans l'UE<\/a><\/p>\n\n\n\n<p>Le pr\u00e9sent document est fourni \u00e0 titre de r\u00e9f\u00e9rence uniquement. Il ne constitue pas un avis juridique, aucun droit ne peut en \u00eatre tir\u00e9 et nous conseillons toujours aux clients de faire leurs propres recherches avant de passer commande.<\/p>\n\n\n\n<div style=\"height:35px\" aria-hidden=\"true\" class=\"wp-block-spacer\"><\/div>\n\n\n\n<p><strong>Gouttes de Berlin<\/strong><\/p>\n\n\n\n<p>Les Berlin Drops contiennent du 4-PrO-MET. Il s'agit d'un compos\u00e9 diff\u00e9rent du 4-HO-MET, avec un profil l\u00e9gal diff\u00e9rent en Europe.<\/p>\n\n\n\n<p>Nous maintenons un aper\u00e7u s\u00e9par\u00e9 du statut juridique du 4-PrO-MET dans les pays de l'UE :<\/p>\n\n\n\n<p><a href=\"https:\/\/primalfocus.eu\/wp-content\/uploads\/2026\/04\/4-Pro-MET-legal-status.pdf\" target=\"_blank\" rel=\"noreferrer noopener\">\ud83d\udcc4 Voir le PDF : Statut juridique du 4-PrO-MET dans l'UE<\/a><\/p>\n\n\n\n<p>Le pr\u00e9sent document est fourni \u00e0 titre de r\u00e9f\u00e9rence uniquement. Il ne constitue pas un avis juridique, aucun droit ne peut en \u00eatre tir\u00e9 et nous conseillons toujours aux clients de faire leurs propres recherches avant de passer commande.<\/p>\n\n\n\n<div style=\"height:40px\" aria-hidden=\"true\" class=\"wp-block-spacer\"><\/div>\n\n\n\n<p><strong>Exp\u00e9dition et responsabilit\u00e9<\/strong><\/p>\n\n\n\n<p>Pour Amsterdam Drops et Berlin Drops, la disponibilit\u00e9 d\u00e9pend du pays de destination. Nous n'exp\u00e9dions que dans les pays o\u00f9 nous estimons que les risques juridiques et pratiques sont acceptables. Toutes les commandes internationales rel\u00e8vent de la responsabilit\u00e9 du client et nous conseillons vivement de v\u00e9rifier la l\u00e9gislation locale avant de passer commande.<\/p>\n\n\n\n<div style=\"height:100px\" aria-hidden=\"true\" class=\"wp-block-spacer\"><\/div>\n\n\n\n<h2 class=\"wp-block-heading\">Avertissement final<\/h2>\n\n\n\n<p>Les informations contenues dans cette page sont donn\u00e9es \u00e0 titre de r\u00e9f\u00e9rence g\u00e9n\u00e9rale uniquement et ne constituent pas un avis juridique ou m\u00e9dical. Aucun droit ne peut \u00eatre tir\u00e9 de cette page ou des aper\u00e7us de pays qui y sont li\u00e9s. Les lois peuvent changer, les interpr\u00e9tations peuvent diff\u00e9rer et l'application peut varier d'une juridiction \u00e0 l'autre.<\/p>\n\n\n\n<p>Faites toujours vos propres recherches avant de commander et consultez un professionnel qualifi\u00e9 si n\u00e9cessaire. Si vous pensez que les informations contenues dans cette page sont obsol\u00e8tes ou incompl\u00e8tes, veuillez nous contacter \u00e0 l'adresse suivante <a href=\"mailto:info@primalfocus.eu\">info@primalfocus.eu<\/a>.<\/p>\n\n\n\n<p><\/p>","protected":false},"excerpt":{"rendered":"<p>Legal Status of Our Products At Primal Focus, we value transparency, legal compliance, and informed choice. This page gives a [&hellip;]<\/p>\n","protected":false},"author":1,"featured_media":0,"parent":0,"menu_order":0,"comment_status":"closed","ping_status":"closed","template":"","meta":{"site-sidebar-layout":"default","site-content-layout":"","ast-site-content-layout":"default","site-content-style":"default","site-sidebar-style":"default","ast-global-header-display":"","ast-banner-title-visibility":"","ast-main-header-display":"","ast-hfb-above-header-display":"","ast-hfb-below-header-display":"","ast-hfb-mobile-header-display":"","site-post-title":"disabled","ast-breadcrumbs-content":"","ast-featured-img":"","footer-sml-layout":"","ast-disable-related-posts":"","theme-transparent-header-meta":"","adv-header-id-meta":"","stick-header-meta":"","header-above-stick-meta":"","header-main-stick-meta":"","header-below-stick-meta":"","astra-migrate-meta-layouts":"set","ast-page-background-enabled":"default","ast-page-background-meta":{"desktop":{"background-color":"","background-image":"","background-repeat":"repeat","background-position":"center center","background-size":"auto","background-attachment":"scroll","background-type":"","background-media":"","overlay-type":"","overlay-color":"","overlay-gradient":""},"tablet":{"background-color":"","background-image":"","background-repeat":"repeat","background-position":"center center","background-size":"auto","background-attachment":"scroll","background-type":"","background-media":"","overlay-type":"","overlay-color":"","overlay-gradient":""},"mobile":{"background-color":"","background-image":"","background-repeat":"repeat","background-position":"center center","background-size":"auto","background-attachment":"scroll","background-type":"","background-media":"","overlay-type":"","overlay-color":"","overlay-gradient":""}},"ast-content-background-meta":{"desktop":{"background-color":"var(--ast-global-color-5)","background-image":"","background-repeat":"repeat","background-position":"center center","background-size":"auto","background-attachment":"scroll","background-type":"","background-media":"","overlay-type":"","overlay-color":"","overlay-gradient":""},"tablet":{"background-color":"var(--ast-global-color-5)","background-image":"","background-repeat":"repeat","background-position":"center center","background-size":"auto","background-attachment":"scroll","background-type":"","background-media":"","overlay-type":"","overlay-color":"","overlay-gradient":""},"mobile":{"background-color":"var(--ast-global-color-5)","background-image":"","background-repeat":"repeat","background-position":"center center","background-size":"auto","background-attachment":"scroll","background-type":"","background-media":"","overlay-type":"","overlay-color":"","overlay-gradient":""}},"footnotes":""},"class_list":["post-705202","page","type-page","status-publish","hentry"],"yoast_head":"<!-- This site is optimized with the Yoast SEO plugin v27.3 - https:\/\/yoast.com\/product\/yoast-seo-wordpress\/ -->\n<title>Legal Status - Primal Focus<\/title>\n<meta name=\"robots\" content=\"index, follow, max-snippet:-1, max-image-preview:large, max-video-preview:-1\" \/>\n<link rel=\"canonical\" href=\"https:\/\/primalfocus.eu\/fr\/statut-juridique\/\" \/>\n<meta property=\"og:locale\" content=\"fr_FR\" \/>\n<meta property=\"og:type\" content=\"article\" \/>\n<meta property=\"og:title\" content=\"Legal Status - Primal Focus\" \/>\n<meta property=\"og:description\" content=\"Legal Status of Our Products At Primal Focus, we value transparency, legal compliance, and informed choice. This page gives a [&hellip;]\" \/>\n<meta property=\"og:url\" content=\"https:\/\/primalfocus.eu\/fr\/statut-juridique\/\" \/>\n<meta property=\"og:site_name\" content=\"Primal Focus\" \/>\n<meta property=\"article:publisher\" content=\"https:\/\/www.facebook.com\/profile.php?id=61575377667059\" \/>\n<meta property=\"article:modified_time\" content=\"2026-04-08T13:10:59+00:00\" \/>\n<meta name=\"twitter:card\" content=\"summary_large_image\" \/>\n<meta name=\"twitter:site\" content=\"@primalfocus_eu\" \/>\n<meta name=\"twitter:label1\" content=\"Dur\u00e9e de lecture estim\u00e9e\" \/>\n\t<meta name=\"twitter:data1\" content=\"4 minutes\" \/>\n<script type=\"application\/ld+json\" class=\"yoast-schema-graph\">{\"@context\":\"https:\\\/\\\/schema.org\",\"@graph\":[{\"@type\":\"WebPage\",\"@id\":\"https:\\\/\\\/primalfocus.eu\\\/fr\\\/legal-status\\\/\",\"url\":\"https:\\\/\\\/primalfocus.eu\\\/fr\\\/legal-status\\\/\",\"name\":\"Legal Status - Primal Focus\",\"isPartOf\":{\"@id\":\"https:\\\/\\\/primalfocus.eu\\\/fr\\\/#website\"},\"datePublished\":\"2025-06-09T13:49:32+00:00\",\"dateModified\":\"2026-04-08T13:10:59+00:00\",\"breadcrumb\":{\"@id\":\"https:\\\/\\\/primalfocus.eu\\\/fr\\\/legal-status\\\/#breadcrumb\"},\"inLanguage\":\"fr-FR\",\"potentialAction\":[{\"@type\":\"ReadAction\",\"target\":[\"https:\\\/\\\/primalfocus.eu\\\/fr\\\/legal-status\\\/\"]}]},{\"@type\":\"BreadcrumbList\",\"@id\":\"https:\\\/\\\/primalfocus.eu\\\/fr\\\/legal-status\\\/#breadcrumb\",\"itemListElement\":[{\"@type\":\"ListItem\",\"position\":1,\"name\":\"Home\",\"item\":\"https:\\\/\\\/primalfocus.eu\\\/\"},{\"@type\":\"ListItem\",\"position\":2,\"name\":\"Legal Status\"}]},{\"@type\":\"WebSite\",\"@id\":\"https:\\\/\\\/primalfocus.eu\\\/fr\\\/#website\",\"url\":\"https:\\\/\\\/primalfocus.eu\\\/fr\\\/\",\"name\":\"Primal Focus\",\"description\":\"Buy legal psychedelics online\",\"publisher\":{\"@id\":\"https:\\\/\\\/primalfocus.eu\\\/fr\\\/#organization\"},\"potentialAction\":[{\"@type\":\"SearchAction\",\"target\":{\"@type\":\"EntryPoint\",\"urlTemplate\":\"https:\\\/\\\/primalfocus.eu\\\/fr\\\/?s={search_term_string}\"},\"query-input\":{\"@type\":\"PropertyValueSpecification\",\"valueRequired\":true,\"valueName\":\"search_term_string\"}}],\"inLanguage\":\"fr-FR\"},{\"@type\":\"Organization\",\"@id\":\"https:\\\/\\\/primalfocus.eu\\\/fr\\\/#organization\",\"name\":\"Primal Focus\",\"alternateName\":\"primalfocus.eu\",\"url\":\"https:\\\/\\\/primalfocus.eu\\\/fr\\\/\",\"logo\":{\"@type\":\"ImageObject\",\"inLanguage\":\"fr-FR\",\"@id\":\"https:\\\/\\\/primalfocus.eu\\\/fr\\\/#\\\/schema\\\/logo\\\/image\\\/\",\"url\":\"https:\\\/\\\/primalfocus.eu\\\/wp-content\\\/uploads\\\/2025\\\/11\\\/primal-focus-logo-header.svg\",\"contentUrl\":\"https:\\\/\\\/primalfocus.eu\\\/wp-content\\\/uploads\\\/2025\\\/11\\\/primal-focus-logo-header.svg\",\"caption\":\"Primal Focus\"},\"image\":{\"@id\":\"https:\\\/\\\/primalfocus.eu\\\/fr\\\/#\\\/schema\\\/logo\\\/image\\\/\"},\"sameAs\":[\"https:\\\/\\\/www.facebook.com\\\/profile.php?id=61575377667059\",\"https:\\\/\\\/x.com\\\/primalfocus_eu\",\"https:\\\/\\\/www.instagram.com\\\/primalfocus.store\\\/\"]}]}<\/script>\n<!-- \/ Yoast SEO plugin. -->","yoast_head_json":{"title":"Statut juridique - Primal Focus","robots":{"index":"index","follow":"follow","max-snippet":"max-snippet:-1","max-image-preview":"max-image-preview:large","max-video-preview":"max-video-preview:-1"},"canonical":"https:\/\/primalfocus.eu\/fr\/statut-juridique\/","og_locale":"fr_FR","og_type":"article","og_title":"Legal Status - Primal Focus","og_description":"Legal Status of Our Products At Primal Focus, we value transparency, legal compliance, and informed choice. This page gives a [&hellip;]","og_url":"https:\/\/primalfocus.eu\/fr\/statut-juridique\/","og_site_name":"Primal Focus","article_publisher":"https:\/\/www.facebook.com\/profile.php?id=61575377667059","article_modified_time":"2026-04-08T13:10:59+00:00","twitter_card":"summary_large_image","twitter_site":"@primalfocus_eu","twitter_misc":{"Dur\u00e9e de lecture estim\u00e9e":"4 minutes"},"schema":{"@context":"https:\/\/schema.org","@graph":[{"@type":"WebPage","@id":"https:\/\/primalfocus.eu\/fr\/legal-status\/","url":"https:\/\/primalfocus.eu\/fr\/legal-status\/","name":"Statut juridique - Primal Focus","isPartOf":{"@id":"https:\/\/primalfocus.eu\/fr\/#website"},"datePublished":"2025-06-09T13:49:32+00:00","dateModified":"2026-04-08T13:10:59+00:00","breadcrumb":{"@id":"https:\/\/primalfocus.eu\/fr\/legal-status\/#breadcrumb"},"inLanguage":"fr-FR","potentialAction":[{"@type":"ReadAction","target":["https:\/\/primalfocus.eu\/fr\/legal-status\/"]}]},{"@type":"BreadcrumbList","@id":"https:\/\/primalfocus.eu\/fr\/legal-status\/#breadcrumb","itemListElement":[{"@type":"ListItem","position":1,"name":"Home","item":"https:\/\/primalfocus.eu\/"},{"@type":"ListItem","position":2,"name":"Legal Status"}]},{"@type":"WebSite","@id":"https:\/\/primalfocus.eu\/fr\/#website","url":"https:\/\/primalfocus.eu\/fr\/","name":"Primal Focus","description":"Acheter des psych\u00e9d\u00e9liques l\u00e9gaux en ligne","publisher":{"@id":"https:\/\/primalfocus.eu\/fr\/#organization"},"potentialAction":[{"@type":"SearchAction","target":{"@type":"EntryPoint","urlTemplate":"https:\/\/primalfocus.eu\/fr\/?s={search_term_string}"},"query-input":{"@type":"PropertyValueSpecification","valueRequired":true,"valueName":"search_term_string"}}],"inLanguage":"fr-FR"},{"@type":"Organization","@id":"https:\/\/primalfocus.eu\/fr\/#organization","name":"Primal Focus","alternateName":"primalfocus.eu","url":"https:\/\/primalfocus.eu\/fr\/","logo":{"@type":"ImageObject","inLanguage":"fr-FR","@id":"https:\/\/primalfocus.eu\/fr\/#\/schema\/logo\/image\/","url":"https:\/\/primalfocus.eu\/wp-content\/uploads\/2025\/11\/primal-focus-logo-header.svg","contentUrl":"https:\/\/primalfocus.eu\/wp-content\/uploads\/2025\/11\/primal-focus-logo-header.svg","caption":"Primal Focus"},"image":{"@id":"https:\/\/primalfocus.eu\/fr\/#\/schema\/logo\/image\/"},"sameAs":["https:\/\/www.facebook.com\/profile.php?id=61575377667059","https:\/\/x.com\/primalfocus_eu","https:\/\/www.instagram.com\/primalfocus.store\/"]}]}},"jetpack_sharing_enabled":true,"_links":{"self":[{"href":"https:\/\/primalfocus.eu\/fr\/wp-json\/wp\/v2\/pages\/705202","targetHints":{"allow":["GET"]}}],"collection":[{"href":"https:\/\/primalfocus.eu\/fr\/wp-json\/wp\/v2\/pages"}],"about":[{"href":"https:\/\/primalfocus.eu\/fr\/wp-json\/wp\/v2\/types\/page"}],"author":[{"embeddable":true,"href":"https:\/\/primalfocus.eu\/fr\/wp-json\/wp\/v2\/users\/1"}],"replies":[{"embeddable":true,"href":"https:\/\/primalfocus.eu\/fr\/wp-json\/wp\/v2\/comments?post=705202"}],"version-history":[{"count":5,"href":"https:\/\/primalfocus.eu\/fr\/wp-json\/wp\/v2\/pages\/705202\/revisions"}],"predecessor-version":[{"id":1169223,"href":"https:\/\/primalfocus.eu\/fr\/wp-json\/wp\/v2\/pages\/705202\/revisions\/1169223"}],"wp:attachment":[{"href":"https:\/\/primalfocus.eu\/fr\/wp-json\/wp\/v2\/media?parent=705202"}],"curies":[{"name":"wp","href":"https:\/\/api.w.org\/{rel}","templated":true}]}}