{"id":5200,"date":"2023-09-03T20:14:52","date_gmt":"2023-09-03T18:14:52","guid":{"rendered":"https:\/\/primalfocus.eu\/?page_id=5200"},"modified":"2025-04-12T12:04:34","modified_gmt":"2025-04-12T10:04:34","slug":"statut-juridique-du-1cp-lsd","status":"publish","type":"page","link":"https:\/\/primalfocus.eu\/fr\/statut-juridique-du-1cp-lsd\/","title":{"rendered":"Statut juridique 1S-LSD"},"content":{"rendered":"<h1 class=\"wp-block-heading\"><strong>Le statut juridique du 1S-LSD<\/strong><\/h1>\n\n\n\n<p>Chez Primal Focus, nous nous engageons \u00e0 faire preuve de transparence et de conformit\u00e9. Bien que nous fassions de notre mieux pour rester inform\u00e9s, le paysage juridique entourant les nouveaux compos\u00e9s tels que le 1S-LSD (1-(3-(trim\u00e9thylsilyl)propionyl)-di\u00e9thylamide de l'acide lysergique) peut varier de mani\u00e8re significative d'une juridiction \u00e0 l'autre - et il change fr\u00e9quemment.<\/p>\n\n\n\n<h3 class=\"wp-block-heading\">Document de synth\u00e8se de l'UE<\/h3>\n\n\n\n<p>Pour aider nos clients et partenaires, nous avons cr\u00e9\u00e9 un document r\u00e9sumant le statut juridique du 1S-LSD dans les \u00c9tats membres de l'Union europ\u00e9enne. Cette synth\u00e8se est mise \u00e0 jour chaque ann\u00e9e sur la base de nos propres recherches juridiques et doit servir de r\u00e9f\u00e9rence g\u00e9n\u00e9rale.<\/p>\n\n\n\n<p>\ud83d\udcc4 <strong>Voir le document ici :<\/strong><br><a class=\"\" href=\"https:\/\/primalfocus.eu\/wp-content\/uploads\/2025\/04\/Legality-1S-LSD-in-the-EU.pdf\">L\u00e9galit\u00e9 du 1S-LSD dans l'UE (PDF)<\/a><\/p>\n\n\n\n<p>Attention : ce document n'est pas exhaustif et nous ne pouvons pas en garantir l'exactitude \u00e0 tout moment. Il n'est pas <strong>pas<\/strong> ne constituent pas un avis juridique. Les clients restent enti\u00e8rement responsables de la v\u00e9rification de la l\u00e9galit\u00e9 du 1S-LSD dans leur pays avant de passer une commande.<\/p>\n\n\n\n<p>Si vous remarquez des informations incorrectes, ou si votre pays est r\u00e9pertori\u00e9 comme \"inconnu\" et que vous avez acc\u00e8s \u00e0 <strong>documentation officielle<\/strong> montrant que le 1S-LSD est <em>pas<\/em> une substance r\u00e9glement\u00e9e, nous vous demandons de bien vouloir l'envoyer \u00e0 notre \u00e9quipe via <a class=\"\">info@primalfocus.eu<\/a>. Nous vous remercions de nous aider \u00e0 mettre \u00e0 jour cette vue d'ensemble.<\/p>\n\n\n\n<h3 class=\"wp-block-heading\">En dehors de l'UE<\/h3>\n\n\n\n<p>En raison de la complexit\u00e9 et de l'opacit\u00e9 du droit international - en particulier dans les pays hors de l'UE - il ne nous est pas possible de maintenir une vue d'ensemble juridique fiable pour les destinations hors de l'UE.<br><br>Nous n'exp\u00e9dions pas de 1S-LSD aux \u00c9tats-Unis, en Australie ou dans tout autre pays o\u00f9 l'importation ou la possession de ce compos\u00e9 est soup\u00e7onn\u00e9e d'\u00eatre ill\u00e9gale.<\/p>\n\n\n\n<hr class=\"wp-block-separator has-alpha-channel-opacity\"\/>\n\n\n\n<p>Cette politique vise \u00e0 prot\u00e9ger \u00e0 la fois nos clients et notre entreprise. Nous nous r\u00e9servons le droit d'annuler toute commande susceptible de pr\u00e9senter des risques juridiques et nous encourageons tous les acheteurs \u00e0 agir de mani\u00e8re responsable et conform\u00e9ment aux lois de leur propre pays.<\/p>\n\n\n\n<p>Si vous avez des questions, n'h\u00e9sitez pas \u00e0 nous contacter via <a class=\"\">info@primalfocus.eu<\/a>.<\/p>","protected":false},"excerpt":{"rendered":"<p>The Legal Status of 1S-LSD At Primal Focus, we are committed to transparency and compliance. While we do our best to stay informed, the legal landscape surrounding novel compounds such as 1S-LSD (1-(3-(trimethylsilyl)propionyl)-lysergic acid diethylamide) can vary significantly across jurisdictions \u2014 and it changes frequently. EU Overview Document To support our customers and partners, we\u2019ve [&hellip;]<\/p>\n","protected":false},"author":1,"featured_media":0,"parent":0,"menu_order":0,"comment_status":"closed","ping_status":"closed","template":"","meta":{"site-sidebar-layout":"default","site-content-layout":"","ast-site-content-layout":"default","site-content-style":"default","site-sidebar-style":"default","ast-global-header-display":"","ast-banner-title-visibility":"","ast-main-header-display":"","ast-hfb-above-header-display":"","ast-hfb-below-header-display":"","ast-hfb-mobile-header-display":"","site-post-title":"disabled","ast-breadcrumbs-content":"","ast-featured-img":"","footer-sml-layout":"","theme-transparent-header-meta":"disabled","adv-header-id-meta":"","stick-header-meta":"","header-above-stick-meta":"","header-main-stick-meta":"","header-below-stick-meta":"","astra-migrate-meta-layouts":"set","ast-page-background-enabled":"default","ast-page-background-meta":{"desktop":{"background-color":"","background-image":"","background-repeat":"repeat","background-position":"center center","background-size":"auto","background-attachment":"scroll","background-type":"","background-media":"","overlay-type":"","overlay-color":"","overlay-gradient":""},"tablet":{"background-color":"","background-image":"","background-repeat":"repeat","background-position":"center center","background-size":"auto","background-attachment":"scroll","background-type":"","background-media":"","overlay-type":"","overlay-color":"","overlay-gradient":""},"mobile":{"background-color":"","background-image":"","background-repeat":"repeat","background-position":"center center","background-size":"auto","background-attachment":"scroll","background-type":"","background-media":"","overlay-type":"","overlay-color":"","overlay-gradient":""}},"ast-content-background-meta":{"desktop":{"background-color":"var(--ast-global-color-5)","background-image":"","background-repeat":"repeat","background-position":"center center","background-size":"auto","background-attachment":"scroll","background-type":"","background-media":"","overlay-type":"","overlay-color":"","overlay-gradient":""},"tablet":{"background-color":"var(--ast-global-color-5)","background-image":"","background-repeat":"repeat","background-position":"center center","background-size":"auto","background-attachment":"scroll","background-type":"","background-media":"","overlay-type":"","overlay-color":"","overlay-gradient":""},"mobile":{"background-color":"var(--ast-global-color-5)","background-image":"","background-repeat":"repeat","background-position":"center center","background-size":"auto","background-attachment":"scroll","background-type":"","background-media":"","overlay-type":"","overlay-color":"","overlay-gradient":""}},"footnotes":""},"class_list":["post-5200","page","type-page","status-publish","hentry"],"yoast_head":"<!-- This site is optimized with the Yoast SEO plugin v27.5 - https:\/\/yoast.com\/product\/yoast-seo-wordpress\/ -->\n<title>Legal Status 1S-LSD - Primal Focus<\/title>\n<meta name=\"description\" content=\"Primal Focus: Your trusted source for 1cP-LSD microdose pellets worldwide. Safe, legal, and responsible use.\" \/>\n<meta name=\"robots\" content=\"index, follow, max-snippet:-1, max-image-preview:large, max-video-preview:-1\" \/>\n<link rel=\"canonical\" href=\"https:\/\/primalfocus.eu\/fr\/statut-juridique-du-1cp-lsd\/\" \/>\n<meta property=\"og:locale\" content=\"fr_FR\" \/>\n<meta property=\"og:type\" content=\"article\" \/>\n<meta property=\"og:title\" content=\"Legal Status 1S-LSD - Primal Focus\" \/>\n<meta property=\"og:description\" content=\"Primal Focus: Your trusted source for 1cP-LSD microdose pellets worldwide. Safe, legal, and responsible use.\" \/>\n<meta property=\"og:url\" content=\"https:\/\/primalfocus.eu\/fr\/statut-juridique-du-1cp-lsd\/\" \/>\n<meta property=\"og:site_name\" content=\"Primal Focus\" \/>\n<meta property=\"article:publisher\" content=\"https:\/\/www.facebook.com\/profile.php?id=61575377667059\" \/>\n<meta property=\"article:modified_time\" content=\"2025-04-12T10:04:34+00:00\" \/>\n<meta name=\"twitter:card\" content=\"summary_large_image\" \/>\n<meta name=\"twitter:site\" content=\"@primalfocus_eu\" \/>\n<meta name=\"twitter:label1\" content=\"Dur\u00e9e de lecture estim\u00e9e\" \/>\n\t<meta name=\"twitter:data1\" content=\"2 minutes\" \/>\n<script type=\"application\/ld+json\" class=\"yoast-schema-graph\">{\"@context\":\"https:\\\/\\\/schema.org\",\"@graph\":[{\"@type\":\"WebPage\",\"@id\":\"https:\\\/\\\/primalfocus.eu\\\/fr\\\/statut-juridique-du-1cp-lsd\\\/\",\"url\":\"https:\\\/\\\/primalfocus.eu\\\/fr\\\/statut-juridique-du-1cp-lsd\\\/\",\"name\":\"Legal Status 1S-LSD - Primal Focus\",\"isPartOf\":{\"@id\":\"https:\\\/\\\/primalfocus.eu\\\/fr\\\/#website\"},\"datePublished\":\"2023-09-03T18:14:52+00:00\",\"dateModified\":\"2025-04-12T10:04:34+00:00\",\"description\":\"Primal Focus: Your trusted source for 1cP-LSD microdose pellets worldwide. Safe, legal, and responsible use.\",\"breadcrumb\":{\"@id\":\"https:\\\/\\\/primalfocus.eu\\\/fr\\\/statut-juridique-du-1cp-lsd\\\/#breadcrumb\"},\"inLanguage\":\"fr-FR\",\"potentialAction\":[{\"@type\":\"ReadAction\",\"target\":[\"https:\\\/\\\/primalfocus.eu\\\/fr\\\/statut-juridique-du-1cp-lsd\\\/\"]}]},{\"@type\":\"BreadcrumbList\",\"@id\":\"https:\\\/\\\/primalfocus.eu\\\/fr\\\/statut-juridique-du-1cp-lsd\\\/#breadcrumb\",\"itemListElement\":[{\"@type\":\"ListItem\",\"position\":1,\"name\":\"Home\",\"item\":\"https:\\\/\\\/primalfocus.eu\\\/\"},{\"@type\":\"ListItem\",\"position\":2,\"name\":\"Legal Status 1S-LSD\"}]},{\"@type\":\"WebSite\",\"@id\":\"https:\\\/\\\/primalfocus.eu\\\/fr\\\/#website\",\"url\":\"https:\\\/\\\/primalfocus.eu\\\/fr\\\/\",\"name\":\"Primal Focus\",\"description\":\"Buy legal psychedelics online\",\"publisher\":{\"@id\":\"https:\\\/\\\/primalfocus.eu\\\/fr\\\/#organization\"},\"potentialAction\":[{\"@type\":\"SearchAction\",\"target\":{\"@type\":\"EntryPoint\",\"urlTemplate\":\"https:\\\/\\\/primalfocus.eu\\\/fr\\\/?s={search_term_string}\"},\"query-input\":{\"@type\":\"PropertyValueSpecification\",\"valueRequired\":true,\"valueName\":\"search_term_string\"}}],\"inLanguage\":\"fr-FR\"},{\"@type\":\"Organization\",\"@id\":\"https:\\\/\\\/primalfocus.eu\\\/fr\\\/#organization\",\"name\":\"Primal Focus\",\"alternateName\":\"primalfocus.eu\",\"url\":\"https:\\\/\\\/primalfocus.eu\\\/fr\\\/\",\"logo\":{\"@type\":\"ImageObject\",\"inLanguage\":\"fr-FR\",\"@id\":\"https:\\\/\\\/primalfocus.eu\\\/fr\\\/#\\\/schema\\\/logo\\\/image\\\/\",\"url\":\"https:\\\/\\\/primalfocus.eu\\\/wp-content\\\/uploads\\\/2026\\\/04\\\/primal-focus-logo-6.svg\",\"contentUrl\":\"https:\\\/\\\/primalfocus.eu\\\/wp-content\\\/uploads\\\/2026\\\/04\\\/primal-focus-logo-6.svg\",\"width\":50,\"height\":50,\"caption\":\"Primal Focus\"},\"image\":{\"@id\":\"https:\\\/\\\/primalfocus.eu\\\/fr\\\/#\\\/schema\\\/logo\\\/image\\\/\"},\"sameAs\":[\"https:\\\/\\\/www.facebook.com\\\/profile.php?id=61575377667059\",\"https:\\\/\\\/x.com\\\/primalfocus_eu\",\"https:\\\/\\\/www.instagram.com\\\/primalfocus.store\\\/\"]}]}<\/script>\n<!-- \/ Yoast SEO plugin. -->","yoast_head_json":{"title":"Statut juridique 1S-LSD - Primal Focus","description":"Primal Focus : Votre source de confiance pour les microdoses de 1cP-LSD dans le monde entier. Utilisation s\u00fbre, l\u00e9gale et responsable.","robots":{"index":"index","follow":"follow","max-snippet":"max-snippet:-1","max-image-preview":"max-image-preview:large","max-video-preview":"max-video-preview:-1"},"canonical":"https:\/\/primalfocus.eu\/fr\/statut-juridique-du-1cp-lsd\/","og_locale":"fr_FR","og_type":"article","og_title":"Legal Status 1S-LSD - Primal Focus","og_description":"Primal Focus: Your trusted source for 1cP-LSD microdose pellets worldwide. Safe, legal, and responsible use.","og_url":"https:\/\/primalfocus.eu\/fr\/statut-juridique-du-1cp-lsd\/","og_site_name":"Primal Focus","article_publisher":"https:\/\/www.facebook.com\/profile.php?id=61575377667059","article_modified_time":"2025-04-12T10:04:34+00:00","twitter_card":"summary_large_image","twitter_site":"@primalfocus_eu","twitter_misc":{"Dur\u00e9e de lecture estim\u00e9e":"2 minutes"},"schema":{"@context":"https:\/\/schema.org","@graph":[{"@type":"WebPage","@id":"https:\/\/primalfocus.eu\/fr\/statut-juridique-du-1cp-lsd\/","url":"https:\/\/primalfocus.eu\/fr\/statut-juridique-du-1cp-lsd\/","name":"Statut juridique 1S-LSD - Primal Focus","isPartOf":{"@id":"https:\/\/primalfocus.eu\/fr\/#website"},"datePublished":"2023-09-03T18:14:52+00:00","dateModified":"2025-04-12T10:04:34+00:00","description":"Primal Focus : Votre source de confiance pour les microdoses de 1cP-LSD dans le monde entier. Utilisation s\u00fbre, l\u00e9gale et responsable.","breadcrumb":{"@id":"https:\/\/primalfocus.eu\/fr\/statut-juridique-du-1cp-lsd\/#breadcrumb"},"inLanguage":"fr-FR","potentialAction":[{"@type":"ReadAction","target":["https:\/\/primalfocus.eu\/fr\/statut-juridique-du-1cp-lsd\/"]}]},{"@type":"BreadcrumbList","@id":"https:\/\/primalfocus.eu\/fr\/statut-juridique-du-1cp-lsd\/#breadcrumb","itemListElement":[{"@type":"ListItem","position":1,"name":"Home","item":"https:\/\/primalfocus.eu\/"},{"@type":"ListItem","position":2,"name":"Legal Status 1S-LSD"}]},{"@type":"WebSite","@id":"https:\/\/primalfocus.eu\/fr\/#website","url":"https:\/\/primalfocus.eu\/fr\/","name":"Primal Focus","description":"Acheter des psych\u00e9d\u00e9liques l\u00e9gaux en ligne","publisher":{"@id":"https:\/\/primalfocus.eu\/fr\/#organization"},"potentialAction":[{"@type":"SearchAction","target":{"@type":"EntryPoint","urlTemplate":"https:\/\/primalfocus.eu\/fr\/?s={search_term_string}"},"query-input":{"@type":"PropertyValueSpecification","valueRequired":true,"valueName":"search_term_string"}}],"inLanguage":"fr-FR"},{"@type":"Organization","@id":"https:\/\/primalfocus.eu\/fr\/#organization","name":"Primal Focus","alternateName":"primalfocus.eu","url":"https:\/\/primalfocus.eu\/fr\/","logo":{"@type":"ImageObject","inLanguage":"fr-FR","@id":"https:\/\/primalfocus.eu\/fr\/#\/schema\/logo\/image\/","url":"https:\/\/primalfocus.eu\/wp-content\/uploads\/2026\/04\/primal-focus-logo-6.svg","contentUrl":"https:\/\/primalfocus.eu\/wp-content\/uploads\/2026\/04\/primal-focus-logo-6.svg","width":50,"height":50,"caption":"Primal Focus"},"image":{"@id":"https:\/\/primalfocus.eu\/fr\/#\/schema\/logo\/image\/"},"sameAs":["https:\/\/www.facebook.com\/profile.php?id=61575377667059","https:\/\/x.com\/primalfocus_eu","https:\/\/www.instagram.com\/primalfocus.store\/"]}]}},"jetpack_sharing_enabled":true,"_links":{"self":[{"href":"https:\/\/primalfocus.eu\/fr\/wp-json\/wp\/v2\/pages\/5200","targetHints":{"allow":["GET"]}}],"collection":[{"href":"https:\/\/primalfocus.eu\/fr\/wp-json\/wp\/v2\/pages"}],"about":[{"href":"https:\/\/primalfocus.eu\/fr\/wp-json\/wp\/v2\/types\/page"}],"author":[{"embeddable":true,"href":"https:\/\/primalfocus.eu\/fr\/wp-json\/wp\/v2\/users\/1"}],"replies":[{"embeddable":true,"href":"https:\/\/primalfocus.eu\/fr\/wp-json\/wp\/v2\/comments?post=5200"}],"version-history":[{"count":0,"href":"https:\/\/primalfocus.eu\/fr\/wp-json\/wp\/v2\/pages\/5200\/revisions"}],"wp:attachment":[{"href":"https:\/\/primalfocus.eu\/fr\/wp-json\/wp\/v2\/media?parent=5200"}],"curies":[{"name":"wp","href":"https:\/\/api.w.org\/{rel}","templated":true}]}}