{"id":5198,"date":"2023-09-03T20:03:50","date_gmt":"2023-09-03T18:03:50","guid":{"rendered":"https:\/\/primalfocus.eu\/?page_id=5198"},"modified":"2023-11-15T19:42:14","modified_gmt":"2023-11-15T18:42:14","slug":"les-truffes-a-la-psilocybine-sont-elles-legales","status":"publish","type":"page","link":"https:\/\/primalfocus.eu\/fr\/les-truffes-a-la-psilocybine-sont-elles-legales\/","title":{"rendered":"Statut juridique Truffes"},"content":{"rendered":"<h1 class=\"wp-block-heading\"><strong>Le statut juridique des truffes \u00e0 la psilocybine : Un guide complet<\/strong><\/h1>\n\n\n\n<div style=\"height:100px\" aria-hidden=\"true\" class=\"wp-block-spacer\"><\/div>\n\n\n\n<h3 class=\"wp-block-heading\"><strong>Introduction<\/strong><\/h3>\n\n\n\n<p>Bienvenue \u00e0 Primal Focus, votre source de confiance pour les produits fra\u00eechement pr\u00e9emball\u00e9s. <a href=\"https:\/\/primalfocus.eu\/fr\/produit\/truffes-microdose-xp\/\">Psilocybe Tampanensis Mexicana Sclerotia truffes. <\/a>Nous sommes l\u00e0 pour vous fournir les informations essentielles concernant le statut l\u00e9gal de ces truffes, les d\u00e9tails du produit, et la r\u00e9glementation entourant leur distribution au sein de l'Union europ\u00e9enne (UE).<\/p>\n\n\n\n<h3 class=\"wp-block-heading\"><strong>Description du produit<\/strong><\/h3>\n\n\n\n<p>Chez Primal Focus, nous proposons des truffes Psilocybe Tampanensis Mexicana Sclerotia, sp\u00e9cialement con\u00e7ues pour le microdosage. Veuillez noter qu'il ne s'agit pas de champignons \"magiques\" typiques, mais plut\u00f4t d'un produit unique avec des caract\u00e9ristiques distinctes.<\/p>\n\n\n\n<h3 class=\"wp-block-heading\"><strong>Statut juridique aux Pays-Bas<\/strong><\/h3>\n\n\n\n<p>Aux Pays-Bas, les truffes fra\u00eeches Psilocybe Mexicana (et non les champignons) sont tout \u00e0 fait l\u00e9gales. Elles peuvent \u00eatre produites, \u00e9chang\u00e9es et vendues sans aucune restriction l\u00e9gale. Ces truffes entrent dans la cat\u00e9gorie des compl\u00e9ments alimentaires selon les directives europ\u00e9ennes et sont enti\u00e8rement conformes aux normes de s\u00e9curit\u00e9.<\/p>\n\n\n\n<p>Selon l'Autorit\u00e9 europ\u00e9enne de s\u00e9curit\u00e9 des aliments (EFSA), les champignons et les truffes sont class\u00e9s dans la cat\u00e9gorie des produits botaniques. L'EFSA d\u00e9finit les substances botaniques comme des \"pr\u00e9parations \u00e0 base de plantes, d'algues, de champignons ou de lichens largement disponibles sur le march\u00e9 de l'UE sous la forme de compl\u00e9ments alimentaires\".<\/p>\n\n\n\n<p>Les truffes magiques, telles que Psilocybe Tampanensis Mexicana Sclerotia, poussent sous la terre. En raison de leur processus de croissance naturel unique, elles ne correspondent pas \u00e0 la classification des champignons, ce qui leur permet d'\u00e9chapper aux r\u00e9glementations l\u00e9gales relatives aux champignons.<\/p>\n\n\n\n<p>En 2008, \u00e0 la suite d'une s\u00e9rie d'incidents li\u00e9s aux champignons magiques, le gouvernement n\u00e9erlandais a adopt\u00e9 une loi rendant ill\u00e9gaux les champignons magiques frais. Cependant, cette loi mentionnait sp\u00e9cifiquement \"De Paddestoel\", laissant une distinction l\u00e9gale pour les truffes \"magiques\" \u00e0 la psilocybine, qui sont techniquement des substrats de champignons connus sous le nom de scl\u00e9rotes.<\/p>\n\n\n\n<p>En r\u00e9sum\u00e9, les truffes fra\u00eeches \u00e0 la psilocybine sont tout \u00e0 fait l\u00e9gales aux Pays-Bas.<\/p>\n\n\n\n<h3 class=\"wp-block-heading\"><strong>Cadre juridique international<\/strong><\/h3>\n\n\n\n<p>Les substances hallucinog\u00e8nes responsables des effets des truffes magiques sont r\u00e9pertori\u00e9es dans la Convention sur les substances psychotropes. Il existe cependant une exception pour les produits naturels comme le cactus Peyotl et les champignons psilocybes, dont les truffes. Ces produits naturels b\u00e9n\u00e9ficient d'un statut juridique dans le cadre de cette convention, comme l'indique explicitement l'article 32, point 12.<\/p>\n\n\n\n<p>La possession de champignons \u00e0 psilocybine ou de truffes est donc l\u00e9gale en vertu de ce trait\u00e9 international, \u00e0 condition que les substances psychoactives ne soient pas extraites ou synth\u00e9tis\u00e9es, ce qui serait contraire \u00e0 la l\u00e9gislation en vigueur.<\/p>\n\n\n\n<h3 class=\"wp-block-heading\"><strong>Exp\u00e9dition vers d'autres pays de l'UE<\/strong><\/h3>\n\n\n\n<p>La bonne nouvelle est que les truffes sont l\u00e9gales aux Pays-Bas, ce qui signifie qu'elles peuvent \u00eatre exp\u00e9di\u00e9es vers tous les autres pays de l'UE en vertu du principe de reconnaissance mutuelle des marchandises \u00e9tabli par la Commission europ\u00e9enne. Ce principe stipule que si un produit est l\u00e9gal dans un pays de l'UE, il est \u00e9galement l\u00e9gal de le vendre et de l'exp\u00e9dier dans tous les autres pays de l'UE.<\/p>\n\n\n\n<p>Toutefois, il est essentiel de se tenir inform\u00e9 des r\u00e9glementations sp\u00e9cifiques \u00e0 votre juridiction, car les pays de l'UE, les \u00c9tats ou les autorit\u00e9s locales peuvent \u00eatre habilit\u00e9s \u00e0 imposer des restrictions suppl\u00e9mentaires. Lorsque vous achetez chez nous, vous assumez la responsabilit\u00e9 de vous conformer aux lois et r\u00e9glementations douani\u00e8res locales. Veuillez vous assurer que le produit que vous commandez est l\u00e9gal dans votre pays d'importation. Primal Focus n'est pas responsable des marchandises qui peuvent \u00eatre stock\u00e9es ou saisies par des tiers, tels que les douanes ou les autorit\u00e9s charg\u00e9es de l'application de la loi dans votre pays d'importation.<\/p>\n\n\n\n<h3 class=\"wp-block-heading\"><strong>Clause de non-responsabilit\u00e9<\/strong><\/h3>\n\n\n\n<p>Chez Primal Focus, nous fournissons des ressources aux adultes qui choisissent d'explorer le microdosage de mani\u00e8re responsable. Il est important de noter que nous ne pr\u00e9tendons pas que le microdosage remplace un avis m\u00e9dical professionnel, un traitement ou une th\u00e9rapie. Si vous avez des pr\u00e9occupations m\u00e9dicales ou psychologiques ou si vous ressentez des sympt\u00f4mes de d\u00e9pression ou d'anxi\u00e9t\u00e9, nous vous conseillons vivement de contacter un professionnel de la sant\u00e9.<\/p>\n\n\n\n<p>Nous n'approuvons ni n'encourageons l'utilisation de substances psych\u00e9d\u00e9liques ill\u00e9gales de quelque mani\u00e8re que ce soit, et nous ne tol\u00e9rons aucune action contraire \u00e0 la loi, y compris la possession de substances ill\u00e9gales.<\/p>\n\n\n\n<p>Merci d'avoir choisi Primal Focus comme source de confiance pour les truffes \u00e0 la psilocybine. Nous nous engageons \u00e0 vous fournir des options s\u00fbres et l\u00e9gales pour vos explorations dans le monde du microdosage.<\/p>","protected":false},"excerpt":{"rendered":"<p>The Legal Status of Psilocybin Truffles: A Comprehensive Guide Introduction Welcome to Primal Focus, your trusted source for freshly prepackaged Psilocybe Tampanensis Mexicana Sclerotia truffles. We are here to provide you with essential information regarding the legal status of these truffles, product details, and the regulations surrounding their distribution within the European Union (EU). Product [&hellip;]<\/p>\n","protected":false},"author":1,"featured_media":0,"parent":0,"menu_order":0,"comment_status":"closed","ping_status":"closed","template":"","meta":{"site-sidebar-layout":"default","site-content-layout":"","ast-site-content-layout":"","site-content-style":"default","site-sidebar-style":"default","ast-global-header-display":"","ast-banner-title-visibility":"","ast-main-header-display":"","ast-hfb-above-header-display":"","ast-hfb-below-header-display":"","ast-hfb-mobile-header-display":"","site-post-title":"disabled","ast-breadcrumbs-content":"","ast-featured-img":"","footer-sml-layout":"","theme-transparent-header-meta":"disabled","adv-header-id-meta":"","stick-header-meta":"","header-above-stick-meta":"","header-main-stick-meta":"","header-below-stick-meta":"","astra-migrate-meta-layouts":"default","ast-page-background-enabled":"default","ast-page-background-meta":{"desktop":{"background-color":"","background-image":"","background-repeat":"repeat","background-position":"center center","background-size":"auto","background-attachment":"scroll","background-type":"","background-media":"","overlay-type":"","overlay-color":"","overlay-gradient":""},"tablet":{"background-color":"","background-image":"","background-repeat":"repeat","background-position":"center center","background-size":"auto","background-attachment":"scroll","background-type":"","background-media":"","overlay-type":"","overlay-color":"","overlay-gradient":""},"mobile":{"background-color":"","background-image":"","background-repeat":"repeat","background-position":"center center","background-size":"auto","background-attachment":"scroll","background-type":"","background-media":"","overlay-type":"","overlay-color":"","overlay-gradient":""}},"ast-content-background-meta":{"desktop":{"background-color":"var(--ast-global-color-5)","background-image":"","background-repeat":"repeat","background-position":"center center","background-size":"auto","background-attachment":"scroll","background-type":"","background-media":"","overlay-type":"","overlay-color":"","overlay-gradient":""},"tablet":{"background-color":"var(--ast-global-color-5)","background-image":"","background-repeat":"repeat","background-position":"center center","background-size":"auto","background-attachment":"scroll","background-type":"","background-media":"","overlay-type":"","overlay-color":"","overlay-gradient":""},"mobile":{"background-color":"var(--ast-global-color-5)","background-image":"","background-repeat":"repeat","background-position":"center center","background-size":"auto","background-attachment":"scroll","background-type":"","background-media":"","overlay-type":"","overlay-color":"","overlay-gradient":""}},"footnotes":""},"class_list":["post-5198","page","type-page","status-publish","hentry"],"yoast_head":"<!-- This site is optimized with the Yoast SEO plugin v27.5 - https:\/\/yoast.com\/product\/yoast-seo-wordpress\/ -->\n<title>Legal Status Truffles - Primal Focus<\/title>\n<meta name=\"description\" content=\"Discover the legality of psilocybin truffles at Primal Focus. We provide fresh, legal truffles for microdosing in the Netherlands and EU.\" \/>\n<meta name=\"robots\" content=\"index, follow, max-snippet:-1, max-image-preview:large, max-video-preview:-1\" \/>\n<link rel=\"canonical\" href=\"https:\/\/primalfocus.eu\/fr\/les-truffes-a-la-psilocybine-sont-elles-legales\/\" \/>\n<meta property=\"og:locale\" content=\"fr_FR\" \/>\n<meta property=\"og:type\" content=\"article\" \/>\n<meta property=\"og:title\" content=\"Legal Status Truffles - Primal Focus\" \/>\n<meta property=\"og:description\" content=\"Discover the legality of psilocybin truffles at Primal Focus. We provide fresh, legal truffles for microdosing in the Netherlands and EU.\" \/>\n<meta property=\"og:url\" content=\"https:\/\/primalfocus.eu\/fr\/les-truffes-a-la-psilocybine-sont-elles-legales\/\" \/>\n<meta property=\"og:site_name\" content=\"Primal Focus\" \/>\n<meta property=\"article:publisher\" content=\"https:\/\/www.facebook.com\/profile.php?id=61575377667059\" \/>\n<meta property=\"article:modified_time\" content=\"2023-11-15T18:42:14+00:00\" \/>\n<meta name=\"twitter:card\" content=\"summary_large_image\" \/>\n<meta name=\"twitter:site\" content=\"@primalfocus_eu\" \/>\n<meta name=\"twitter:label1\" content=\"Dur\u00e9e de lecture estim\u00e9e\" \/>\n\t<meta name=\"twitter:data1\" content=\"3 minutes\" \/>\n<script type=\"application\/ld+json\" class=\"yoast-schema-graph\">{\"@context\":\"https:\\\/\\\/schema.org\",\"@graph\":[{\"@type\":\"WebPage\",\"@id\":\"https:\\\/\\\/primalfocus.eu\\\/fr\\\/les-truffes-a-la-psilocybine-sont-elles-legales\\\/\",\"url\":\"https:\\\/\\\/primalfocus.eu\\\/fr\\\/les-truffes-a-la-psilocybine-sont-elles-legales\\\/\",\"name\":\"Legal Status Truffles - Primal Focus\",\"isPartOf\":{\"@id\":\"https:\\\/\\\/primalfocus.eu\\\/fr\\\/#website\"},\"datePublished\":\"2023-09-03T18:03:50+00:00\",\"dateModified\":\"2023-11-15T18:42:14+00:00\",\"description\":\"Discover the legality of psilocybin truffles at Primal Focus. We provide fresh, legal truffles for microdosing in the Netherlands and EU.\",\"breadcrumb\":{\"@id\":\"https:\\\/\\\/primalfocus.eu\\\/fr\\\/les-truffes-a-la-psilocybine-sont-elles-legales\\\/#breadcrumb\"},\"inLanguage\":\"fr-FR\",\"potentialAction\":[{\"@type\":\"ReadAction\",\"target\":[\"https:\\\/\\\/primalfocus.eu\\\/fr\\\/les-truffes-a-la-psilocybine-sont-elles-legales\\\/\"]}]},{\"@type\":\"BreadcrumbList\",\"@id\":\"https:\\\/\\\/primalfocus.eu\\\/fr\\\/les-truffes-a-la-psilocybine-sont-elles-legales\\\/#breadcrumb\",\"itemListElement\":[{\"@type\":\"ListItem\",\"position\":1,\"name\":\"Home\",\"item\":\"https:\\\/\\\/primalfocus.eu\\\/\"},{\"@type\":\"ListItem\",\"position\":2,\"name\":\"Legal Status Truffles\"}]},{\"@type\":\"WebSite\",\"@id\":\"https:\\\/\\\/primalfocus.eu\\\/fr\\\/#website\",\"url\":\"https:\\\/\\\/primalfocus.eu\\\/fr\\\/\",\"name\":\"Primal Focus\",\"description\":\"Buy legal psychedelics online\",\"publisher\":{\"@id\":\"https:\\\/\\\/primalfocus.eu\\\/fr\\\/#organization\"},\"potentialAction\":[{\"@type\":\"SearchAction\",\"target\":{\"@type\":\"EntryPoint\",\"urlTemplate\":\"https:\\\/\\\/primalfocus.eu\\\/fr\\\/?s={search_term_string}\"},\"query-input\":{\"@type\":\"PropertyValueSpecification\",\"valueRequired\":true,\"valueName\":\"search_term_string\"}}],\"inLanguage\":\"fr-FR\"},{\"@type\":\"Organization\",\"@id\":\"https:\\\/\\\/primalfocus.eu\\\/fr\\\/#organization\",\"name\":\"Primal Focus\",\"alternateName\":\"primalfocus.eu\",\"url\":\"https:\\\/\\\/primalfocus.eu\\\/fr\\\/\",\"logo\":{\"@type\":\"ImageObject\",\"inLanguage\":\"fr-FR\",\"@id\":\"https:\\\/\\\/primalfocus.eu\\\/fr\\\/#\\\/schema\\\/logo\\\/image\\\/\",\"url\":\"https:\\\/\\\/primalfocus.eu\\\/wp-content\\\/uploads\\\/2026\\\/04\\\/primal-focus-logo-6.svg\",\"contentUrl\":\"https:\\\/\\\/primalfocus.eu\\\/wp-content\\\/uploads\\\/2026\\\/04\\\/primal-focus-logo-6.svg\",\"width\":50,\"height\":50,\"caption\":\"Primal Focus\"},\"image\":{\"@id\":\"https:\\\/\\\/primalfocus.eu\\\/fr\\\/#\\\/schema\\\/logo\\\/image\\\/\"},\"sameAs\":[\"https:\\\/\\\/www.facebook.com\\\/profile.php?id=61575377667059\",\"https:\\\/\\\/x.com\\\/primalfocus_eu\",\"https:\\\/\\\/www.instagram.com\\\/primalfocus.store\\\/\"]}]}<\/script>\n<!-- \/ Yoast SEO plugin. -->","yoast_head_json":{"title":"Statut juridique Truffes - Primal Focus","description":"D\u00e9couvrez la l\u00e9galit\u00e9 des truffes \u00e0 la psilocybine chez Primal Focus. Nous fournissons des truffes fra\u00eeches et l\u00e9gales pour le microdosage aux Pays-Bas et dans l'UE.","robots":{"index":"index","follow":"follow","max-snippet":"max-snippet:-1","max-image-preview":"max-image-preview:large","max-video-preview":"max-video-preview:-1"},"canonical":"https:\/\/primalfocus.eu\/fr\/les-truffes-a-la-psilocybine-sont-elles-legales\/","og_locale":"fr_FR","og_type":"article","og_title":"Legal Status Truffles - Primal Focus","og_description":"Discover the legality of psilocybin truffles at Primal Focus. We provide fresh, legal truffles for microdosing in the Netherlands and EU.","og_url":"https:\/\/primalfocus.eu\/fr\/les-truffes-a-la-psilocybine-sont-elles-legales\/","og_site_name":"Primal Focus","article_publisher":"https:\/\/www.facebook.com\/profile.php?id=61575377667059","article_modified_time":"2023-11-15T18:42:14+00:00","twitter_card":"summary_large_image","twitter_site":"@primalfocus_eu","twitter_misc":{"Dur\u00e9e de lecture estim\u00e9e":"3 minutes"},"schema":{"@context":"https:\/\/schema.org","@graph":[{"@type":"WebPage","@id":"https:\/\/primalfocus.eu\/fr\/les-truffes-a-la-psilocybine-sont-elles-legales\/","url":"https:\/\/primalfocus.eu\/fr\/les-truffes-a-la-psilocybine-sont-elles-legales\/","name":"Statut juridique Truffes - Primal Focus","isPartOf":{"@id":"https:\/\/primalfocus.eu\/fr\/#website"},"datePublished":"2023-09-03T18:03:50+00:00","dateModified":"2023-11-15T18:42:14+00:00","description":"D\u00e9couvrez la l\u00e9galit\u00e9 des truffes \u00e0 la psilocybine chez Primal Focus. Nous fournissons des truffes fra\u00eeches et l\u00e9gales pour le microdosage aux Pays-Bas et dans l'UE.","breadcrumb":{"@id":"https:\/\/primalfocus.eu\/fr\/les-truffes-a-la-psilocybine-sont-elles-legales\/#breadcrumb"},"inLanguage":"fr-FR","potentialAction":[{"@type":"ReadAction","target":["https:\/\/primalfocus.eu\/fr\/les-truffes-a-la-psilocybine-sont-elles-legales\/"]}]},{"@type":"BreadcrumbList","@id":"https:\/\/primalfocus.eu\/fr\/les-truffes-a-la-psilocybine-sont-elles-legales\/#breadcrumb","itemListElement":[{"@type":"ListItem","position":1,"name":"Home","item":"https:\/\/primalfocus.eu\/"},{"@type":"ListItem","position":2,"name":"Legal Status Truffles"}]},{"@type":"WebSite","@id":"https:\/\/primalfocus.eu\/fr\/#website","url":"https:\/\/primalfocus.eu\/fr\/","name":"Primal Focus","description":"Acheter des psych\u00e9d\u00e9liques l\u00e9gaux en ligne","publisher":{"@id":"https:\/\/primalfocus.eu\/fr\/#organization"},"potentialAction":[{"@type":"SearchAction","target":{"@type":"EntryPoint","urlTemplate":"https:\/\/primalfocus.eu\/fr\/?s={search_term_string}"},"query-input":{"@type":"PropertyValueSpecification","valueRequired":true,"valueName":"search_term_string"}}],"inLanguage":"fr-FR"},{"@type":"Organization","@id":"https:\/\/primalfocus.eu\/fr\/#organization","name":"Primal Focus","alternateName":"primalfocus.eu","url":"https:\/\/primalfocus.eu\/fr\/","logo":{"@type":"ImageObject","inLanguage":"fr-FR","@id":"https:\/\/primalfocus.eu\/fr\/#\/schema\/logo\/image\/","url":"https:\/\/primalfocus.eu\/wp-content\/uploads\/2026\/04\/primal-focus-logo-6.svg","contentUrl":"https:\/\/primalfocus.eu\/wp-content\/uploads\/2026\/04\/primal-focus-logo-6.svg","width":50,"height":50,"caption":"Primal Focus"},"image":{"@id":"https:\/\/primalfocus.eu\/fr\/#\/schema\/logo\/image\/"},"sameAs":["https:\/\/www.facebook.com\/profile.php?id=61575377667059","https:\/\/x.com\/primalfocus_eu","https:\/\/www.instagram.com\/primalfocus.store\/"]}]}},"jetpack_sharing_enabled":true,"_links":{"self":[{"href":"https:\/\/primalfocus.eu\/fr\/wp-json\/wp\/v2\/pages\/5198","targetHints":{"allow":["GET"]}}],"collection":[{"href":"https:\/\/primalfocus.eu\/fr\/wp-json\/wp\/v2\/pages"}],"about":[{"href":"https:\/\/primalfocus.eu\/fr\/wp-json\/wp\/v2\/types\/page"}],"author":[{"embeddable":true,"href":"https:\/\/primalfocus.eu\/fr\/wp-json\/wp\/v2\/users\/1"}],"replies":[{"embeddable":true,"href":"https:\/\/primalfocus.eu\/fr\/wp-json\/wp\/v2\/comments?post=5198"}],"version-history":[{"count":0,"href":"https:\/\/primalfocus.eu\/fr\/wp-json\/wp\/v2\/pages\/5198\/revisions"}],"wp:attachment":[{"href":"https:\/\/primalfocus.eu\/fr\/wp-json\/wp\/v2\/media?parent=5198"}],"curies":[{"name":"wp","href":"https:\/\/api.w.org\/{rel}","templated":true}]}}