{"id":485434,"date":"2024-10-18T11:06:13","date_gmt":"2024-10-18T09:06:13","guid":{"rendered":"https:\/\/primalfocus.eu\/?page_id=485434"},"modified":"2025-09-29T11:43:01","modified_gmt":"2025-09-29T09:43:01","slug":"politique-de-retour","status":"publish","type":"page","link":"https:\/\/primalfocus.eu\/fr\/politique-de-retour\/","title":{"rendered":"Politique de retour"},"content":{"rendered":"<div data-elementor-type=\"wp-page\" data-elementor-id=\"485434\" class=\"elementor elementor-485434\" data-elementor-post-type=\"page\">\n\t\t\t\t\t\t<section class=\"elementor-section elementor-top-section elementor-element elementor-element-2bbe6a3 elementor-section-boxed elementor-section-height-default elementor-section-height-default\" data-id=\"2bbe6a3\" data-element_type=\"section\" data-e-type=\"section\">\n\t\t\t\t\t\t<div class=\"elementor-container elementor-column-gap-default\">\n\t\t\t\t\t<div class=\"elementor-column elementor-col-100 elementor-top-column elementor-element elementor-element-05744ed\" data-id=\"05744ed\" data-element_type=\"column\" data-e-type=\"column\">\n\t\t\t<div class=\"elementor-widget-wrap elementor-element-populated\">\n\t\t\t\t\t\t<div class=\"elementor-element elementor-element-80c110a elementor-widget elementor-widget-heading\" data-id=\"80c110a\" data-element_type=\"widget\" data-e-type=\"widget\" data-widget_type=\"heading.default\">\n\t\t\t\t<div class=\"elementor-widget-container\">\n\t\t\t\t\t<h2 class=\"elementor-heading-title elementor-size-default\"><b>RETOUR<\/b> POLITIQUE<\/h2>\t\t\t\t<\/div>\n\t\t\t\t<\/div>\n\t\t\t\t<div class=\"elementor-element elementor-element-bc03df6 elementor-hidden-tablet elementor-hidden-mobile elementor-widget elementor-widget-text-editor\" data-id=\"bc03df6\" data-element_type=\"widget\" data-e-type=\"widget\" data-widget_type=\"text-editor.default\">\n\t\t\t\t<div class=\"elementor-widget-container\">\n\t\t\t\t\t\t\t\t\t<p>Merci d'avoir fait vos achats chez nous ! Nous nous effor\u00e7ons de faire en sorte que vous ayez une exp\u00e9rience positive avec nos produits. Vous trouverez ci-dessous les politiques de retour sp\u00e9cifiques \u00e0 chaque cat\u00e9gorie de produits que nous proposons.<\/p>\n<h3>&nbsp;<\/h3>\n<h3>Lignes directrices g\u00e9n\u00e9rales en mati\u00e8re de retour<\/h3>\n<p><strong>P\u00e9riode de retour :<\/strong><br>Vous pouvez retourner les produits \u00e9ligibles dans les 14 jours suivant la r\u00e9ception de votre commande. Pour pouvoir \u00eatre retourn\u00e9s, les produits ne doivent pas avoir \u00e9t\u00e9 ouverts et les scell\u00e9s doivent \u00eatre intacts.<\/p>\n<p><strong>Exp\u00e9dition en retour :<\/strong><br>Les frais de retour sont \u00e0 la charge du client, sauf si le produit est endommag\u00e9 ou d\u00e9fectueux. Nous recommandons d'utiliser un service d'exp\u00e9dition avec suivi pour garantir un retour en toute s\u00e9curit\u00e9.<\/p>\n<p><strong>Proc\u00e9dure de remboursement :<\/strong><br>Une fois que nous aurons re\u00e7u et inspect\u00e9 l'article retourn\u00e9, nous vous informerons de l'approbation ou du refus de votre remboursement. Les remboursements approuv\u00e9s seront trait\u00e9s dans un d\u00e9lai de 7 \u00e0 10 jours ouvrables et effectu\u00e9s selon le mode de paiement d'origine.<\/p>\n<p><strong>Conditions de non-retour :<\/strong><br>Nous n'acceptons pas les retours si le sceau est bris\u00e9 ou si l'emballage est ouvert, pour des raisons de s\u00e9curit\u00e9 et de contr\u00f4le de la qualit\u00e9. En outre, les articles retourn\u00e9s apr\u00e8s 30 jours \u00e0 compter de la date de livraison ne peuvent \u00eatre rembours\u00e9s.<\/p>\n<h3>&nbsp;<\/h3>\n<h3>Cat\u00e9gories de produits sp\u00e9cifiques<\/h3>\n<h4>&nbsp;<\/h4>\n<h4>1. <strong>Suppl\u00e9ments (caf\u00e9 aux champignons, g\u00e9lules de crini\u00e8re de lion, g\u00e9lules de cordyceps, g\u00e9lules de chaga et g\u00e9lules de reishi)<\/strong><\/h4>\n<ul>\n<li><strong>Admissibilit\u00e9 au retour :<\/strong> Non ouvert avec un sceau intact.<\/li>\n<li><strong>P\u00e9riode de retour :<\/strong> 14 jours \u00e0 compter de la date de livraison.<\/li>\n<li><strong>Conditions de remboursement :<\/strong> Les remboursements ne seront effectu\u00e9s que pour les capsules de suppl\u00e9ment retourn\u00e9es qui r\u00e9pondent aux crit\u00e8res susmentionn\u00e9s.<\/li>\n<\/ul>\n<h4>&nbsp;<\/h4>\n<h4>2.&nbsp;<strong>Truffes magiques, truffes de microdosage, produits l\u00e9gaux de LSD, gouttes d'Amsterdam, cactus et kits de culture<\/strong><\/h4>\n<ul>\n<li><strong>Non retournable :<\/strong> En raison de la nature p\u00e9rissable et des consid\u00e9rations d'hygi\u00e8ne de ces produits, nous n'acceptons pas les retours pour les truffes magiques fra\u00eeches, les truffes \u00e0 microdosage, les produits 1S-LSD, les gouttes Amsterdam, les cactus ou les kits de culture.<\/li>\n<li><strong>Remboursements :<\/strong> Aucun remboursement ne sera effectu\u00e9 pour ces articles, quelles que soient les circonstances.<\/li>\n<\/ul>\n<h4>3. <strong>Marchandises (v\u00eatements, accessoires, etc.)<\/strong><\/h4>\n<ul>\n<li><strong>Admissibilit\u00e9 au retour :<\/strong> Les marchandises non ouvertes et non port\u00e9es peuvent \u00eatre retourn\u00e9es dans les 14 jours suivant leur r\u00e9ception.<\/li>\n<li><strong>R\u00e8gles standard de retour des v\u00eatements :<\/strong>\n<ul>\n<li>Les articles doivent \u00eatre dans leur \u00e9tat d'origine, avec les \u00e9tiquettes attach\u00e9es et l'emballage intact.<\/li>\n<li>Les articles us\u00e9s ou lav\u00e9s ne peuvent pas \u00eatre retourn\u00e9s.<\/li>\n<li>Les articles retourn\u00e9s apr\u00e8s 14 jours \u00e0 compter de la date de livraison ne peuvent \u00eatre rembours\u00e9s.<\/li>\n<\/ul>\n<\/li>\n<\/ul>\n<h3>&nbsp;<\/h3>\n<h3>Adresse pour les retours<\/h3>\n<p>Veuillez envoyer vos retours \u00e0 l'adresse suivante :<\/p>\n<p>Kerkenbos 1063M,<br>6546 BB Nijmegen,<br>Les Pays-Bas.<\/p>\n<p>Pour garantir une proc\u00e9dure de retour sans heurts, veuillez <strong>inclure votre num\u00e9ro de commande<\/strong> et pr\u00e9cisez quel(s) produit(s) vous renvoyez.<\/p>\n<p><strong>&nbsp;<\/strong><\/p>\n<p><strong>Remarque :<\/strong><br>Une fois que le sceau en plastique des capsules du suppl\u00e9ment est bris\u00e9, nous ne pouvons plus garantir la qualit\u00e9 ou la s\u00e9curit\u00e9 du produit, et celui-ci ne peut pas \u00eatre retourn\u00e9 ou rembours\u00e9,<\/p>\t\t\t\t\t\t\t\t<\/div>\n\t\t\t\t<\/div>\n\t\t\t\t\t<\/div>\n\t\t<\/div>\n\t\t\t\t\t<\/div>\n\t\t<\/section>\n\t\t\t\t<\/div>","protected":false},"excerpt":{"rendered":"<p>RETURN POLICY Thank you for shopping with us! We strive to ensure you have a positive experience with our products. Below are the return policies specific to each category of products we offer. &nbsp; General Return Guidelines Return Period:You may return eligible products within 14 days of receiving your order. To qualify for a return, [&hellip;]<\/p>\n","protected":false},"author":1,"featured_media":0,"parent":0,"menu_order":0,"comment_status":"closed","ping_status":"closed","template":"","meta":{"site-sidebar-layout":"no-sidebar","site-content-layout":"page-builder","ast-site-content-layout":"full-width-container","site-content-style":"default","site-sidebar-style":"default","ast-global-header-display":"","ast-banner-title-visibility":"","ast-main-header-display":"","ast-hfb-above-header-display":"","ast-hfb-below-header-display":"","ast-hfb-mobile-header-display":"","site-post-title":"disabled","ast-breadcrumbs-content":"","ast-featured-img":"disabled","footer-sml-layout":"","theme-transparent-header-meta":"disabled","adv-header-id-meta":"","stick-header-meta":"","header-above-stick-meta":"","header-main-stick-meta":"","header-below-stick-meta":"","astra-migrate-meta-layouts":"set","ast-page-background-enabled":"default","ast-page-background-meta":{"desktop":{"background-color":"","background-image":"","background-repeat":"repeat","background-position":"center center","background-size":"auto","background-attachment":"scroll","background-type":"","background-media":"","overlay-type":"","overlay-color":"","overlay-gradient":""},"tablet":{"background-color":"","background-image":"","background-repeat":"repeat","background-position":"center center","background-size":"auto","background-attachment":"scroll","background-type":"","background-media":"","overlay-type":"","overlay-color":"","overlay-gradient":""},"mobile":{"background-color":"","background-image":"","background-repeat":"repeat","background-position":"center center","background-size":"auto","background-attachment":"scroll","background-type":"","background-media":"","overlay-type":"","overlay-color":"","overlay-gradient":""}},"ast-content-background-meta":{"desktop":{"background-color":"var(--ast-global-color-5)","background-image":"","background-repeat":"repeat","background-position":"center center","background-size":"auto","background-attachment":"scroll","background-type":"","background-media":"","overlay-type":"","overlay-color":"","overlay-gradient":""},"tablet":{"background-color":"var(--ast-global-color-5)","background-image":"","background-repeat":"repeat","background-position":"center center","background-size":"auto","background-attachment":"scroll","background-type":"","background-media":"","overlay-type":"","overlay-color":"","overlay-gradient":""},"mobile":{"background-color":"var(--ast-global-color-5)","background-image":"","background-repeat":"repeat","background-position":"center center","background-size":"auto","background-attachment":"scroll","background-type":"","background-media":"","overlay-type":"","overlay-color":"","overlay-gradient":""}},"footnotes":""},"class_list":["post-485434","page","type-page","status-publish","hentry"],"yoast_head":"<!-- This site is optimized with the Yoast SEO plugin v27.5 - https:\/\/yoast.com\/product\/yoast-seo-wordpress\/ -->\n<title>Return Policy - Primal Focus<\/title>\n<meta name=\"robots\" content=\"index, follow, max-snippet:-1, max-image-preview:large, max-video-preview:-1\" \/>\n<link rel=\"canonical\" href=\"https:\/\/primalfocus.eu\/fr\/politique-de-retour\/\" \/>\n<meta property=\"og:locale\" content=\"fr_FR\" \/>\n<meta property=\"og:type\" content=\"article\" \/>\n<meta property=\"og:title\" content=\"Return Policy - Primal Focus\" \/>\n<meta property=\"og:description\" content=\"RETURN POLICY Thank you for shopping with us! We strive to ensure you have a positive experience with our products. Below are the return policies specific to each category of products we offer. &nbsp; General Return Guidelines Return Period:You may return eligible products within 14 days of receiving your order. To qualify for a return, [&hellip;]\" \/>\n<meta property=\"og:url\" content=\"https:\/\/primalfocus.eu\/fr\/politique-de-retour\/\" \/>\n<meta property=\"og:site_name\" content=\"Primal Focus\" \/>\n<meta property=\"article:publisher\" content=\"https:\/\/www.facebook.com\/profile.php?id=61575377667059\" \/>\n<meta property=\"article:modified_time\" content=\"2025-09-29T09:43:01+00:00\" \/>\n<meta name=\"twitter:card\" content=\"summary_large_image\" \/>\n<meta name=\"twitter:site\" content=\"@primalfocus_eu\" \/>\n<meta name=\"twitter:label1\" content=\"Dur\u00e9e de lecture estim\u00e9e\" \/>\n\t<meta name=\"twitter:data1\" content=\"2 minutes\" \/>\n<script type=\"application\/ld+json\" class=\"yoast-schema-graph\">{\"@context\":\"https:\\\/\\\/schema.org\",\"@graph\":[{\"@type\":\"WebPage\",\"@id\":\"https:\\\/\\\/primalfocus.eu\\\/fr\\\/politique-de-retour\\\/\",\"url\":\"https:\\\/\\\/primalfocus.eu\\\/fr\\\/politique-de-retour\\\/\",\"name\":\"Return Policy - Primal Focus\",\"isPartOf\":{\"@id\":\"https:\\\/\\\/primalfocus.eu\\\/fr\\\/#website\"},\"datePublished\":\"2024-10-18T09:06:13+00:00\",\"dateModified\":\"2025-09-29T09:43:01+00:00\",\"breadcrumb\":{\"@id\":\"https:\\\/\\\/primalfocus.eu\\\/fr\\\/politique-de-retour\\\/#breadcrumb\"},\"inLanguage\":\"fr-FR\",\"potentialAction\":[{\"@type\":\"ReadAction\",\"target\":[\"https:\\\/\\\/primalfocus.eu\\\/fr\\\/politique-de-retour\\\/\"]}]},{\"@type\":\"BreadcrumbList\",\"@id\":\"https:\\\/\\\/primalfocus.eu\\\/fr\\\/politique-de-retour\\\/#breadcrumb\",\"itemListElement\":[{\"@type\":\"ListItem\",\"position\":1,\"name\":\"Home\",\"item\":\"https:\\\/\\\/primalfocus.eu\\\/\"},{\"@type\":\"ListItem\",\"position\":2,\"name\":\"Return Policy\"}]},{\"@type\":\"WebSite\",\"@id\":\"https:\\\/\\\/primalfocus.eu\\\/fr\\\/#website\",\"url\":\"https:\\\/\\\/primalfocus.eu\\\/fr\\\/\",\"name\":\"Primal Focus\",\"description\":\"Buy legal psychedelics online\",\"publisher\":{\"@id\":\"https:\\\/\\\/primalfocus.eu\\\/fr\\\/#organization\"},\"potentialAction\":[{\"@type\":\"SearchAction\",\"target\":{\"@type\":\"EntryPoint\",\"urlTemplate\":\"https:\\\/\\\/primalfocus.eu\\\/fr\\\/?s={search_term_string}\"},\"query-input\":{\"@type\":\"PropertyValueSpecification\",\"valueRequired\":true,\"valueName\":\"search_term_string\"}}],\"inLanguage\":\"fr-FR\"},{\"@type\":\"Organization\",\"@id\":\"https:\\\/\\\/primalfocus.eu\\\/fr\\\/#organization\",\"name\":\"Primal Focus\",\"alternateName\":\"primalfocus.eu\",\"url\":\"https:\\\/\\\/primalfocus.eu\\\/fr\\\/\",\"logo\":{\"@type\":\"ImageObject\",\"inLanguage\":\"fr-FR\",\"@id\":\"https:\\\/\\\/primalfocus.eu\\\/fr\\\/#\\\/schema\\\/logo\\\/image\\\/\",\"url\":\"https:\\\/\\\/primalfocus.eu\\\/wp-content\\\/uploads\\\/2026\\\/04\\\/primal-focus-logo-6.svg\",\"contentUrl\":\"https:\\\/\\\/primalfocus.eu\\\/wp-content\\\/uploads\\\/2026\\\/04\\\/primal-focus-logo-6.svg\",\"width\":50,\"height\":50,\"caption\":\"Primal Focus\"},\"image\":{\"@id\":\"https:\\\/\\\/primalfocus.eu\\\/fr\\\/#\\\/schema\\\/logo\\\/image\\\/\"},\"sameAs\":[\"https:\\\/\\\/www.facebook.com\\\/profile.php?id=61575377667059\",\"https:\\\/\\\/x.com\\\/primalfocus_eu\",\"https:\\\/\\\/www.instagram.com\\\/primalfocus.store\\\/\"]}]}<\/script>\n<!-- \/ Yoast SEO plugin. -->","yoast_head_json":{"title":"Politique de retour - Primal Focus","robots":{"index":"index","follow":"follow","max-snippet":"max-snippet:-1","max-image-preview":"max-image-preview:large","max-video-preview":"max-video-preview:-1"},"canonical":"https:\/\/primalfocus.eu\/fr\/politique-de-retour\/","og_locale":"fr_FR","og_type":"article","og_title":"Return Policy - Primal Focus","og_description":"RETURN POLICY Thank you for shopping with us! We strive to ensure you have a positive experience with our products. Below are the return policies specific to each category of products we offer. &nbsp; General Return Guidelines Return Period:You may return eligible products within 14 days of receiving your order. To qualify for a return, [&hellip;]","og_url":"https:\/\/primalfocus.eu\/fr\/politique-de-retour\/","og_site_name":"Primal Focus","article_publisher":"https:\/\/www.facebook.com\/profile.php?id=61575377667059","article_modified_time":"2025-09-29T09:43:01+00:00","twitter_card":"summary_large_image","twitter_site":"@primalfocus_eu","twitter_misc":{"Dur\u00e9e de lecture estim\u00e9e":"2 minutes"},"schema":{"@context":"https:\/\/schema.org","@graph":[{"@type":"WebPage","@id":"https:\/\/primalfocus.eu\/fr\/politique-de-retour\/","url":"https:\/\/primalfocus.eu\/fr\/politique-de-retour\/","name":"Politique de retour - Primal Focus","isPartOf":{"@id":"https:\/\/primalfocus.eu\/fr\/#website"},"datePublished":"2024-10-18T09:06:13+00:00","dateModified":"2025-09-29T09:43:01+00:00","breadcrumb":{"@id":"https:\/\/primalfocus.eu\/fr\/politique-de-retour\/#breadcrumb"},"inLanguage":"fr-FR","potentialAction":[{"@type":"ReadAction","target":["https:\/\/primalfocus.eu\/fr\/politique-de-retour\/"]}]},{"@type":"BreadcrumbList","@id":"https:\/\/primalfocus.eu\/fr\/politique-de-retour\/#breadcrumb","itemListElement":[{"@type":"ListItem","position":1,"name":"Home","item":"https:\/\/primalfocus.eu\/"},{"@type":"ListItem","position":2,"name":"Return Policy"}]},{"@type":"WebSite","@id":"https:\/\/primalfocus.eu\/fr\/#website","url":"https:\/\/primalfocus.eu\/fr\/","name":"Primal Focus","description":"Acheter des psych\u00e9d\u00e9liques l\u00e9gaux en ligne","publisher":{"@id":"https:\/\/primalfocus.eu\/fr\/#organization"},"potentialAction":[{"@type":"SearchAction","target":{"@type":"EntryPoint","urlTemplate":"https:\/\/primalfocus.eu\/fr\/?s={search_term_string}"},"query-input":{"@type":"PropertyValueSpecification","valueRequired":true,"valueName":"search_term_string"}}],"inLanguage":"fr-FR"},{"@type":"Organization","@id":"https:\/\/primalfocus.eu\/fr\/#organization","name":"Primal Focus","alternateName":"primalfocus.eu","url":"https:\/\/primalfocus.eu\/fr\/","logo":{"@type":"ImageObject","inLanguage":"fr-FR","@id":"https:\/\/primalfocus.eu\/fr\/#\/schema\/logo\/image\/","url":"https:\/\/primalfocus.eu\/wp-content\/uploads\/2026\/04\/primal-focus-logo-6.svg","contentUrl":"https:\/\/primalfocus.eu\/wp-content\/uploads\/2026\/04\/primal-focus-logo-6.svg","width":50,"height":50,"caption":"Primal Focus"},"image":{"@id":"https:\/\/primalfocus.eu\/fr\/#\/schema\/logo\/image\/"},"sameAs":["https:\/\/www.facebook.com\/profile.php?id=61575377667059","https:\/\/x.com\/primalfocus_eu","https:\/\/www.instagram.com\/primalfocus.store\/"]}]}},"jetpack_sharing_enabled":true,"_links":{"self":[{"href":"https:\/\/primalfocus.eu\/fr\/wp-json\/wp\/v2\/pages\/485434","targetHints":{"allow":["GET"]}}],"collection":[{"href":"https:\/\/primalfocus.eu\/fr\/wp-json\/wp\/v2\/pages"}],"about":[{"href":"https:\/\/primalfocus.eu\/fr\/wp-json\/wp\/v2\/types\/page"}],"author":[{"embeddable":true,"href":"https:\/\/primalfocus.eu\/fr\/wp-json\/wp\/v2\/users\/1"}],"replies":[{"embeddable":true,"href":"https:\/\/primalfocus.eu\/fr\/wp-json\/wp\/v2\/comments?post=485434"}],"version-history":[{"count":0,"href":"https:\/\/primalfocus.eu\/fr\/wp-json\/wp\/v2\/pages\/485434\/revisions"}],"wp:attachment":[{"href":"https:\/\/primalfocus.eu\/fr\/wp-json\/wp\/v2\/media?parent=485434"}],"curies":[{"name":"wp","href":"https:\/\/api.w.org\/{rel}","templated":true}]}}