{"id":1120220,"date":"2026-02-27T11:25:19","date_gmt":"2026-02-27T10:25:19","guid":{"rendered":"https:\/\/primalfocus.eu\/?page_id=1120220"},"modified":"2026-02-27T11:25:20","modified_gmt":"2026-02-27T10:25:20","slug":"politique-en-matiere-de-cookies","status":"publish","type":"page","link":"https:\/\/primalfocus.eu\/fr\/cookie-policy\/","title":{"rendered":"Politique en mati\u00e8re de cookies"},"content":{"rendered":"<h1 class=\"wp-block-heading\"><strong>Politique en mati\u00e8re de cookies<\/strong><\/h1>\n\n\n\n<p>Nous utilisons des cookies et des technologies similaires pour g\u00e9rer notre boutique en ligne, comprendre comment les gens l'utilisent et afficher un contenu pertinent. Sur cette page, nous expliquons ce que sont les cookies, quels types nous utilisons et comment vous pouvez g\u00e9rer vos pr\u00e9f\u00e9rences \u00e0 tout moment.<\/p>\n\n\n\n<p>Vous pouvez modifier ou retirer votre consentement par l'interm\u00e9diaire du site <strong>Param\u00e8tres des cookies<\/strong> dans le pied de page de notre site web.<\/p>\n\n\n\n<h2 class=\"wp-block-heading\"><strong>Qu'est-ce qu'un cookie ?<\/strong><\/h2>\n\n\n\n<p>Les cookies sont de petits fichiers texte qui sont stock\u00e9s sur votre appareil. Certains cookies sont n\u00e9cessaires au fonctionnement du site. D'autres nous aident \u00e0 comprendre comment il est utilis\u00e9 ou \u00e0 soutenir notre marketing.<\/p>\n\n\n\n<h2 class=\"wp-block-heading\"><strong>Types de cookies que nous utilisons<\/strong><\/h2>\n\n\n\n<h3 class=\"wp-block-heading\"><strong>1. Cookies strictement n\u00e9cessaires<\/strong><\/h3>\n\n\n\n<p>Ces cookies sont essentiels au fonctionnement du site. Ils permettent d'ajouter des produits \u00e0 votre panier, de passer \u00e0 la caisse et de s\u00e9curiser le site. Vous ne pouvez pas d\u00e9sactiver ces cookies.<\/p>\n\n\n\n<h3 class=\"wp-block-heading\"><strong>2. Cookies de pr\u00e9f\u00e9rence<\/strong><\/h3>\n\n\n\n<p>Ces cookies m\u00e9morisent vos choix, tels que la langue ou la r\u00e9gion, afin que le site vous paraisse plus personnel. Vous pouvez les activer ou les d\u00e9sactiver dans les param\u00e8tres des cookies.<\/p>\n\n\n\n<h3 class=\"wp-block-heading\"><strong>3. Cookies statistiques<\/strong><\/h3>\n\n\n\n<p>Ces cookies nous aident \u00e0 comprendre comment les visiteurs utilisent notre boutique en ligne. Nous utilisons les donn\u00e9es anonymes pour am\u00e9liorer les performances et l'exp\u00e9rience des utilisateurs. Nous ne chargeons les cookies de statistiques qu'apr\u00e8s avoir obtenu votre consentement.<\/p>\n\n\n\n<h3 class=\"wp-block-heading\"><strong>4. Cookies marketing<\/strong><\/h3>\n\n\n\n<p>Ces cookies sont utilis\u00e9s pour pr\u00e9senter des offres pertinentes, mesurer les campagnes et am\u00e9liorer notre communication. Les cookies marketing ne sont activ\u00e9s que si vous les autorisez.<\/p>\n\n\n\n<h2 class=\"wp-block-heading\"><strong>Dur\u00e9e de conservation des cookies<\/strong><\/h2>\n\n\n\n<p>La dur\u00e9e de conservation d\u00e9pend de la cat\u00e9gorie de cookies.<br>La plupart des cookies sont conserv\u00e9s pendant une p\u00e9riode limit\u00e9e et sont automatiquement supprim\u00e9s.<br>Vos pr\u00e9f\u00e9rences en mati\u00e8re de consentement sont conserv\u00e9es pendant 180 jours maximum.<\/p>\n\n\n\n<h2 class=\"wp-block-heading\"><strong>Comment g\u00e9rer ou retirer son consentement<\/strong><\/h2>\n\n\n\n<p>Vous pouvez modifier vos pr\u00e9f\u00e9rences en mati\u00e8re de cookies \u00e0 tout moment par le biais de la page d'accueil. <strong>Param\u00e8tres des cookies<\/strong> dans le pied de page.<br>Vos choix sont appliqu\u00e9s imm\u00e9diatement et mettent \u00e0 jour les cookies autoris\u00e9s.<\/p>\n\n\n\n<h2 class=\"wp-block-heading\"><strong>Cookies de tiers<\/strong><\/h2>\n\n\n\n<p>Certains de nos cookies proviennent de partenaires de confiance, tels que des fournisseurs de services d'analyse ou de marketing. Ces partenaires ne re\u00e7oivent jamais de donn\u00e9es personnelles sans votre consentement.<\/p>\n\n\n\n<h2 class=\"wp-block-heading\"><strong>Mises \u00e0 jour de cette politique<\/strong><\/h2>\n\n\n\n<p>Nous pouvons mettre \u00e0 jour cette page si notre utilisation des cookies change. Si la politique est mise \u00e0 jour, vous verrez la nouvelle version ici.<\/p>\n\n\n\n<p><\/p>","protected":false},"excerpt":{"rendered":"<p>Cookie Policy We use cookies and similar technologies to run our webshop, understand how people use it and show relevant [&hellip;]<\/p>\n","protected":false},"author":1,"featured_media":0,"parent":0,"menu_order":0,"comment_status":"closed","ping_status":"closed","template":"","meta":{"site-sidebar-layout":"default","site-content-layout":"","ast-site-content-layout":"default","site-content-style":"default","site-sidebar-style":"default","ast-global-header-display":"","ast-banner-title-visibility":"","ast-main-header-display":"","ast-hfb-above-header-display":"","ast-hfb-below-header-display":"","ast-hfb-mobile-header-display":"","site-post-title":"disabled","ast-breadcrumbs-content":"","ast-featured-img":"","footer-sml-layout":"","ast-disable-related-posts":"","theme-transparent-header-meta":"","adv-header-id-meta":"","stick-header-meta":"","header-above-stick-meta":"","header-main-stick-meta":"","header-below-stick-meta":"","astra-migrate-meta-layouts":"set","ast-page-background-enabled":"default","ast-page-background-meta":{"desktop":{"background-color":"","background-image":"","background-repeat":"repeat","background-position":"center center","background-size":"auto","background-attachment":"scroll","background-type":"","background-media":"","overlay-type":"","overlay-color":"","overlay-opacity":"","overlay-gradient":""},"tablet":{"background-color":"","background-image":"","background-repeat":"repeat","background-position":"center center","background-size":"auto","background-attachment":"scroll","background-type":"","background-media":"","overlay-type":"","overlay-color":"","overlay-opacity":"","overlay-gradient":""},"mobile":{"background-color":"","background-image":"","background-repeat":"repeat","background-position":"center center","background-size":"auto","background-attachment":"scroll","background-type":"","background-media":"","overlay-type":"","overlay-color":"","overlay-opacity":"","overlay-gradient":""}},"ast-content-background-meta":{"desktop":{"background-color":"var(--ast-global-color-5)","background-image":"","background-repeat":"repeat","background-position":"center center","background-size":"auto","background-attachment":"scroll","background-type":"","background-media":"","overlay-type":"","overlay-color":"","overlay-opacity":"","overlay-gradient":""},"tablet":{"background-color":"var(--ast-global-color-5)","background-image":"","background-repeat":"repeat","background-position":"center center","background-size":"auto","background-attachment":"scroll","background-type":"","background-media":"","overlay-type":"","overlay-color":"","overlay-opacity":"","overlay-gradient":""},"mobile":{"background-color":"var(--ast-global-color-5)","background-image":"","background-repeat":"repeat","background-position":"center center","background-size":"auto","background-attachment":"scroll","background-type":"","background-media":"","overlay-type":"","overlay-color":"","overlay-opacity":"","overlay-gradient":""}},"footnotes":""},"class_list":["post-1120220","page","type-page","status-publish","hentry"],"yoast_head":"<!-- This site is optimized with the Yoast SEO plugin v27.3 - https:\/\/yoast.com\/product\/yoast-seo-wordpress\/ -->\n<title>Cookie Policy - Primal Focus<\/title>\n<meta name=\"description\" content=\"Read how we use necessary, statistics and marketing cookies and how you can manage your cookie preferences at any time.\" \/>\n<meta name=\"robots\" content=\"index, follow, max-snippet:-1, max-image-preview:large, max-video-preview:-1\" \/>\n<link rel=\"canonical\" href=\"https:\/\/primalfocus.eu\/fr\/politique-en-matiere-de-cookies\/\" \/>\n<meta property=\"og:locale\" content=\"fr_FR\" \/>\n<meta property=\"og:type\" content=\"article\" \/>\n<meta property=\"og:title\" content=\"Cookie Policy - Primal Focus\" \/>\n<meta property=\"og:description\" content=\"Read how we use necessary, statistics and marketing cookies and how you can manage your cookie preferences at any time.\" \/>\n<meta property=\"og:url\" content=\"https:\/\/primalfocus.eu\/fr\/politique-en-matiere-de-cookies\/\" \/>\n<meta property=\"og:site_name\" content=\"Primal Focus\" \/>\n<meta property=\"article:publisher\" content=\"https:\/\/www.facebook.com\/profile.php?id=61575377667059\" \/>\n<meta property=\"article:modified_time\" content=\"2026-02-27T10:25:20+00:00\" \/>\n<meta name=\"twitter:card\" content=\"summary_large_image\" \/>\n<meta name=\"twitter:site\" content=\"@primalfocus_eu\" \/>\n<meta name=\"twitter:label1\" content=\"Dur\u00e9e de lecture estim\u00e9e\" \/>\n\t<meta name=\"twitter:data1\" content=\"2 minutes\" \/>\n<script type=\"application\/ld+json\" class=\"yoast-schema-graph\">{\"@context\":\"https:\\\/\\\/schema.org\",\"@graph\":[{\"@type\":\"WebPage\",\"@id\":\"https:\\\/\\\/primalfocus.eu\\\/fr\\\/cookie-policy\\\/\",\"url\":\"https:\\\/\\\/primalfocus.eu\\\/fr\\\/cookie-policy\\\/\",\"name\":\"Cookie Policy - Primal Focus\",\"isPartOf\":{\"@id\":\"https:\\\/\\\/primalfocus.eu\\\/fr\\\/#website\"},\"datePublished\":\"2026-02-27T10:25:19+00:00\",\"dateModified\":\"2026-02-27T10:25:20+00:00\",\"description\":\"Read how we use necessary, statistics and marketing cookies and how you can manage your cookie preferences at any time.\",\"breadcrumb\":{\"@id\":\"https:\\\/\\\/primalfocus.eu\\\/fr\\\/cookie-policy\\\/#breadcrumb\"},\"inLanguage\":\"fr-FR\",\"potentialAction\":[{\"@type\":\"ReadAction\",\"target\":[\"https:\\\/\\\/primalfocus.eu\\\/fr\\\/cookie-policy\\\/\"]}]},{\"@type\":\"BreadcrumbList\",\"@id\":\"https:\\\/\\\/primalfocus.eu\\\/fr\\\/cookie-policy\\\/#breadcrumb\",\"itemListElement\":[{\"@type\":\"ListItem\",\"position\":1,\"name\":\"Home\",\"item\":\"https:\\\/\\\/primalfocus.eu\\\/\"},{\"@type\":\"ListItem\",\"position\":2,\"name\":\"Cookie Policy\"}]},{\"@type\":\"WebSite\",\"@id\":\"https:\\\/\\\/primalfocus.eu\\\/fr\\\/#website\",\"url\":\"https:\\\/\\\/primalfocus.eu\\\/fr\\\/\",\"name\":\"Primal Focus\",\"description\":\"Buy legal psychedelics online\",\"publisher\":{\"@id\":\"https:\\\/\\\/primalfocus.eu\\\/fr\\\/#organization\"},\"potentialAction\":[{\"@type\":\"SearchAction\",\"target\":{\"@type\":\"EntryPoint\",\"urlTemplate\":\"https:\\\/\\\/primalfocus.eu\\\/fr\\\/?s={search_term_string}\"},\"query-input\":{\"@type\":\"PropertyValueSpecification\",\"valueRequired\":true,\"valueName\":\"search_term_string\"}}],\"inLanguage\":\"fr-FR\"},{\"@type\":\"Organization\",\"@id\":\"https:\\\/\\\/primalfocus.eu\\\/fr\\\/#organization\",\"name\":\"Primal Focus\",\"alternateName\":\"primalfocus.eu\",\"url\":\"https:\\\/\\\/primalfocus.eu\\\/fr\\\/\",\"logo\":{\"@type\":\"ImageObject\",\"inLanguage\":\"fr-FR\",\"@id\":\"https:\\\/\\\/primalfocus.eu\\\/fr\\\/#\\\/schema\\\/logo\\\/image\\\/\",\"url\":\"https:\\\/\\\/primalfocus.eu\\\/wp-content\\\/uploads\\\/2025\\\/11\\\/primal-focus-logo-header.svg\",\"contentUrl\":\"https:\\\/\\\/primalfocus.eu\\\/wp-content\\\/uploads\\\/2025\\\/11\\\/primal-focus-logo-header.svg\",\"caption\":\"Primal Focus\"},\"image\":{\"@id\":\"https:\\\/\\\/primalfocus.eu\\\/fr\\\/#\\\/schema\\\/logo\\\/image\\\/\"},\"sameAs\":[\"https:\\\/\\\/www.facebook.com\\\/profile.php?id=61575377667059\",\"https:\\\/\\\/x.com\\\/primalfocus_eu\",\"https:\\\/\\\/www.instagram.com\\\/primalfocus.store\\\/\"]}]}<\/script>\n<!-- \/ Yoast SEO plugin. -->","yoast_head_json":{"title":"Politique en mati\u00e8re de cookies - Primal Focus","description":"Lisez comment nous utilisons les cookies n\u00e9cessaires, statistiques et marketing et comment vous pouvez g\u00e9rer vos pr\u00e9f\u00e9rences en mati\u00e8re de cookies \u00e0 tout moment.","robots":{"index":"index","follow":"follow","max-snippet":"max-snippet:-1","max-image-preview":"max-image-preview:large","max-video-preview":"max-video-preview:-1"},"canonical":"https:\/\/primalfocus.eu\/fr\/politique-en-matiere-de-cookies\/","og_locale":"fr_FR","og_type":"article","og_title":"Cookie Policy - Primal Focus","og_description":"Read how we use necessary, statistics and marketing cookies and how you can manage your cookie preferences at any time.","og_url":"https:\/\/primalfocus.eu\/fr\/politique-en-matiere-de-cookies\/","og_site_name":"Primal Focus","article_publisher":"https:\/\/www.facebook.com\/profile.php?id=61575377667059","article_modified_time":"2026-02-27T10:25:20+00:00","twitter_card":"summary_large_image","twitter_site":"@primalfocus_eu","twitter_misc":{"Dur\u00e9e de lecture estim\u00e9e":"2 minutes"},"schema":{"@context":"https:\/\/schema.org","@graph":[{"@type":"WebPage","@id":"https:\/\/primalfocus.eu\/fr\/cookie-policy\/","url":"https:\/\/primalfocus.eu\/fr\/cookie-policy\/","name":"Politique en mati\u00e8re de cookies - Primal Focus","isPartOf":{"@id":"https:\/\/primalfocus.eu\/fr\/#website"},"datePublished":"2026-02-27T10:25:19+00:00","dateModified":"2026-02-27T10:25:20+00:00","description":"Lisez comment nous utilisons les cookies n\u00e9cessaires, statistiques et marketing et comment vous pouvez g\u00e9rer vos pr\u00e9f\u00e9rences en mati\u00e8re de cookies \u00e0 tout moment.","breadcrumb":{"@id":"https:\/\/primalfocus.eu\/fr\/cookie-policy\/#breadcrumb"},"inLanguage":"fr-FR","potentialAction":[{"@type":"ReadAction","target":["https:\/\/primalfocus.eu\/fr\/cookie-policy\/"]}]},{"@type":"BreadcrumbList","@id":"https:\/\/primalfocus.eu\/fr\/cookie-policy\/#breadcrumb","itemListElement":[{"@type":"ListItem","position":1,"name":"Home","item":"https:\/\/primalfocus.eu\/"},{"@type":"ListItem","position":2,"name":"Cookie Policy"}]},{"@type":"WebSite","@id":"https:\/\/primalfocus.eu\/fr\/#website","url":"https:\/\/primalfocus.eu\/fr\/","name":"Primal Focus","description":"Acheter des psych\u00e9d\u00e9liques l\u00e9gaux en ligne","publisher":{"@id":"https:\/\/primalfocus.eu\/fr\/#organization"},"potentialAction":[{"@type":"SearchAction","target":{"@type":"EntryPoint","urlTemplate":"https:\/\/primalfocus.eu\/fr\/?s={search_term_string}"},"query-input":{"@type":"PropertyValueSpecification","valueRequired":true,"valueName":"search_term_string"}}],"inLanguage":"fr-FR"},{"@type":"Organization","@id":"https:\/\/primalfocus.eu\/fr\/#organization","name":"Primal Focus","alternateName":"primalfocus.eu","url":"https:\/\/primalfocus.eu\/fr\/","logo":{"@type":"ImageObject","inLanguage":"fr-FR","@id":"https:\/\/primalfocus.eu\/fr\/#\/schema\/logo\/image\/","url":"https:\/\/primalfocus.eu\/wp-content\/uploads\/2025\/11\/primal-focus-logo-header.svg","contentUrl":"https:\/\/primalfocus.eu\/wp-content\/uploads\/2025\/11\/primal-focus-logo-header.svg","caption":"Primal Focus"},"image":{"@id":"https:\/\/primalfocus.eu\/fr\/#\/schema\/logo\/image\/"},"sameAs":["https:\/\/www.facebook.com\/profile.php?id=61575377667059","https:\/\/x.com\/primalfocus_eu","https:\/\/www.instagram.com\/primalfocus.store\/"]}]}},"jetpack_sharing_enabled":true,"_links":{"self":[{"href":"https:\/\/primalfocus.eu\/fr\/wp-json\/wp\/v2\/pages\/1120220","targetHints":{"allow":["GET"]}}],"collection":[{"href":"https:\/\/primalfocus.eu\/fr\/wp-json\/wp\/v2\/pages"}],"about":[{"href":"https:\/\/primalfocus.eu\/fr\/wp-json\/wp\/v2\/types\/page"}],"author":[{"embeddable":true,"href":"https:\/\/primalfocus.eu\/fr\/wp-json\/wp\/v2\/users\/1"}],"replies":[{"embeddable":true,"href":"https:\/\/primalfocus.eu\/fr\/wp-json\/wp\/v2\/comments?post=1120220"}],"version-history":[{"count":1,"href":"https:\/\/primalfocus.eu\/fr\/wp-json\/wp\/v2\/pages\/1120220\/revisions"}],"predecessor-version":[{"id":1120221,"href":"https:\/\/primalfocus.eu\/fr\/wp-json\/wp\/v2\/pages\/1120220\/revisions\/1120221"}],"wp:attachment":[{"href":"https:\/\/primalfocus.eu\/fr\/wp-json\/wp\/v2\/media?parent=1120220"}],"curies":[{"name":"wp","href":"https:\/\/api.w.org\/{rel}","templated":true}]}}