{"id":731553,"date":"2025-07-01T20:37:55","date_gmt":"2025-07-01T18:37:55","guid":{"rendered":"https:\/\/primalfocus.eu\/?post_type=product&#038;p=731553"},"modified":"2026-04-06T14:56:15","modified_gmt":"2026-04-06T12:56:15","slug":"amsterdam-drops","status":"publish","type":"product","link":"https:\/\/primalfocus.eu\/es\/amsterdam-drops\/","title":{"rendered":"Gotas de Amsterdam"},"content":{"rendered":"<p>Experimenta unas gotas psicod\u00e9licas de investigaci\u00f3n precisas y de acci\u00f3n r\u00e1pida inspiradas en las setas m\u00e1gicas cl\u00e1sicas. Las gotas Amsterdam Drops proporcionan efectos controlados y fiables con un inicio suave, una larga vida \u00fatil y una pureza de grado profesional. Se fabrican en un laboratorio certificado s\u00f3lo con fines de investigaci\u00f3n.<\/p>\n<h2><\/h2>\n<p><strong>Env\u00edo a: \ud83c\uddec\ud83c\uddf7 \ud83c\udded\ud83c\uddf7 \ud83c\udde8\ud83c\uddff \ud83c\uddeb\ud83c\uddf7 \ud83c\uddee\ud83c\uddea \ud83c\uddf3\ud83c\uddf1 \ud83c\uddea\ud83c\uddf8 \ud83c\uddf8\ud83c\uddf0<br \/>\n<\/strong><\/p>\n<h2>\u00bfQu\u00e9 son las gotas de Amsterdam?<\/h2>\n<p>Las gotas Amsterdam Drops contienen una soluci\u00f3n l\u00edquida con una cantidad cuidadosamente medida de 4-HO-MET, un compuesto de investigaci\u00f3n estrechamente relacionado con la psilocina, que es el metabolito activo que se encuentra en las setas m\u00e1gicas y las trufas. Dise\u00f1adas con precisi\u00f3n, cada <a href=\"\/es\/%e2%80%9dhttps%3a\/\/primalfocus.eu\/categoria-producto\/gotas\/%e2%80%9d\/\"> gota de seta<\/a> proporciona una cantidad constante, probada en laboratorio, de 1 mg de 4-HO-MET, garantizando una total fiabilidad y control de la dosificaci\u00f3n.<\/p>\n<h2><\/h2>\n<p>&nbsp;<\/p>\n<h2>\u00bfQu\u00e9 fuerza tiene una gota?<\/h2>\n<p>Cada gota contiene 1 mg de 4-HO-MET, aproximadamente equivalente a 1-2 gramos de trufas frescas o 0,1-0,2 gramos de setas secas. Esto hace que Amsterdam Drops sea eficaz y potente para la experimentaci\u00f3n controlada.<\/p>\n<p>&nbsp;<\/p>\n<p>&nbsp;<\/p>\n<table>\n<thead>\n<tr>\n<th>Tama\u00f1o de la botella<\/th>\n<th>Total 4-HO-MET<\/th>\n<th>Gotas aprox.<\/th>\n<\/tr>\n<\/thead>\n<tbody>\n<tr>\n<td>2 ml<\/td>\n<td>40 mg<\/td>\n<td>\u2248 40<\/td>\n<\/tr>\n<tr>\n<td>5 ml<\/td>\n<td>100 mg<\/td>\n<td>\u2248 100<\/td>\n<\/tr>\n<tr>\n<td>15 ml<\/td>\n<td>300 mg<\/td>\n<td>\u2248 300<\/td>\n<\/tr>\n<\/tbody>\n<\/table>\n<h2><\/h2>\n<p>&nbsp;<\/p>\n<p>&nbsp;<\/p>\n<h2>\u00bfPor qu\u00e9 comprar Amsterdam Drops?<\/h2>\n<p>Aunque las gotas Amsterdam Drops est\u00e1n estrictamente destinadas a la investigaci\u00f3n, los investigadores valoran la 4-HO-MET por sus propiedades fiables, similares a las de la psilocina. Proporciona una experiencia estable y clara, por lo que es ideal para entornos controlados.<\/p>\n<ul>\n<li><strong>An\u00e1logo de la psilocina:<\/strong> La 4-HO-MET produce efectos similares a la psilocibina, pero se sintetiza en laboratorio para garantizar su pureza y consistencia.<\/li>\n<li><strong>Asequible y preciso:<\/strong> Cada gota se mide con precisi\u00f3n, lo que garantiza resultados repetibles sin fluctuaciones en la fuerza.<\/li>\n<li><strong>Legalidad:<\/strong> En varios pa\u00edses de la UE, la 4-HO-MET no est\u00e1 clasificada como sustancia controlada y puede estar disponible para fines de investigaci\u00f3n. Compruebe siempre la legislaci\u00f3n local antes de realizar un pedido.<\/li>\n<li><strong>Menos efectos f\u00edsicos:<\/strong> El formato l\u00edquido evita las n\u00e1useas o el malestar corporal que suelen asociarse a las trufas o las setas.<\/li>\n<li><strong>Sabor neutro:<\/strong> La soluci\u00f3n tiene un sabor suave sin el gusto terroso de los psicod\u00e9licos tradicionales.<\/li>\n<li><strong>Larga vida \u00fatil:<\/strong> Conservadas a menos de 10 \u00b0C, las gotas Amsterdam Drops duran hasta 12 meses despu\u00e9s de su apertura.<\/li>\n<\/ul>\n<h2><\/h2>\n<p>&nbsp;<\/p>\n<p>&nbsp;<\/p>\n<h2>Notas clave (leer atentamente)<\/h2>\n<ul>\n<li>Este producto est\u00e1 destinado exclusivamente a la investigaci\u00f3n<\/li>\n<li>No para consumo humano o uso m\u00e9dico<\/li>\n<li>Los efectos var\u00edan seg\u00fan el individuo y el entorno<\/li>\n<li>Las comparaciones con trufas y setas se basan en la equivalencia general de la psilocibina<\/li>\n<li>Compruebe siempre la legislaci\u00f3n local antes de pedir o manipular<\/li>\n<li>No consumir nunca sustancias psicod\u00e9licas con antecedentes de psicosis, esquizofrenia, ansiedad o depresi\u00f3n graves.<\/li>\n<li>Si no est\u00e1 seguro, consulte primero a un profesional sanitario<\/li>\n<\/ul>","protected":false},"excerpt":{"rendered":"<p>Experimenta unas gotas psicod\u00e9licas de investigaci\u00f3n precisas y de acci\u00f3n r\u00e1pida inspiradas en las setas m\u00e1gicas cl\u00e1sicas. Las gotas Amsterdam Drops proporcionan efectos controlados y fiables con un inicio suave, una larga vida \u00fatil y una pureza de grado profesional. Se fabrican en un laboratorio certificado s\u00f3lo con fines de investigaci\u00f3n.<\/p>","protected":false},"featured_media":886592,"comment_status":"open","ping_status":"closed","template":"","meta":{"site-sidebar-layout":"default","site-content-layout":"default","ast-site-content-layout":"default","site-content-style":"default","site-sidebar-style":"default","ast-global-header-display":"","ast-banner-title-visibility":"","ast-main-header-display":"","ast-hfb-above-header-display":"","ast-hfb-below-header-display":"","ast-hfb-mobile-header-display":"","site-post-title":"","ast-breadcrumbs-content":"","ast-featured-img":"","footer-sml-layout":"","ast-disable-related-posts":"","theme-transparent-header-meta":"disabled","adv-header-id-meta":"","stick-header-meta":"","header-above-stick-meta":"","header-main-stick-meta":"","header-below-stick-meta":"","astra-migrate-meta-layouts":"set","ast-page-background-enabled":"default","ast-page-background-meta":{"desktop":{"background-color":"","background-image":"","background-repeat":"repeat","background-position":"center center","background-size":"auto","background-attachment":"scroll","background-type":"","background-media":"","overlay-type":"","overlay-color":"","overlay-opacity":"","overlay-gradient":""},"tablet":{"background-color":"","background-image":"","background-repeat":"repeat","background-position":"center center","background-size":"auto","background-attachment":"scroll","background-type":"","background-media":"","overlay-type":"","overlay-color":"","overlay-opacity":"","overlay-gradient":""},"mobile":{"background-color":"","background-image":"","background-repeat":"repeat","background-position":"center center","background-size":"auto","background-attachment":"scroll","background-type":"","background-media":"","overlay-type":"","overlay-color":"","overlay-opacity":"","overlay-gradient":""}},"ast-content-background-meta":{"desktop":{"background-color":"var(--ast-global-color-5)","background-image":"","background-repeat":"repeat","background-position":"center center","background-size":"auto","background-attachment":"scroll","background-type":"","background-media":"","overlay-type":"","overlay-color":"","overlay-opacity":"","overlay-gradient":""},"tablet":{"background-color":"var(--ast-global-color-5)","background-image":"","background-repeat":"repeat","background-position":"center center","background-size":"auto","background-attachment":"scroll","background-type":"","background-media":"","overlay-type":"","overlay-color":"","overlay-opacity":"","overlay-gradient":""},"mobile":{"background-color":"var(--ast-global-color-5)","background-image":"","background-repeat":"repeat","background-position":"center center","background-size":"auto","background-attachment":"scroll","background-type":"","background-media":"","overlay-type":"","overlay-color":"","overlay-opacity":"","overlay-gradient":""}}},"product_brand":[129],"product_cat":[117],"product_tag":[],"class_list":{"0":"post-731553","1":"product","2":"type-product","3":"status-publish","4":"has-post-thumbnail","6":"product_brand-primal-focus","7":"product_cat-drops","8":"product_shipping_class-brievenbus-pakje","9":"desktop-align-center","10":"tablet-align-left","11":"mobile-align-left","13":"first","14":"instock","15":"sale","16":"taxable","17":"shipping-taxable","18":"purchasable","19":"product-type-variable","20":"has-default-attributes"},"yoast_head":"<!-- This site is optimized with the Yoast SEO plugin v27.3 - https:\/\/yoast.com\/product\/yoast-seo-wordpress\/ -->\n<title>Amsterdam drops: experience precision and clarity<\/title>\n<meta name=\"description\" content=\"Experience Amsterdam Drops from Primal Focus. Premium liquid formula with clear effects, strong focus and fast, insured worldwide shipping.\" \/>\n<meta name=\"robots\" content=\"index, follow, max-snippet:-1, max-image-preview:large, max-video-preview:-1\" \/>\n<link rel=\"canonical\" href=\"https:\/\/primalfocus.eu\/es\/amsterdam-drops\/\" \/>\n<meta property=\"og:locale\" content=\"es_ES\" \/>\n<meta property=\"og:type\" content=\"article\" \/>\n<meta property=\"og:title\" content=\"Amsterdam drops: experience precision and clarity\" \/>\n<meta property=\"og:description\" content=\"Experience Amsterdam Drops from Primal Focus. Premium liquid formula with clear effects, strong focus and fast, insured worldwide shipping.\" \/>\n<meta property=\"og:url\" content=\"https:\/\/primalfocus.eu\/es\/amsterdam-drops\/\" \/>\n<meta property=\"og:site_name\" content=\"Primal Focus\" \/>\n<meta property=\"article:publisher\" content=\"https:\/\/www.facebook.com\/profile.php?id=61575377667059\" \/>\n<meta property=\"article:modified_time\" content=\"2026-04-06T12:56:15+00:00\" \/>\n<meta property=\"og:image\" content=\"https:\/\/primalfocus.eu\/wp-content\/uploads\/2025\/07\/Amsterdam-Drops-18.webp\" \/>\n\t<meta property=\"og:image:width\" content=\"1080\" \/>\n\t<meta property=\"og:image:height\" content=\"1080\" \/>\n\t<meta property=\"og:image:type\" content=\"image\/webp\" \/>\n<meta name=\"twitter:card\" content=\"summary_large_image\" \/>\n<meta name=\"twitter:site\" content=\"@primalfocus_eu\" \/>\n<meta name=\"twitter:label1\" content=\"Tiempo de lectura\" \/>\n\t<meta name=\"twitter:data1\" content=\"2 minutos\" \/>\n<script type=\"application\/ld+json\" class=\"yoast-schema-graph\">{\"@context\":\"https:\\\/\\\/schema.org\",\"@graph\":[{\"@type\":[\"WebPage\",\"ItemPage\"],\"@id\":\"https:\\\/\\\/primalfocus.eu\\\/es\\\/amsterdam-drops\\\/\",\"url\":\"https:\\\/\\\/primalfocus.eu\\\/es\\\/amsterdam-drops\\\/\",\"name\":\"Amsterdam drops: experience precision and clarity\",\"isPartOf\":{\"@id\":\"https:\\\/\\\/primalfocus.eu\\\/es\\\/#website\"},\"primaryImageOfPage\":{\"@id\":\"https:\\\/\\\/primalfocus.eu\\\/es\\\/amsterdam-drops\\\/#primaryimage\"},\"image\":{\"@id\":\"https:\\\/\\\/primalfocus.eu\\\/es\\\/amsterdam-drops\\\/#primaryimage\"},\"thumbnailUrl\":\"https:\\\/\\\/primalfocus.eu\\\/wp-content\\\/uploads\\\/2025\\\/07\\\/Amsterdam-Drops-18.webp\",\"datePublished\":\"2025-07-01T18:37:55+00:00\",\"dateModified\":\"2026-04-06T12:56:15+00:00\",\"description\":\"Experience Amsterdam Drops from Primal Focus. Premium liquid formula with clear effects, strong focus and fast, insured worldwide shipping.\",\"breadcrumb\":{\"@id\":\"https:\\\/\\\/primalfocus.eu\\\/es\\\/amsterdam-drops\\\/#breadcrumb\"},\"inLanguage\":\"es\",\"potentialAction\":[{\"@type\":\"ReadAction\",\"target\":[\"https:\\\/\\\/primalfocus.eu\\\/es\\\/amsterdam-drops\\\/\"]}]},{\"@type\":\"ImageObject\",\"inLanguage\":\"es\",\"@id\":\"https:\\\/\\\/primalfocus.eu\\\/es\\\/amsterdam-drops\\\/#primaryimage\",\"url\":\"https:\\\/\\\/primalfocus.eu\\\/wp-content\\\/uploads\\\/2025\\\/07\\\/Amsterdam-Drops-18.webp\",\"contentUrl\":\"https:\\\/\\\/primalfocus.eu\\\/wp-content\\\/uploads\\\/2025\\\/07\\\/Amsterdam-Drops-18.webp\",\"width\":1080,\"height\":1080,\"caption\":\"Amsterdam Drops 18\"},{\"@type\":\"BreadcrumbList\",\"@id\":\"https:\\\/\\\/primalfocus.eu\\\/es\\\/amsterdam-drops\\\/#breadcrumb\",\"itemListElement\":[{\"@type\":\"ListItem\",\"position\":1,\"name\":\"Home\",\"item\":\"https:\\\/\\\/primalfocus.eu\\\/\"},{\"@type\":\"ListItem\",\"position\":2,\"name\":\"Shop\",\"item\":\"https:\\\/\\\/primalfocus.eu\\\/products\\\/\"},{\"@type\":\"ListItem\",\"position\":3,\"name\":\"Mushroom drops\",\"item\":\"https:\\\/\\\/primalfocus.eu\\\/drops\\\/\"},{\"@type\":\"ListItem\",\"position\":4,\"name\":\"Amsterdam Drops\"}]},{\"@type\":\"WebSite\",\"@id\":\"https:\\\/\\\/primalfocus.eu\\\/es\\\/#website\",\"url\":\"https:\\\/\\\/primalfocus.eu\\\/es\\\/\",\"name\":\"Primal Focus\",\"description\":\"Buy legal psychedelics online\",\"publisher\":{\"@id\":\"https:\\\/\\\/primalfocus.eu\\\/es\\\/#organization\"},\"potentialAction\":[{\"@type\":\"SearchAction\",\"target\":{\"@type\":\"EntryPoint\",\"urlTemplate\":\"https:\\\/\\\/primalfocus.eu\\\/es\\\/?s={search_term_string}\"},\"query-input\":{\"@type\":\"PropertyValueSpecification\",\"valueRequired\":true,\"valueName\":\"search_term_string\"}}],\"inLanguage\":\"es\"},{\"@type\":\"Organization\",\"@id\":\"https:\\\/\\\/primalfocus.eu\\\/es\\\/#organization\",\"name\":\"Primal Focus\",\"alternateName\":\"primalfocus.eu\",\"url\":\"https:\\\/\\\/primalfocus.eu\\\/es\\\/\",\"logo\":{\"@type\":\"ImageObject\",\"inLanguage\":\"es\",\"@id\":\"https:\\\/\\\/primalfocus.eu\\\/es\\\/#\\\/schema\\\/logo\\\/image\\\/\",\"url\":\"https:\\\/\\\/primalfocus.eu\\\/wp-content\\\/uploads\\\/2025\\\/11\\\/primal-focus-logo-header.svg\",\"contentUrl\":\"https:\\\/\\\/primalfocus.eu\\\/wp-content\\\/uploads\\\/2025\\\/11\\\/primal-focus-logo-header.svg\",\"caption\":\"Primal Focus\"},\"image\":{\"@id\":\"https:\\\/\\\/primalfocus.eu\\\/es\\\/#\\\/schema\\\/logo\\\/image\\\/\"},\"sameAs\":[\"https:\\\/\\\/www.facebook.com\\\/profile.php?id=61575377667059\",\"https:\\\/\\\/x.com\\\/primalfocus_eu\",\"https:\\\/\\\/www.instagram.com\\\/primalfocus.store\\\/\"]}]}<\/script>\n<!-- \/ Yoast SEO plugin. -->","yoast_head_json":{"title":"Gotas de Amsterdam: experimente la precisi\u00f3n y la claridad","description":"Experimente Amsterdam Drops de Primal Focus. F\u00f3rmula l\u00edquida de primera calidad con efectos claros, gran concentraci\u00f3n y env\u00edo r\u00e1pido y asegurado a todo el mundo.","robots":{"index":"index","follow":"follow","max-snippet":"max-snippet:-1","max-image-preview":"max-image-preview:large","max-video-preview":"max-video-preview:-1"},"canonical":"https:\/\/primalfocus.eu\/es\/amsterdam-drops\/","og_locale":"es_ES","og_type":"article","og_title":"Amsterdam drops: experience precision and clarity","og_description":"Experience Amsterdam Drops from Primal Focus. Premium liquid formula with clear effects, strong focus and fast, insured worldwide shipping.","og_url":"https:\/\/primalfocus.eu\/es\/amsterdam-drops\/","og_site_name":"Primal Focus","article_publisher":"https:\/\/www.facebook.com\/profile.php?id=61575377667059","article_modified_time":"2026-04-06T12:56:15+00:00","og_image":[{"width":1080,"height":1080,"url":"https:\/\/primalfocus.eu\/wp-content\/uploads\/2025\/07\/Amsterdam-Drops-18.webp","type":"image\/webp"}],"twitter_card":"summary_large_image","twitter_site":"@primalfocus_eu","twitter_misc":{"Tiempo de lectura":"2 minutos"},"schema":{"@context":"https:\/\/schema.org","@graph":[{"@type":["WebPage","ItemPage"],"@id":"https:\/\/primalfocus.eu\/es\/amsterdam-drops\/","url":"https:\/\/primalfocus.eu\/es\/amsterdam-drops\/","name":"Gotas de Amsterdam: experimente la precisi\u00f3n y la claridad","isPartOf":{"@id":"https:\/\/primalfocus.eu\/es\/#website"},"primaryImageOfPage":{"@id":"https:\/\/primalfocus.eu\/es\/amsterdam-drops\/#primaryimage"},"image":{"@id":"https:\/\/primalfocus.eu\/es\/amsterdam-drops\/#primaryimage"},"thumbnailUrl":"https:\/\/primalfocus.eu\/wp-content\/uploads\/2025\/07\/Amsterdam-Drops-18.webp","datePublished":"2025-07-01T18:37:55+00:00","dateModified":"2026-04-06T12:56:15+00:00","description":"Experimente Amsterdam Drops de Primal Focus. F\u00f3rmula l\u00edquida de primera calidad con efectos claros, gran concentraci\u00f3n y env\u00edo r\u00e1pido y asegurado a todo el mundo.","breadcrumb":{"@id":"https:\/\/primalfocus.eu\/es\/amsterdam-drops\/#breadcrumb"},"inLanguage":"es","potentialAction":[{"@type":"ReadAction","target":["https:\/\/primalfocus.eu\/es\/amsterdam-drops\/"]}]},{"@type":"ImageObject","inLanguage":"es","@id":"https:\/\/primalfocus.eu\/es\/amsterdam-drops\/#primaryimage","url":"https:\/\/primalfocus.eu\/wp-content\/uploads\/2025\/07\/Amsterdam-Drops-18.webp","contentUrl":"https:\/\/primalfocus.eu\/wp-content\/uploads\/2025\/07\/Amsterdam-Drops-18.webp","width":1080,"height":1080,"caption":"Amsterdam Drops 18"},{"@type":"BreadcrumbList","@id":"https:\/\/primalfocus.eu\/es\/amsterdam-drops\/#breadcrumb","itemListElement":[{"@type":"ListItem","position":1,"name":"Home","item":"https:\/\/primalfocus.eu\/"},{"@type":"ListItem","position":2,"name":"Shop","item":"https:\/\/primalfocus.eu\/products\/"},{"@type":"ListItem","position":3,"name":"Mushroom drops","item":"https:\/\/primalfocus.eu\/drops\/"},{"@type":"ListItem","position":4,"name":"Amsterdam Drops"}]},{"@type":"WebSite","@id":"https:\/\/primalfocus.eu\/es\/#website","url":"https:\/\/primalfocus.eu\/es\/","name":"Primal Focus","description":"Comprar psicod\u00e9licos legales en l\u00ednea","publisher":{"@id":"https:\/\/primalfocus.eu\/es\/#organization"},"potentialAction":[{"@type":"SearchAction","target":{"@type":"EntryPoint","urlTemplate":"https:\/\/primalfocus.eu\/es\/?s={search_term_string}"},"query-input":{"@type":"PropertyValueSpecification","valueRequired":true,"valueName":"search_term_string"}}],"inLanguage":"es"},{"@type":"Organization","@id":"https:\/\/primalfocus.eu\/es\/#organization","name":"Primal Focus","alternateName":"primalfocus.eu","url":"https:\/\/primalfocus.eu\/es\/","logo":{"@type":"ImageObject","inLanguage":"es","@id":"https:\/\/primalfocus.eu\/es\/#\/schema\/logo\/image\/","url":"https:\/\/primalfocus.eu\/wp-content\/uploads\/2025\/11\/primal-focus-logo-header.svg","contentUrl":"https:\/\/primalfocus.eu\/wp-content\/uploads\/2025\/11\/primal-focus-logo-header.svg","caption":"Primal Focus"},"image":{"@id":"https:\/\/primalfocus.eu\/es\/#\/schema\/logo\/image\/"},"sameAs":["https:\/\/www.facebook.com\/profile.php?id=61575377667059","https:\/\/x.com\/primalfocus_eu","https:\/\/www.instagram.com\/primalfocus.store\/"]}]}},"jetpack_sharing_enabled":true,"_links":{"self":[{"href":"https:\/\/primalfocus.eu\/es\/wp-json\/wp\/v2\/product\/731553","targetHints":{"allow":["GET"]}}],"collection":[{"href":"https:\/\/primalfocus.eu\/es\/wp-json\/wp\/v2\/product"}],"about":[{"href":"https:\/\/primalfocus.eu\/es\/wp-json\/wp\/v2\/types\/product"}],"replies":[{"embeddable":true,"href":"https:\/\/primalfocus.eu\/es\/wp-json\/wp\/v2\/comments?post=731553"}],"wp:featuredmedia":[{"embeddable":true,"href":"https:\/\/primalfocus.eu\/es\/wp-json\/wp\/v2\/media\/886592"}],"wp:attachment":[{"href":"https:\/\/primalfocus.eu\/es\/wp-json\/wp\/v2\/media?parent=731553"}],"wp:term":[{"taxonomy":"product_brand","embeddable":true,"href":"https:\/\/primalfocus.eu\/es\/wp-json\/wp\/v2\/product_brand?post=731553"},{"taxonomy":"product_cat","embeddable":true,"href":"https:\/\/primalfocus.eu\/es\/wp-json\/wp\/v2\/product_cat?post=731553"},{"taxonomy":"product_tag","embeddable":true,"href":"https:\/\/primalfocus.eu\/es\/wp-json\/wp\/v2\/product_tag?post=731553"}],"curies":[{"name":"wp","href":"https:\/\/api.w.org\/{rel}","templated":true}]}}