{"id":632467,"date":"2025-03-03T00:00:53","date_gmt":"2025-03-02T23:00:53","guid":{"rendered":"https:\/\/primalfocus.eu\/?post_type=product&#038;p=632467"},"modified":"2026-04-07T14:24:23","modified_gmt":"2026-04-07T12:24:23","slug":"trufas-magicas-high-hawaiians","status":"publish","type":"product","link":"https:\/\/primalfocus.eu\/es\/magic-truffles-high-hawaiians\/","title":{"rendered":"Trufas High Hawaiians (25g)"},"content":{"rendered":"<h3 style=\"font-size: 1.2em\"><strong>Para los psiconautas experimentados, estas potentes trufas ofrecen visiones profundas e intensos viajes interiores.<\/strong><\/h3>\n<div style=\"background-color: #eff5e6;padding: 20px;border-radius: 12px;font-family: Montserrat, sans-serif;font-size: 15px;color: #333;line-height: 1.6\">\n<ul style=\"padding: 0;margin: 0\">\n<li style=\"margin-bottom: 8px\">\u2705 <strong>25 gramos<\/strong> de trufas m\u00e1gicas frescas<\/li>\n<li style=\"margin-bottom: 8px\">\u2705 <strong>Fuerza:<\/strong> M\u00e1s fuerte \ud83c\udfc6<\/li>\n<li style=\"margin-bottom: 8px\">\u2705 <strong>100% de cultivo ecol\u00f3gico<\/strong> en los Pa\u00edses Bajos<\/li>\n<li style=\"margin-bottom: 8px\">\u2705 <strong>Env\u00edo<\/strong> a los pa\u00edses de la UE<\/li>\n<\/ul>\n<\/div>\n<h2>\u00bfQu\u00e9 son las trufas High Hawaiians?<\/h2>\n<p>Los hawaianos altos son algunos de los <a href=\"\/\/primalfocus.eu\/es\/categoria-producto\/viajando\/trufas-macrodosis\/%e2%80%9d\/\">trufas m\u00e1gicas<\/a> disponibles, no aptas para pusil\u00e1nimes. Conocidas por ofrecer profundas experiencias visuales, ondas euf\u00f3ricas y una fuerte sensaci\u00f3n de disoluci\u00f3n del ego, suelen ser elegidas por usuarios experimentados que buscan una inmersi\u00f3n total.<\/p>\n<p>A diferencia de las variedades m\u00e1s ligeras, las High Hawaiians tienden a durar m\u00e1s y a ser m\u00e1s profundas. Puedes esperar efectos visuales intensos, alteraciones en la percepci\u00f3n del tiempo, percepci\u00f3n emocional y un sentimiento de unidad con el universo.<\/p>\n<p>Estas trufas son una puerta de entrada al n\u00facleo de la experiencia psicod\u00e9lica. Util\u00edzalas con respeto, en un entorno seguro y, a ser posible, con experiencia previa u orientaci\u00f3n.<\/p>\n<h2><strong>\u00bfPor qu\u00e9 elegir High Hawaiians?<\/strong><\/h2>\n<div class=\"su-accordion su-u-trim custom-truffle-accordion\">\n<div class=\"su-spoiler su-spoiler-style-default su-spoiler-icon-plus su-spoiler-closed\" data-scroll-offset=\"0\" data-anchor-in-url=\"no\"><div class=\"su-spoiler-title\" tabindex=\"0\" role=\"button\"><span class=\"su-spoiler-icon\"><\/span>Potencia m\u00e1xima<\/div><div class=\"su-spoiler-content su-u-clearfix su-u-trim\">\n<div style=\"background-color: #eff5e6;padding: 12px 16px;font-size: 15px;color: #444\"><span style=\"font-weight: 400\">Consideradas entre las trufas m\u00e1s fuertes del mercado, perfectas para los avances y los viajes espirituales profundos.<\/span><\/div>\n<\/div><\/div>\n<div class=\"su-spoiler su-spoiler-style-default su-spoiler-icon-plus su-spoiler-closed\" data-scroll-offset=\"0\" data-anchor-in-url=\"no\"><div class=\"su-spoiler-title\" tabindex=\"0\" role=\"button\"><span class=\"su-spoiler-icon\"><\/span>100% Legal en la UE<\/div><div class=\"su-spoiler-content su-u-clearfix su-u-trim\">\n<div style=\"background-color: #eff5e6;padding: 12px 16px;font-size: 15px;color: #444\"><span style=\"font-weight: 400\">Clasificado como producto alimenticio en los Pa\u00edses Bajos y conforme a la legislaci\u00f3n de la UE<\/span><\/div>\n<\/div><\/div>\n<div class=\"su-spoiler su-spoiler-style-default su-spoiler-icon-plus su-spoiler-closed\" data-scroll-offset=\"0\" data-anchor-in-url=\"no\"><div class=\"su-spoiler-title\" tabindex=\"0\" role=\"button\"><span class=\"su-spoiler-icon\"><\/span>Cultivo ecol\u00f3gico<\/div><div class=\"su-spoiler-content su-u-clearfix su-u-trim\">\n<div style=\"background-color: #eff5e6;padding: 12px 16px;font-size: 15px;color: #444\">Cultivado bajo tierra con m\u00e9todos ecol\u00f3gicos, sin pesticidas ni aditivos sint\u00e9ticos<\/div>\n<\/div><\/div>\n<div class=\"su-spoiler su-spoiler-style-default su-spoiler-icon-plus su-spoiler-closed\" data-scroll-offset=\"0\" data-anchor-in-url=\"no\"><div class=\"su-spoiler-title\" tabindex=\"0\" role=\"button\"><span class=\"su-spoiler-icon\"><\/span>Probado y apto para alimentos<\/div><div class=\"su-spoiler-content su-u-clearfix su-u-trim\">\n<div style=\"background-color: #eff5e6;padding: 12px 16px;font-size: 15px;color: #444\"><span style=\"font-weight: 400\">Envasado conforme a las normas holandesas de seguridad alimentaria<\/span><\/div>\n<\/div><\/div>\n<div class=\"su-spoiler su-spoiler-style-default su-spoiler-icon-plus su-spoiler-closed\" data-scroll-offset=\"0\" data-anchor-in-url=\"no\"><div class=\"su-spoiler-title\" tabindex=\"0\" role=\"button\"><span class=\"su-spoiler-icon\"><\/span>Larga vida \u00fatil<\/div><div class=\"su-spoiler-content su-u-clearfix su-u-trim\">\n<div style=\"background-color: #eff5e6;padding: 12px 16px;font-size: 15px;color: #444\"><span style=\"font-weight: 400\">Se mantiene fresco durante 2-3 meses si se refrigera<\/span><\/div>\n<\/div><\/div>\n<div class=\"su-spoiler su-spoiler-style-default su-spoiler-icon-plus su-spoiler-closed\" data-scroll-offset=\"0\" data-anchor-in-url=\"no\"><div class=\"su-spoiler-title\" tabindex=\"0\" role=\"button\"><span class=\"su-spoiler-icon\"><\/span>Con la confianza de usuarios experimentados<\/div><div class=\"su-spoiler-content su-u-clearfix su-u-trim\">\n<div style=\"background-color: #eff5e6;padding: 12px 16px;font-size: 15px;color: #444\">Elegido <span style=\"font-weight: 400\">por psiconautas de todo el mundo en busca de profundidad emocional y experiencias cumbre<\/span><\/div>\n<\/div><\/div>\n<div class=\"su-spoiler su-spoiler-style-default su-spoiler-icon-plus su-spoiler-closed\" data-scroll-offset=\"0\" data-anchor-in-url=\"no\"><div class=\"su-spoiler-title\" tabindex=\"0\" role=\"button\"><span class=\"su-spoiler-icon\"><\/span>Flexible y f\u00e1cil de llevar<\/div><div class=\"su-spoiler-content su-u-clearfix su-u-trim\">\n<div style=\"background-color: #eff5e6;padding: 12px 16px;font-size: 15px;color: #444\"><span style=\"font-weight: 400\">Consumir crudo, en infusi\u00f3n o mezclado con alimentos<\/span><\/div>\n<\/div><\/div>\n<\/div>\n<div style=\"margin-top: 20px;background-color: #eff5e6;padding: 16px;border-radius: 8px;border: 1px solid #dbeac7;font-family: Montserrat, sans-serif;font-size: 14px\">\n<h3><strong>Notas clave (leer atentamente):<\/strong><\/h3>\n<ul style=\"margin: 10px 0 0 20px\">\n<li>No consuma trufas psicod\u00e9licas si es mentalmente inestable, est\u00e1 muy ansioso o tiene antecedentes personales o familiares de psicosis.<\/li>\n<li>Evitar durante el embarazo, en menores de 18 a\u00f1os o si se utilizan antidepresivos\/antipsic\u00f3ticos.<\/li>\n<li>Toma s\u00f3lo en un entorno seguro y tranquilo. Viaja siempre de forma responsable, preferiblemente con un cuidador sobrio.<\/li>\n<li>Estas trufas son legales en los Pa\u00edses Bajos y est\u00e1n autorizadas como producto alimenticio.<\/li>\n<li>Env\u00edo legal a toda la UE en virtud del Reglamento de reconocimiento mutuo de mercanc\u00edas.<\/li>\n<\/ul>\n<\/div>","protected":false},"excerpt":{"rendered":"<p>For the seasoned psychonaut, these potent truffles deliver deep visuals and intense inner journeys. \u2705 25 grams of fresh magic [&hellip;]<\/p>\n","protected":false},"featured_media":632469,"comment_status":"open","ping_status":"closed","template":"","meta":{"site-sidebar-layout":"default","site-content-layout":"default","ast-site-content-layout":"default","site-content-style":"default","site-sidebar-style":"default","ast-global-header-display":"","ast-banner-title-visibility":"","ast-main-header-display":"","ast-hfb-above-header-display":"","ast-hfb-below-header-display":"","ast-hfb-mobile-header-display":"","site-post-title":"","ast-breadcrumbs-content":"","ast-featured-img":"","footer-sml-layout":"","ast-disable-related-posts":"","theme-transparent-header-meta":"default","adv-header-id-meta":"","stick-header-meta":"","header-above-stick-meta":"","header-main-stick-meta":"","header-below-stick-meta":"","astra-migrate-meta-layouts":"set","ast-page-background-enabled":"default","ast-page-background-meta":{"desktop":{"background-color":"","background-image":"","background-repeat":"repeat","background-position":"center center","background-size":"auto","background-attachment":"scroll","background-type":"","background-media":"","overlay-type":"","overlay-color":"","overlay-opacity":"","overlay-gradient":""},"tablet":{"background-color":"","background-image":"","background-repeat":"repeat","background-position":"center center","background-size":"auto","background-attachment":"scroll","background-type":"","background-media":"","overlay-type":"","overlay-color":"","overlay-opacity":"","overlay-gradient":""},"mobile":{"background-color":"","background-image":"","background-repeat":"repeat","background-position":"center center","background-size":"auto","background-attachment":"scroll","background-type":"","background-media":"","overlay-type":"","overlay-color":"","overlay-opacity":"","overlay-gradient":""}},"ast-content-background-meta":{"desktop":{"background-color":"var(--ast-global-color-5)","background-image":"","background-repeat":"repeat","background-position":"center center","background-size":"auto","background-attachment":"scroll","background-type":"","background-media":"","overlay-type":"","overlay-color":"","overlay-opacity":"","overlay-gradient":""},"tablet":{"background-color":"var(--ast-global-color-5)","background-image":"","background-repeat":"repeat","background-position":"center center","background-size":"auto","background-attachment":"scroll","background-type":"","background-media":"","overlay-type":"","overlay-color":"","overlay-opacity":"","overlay-gradient":""},"mobile":{"background-color":"var(--ast-global-color-5)","background-image":"","background-repeat":"repeat","background-position":"center center","background-size":"auto","background-attachment":"scroll","background-type":"","background-media":"","overlay-type":"","overlay-color":"","overlay-opacity":"","overlay-gradient":""}}},"product_brand":[128],"product_cat":[92,109,112],"product_tag":[],"class_list":{"0":"post-632467","1":"product","2":"type-product","3":"status-publish","4":"has-post-thumbnail","6":"product_brand-mcsmart","7":"product_cat-macrodosing","8":"product_cat-magic-truffles","9":"product_cat-mcsmart","10":"product_shipping_class-brievenbus-pakje","11":"desktop-align-center","12":"tablet-align-left","13":"mobile-align-left","15":"first","16":"instock","17":"taxable","18":"shipping-taxable","19":"purchasable","20":"product-type-simple"},"yoast_head":"<!-- This site is optimized with the Yoast SEO plugin v27.3 - https:\/\/yoast.com\/product\/yoast-seo-wordpress\/ -->\n<title>Buy High Hawaiians Truffles for vivid visuals and depth<\/title>\n<meta name=\"description\" content=\"Discover High Hawaiians Magic Truffles, the strongest strain available. Organically grown, food-safety approved and shipped across Europe by Primal Focus.\" \/>\n<meta name=\"robots\" content=\"index, follow, max-snippet:-1, max-image-preview:large, max-video-preview:-1\" \/>\n<link rel=\"canonical\" href=\"https:\/\/primalfocus.eu\/es\/trufas-magicas-high-hawaiians\/\" \/>\n<meta property=\"og:locale\" content=\"es_ES\" \/>\n<meta property=\"og:type\" content=\"article\" \/>\n<meta property=\"og:title\" content=\"Buy High Hawaiians Truffles for vivid visuals and depth\" \/>\n<meta property=\"og:description\" content=\"Discover High Hawaiians Magic Truffles, the strongest strain available. Organically grown, food-safety approved and shipped across Europe by Primal Focus.\" \/>\n<meta property=\"og:url\" content=\"https:\/\/primalfocus.eu\/es\/trufas-magicas-high-hawaiians\/\" \/>\n<meta property=\"og:site_name\" content=\"Primal Focus\" \/>\n<meta property=\"article:publisher\" content=\"https:\/\/www.facebook.com\/profile.php?id=61575377667059\" \/>\n<meta property=\"article:modified_time\" content=\"2026-04-07T12:24:23+00:00\" \/>\n<meta property=\"og:image\" content=\"https:\/\/primalfocus.eu\/wp-content\/uploads\/2025\/02\/High-Hawaiians-open-1.webp\" \/>\n\t<meta property=\"og:image:width\" content=\"1000\" \/>\n\t<meta property=\"og:image:height\" content=\"1000\" \/>\n\t<meta property=\"og:image:type\" content=\"image\/webp\" \/>\n<meta name=\"twitter:card\" content=\"summary_large_image\" \/>\n<meta name=\"twitter:site\" content=\"@primalfocus_eu\" \/>\n<meta name=\"twitter:label1\" content=\"Tiempo de lectura\" \/>\n\t<meta name=\"twitter:data1\" content=\"2 minutos\" \/>\n<script type=\"application\/ld+json\" class=\"yoast-schema-graph\">{\"@context\":\"https:\\\/\\\/schema.org\",\"@graph\":[{\"@type\":\"WebPage\",\"@id\":\"https:\\\/\\\/primalfocus.eu\\\/es\\\/magic-truffles-high-hawaiians\\\/\",\"url\":\"https:\\\/\\\/primalfocus.eu\\\/es\\\/magic-truffles-high-hawaiians\\\/\",\"name\":\"Buy High Hawaiians Truffles for vivid visuals and depth\",\"isPartOf\":{\"@id\":\"https:\\\/\\\/primalfocus.eu\\\/es\\\/#website\"},\"primaryImageOfPage\":{\"@id\":\"https:\\\/\\\/primalfocus.eu\\\/es\\\/magic-truffles-high-hawaiians\\\/#primaryimage\"},\"image\":{\"@id\":\"https:\\\/\\\/primalfocus.eu\\\/es\\\/magic-truffles-high-hawaiians\\\/#primaryimage\"},\"thumbnailUrl\":\"https:\\\/\\\/primalfocus.eu\\\/wp-content\\\/uploads\\\/2025\\\/02\\\/High-Hawaiians-open-1.webp\",\"datePublished\":\"2025-03-02T23:00:53+00:00\",\"dateModified\":\"2026-04-07T12:24:23+00:00\",\"description\":\"Discover High Hawaiians Magic Truffles, the strongest strain available. Organically grown, food-safety approved and shipped across Europe by Primal Focus.\",\"breadcrumb\":{\"@id\":\"https:\\\/\\\/primalfocus.eu\\\/es\\\/magic-truffles-high-hawaiians\\\/#breadcrumb\"},\"inLanguage\":\"es\",\"potentialAction\":[{\"@type\":\"ReadAction\",\"target\":[\"https:\\\/\\\/primalfocus.eu\\\/es\\\/magic-truffles-high-hawaiians\\\/\"]}]},{\"@type\":\"ImageObject\",\"inLanguage\":\"es\",\"@id\":\"https:\\\/\\\/primalfocus.eu\\\/es\\\/magic-truffles-high-hawaiians\\\/#primaryimage\",\"url\":\"https:\\\/\\\/primalfocus.eu\\\/wp-content\\\/uploads\\\/2025\\\/02\\\/High-Hawaiians-open-1.webp\",\"contentUrl\":\"https:\\\/\\\/primalfocus.eu\\\/wp-content\\\/uploads\\\/2025\\\/02\\\/High-Hawaiians-open-1.webp\",\"width\":1000,\"height\":1000,\"caption\":\"High Hawaiians open 1\"},{\"@type\":\"BreadcrumbList\",\"@id\":\"https:\\\/\\\/primalfocus.eu\\\/es\\\/magic-truffles-high-hawaiians\\\/#breadcrumb\",\"itemListElement\":[{\"@type\":\"ListItem\",\"position\":1,\"name\":\"Home\",\"item\":\"https:\\\/\\\/primalfocus.eu\\\/\"},{\"@type\":\"ListItem\",\"position\":2,\"name\":\"Shop\",\"item\":\"https:\\\/\\\/primalfocus.eu\\\/products\\\/\"},{\"@type\":\"ListItem\",\"position\":3,\"name\":\"Macrodosing\",\"item\":\"https:\\\/\\\/primalfocus.eu\\\/macrodosing\\\/\"},{\"@type\":\"ListItem\",\"position\":4,\"name\":\"Magic Truffles\",\"item\":\"https:\\\/\\\/primalfocus.eu\\\/magic-truffles\\\/\"},{\"@type\":\"ListItem\",\"position\":5,\"name\":\"High Hawaiians Truffles (25g)\"}]},{\"@type\":\"WebSite\",\"@id\":\"https:\\\/\\\/primalfocus.eu\\\/es\\\/#website\",\"url\":\"https:\\\/\\\/primalfocus.eu\\\/es\\\/\",\"name\":\"Primal Focus\",\"description\":\"Buy legal psychedelics online\",\"publisher\":{\"@id\":\"https:\\\/\\\/primalfocus.eu\\\/es\\\/#organization\"},\"potentialAction\":[{\"@type\":\"SearchAction\",\"target\":{\"@type\":\"EntryPoint\",\"urlTemplate\":\"https:\\\/\\\/primalfocus.eu\\\/es\\\/?s={search_term_string}\"},\"query-input\":{\"@type\":\"PropertyValueSpecification\",\"valueRequired\":true,\"valueName\":\"search_term_string\"}}],\"inLanguage\":\"es\"},{\"@type\":\"Organization\",\"@id\":\"https:\\\/\\\/primalfocus.eu\\\/es\\\/#organization\",\"name\":\"Primal Focus\",\"alternateName\":\"primalfocus.eu\",\"url\":\"https:\\\/\\\/primalfocus.eu\\\/es\\\/\",\"logo\":{\"@type\":\"ImageObject\",\"inLanguage\":\"es\",\"@id\":\"https:\\\/\\\/primalfocus.eu\\\/es\\\/#\\\/schema\\\/logo\\\/image\\\/\",\"url\":\"https:\\\/\\\/primalfocus.eu\\\/wp-content\\\/uploads\\\/2025\\\/11\\\/primal-focus-logo-header.svg\",\"contentUrl\":\"https:\\\/\\\/primalfocus.eu\\\/wp-content\\\/uploads\\\/2025\\\/11\\\/primal-focus-logo-header.svg\",\"caption\":\"Primal Focus\"},\"image\":{\"@id\":\"https:\\\/\\\/primalfocus.eu\\\/es\\\/#\\\/schema\\\/logo\\\/image\\\/\"},\"sameAs\":[\"https:\\\/\\\/www.facebook.com\\\/profile.php?id=61575377667059\",\"https:\\\/\\\/x.com\\\/primalfocus_eu\",\"https:\\\/\\\/www.instagram.com\\\/primalfocus.store\\\/\"]}]}<\/script>\n<!-- \/ Yoast SEO plugin. -->","yoast_head_json":{"title":"Compre trufas hawaianas de alta calidad para disfrutar de im\u00e1genes v\u00edvidas y profundas","description":"Descubre High Hawaiians Magic Truffles, la variedad m\u00e1s fuerte disponible. Cultivada org\u00e1nicamente, aprobada por seguridad alimentaria y enviada a toda Europa por Primal Focus.","robots":{"index":"index","follow":"follow","max-snippet":"max-snippet:-1","max-image-preview":"max-image-preview:large","max-video-preview":"max-video-preview:-1"},"canonical":"https:\/\/primalfocus.eu\/es\/trufas-magicas-high-hawaiians\/","og_locale":"es_ES","og_type":"article","og_title":"Buy High Hawaiians Truffles for vivid visuals and depth","og_description":"Discover High Hawaiians Magic Truffles, the strongest strain available. Organically grown, food-safety approved and shipped across Europe by Primal Focus.","og_url":"https:\/\/primalfocus.eu\/es\/trufas-magicas-high-hawaiians\/","og_site_name":"Primal Focus","article_publisher":"https:\/\/www.facebook.com\/profile.php?id=61575377667059","article_modified_time":"2026-04-07T12:24:23+00:00","og_image":[{"width":1000,"height":1000,"url":"https:\/\/primalfocus.eu\/wp-content\/uploads\/2025\/02\/High-Hawaiians-open-1.webp","type":"image\/webp"}],"twitter_card":"summary_large_image","twitter_site":"@primalfocus_eu","twitter_misc":{"Tiempo de lectura":"2 minutos"},"schema":{"@context":"https:\/\/schema.org","@graph":[{"@type":"WebPage","@id":"https:\/\/primalfocus.eu\/es\/magic-truffles-high-hawaiians\/","url":"https:\/\/primalfocus.eu\/es\/magic-truffles-high-hawaiians\/","name":"Compre trufas hawaianas de alta calidad para disfrutar de im\u00e1genes v\u00edvidas y profundas","isPartOf":{"@id":"https:\/\/primalfocus.eu\/es\/#website"},"primaryImageOfPage":{"@id":"https:\/\/primalfocus.eu\/es\/magic-truffles-high-hawaiians\/#primaryimage"},"image":{"@id":"https:\/\/primalfocus.eu\/es\/magic-truffles-high-hawaiians\/#primaryimage"},"thumbnailUrl":"https:\/\/primalfocus.eu\/wp-content\/uploads\/2025\/02\/High-Hawaiians-open-1.webp","datePublished":"2025-03-02T23:00:53+00:00","dateModified":"2026-04-07T12:24:23+00:00","description":"Descubre High Hawaiians Magic Truffles, la variedad m\u00e1s fuerte disponible. Cultivada org\u00e1nicamente, aprobada por seguridad alimentaria y enviada a toda Europa por Primal Focus.","breadcrumb":{"@id":"https:\/\/primalfocus.eu\/es\/magic-truffles-high-hawaiians\/#breadcrumb"},"inLanguage":"es","potentialAction":[{"@type":"ReadAction","target":["https:\/\/primalfocus.eu\/es\/magic-truffles-high-hawaiians\/"]}]},{"@type":"ImageObject","inLanguage":"es","@id":"https:\/\/primalfocus.eu\/es\/magic-truffles-high-hawaiians\/#primaryimage","url":"https:\/\/primalfocus.eu\/wp-content\/uploads\/2025\/02\/High-Hawaiians-open-1.webp","contentUrl":"https:\/\/primalfocus.eu\/wp-content\/uploads\/2025\/02\/High-Hawaiians-open-1.webp","width":1000,"height":1000,"caption":"High Hawaiians open 1"},{"@type":"BreadcrumbList","@id":"https:\/\/primalfocus.eu\/es\/magic-truffles-high-hawaiians\/#breadcrumb","itemListElement":[{"@type":"ListItem","position":1,"name":"Home","item":"https:\/\/primalfocus.eu\/"},{"@type":"ListItem","position":2,"name":"Shop","item":"https:\/\/primalfocus.eu\/products\/"},{"@type":"ListItem","position":3,"name":"Macrodosing","item":"https:\/\/primalfocus.eu\/macrodosing\/"},{"@type":"ListItem","position":4,"name":"Magic Truffles","item":"https:\/\/primalfocus.eu\/magic-truffles\/"},{"@type":"ListItem","position":5,"name":"High Hawaiians Truffles (25g)"}]},{"@type":"WebSite","@id":"https:\/\/primalfocus.eu\/es\/#website","url":"https:\/\/primalfocus.eu\/es\/","name":"Primal Focus","description":"Comprar psicod\u00e9licos legales en l\u00ednea","publisher":{"@id":"https:\/\/primalfocus.eu\/es\/#organization"},"potentialAction":[{"@type":"SearchAction","target":{"@type":"EntryPoint","urlTemplate":"https:\/\/primalfocus.eu\/es\/?s={search_term_string}"},"query-input":{"@type":"PropertyValueSpecification","valueRequired":true,"valueName":"search_term_string"}}],"inLanguage":"es"},{"@type":"Organization","@id":"https:\/\/primalfocus.eu\/es\/#organization","name":"Primal Focus","alternateName":"primalfocus.eu","url":"https:\/\/primalfocus.eu\/es\/","logo":{"@type":"ImageObject","inLanguage":"es","@id":"https:\/\/primalfocus.eu\/es\/#\/schema\/logo\/image\/","url":"https:\/\/primalfocus.eu\/wp-content\/uploads\/2025\/11\/primal-focus-logo-header.svg","contentUrl":"https:\/\/primalfocus.eu\/wp-content\/uploads\/2025\/11\/primal-focus-logo-header.svg","caption":"Primal Focus"},"image":{"@id":"https:\/\/primalfocus.eu\/es\/#\/schema\/logo\/image\/"},"sameAs":["https:\/\/www.facebook.com\/profile.php?id=61575377667059","https:\/\/x.com\/primalfocus_eu","https:\/\/www.instagram.com\/primalfocus.store\/"]}]}},"jetpack_sharing_enabled":true,"_links":{"self":[{"href":"https:\/\/primalfocus.eu\/es\/wp-json\/wp\/v2\/product\/632467","targetHints":{"allow":["GET"]}}],"collection":[{"href":"https:\/\/primalfocus.eu\/es\/wp-json\/wp\/v2\/product"}],"about":[{"href":"https:\/\/primalfocus.eu\/es\/wp-json\/wp\/v2\/types\/product"}],"replies":[{"embeddable":true,"href":"https:\/\/primalfocus.eu\/es\/wp-json\/wp\/v2\/comments?post=632467"}],"wp:featuredmedia":[{"embeddable":true,"href":"https:\/\/primalfocus.eu\/es\/wp-json\/wp\/v2\/media\/632469"}],"wp:attachment":[{"href":"https:\/\/primalfocus.eu\/es\/wp-json\/wp\/v2\/media?parent=632467"}],"wp:term":[{"taxonomy":"product_brand","embeddable":true,"href":"https:\/\/primalfocus.eu\/es\/wp-json\/wp\/v2\/product_brand?post=632467"},{"taxonomy":"product_cat","embeddable":true,"href":"https:\/\/primalfocus.eu\/es\/wp-json\/wp\/v2\/product_cat?post=632467"},{"taxonomy":"product_tag","embeddable":true,"href":"https:\/\/primalfocus.eu\/es\/wp-json\/wp\/v2\/product_tag?post=632467"}],"curies":[{"name":"wp","href":"https:\/\/api.w.org\/{rel}","templated":true}]}}