{"id":461818,"date":"2024-10-09T15:05:08","date_gmt":"2024-10-09T13:05:08","guid":{"rendered":"https:\/\/primalfocus.eu\/?post_type=product&#038;p=461818"},"modified":"2026-04-08T08:04:38","modified_gmt":"2026-04-08T06:04:38","slug":"capsulas-de-chaga","status":"publish","type":"product","link":"https:\/\/primalfocus.eu\/es\/chaga-capsules\/","title":{"rendered":"C\u00e1psulas de Chaga"},"content":{"rendered":"<p>Experimente el apoyo inmunol\u00f3gico natural desde el coraz\u00f3n del bosque con Chaga Mushroom Capsules de Primal Focus. Conocido por su rico perfil antioxidante y propiedades de fortalecimiento inmunol\u00f3gico, Chaga le ayuda a construir una resistencia duradera contra el estr\u00e9s y la fatiga. Cada c\u00e1psula contiene extracto puro de Chaga de recolecci\u00f3n silvestre, proporcionando uno de los hongos adapt\u00f3genos m\u00e1s poderosos de la naturaleza en su forma m\u00e1s limpia.<\/p>\n<div style=\"background-color: #eff5e6; padding: 20px; border-radius: 12px; font-family: Montserrat, sans-serif; font-size: 15px; color: #333; line-height: 1.6;\">\n<ul style=\"list-style: none; padding: 0; margin: 0;\">\n<li style=\"margin-bottom: 8px;\">\u2705 <strong>90 c\u00e1psulas por bolsa<\/strong> (suministro de 1 a 3 meses)<\/li>\n<li style=\"margin-bottom: 8px;\">\u2705 <strong>100% Org\u00e1nico<\/strong> &amp; a base de Chaga de recolecci\u00f3n silvestre<\/li>\n<li style=\"margin-bottom: 8px;\">\u2705 <strong>S\u00f3lo cuerpo fruct\u00edfero<\/strong> - sin cereales ni rellenos<\/li>\n<\/ul>\n<\/div>\n<p>&nbsp;<\/p>\n<div class=\"su-accordion su-u-trim custom-chaga-description\">\n<div class=\"su-spoiler su-spoiler-style-fancy su-spoiler-icon-plus su-spoiler-closed\" data-scroll-offset=\"0\" data-anchor-in-url=\"no\"><div class=\"su-spoiler-title\" tabindex=\"0\" role=\"button\"><span class=\"su-spoiler-icon\"><\/span>\u00bfQu\u00e9 es el chaga?<\/div><div class=\"su-spoiler-content su-u-clearfix su-u-trim\">\n<div style=\"background-color: #eff5e6; padding: 16px; font-size: 15px; font-family: Montserrat, sans-serif; color: #444; line-height: 1.6;\">\n<p>Chaga (<em>Inonotus obliquus<\/em>) es un hongo medicinal que crece en los abedules de regiones fr\u00edas como Siberia, Canad\u00e1 y el norte de Europa. Por fuera, parece madera carbonizada, pero por dentro contiene una densa concentraci\u00f3n de antioxidantes, betaglucanos y otros compuestos activos que favorecen la salud inmunitaria y la vitalidad a largo plazo. Utilizado tradicionalmente en la fitoterapia rusa y n\u00f3rdica, el Chaga est\u00e1 reconocido en todo el mundo como uno de los adapt\u00f3genos naturales m\u00e1s potentes.<\/p>\n<\/div>\n<\/div><\/div>\n<div class=\"su-spoiler su-spoiler-style-fancy su-spoiler-icon-plus su-spoiler-closed\" data-scroll-offset=\"0\" data-anchor-in-url=\"no\"><div class=\"su-spoiler-title\" tabindex=\"0\" role=\"button\"><span class=\"su-spoiler-icon\"><\/span>\u00bfPor qu\u00e9 utilizar Chaga?<\/div><div class=\"su-spoiler-content su-u-clearfix su-u-trim\">\n<div style=\"background-color: #eff5e6; padding: 16px; font-size: 15px; font-family: Montserrat, sans-serif; color: #444; line-height: 1.6;\">\n<p>El chaga es conocido sobre todo por sus propiedades inmunoestimulantes, que ayudan al organismo a mantenerse resistente durante periodos de estr\u00e9s o enfermedad. Sus altos niveles naturales de antioxidantes y betaglucanos ayudan a reducir la inflamaci\u00f3n, combatir la fatiga y promover una respuesta inmunitaria equilibrada. Su consumo regular puede contribuir al bienestar general, aumentar la energ\u00eda y ayudarle a sentirse m\u00e1s fuerte y centrado a lo largo del d\u00eda.<\/p>\n<\/div>\n<\/div><\/div>\n<div class=\"su-spoiler su-spoiler-style-fancy su-spoiler-icon-plus su-spoiler-closed\" data-scroll-offset=\"0\" data-anchor-in-url=\"no\"><div class=\"su-spoiler-title\" tabindex=\"0\" role=\"button\"><span class=\"su-spoiler-icon\"><\/span>\u00bfQui\u00e9n debe consumir Chaga?<\/div><div class=\"su-spoiler-content su-u-clearfix su-u-trim\">\n<div style=\"background-color: #eff5e6; padding: 16px; font-size: 15px; font-family: Montserrat, sans-serif; color: #444; line-height: 1.6;\">\n<p>Chaga es ideal para cualquier persona que busque reforzar sus defensas naturales y mantener una energ\u00eda constante. Est\u00e1 especialmente indicado para:<\/p>\n<ul>\n<li>Personas que desean reforzar la funci\u00f3n inmunitaria de forma natural<\/li>\n<li>Personas con estilos de vida ajetreados o estresantes que necesitan apoyo diario<\/li>\n<li>Personas que se recuperan de una enfermedad o intentan prevenir el agotamiento<\/li>\n<\/ul>\n<\/div>\n<\/div><\/div>\n<div class=\"su-spoiler su-spoiler-style-fancy su-spoiler-icon-plus su-spoiler-closed\" data-scroll-offset=\"0\" data-anchor-in-url=\"no\"><div class=\"su-spoiler-title\" tabindex=\"0\" role=\"button\"><span class=\"su-spoiler-icon\"><\/span>\u00bfQu\u00e9 contienen nuestras c\u00e1psulas?<\/div><div class=\"su-spoiler-content su-u-clearfix su-u-trim\">\n<div style=\"background-color: #eff5e6; padding: 16px; font-size: 15px; font-family: Montserrat, sans-serif; color: #444; line-height: 1.6;\">\n<p>Cada c\u00e1psula contiene 100% de extracto puro de Chaga procedente \u00fanicamente del cuerpo fruct\u00edfero, sin granos, almidones ni aditivos. Nuestro doble proceso de extracci\u00f3n conserva todo el espectro de compuestos activos, incluidos los betaglucanos hidrosolubles y los antioxidantes solubles en alcohol. El resultado es un suplemento limpio y concentrado en c\u00e1psulas veganas que proporcionan una potencia constante y fiable en todo momento.<\/p>\n<\/div>\n<\/div><\/div>\n<\/div>\n<div style=\"margin-top: 20px; background-color: #eff5e6; padding: 16px; border-radius: 8px; border: 1px solid #dbeac7; font-family: Montserrat, sans-serif; font-size: 14px;\">\n<h2>Notas clave (leer atentamente)<\/h2>\n<ul>\n<li>No utilizar durante el embarazo ni la lactancia<\/li>\n<li>Evitar en caso de alergia a las setas o al polen de abedul<\/li>\n<li>Seguro para el uso diario; mejor tomarlo por la ma\u00f1ana o por la tarde<\/li>\n<li>Consulte a su m\u00e9dico si padece enfermedades autoinmunes o toma anticoagulantes<\/li>\n<\/ul>\n<\/div>","protected":false},"excerpt":{"rendered":"<p>Experience natural immune support from the heart of the forest with Chaga Mushroom Capsules by Primal Focus. Known for its [&hellip;]<\/p>\n","protected":false},"featured_media":870318,"comment_status":"open","ping_status":"closed","template":"","meta":{"site-sidebar-layout":"default","site-content-layout":"default","ast-site-content-layout":"default","site-content-style":"default","site-sidebar-style":"default","ast-global-header-display":"","ast-banner-title-visibility":"","ast-main-header-display":"","ast-hfb-above-header-display":"","ast-hfb-below-header-display":"","ast-hfb-mobile-header-display":"","site-post-title":"","ast-breadcrumbs-content":"","ast-featured-img":"","footer-sml-layout":"","ast-disable-related-posts":"","theme-transparent-header-meta":"default","adv-header-id-meta":"","stick-header-meta":"","header-above-stick-meta":"","header-main-stick-meta":"","header-below-stick-meta":"","astra-migrate-meta-layouts":"set","ast-page-background-enabled":"default","ast-page-background-meta":{"desktop":{"background-color":"","background-image":"","background-repeat":"repeat","background-position":"center center","background-size":"auto","background-attachment":"scroll","background-type":"","background-media":"","overlay-type":"","overlay-color":"","overlay-opacity":"","overlay-gradient":""},"tablet":{"background-color":"","background-image":"","background-repeat":"repeat","background-position":"center center","background-size":"auto","background-attachment":"scroll","background-type":"","background-media":"","overlay-type":"","overlay-color":"","overlay-opacity":"","overlay-gradient":""},"mobile":{"background-color":"","background-image":"","background-repeat":"repeat","background-position":"center center","background-size":"auto","background-attachment":"scroll","background-type":"","background-media":"","overlay-type":"","overlay-color":"","overlay-opacity":"","overlay-gradient":""}},"ast-content-background-meta":{"desktop":{"background-color":"var(--ast-global-color-5)","background-image":"","background-repeat":"repeat","background-position":"center center","background-size":"auto","background-attachment":"scroll","background-type":"","background-media":"","overlay-type":"","overlay-color":"","overlay-opacity":"","overlay-gradient":""},"tablet":{"background-color":"var(--ast-global-color-5)","background-image":"","background-repeat":"repeat","background-position":"center center","background-size":"auto","background-attachment":"scroll","background-type":"","background-media":"","overlay-type":"","overlay-color":"","overlay-opacity":"","overlay-gradient":""},"mobile":{"background-color":"var(--ast-global-color-5)","background-image":"","background-repeat":"repeat","background-position":"center center","background-size":"auto","background-attachment":"scroll","background-type":"","background-media":"","overlay-type":"","overlay-color":"","overlay-opacity":"","overlay-gradient":""}}},"product_brand":[129],"product_cat":[108],"product_tag":[],"class_list":{"0":"post-461818","1":"product","2":"type-product","3":"status-publish","4":"has-post-thumbnail","6":"product_brand-primal-focus","7":"product_cat-functional-mushrooms","8":"product_shipping_class-brievenbus-pakje","9":"desktop-align-center","10":"tablet-align-left","11":"mobile-align-left","13":"first","14":"instock","15":"taxable","16":"shipping-taxable","17":"purchasable","18":"product-type-simple"},"yoast_head":"<!-- This site is optimized with the Yoast SEO plugin v27.3 - https:\/\/yoast.com\/product\/yoast-seo-wordpress\/ -->\n<title>Buy Chaga mushroom capsules for energy and immune balance<\/title>\n<meta name=\"description\" content=\"Discover pure Chaga mushroom benefits with Primal Focus. 100% fruiting body extract for energy, balance and protection. Organic, vegan and filler-free.\" \/>\n<meta name=\"robots\" content=\"index, follow, max-snippet:-1, max-image-preview:large, max-video-preview:-1\" \/>\n<link rel=\"canonical\" href=\"https:\/\/primalfocus.eu\/es\/capsulas-de-chaga\/\" \/>\n<meta property=\"og:locale\" content=\"es_ES\" \/>\n<meta property=\"og:type\" content=\"article\" \/>\n<meta property=\"og:title\" content=\"Buy Chaga mushroom capsules for energy and immune balance\" \/>\n<meta property=\"og:description\" content=\"Discover pure Chaga mushroom benefits with Primal Focus. 100% fruiting body extract for energy, balance and protection. Organic, vegan and filler-free.\" \/>\n<meta property=\"og:url\" content=\"https:\/\/primalfocus.eu\/es\/capsulas-de-chaga\/\" \/>\n<meta property=\"og:site_name\" content=\"Primal Focus\" \/>\n<meta property=\"article:publisher\" content=\"https:\/\/www.facebook.com\/profile.php?id=61575377667059\" \/>\n<meta property=\"article:modified_time\" content=\"2026-04-08T06:04:38+00:00\" \/>\n<meta property=\"og:image\" content=\"https:\/\/primalfocus.eu\/wp-content\/uploads\/2024\/10\/Chaga-Capsules-primalfocus.eu_.webp\" \/>\n\t<meta property=\"og:image:width\" content=\"1080\" \/>\n\t<meta property=\"og:image:height\" content=\"1080\" \/>\n\t<meta property=\"og:image:type\" content=\"image\/webp\" \/>\n<meta name=\"twitter:card\" content=\"summary_large_image\" \/>\n<meta name=\"twitter:site\" content=\"@primalfocus_eu\" \/>\n<meta name=\"twitter:label1\" content=\"Tiempo de lectura\" \/>\n\t<meta name=\"twitter:data1\" content=\"2 minutos\" \/>\n<script type=\"application\/ld+json\" class=\"yoast-schema-graph\">{\"@context\":\"https:\\\/\\\/schema.org\",\"@graph\":[{\"@type\":\"WebPage\",\"@id\":\"https:\\\/\\\/primalfocus.eu\\\/es\\\/chaga-capsules\\\/\",\"url\":\"https:\\\/\\\/primalfocus.eu\\\/es\\\/chaga-capsules\\\/\",\"name\":\"Buy Chaga mushroom capsules for energy and immune balance\",\"isPartOf\":{\"@id\":\"https:\\\/\\\/primalfocus.eu\\\/es\\\/#website\"},\"primaryImageOfPage\":{\"@id\":\"https:\\\/\\\/primalfocus.eu\\\/es\\\/chaga-capsules\\\/#primaryimage\"},\"image\":{\"@id\":\"https:\\\/\\\/primalfocus.eu\\\/es\\\/chaga-capsules\\\/#primaryimage\"},\"thumbnailUrl\":\"https:\\\/\\\/primalfocus.eu\\\/wp-content\\\/uploads\\\/2024\\\/10\\\/Chaga-Capsules-primalfocus.eu_.webp\",\"datePublished\":\"2024-10-09T13:05:08+00:00\",\"dateModified\":\"2026-04-08T06:04:38+00:00\",\"description\":\"Discover pure Chaga mushroom benefits with Primal Focus. 100% fruiting body extract for energy, balance and protection. Organic, vegan and filler-free.\",\"breadcrumb\":{\"@id\":\"https:\\\/\\\/primalfocus.eu\\\/es\\\/chaga-capsules\\\/#breadcrumb\"},\"inLanguage\":\"es\",\"potentialAction\":[{\"@type\":\"ReadAction\",\"target\":[\"https:\\\/\\\/primalfocus.eu\\\/es\\\/chaga-capsules\\\/\"]}]},{\"@type\":\"ImageObject\",\"inLanguage\":\"es\",\"@id\":\"https:\\\/\\\/primalfocus.eu\\\/es\\\/chaga-capsules\\\/#primaryimage\",\"url\":\"https:\\\/\\\/primalfocus.eu\\\/wp-content\\\/uploads\\\/2024\\\/10\\\/Chaga-Capsules-primalfocus.eu_.webp\",\"contentUrl\":\"https:\\\/\\\/primalfocus.eu\\\/wp-content\\\/uploads\\\/2024\\\/10\\\/Chaga-Capsules-primalfocus.eu_.webp\",\"width\":1080,\"height\":1080,\"caption\":\"Chaga Capsules primalfocus.eu\"},{\"@type\":\"BreadcrumbList\",\"@id\":\"https:\\\/\\\/primalfocus.eu\\\/es\\\/chaga-capsules\\\/#breadcrumb\",\"itemListElement\":[{\"@type\":\"ListItem\",\"position\":1,\"name\":\"Home\",\"item\":\"https:\\\/\\\/primalfocus.eu\\\/\"},{\"@type\":\"ListItem\",\"position\":2,\"name\":\"Shop\",\"item\":\"https:\\\/\\\/primalfocus.eu\\\/products\\\/\"},{\"@type\":\"ListItem\",\"position\":3,\"name\":\"Functional Mushrooms\",\"item\":\"https:\\\/\\\/primalfocus.eu\\\/functional-mushrooms\\\/\"},{\"@type\":\"ListItem\",\"position\":4,\"name\":\"Chaga Capsules\"}]},{\"@type\":\"WebSite\",\"@id\":\"https:\\\/\\\/primalfocus.eu\\\/es\\\/#website\",\"url\":\"https:\\\/\\\/primalfocus.eu\\\/es\\\/\",\"name\":\"Primal Focus\",\"description\":\"Buy legal psychedelics online\",\"publisher\":{\"@id\":\"https:\\\/\\\/primalfocus.eu\\\/es\\\/#organization\"},\"potentialAction\":[{\"@type\":\"SearchAction\",\"target\":{\"@type\":\"EntryPoint\",\"urlTemplate\":\"https:\\\/\\\/primalfocus.eu\\\/es\\\/?s={search_term_string}\"},\"query-input\":{\"@type\":\"PropertyValueSpecification\",\"valueRequired\":true,\"valueName\":\"search_term_string\"}}],\"inLanguage\":\"es\"},{\"@type\":\"Organization\",\"@id\":\"https:\\\/\\\/primalfocus.eu\\\/es\\\/#organization\",\"name\":\"Primal Focus\",\"alternateName\":\"primalfocus.eu\",\"url\":\"https:\\\/\\\/primalfocus.eu\\\/es\\\/\",\"logo\":{\"@type\":\"ImageObject\",\"inLanguage\":\"es\",\"@id\":\"https:\\\/\\\/primalfocus.eu\\\/es\\\/#\\\/schema\\\/logo\\\/image\\\/\",\"url\":\"https:\\\/\\\/primalfocus.eu\\\/wp-content\\\/uploads\\\/2025\\\/11\\\/primal-focus-logo-header.svg\",\"contentUrl\":\"https:\\\/\\\/primalfocus.eu\\\/wp-content\\\/uploads\\\/2025\\\/11\\\/primal-focus-logo-header.svg\",\"caption\":\"Primal Focus\"},\"image\":{\"@id\":\"https:\\\/\\\/primalfocus.eu\\\/es\\\/#\\\/schema\\\/logo\\\/image\\\/\"},\"sameAs\":[\"https:\\\/\\\/www.facebook.com\\\/profile.php?id=61575377667059\",\"https:\\\/\\\/x.com\\\/primalfocus_eu\",\"https:\\\/\\\/www.instagram.com\\\/primalfocus.store\\\/\"]}]}<\/script>\n<!-- \/ Yoast SEO plugin. -->","yoast_head_json":{"title":"Comprar c\u00e1psulas de hongo Chaga para el equilibrio energ\u00e9tico e inmunitario","description":"Descubra los beneficios del hongo Chaga puro con Primal Focus. 100% extracto de cuerpo fruct\u00edfero para la energ\u00eda, el equilibrio y la protecci\u00f3n. Ecol\u00f3gico, vegano y sin rellenos.","robots":{"index":"index","follow":"follow","max-snippet":"max-snippet:-1","max-image-preview":"max-image-preview:large","max-video-preview":"max-video-preview:-1"},"canonical":"https:\/\/primalfocus.eu\/es\/capsulas-de-chaga\/","og_locale":"es_ES","og_type":"article","og_title":"Buy Chaga mushroom capsules for energy and immune balance","og_description":"Discover pure Chaga mushroom benefits with Primal Focus. 100% fruiting body extract for energy, balance and protection. Organic, vegan and filler-free.","og_url":"https:\/\/primalfocus.eu\/es\/capsulas-de-chaga\/","og_site_name":"Primal Focus","article_publisher":"https:\/\/www.facebook.com\/profile.php?id=61575377667059","article_modified_time":"2026-04-08T06:04:38+00:00","og_image":[{"width":1080,"height":1080,"url":"https:\/\/primalfocus.eu\/wp-content\/uploads\/2024\/10\/Chaga-Capsules-primalfocus.eu_.webp","type":"image\/webp"}],"twitter_card":"summary_large_image","twitter_site":"@primalfocus_eu","twitter_misc":{"Tiempo de lectura":"2 minutos"},"schema":{"@context":"https:\/\/schema.org","@graph":[{"@type":"WebPage","@id":"https:\/\/primalfocus.eu\/es\/chaga-capsules\/","url":"https:\/\/primalfocus.eu\/es\/chaga-capsules\/","name":"Comprar c\u00e1psulas de hongo Chaga para el equilibrio energ\u00e9tico e inmunitario","isPartOf":{"@id":"https:\/\/primalfocus.eu\/es\/#website"},"primaryImageOfPage":{"@id":"https:\/\/primalfocus.eu\/es\/chaga-capsules\/#primaryimage"},"image":{"@id":"https:\/\/primalfocus.eu\/es\/chaga-capsules\/#primaryimage"},"thumbnailUrl":"https:\/\/primalfocus.eu\/wp-content\/uploads\/2024\/10\/Chaga-Capsules-primalfocus.eu_.webp","datePublished":"2024-10-09T13:05:08+00:00","dateModified":"2026-04-08T06:04:38+00:00","description":"Descubra los beneficios del hongo Chaga puro con Primal Focus. 100% extracto de cuerpo fruct\u00edfero para la energ\u00eda, el equilibrio y la protecci\u00f3n. Ecol\u00f3gico, vegano y sin rellenos.","breadcrumb":{"@id":"https:\/\/primalfocus.eu\/es\/chaga-capsules\/#breadcrumb"},"inLanguage":"es","potentialAction":[{"@type":"ReadAction","target":["https:\/\/primalfocus.eu\/es\/chaga-capsules\/"]}]},{"@type":"ImageObject","inLanguage":"es","@id":"https:\/\/primalfocus.eu\/es\/chaga-capsules\/#primaryimage","url":"https:\/\/primalfocus.eu\/wp-content\/uploads\/2024\/10\/Chaga-Capsules-primalfocus.eu_.webp","contentUrl":"https:\/\/primalfocus.eu\/wp-content\/uploads\/2024\/10\/Chaga-Capsules-primalfocus.eu_.webp","width":1080,"height":1080,"caption":"Chaga Capsules primalfocus.eu"},{"@type":"BreadcrumbList","@id":"https:\/\/primalfocus.eu\/es\/chaga-capsules\/#breadcrumb","itemListElement":[{"@type":"ListItem","position":1,"name":"Home","item":"https:\/\/primalfocus.eu\/"},{"@type":"ListItem","position":2,"name":"Shop","item":"https:\/\/primalfocus.eu\/products\/"},{"@type":"ListItem","position":3,"name":"Functional Mushrooms","item":"https:\/\/primalfocus.eu\/functional-mushrooms\/"},{"@type":"ListItem","position":4,"name":"Chaga Capsules"}]},{"@type":"WebSite","@id":"https:\/\/primalfocus.eu\/es\/#website","url":"https:\/\/primalfocus.eu\/es\/","name":"Primal Focus","description":"Comprar psicod\u00e9licos legales en l\u00ednea","publisher":{"@id":"https:\/\/primalfocus.eu\/es\/#organization"},"potentialAction":[{"@type":"SearchAction","target":{"@type":"EntryPoint","urlTemplate":"https:\/\/primalfocus.eu\/es\/?s={search_term_string}"},"query-input":{"@type":"PropertyValueSpecification","valueRequired":true,"valueName":"search_term_string"}}],"inLanguage":"es"},{"@type":"Organization","@id":"https:\/\/primalfocus.eu\/es\/#organization","name":"Primal Focus","alternateName":"primalfocus.eu","url":"https:\/\/primalfocus.eu\/es\/","logo":{"@type":"ImageObject","inLanguage":"es","@id":"https:\/\/primalfocus.eu\/es\/#\/schema\/logo\/image\/","url":"https:\/\/primalfocus.eu\/wp-content\/uploads\/2025\/11\/primal-focus-logo-header.svg","contentUrl":"https:\/\/primalfocus.eu\/wp-content\/uploads\/2025\/11\/primal-focus-logo-header.svg","caption":"Primal Focus"},"image":{"@id":"https:\/\/primalfocus.eu\/es\/#\/schema\/logo\/image\/"},"sameAs":["https:\/\/www.facebook.com\/profile.php?id=61575377667059","https:\/\/x.com\/primalfocus_eu","https:\/\/www.instagram.com\/primalfocus.store\/"]}]}},"jetpack_sharing_enabled":true,"_links":{"self":[{"href":"https:\/\/primalfocus.eu\/es\/wp-json\/wp\/v2\/product\/461818","targetHints":{"allow":["GET"]}}],"collection":[{"href":"https:\/\/primalfocus.eu\/es\/wp-json\/wp\/v2\/product"}],"about":[{"href":"https:\/\/primalfocus.eu\/es\/wp-json\/wp\/v2\/types\/product"}],"replies":[{"embeddable":true,"href":"https:\/\/primalfocus.eu\/es\/wp-json\/wp\/v2\/comments?post=461818"}],"wp:featuredmedia":[{"embeddable":true,"href":"https:\/\/primalfocus.eu\/es\/wp-json\/wp\/v2\/media\/870318"}],"wp:attachment":[{"href":"https:\/\/primalfocus.eu\/es\/wp-json\/wp\/v2\/media?parent=461818"}],"wp:term":[{"taxonomy":"product_brand","embeddable":true,"href":"https:\/\/primalfocus.eu\/es\/wp-json\/wp\/v2\/product_brand?post=461818"},{"taxonomy":"product_cat","embeddable":true,"href":"https:\/\/primalfocus.eu\/es\/wp-json\/wp\/v2\/product_cat?post=461818"},{"taxonomy":"product_tag","embeddable":true,"href":"https:\/\/primalfocus.eu\/es\/wp-json\/wp\/v2\/product_tag?post=461818"}],"curies":[{"name":"wp","href":"https:\/\/api.w.org\/{rel}","templated":true}]}}