{"id":460111,"date":"2024-10-08T19:20:51","date_gmt":"2024-10-08T17:20:51","guid":{"rendered":"https:\/\/primalfocus.eu\/?post_type=product&#038;p=460111"},"modified":"2026-04-08T08:04:39","modified_gmt":"2026-04-08T06:04:39","slug":"capsulas-de-hongo-reishi","status":"publish","type":"product","link":"https:\/\/primalfocus.eu\/es\/reishi-capsules\/","title":{"rendered":"C\u00e1psulas de Reishi"},"content":{"rendered":"<p>Encuentre la calma, el equilibrio y el bienestar a largo plazo con las c\u00e1psulas de hongo Reishi de Primal Focus. Conocido como el \u201chongo de la inmortalidad\u201d, Reishi ha apoyado la salud y la longevidad en la medicina tradicional china durante siglos. Nuestras c\u00e1psulas contienen un extracto puro, de alta potencia hecha de 100% cuerpo fruct\u00edfero org\u00e1nico, que ofrece apoyo natural para aliviar el estr\u00e9s, dormir mejor y la resistencia inmune.<\/p>\n<div style=\"background-color: #eff5e6; padding: 20px; border-radius: 12px; font-family: Montserrat, sans-serif; font-size: 15px; color: #333; line-height: 1.6;\">\n<ul style=\"list-style: none; padding: 0; margin: 0;\">\n<li style=\"margin-bottom: 8px;\">\u2705 <strong>90 c\u00e1psulas<\/strong> por bolsa (suministro para 1-3 meses)<\/li>\n<li style=\"margin-bottom: 8px;\">\u2705 <strong>100% Org\u00e1nico<\/strong><\/li>\n<li style=\"margin-bottom: 8px;\">\u2705 <strong>Cuerpo fruct\u00edfero puro<\/strong> s\u00f3lo - sin rellenos<\/li>\n<li style=\"margin-bottom: 8px;\">\u2705 <strong>Extracto de alta potencia<\/strong> (30% polisac\u00e1ridos)<\/li>\n<li style=\"margin-bottom: 8px;\">\u2705 <strong>Vegano, sin OMG, sin gluten<\/strong><\/li>\n<\/ul>\n<\/div>\n<p>&nbsp;<\/p>\n<div class=\"su-accordion su-u-trim custom-reishi-info\">\n<div class=\"su-spoiler su-spoiler-style-fancy su-spoiler-icon-plus su-spoiler-closed\" data-scroll-offset=\"0\" data-anchor-in-url=\"no\"><div class=\"su-spoiler-title\" tabindex=\"0\" role=\"button\"><span class=\"su-spoiler-icon\"><\/span>\u00bfQu\u00e9 es el hongo Reishi?<\/div><div class=\"su-spoiler-content su-u-clearfix su-u-trim\">\n<div style=\"background-color: #eff5e6; padding: 16px; font-size: 15px; font-family: Montserrat, sans-serif; color: #444; line-height: 1.6;\">\n<p>Reishi (<em>Ganoderma lucidum<\/em>) es uno de los m\u00e1s respetados <a href=\"\/es\/%e2%80%9dhttps%3a\/\/primalfocus.eu\/categoria-producto\/hongos-funcionales\/%e2%80%9d\/\">setas<\/a> en la herborister\u00eda oriental. A menudo se le llama el \u201chongo de la inmortalidad\u201d debido a su larga historia de uso para el equilibrio, la vitalidad y la fuerza inmune. El hongo reishi act\u00faa como adapt\u00f3geno, ayudando al organismo a adaptarse al estr\u00e9s y a mantener la armon\u00eda. Favorece el sistema nervioso, mejora el sue\u00f1o y refuerza la funci\u00f3n inmunitaria con el paso del tiempo.<\/p>\n<\/div>\n<\/div><\/div>\n<div class=\"su-spoiler su-spoiler-style-fancy su-spoiler-icon-plus su-spoiler-closed\" data-scroll-offset=\"0\" data-anchor-in-url=\"no\"><div class=\"su-spoiler-title\" tabindex=\"0\" role=\"button\"><span class=\"su-spoiler-icon\"><\/span>Los principales beneficios del hongo reishi<\/div><div class=\"su-spoiler-content su-u-clearfix su-u-trim\">\n<div style=\"background-color: #eff5e6; padding: 16px; font-size: 15px; font-family: Montserrat, sans-serif; color: #444; line-height: 1.6;\">\n<p>El suplemento de Reishi es apreciado por su amplia gama de beneficios naturales. Ayuda al cuerpo y a la mente a encontrar la calma al tiempo que refuerza el equilibrio interno. Los principales beneficios incluyen:<\/p>\n<ul>\n<li><strong>Alivio del estr\u00e9s:<\/strong> ayuda a reducir el cortisol y a calmar el sistema nervioso<\/li>\n<li><strong>Ayuda para dormir:<\/strong> favorece un sue\u00f1o m\u00e1s profundo y reparador de forma natural<\/li>\n<li><strong>Fuerza inmunitaria:<\/strong> favorece la funci\u00f3n inmunitaria y la resistencia a largo plazo<\/li>\n<\/ul>\n<\/div>\n<\/div><\/div>\n<div class=\"su-spoiler su-spoiler-style-fancy su-spoiler-icon-plus su-spoiler-closed\" data-scroll-offset=\"0\" data-anchor-in-url=\"no\"><div class=\"su-spoiler-title\" tabindex=\"0\" role=\"button\"><span class=\"su-spoiler-icon\"><\/span>\u00bfQui\u00e9n debe consumir el hongo Reishi?<\/div><div class=\"su-spoiler-content su-u-clearfix su-u-trim\">\n<div style=\"background-color: #eff5e6; padding: 16px; font-size: 15px; font-family: Montserrat, sans-serif; color: #444; line-height: 1.6;\">\n<p>El hongo reishi es ideal para quienes buscan calma, equilibrio y salud a largo plazo. Est\u00e1 especialmente indicado para las personas que sufren estr\u00e9s, fatiga o duermen mal, y para quienes desean reforzar su sistema inmunitario de forma natural. El hongo Reishi tambi\u00e9n es popular entre las personas que valoran el bienestar hol\u00edstico y la atenci\u00f3n preventiva.<\/p>\n<\/div>\n<\/div><\/div>\n<\/div>\n<p>&nbsp;<\/p>\n<div style=\"margin-top: 20px; background-color: #eff5e6; padding: 16px; border-radius: 8px; border: 1px solid #dbeac7; font-family: Montserrat, sans-serif; font-size: 14px;\">\n<h2>Notas clave (leer atentamente)<\/h2>\n<ul>\n<li>No se recomienda durante el embarazo o la lactancia<\/li>\n<li>Consulte a su m\u00e9dico si toma medicamentos o padece alguna enfermedad<\/li>\n<li>Este producto no est\u00e1 destinado a diagnosticar, tratar, curar o prevenir ninguna enfermedad.<\/li>\n<li>Conservar en un lugar fresco y seco, protegido de la luz solar<\/li>\n<li>Mantener fuera del alcance de los ni\u00f1os<\/li>\n<li>Apto para veganos y sin aditivos ni conservantes artificiales<\/li>\n<\/ul>\n<\/div>","protected":false},"excerpt":{"rendered":"<p>Find calm, balance and long-term wellbeing with Reishi Mushroom Capsules by Primal Focus. Known as the \u201cmushroom of immortality\u201d, Reishi [&hellip;]<\/p>\n","protected":false},"featured_media":870320,"comment_status":"open","ping_status":"closed","template":"","meta":{"site-sidebar-layout":"default","site-content-layout":"default","ast-site-content-layout":"default","site-content-style":"default","site-sidebar-style":"default","ast-global-header-display":"","ast-banner-title-visibility":"","ast-main-header-display":"","ast-hfb-above-header-display":"","ast-hfb-below-header-display":"","ast-hfb-mobile-header-display":"","site-post-title":"","ast-breadcrumbs-content":"","ast-featured-img":"","footer-sml-layout":"","ast-disable-related-posts":"","theme-transparent-header-meta":"default","adv-header-id-meta":"","stick-header-meta":"","header-above-stick-meta":"","header-main-stick-meta":"","header-below-stick-meta":"","astra-migrate-meta-layouts":"set","ast-page-background-enabled":"default","ast-page-background-meta":{"desktop":{"background-color":"","background-image":"","background-repeat":"repeat","background-position":"center center","background-size":"auto","background-attachment":"scroll","background-type":"","background-media":"","overlay-type":"","overlay-color":"","overlay-opacity":"","overlay-gradient":""},"tablet":{"background-color":"","background-image":"","background-repeat":"repeat","background-position":"center center","background-size":"auto","background-attachment":"scroll","background-type":"","background-media":"","overlay-type":"","overlay-color":"","overlay-opacity":"","overlay-gradient":""},"mobile":{"background-color":"","background-image":"","background-repeat":"repeat","background-position":"center center","background-size":"auto","background-attachment":"scroll","background-type":"","background-media":"","overlay-type":"","overlay-color":"","overlay-opacity":"","overlay-gradient":""}},"ast-content-background-meta":{"desktop":{"background-color":"var(--ast-global-color-5)","background-image":"","background-repeat":"repeat","background-position":"center center","background-size":"auto","background-attachment":"scroll","background-type":"","background-media":"","overlay-type":"","overlay-color":"","overlay-opacity":"","overlay-gradient":""},"tablet":{"background-color":"var(--ast-global-color-5)","background-image":"","background-repeat":"repeat","background-position":"center center","background-size":"auto","background-attachment":"scroll","background-type":"","background-media":"","overlay-type":"","overlay-color":"","overlay-opacity":"","overlay-gradient":""},"mobile":{"background-color":"var(--ast-global-color-5)","background-image":"","background-repeat":"repeat","background-position":"center center","background-size":"auto","background-attachment":"scroll","background-type":"","background-media":"","overlay-type":"","overlay-color":"","overlay-opacity":"","overlay-gradient":""}}},"product_brand":[129],"product_cat":[108],"product_tag":[],"class_list":{"0":"post-460111","1":"product","2":"type-product","3":"status-publish","4":"has-post-thumbnail","6":"product_brand-primal-focus","7":"product_cat-functional-mushrooms","8":"product_shipping_class-brievenbus-pakje","9":"desktop-align-center","10":"tablet-align-left","11":"mobile-align-left","13":"first","14":"instock","15":"taxable","16":"shipping-taxable","17":"purchasable","18":"product-type-simple"},"yoast_head":"<!-- This site is optimized with the Yoast SEO plugin v27.3 - https:\/\/yoast.com\/product\/yoast-seo-wordpress\/ -->\n<title>Reishi mushroom capsules: natural stress relief and immune support<\/title>\n<meta name=\"description\" content=\"Discover Reishi mushroom capsules by Primal Focus. Organic Reishi extract for better sleep and long-term immune balance. Vegan, non-GMO and filler-free.\" \/>\n<meta name=\"robots\" content=\"index, follow, max-snippet:-1, max-image-preview:large, max-video-preview:-1\" \/>\n<link rel=\"canonical\" href=\"https:\/\/primalfocus.eu\/es\/capsulas-de-hongo-reishi\/\" \/>\n<meta property=\"og:locale\" content=\"es_ES\" \/>\n<meta property=\"og:type\" content=\"article\" \/>\n<meta property=\"og:title\" content=\"Reishi mushroom capsules: natural stress relief and immune support\" \/>\n<meta property=\"og:description\" content=\"Discover Reishi mushroom capsules by Primal Focus. Organic Reishi extract for better sleep and long-term immune balance. Vegan, non-GMO and filler-free.\" \/>\n<meta property=\"og:url\" content=\"https:\/\/primalfocus.eu\/es\/capsulas-de-hongo-reishi\/\" \/>\n<meta property=\"og:site_name\" content=\"Primal Focus\" \/>\n<meta property=\"article:publisher\" content=\"https:\/\/www.facebook.com\/profile.php?id=61575377667059\" \/>\n<meta property=\"article:modified_time\" content=\"2026-04-08T06:04:39+00:00\" \/>\n<meta property=\"og:image\" content=\"https:\/\/primalfocus.eu\/wp-content\/uploads\/2024\/10\/Reishi-Capsules-primalfocus.eu_.webp\" \/>\n\t<meta property=\"og:image:width\" content=\"1080\" \/>\n\t<meta property=\"og:image:height\" content=\"1080\" \/>\n\t<meta property=\"og:image:type\" content=\"image\/webp\" \/>\n<meta name=\"twitter:card\" content=\"summary_large_image\" \/>\n<meta name=\"twitter:site\" content=\"@primalfocus_eu\" \/>\n<meta name=\"twitter:label1\" content=\"Tiempo de lectura\" \/>\n\t<meta name=\"twitter:data1\" content=\"2 minutos\" \/>\n<script type=\"application\/ld+json\" class=\"yoast-schema-graph\">{\"@context\":\"https:\\\/\\\/schema.org\",\"@graph\":[{\"@type\":\"WebPage\",\"@id\":\"https:\\\/\\\/primalfocus.eu\\\/es\\\/reishi-capsules\\\/\",\"url\":\"https:\\\/\\\/primalfocus.eu\\\/es\\\/reishi-capsules\\\/\",\"name\":\"Reishi mushroom capsules: natural stress relief and immune support\",\"isPartOf\":{\"@id\":\"https:\\\/\\\/primalfocus.eu\\\/es\\\/#website\"},\"primaryImageOfPage\":{\"@id\":\"https:\\\/\\\/primalfocus.eu\\\/es\\\/reishi-capsules\\\/#primaryimage\"},\"image\":{\"@id\":\"https:\\\/\\\/primalfocus.eu\\\/es\\\/reishi-capsules\\\/#primaryimage\"},\"thumbnailUrl\":\"https:\\\/\\\/primalfocus.eu\\\/wp-content\\\/uploads\\\/2024\\\/10\\\/Reishi-Capsules-primalfocus.eu_.webp\",\"datePublished\":\"2024-10-08T17:20:51+00:00\",\"dateModified\":\"2026-04-08T06:04:39+00:00\",\"description\":\"Discover Reishi mushroom capsules by Primal Focus. Organic Reishi extract for better sleep and long-term immune balance. Vegan, non-GMO and filler-free.\",\"breadcrumb\":{\"@id\":\"https:\\\/\\\/primalfocus.eu\\\/es\\\/reishi-capsules\\\/#breadcrumb\"},\"inLanguage\":\"es\",\"potentialAction\":[{\"@type\":\"ReadAction\",\"target\":[\"https:\\\/\\\/primalfocus.eu\\\/es\\\/reishi-capsules\\\/\"]}]},{\"@type\":\"ImageObject\",\"inLanguage\":\"es\",\"@id\":\"https:\\\/\\\/primalfocus.eu\\\/es\\\/reishi-capsules\\\/#primaryimage\",\"url\":\"https:\\\/\\\/primalfocus.eu\\\/wp-content\\\/uploads\\\/2024\\\/10\\\/Reishi-Capsules-primalfocus.eu_.webp\",\"contentUrl\":\"https:\\\/\\\/primalfocus.eu\\\/wp-content\\\/uploads\\\/2024\\\/10\\\/Reishi-Capsules-primalfocus.eu_.webp\",\"width\":1080,\"height\":1080,\"caption\":\"Reishi Capsules primalfocus.eu\"},{\"@type\":\"BreadcrumbList\",\"@id\":\"https:\\\/\\\/primalfocus.eu\\\/es\\\/reishi-capsules\\\/#breadcrumb\",\"itemListElement\":[{\"@type\":\"ListItem\",\"position\":1,\"name\":\"Home\",\"item\":\"https:\\\/\\\/primalfocus.eu\\\/\"},{\"@type\":\"ListItem\",\"position\":2,\"name\":\"Shop\",\"item\":\"https:\\\/\\\/primalfocus.eu\\\/products\\\/\"},{\"@type\":\"ListItem\",\"position\":3,\"name\":\"Functional Mushrooms\",\"item\":\"https:\\\/\\\/primalfocus.eu\\\/functional-mushrooms\\\/\"},{\"@type\":\"ListItem\",\"position\":4,\"name\":\"Reishi Capsules\"}]},{\"@type\":\"WebSite\",\"@id\":\"https:\\\/\\\/primalfocus.eu\\\/es\\\/#website\",\"url\":\"https:\\\/\\\/primalfocus.eu\\\/es\\\/\",\"name\":\"Primal Focus\",\"description\":\"Buy legal psychedelics online\",\"publisher\":{\"@id\":\"https:\\\/\\\/primalfocus.eu\\\/es\\\/#organization\"},\"potentialAction\":[{\"@type\":\"SearchAction\",\"target\":{\"@type\":\"EntryPoint\",\"urlTemplate\":\"https:\\\/\\\/primalfocus.eu\\\/es\\\/?s={search_term_string}\"},\"query-input\":{\"@type\":\"PropertyValueSpecification\",\"valueRequired\":true,\"valueName\":\"search_term_string\"}}],\"inLanguage\":\"es\"},{\"@type\":\"Organization\",\"@id\":\"https:\\\/\\\/primalfocus.eu\\\/es\\\/#organization\",\"name\":\"Primal Focus\",\"alternateName\":\"primalfocus.eu\",\"url\":\"https:\\\/\\\/primalfocus.eu\\\/es\\\/\",\"logo\":{\"@type\":\"ImageObject\",\"inLanguage\":\"es\",\"@id\":\"https:\\\/\\\/primalfocus.eu\\\/es\\\/#\\\/schema\\\/logo\\\/image\\\/\",\"url\":\"https:\\\/\\\/primalfocus.eu\\\/wp-content\\\/uploads\\\/2025\\\/11\\\/primal-focus-logo-header.svg\",\"contentUrl\":\"https:\\\/\\\/primalfocus.eu\\\/wp-content\\\/uploads\\\/2025\\\/11\\\/primal-focus-logo-header.svg\",\"caption\":\"Primal Focus\"},\"image\":{\"@id\":\"https:\\\/\\\/primalfocus.eu\\\/es\\\/#\\\/schema\\\/logo\\\/image\\\/\"},\"sameAs\":[\"https:\\\/\\\/www.facebook.com\\\/profile.php?id=61575377667059\",\"https:\\\/\\\/x.com\\\/primalfocus_eu\",\"https:\\\/\\\/www.instagram.com\\\/primalfocus.store\\\/\"]}]}<\/script>\n<!-- \/ Yoast SEO plugin. -->","yoast_head_json":{"title":"C\u00e1psulas de hongo reishi: alivio natural del estr\u00e9s y apoyo inmunol\u00f3gico","description":"Descubra las c\u00e1psulas de hongo Reishi de Primal Focus. Extracto org\u00e1nico de Reishi para un mejor sue\u00f1o y un equilibrio inmunitario a largo plazo. Vegano, sin OGM y sin rellenos.","robots":{"index":"index","follow":"follow","max-snippet":"max-snippet:-1","max-image-preview":"max-image-preview:large","max-video-preview":"max-video-preview:-1"},"canonical":"https:\/\/primalfocus.eu\/es\/capsulas-de-hongo-reishi\/","og_locale":"es_ES","og_type":"article","og_title":"Reishi mushroom capsules: natural stress relief and immune support","og_description":"Discover Reishi mushroom capsules by Primal Focus. Organic Reishi extract for better sleep and long-term immune balance. Vegan, non-GMO and filler-free.","og_url":"https:\/\/primalfocus.eu\/es\/capsulas-de-hongo-reishi\/","og_site_name":"Primal Focus","article_publisher":"https:\/\/www.facebook.com\/profile.php?id=61575377667059","article_modified_time":"2026-04-08T06:04:39+00:00","og_image":[{"width":1080,"height":1080,"url":"https:\/\/primalfocus.eu\/wp-content\/uploads\/2024\/10\/Reishi-Capsules-primalfocus.eu_.webp","type":"image\/webp"}],"twitter_card":"summary_large_image","twitter_site":"@primalfocus_eu","twitter_misc":{"Tiempo de lectura":"2 minutos"},"schema":{"@context":"https:\/\/schema.org","@graph":[{"@type":"WebPage","@id":"https:\/\/primalfocus.eu\/es\/reishi-capsules\/","url":"https:\/\/primalfocus.eu\/es\/reishi-capsules\/","name":"C\u00e1psulas de hongo reishi: alivio natural del estr\u00e9s y apoyo inmunol\u00f3gico","isPartOf":{"@id":"https:\/\/primalfocus.eu\/es\/#website"},"primaryImageOfPage":{"@id":"https:\/\/primalfocus.eu\/es\/reishi-capsules\/#primaryimage"},"image":{"@id":"https:\/\/primalfocus.eu\/es\/reishi-capsules\/#primaryimage"},"thumbnailUrl":"https:\/\/primalfocus.eu\/wp-content\/uploads\/2024\/10\/Reishi-Capsules-primalfocus.eu_.webp","datePublished":"2024-10-08T17:20:51+00:00","dateModified":"2026-04-08T06:04:39+00:00","description":"Descubra las c\u00e1psulas de hongo Reishi de Primal Focus. Extracto org\u00e1nico de Reishi para un mejor sue\u00f1o y un equilibrio inmunitario a largo plazo. Vegano, sin OGM y sin rellenos.","breadcrumb":{"@id":"https:\/\/primalfocus.eu\/es\/reishi-capsules\/#breadcrumb"},"inLanguage":"es","potentialAction":[{"@type":"ReadAction","target":["https:\/\/primalfocus.eu\/es\/reishi-capsules\/"]}]},{"@type":"ImageObject","inLanguage":"es","@id":"https:\/\/primalfocus.eu\/es\/reishi-capsules\/#primaryimage","url":"https:\/\/primalfocus.eu\/wp-content\/uploads\/2024\/10\/Reishi-Capsules-primalfocus.eu_.webp","contentUrl":"https:\/\/primalfocus.eu\/wp-content\/uploads\/2024\/10\/Reishi-Capsules-primalfocus.eu_.webp","width":1080,"height":1080,"caption":"Reishi Capsules primalfocus.eu"},{"@type":"BreadcrumbList","@id":"https:\/\/primalfocus.eu\/es\/reishi-capsules\/#breadcrumb","itemListElement":[{"@type":"ListItem","position":1,"name":"Home","item":"https:\/\/primalfocus.eu\/"},{"@type":"ListItem","position":2,"name":"Shop","item":"https:\/\/primalfocus.eu\/products\/"},{"@type":"ListItem","position":3,"name":"Functional Mushrooms","item":"https:\/\/primalfocus.eu\/functional-mushrooms\/"},{"@type":"ListItem","position":4,"name":"Reishi Capsules"}]},{"@type":"WebSite","@id":"https:\/\/primalfocus.eu\/es\/#website","url":"https:\/\/primalfocus.eu\/es\/","name":"Primal Focus","description":"Comprar psicod\u00e9licos legales en l\u00ednea","publisher":{"@id":"https:\/\/primalfocus.eu\/es\/#organization"},"potentialAction":[{"@type":"SearchAction","target":{"@type":"EntryPoint","urlTemplate":"https:\/\/primalfocus.eu\/es\/?s={search_term_string}"},"query-input":{"@type":"PropertyValueSpecification","valueRequired":true,"valueName":"search_term_string"}}],"inLanguage":"es"},{"@type":"Organization","@id":"https:\/\/primalfocus.eu\/es\/#organization","name":"Primal Focus","alternateName":"primalfocus.eu","url":"https:\/\/primalfocus.eu\/es\/","logo":{"@type":"ImageObject","inLanguage":"es","@id":"https:\/\/primalfocus.eu\/es\/#\/schema\/logo\/image\/","url":"https:\/\/primalfocus.eu\/wp-content\/uploads\/2025\/11\/primal-focus-logo-header.svg","contentUrl":"https:\/\/primalfocus.eu\/wp-content\/uploads\/2025\/11\/primal-focus-logo-header.svg","caption":"Primal Focus"},"image":{"@id":"https:\/\/primalfocus.eu\/es\/#\/schema\/logo\/image\/"},"sameAs":["https:\/\/www.facebook.com\/profile.php?id=61575377667059","https:\/\/x.com\/primalfocus_eu","https:\/\/www.instagram.com\/primalfocus.store\/"]}]}},"jetpack_sharing_enabled":true,"_links":{"self":[{"href":"https:\/\/primalfocus.eu\/es\/wp-json\/wp\/v2\/product\/460111","targetHints":{"allow":["GET"]}}],"collection":[{"href":"https:\/\/primalfocus.eu\/es\/wp-json\/wp\/v2\/product"}],"about":[{"href":"https:\/\/primalfocus.eu\/es\/wp-json\/wp\/v2\/types\/product"}],"replies":[{"embeddable":true,"href":"https:\/\/primalfocus.eu\/es\/wp-json\/wp\/v2\/comments?post=460111"}],"wp:featuredmedia":[{"embeddable":true,"href":"https:\/\/primalfocus.eu\/es\/wp-json\/wp\/v2\/media\/870320"}],"wp:attachment":[{"href":"https:\/\/primalfocus.eu\/es\/wp-json\/wp\/v2\/media?parent=460111"}],"wp:term":[{"taxonomy":"product_brand","embeddable":true,"href":"https:\/\/primalfocus.eu\/es\/wp-json\/wp\/v2\/product_brand?post=460111"},{"taxonomy":"product_cat","embeddable":true,"href":"https:\/\/primalfocus.eu\/es\/wp-json\/wp\/v2\/product_cat?post=460111"},{"taxonomy":"product_tag","embeddable":true,"href":"https:\/\/primalfocus.eu\/es\/wp-json\/wp\/v2\/product_tag?post=460111"}],"curies":[{"name":"wp","href":"https:\/\/api.w.org\/{rel}","templated":true}]}}