{"id":4198,"date":"2023-07-16T13:21:17","date_gmt":"2023-07-16T11:21:17","guid":{"rendered":"https:\/\/primalfocus.eu\/?post_type=product&#038;p=4198"},"modified":"2026-04-03T13:14:55","modified_gmt":"2026-04-03T11:14:55","slug":"trufas-microdosis-xp","status":"publish","type":"product","link":"https:\/\/primalfocus.eu\/es\/microdose-xp-truffles\/","title":{"rendered":"Trufas m\u00e1gicas XP"},"content":{"rendered":"<h2 style=\"font-size: 45px;\"><strong>Microdosificaci\u00f3n Trufas Tira<\/strong><\/h2>\n<h3 style=\"font-size: 1.2em;\"><strong>Sutil est\u00edmulo de psilocibina para la concentraci\u00f3n, la creatividad y el equilibrio emocional.<\/strong><\/h3>\n<p>&nbsp;<\/p>\n<p>La tira de microdosis XP Magic Truffles est\u00e1 dise\u00f1ada para aquellos que desean los sutiles beneficios de la psilocibina sin la intensidad de un viaje completo. Cada paquete contiene 6 dosis cuidadosamente medidas de 1 gramo, que proporcionan claridad, concentraci\u00f3n y equilibrio emocional, a la vez que te mantienen totalmente funcional. Perfecta para crear una estructura y consistencia en tu pr\u00e1ctica de microdosis, esta tira ofrece una forma segura y fiable de explorar los efectos positivos de la psilocibina. <a href=\"https:\/\/primalfocus.eu\/es\/categoria-producto\/viajando\/trufas-macrodosis\/\">trufas m\u00e1gicas<\/a>.<\/p>\n<p>&nbsp;<\/p>\n<div style=\"background-color: #eff5e6; padding: 20px; border-radius: 12px; font-family: Montserrat, sans-serif; font-size: 15px; color: #333; line-height: 1.6;\">\n<ul style=\"list-style: none; padding: 0; margin: 0;\">\n<li style=\"margin-bottom: 8px;\">\u2705 <strong>6 x 1 gramo<\/strong> de microdosis frescas<\/li>\n<li style=\"margin-bottom: 8px;\">\u2705 <strong>Perfecto para:<\/strong> productividad, claridad y bienestar<\/li>\n<li style=\"margin-bottom: 8px;\">\u2705 <strong>Sin viaje<\/strong> - mantenerse funcional y despejado<\/li>\n<li style=\"margin-bottom: 8px;\">\u2705 <strong>100% natural y fresco<\/strong> de los Pa\u00edses Bajos<\/li>\n<li style=\"margin-bottom: 8px;\">\u2705 <strong>Env\u00edo discreto<\/strong> en toda la UE<\/li>\n<\/ul>\n<\/div>\n<p>&nbsp;<\/p>\n<p>&nbsp;<\/p>\n<h3>\u00bfPor qu\u00e9 deber\u00eda probar nuestras trufas con microdosis?<\/h3>\n<p>Los diversos beneficios de la microdosificaci\u00f3n se derivan todos de un efecto global: la conciencia. Tus sentidos se estimulan, haci\u00e9ndote m\u00e1s consciente, y al vivir m\u00e1s el momento, puedes disfrutar de las siguientes ventajas:<\/p>\n<div class=\"su-accordion su-u-trim\"><div class=\"su-accordion su-u-trim\"><\/div>\n<div style=\"font-family: Montserrat, sans-serif; margin-top: 20px;\">\n<div class=\"su-accordion su-u-trim custom-microdose-effects\"><\/div>\n<div class=\"su-spoiler su-spoiler-style-default su-spoiler-icon-plus su-spoiler-closed\" data-scroll-offset=\"0\" data-anchor-in-url=\"no\"><div class=\"su-spoiler-title\" tabindex=\"0\" role=\"button\"><span class=\"su-spoiler-icon\"><\/span>Mayor concentraci\u00f3n y claridad<\/div><div class=\"su-spoiler-content su-u-clearfix su-u-trim\">\n<div style=\"background-color: #eff5e6; padding: 12px 16px; border-radius: 0 0 8px 8px; font-size: 15px; color: #444;\">Muchos usuarios afirman sentirse m\u00e1s concentrados, presentes y l\u00facidos cuando toman microdosis. Ideal para tareas que requieren una atenci\u00f3n profunda o fluidez.<\/div>\n<\/div><\/div>\n<div class=\"su-spoiler su-spoiler-style-default su-spoiler-icon-plus su-spoiler-closed\" data-scroll-offset=\"0\" data-anchor-in-url=\"no\"><div class=\"su-spoiler-title\" tabindex=\"0\" role=\"button\"><span class=\"su-spoiler-icon\"><\/span>Mejor humor, menos estr\u00e9s<\/div><div class=\"su-spoiler-content su-u-clearfix su-u-trim\">\n<div style=\"background-color: #eff5e6; padding: 12px 16px; border-radius: 0 0 8px 8px; font-size: 15px; color: #444;\">La microdosificaci\u00f3n puede favorecer el equilibrio emocional y reducir la ansiedad o la tensi\u00f3n mental. Efectos sutiles que te ayudan a mantener los pies en la tierra y la calma.<\/div>\n<\/div><\/div>\n<div class=\"su-spoiler su-spoiler-style-default su-spoiler-icon-plus su-spoiler-closed\" data-scroll-offset=\"0\" data-anchor-in-url=\"no\"><div class=\"su-spoiler-title\" tabindex=\"0\" role=\"button\"><span class=\"su-spoiler-icon\"><\/span>Mayor creatividad y perspicacia<\/div><div class=\"su-spoiler-content su-u-clearfix su-u-trim\">\n<div style=\"background-color: #eff5e6; padding: 12px 16px; border-radius: 0 0 8px 8px; font-size: 15px; color: #444;\">Algunas personas experimentan un pensamiento m\u00e1s creativo, amplitud de miras y flexibilidad, lo que resulta perfecto para la resoluci\u00f3n de problemas o el trabajo art\u00edstico.<\/div>\n<\/div><\/div>\n<div class=\"su-spoiler su-spoiler-style-default su-spoiler-icon-plus su-spoiler-closed\" data-scroll-offset=\"0\" data-anchor-in-url=\"no\"><div class=\"su-spoiler-title\" tabindex=\"0\" role=\"button\"><span class=\"su-spoiler-icon\"><\/span>Mantenga la funcionalidad y el control<\/div><div class=\"su-spoiler-content su-u-clearfix su-u-trim\">\n<div style=\"background-color: #eff5e6; padding: 12px 16px; border-radius: 0 0 8px 8px; font-size: 15px; color: #444;\">Las trufas en microdosis no provocan un viaje. Seguir\u00e1s siendo totalmente funcional, capaz de trabajar, hablar y seguir con tu d\u00eda a d\u00eda, con una sutil ventaja mental.<\/div>\n<\/div><\/div>\n<div class=\"su-spoiler su-spoiler-style-default su-spoiler-icon-plus su-spoiler-closed\" data-scroll-offset=\"0\" data-anchor-in-url=\"no\"><div class=\"su-spoiler-title\" tabindex=\"0\" role=\"button\"><span class=\"su-spoiler-icon\"><\/span>Apoyo natural y jur\u00eddico<\/div><div class=\"su-spoiler-content su-u-clearfix su-u-trim\">\n<div style=\"background-color: #eff5e6; padding: 12px 16px; border-radius: 0 0 8px 8px; font-size: 15px; color: #444;\">Nuestras trufas son 100% naturales y se venden legalmente en los Pa\u00edses Bajos. Cumplen las normas de seguridad alimentaria y pueden enviarse a toda la UE.<\/div>\n<\/div><\/div>\n<\/div>\n<\/div>\n<p>&nbsp;<\/p>\n<p>&nbsp;<\/p>\n<div style=\"margin-top: 20px; background-color: #eff5e6; padding: 16px; border-radius: 8px; border: 1px solid #dbeac7; font-family: Montserrat, sans-serif; font-size: 14px;\">\n<h3><strong>Notas clave (leer atentamente):<\/strong><\/h3>\n<ul style=\"margin: 10px 0 0 20px;\">\n<li>No utilice trufas para microdosificaci\u00f3n si se siente mentalmente inestable, ansioso o si tiene antecedentes de psicosis (personales o familiares).<\/li>\n<li>Evitar su uso durante el embarazo, mientras se toman antidepresivos o antipsic\u00f3ticos, o si se es menor de 18 a\u00f1os.<\/li>\n<li>La microdosificaci\u00f3n debe realizarse seg\u00fan un horario estructurado: no a diario ni sin pausas.<\/li>\n<li>Los efectos son sutiles, pero pueden influir en el estado de \u00e1nimo, la percepci\u00f3n o la sensibilidad emocional. No combinar con alcohol u otras sustancias.<\/li>\n<li>Nuestras trufas son legales en los Pa\u00edses Bajos y est\u00e1n clasificadas como producto alimenticio por la Autoridad neerlandesa de Seguridad Alimentaria y de los Productos de Consumo.<\/li>\n<li>En virtud de la Ley de reconocimiento mutuo de mercanc\u00edas, estas trufas pueden venderse y enviarse legalmente dentro de la UE.<\/li>\n<\/ul>\n<\/div>","protected":false},"excerpt":{"rendered":"<p>Microdosing Truffles Strip Subtle psilocybin boost for focus, creativity and emotional balance. &nbsp; The XP Magic Truffles microdose strip is [&hellip;]<\/p>\n","protected":false},"featured_media":338777,"comment_status":"open","ping_status":"closed","template":"","meta":{"site-sidebar-layout":"default","site-content-layout":"default","ast-site-content-layout":"default","site-content-style":"default","site-sidebar-style":"default","ast-global-header-display":"","ast-banner-title-visibility":"","ast-main-header-display":"","ast-hfb-above-header-display":"","ast-hfb-below-header-display":"","ast-hfb-mobile-header-display":"","site-post-title":"","ast-breadcrumbs-content":"","ast-featured-img":"","footer-sml-layout":"","ast-disable-related-posts":"","theme-transparent-header-meta":"default","adv-header-id-meta":"","stick-header-meta":"","header-above-stick-meta":"","header-main-stick-meta":"","header-below-stick-meta":"","astra-migrate-meta-layouts":"set","ast-page-background-enabled":"default","ast-page-background-meta":{"desktop":{"background-color":"","background-image":"","background-repeat":"repeat","background-position":"center center","background-size":"auto","background-attachment":"scroll","background-type":"","background-media":"","overlay-type":"","overlay-color":"","overlay-opacity":"","overlay-gradient":""},"tablet":{"background-color":"","background-image":"","background-repeat":"repeat","background-position":"center center","background-size":"auto","background-attachment":"scroll","background-type":"","background-media":"","overlay-type":"","overlay-color":"","overlay-opacity":"","overlay-gradient":""},"mobile":{"background-color":"","background-image":"","background-repeat":"repeat","background-position":"center center","background-size":"auto","background-attachment":"scroll","background-type":"","background-media":"","overlay-type":"","overlay-color":"","overlay-opacity":"","overlay-gradient":""}},"ast-content-background-meta":{"desktop":{"background-color":"var(--ast-global-color-5)","background-image":"","background-repeat":"repeat","background-position":"center center","background-size":"auto","background-attachment":"scroll","background-type":"","background-media":"","overlay-type":"","overlay-color":"","overlay-opacity":"","overlay-gradient":""},"tablet":{"background-color":"var(--ast-global-color-5)","background-image":"","background-repeat":"repeat","background-position":"center center","background-size":"auto","background-attachment":"scroll","background-type":"","background-media":"","overlay-type":"","overlay-color":"","overlay-opacity":"","overlay-gradient":""},"mobile":{"background-color":"var(--ast-global-color-5)","background-image":"","background-repeat":"repeat","background-position":"center center","background-size":"auto","background-attachment":"scroll","background-type":"","background-media":"","overlay-type":"","overlay-color":"","overlay-opacity":"","overlay-gradient":""}}},"product_brand":[129],"product_cat":[109,111],"product_tag":[],"class_list":{"0":"post-4198","1":"product","2":"type-product","3":"status-publish","4":"has-post-thumbnail","6":"product_brand-primal-focus","7":"product_cat-magic-truffles","8":"product_cat-microdosing","9":"product_shipping_class-brievenbus-pakje","10":"desktop-align-center","11":"tablet-align-left","12":"mobile-align-left","14":"first","15":"instock","16":"taxable","17":"shipping-taxable","18":"purchasable","19":"product-type-simple"},"yoast_head":"<!-- This site is optimized with the Yoast SEO plugin v27.3 - https:\/\/yoast.com\/product\/yoast-seo-wordpress\/ -->\n<title>Buy XP Magic Truffles Strip with fast EU delivery<\/title>\n<meta name=\"description\" content=\"Try XP Magic Truffles from Primal Focus. Six ready to use doses support focus and creativity. Enjoy discreet shipping and same day dispatch. Order today.\" \/>\n<meta name=\"robots\" content=\"index, follow, max-snippet:-1, max-image-preview:large, max-video-preview:-1\" \/>\n<link rel=\"canonical\" href=\"https:\/\/primalfocus.eu\/es\/trufas-microdosis-xp\/\" \/>\n<meta property=\"og:locale\" content=\"es_ES\" \/>\n<meta property=\"og:type\" content=\"article\" \/>\n<meta property=\"og:title\" content=\"Buy XP Magic Truffles Strip with fast EU delivery\" \/>\n<meta property=\"og:description\" content=\"Try XP Magic Truffles from Primal Focus. Six ready to use doses support focus and creativity. Enjoy discreet shipping and same day dispatch. Order today.\" \/>\n<meta property=\"og:url\" content=\"https:\/\/primalfocus.eu\/es\/trufas-microdosis-xp\/\" \/>\n<meta property=\"og:site_name\" content=\"Primal Focus\" \/>\n<meta property=\"article:publisher\" content=\"https:\/\/www.facebook.com\/profile.php?id=61575377667059\" \/>\n<meta property=\"article:modified_time\" content=\"2026-04-03T11:14:55+00:00\" \/>\n<meta property=\"og:image\" content=\"https:\/\/primalfocus.eu\/wp-content\/uploads\/2023\/07\/MVS_20240503_0051-l-scaled.jpg\" \/>\n\t<meta property=\"og:image:width\" content=\"1920\" \/>\n\t<meta property=\"og:image:height\" content=\"1920\" \/>\n\t<meta property=\"og:image:type\" content=\"image\/jpeg\" \/>\n<meta name=\"twitter:card\" content=\"summary_large_image\" \/>\n<meta name=\"twitter:site\" content=\"@primalfocus_eu\" \/>\n<meta name=\"twitter:label1\" content=\"Tiempo de lectura\" \/>\n\t<meta name=\"twitter:data1\" content=\"3 minutos\" \/>\n<script type=\"application\/ld+json\" class=\"yoast-schema-graph\">{\"@context\":\"https:\\\/\\\/schema.org\",\"@graph\":[{\"@type\":\"WebPage\",\"@id\":\"https:\\\/\\\/primalfocus.eu\\\/es\\\/microdose-xp-truffles\\\/\",\"url\":\"https:\\\/\\\/primalfocus.eu\\\/es\\\/microdose-xp-truffles\\\/\",\"name\":\"Buy XP Magic Truffles Strip with fast EU delivery\",\"isPartOf\":{\"@id\":\"https:\\\/\\\/primalfocus.eu\\\/es\\\/#website\"},\"primaryImageOfPage\":{\"@id\":\"https:\\\/\\\/primalfocus.eu\\\/es\\\/microdose-xp-truffles\\\/#primaryimage\"},\"image\":{\"@id\":\"https:\\\/\\\/primalfocus.eu\\\/es\\\/microdose-xp-truffles\\\/#primaryimage\"},\"thumbnailUrl\":\"https:\\\/\\\/primalfocus.eu\\\/wp-content\\\/uploads\\\/2023\\\/07\\\/MVS_20240503_0051-l-scaled.jpg\",\"datePublished\":\"2023-07-16T11:21:17+00:00\",\"dateModified\":\"2026-04-03T11:14:55+00:00\",\"description\":\"Try XP Magic Truffles from Primal Focus. Six ready to use doses support focus and creativity. Enjoy discreet shipping and same day dispatch. Order today.\",\"breadcrumb\":{\"@id\":\"https:\\\/\\\/primalfocus.eu\\\/es\\\/microdose-xp-truffles\\\/#breadcrumb\"},\"inLanguage\":\"es\",\"potentialAction\":[{\"@type\":\"ReadAction\",\"target\":[\"https:\\\/\\\/primalfocus.eu\\\/es\\\/microdose-xp-truffles\\\/\"]}]},{\"@type\":\"ImageObject\",\"inLanguage\":\"es\",\"@id\":\"https:\\\/\\\/primalfocus.eu\\\/es\\\/microdose-xp-truffles\\\/#primaryimage\",\"url\":\"https:\\\/\\\/primalfocus.eu\\\/wp-content\\\/uploads\\\/2023\\\/07\\\/MVS_20240503_0051-l-scaled.jpg\",\"contentUrl\":\"https:\\\/\\\/primalfocus.eu\\\/wp-content\\\/uploads\\\/2023\\\/07\\\/MVS_20240503_0051-l-scaled.jpg\",\"width\":1920,\"height\":1920,\"caption\":\"MVS 20240503 0051 l scaled\"},{\"@type\":\"BreadcrumbList\",\"@id\":\"https:\\\/\\\/primalfocus.eu\\\/es\\\/microdose-xp-truffles\\\/#breadcrumb\",\"itemListElement\":[{\"@type\":\"ListItem\",\"position\":1,\"name\":\"Home\",\"item\":\"https:\\\/\\\/primalfocus.eu\\\/\"},{\"@type\":\"ListItem\",\"position\":2,\"name\":\"Shop\",\"item\":\"https:\\\/\\\/primalfocus.eu\\\/products\\\/\"},{\"@type\":\"ListItem\",\"position\":3,\"name\":\"Microdosing\",\"item\":\"https:\\\/\\\/primalfocus.eu\\\/microdosing\\\/\"},{\"@type\":\"ListItem\",\"position\":4,\"name\":\"XP Magic Truffles\"}]},{\"@type\":\"WebSite\",\"@id\":\"https:\\\/\\\/primalfocus.eu\\\/es\\\/#website\",\"url\":\"https:\\\/\\\/primalfocus.eu\\\/es\\\/\",\"name\":\"Primal Focus\",\"description\":\"Buy legal psychedelics online\",\"publisher\":{\"@id\":\"https:\\\/\\\/primalfocus.eu\\\/es\\\/#organization\"},\"potentialAction\":[{\"@type\":\"SearchAction\",\"target\":{\"@type\":\"EntryPoint\",\"urlTemplate\":\"https:\\\/\\\/primalfocus.eu\\\/es\\\/?s={search_term_string}\"},\"query-input\":{\"@type\":\"PropertyValueSpecification\",\"valueRequired\":true,\"valueName\":\"search_term_string\"}}],\"inLanguage\":\"es\"},{\"@type\":\"Organization\",\"@id\":\"https:\\\/\\\/primalfocus.eu\\\/es\\\/#organization\",\"name\":\"Primal Focus\",\"alternateName\":\"primalfocus.eu\",\"url\":\"https:\\\/\\\/primalfocus.eu\\\/es\\\/\",\"logo\":{\"@type\":\"ImageObject\",\"inLanguage\":\"es\",\"@id\":\"https:\\\/\\\/primalfocus.eu\\\/es\\\/#\\\/schema\\\/logo\\\/image\\\/\",\"url\":\"https:\\\/\\\/primalfocus.eu\\\/wp-content\\\/uploads\\\/2025\\\/11\\\/primal-focus-logo-header.svg\",\"contentUrl\":\"https:\\\/\\\/primalfocus.eu\\\/wp-content\\\/uploads\\\/2025\\\/11\\\/primal-focus-logo-header.svg\",\"caption\":\"Primal Focus\"},\"image\":{\"@id\":\"https:\\\/\\\/primalfocus.eu\\\/es\\\/#\\\/schema\\\/logo\\\/image\\\/\"},\"sameAs\":[\"https:\\\/\\\/www.facebook.com\\\/profile.php?id=61575377667059\",\"https:\\\/\\\/x.com\\\/primalfocus_eu\",\"https:\\\/\\\/www.instagram.com\\\/primalfocus.store\\\/\"]}]}<\/script>\n<!-- \/ Yoast SEO plugin. -->","yoast_head_json":{"title":"Comprar XP Magic Truffles Strip con entrega r\u00e1pida en la UE","description":"Pruebe las Trufas M\u00e1gicas XP de Primal Focus. Seis dosis listas para usar que favorecen la concentraci\u00f3n y la creatividad. Disfrute de un env\u00edo discreto y en el mismo d\u00eda. Haga su pedido hoy mismo.","robots":{"index":"index","follow":"follow","max-snippet":"max-snippet:-1","max-image-preview":"max-image-preview:large","max-video-preview":"max-video-preview:-1"},"canonical":"https:\/\/primalfocus.eu\/es\/trufas-microdosis-xp\/","og_locale":"es_ES","og_type":"article","og_title":"Buy XP Magic Truffles Strip with fast EU delivery","og_description":"Try XP Magic Truffles from Primal Focus. Six ready to use doses support focus and creativity. Enjoy discreet shipping and same day dispatch. Order today.","og_url":"https:\/\/primalfocus.eu\/es\/trufas-microdosis-xp\/","og_site_name":"Primal Focus","article_publisher":"https:\/\/www.facebook.com\/profile.php?id=61575377667059","article_modified_time":"2026-04-03T11:14:55+00:00","og_image":[{"width":1920,"height":1920,"url":"https:\/\/primalfocus.eu\/wp-content\/uploads\/2023\/07\/MVS_20240503_0051-l-scaled.jpg","type":"image\/jpeg"}],"twitter_card":"summary_large_image","twitter_site":"@primalfocus_eu","twitter_misc":{"Tiempo de lectura":"3 minutos"},"schema":{"@context":"https:\/\/schema.org","@graph":[{"@type":"WebPage","@id":"https:\/\/primalfocus.eu\/es\/microdose-xp-truffles\/","url":"https:\/\/primalfocus.eu\/es\/microdose-xp-truffles\/","name":"Comprar XP Magic Truffles Strip con entrega r\u00e1pida en la UE","isPartOf":{"@id":"https:\/\/primalfocus.eu\/es\/#website"},"primaryImageOfPage":{"@id":"https:\/\/primalfocus.eu\/es\/microdose-xp-truffles\/#primaryimage"},"image":{"@id":"https:\/\/primalfocus.eu\/es\/microdose-xp-truffles\/#primaryimage"},"thumbnailUrl":"https:\/\/primalfocus.eu\/wp-content\/uploads\/2023\/07\/MVS_20240503_0051-l-scaled.jpg","datePublished":"2023-07-16T11:21:17+00:00","dateModified":"2026-04-03T11:14:55+00:00","description":"Pruebe las Trufas M\u00e1gicas XP de Primal Focus. Seis dosis listas para usar que favorecen la concentraci\u00f3n y la creatividad. Disfrute de un env\u00edo discreto y en el mismo d\u00eda. Haga su pedido hoy mismo.","breadcrumb":{"@id":"https:\/\/primalfocus.eu\/es\/microdose-xp-truffles\/#breadcrumb"},"inLanguage":"es","potentialAction":[{"@type":"ReadAction","target":["https:\/\/primalfocus.eu\/es\/microdose-xp-truffles\/"]}]},{"@type":"ImageObject","inLanguage":"es","@id":"https:\/\/primalfocus.eu\/es\/microdose-xp-truffles\/#primaryimage","url":"https:\/\/primalfocus.eu\/wp-content\/uploads\/2023\/07\/MVS_20240503_0051-l-scaled.jpg","contentUrl":"https:\/\/primalfocus.eu\/wp-content\/uploads\/2023\/07\/MVS_20240503_0051-l-scaled.jpg","width":1920,"height":1920,"caption":"MVS 20240503 0051 l scaled"},{"@type":"BreadcrumbList","@id":"https:\/\/primalfocus.eu\/es\/microdose-xp-truffles\/#breadcrumb","itemListElement":[{"@type":"ListItem","position":1,"name":"Home","item":"https:\/\/primalfocus.eu\/"},{"@type":"ListItem","position":2,"name":"Shop","item":"https:\/\/primalfocus.eu\/products\/"},{"@type":"ListItem","position":3,"name":"Microdosing","item":"https:\/\/primalfocus.eu\/microdosing\/"},{"@type":"ListItem","position":4,"name":"XP Magic Truffles"}]},{"@type":"WebSite","@id":"https:\/\/primalfocus.eu\/es\/#website","url":"https:\/\/primalfocus.eu\/es\/","name":"Primal Focus","description":"Comprar psicod\u00e9licos legales en l\u00ednea","publisher":{"@id":"https:\/\/primalfocus.eu\/es\/#organization"},"potentialAction":[{"@type":"SearchAction","target":{"@type":"EntryPoint","urlTemplate":"https:\/\/primalfocus.eu\/es\/?s={search_term_string}"},"query-input":{"@type":"PropertyValueSpecification","valueRequired":true,"valueName":"search_term_string"}}],"inLanguage":"es"},{"@type":"Organization","@id":"https:\/\/primalfocus.eu\/es\/#organization","name":"Primal Focus","alternateName":"primalfocus.eu","url":"https:\/\/primalfocus.eu\/es\/","logo":{"@type":"ImageObject","inLanguage":"es","@id":"https:\/\/primalfocus.eu\/es\/#\/schema\/logo\/image\/","url":"https:\/\/primalfocus.eu\/wp-content\/uploads\/2025\/11\/primal-focus-logo-header.svg","contentUrl":"https:\/\/primalfocus.eu\/wp-content\/uploads\/2025\/11\/primal-focus-logo-header.svg","caption":"Primal Focus"},"image":{"@id":"https:\/\/primalfocus.eu\/es\/#\/schema\/logo\/image\/"},"sameAs":["https:\/\/www.facebook.com\/profile.php?id=61575377667059","https:\/\/x.com\/primalfocus_eu","https:\/\/www.instagram.com\/primalfocus.store\/"]}]}},"jetpack_sharing_enabled":true,"_links":{"self":[{"href":"https:\/\/primalfocus.eu\/es\/wp-json\/wp\/v2\/product\/4198","targetHints":{"allow":["GET"]}}],"collection":[{"href":"https:\/\/primalfocus.eu\/es\/wp-json\/wp\/v2\/product"}],"about":[{"href":"https:\/\/primalfocus.eu\/es\/wp-json\/wp\/v2\/types\/product"}],"replies":[{"embeddable":true,"href":"https:\/\/primalfocus.eu\/es\/wp-json\/wp\/v2\/comments?post=4198"}],"wp:featuredmedia":[{"embeddable":true,"href":"https:\/\/primalfocus.eu\/es\/wp-json\/wp\/v2\/media\/338777"}],"wp:attachment":[{"href":"https:\/\/primalfocus.eu\/es\/wp-json\/wp\/v2\/media?parent=4198"}],"wp:term":[{"taxonomy":"product_brand","embeddable":true,"href":"https:\/\/primalfocus.eu\/es\/wp-json\/wp\/v2\/product_brand?post=4198"},{"taxonomy":"product_cat","embeddable":true,"href":"https:\/\/primalfocus.eu\/es\/wp-json\/wp\/v2\/product_cat?post=4198"},{"taxonomy":"product_tag","embeddable":true,"href":"https:\/\/primalfocus.eu\/es\/wp-json\/wp\/v2\/product_tag?post=4198"}],"curies":[{"name":"wp","href":"https:\/\/api.w.org\/{rel}","templated":true}]}}