{"id":352248,"date":"2024-08-07T09:27:50","date_gmt":"2024-08-07T07:27:50","guid":{"rendered":"https:\/\/primalfocus.eu\/?post_type=product&#038;p=352248"},"modified":"2026-03-24T22:25:18","modified_gmt":"2026-03-24T21:25:18","slug":"magic-mushroom-grow-kit-colombiana","status":"publish","type":"product","link":"https:\/\/primalfocus.eu\/es\/magic-mushroom-grow-kit-colombian\/","title":{"rendered":"Kit de cultivo colombiano"},"content":{"rendered":"<p>Cultiva setas potentes que expanden la mente, con profundos conocimientos y c\u00e1lidos efectos sociales. En <strong>Kit de cultivo colombiano<\/strong> ofrece una forma f\u00e1cil para principiantes de cultivar sus propias setas m\u00e1gicas naturales en casa, con rendimientos impresionantes y resultados profundos.<\/p>\n<h2>\u00bfPor qu\u00e9 el nombre colombiano?<\/h2>\n<p>Esta variedad toma su nombre de las monta\u00f1as salvajes de Colombia, donde la Psilocybe cubensis crece de forma natural en climas c\u00e1lidos y h\u00famedos. La variedad colombiana es conocida por su profundidad espiritual, sus suaves efectos visuales y su capacidad para fomentar la autorreflexi\u00f3n y la conexi\u00f3n con los dem\u00e1s.<\/p>\n<h2>\u00bfQu\u00e9 hace especial al equipo colombiano?<\/h2>\n<p>Los hongos colombianos suelen denominarse \u201chongos sociales\u201d por sus efectos equilibrados y su naturaleza que abre el coraz\u00f3n. Ofrecen visiones claras, claridad emocional y una profunda sensaci\u00f3n de conexi\u00f3n. Esta cepa es indulgente para los principiantes, produciendo cosechas fuertes y fiables incluso con un esfuerzo m\u00ednimo.<\/p>\n<p>Perfecto para:<\/p>\n<ul>\n<li>Profunda autorreflexi\u00f3n<\/li>\n<li>Conversaciones sinceras<\/li>\n<li>Viajes interiores tranquilos<\/li>\n<\/ul>\n<h2>\u00bfQu\u00e9 hay dentro de la caja?<\/h2>\n<p>Se incluye todo lo que necesita para cultivar sus propias setas de forma segura y sencilla:<\/p>\n<ul>\n<li>Caja de cultivo de 1200 ml (lista para usar)<\/li>\n<li>1 bolsa de cultivo con microfiltro<\/li>\n<li>2 clips<\/li>\n<li>Gu\u00eda de cultivo ilustrada<\/li>\n<\/ul>\n<p>No se necesita experiencia previa en cultivo. S\u00f3lo tienes que seguir los pasos y esperar a que la naturaleza haga su trabajo. Tambi\u00e9n puede explorar nuestros otros <a href=\"https:\/\/primalfocus.eu\/es\/categoria-producto\/viajando\/kits-de-cultivo\/\">kits de cultivo<\/a> aqu\u00ed.<\/p>\n<h2>\u00bfQu\u00e9 potencia tienen las setas?<\/h2>\n<p>Las setas colombianas se encuentran entre las variedades m\u00e1s potentes de Psilocybe cubensis. Incluso peque\u00f1as dosis pueden aportar una profunda percepci\u00f3n emocional y una mayor conciencia. Aunque producen efectos visuales agradables, su verdadera fuerza reside en su profundidad emocional y espiritual, que conecta mente, cuerpo y empat\u00eda.<\/p>\n<h2>Almacenamiento y notas importantes<\/h2>\n<p>Guarde el kit de cultivo en el frigor\u00edfico nada m\u00e1s recibirlo. La caducidad es de aproximadamente un mes. Al tratarse de un producto natural, los resultados pueden variar. La mayor\u00eda de los usuarios experimentan excelentes rendimientos, pero no se puede garantizar el \u00e9xito. Para obtener los mejores resultados, siga paso a paso el manual incluido.<\/p>\n<h2>Notas clave (leer atentamente)<\/h2>\n<ul>\n<li>No lo utilice si est\u00e1 mentalmente inestable, ansioso, deprimido o tiene antecedentes familiares de psicosis.<\/li>\n<li>Evitar durante el embarazo, en menores de 18 a\u00f1os o cuando se utilicen antidepresivos o antipsic\u00f3ticos<\/li>\n<li>Utilizar s\u00f3lo en un entorno seguro, idealmente con una persona sobria.<\/li>\n<li>No combinar nunca con alcohol u otras sustancias<\/li>\n<li>100% legal en los Pa\u00edses Bajos y vendida con fines de cultivo dom\u00e9stico<\/li>\n<li>Env\u00edo a toda la UE autorizado por la Ley de reconocimiento mutuo de mercanc\u00edas<\/li>\n<\/ul>","protected":false},"excerpt":{"rendered":"<p>Cultivate powerful, mind-expanding mushrooms with deep insights and warm social effects. The Colombian grow kit offers a beginner-friendly way to [&hellip;]<\/p>\n","protected":false},"featured_media":896995,"comment_status":"open","ping_status":"closed","template":"","meta":{"site-sidebar-layout":"default","site-content-layout":"default","ast-site-content-layout":"default","site-content-style":"default","site-sidebar-style":"default","ast-global-header-display":"","ast-banner-title-visibility":"","ast-main-header-display":"","ast-hfb-above-header-display":"","ast-hfb-below-header-display":"","ast-hfb-mobile-header-display":"","site-post-title":"","ast-breadcrumbs-content":"","ast-featured-img":"","footer-sml-layout":"","ast-disable-related-posts":"","theme-transparent-header-meta":"default","adv-header-id-meta":"","stick-header-meta":"","header-above-stick-meta":"","header-main-stick-meta":"","header-below-stick-meta":"","astra-migrate-meta-layouts":"set","ast-page-background-enabled":"default","ast-page-background-meta":{"desktop":{"background-color":"","background-image":"","background-repeat":"repeat","background-position":"center center","background-size":"auto","background-attachment":"scroll","background-type":"","background-media":"","overlay-type":"","overlay-color":"","overlay-opacity":"","overlay-gradient":""},"tablet":{"background-color":"","background-image":"","background-repeat":"repeat","background-position":"center center","background-size":"auto","background-attachment":"scroll","background-type":"","background-media":"","overlay-type":"","overlay-color":"","overlay-opacity":"","overlay-gradient":""},"mobile":{"background-color":"","background-image":"","background-repeat":"repeat","background-position":"center center","background-size":"auto","background-attachment":"scroll","background-type":"","background-media":"","overlay-type":"","overlay-color":"","overlay-opacity":"","overlay-gradient":""}},"ast-content-background-meta":{"desktop":{"background-color":"var(--ast-global-color-5)","background-image":"","background-repeat":"repeat","background-position":"center center","background-size":"auto","background-attachment":"scroll","background-type":"","background-media":"","overlay-type":"","overlay-color":"","overlay-opacity":"","overlay-gradient":""},"tablet":{"background-color":"var(--ast-global-color-5)","background-image":"","background-repeat":"repeat","background-position":"center center","background-size":"auto","background-attachment":"scroll","background-type":"","background-media":"","overlay-type":"","overlay-color":"","overlay-opacity":"","overlay-gradient":""},"mobile":{"background-color":"var(--ast-global-color-5)","background-image":"","background-repeat":"repeat","background-position":"center center","background-size":"auto","background-attachment":"scroll","background-type":"","background-media":"","overlay-type":"","overlay-color":"","overlay-opacity":"","overlay-gradient":""}}},"product_brand":[129],"product_cat":[92,110],"product_tag":[],"class_list":{"0":"post-352248","1":"product","2":"type-product","3":"status-publish","4":"has-post-thumbnail","6":"product_brand-primal-focus","7":"product_cat-macrodosing","8":"product_cat-grow-kits","9":"product_shipping_class-pakket","10":"desktop-align-center","11":"tablet-align-left","12":"mobile-align-left","14":"first","15":"instock","16":"sale","17":"taxable","18":"shipping-taxable","19":"purchasable","20":"product-type-simple"},"yoast_head":"<!-- This site is optimized with the Yoast SEO plugin v27.3 - https:\/\/yoast.com\/product\/yoast-seo-wordpress\/ -->\n<title>Colombian grow kit: deep insights from natural mushrooms<\/title>\n<meta name=\"description\" content=\"Experience the Colombian grow kit from Primal Focus. Grow your own mushrooms naturally, connect deeply and enjoy discreet EU wide delivery and support.\" \/>\n<meta name=\"robots\" content=\"index, follow, max-snippet:-1, max-image-preview:large, max-video-preview:-1\" \/>\n<link rel=\"canonical\" href=\"https:\/\/primalfocus.eu\/es\/magic-mushroom-grow-kit-colombiana\/\" \/>\n<meta property=\"og:locale\" content=\"es_ES\" \/>\n<meta property=\"og:type\" content=\"article\" \/>\n<meta property=\"og:title\" content=\"Colombian grow kit: deep insights from natural mushrooms\" \/>\n<meta property=\"og:description\" content=\"Experience the Colombian grow kit from Primal Focus. Grow your own mushrooms naturally, connect deeply and enjoy discreet EU wide delivery and support.\" \/>\n<meta property=\"og:url\" content=\"https:\/\/primalfocus.eu\/es\/magic-mushroom-grow-kit-colombiana\/\" \/>\n<meta property=\"og:site_name\" content=\"Primal Focus\" \/>\n<meta property=\"article:publisher\" content=\"https:\/\/www.facebook.com\/profile.php?id=61575377667059\" \/>\n<meta property=\"article:modified_time\" content=\"2026-03-24T21:25:18+00:00\" \/>\n<meta property=\"og:image\" content=\"https:\/\/primalfocus.eu\/wp-content\/uploads\/2024\/08\/Colombian-Grow-Kit.webp\" \/>\n\t<meta property=\"og:image:width\" content=\"1000\" \/>\n\t<meta property=\"og:image:height\" content=\"1000\" \/>\n\t<meta property=\"og:image:type\" content=\"image\/webp\" \/>\n<meta name=\"twitter:card\" content=\"summary_large_image\" \/>\n<meta name=\"twitter:site\" content=\"@primalfocus_eu\" \/>\n<meta name=\"twitter:label1\" content=\"Tiempo de lectura\" \/>\n\t<meta name=\"twitter:data1\" content=\"2 minutos\" \/>\n<script type=\"application\/ld+json\" class=\"yoast-schema-graph\">{\"@context\":\"https:\\\/\\\/schema.org\",\"@graph\":[{\"@type\":\"WebPage\",\"@id\":\"https:\\\/\\\/primalfocus.eu\\\/es\\\/magic-mushroom-grow-kit-colombian\\\/\",\"url\":\"https:\\\/\\\/primalfocus.eu\\\/es\\\/magic-mushroom-grow-kit-colombian\\\/\",\"name\":\"Colombian grow kit: deep insights from natural mushrooms\",\"isPartOf\":{\"@id\":\"https:\\\/\\\/primalfocus.eu\\\/es\\\/#website\"},\"primaryImageOfPage\":{\"@id\":\"https:\\\/\\\/primalfocus.eu\\\/es\\\/magic-mushroom-grow-kit-colombian\\\/#primaryimage\"},\"image\":{\"@id\":\"https:\\\/\\\/primalfocus.eu\\\/es\\\/magic-mushroom-grow-kit-colombian\\\/#primaryimage\"},\"thumbnailUrl\":\"https:\\\/\\\/primalfocus.eu\\\/wp-content\\\/uploads\\\/2024\\\/08\\\/Colombian-Grow-Kit.webp\",\"datePublished\":\"2024-08-07T07:27:50+00:00\",\"dateModified\":\"2026-03-24T21:25:18+00:00\",\"description\":\"Experience the Colombian grow kit from Primal Focus. Grow your own mushrooms naturally, connect deeply and enjoy discreet EU wide delivery and support.\",\"breadcrumb\":{\"@id\":\"https:\\\/\\\/primalfocus.eu\\\/es\\\/magic-mushroom-grow-kit-colombian\\\/#breadcrumb\"},\"inLanguage\":\"es\",\"potentialAction\":[{\"@type\":\"ReadAction\",\"target\":[\"https:\\\/\\\/primalfocus.eu\\\/es\\\/magic-mushroom-grow-kit-colombian\\\/\"]}]},{\"@type\":\"ImageObject\",\"inLanguage\":\"es\",\"@id\":\"https:\\\/\\\/primalfocus.eu\\\/es\\\/magic-mushroom-grow-kit-colombian\\\/#primaryimage\",\"url\":\"https:\\\/\\\/primalfocus.eu\\\/wp-content\\\/uploads\\\/2024\\\/08\\\/Colombian-Grow-Kit.webp\",\"contentUrl\":\"https:\\\/\\\/primalfocus.eu\\\/wp-content\\\/uploads\\\/2024\\\/08\\\/Colombian-Grow-Kit.webp\",\"width\":1000,\"height\":1000,\"caption\":\"Colombian Grow Kit\"},{\"@type\":\"BreadcrumbList\",\"@id\":\"https:\\\/\\\/primalfocus.eu\\\/es\\\/magic-mushroom-grow-kit-colombian\\\/#breadcrumb\",\"itemListElement\":[{\"@type\":\"ListItem\",\"position\":1,\"name\":\"Home\",\"item\":\"https:\\\/\\\/primalfocus.eu\\\/\"},{\"@type\":\"ListItem\",\"position\":2,\"name\":\"Shop\",\"item\":\"https:\\\/\\\/primalfocus.eu\\\/products\\\/\"},{\"@type\":\"ListItem\",\"position\":3,\"name\":\"Macrodosing\",\"item\":\"https:\\\/\\\/primalfocus.eu\\\/macrodosing\\\/\"},{\"@type\":\"ListItem\",\"position\":4,\"name\":\"Mushroom grow kit\",\"item\":\"https:\\\/\\\/primalfocus.eu\\\/grow-kits\\\/\"},{\"@type\":\"ListItem\",\"position\":5,\"name\":\"Colombian grow kit\"}]},{\"@type\":\"WebSite\",\"@id\":\"https:\\\/\\\/primalfocus.eu\\\/es\\\/#website\",\"url\":\"https:\\\/\\\/primalfocus.eu\\\/es\\\/\",\"name\":\"Primal Focus\",\"description\":\"Buy legal psychedelics online\",\"publisher\":{\"@id\":\"https:\\\/\\\/primalfocus.eu\\\/es\\\/#organization\"},\"potentialAction\":[{\"@type\":\"SearchAction\",\"target\":{\"@type\":\"EntryPoint\",\"urlTemplate\":\"https:\\\/\\\/primalfocus.eu\\\/es\\\/?s={search_term_string}\"},\"query-input\":{\"@type\":\"PropertyValueSpecification\",\"valueRequired\":true,\"valueName\":\"search_term_string\"}}],\"inLanguage\":\"es\"},{\"@type\":\"Organization\",\"@id\":\"https:\\\/\\\/primalfocus.eu\\\/es\\\/#organization\",\"name\":\"Primal Focus\",\"alternateName\":\"primalfocus.eu\",\"url\":\"https:\\\/\\\/primalfocus.eu\\\/es\\\/\",\"logo\":{\"@type\":\"ImageObject\",\"inLanguage\":\"es\",\"@id\":\"https:\\\/\\\/primalfocus.eu\\\/es\\\/#\\\/schema\\\/logo\\\/image\\\/\",\"url\":\"https:\\\/\\\/primalfocus.eu\\\/wp-content\\\/uploads\\\/2025\\\/11\\\/primal-focus-logo-header.svg\",\"contentUrl\":\"https:\\\/\\\/primalfocus.eu\\\/wp-content\\\/uploads\\\/2025\\\/11\\\/primal-focus-logo-header.svg\",\"caption\":\"Primal Focus\"},\"image\":{\"@id\":\"https:\\\/\\\/primalfocus.eu\\\/es\\\/#\\\/schema\\\/logo\\\/image\\\/\"},\"sameAs\":[\"https:\\\/\\\/www.facebook.com\\\/profile.php?id=61575377667059\",\"https:\\\/\\\/x.com\\\/primalfocus_eu\",\"https:\\\/\\\/www.instagram.com\\\/primalfocus.store\\\/\"]}]}<\/script>\n<!-- \/ Yoast SEO plugin. -->","yoast_head_json":{"title":"Kit de cultivo colombiano: conocimientos profundos de los hongos naturales","description":"Experimenta el kit de cultivo colombiano de Primal Focus. Cultiva tus propios hongos de forma natural, con\u00e9ctate profundamente y disfruta de una entrega y asistencia discretas en toda la UE.","robots":{"index":"index","follow":"follow","max-snippet":"max-snippet:-1","max-image-preview":"max-image-preview:large","max-video-preview":"max-video-preview:-1"},"canonical":"https:\/\/primalfocus.eu\/es\/magic-mushroom-grow-kit-colombiana\/","og_locale":"es_ES","og_type":"article","og_title":"Colombian grow kit: deep insights from natural mushrooms","og_description":"Experience the Colombian grow kit from Primal Focus. Grow your own mushrooms naturally, connect deeply and enjoy discreet EU wide delivery and support.","og_url":"https:\/\/primalfocus.eu\/es\/magic-mushroom-grow-kit-colombiana\/","og_site_name":"Primal Focus","article_publisher":"https:\/\/www.facebook.com\/profile.php?id=61575377667059","article_modified_time":"2026-03-24T21:25:18+00:00","og_image":[{"width":1000,"height":1000,"url":"https:\/\/primalfocus.eu\/wp-content\/uploads\/2024\/08\/Colombian-Grow-Kit.webp","type":"image\/webp"}],"twitter_card":"summary_large_image","twitter_site":"@primalfocus_eu","twitter_misc":{"Tiempo de lectura":"2 minutos"},"schema":{"@context":"https:\/\/schema.org","@graph":[{"@type":"WebPage","@id":"https:\/\/primalfocus.eu\/es\/magic-mushroom-grow-kit-colombian\/","url":"https:\/\/primalfocus.eu\/es\/magic-mushroom-grow-kit-colombian\/","name":"Kit de cultivo colombiano: conocimientos profundos de los hongos naturales","isPartOf":{"@id":"https:\/\/primalfocus.eu\/es\/#website"},"primaryImageOfPage":{"@id":"https:\/\/primalfocus.eu\/es\/magic-mushroom-grow-kit-colombian\/#primaryimage"},"image":{"@id":"https:\/\/primalfocus.eu\/es\/magic-mushroom-grow-kit-colombian\/#primaryimage"},"thumbnailUrl":"https:\/\/primalfocus.eu\/wp-content\/uploads\/2024\/08\/Colombian-Grow-Kit.webp","datePublished":"2024-08-07T07:27:50+00:00","dateModified":"2026-03-24T21:25:18+00:00","description":"Experimenta el kit de cultivo colombiano de Primal Focus. Cultiva tus propios hongos de forma natural, con\u00e9ctate profundamente y disfruta de una entrega y asistencia discretas en toda la UE.","breadcrumb":{"@id":"https:\/\/primalfocus.eu\/es\/magic-mushroom-grow-kit-colombian\/#breadcrumb"},"inLanguage":"es","potentialAction":[{"@type":"ReadAction","target":["https:\/\/primalfocus.eu\/es\/magic-mushroom-grow-kit-colombian\/"]}]},{"@type":"ImageObject","inLanguage":"es","@id":"https:\/\/primalfocus.eu\/es\/magic-mushroom-grow-kit-colombian\/#primaryimage","url":"https:\/\/primalfocus.eu\/wp-content\/uploads\/2024\/08\/Colombian-Grow-Kit.webp","contentUrl":"https:\/\/primalfocus.eu\/wp-content\/uploads\/2024\/08\/Colombian-Grow-Kit.webp","width":1000,"height":1000,"caption":"Colombian Grow Kit"},{"@type":"BreadcrumbList","@id":"https:\/\/primalfocus.eu\/es\/magic-mushroom-grow-kit-colombian\/#breadcrumb","itemListElement":[{"@type":"ListItem","position":1,"name":"Home","item":"https:\/\/primalfocus.eu\/"},{"@type":"ListItem","position":2,"name":"Shop","item":"https:\/\/primalfocus.eu\/products\/"},{"@type":"ListItem","position":3,"name":"Macrodosing","item":"https:\/\/primalfocus.eu\/macrodosing\/"},{"@type":"ListItem","position":4,"name":"Mushroom grow kit","item":"https:\/\/primalfocus.eu\/grow-kits\/"},{"@type":"ListItem","position":5,"name":"Colombian grow kit"}]},{"@type":"WebSite","@id":"https:\/\/primalfocus.eu\/es\/#website","url":"https:\/\/primalfocus.eu\/es\/","name":"Primal Focus","description":"Comprar psicod\u00e9licos legales en l\u00ednea","publisher":{"@id":"https:\/\/primalfocus.eu\/es\/#organization"},"potentialAction":[{"@type":"SearchAction","target":{"@type":"EntryPoint","urlTemplate":"https:\/\/primalfocus.eu\/es\/?s={search_term_string}"},"query-input":{"@type":"PropertyValueSpecification","valueRequired":true,"valueName":"search_term_string"}}],"inLanguage":"es"},{"@type":"Organization","@id":"https:\/\/primalfocus.eu\/es\/#organization","name":"Primal Focus","alternateName":"primalfocus.eu","url":"https:\/\/primalfocus.eu\/es\/","logo":{"@type":"ImageObject","inLanguage":"es","@id":"https:\/\/primalfocus.eu\/es\/#\/schema\/logo\/image\/","url":"https:\/\/primalfocus.eu\/wp-content\/uploads\/2025\/11\/primal-focus-logo-header.svg","contentUrl":"https:\/\/primalfocus.eu\/wp-content\/uploads\/2025\/11\/primal-focus-logo-header.svg","caption":"Primal Focus"},"image":{"@id":"https:\/\/primalfocus.eu\/es\/#\/schema\/logo\/image\/"},"sameAs":["https:\/\/www.facebook.com\/profile.php?id=61575377667059","https:\/\/x.com\/primalfocus_eu","https:\/\/www.instagram.com\/primalfocus.store\/"]}]}},"jetpack_sharing_enabled":true,"_links":{"self":[{"href":"https:\/\/primalfocus.eu\/es\/wp-json\/wp\/v2\/product\/352248","targetHints":{"allow":["GET"]}}],"collection":[{"href":"https:\/\/primalfocus.eu\/es\/wp-json\/wp\/v2\/product"}],"about":[{"href":"https:\/\/primalfocus.eu\/es\/wp-json\/wp\/v2\/types\/product"}],"replies":[{"embeddable":true,"href":"https:\/\/primalfocus.eu\/es\/wp-json\/wp\/v2\/comments?post=352248"}],"wp:featuredmedia":[{"embeddable":true,"href":"https:\/\/primalfocus.eu\/es\/wp-json\/wp\/v2\/media\/896995"}],"wp:attachment":[{"href":"https:\/\/primalfocus.eu\/es\/wp-json\/wp\/v2\/media?parent=352248"}],"wp:term":[{"taxonomy":"product_brand","embeddable":true,"href":"https:\/\/primalfocus.eu\/es\/wp-json\/wp\/v2\/product_brand?post=352248"},{"taxonomy":"product_cat","embeddable":true,"href":"https:\/\/primalfocus.eu\/es\/wp-json\/wp\/v2\/product_cat?post=352248"},{"taxonomy":"product_tag","embeddable":true,"href":"https:\/\/primalfocus.eu\/es\/wp-json\/wp\/v2\/product_tag?post=352248"}],"curies":[{"name":"wp","href":"https:\/\/api.w.org\/{rel}","templated":true}]}}