{"id":344045,"date":"2024-07-31T13:15:57","date_gmt":"2024-07-31T11:15:57","guid":{"rendered":"https:\/\/primalfocus.eu\/?post_type=product&#038;p=344045"},"modified":"2026-03-24T22:26:51","modified_gmt":"2026-03-24T21:26:51","slug":"setas-magicas-growkit-mexicano","status":"publish","type":"product","link":"https:\/\/primalfocus.eu\/es\/magic-mushroom-growkit-mexican\/","title":{"rendered":"Kit de cultivo mexicano"},"content":{"rendered":"<p>Descubre una de las variedades de setas m\u00e1gicas m\u00e1s hist\u00f3ricas y equilibradas. El kit de cultivo mexicano te permite cultivar tus propias setas psilocybe en casa con facilidad. Conocida por su claridad, conexi\u00f3n y suave euforia, esta <a href=\"\/es\/%e2%80%9dhttps%3a\/\/primalfocus.eu\/categoria-producto\/viajando\/kits-de-cultivo\/%e2%80%9d\/\">kit de cultivo<\/a> es perfecto para mentes curiosas y cultivadores noveles.<\/p>\n<h2>\u00bfQu\u00e9 son las setas mexicanas?<\/h2>\n<p>La variedad mexicana procede de las tierras sagradas de M\u00e9xico, donde los aztecas y los mazatecas la utilizaban tradicionalmente en rituales espirituales. Tambi\u00e9n es la primera seta m\u00e1gica estudiada en laboratorio por el Dr. Albert Hofmann, el descubridor del LSD. Este linaje confiere a la variedad un profundo significado hist\u00f3rico y cultural que sigue inspirando a los consumidores de hoy en d\u00eda.<\/p>\n<h2>\u00bfQu\u00e9 hay dentro de la caja?<\/h2>\n<p>Este kit de cultivo listo para usar incluye todo lo necesario para empezar a cultivar de inmediato:<\/p>\n<ul>\n<li>Caja de cultivo de 1200 ml de micelio mexicano (totalmente colonizado y listo para usar)<\/li>\n<li>1 bolsa de cultivo con filtro de aire<\/li>\n<li>2 clips<\/li>\n<li>Manual de cultivo paso a paso<\/li>\n<\/ul>\n<p>No se necesita nada m\u00e1s: s\u00f3lo tienes que seguir las instrucciones y ver c\u00f3mo crecen tus setas de forma natural.<\/p>\n<h2>Qu\u00e9 esperar de su cosecha<\/h2>\n<p>Cada kit de cultivo mexicano produce entre 150 y 300 gramos de setas frescas, lo que equivale a entre 15 y 30 gramos secas. Te espera un viaje equilibrado y armonioso, con efectos visuales claros, calidez emocional y una suave introspecci\u00f3n. Los efectos no son ni demasiado intensos ni demasiado ligeros, por lo que esta cepa es ideal para viajes interiores, flujo creativo o exploraci\u00f3n consciente.<\/p>\n<h2>Informaci\u00f3n y almacenamiento importantes<\/h2>\n<p>Guarde el kit en el frigor\u00edfico (2-5\u00b0C) inmediatamente despu\u00e9s de su llegada. La vida \u00fatil es de aproximadamente un mes sin abrir. Al tratarse de un producto vivo, los resultados del cultivo dependen de su entorno. Para obtener los mejores resultados, siga atentamente las instrucciones de cultivo y mantenga limpia la instalaci\u00f3n.<\/p>\n<h2>Notas clave (leer atentamente)<\/h2>\n<ul>\n<li>No utilizar si est\u00e1 mentalmente inestable, deprimido o tomando antidepresivos o antipsic\u00f3ticos.<\/li>\n<li>No apto durante el embarazo ni para menores de 18 a\u00f1os<\/li>\n<li>Si es posible, viaje siempre en un entorno tranquilo y seguro con una persona sobria.<\/li>\n<li>Nunca mezcles setas con alcohol o drogas<\/li>\n<li>Los kits de cultivo son legales en los Pa\u00edses Bajos y pueden enviarse dentro de la UE en virtud de la legislaci\u00f3n comercial<\/li>\n<li>Las leyes locales de cultivo pueden variar. Compruebe siempre la normativa de su pa\u00eds<\/li>\n<\/ul>","protected":false},"excerpt":{"rendered":"<p>Discover one of the most historic and balanced magic mushroom strains. The Mexican grow kit lets you grow your own [&hellip;]<\/p>\n","protected":false},"featured_media":896992,"comment_status":"open","ping_status":"closed","template":"","meta":{"site-sidebar-layout":"default","site-content-layout":"default","ast-site-content-layout":"default","site-content-style":"default","site-sidebar-style":"default","ast-global-header-display":"","ast-banner-title-visibility":"","ast-main-header-display":"","ast-hfb-above-header-display":"","ast-hfb-below-header-display":"","ast-hfb-mobile-header-display":"","site-post-title":"","ast-breadcrumbs-content":"","ast-featured-img":"","footer-sml-layout":"","ast-disable-related-posts":"","theme-transparent-header-meta":"default","adv-header-id-meta":"","stick-header-meta":"","header-above-stick-meta":"","header-main-stick-meta":"","header-below-stick-meta":"","astra-migrate-meta-layouts":"set","ast-page-background-enabled":"default","ast-page-background-meta":{"desktop":{"background-color":"","background-image":"","background-repeat":"repeat","background-position":"center center","background-size":"auto","background-attachment":"scroll","background-type":"","background-media":"","overlay-type":"","overlay-color":"","overlay-opacity":"","overlay-gradient":""},"tablet":{"background-color":"","background-image":"","background-repeat":"repeat","background-position":"center center","background-size":"auto","background-attachment":"scroll","background-type":"","background-media":"","overlay-type":"","overlay-color":"","overlay-opacity":"","overlay-gradient":""},"mobile":{"background-color":"","background-image":"","background-repeat":"repeat","background-position":"center center","background-size":"auto","background-attachment":"scroll","background-type":"","background-media":"","overlay-type":"","overlay-color":"","overlay-opacity":"","overlay-gradient":""}},"ast-content-background-meta":{"desktop":{"background-color":"var(--ast-global-color-5)","background-image":"","background-repeat":"repeat","background-position":"center center","background-size":"auto","background-attachment":"scroll","background-type":"","background-media":"","overlay-type":"","overlay-color":"","overlay-opacity":"","overlay-gradient":""},"tablet":{"background-color":"var(--ast-global-color-5)","background-image":"","background-repeat":"repeat","background-position":"center center","background-size":"auto","background-attachment":"scroll","background-type":"","background-media":"","overlay-type":"","overlay-color":"","overlay-opacity":"","overlay-gradient":""},"mobile":{"background-color":"var(--ast-global-color-5)","background-image":"","background-repeat":"repeat","background-position":"center center","background-size":"auto","background-attachment":"scroll","background-type":"","background-media":"","overlay-type":"","overlay-color":"","overlay-opacity":"","overlay-gradient":""}}},"product_brand":[129],"product_cat":[92,110],"product_tag":[],"class_list":{"0":"post-344045","1":"product","2":"type-product","3":"status-publish","4":"has-post-thumbnail","6":"product_brand-primal-focus","7":"product_cat-macrodosing","8":"product_cat-grow-kits","9":"product_shipping_class-pakket","10":"desktop-align-center","11":"tablet-align-left","12":"mobile-align-left","14":"first","15":"instock","16":"sale","17":"taxable","18":"shipping-taxable","19":"purchasable","20":"product-type-simple"},"yoast_head":"<!-- This site is optimized with the Yoast SEO plugin v27.3 - https:\/\/yoast.com\/product\/yoast-seo-wordpress\/ -->\n<title>Order the Mexican grow kit: natural growth for curious minds<\/title>\n<meta name=\"description\" content=\"The Mexican grow kit by Primal Focus helps you grow mushrooms safely and simply. Expect balanced effects, emotional clarity and a gentle uplifting trip.\" \/>\n<meta name=\"robots\" content=\"index, follow, max-snippet:-1, max-image-preview:large, max-video-preview:-1\" \/>\n<link rel=\"canonical\" href=\"https:\/\/primalfocus.eu\/es\/setas-magicas-growkit-mexicano\/\" \/>\n<meta property=\"og:locale\" content=\"es_ES\" \/>\n<meta property=\"og:type\" content=\"article\" \/>\n<meta property=\"og:title\" content=\"Order the Mexican grow kit: natural growth for curious minds\" \/>\n<meta property=\"og:description\" content=\"The Mexican grow kit by Primal Focus helps you grow mushrooms safely and simply. Expect balanced effects, emotional clarity and a gentle uplifting trip.\" \/>\n<meta property=\"og:url\" content=\"https:\/\/primalfocus.eu\/es\/setas-magicas-growkit-mexicano\/\" \/>\n<meta property=\"og:site_name\" content=\"Primal Focus\" \/>\n<meta property=\"article:publisher\" content=\"https:\/\/www.facebook.com\/profile.php?id=61575377667059\" \/>\n<meta property=\"article:modified_time\" content=\"2026-03-24T21:26:51+00:00\" \/>\n<meta property=\"og:image\" content=\"https:\/\/primalfocus.eu\/wp-content\/uploads\/2024\/07\/Mexicana-Grow-Kit.webp\" \/>\n\t<meta property=\"og:image:width\" content=\"1000\" \/>\n\t<meta property=\"og:image:height\" content=\"1000\" \/>\n\t<meta property=\"og:image:type\" content=\"image\/webp\" \/>\n<meta name=\"twitter:card\" content=\"summary_large_image\" \/>\n<meta name=\"twitter:site\" content=\"@primalfocus_eu\" \/>\n<meta name=\"twitter:label1\" content=\"Tiempo de lectura\" \/>\n\t<meta name=\"twitter:data1\" content=\"2 minutos\" \/>\n<script type=\"application\/ld+json\" class=\"yoast-schema-graph\">{\"@context\":\"https:\\\/\\\/schema.org\",\"@graph\":[{\"@type\":\"WebPage\",\"@id\":\"https:\\\/\\\/primalfocus.eu\\\/es\\\/magic-mushroom-growkit-mexican\\\/\",\"url\":\"https:\\\/\\\/primalfocus.eu\\\/es\\\/magic-mushroom-growkit-mexican\\\/\",\"name\":\"Order the Mexican grow kit: natural growth for curious minds\",\"isPartOf\":{\"@id\":\"https:\\\/\\\/primalfocus.eu\\\/es\\\/#website\"},\"primaryImageOfPage\":{\"@id\":\"https:\\\/\\\/primalfocus.eu\\\/es\\\/magic-mushroom-growkit-mexican\\\/#primaryimage\"},\"image\":{\"@id\":\"https:\\\/\\\/primalfocus.eu\\\/es\\\/magic-mushroom-growkit-mexican\\\/#primaryimage\"},\"thumbnailUrl\":\"https:\\\/\\\/primalfocus.eu\\\/wp-content\\\/uploads\\\/2024\\\/07\\\/Mexicana-Grow-Kit.webp\",\"datePublished\":\"2024-07-31T11:15:57+00:00\",\"dateModified\":\"2026-03-24T21:26:51+00:00\",\"description\":\"The Mexican grow kit by Primal Focus helps you grow mushrooms safely and simply. Expect balanced effects, emotional clarity and a gentle uplifting trip.\",\"breadcrumb\":{\"@id\":\"https:\\\/\\\/primalfocus.eu\\\/es\\\/magic-mushroom-growkit-mexican\\\/#breadcrumb\"},\"inLanguage\":\"es\",\"potentialAction\":[{\"@type\":\"ReadAction\",\"target\":[\"https:\\\/\\\/primalfocus.eu\\\/es\\\/magic-mushroom-growkit-mexican\\\/\"]}]},{\"@type\":\"ImageObject\",\"inLanguage\":\"es\",\"@id\":\"https:\\\/\\\/primalfocus.eu\\\/es\\\/magic-mushroom-growkit-mexican\\\/#primaryimage\",\"url\":\"https:\\\/\\\/primalfocus.eu\\\/wp-content\\\/uploads\\\/2024\\\/07\\\/Mexicana-Grow-Kit.webp\",\"contentUrl\":\"https:\\\/\\\/primalfocus.eu\\\/wp-content\\\/uploads\\\/2024\\\/07\\\/Mexicana-Grow-Kit.webp\",\"width\":1000,\"height\":1000,\"caption\":\"Mexicana Grow Kit\"},{\"@type\":\"BreadcrumbList\",\"@id\":\"https:\\\/\\\/primalfocus.eu\\\/es\\\/magic-mushroom-growkit-mexican\\\/#breadcrumb\",\"itemListElement\":[{\"@type\":\"ListItem\",\"position\":1,\"name\":\"Home\",\"item\":\"https:\\\/\\\/primalfocus.eu\\\/\"},{\"@type\":\"ListItem\",\"position\":2,\"name\":\"Shop\",\"item\":\"https:\\\/\\\/primalfocus.eu\\\/products\\\/\"},{\"@type\":\"ListItem\",\"position\":3,\"name\":\"Macrodosing\",\"item\":\"https:\\\/\\\/primalfocus.eu\\\/macrodosing\\\/\"},{\"@type\":\"ListItem\",\"position\":4,\"name\":\"Mushroom grow kit\",\"item\":\"https:\\\/\\\/primalfocus.eu\\\/grow-kits\\\/\"},{\"@type\":\"ListItem\",\"position\":5,\"name\":\"Mexican grow kit\"}]},{\"@type\":\"WebSite\",\"@id\":\"https:\\\/\\\/primalfocus.eu\\\/es\\\/#website\",\"url\":\"https:\\\/\\\/primalfocus.eu\\\/es\\\/\",\"name\":\"Primal Focus\",\"description\":\"Buy legal psychedelics online\",\"publisher\":{\"@id\":\"https:\\\/\\\/primalfocus.eu\\\/es\\\/#organization\"},\"potentialAction\":[{\"@type\":\"SearchAction\",\"target\":{\"@type\":\"EntryPoint\",\"urlTemplate\":\"https:\\\/\\\/primalfocus.eu\\\/es\\\/?s={search_term_string}\"},\"query-input\":{\"@type\":\"PropertyValueSpecification\",\"valueRequired\":true,\"valueName\":\"search_term_string\"}}],\"inLanguage\":\"es\"},{\"@type\":\"Organization\",\"@id\":\"https:\\\/\\\/primalfocus.eu\\\/es\\\/#organization\",\"name\":\"Primal Focus\",\"alternateName\":\"primalfocus.eu\",\"url\":\"https:\\\/\\\/primalfocus.eu\\\/es\\\/\",\"logo\":{\"@type\":\"ImageObject\",\"inLanguage\":\"es\",\"@id\":\"https:\\\/\\\/primalfocus.eu\\\/es\\\/#\\\/schema\\\/logo\\\/image\\\/\",\"url\":\"https:\\\/\\\/primalfocus.eu\\\/wp-content\\\/uploads\\\/2025\\\/11\\\/primal-focus-logo-header.svg\",\"contentUrl\":\"https:\\\/\\\/primalfocus.eu\\\/wp-content\\\/uploads\\\/2025\\\/11\\\/primal-focus-logo-header.svg\",\"caption\":\"Primal Focus\"},\"image\":{\"@id\":\"https:\\\/\\\/primalfocus.eu\\\/es\\\/#\\\/schema\\\/logo\\\/image\\\/\"},\"sameAs\":[\"https:\\\/\\\/www.facebook.com\\\/profile.php?id=61575377667059\",\"https:\\\/\\\/x.com\\\/primalfocus_eu\",\"https:\\\/\\\/www.instagram.com\\\/primalfocus.store\\\/\"]}]}<\/script>\n<!-- \/ Yoast SEO plugin. -->","yoast_head_json":{"title":"Pide el kit de cultivo mexicano: crecimiento natural para mentes curiosas","description":"El kit de cultivo mexicano de Primal Focus te ayuda a cultivar setas de forma segura y sencilla. Te esperan efectos equilibrados, claridad emocional y un suave viaje edificante.","robots":{"index":"index","follow":"follow","max-snippet":"max-snippet:-1","max-image-preview":"max-image-preview:large","max-video-preview":"max-video-preview:-1"},"canonical":"https:\/\/primalfocus.eu\/es\/setas-magicas-growkit-mexicano\/","og_locale":"es_ES","og_type":"article","og_title":"Order the Mexican grow kit: natural growth for curious minds","og_description":"The Mexican grow kit by Primal Focus helps you grow mushrooms safely and simply. Expect balanced effects, emotional clarity and a gentle uplifting trip.","og_url":"https:\/\/primalfocus.eu\/es\/setas-magicas-growkit-mexicano\/","og_site_name":"Primal Focus","article_publisher":"https:\/\/www.facebook.com\/profile.php?id=61575377667059","article_modified_time":"2026-03-24T21:26:51+00:00","og_image":[{"width":1000,"height":1000,"url":"https:\/\/primalfocus.eu\/wp-content\/uploads\/2024\/07\/Mexicana-Grow-Kit.webp","type":"image\/webp"}],"twitter_card":"summary_large_image","twitter_site":"@primalfocus_eu","twitter_misc":{"Tiempo de lectura":"2 minutos"},"schema":{"@context":"https:\/\/schema.org","@graph":[{"@type":"WebPage","@id":"https:\/\/primalfocus.eu\/es\/magic-mushroom-growkit-mexican\/","url":"https:\/\/primalfocus.eu\/es\/magic-mushroom-growkit-mexican\/","name":"Pide el kit de cultivo mexicano: crecimiento natural para mentes curiosas","isPartOf":{"@id":"https:\/\/primalfocus.eu\/es\/#website"},"primaryImageOfPage":{"@id":"https:\/\/primalfocus.eu\/es\/magic-mushroom-growkit-mexican\/#primaryimage"},"image":{"@id":"https:\/\/primalfocus.eu\/es\/magic-mushroom-growkit-mexican\/#primaryimage"},"thumbnailUrl":"https:\/\/primalfocus.eu\/wp-content\/uploads\/2024\/07\/Mexicana-Grow-Kit.webp","datePublished":"2024-07-31T11:15:57+00:00","dateModified":"2026-03-24T21:26:51+00:00","description":"El kit de cultivo mexicano de Primal Focus te ayuda a cultivar setas de forma segura y sencilla. Te esperan efectos equilibrados, claridad emocional y un suave viaje edificante.","breadcrumb":{"@id":"https:\/\/primalfocus.eu\/es\/magic-mushroom-growkit-mexican\/#breadcrumb"},"inLanguage":"es","potentialAction":[{"@type":"ReadAction","target":["https:\/\/primalfocus.eu\/es\/magic-mushroom-growkit-mexican\/"]}]},{"@type":"ImageObject","inLanguage":"es","@id":"https:\/\/primalfocus.eu\/es\/magic-mushroom-growkit-mexican\/#primaryimage","url":"https:\/\/primalfocus.eu\/wp-content\/uploads\/2024\/07\/Mexicana-Grow-Kit.webp","contentUrl":"https:\/\/primalfocus.eu\/wp-content\/uploads\/2024\/07\/Mexicana-Grow-Kit.webp","width":1000,"height":1000,"caption":"Mexicana Grow Kit"},{"@type":"BreadcrumbList","@id":"https:\/\/primalfocus.eu\/es\/magic-mushroom-growkit-mexican\/#breadcrumb","itemListElement":[{"@type":"ListItem","position":1,"name":"Home","item":"https:\/\/primalfocus.eu\/"},{"@type":"ListItem","position":2,"name":"Shop","item":"https:\/\/primalfocus.eu\/products\/"},{"@type":"ListItem","position":3,"name":"Macrodosing","item":"https:\/\/primalfocus.eu\/macrodosing\/"},{"@type":"ListItem","position":4,"name":"Mushroom grow kit","item":"https:\/\/primalfocus.eu\/grow-kits\/"},{"@type":"ListItem","position":5,"name":"Mexican grow kit"}]},{"@type":"WebSite","@id":"https:\/\/primalfocus.eu\/es\/#website","url":"https:\/\/primalfocus.eu\/es\/","name":"Primal Focus","description":"Comprar psicod\u00e9licos legales en l\u00ednea","publisher":{"@id":"https:\/\/primalfocus.eu\/es\/#organization"},"potentialAction":[{"@type":"SearchAction","target":{"@type":"EntryPoint","urlTemplate":"https:\/\/primalfocus.eu\/es\/?s={search_term_string}"},"query-input":{"@type":"PropertyValueSpecification","valueRequired":true,"valueName":"search_term_string"}}],"inLanguage":"es"},{"@type":"Organization","@id":"https:\/\/primalfocus.eu\/es\/#organization","name":"Primal Focus","alternateName":"primalfocus.eu","url":"https:\/\/primalfocus.eu\/es\/","logo":{"@type":"ImageObject","inLanguage":"es","@id":"https:\/\/primalfocus.eu\/es\/#\/schema\/logo\/image\/","url":"https:\/\/primalfocus.eu\/wp-content\/uploads\/2025\/11\/primal-focus-logo-header.svg","contentUrl":"https:\/\/primalfocus.eu\/wp-content\/uploads\/2025\/11\/primal-focus-logo-header.svg","caption":"Primal Focus"},"image":{"@id":"https:\/\/primalfocus.eu\/es\/#\/schema\/logo\/image\/"},"sameAs":["https:\/\/www.facebook.com\/profile.php?id=61575377667059","https:\/\/x.com\/primalfocus_eu","https:\/\/www.instagram.com\/primalfocus.store\/"]}]}},"jetpack_sharing_enabled":true,"_links":{"self":[{"href":"https:\/\/primalfocus.eu\/es\/wp-json\/wp\/v2\/product\/344045","targetHints":{"allow":["GET"]}}],"collection":[{"href":"https:\/\/primalfocus.eu\/es\/wp-json\/wp\/v2\/product"}],"about":[{"href":"https:\/\/primalfocus.eu\/es\/wp-json\/wp\/v2\/types\/product"}],"replies":[{"embeddable":true,"href":"https:\/\/primalfocus.eu\/es\/wp-json\/wp\/v2\/comments?post=344045"}],"wp:featuredmedia":[{"embeddable":true,"href":"https:\/\/primalfocus.eu\/es\/wp-json\/wp\/v2\/media\/896992"}],"wp:attachment":[{"href":"https:\/\/primalfocus.eu\/es\/wp-json\/wp\/v2\/media?parent=344045"}],"wp:term":[{"taxonomy":"product_brand","embeddable":true,"href":"https:\/\/primalfocus.eu\/es\/wp-json\/wp\/v2\/product_brand?post=344045"},{"taxonomy":"product_cat","embeddable":true,"href":"https:\/\/primalfocus.eu\/es\/wp-json\/wp\/v2\/product_cat?post=344045"},{"taxonomy":"product_tag","embeddable":true,"href":"https:\/\/primalfocus.eu\/es\/wp-json\/wp\/v2\/product_tag?post=344045"}],"curies":[{"name":"wp","href":"https:\/\/api.w.org\/{rel}","templated":true}]}}