{"id":12754,"date":"2024-01-17T11:44:24","date_gmt":"2024-01-17T10:44:24","guid":{"rendered":"https:\/\/primalfocus.eu\/?post_type=product&#038;p=12754"},"modified":"2026-04-03T13:14:43","modified_gmt":"2026-04-03T11:14:43","slug":"trufas-magicas-atlantis-15-gramos","status":"publish","type":"product","link":"https:\/\/primalfocus.eu\/es\/magic-truffles-atlantis-15-grams\/","title":{"rendered":"Trufas Atlantis"},"content":{"rendered":"<p>Una variedad potente y perspicaz con efectos visuales profundos, euforia c\u00e1lida y claridad mental. Perfecta para la exploraci\u00f3n interior.<\/p>\n<ul>\n<li>15 gramos de trufas m\u00e1gicas frescas<\/li>\n<li>Fuerza: 4 sobre 5<\/li>\n<li>100% cultivado ecol\u00f3gicamente en los Pa\u00edses Bajos<\/li>\n<li>Env\u00edo a pa\u00edses de la UE<\/li>\n<\/ul>\n<h2>\u00bfPor qu\u00e9 el nombre de Atlantis?<\/h2>\n<p>Al igual que la m\u00edtica ciudad perdida, las trufas Atlantis te invitan a bucear bajo la superficie de tu mente. En el fondo, te aguardan ideas ocultas, emociones olvidadas y ricas im\u00e1genes que revelan un mundo interior antiguo, profundo y m\u00e1gico.<\/p>\n<h2>\u00bfQu\u00e9 hace especiales a las trufas Atlantis?<\/h2>\n<p>Atlantis es una de las variedades de trufa m\u00e1gica m\u00e1s potentes. Conocida por sus intensos efectos visuales y significativas percepciones, es una de las favoritas de los exploradores experimentados. Incluso las dosis m\u00e1s peque\u00f1as pueden mejorar la percepci\u00f3n y el estado de \u00e1nimo, mientras que las dosis m\u00e1s altas conducen a avances espirituales o filos\u00f3ficos.<\/p>\n<h2>Perfecto para<\/h2>\n<ul>\n<li>Pensamiento creativo y diario (dosis baja a media)<\/li>\n<li>Sesiones inmersivas de m\u00fasica o introspecci\u00f3n en casa<\/li>\n<li>Paseos por la naturaleza (s\u00f3lo dosis bajas, en zonas seguras y conocidas)<\/li>\n<\/ul>\n<div style=\"background-color: #eff5e6; padding: 16px; border-radius: 8px; border: 1px solid #dbeac7; font-family: Montserrat, sans-serif; font-size: 14px;\">\n<h3><strong>Notas clave (leer atentamente):<\/strong><\/h3>\n<ul style=\"margin: 10px 0 0 10px;\">\n<li>No consuma trufas psicod\u00e9licas si es mentalmente inestable, est\u00e1 muy ansioso o tiene antecedentes personales o familiares de psicosis.<\/li>\n<li>Evitar durante el embarazo, en menores de 18 a\u00f1os o si se utilizan antidepresivos\/antipsic\u00f3ticos.<\/li>\n<li>Toma s\u00f3lo en un entorno seguro y tranquilo. Viaja siempre de forma responsable, preferiblemente con un cuidador sobrio.<\/li>\n<li>Estas trufas son legales en los Pa\u00edses Bajos y est\u00e1n autorizadas como producto alimenticio.<\/li>\n<li>Env\u00edo legal a toda la UE en virtud del Reglamento de reconocimiento mutuo de mercanc\u00edas.<\/li>\n<\/ul>\n<\/div>","protected":false},"excerpt":{"rendered":"<p>A potent and insightful strain with deep visuals, warm euphoria and mind-opening clarity. Perfect for inner exploration. 15 grams of [&hellip;]<\/p>\n","protected":false},"featured_media":713752,"comment_status":"open","ping_status":"closed","template":"","meta":{"site-sidebar-layout":"default","site-content-layout":"default","ast-site-content-layout":"default","site-content-style":"default","site-sidebar-style":"default","ast-global-header-display":"","ast-banner-title-visibility":"","ast-main-header-display":"","ast-hfb-above-header-display":"","ast-hfb-below-header-display":"","ast-hfb-mobile-header-display":"","site-post-title":"","ast-breadcrumbs-content":"","ast-featured-img":"","footer-sml-layout":"","ast-disable-related-posts":"","theme-transparent-header-meta":"default","adv-header-id-meta":"","stick-header-meta":"","header-above-stick-meta":"","header-main-stick-meta":"","header-below-stick-meta":"","astra-migrate-meta-layouts":"set","ast-page-background-enabled":"default","ast-page-background-meta":{"desktop":{"background-color":"","background-image":"","background-repeat":"repeat","background-position":"center center","background-size":"auto","background-attachment":"scroll","background-type":"","background-media":"","overlay-type":"","overlay-color":"","overlay-opacity":"","overlay-gradient":""},"tablet":{"background-color":"","background-image":"","background-repeat":"repeat","background-position":"center center","background-size":"auto","background-attachment":"scroll","background-type":"","background-media":"","overlay-type":"","overlay-color":"","overlay-opacity":"","overlay-gradient":""},"mobile":{"background-color":"","background-image":"","background-repeat":"repeat","background-position":"center center","background-size":"auto","background-attachment":"scroll","background-type":"","background-media":"","overlay-type":"","overlay-color":"","overlay-opacity":"","overlay-gradient":""}},"ast-content-background-meta":{"desktop":{"background-color":"var(--ast-global-color-5)","background-image":"","background-repeat":"repeat","background-position":"center center","background-size":"auto","background-attachment":"scroll","background-type":"","background-media":"","overlay-type":"","overlay-color":"","overlay-opacity":"","overlay-gradient":""},"tablet":{"background-color":"var(--ast-global-color-5)","background-image":"","background-repeat":"repeat","background-position":"center center","background-size":"auto","background-attachment":"scroll","background-type":"","background-media":"","overlay-type":"","overlay-color":"","overlay-opacity":"","overlay-gradient":""},"mobile":{"background-color":"var(--ast-global-color-5)","background-image":"","background-repeat":"repeat","background-position":"center center","background-size":"auto","background-attachment":"scroll","background-type":"","background-media":"","overlay-type":"","overlay-color":"","overlay-opacity":"","overlay-gradient":""}}},"product_brand":[129],"product_cat":[92,109],"product_tag":[],"class_list":{"0":"post-12754","1":"product","2":"type-product","3":"status-publish","4":"has-post-thumbnail","6":"product_brand-primal-focus","7":"product_cat-macrodosing","8":"product_cat-magic-truffles","9":"product_shipping_class-brievenbus-pakje","10":"desktop-align-center","11":"tablet-align-left","12":"mobile-align-left","14":"first","15":"instock","16":"taxable","17":"shipping-taxable","18":"purchasable","19":"product-type-simple"},"yoast_head":"<!-- This site is optimized with the Yoast SEO plugin v27.3 - https:\/\/yoast.com\/product\/yoast-seo-wordpress\/ -->\n<title>Buy Atlantis Truffles: mind-opening journeys await<\/title>\n<meta name=\"description\" content=\"Order Atlantis Magic Truffles at Primal Focus. 15g packs, safe EU shipping, vivid visuals and emotional clarity. Join our community today.\" \/>\n<meta name=\"robots\" content=\"index, follow, max-snippet:-1, max-image-preview:large, max-video-preview:-1\" \/>\n<link rel=\"canonical\" href=\"https:\/\/primalfocus.eu\/es\/trufas-magicas-atlantis-15-gramos\/\" \/>\n<meta property=\"og:locale\" content=\"es_ES\" \/>\n<meta property=\"og:type\" content=\"article\" \/>\n<meta property=\"og:title\" content=\"Buy Atlantis Truffles: mind-opening journeys await\" \/>\n<meta property=\"og:description\" content=\"Order Atlantis Magic Truffles at Primal Focus. 15g packs, safe EU shipping, vivid visuals and emotional clarity. Join our community today.\" \/>\n<meta property=\"og:url\" content=\"https:\/\/primalfocus.eu\/es\/trufas-magicas-atlantis-15-gramos\/\" \/>\n<meta property=\"og:site_name\" content=\"Primal Focus\" \/>\n<meta property=\"article:publisher\" content=\"https:\/\/www.facebook.com\/profile.php?id=61575377667059\" \/>\n<meta property=\"article:modified_time\" content=\"2026-04-03T11:14:43+00:00\" \/>\n<meta property=\"og:image\" content=\"https:\/\/primalfocus.eu\/wp-content\/uploads\/2024\/01\/Atlantis-Truffles-Primal-Focus.webp\" \/>\n\t<meta property=\"og:image:width\" content=\"1080\" \/>\n\t<meta property=\"og:image:height\" content=\"1080\" \/>\n\t<meta property=\"og:image:type\" content=\"image\/webp\" \/>\n<meta name=\"twitter:card\" content=\"summary_large_image\" \/>\n<meta name=\"twitter:site\" content=\"@primalfocus_eu\" \/>\n<meta name=\"twitter:label1\" content=\"Tiempo de lectura\" \/>\n\t<meta name=\"twitter:data1\" content=\"2 minutos\" \/>\n<script type=\"application\/ld+json\" class=\"yoast-schema-graph\">{\"@context\":\"https:\\\/\\\/schema.org\",\"@graph\":[{\"@type\":\"WebPage\",\"@id\":\"https:\\\/\\\/primalfocus.eu\\\/es\\\/magic-truffles-atlantis-15-grams\\\/\",\"url\":\"https:\\\/\\\/primalfocus.eu\\\/es\\\/magic-truffles-atlantis-15-grams\\\/\",\"name\":\"Buy Atlantis Truffles: mind-opening journeys await\",\"isPartOf\":{\"@id\":\"https:\\\/\\\/primalfocus.eu\\\/es\\\/#website\"},\"primaryImageOfPage\":{\"@id\":\"https:\\\/\\\/primalfocus.eu\\\/es\\\/magic-truffles-atlantis-15-grams\\\/#primaryimage\"},\"image\":{\"@id\":\"https:\\\/\\\/primalfocus.eu\\\/es\\\/magic-truffles-atlantis-15-grams\\\/#primaryimage\"},\"thumbnailUrl\":\"https:\\\/\\\/primalfocus.eu\\\/wp-content\\\/uploads\\\/2024\\\/01\\\/Atlantis-Truffles-Primal-Focus.webp\",\"datePublished\":\"2024-01-17T10:44:24+00:00\",\"dateModified\":\"2026-04-03T11:14:43+00:00\",\"description\":\"Order Atlantis Magic Truffles at Primal Focus. 15g packs, safe EU shipping, vivid visuals and emotional clarity. Join our community today.\",\"breadcrumb\":{\"@id\":\"https:\\\/\\\/primalfocus.eu\\\/es\\\/magic-truffles-atlantis-15-grams\\\/#breadcrumb\"},\"inLanguage\":\"es\",\"potentialAction\":[{\"@type\":\"ReadAction\",\"target\":[\"https:\\\/\\\/primalfocus.eu\\\/es\\\/magic-truffles-atlantis-15-grams\\\/\"]}]},{\"@type\":\"ImageObject\",\"inLanguage\":\"es\",\"@id\":\"https:\\\/\\\/primalfocus.eu\\\/es\\\/magic-truffles-atlantis-15-grams\\\/#primaryimage\",\"url\":\"https:\\\/\\\/primalfocus.eu\\\/wp-content\\\/uploads\\\/2024\\\/01\\\/Atlantis-Truffles-Primal-Focus.webp\",\"contentUrl\":\"https:\\\/\\\/primalfocus.eu\\\/wp-content\\\/uploads\\\/2024\\\/01\\\/Atlantis-Truffles-Primal-Focus.webp\",\"width\":1080,\"height\":1080,\"caption\":\"Atlantis Truffles Primal Focus\"},{\"@type\":\"BreadcrumbList\",\"@id\":\"https:\\\/\\\/primalfocus.eu\\\/es\\\/magic-truffles-atlantis-15-grams\\\/#breadcrumb\",\"itemListElement\":[{\"@type\":\"ListItem\",\"position\":1,\"name\":\"Home\",\"item\":\"https:\\\/\\\/primalfocus.eu\\\/\"},{\"@type\":\"ListItem\",\"position\":2,\"name\":\"Shop\",\"item\":\"https:\\\/\\\/primalfocus.eu\\\/products\\\/\"},{\"@type\":\"ListItem\",\"position\":3,\"name\":\"Macrodosing\",\"item\":\"https:\\\/\\\/primalfocus.eu\\\/macrodosing\\\/\"},{\"@type\":\"ListItem\",\"position\":4,\"name\":\"Magic Truffles\",\"item\":\"https:\\\/\\\/primalfocus.eu\\\/magic-truffles\\\/\"},{\"@type\":\"ListItem\",\"position\":5,\"name\":\"Atlantis Truffles\"}]},{\"@type\":\"WebSite\",\"@id\":\"https:\\\/\\\/primalfocus.eu\\\/es\\\/#website\",\"url\":\"https:\\\/\\\/primalfocus.eu\\\/es\\\/\",\"name\":\"Primal Focus\",\"description\":\"Buy legal psychedelics online\",\"publisher\":{\"@id\":\"https:\\\/\\\/primalfocus.eu\\\/es\\\/#organization\"},\"potentialAction\":[{\"@type\":\"SearchAction\",\"target\":{\"@type\":\"EntryPoint\",\"urlTemplate\":\"https:\\\/\\\/primalfocus.eu\\\/es\\\/?s={search_term_string}\"},\"query-input\":{\"@type\":\"PropertyValueSpecification\",\"valueRequired\":true,\"valueName\":\"search_term_string\"}}],\"inLanguage\":\"es\"},{\"@type\":\"Organization\",\"@id\":\"https:\\\/\\\/primalfocus.eu\\\/es\\\/#organization\",\"name\":\"Primal Focus\",\"alternateName\":\"primalfocus.eu\",\"url\":\"https:\\\/\\\/primalfocus.eu\\\/es\\\/\",\"logo\":{\"@type\":\"ImageObject\",\"inLanguage\":\"es\",\"@id\":\"https:\\\/\\\/primalfocus.eu\\\/es\\\/#\\\/schema\\\/logo\\\/image\\\/\",\"url\":\"https:\\\/\\\/primalfocus.eu\\\/wp-content\\\/uploads\\\/2025\\\/11\\\/primal-focus-logo-header.svg\",\"contentUrl\":\"https:\\\/\\\/primalfocus.eu\\\/wp-content\\\/uploads\\\/2025\\\/11\\\/primal-focus-logo-header.svg\",\"caption\":\"Primal Focus\"},\"image\":{\"@id\":\"https:\\\/\\\/primalfocus.eu\\\/es\\\/#\\\/schema\\\/logo\\\/image\\\/\"},\"sameAs\":[\"https:\\\/\\\/www.facebook.com\\\/profile.php?id=61575377667059\",\"https:\\\/\\\/x.com\\\/primalfocus_eu\",\"https:\\\/\\\/www.instagram.com\\\/primalfocus.store\\\/\"]}]}<\/script>\n<!-- \/ Yoast SEO plugin. -->","yoast_head_json":{"title":"Comprar Trufas Atlantis: le esperan viajes que le abrir\u00e1n la mente","description":"Pida Trufas M\u00e1gicas Atlantis en Primal Focus. Paquetes de 15g, env\u00edo seguro a la UE, im\u00e1genes v\u00edvidas y claridad emocional. \u00danete a nuestra comunidad hoy mismo.","robots":{"index":"index","follow":"follow","max-snippet":"max-snippet:-1","max-image-preview":"max-image-preview:large","max-video-preview":"max-video-preview:-1"},"canonical":"https:\/\/primalfocus.eu\/es\/trufas-magicas-atlantis-15-gramos\/","og_locale":"es_ES","og_type":"article","og_title":"Buy Atlantis Truffles: mind-opening journeys await","og_description":"Order Atlantis Magic Truffles at Primal Focus. 15g packs, safe EU shipping, vivid visuals and emotional clarity. Join our community today.","og_url":"https:\/\/primalfocus.eu\/es\/trufas-magicas-atlantis-15-gramos\/","og_site_name":"Primal Focus","article_publisher":"https:\/\/www.facebook.com\/profile.php?id=61575377667059","article_modified_time":"2026-04-03T11:14:43+00:00","og_image":[{"width":1080,"height":1080,"url":"https:\/\/primalfocus.eu\/wp-content\/uploads\/2024\/01\/Atlantis-Truffles-Primal-Focus.webp","type":"image\/webp"}],"twitter_card":"summary_large_image","twitter_site":"@primalfocus_eu","twitter_misc":{"Tiempo de lectura":"2 minutos"},"schema":{"@context":"https:\/\/schema.org","@graph":[{"@type":"WebPage","@id":"https:\/\/primalfocus.eu\/es\/magic-truffles-atlantis-15-grams\/","url":"https:\/\/primalfocus.eu\/es\/magic-truffles-atlantis-15-grams\/","name":"Comprar Trufas Atlantis: le esperan viajes que le abrir\u00e1n la mente","isPartOf":{"@id":"https:\/\/primalfocus.eu\/es\/#website"},"primaryImageOfPage":{"@id":"https:\/\/primalfocus.eu\/es\/magic-truffles-atlantis-15-grams\/#primaryimage"},"image":{"@id":"https:\/\/primalfocus.eu\/es\/magic-truffles-atlantis-15-grams\/#primaryimage"},"thumbnailUrl":"https:\/\/primalfocus.eu\/wp-content\/uploads\/2024\/01\/Atlantis-Truffles-Primal-Focus.webp","datePublished":"2024-01-17T10:44:24+00:00","dateModified":"2026-04-03T11:14:43+00:00","description":"Pida Trufas M\u00e1gicas Atlantis en Primal Focus. Paquetes de 15g, env\u00edo seguro a la UE, im\u00e1genes v\u00edvidas y claridad emocional. \u00danete a nuestra comunidad hoy mismo.","breadcrumb":{"@id":"https:\/\/primalfocus.eu\/es\/magic-truffles-atlantis-15-grams\/#breadcrumb"},"inLanguage":"es","potentialAction":[{"@type":"ReadAction","target":["https:\/\/primalfocus.eu\/es\/magic-truffles-atlantis-15-grams\/"]}]},{"@type":"ImageObject","inLanguage":"es","@id":"https:\/\/primalfocus.eu\/es\/magic-truffles-atlantis-15-grams\/#primaryimage","url":"https:\/\/primalfocus.eu\/wp-content\/uploads\/2024\/01\/Atlantis-Truffles-Primal-Focus.webp","contentUrl":"https:\/\/primalfocus.eu\/wp-content\/uploads\/2024\/01\/Atlantis-Truffles-Primal-Focus.webp","width":1080,"height":1080,"caption":"Atlantis Truffles Primal Focus"},{"@type":"BreadcrumbList","@id":"https:\/\/primalfocus.eu\/es\/magic-truffles-atlantis-15-grams\/#breadcrumb","itemListElement":[{"@type":"ListItem","position":1,"name":"Home","item":"https:\/\/primalfocus.eu\/"},{"@type":"ListItem","position":2,"name":"Shop","item":"https:\/\/primalfocus.eu\/products\/"},{"@type":"ListItem","position":3,"name":"Macrodosing","item":"https:\/\/primalfocus.eu\/macrodosing\/"},{"@type":"ListItem","position":4,"name":"Magic Truffles","item":"https:\/\/primalfocus.eu\/magic-truffles\/"},{"@type":"ListItem","position":5,"name":"Atlantis Truffles"}]},{"@type":"WebSite","@id":"https:\/\/primalfocus.eu\/es\/#website","url":"https:\/\/primalfocus.eu\/es\/","name":"Primal Focus","description":"Comprar psicod\u00e9licos legales en l\u00ednea","publisher":{"@id":"https:\/\/primalfocus.eu\/es\/#organization"},"potentialAction":[{"@type":"SearchAction","target":{"@type":"EntryPoint","urlTemplate":"https:\/\/primalfocus.eu\/es\/?s={search_term_string}"},"query-input":{"@type":"PropertyValueSpecification","valueRequired":true,"valueName":"search_term_string"}}],"inLanguage":"es"},{"@type":"Organization","@id":"https:\/\/primalfocus.eu\/es\/#organization","name":"Primal Focus","alternateName":"primalfocus.eu","url":"https:\/\/primalfocus.eu\/es\/","logo":{"@type":"ImageObject","inLanguage":"es","@id":"https:\/\/primalfocus.eu\/es\/#\/schema\/logo\/image\/","url":"https:\/\/primalfocus.eu\/wp-content\/uploads\/2025\/11\/primal-focus-logo-header.svg","contentUrl":"https:\/\/primalfocus.eu\/wp-content\/uploads\/2025\/11\/primal-focus-logo-header.svg","caption":"Primal Focus"},"image":{"@id":"https:\/\/primalfocus.eu\/es\/#\/schema\/logo\/image\/"},"sameAs":["https:\/\/www.facebook.com\/profile.php?id=61575377667059","https:\/\/x.com\/primalfocus_eu","https:\/\/www.instagram.com\/primalfocus.store\/"]}]}},"jetpack_sharing_enabled":true,"_links":{"self":[{"href":"https:\/\/primalfocus.eu\/es\/wp-json\/wp\/v2\/product\/12754","targetHints":{"allow":["GET"]}}],"collection":[{"href":"https:\/\/primalfocus.eu\/es\/wp-json\/wp\/v2\/product"}],"about":[{"href":"https:\/\/primalfocus.eu\/es\/wp-json\/wp\/v2\/types\/product"}],"replies":[{"embeddable":true,"href":"https:\/\/primalfocus.eu\/es\/wp-json\/wp\/v2\/comments?post=12754"}],"wp:featuredmedia":[{"embeddable":true,"href":"https:\/\/primalfocus.eu\/es\/wp-json\/wp\/v2\/media\/713752"}],"wp:attachment":[{"href":"https:\/\/primalfocus.eu\/es\/wp-json\/wp\/v2\/media?parent=12754"}],"wp:term":[{"taxonomy":"product_brand","embeddable":true,"href":"https:\/\/primalfocus.eu\/es\/wp-json\/wp\/v2\/product_brand?post=12754"},{"taxonomy":"product_cat","embeddable":true,"href":"https:\/\/primalfocus.eu\/es\/wp-json\/wp\/v2\/product_cat?post=12754"},{"taxonomy":"product_tag","embeddable":true,"href":"https:\/\/primalfocus.eu\/es\/wp-json\/wp\/v2\/product_tag?post=12754"}],"curies":[{"name":"wp","href":"https:\/\/api.w.org\/{rel}","templated":true}]}}