{"id":1160092,"date":"2026-03-31T15:55:09","date_gmt":"2026-03-31T13:55:09","guid":{"rendered":"https:\/\/primalfocus.eu\/?post_type=product&#038;p=1160092"},"modified":"2026-04-14T19:13:37","modified_gmt":"2026-04-14T17:13:37","slug":"berlin-drops-micro","status":"publish","type":"product","link":"https:\/\/primalfocus.eu\/es\/berlin-drops-micro\/","title":{"rendered":"Gotas de Berl\u00edn - Micro"},"content":{"rendered":"<p>Berlin Drops - Micro son nuestras soluciones de investigaci\u00f3n de menor potencia que contienen 4-PR-MET. Est\u00e1n dise\u00f1adas para aplicaciones precisas de dosis bajas, como la microdosificaci\u00f3n o el ajuste fino. Cada gota proporciona una cantidad constante para un uso controlado en investigaci\u00f3n.<\/p>\n<h2>\u00bfQu\u00e9 son las microgotas de Berl\u00edn?<\/h2>\n<p>Berl\u00edn Gotas - Micro contiene una soluci\u00f3n l\u00edquida con 0,2 mg de 4-PR-MET por gota. Se trata de un compuesto relacionado con la psilocina. Cada gota proporciona una dosis muy peque\u00f1a y consistente, por lo que es ideal para efectos sutiles o ajustes paso a paso en la investigaci\u00f3n.<\/p>\n<h2>\u00bfQu\u00e9 es 4-PR-MET?<\/h2>\n<p>El 4-PR-MET es un compuesto relacionado con la psilocina. En cuanto a sus efectos, a menudo se compara con la <a href=\"https:\/\/primalfocus.eu\/es\/trufas-magicas\/\" target=\"_blank\" rel=\"noopener noreferrer\">trufas m\u00e1gicas<\/a>. Tambi\u00e9n es muy similar al compuesto utilizado en <a href=\"https:\/\/primalfocus.eu\/es\/amsterdam-drops\/\" target=\"_blank\" rel=\"noopener noreferrer\">Gotas de Amsterdam<\/a> (4-HO-MET), con un perfil general comparable.<\/p>\n<h2>\u00bfQu\u00e9 fuerza tiene una gota?<\/h2>\n<p>Cada gota contiene 0,2 mg de 4-PR-MET. En t\u00e9rminos de efecto, esto es aproximadamente comparable a unos 0,25 mg de 4-HO-MET. Esto hace que Berlin Drops - Micro sea adecuada para efectos muy ligeros o investigaciones a nivel micro.<\/p>\n<div style=\"background-color: #eff5e6; padding: 20px; border-radius: 12px; font-family: Montserrat, sans-serif; font-size: 15px; color: #333; line-height: 1.6;\">\n<table>\n<thead>\n<tr>\n<th>Tama\u00f1o de la botella<\/th>\n<th>Total 4-PR-MET<\/th>\n<th>Gotas aprox.<\/th>\n<\/tr>\n<\/thead>\n<tbody>\n<tr>\n<td>2 ml<\/td>\n<td>8 mg<\/td>\n<td>\u2248 40<\/td>\n<\/tr>\n<tr>\n<td>5 ml<\/td>\n<td>20 mg<\/td>\n<td>\u2248 100<\/td>\n<\/tr>\n<tr>\n<td>15 ml<\/td>\n<td>60 mg<\/td>\n<td>\u2248 300<\/td>\n<\/tr>\n<\/tbody>\n<\/table>\n<\/div>\n<p>&nbsp;<\/p>\n<h2>\u00bfPor qu\u00e9 elegir Berl\u00edn Drops - Micro?<\/h2>\n<p>Berlin Drops - Micro son ideales cuando la precisi\u00f3n es importante. Permiten ajustes muy peque\u00f1os y controlados y son muy adecuadas para la investigaci\u00f3n de microdosificaci\u00f3n.<\/p>\n<div style=\"font-family: Montserrat, sans-serif; margin-top: 20px;\">\n<div class=\"su-accordion su-u-trim custom-dos-donts-accordion\">\n<div class=\"su-spoiler su-spoiler-style-default su-spoiler-icon-plus su-spoiler-closed\" data-scroll-offset=\"0\" data-anchor-in-url=\"no\"><div class=\"su-spoiler-title\" tabindex=\"0\" role=\"button\"><span class=\"su-spoiler-icon\"><\/span>Lo que hay dentro<\/div><div class=\"su-spoiler-content su-u-clearfix su-u-trim\">\n<div style=\"background-color: #eff5e6; padding: 12px 16px; border-radius: 0 0 8px 8px; font-size: 15px; color: #444; line-height: 1.8;\">Berlin Drops - Micro contiene 4-PR-MET, un compuesto relacionado con la psilocina. Estas gotas est\u00e1n destinadas exclusivamente a la investigaci\u00f3n.<\/div>\n<\/div><\/div>\n<div class=\"su-spoiler su-spoiler-style-default su-spoiler-icon-plus su-spoiler-closed\" data-scroll-offset=\"0\" data-anchor-in-url=\"no\"><div class=\"su-spoiler-title\" tabindex=\"0\" role=\"button\"><span class=\"su-spoiler-icon\"><\/span>Precisi\u00f3n de dosis bajas<\/div><div class=\"su-spoiler-content su-u-clearfix su-u-trim\">\n<div style=\"background-color: #eff5e6; padding: 12px 16px; border-radius: 0 0 8px 8px; font-size: 15px; color: #444; line-height: 1.8;\">Cada gota contiene s\u00f3lo 0,2 mg, lo que permite un control muy preciso y ajustes graduales.<\/div>\n<\/div><\/div>\n<div class=\"su-spoiler su-spoiler-style-default su-spoiler-icon-plus su-spoiler-closed\" data-scroll-offset=\"0\" data-anchor-in-url=\"no\"><div class=\"su-spoiler-title\" tabindex=\"0\" role=\"button\"><span class=\"su-spoiler-icon\"><\/span>Microdosificaci\u00f3n f\u00e1cil<\/div><div class=\"su-spoiler-content su-u-clearfix su-u-trim\">\n<div style=\"background-color: #eff5e6; padding: 12px 16px; border-radius: 0 0 8px 8px; font-size: 15px; color: #444; line-height: 1.8;\">Dise\u00f1ado para efectos sutiles, por lo que es adecuado para microdosificar o aumentar lentamente.<\/div>\n<\/div><\/div>\n<div class=\"su-spoiler su-spoiler-style-default su-spoiler-icon-plus su-spoiler-closed\" data-scroll-offset=\"0\" data-anchor-in-url=\"no\"><div class=\"su-spoiler-title\" tabindex=\"0\" role=\"button\"><span class=\"su-spoiler-icon\"><\/span>F\u00e1cil de usar<\/div><div class=\"su-spoiler-content su-u-clearfix su-u-trim\">\n<div style=\"background-color: #eff5e6; padding: 12px 16px; border-radius: 0 0 8px 8px; font-size: 15px; color: #444; line-height: 1.8;\">El formato l\u00edquido facilita la medici\u00f3n y la repetici\u00f3n de la misma dosis cada vez.<\/div>\n<\/div><\/div>\n<div class=\"su-spoiler su-spoiler-style-default su-spoiler-icon-plus su-spoiler-closed\" data-scroll-offset=\"0\" data-anchor-in-url=\"no\"><div class=\"su-spoiler-title\" tabindex=\"0\" role=\"button\"><span class=\"su-spoiler-icon\"><\/span>A d\u00f3nde enviamos<\/div><div class=\"su-spoiler-content su-u-clearfix su-u-trim\">\n<div style=\"background-color: #eff5e6; padding: 12px 16px; border-radius: 0 0 8px 8px; font-size: 15px; color: #444; line-height: 1.8;\">\n<p>Actualmente enviamos Gotas Berl\u00edn - Micro a los siguientes pa\u00edses de la UE:<\/p>\n<ul style=\"margin: 10px 0 0 20px;\">\n<li>Pa\u00edses Bajos<\/li>\n<li>B\u00e9lgica<\/li>\n<li>Croacia<\/li>\n<li>Rep\u00fablica Checa<\/li>\n<li>Francia<\/li>\n<li>Hungr\u00eda<\/li>\n<li>Irlanda<\/li>\n<li>Luxemburgo<\/li>\n<li>Portugal<\/li>\n<li>Ruman\u00eda<\/li>\n<li>Eslovaquia<\/li>\n<li>Eslovenia<\/li>\n<li>Espa\u00f1a<\/li>\n<li>Alemania<\/li>\n<li>Grecia<\/li>\n<li>Italia<\/li>\n<li>Polonia<\/li>\n<\/ul>\n<p>&nbsp;<\/p>\n<p><em>Compruebe siempre la normativa local antes de realizar el pedido, ya que la interpretaci\u00f3n puede variar.<\/em><\/p>\n<\/div>\n<\/div><\/div>\n<div class=\"su-spoiler su-spoiler-style-default su-spoiler-icon-plus su-spoiler-closed\" data-scroll-offset=\"0\" data-anchor-in-url=\"no\"><div class=\"su-spoiler-title\" tabindex=\"0\" role=\"button\"><span class=\"su-spoiler-icon\"><\/span>Calidad<\/div><div class=\"su-spoiler-content su-u-clearfix su-u-trim\">\n<div style=\"background-color: #eff5e6; padding: 12px 16px; border-radius: 0 0 8px 8px; font-size: 15px; color: #444; line-height: 1.8;\">Producido en condiciones controladas para una calidad y pureza constantes.<\/div>\n<\/div><\/div>\n<div class=\"su-spoiler su-spoiler-style-default su-spoiler-icon-plus su-spoiler-closed\" data-scroll-offset=\"0\" data-anchor-in-url=\"no\"><div class=\"su-spoiler-title\" tabindex=\"0\" role=\"button\"><span class=\"su-spoiler-icon\"><\/span>Almacenamiento<\/div><div class=\"su-spoiler-content su-u-clearfix su-u-trim\">\n<div style=\"background-color: #eff5e6; padding: 12px 16px; border-radius: 0 0 8px 8px; font-size: 15px; color: #444; line-height: 1.8;\">Conservar a menos de 10\u00b0C. Conservar hasta 12 meses si se almacena correctamente.<\/div>\n<\/div><\/div>\n<\/div>\n<\/div>\n<div style=\"background-color: #eff5e6; padding: 20px; border-radius: 12px; font-family: Montserrat, sans-serif; font-size: 15px; color: #333; line-height: 1.6;\">\n<h2>Notas clave (leer atentamente)<\/h2>\n<ul>\n<li>S\u00f3lo para investigaci\u00f3n<\/li>\n<li>No para uso humano o m\u00e9dico<\/li>\n<li>Contiene 4-PR-MET<\/li>\n<li>Dise\u00f1ado para la investigaci\u00f3n a dosis bajas y a nivel micro<\/li>\n<li>Compruebe la legislaci\u00f3n local antes de hacer un pedido<\/li>\n<li>Conservar a menos de 10\u00b0C<\/li>\n<\/ul>\n<\/div>","protected":false},"excerpt":{"rendered":"<p>Experimenta gotas de investigaci\u00f3n precisas y de baja dosis con 4-PR-MET, inspiradas en las setas m\u00e1gicas cl\u00e1sicas. Berlin Drops Micro ofrece efectos suaves y controlados, una dosificaci\u00f3n constante y una larga vida \u00fatil. Producido en un laboratorio certificado s\u00f3lo para fines de investigaci\u00f3n.<\/p>","protected":false},"featured_media":1160145,"comment_status":"open","ping_status":"closed","template":"","meta":{"site-sidebar-layout":"default","site-content-layout":"default","ast-site-content-layout":"default","site-content-style":"default","site-sidebar-style":"default","ast-global-header-display":"","ast-banner-title-visibility":"","ast-main-header-display":"","ast-hfb-above-header-display":"","ast-hfb-below-header-display":"","ast-hfb-mobile-header-display":"","site-post-title":"","ast-breadcrumbs-content":"","ast-featured-img":"","footer-sml-layout":"","ast-disable-related-posts":"","theme-transparent-header-meta":"disabled","adv-header-id-meta":"","stick-header-meta":"","header-above-stick-meta":"","header-main-stick-meta":"","header-below-stick-meta":"","astra-migrate-meta-layouts":"set","ast-page-background-enabled":"default","ast-page-background-meta":{"desktop":{"background-color":"","background-image":"","background-repeat":"repeat","background-position":"center center","background-size":"auto","background-attachment":"scroll","background-type":"","background-media":"","overlay-type":"","overlay-color":"","overlay-opacity":"","overlay-gradient":""},"tablet":{"background-color":"","background-image":"","background-repeat":"repeat","background-position":"center center","background-size":"auto","background-attachment":"scroll","background-type":"","background-media":"","overlay-type":"","overlay-color":"","overlay-opacity":"","overlay-gradient":""},"mobile":{"background-color":"","background-image":"","background-repeat":"repeat","background-position":"center center","background-size":"auto","background-attachment":"scroll","background-type":"","background-media":"","overlay-type":"","overlay-color":"","overlay-opacity":"","overlay-gradient":""}},"ast-content-background-meta":{"desktop":{"background-color":"var(--ast-global-color-5)","background-image":"","background-repeat":"repeat","background-position":"center center","background-size":"auto","background-attachment":"scroll","background-type":"","background-media":"","overlay-type":"","overlay-color":"","overlay-opacity":"","overlay-gradient":""},"tablet":{"background-color":"var(--ast-global-color-5)","background-image":"","background-repeat":"repeat","background-position":"center center","background-size":"auto","background-attachment":"scroll","background-type":"","background-media":"","overlay-type":"","overlay-color":"","overlay-opacity":"","overlay-gradient":""},"mobile":{"background-color":"var(--ast-global-color-5)","background-image":"","background-repeat":"repeat","background-position":"center center","background-size":"auto","background-attachment":"scroll","background-type":"","background-media":"","overlay-type":"","overlay-color":"","overlay-opacity":"","overlay-gradient":""}}},"product_brand":[129],"product_cat":[117],"product_tag":[],"class_list":{"0":"post-1160092","1":"product","2":"type-product","3":"status-publish","4":"has-post-thumbnail","6":"product_brand-primal-focus","7":"product_cat-drops","8":"product_shipping_class-brievenbus-pakje","9":"desktop-align-center","10":"tablet-align-left","11":"mobile-align-left","13":"first","14":"instock","15":"sale","16":"taxable","17":"shipping-taxable","18":"purchasable","19":"product-type-variable","20":"has-default-attributes"},"yoast_head":"<!-- This site is optimized with the Yoast SEO plugin v27.4 - https:\/\/yoast.com\/product\/yoast-seo-wordpress\/ -->\n<title>Berlin Drops - Micro | microdosing drops<\/title>\n<meta name=\"description\" content=\"Berlin Drops Micro (4-PR-MET) offer precise low-dose liquid drops for microdosing research. Consistent dosing, easy use and EU shipping available.\" \/>\n<meta name=\"robots\" content=\"index, follow, max-snippet:-1, max-image-preview:large, max-video-preview:-1\" \/>\n<link rel=\"canonical\" href=\"https:\/\/primalfocus.eu\/es\/berlin-drops-micro\/\" \/>\n<meta property=\"og:locale\" content=\"es_ES\" \/>\n<meta property=\"og:type\" content=\"article\" \/>\n<meta property=\"og:title\" content=\"Berlin Drops - Micro | microdosing drops\" \/>\n<meta property=\"og:description\" content=\"Berlin Drops Micro (4-PR-MET) offer precise low-dose liquid drops for microdosing research. Consistent dosing, easy use and EU shipping available.\" \/>\n<meta property=\"og:url\" content=\"https:\/\/primalfocus.eu\/es\/berlin-drops-micro\/\" \/>\n<meta property=\"og:site_name\" content=\"Primal Focus\" \/>\n<meta property=\"article:publisher\" content=\"https:\/\/www.facebook.com\/profile.php?id=61575377667059\" \/>\n<meta property=\"article:modified_time\" content=\"2026-04-14T17:13:37+00:00\" \/>\n<meta property=\"og:image\" content=\"https:\/\/primalfocus.eu\/wp-content\/uploads\/2026\/03\/Berlin-Drops-Micro.webp\" \/>\n\t<meta property=\"og:image:width\" content=\"1280\" \/>\n\t<meta property=\"og:image:height\" content=\"1280\" \/>\n\t<meta property=\"og:image:type\" content=\"image\/webp\" \/>\n<meta name=\"twitter:card\" content=\"summary_large_image\" \/>\n<meta name=\"twitter:site\" content=\"@primalfocus_eu\" \/>\n<meta name=\"twitter:label1\" content=\"Tiempo de lectura\" \/>\n\t<meta name=\"twitter:data1\" content=\"2 minutos\" \/>\n<script type=\"application\/ld+json\" class=\"yoast-schema-graph\">{\"@context\":\"https:\\\/\\\/schema.org\",\"@graph\":[{\"@type\":[\"WebPage\",\"ItemPage\"],\"@id\":\"https:\\\/\\\/primalfocus.eu\\\/es\\\/berlin-drops-micro\\\/\",\"url\":\"https:\\\/\\\/primalfocus.eu\\\/es\\\/berlin-drops-micro\\\/\",\"name\":\"Berlin Drops - Micro | microdosing drops\",\"isPartOf\":{\"@id\":\"https:\\\/\\\/primalfocus.eu\\\/es\\\/#website\"},\"primaryImageOfPage\":{\"@id\":\"https:\\\/\\\/primalfocus.eu\\\/es\\\/berlin-drops-micro\\\/#primaryimage\"},\"image\":{\"@id\":\"https:\\\/\\\/primalfocus.eu\\\/es\\\/berlin-drops-micro\\\/#primaryimage\"},\"thumbnailUrl\":\"https:\\\/\\\/primalfocus.eu\\\/wp-content\\\/uploads\\\/2026\\\/03\\\/Berlin-Drops-Micro.webp\",\"datePublished\":\"2026-03-31T13:55:09+00:00\",\"dateModified\":\"2026-04-14T17:13:37+00:00\",\"description\":\"Berlin Drops Micro (4-PR-MET) offer precise low-dose liquid drops for microdosing research. Consistent dosing, easy use and EU shipping available.\",\"breadcrumb\":{\"@id\":\"https:\\\/\\\/primalfocus.eu\\\/es\\\/berlin-drops-micro\\\/#breadcrumb\"},\"inLanguage\":\"es\",\"potentialAction\":[{\"@type\":\"ReadAction\",\"target\":[\"https:\\\/\\\/primalfocus.eu\\\/es\\\/berlin-drops-micro\\\/\"]}]},{\"@type\":\"ImageObject\",\"inLanguage\":\"es\",\"@id\":\"https:\\\/\\\/primalfocus.eu\\\/es\\\/berlin-drops-micro\\\/#primaryimage\",\"url\":\"https:\\\/\\\/primalfocus.eu\\\/wp-content\\\/uploads\\\/2026\\\/03\\\/Berlin-Drops-Micro.webp\",\"contentUrl\":\"https:\\\/\\\/primalfocus.eu\\\/wp-content\\\/uploads\\\/2026\\\/03\\\/Berlin-Drops-Micro.webp\",\"width\":1280,\"height\":1280,\"caption\":\"Berlin Drops Micro\"},{\"@type\":\"BreadcrumbList\",\"@id\":\"https:\\\/\\\/primalfocus.eu\\\/es\\\/berlin-drops-micro\\\/#breadcrumb\",\"itemListElement\":[{\"@type\":\"ListItem\",\"position\":1,\"name\":\"Home\",\"item\":\"https:\\\/\\\/primalfocus.eu\\\/\"},{\"@type\":\"ListItem\",\"position\":2,\"name\":\"Shop\",\"item\":\"https:\\\/\\\/primalfocus.eu\\\/products\\\/\"},{\"@type\":\"ListItem\",\"position\":3,\"name\":\"Mushroom drops\",\"item\":\"https:\\\/\\\/primalfocus.eu\\\/drops\\\/\"},{\"@type\":\"ListItem\",\"position\":4,\"name\":\"Berlin Drops &#8211; Micro\"}]},{\"@type\":\"WebSite\",\"@id\":\"https:\\\/\\\/primalfocus.eu\\\/es\\\/#website\",\"url\":\"https:\\\/\\\/primalfocus.eu\\\/es\\\/\",\"name\":\"Primal Focus\",\"description\":\"Buy legal psychedelics online\",\"publisher\":{\"@id\":\"https:\\\/\\\/primalfocus.eu\\\/es\\\/#organization\"},\"potentialAction\":[{\"@type\":\"SearchAction\",\"target\":{\"@type\":\"EntryPoint\",\"urlTemplate\":\"https:\\\/\\\/primalfocus.eu\\\/es\\\/?s={search_term_string}\"},\"query-input\":{\"@type\":\"PropertyValueSpecification\",\"valueRequired\":true,\"valueName\":\"search_term_string\"}}],\"inLanguage\":\"es\"},{\"@type\":\"Organization\",\"@id\":\"https:\\\/\\\/primalfocus.eu\\\/es\\\/#organization\",\"name\":\"Primal Focus\",\"alternateName\":\"primalfocus.eu\",\"url\":\"https:\\\/\\\/primalfocus.eu\\\/es\\\/\",\"logo\":{\"@type\":\"ImageObject\",\"inLanguage\":\"es\",\"@id\":\"https:\\\/\\\/primalfocus.eu\\\/es\\\/#\\\/schema\\\/logo\\\/image\\\/\",\"url\":\"https:\\\/\\\/primalfocus.eu\\\/wp-content\\\/uploads\\\/2025\\\/11\\\/primal-focus-logo-header.svg\",\"contentUrl\":\"https:\\\/\\\/primalfocus.eu\\\/wp-content\\\/uploads\\\/2025\\\/11\\\/primal-focus-logo-header.svg\",\"caption\":\"Primal Focus\"},\"image\":{\"@id\":\"https:\\\/\\\/primalfocus.eu\\\/es\\\/#\\\/schema\\\/logo\\\/image\\\/\"},\"sameAs\":[\"https:\\\/\\\/www.facebook.com\\\/profile.php?id=61575377667059\",\"https:\\\/\\\/x.com\\\/primalfocus_eu\",\"https:\\\/\\\/www.instagram.com\\\/primalfocus.store\\\/\"]}]}<\/script>\n<!-- \/ Yoast SEO plugin. -->","yoast_head_json":{"title":"Berl\u00edn Gotas - Micro | microdosificaci\u00f3n gotas","description":"Berlin Drops Micro (4-PR-MET) ofrece gotas l\u00edquidas precisas de baja dosis para la investigaci\u00f3n de microdosificaci\u00f3n. Dosificaci\u00f3n uniforme, uso sencillo y env\u00edo a la UE.","robots":{"index":"index","follow":"follow","max-snippet":"max-snippet:-1","max-image-preview":"max-image-preview:large","max-video-preview":"max-video-preview:-1"},"canonical":"https:\/\/primalfocus.eu\/es\/berlin-drops-micro\/","og_locale":"es_ES","og_type":"article","og_title":"Berlin Drops - Micro | microdosing drops","og_description":"Berlin Drops Micro (4-PR-MET) offer precise low-dose liquid drops for microdosing research. Consistent dosing, easy use and EU shipping available.","og_url":"https:\/\/primalfocus.eu\/es\/berlin-drops-micro\/","og_site_name":"Primal Focus","article_publisher":"https:\/\/www.facebook.com\/profile.php?id=61575377667059","article_modified_time":"2026-04-14T17:13:37+00:00","og_image":[{"width":1280,"height":1280,"url":"https:\/\/primalfocus.eu\/wp-content\/uploads\/2026\/03\/Berlin-Drops-Micro.webp","type":"image\/webp"}],"twitter_card":"summary_large_image","twitter_site":"@primalfocus_eu","twitter_misc":{"Tiempo de lectura":"2 minutos"},"schema":{"@context":"https:\/\/schema.org","@graph":[{"@type":["WebPage","ItemPage"],"@id":"https:\/\/primalfocus.eu\/es\/berlin-drops-micro\/","url":"https:\/\/primalfocus.eu\/es\/berlin-drops-micro\/","name":"Berl\u00edn Gotas - Micro | microdosificaci\u00f3n gotas","isPartOf":{"@id":"https:\/\/primalfocus.eu\/es\/#website"},"primaryImageOfPage":{"@id":"https:\/\/primalfocus.eu\/es\/berlin-drops-micro\/#primaryimage"},"image":{"@id":"https:\/\/primalfocus.eu\/es\/berlin-drops-micro\/#primaryimage"},"thumbnailUrl":"https:\/\/primalfocus.eu\/wp-content\/uploads\/2026\/03\/Berlin-Drops-Micro.webp","datePublished":"2026-03-31T13:55:09+00:00","dateModified":"2026-04-14T17:13:37+00:00","description":"Berlin Drops Micro (4-PR-MET) ofrece gotas l\u00edquidas precisas de baja dosis para la investigaci\u00f3n de microdosificaci\u00f3n. Dosificaci\u00f3n uniforme, uso sencillo y env\u00edo a la UE.","breadcrumb":{"@id":"https:\/\/primalfocus.eu\/es\/berlin-drops-micro\/#breadcrumb"},"inLanguage":"es","potentialAction":[{"@type":"ReadAction","target":["https:\/\/primalfocus.eu\/es\/berlin-drops-micro\/"]}]},{"@type":"ImageObject","inLanguage":"es","@id":"https:\/\/primalfocus.eu\/es\/berlin-drops-micro\/#primaryimage","url":"https:\/\/primalfocus.eu\/wp-content\/uploads\/2026\/03\/Berlin-Drops-Micro.webp","contentUrl":"https:\/\/primalfocus.eu\/wp-content\/uploads\/2026\/03\/Berlin-Drops-Micro.webp","width":1280,"height":1280,"caption":"Berlin Drops Micro"},{"@type":"BreadcrumbList","@id":"https:\/\/primalfocus.eu\/es\/berlin-drops-micro\/#breadcrumb","itemListElement":[{"@type":"ListItem","position":1,"name":"Home","item":"https:\/\/primalfocus.eu\/"},{"@type":"ListItem","position":2,"name":"Shop","item":"https:\/\/primalfocus.eu\/products\/"},{"@type":"ListItem","position":3,"name":"Mushroom drops","item":"https:\/\/primalfocus.eu\/drops\/"},{"@type":"ListItem","position":4,"name":"Berlin Drops &#8211; Micro"}]},{"@type":"WebSite","@id":"https:\/\/primalfocus.eu\/es\/#website","url":"https:\/\/primalfocus.eu\/es\/","name":"Primal Focus","description":"Comprar psicod\u00e9licos legales en l\u00ednea","publisher":{"@id":"https:\/\/primalfocus.eu\/es\/#organization"},"potentialAction":[{"@type":"SearchAction","target":{"@type":"EntryPoint","urlTemplate":"https:\/\/primalfocus.eu\/es\/?s={search_term_string}"},"query-input":{"@type":"PropertyValueSpecification","valueRequired":true,"valueName":"search_term_string"}}],"inLanguage":"es"},{"@type":"Organization","@id":"https:\/\/primalfocus.eu\/es\/#organization","name":"Primal Focus","alternateName":"primalfocus.eu","url":"https:\/\/primalfocus.eu\/es\/","logo":{"@type":"ImageObject","inLanguage":"es","@id":"https:\/\/primalfocus.eu\/es\/#\/schema\/logo\/image\/","url":"https:\/\/primalfocus.eu\/wp-content\/uploads\/2025\/11\/primal-focus-logo-header.svg","contentUrl":"https:\/\/primalfocus.eu\/wp-content\/uploads\/2025\/11\/primal-focus-logo-header.svg","caption":"Primal Focus"},"image":{"@id":"https:\/\/primalfocus.eu\/es\/#\/schema\/logo\/image\/"},"sameAs":["https:\/\/www.facebook.com\/profile.php?id=61575377667059","https:\/\/x.com\/primalfocus_eu","https:\/\/www.instagram.com\/primalfocus.store\/"]}]}},"jetpack_sharing_enabled":true,"_links":{"self":[{"href":"https:\/\/primalfocus.eu\/es\/wp-json\/wp\/v2\/product\/1160092","targetHints":{"allow":["GET"]}}],"collection":[{"href":"https:\/\/primalfocus.eu\/es\/wp-json\/wp\/v2\/product"}],"about":[{"href":"https:\/\/primalfocus.eu\/es\/wp-json\/wp\/v2\/types\/product"}],"replies":[{"embeddable":true,"href":"https:\/\/primalfocus.eu\/es\/wp-json\/wp\/v2\/comments?post=1160092"}],"wp:featuredmedia":[{"embeddable":true,"href":"https:\/\/primalfocus.eu\/es\/wp-json\/wp\/v2\/media\/1160145"}],"wp:attachment":[{"href":"https:\/\/primalfocus.eu\/es\/wp-json\/wp\/v2\/media?parent=1160092"}],"wp:term":[{"taxonomy":"product_brand","embeddable":true,"href":"https:\/\/primalfocus.eu\/es\/wp-json\/wp\/v2\/product_brand?post=1160092"},{"taxonomy":"product_cat","embeddable":true,"href":"https:\/\/primalfocus.eu\/es\/wp-json\/wp\/v2\/product_cat?post=1160092"},{"taxonomy":"product_tag","embeddable":true,"href":"https:\/\/primalfocus.eu\/es\/wp-json\/wp\/v2\/product_tag?post=1160092"}],"curies":[{"name":"wp","href":"https:\/\/api.w.org\/{rel}","templated":true}]}}