{"id":1159585,"date":"2026-03-31T10:35:17","date_gmt":"2026-03-31T08:35:17","guid":{"rendered":"https:\/\/primalfocus.eu\/?post_type=product&#038;p=1159585"},"modified":"2026-04-14T16:30:19","modified_gmt":"2026-04-14T14:30:19","slug":"gotas-de-berlin","status":"publish","type":"product","link":"https:\/\/primalfocus.eu\/es\/berlin-drops\/","title":{"rendered":"Gotas de Berl\u00edn"},"content":{"rendered":"<p>Berlin Drops son nuestras soluciones de investigaci\u00f3n de potencia regular que contienen 4-PR-MET. Ofrecen resultados r\u00e1pidos y constantes con una dosificaci\u00f3n precisa. En t\u00e9rminos de potencia, son comparables a nuestro <a href=\"https:\/\/primalfocus.eu\/es\/amsterdam-drops\/\" target=\"_blank\" rel=\"noopener noreferrer\">Amsterdam Drops regular<\/a>.<\/p>\n<h2>\u00bfQu\u00e9 son las gotas de Berl\u00edn?<\/h2>\n<p>Berl\u00edn Gotas contiene una soluci\u00f3n l\u00edquida con 0,8 mg de 4-PR-MET. Se trata de un compuesto relacionado con la psilocina. Cada gota proporciona una dosis consistente, dise\u00f1ada \u00fanicamente para investigaci\u00f3n y uso anal\u00edtico.<\/p>\n<h2>\u00bfQu\u00e9 es 4-PR-MET?<\/h2>\n<p>El 4-PR-MET es un compuesto relacionado con la psilocina. En cuanto a sus efectos, a menudo se compara con la <a href=\"https:\/\/primalfocus.eu\/es\/trufas-magicas\/\" target=\"_blank\" rel=\"noopener noreferrer\">trufas m\u00e1gicas<\/a>. Tambi\u00e9n es muy similar al compuesto utilizado en <a href=\"https:\/\/primalfocus.eu\/es\/amsterdam-drops\/\" target=\"_blank\" rel=\"noopener noreferrer\">Gotas de Amsterdam<\/a> (4-HO-MET), con un perfil general comparable.<\/p>\n<h2>\u00bfQu\u00e9 fuerza tiene una gota?<\/h2>\n<p>Cada gota contiene 0,8 mg de 4-PR-MET. En t\u00e9rminos de efecto, esto es aproximadamente comparable a 1 mg de 4-HO-MET. Esto hace que la potencia de Berlin Drops sea similar a la de nuestras Amsterdam Drops normales.<\/p>\n<div style=\"background-color: #eff5e6; padding: 20px; border-radius: 12px; font-family: Montserrat, sans-serif; font-size: 15px; color: #333; line-height: 1.6;\">\n<table>\n<thead>\n<tr>\n<th>Tama\u00f1o de la botella<\/th>\n<th>Total 4-PR-MET<\/th>\n<th>Gotas aprox.<\/th>\n<\/tr>\n<\/thead>\n<tbody>\n<tr>\n<td>2 ml<\/td>\n<td>32 mg<\/td>\n<td>\u2248 40<\/td>\n<\/tr>\n<tr>\n<td>5 ml<\/td>\n<td>80 mg<\/td>\n<td>\u2248 100<\/td>\n<\/tr>\n<tr>\n<td>15 ml<\/td>\n<td>240 mg<\/td>\n<td>\u2248 300<\/td>\n<\/tr>\n<\/tbody>\n<\/table>\n<\/div>\n<p>&nbsp;<\/p>\n<h2>\u00bfPor qu\u00e9 elegir Berl\u00edn Drops?<\/h2>\n<p>Las gotas de Berl\u00edn son una opci\u00f3n sencilla y fiable para la investigaci\u00f3n con 4-PR-MET. Son f\u00e1ciles de usar y dan resultados consistentes.<\/p>\n<div style=\"font-family: Montserrat, sans-serif; margin-top: 20px;\">\n<div class=\"su-accordion su-u-trim custom-dos-donts-accordion\">\n<div class=\"su-spoiler su-spoiler-style-default su-spoiler-icon-plus su-spoiler-closed\" data-scroll-offset=\"0\" data-anchor-in-url=\"no\"><div class=\"su-spoiler-title\" tabindex=\"0\" role=\"button\"><span class=\"su-spoiler-icon\"><\/span>Lo que hay dentro<\/div><div class=\"su-spoiler-content su-u-clearfix su-u-trim\">\n<div style=\"background-color: #eff5e6; padding: 12px 16px; border-radius: 0 0 8px 8px; font-size: 15px; color: #444; line-height: 1.8;\">Las gotas Berlin Drops contienen 4-PR-MET, un compuesto relacionado con la psilocina. Estas gotas est\u00e1n destinadas exclusivamente a la investigaci\u00f3n.<\/div>\n<\/div><\/div>\n<div class=\"su-spoiler su-spoiler-style-default su-spoiler-icon-plus su-spoiler-closed\" data-scroll-offset=\"0\" data-anchor-in-url=\"no\"><div class=\"su-spoiler-title\" tabindex=\"0\" role=\"button\"><span class=\"su-spoiler-icon\"><\/span>Fuerza<\/div><div class=\"su-spoiler-content su-u-clearfix su-u-trim\">\n<div style=\"background-color: #eff5e6; padding: 12px 16px; border-radius: 0 0 8px 8px; font-size: 15px; color: #444; line-height: 1.8;\">Cada gota contiene 0,8 mg. Esto es similar en fuerza a 1 mg de 4-HO-MET y comparable a Amsterdam Drops regular.<\/div>\n<\/div><\/div>\n<div class=\"su-spoiler su-spoiler-style-default su-spoiler-icon-plus su-spoiler-closed\" data-scroll-offset=\"0\" data-anchor-in-url=\"no\"><div class=\"su-spoiler-title\" tabindex=\"0\" role=\"button\"><span class=\"su-spoiler-icon\"><\/span>F\u00e1cil de dosificar<\/div><div class=\"su-spoiler-content su-u-clearfix su-u-trim\">\n<div style=\"background-color: #eff5e6; padding: 12px 16px; border-radius: 0 0 8px 8px; font-size: 15px; color: #444; line-height: 1.8;\">El formato l\u00edquido facilita la medici\u00f3n y la repetici\u00f3n de la misma cantidad cada vez.<\/div>\n<\/div><\/div>\n<div class=\"su-spoiler su-spoiler-style-default su-spoiler-icon-plus su-spoiler-closed\" data-scroll-offset=\"0\" data-anchor-in-url=\"no\"><div class=\"su-spoiler-title\" tabindex=\"0\" role=\"button\"><span class=\"su-spoiler-icon\"><\/span>A d\u00f3nde enviamos<\/div><div class=\"su-spoiler-content su-u-clearfix su-u-trim\">\n<div style=\"background-color: #eff5e6; padding: 12px 16px; border-radius: 0 0 8px 8px; font-size: 15px; color: #444; line-height: 1.8;\">\n<p>Actualmente enviamos Gotas de Berl\u00edn a los siguientes pa\u00edses de la UE:<\/p>\n<ul style=\"margin: 10px 0 0 20px;\">\n<li>Pa\u00edses Bajos<\/li>\n<li>B\u00e9lgica<\/li>\n<li>Croacia<\/li>\n<li>Rep\u00fablica Checa<\/li>\n<li>Francia<\/li>\n<li>Hungr\u00eda<\/li>\n<li>Irlanda<\/li>\n<li>Luxemburgo<\/li>\n<li>Portugal<\/li>\n<li>Ruman\u00eda<\/li>\n<li>Eslovaquia<\/li>\n<li>Eslovenia<\/li>\n<li>Espa\u00f1a<\/li>\n<li>Alemania<\/li>\n<li>Grecia<\/li>\n<li>Italia<\/li>\n<li>Polonia<\/li>\n<\/ul>\n<p>&nbsp;<\/p>\n<p><em>Compruebe siempre la normativa local antes de realizar el pedido, ya que la interpretaci\u00f3n puede variar.<\/em><\/p>\n<\/div>\n<\/div><\/div>\n<div class=\"su-spoiler su-spoiler-style-default su-spoiler-icon-plus su-spoiler-closed\" data-scroll-offset=\"0\" data-anchor-in-url=\"no\"><div class=\"su-spoiler-title\" tabindex=\"0\" role=\"button\"><span class=\"su-spoiler-icon\"><\/span>Calidad<\/div><div class=\"su-spoiler-content su-u-clearfix su-u-trim\">\n<div style=\"background-color: #eff5e6; padding: 12px 16px; border-radius: 0 0 8px 8px; font-size: 15px; color: #444; line-height: 1.8;\">Producido en condiciones controladas para una calidad y pureza constantes.<\/div>\n<\/div><\/div>\n<div class=\"su-spoiler su-spoiler-style-default su-spoiler-icon-plus su-spoiler-closed\" data-scroll-offset=\"0\" data-anchor-in-url=\"no\"><div class=\"su-spoiler-title\" tabindex=\"0\" role=\"button\"><span class=\"su-spoiler-icon\"><\/span>Almacenamiento<\/div><div class=\"su-spoiler-content su-u-clearfix su-u-trim\">\n<div style=\"background-color: #eff5e6; padding: 12px 16px; border-radius: 0 0 8px 8px; font-size: 15px; color: #444; line-height: 1.8;\">Conservar a menos de 10\u00b0C. Conservar hasta 12 meses si se almacena correctamente.<\/div>\n<\/div><\/div>\n<\/div>\n<\/div>\n<div style=\"background-color: #eff5e6; padding: 20px; border-radius: 12px; font-family: Montserrat, sans-serif; font-size: 15px; color: #333; line-height: 1.6;\">\n<h2>Notas clave (leer atentamente)<\/h2>\n<ul>\n<li>S\u00f3lo para investigaci\u00f3n<\/li>\n<li>No para uso humano o m\u00e9dico<\/li>\n<li>Contiene 4-PR-MET<\/li>\n<li>La fuerza se basa en la comparaci\u00f3n estimada con 4-HO-MET<\/li>\n<li>Compruebe la legislaci\u00f3n local antes de hacer un pedido<\/li>\n<li>Conservar a menos de 10\u00b0C<\/li>\n<\/ul>\n<\/div>","protected":false},"excerpt":{"rendered":"<div class=\"flex flex-col text-sm pb-25\">\n<section class=\"text-token-text-primary w-full focus:outline-none [--shadow-height:45px] has-data-writing-block:pointer-events-none has-data-writing-block:-mt-(--shadow-height) has-data-writing-block:pt-(--shadow-height) [&amp;:has([data-writing-block])&gt;*]:pointer-events-auto scroll-mt-[calc(var(--header-height)+min(200px,max(70px,20svh)))]\" dir=\"auto\" data-turn-id=\"request-69cb8b91-bd14-8388-be0d-9b2d93eb0de5-6\" data-testid=\"conversation-turn-14\" data-scroll-anchor=\"true\" data-turn=\"assistant\">\n<div class=\"text-base my-auto mx-auto pb-10 [--thread-content-margin:var(--thread-content-margin-xs,calc(var(--spacing)*4))] @w-sm\/main:[--thread-content-margin:var(--thread-content-margin-sm,calc(var(--spacing)*6))] @w-lg\/main:[--thread-content-margin:var(--thread-content-margin-lg,calc(var(--spacing)*16))] px-(--thread-content-margin)\">\n<div class=\"[--thread-content-max-width:40rem] @w-lg\/main:[--thread-content-max-width:48rem] mx-auto max-w-(--thread-content-max-width) flex-1 group\/turn-messages focus-visible:outline-hidden relative flex w-full min-w-0 flex-col agent-turn\">\n<div class=\"flex max-w-full flex-col gap-4 grow\">\n<div class=\"min-h-8 text-message relative flex w-full flex-col items-end gap-2 text-start break-words whitespace-normal outline-none keyboard-focused:focus-ring [.text-message+&amp;]:mt-1\" dir=\"auto\" tabindex=\"0\" data-message-author-role=\"assistant\" data-message-id=\"c3b039ed-921a-43a4-875a-f61093a201e6\" data-message-model-slug=\"gpt-5-3\" data-turn-start-message=\"true\">\n<div class=\"flex w-full flex-col gap-1 empty:hidden\">\n<div class=\"markdown prose dark:prose-invert w-full wrap-break-word light markdown-new-styling\">\n<p data-start=\"0\" data-end=\"278\" data-is-last-node=\"\" data-is-only-node=\"\">Experience precise, fast-acting research drops containing 4-PR-MET, inspired by classic magic mushrooms. Berlin Drops deliver controlled, reliable results with a smooth onset, consistent dosing and long shelf life. They are produced in a certified lab for research purposes only.<\/p>\n<\/div>\n<\/div>\n<\/div>\n<\/div>\n<div class=\"z-0 flex min-h-[46px] justify-start\"><\/div>\n<div class=\"mt-3 w-full empty:hidden\">\n<div class=\"text-center\"><\/div>\n<\/div>\n<\/div>\n<\/div>\n<\/section>\n<\/div>\n<div class=\"pointer-events-none h-px w-px absolute bottom-0\" aria-hidden=\"true\" data-edge=\"true\"><\/div>\n","protected":false},"featured_media":1159622,"comment_status":"open","ping_status":"closed","template":"","meta":{"site-sidebar-layout":"default","site-content-layout":"default","ast-site-content-layout":"default","site-content-style":"default","site-sidebar-style":"default","ast-global-header-display":"","ast-banner-title-visibility":"","ast-main-header-display":"","ast-hfb-above-header-display":"","ast-hfb-below-header-display":"","ast-hfb-mobile-header-display":"","site-post-title":"","ast-breadcrumbs-content":"","ast-featured-img":"","footer-sml-layout":"","ast-disable-related-posts":"","theme-transparent-header-meta":"disabled","adv-header-id-meta":"","stick-header-meta":"","header-above-stick-meta":"","header-main-stick-meta":"","header-below-stick-meta":"","astra-migrate-meta-layouts":"set","ast-page-background-enabled":"default","ast-page-background-meta":{"desktop":{"background-color":"","background-image":"","background-repeat":"repeat","background-position":"center center","background-size":"auto","background-attachment":"scroll","background-type":"","background-media":"","overlay-type":"","overlay-color":"","overlay-opacity":"","overlay-gradient":""},"tablet":{"background-color":"","background-image":"","background-repeat":"repeat","background-position":"center center","background-size":"auto","background-attachment":"scroll","background-type":"","background-media":"","overlay-type":"","overlay-color":"","overlay-opacity":"","overlay-gradient":""},"mobile":{"background-color":"","background-image":"","background-repeat":"repeat","background-position":"center center","background-size":"auto","background-attachment":"scroll","background-type":"","background-media":"","overlay-type":"","overlay-color":"","overlay-opacity":"","overlay-gradient":""}},"ast-content-background-meta":{"desktop":{"background-color":"var(--ast-global-color-5)","background-image":"","background-repeat":"repeat","background-position":"center center","background-size":"auto","background-attachment":"scroll","background-type":"","background-media":"","overlay-type":"","overlay-color":"","overlay-opacity":"","overlay-gradient":""},"tablet":{"background-color":"var(--ast-global-color-5)","background-image":"","background-repeat":"repeat","background-position":"center center","background-size":"auto","background-attachment":"scroll","background-type":"","background-media":"","overlay-type":"","overlay-color":"","overlay-opacity":"","overlay-gradient":""},"mobile":{"background-color":"var(--ast-global-color-5)","background-image":"","background-repeat":"repeat","background-position":"center center","background-size":"auto","background-attachment":"scroll","background-type":"","background-media":"","overlay-type":"","overlay-color":"","overlay-opacity":"","overlay-gradient":""}}},"product_brand":[129],"product_cat":[117],"product_tag":[],"class_list":{"0":"post-1159585","1":"product","2":"type-product","3":"status-publish","4":"has-post-thumbnail","6":"product_brand-primal-focus","7":"product_cat-drops","8":"product_shipping_class-brievenbus-pakje","9":"desktop-align-center","10":"tablet-align-left","11":"mobile-align-left","13":"first","14":"instock","15":"sale","16":"taxable","17":"shipping-taxable","18":"purchasable","19":"product-type-variable","20":"has-default-attributes"},"yoast_head":"<!-- This site is optimized with the Yoast SEO plugin v27.4 - https:\/\/yoast.com\/product\/yoast-seo-wordpress\/ -->\n<title>Buy Berlin Drops with 4-PR-MET<\/title>\n<meta name=\"description\" content=\"Experience Berlin Drops with 4-PR-MET from Primal Focus. Premium liquid formula with clear effects, strong focus and fast, insured worldwide shipping.\" \/>\n<meta name=\"robots\" content=\"index, follow, max-snippet:-1, max-image-preview:large, max-video-preview:-1\" \/>\n<link rel=\"canonical\" href=\"https:\/\/primalfocus.eu\/es\/gotas-de-berlin\/\" \/>\n<meta property=\"og:locale\" content=\"es_ES\" \/>\n<meta property=\"og:type\" content=\"article\" \/>\n<meta property=\"og:title\" content=\"Buy Berlin Drops with 4-PR-MET\" \/>\n<meta property=\"og:description\" content=\"Experience Berlin Drops with 4-PR-MET from Primal Focus. Premium liquid formula with clear effects, strong focus and fast, insured worldwide shipping.\" \/>\n<meta property=\"og:url\" content=\"https:\/\/primalfocus.eu\/es\/gotas-de-berlin\/\" \/>\n<meta property=\"og:site_name\" content=\"Primal Focus\" \/>\n<meta property=\"article:publisher\" content=\"https:\/\/www.facebook.com\/profile.php?id=61575377667059\" \/>\n<meta property=\"article:modified_time\" content=\"2026-04-14T14:30:19+00:00\" \/>\n<meta property=\"og:image\" content=\"https:\/\/primalfocus.eu\/wp-content\/uploads\/2026\/03\/Berlin-Drops-by-Primal-Focus.webp\" \/>\n\t<meta property=\"og:image:width\" content=\"1280\" \/>\n\t<meta property=\"og:image:height\" content=\"1280\" \/>\n\t<meta property=\"og:image:type\" content=\"image\/webp\" \/>\n<meta name=\"twitter:card\" content=\"summary_large_image\" \/>\n<meta name=\"twitter:site\" content=\"@primalfocus_eu\" \/>\n<meta name=\"twitter:label1\" content=\"Tiempo de lectura\" \/>\n\t<meta name=\"twitter:data1\" content=\"2 minutos\" \/>\n<script type=\"application\/ld+json\" class=\"yoast-schema-graph\">{\"@context\":\"https:\\\/\\\/schema.org\",\"@graph\":[{\"@type\":[\"WebPage\",\"ItemPage\"],\"@id\":\"https:\\\/\\\/primalfocus.eu\\\/es\\\/berlin-drops\\\/\",\"url\":\"https:\\\/\\\/primalfocus.eu\\\/es\\\/berlin-drops\\\/\",\"name\":\"Buy Berlin Drops with 4-PR-MET\",\"isPartOf\":{\"@id\":\"https:\\\/\\\/primalfocus.eu\\\/es\\\/#website\"},\"primaryImageOfPage\":{\"@id\":\"https:\\\/\\\/primalfocus.eu\\\/es\\\/berlin-drops\\\/#primaryimage\"},\"image\":{\"@id\":\"https:\\\/\\\/primalfocus.eu\\\/es\\\/berlin-drops\\\/#primaryimage\"},\"thumbnailUrl\":\"https:\\\/\\\/primalfocus.eu\\\/wp-content\\\/uploads\\\/2026\\\/03\\\/Berlin-Drops-by-Primal-Focus.webp\",\"datePublished\":\"2026-03-31T08:35:17+00:00\",\"dateModified\":\"2026-04-14T14:30:19+00:00\",\"description\":\"Experience Berlin Drops with 4-PR-MET from Primal Focus. Premium liquid formula with clear effects, strong focus and fast, insured worldwide shipping.\",\"breadcrumb\":{\"@id\":\"https:\\\/\\\/primalfocus.eu\\\/es\\\/berlin-drops\\\/#breadcrumb\"},\"inLanguage\":\"es\",\"potentialAction\":[{\"@type\":\"ReadAction\",\"target\":[\"https:\\\/\\\/primalfocus.eu\\\/es\\\/berlin-drops\\\/\"]}]},{\"@type\":\"ImageObject\",\"inLanguage\":\"es\",\"@id\":\"https:\\\/\\\/primalfocus.eu\\\/es\\\/berlin-drops\\\/#primaryimage\",\"url\":\"https:\\\/\\\/primalfocus.eu\\\/wp-content\\\/uploads\\\/2026\\\/03\\\/Berlin-Drops-by-Primal-Focus.webp\",\"contentUrl\":\"https:\\\/\\\/primalfocus.eu\\\/wp-content\\\/uploads\\\/2026\\\/03\\\/Berlin-Drops-by-Primal-Focus.webp\",\"width\":1280,\"height\":1280,\"caption\":\"Berlin Drops by Primal Focus\"},{\"@type\":\"BreadcrumbList\",\"@id\":\"https:\\\/\\\/primalfocus.eu\\\/es\\\/berlin-drops\\\/#breadcrumb\",\"itemListElement\":[{\"@type\":\"ListItem\",\"position\":1,\"name\":\"Home\",\"item\":\"https:\\\/\\\/primalfocus.eu\\\/\"},{\"@type\":\"ListItem\",\"position\":2,\"name\":\"Shop\",\"item\":\"https:\\\/\\\/primalfocus.eu\\\/products\\\/\"},{\"@type\":\"ListItem\",\"position\":3,\"name\":\"Mushroom drops\",\"item\":\"https:\\\/\\\/primalfocus.eu\\\/drops\\\/\"},{\"@type\":\"ListItem\",\"position\":4,\"name\":\"Berlin Drops\"}]},{\"@type\":\"WebSite\",\"@id\":\"https:\\\/\\\/primalfocus.eu\\\/es\\\/#website\",\"url\":\"https:\\\/\\\/primalfocus.eu\\\/es\\\/\",\"name\":\"Primal Focus\",\"description\":\"Buy legal psychedelics online\",\"publisher\":{\"@id\":\"https:\\\/\\\/primalfocus.eu\\\/es\\\/#organization\"},\"potentialAction\":[{\"@type\":\"SearchAction\",\"target\":{\"@type\":\"EntryPoint\",\"urlTemplate\":\"https:\\\/\\\/primalfocus.eu\\\/es\\\/?s={search_term_string}\"},\"query-input\":{\"@type\":\"PropertyValueSpecification\",\"valueRequired\":true,\"valueName\":\"search_term_string\"}}],\"inLanguage\":\"es\"},{\"@type\":\"Organization\",\"@id\":\"https:\\\/\\\/primalfocus.eu\\\/es\\\/#organization\",\"name\":\"Primal Focus\",\"alternateName\":\"primalfocus.eu\",\"url\":\"https:\\\/\\\/primalfocus.eu\\\/es\\\/\",\"logo\":{\"@type\":\"ImageObject\",\"inLanguage\":\"es\",\"@id\":\"https:\\\/\\\/primalfocus.eu\\\/es\\\/#\\\/schema\\\/logo\\\/image\\\/\",\"url\":\"https:\\\/\\\/primalfocus.eu\\\/wp-content\\\/uploads\\\/2025\\\/11\\\/primal-focus-logo-header.svg\",\"contentUrl\":\"https:\\\/\\\/primalfocus.eu\\\/wp-content\\\/uploads\\\/2025\\\/11\\\/primal-focus-logo-header.svg\",\"caption\":\"Primal Focus\"},\"image\":{\"@id\":\"https:\\\/\\\/primalfocus.eu\\\/es\\\/#\\\/schema\\\/logo\\\/image\\\/\"},\"sameAs\":[\"https:\\\/\\\/www.facebook.com\\\/profile.php?id=61575377667059\",\"https:\\\/\\\/x.com\\\/primalfocus_eu\",\"https:\\\/\\\/www.instagram.com\\\/primalfocus.store\\\/\"]}]}<\/script>\n<!-- \/ Yoast SEO plugin. -->","yoast_head_json":{"title":"Comprar Berl\u00edn Gotas con 4-PR-MET","description":"Experimente Berl\u00edn Gotas con 4-PR-MET de Primal Focus. F\u00f3rmula l\u00edquida premium con efectos claros, enfoque fuerte y env\u00edo r\u00e1pido y asegurado a todo el mundo.","robots":{"index":"index","follow":"follow","max-snippet":"max-snippet:-1","max-image-preview":"max-image-preview:large","max-video-preview":"max-video-preview:-1"},"canonical":"https:\/\/primalfocus.eu\/es\/gotas-de-berlin\/","og_locale":"es_ES","og_type":"article","og_title":"Buy Berlin Drops with 4-PR-MET","og_description":"Experience Berlin Drops with 4-PR-MET from Primal Focus. Premium liquid formula with clear effects, strong focus and fast, insured worldwide shipping.","og_url":"https:\/\/primalfocus.eu\/es\/gotas-de-berlin\/","og_site_name":"Primal Focus","article_publisher":"https:\/\/www.facebook.com\/profile.php?id=61575377667059","article_modified_time":"2026-04-14T14:30:19+00:00","og_image":[{"width":1280,"height":1280,"url":"https:\/\/primalfocus.eu\/wp-content\/uploads\/2026\/03\/Berlin-Drops-by-Primal-Focus.webp","type":"image\/webp"}],"twitter_card":"summary_large_image","twitter_site":"@primalfocus_eu","twitter_misc":{"Tiempo de lectura":"2 minutos"},"schema":{"@context":"https:\/\/schema.org","@graph":[{"@type":["WebPage","ItemPage"],"@id":"https:\/\/primalfocus.eu\/es\/berlin-drops\/","url":"https:\/\/primalfocus.eu\/es\/berlin-drops\/","name":"Comprar Berl\u00edn Gotas con 4-PR-MET","isPartOf":{"@id":"https:\/\/primalfocus.eu\/es\/#website"},"primaryImageOfPage":{"@id":"https:\/\/primalfocus.eu\/es\/berlin-drops\/#primaryimage"},"image":{"@id":"https:\/\/primalfocus.eu\/es\/berlin-drops\/#primaryimage"},"thumbnailUrl":"https:\/\/primalfocus.eu\/wp-content\/uploads\/2026\/03\/Berlin-Drops-by-Primal-Focus.webp","datePublished":"2026-03-31T08:35:17+00:00","dateModified":"2026-04-14T14:30:19+00:00","description":"Experimente Berl\u00edn Gotas con 4-PR-MET de Primal Focus. F\u00f3rmula l\u00edquida premium con efectos claros, enfoque fuerte y env\u00edo r\u00e1pido y asegurado a todo el mundo.","breadcrumb":{"@id":"https:\/\/primalfocus.eu\/es\/berlin-drops\/#breadcrumb"},"inLanguage":"es","potentialAction":[{"@type":"ReadAction","target":["https:\/\/primalfocus.eu\/es\/berlin-drops\/"]}]},{"@type":"ImageObject","inLanguage":"es","@id":"https:\/\/primalfocus.eu\/es\/berlin-drops\/#primaryimage","url":"https:\/\/primalfocus.eu\/wp-content\/uploads\/2026\/03\/Berlin-Drops-by-Primal-Focus.webp","contentUrl":"https:\/\/primalfocus.eu\/wp-content\/uploads\/2026\/03\/Berlin-Drops-by-Primal-Focus.webp","width":1280,"height":1280,"caption":"Berlin Drops by Primal Focus"},{"@type":"BreadcrumbList","@id":"https:\/\/primalfocus.eu\/es\/berlin-drops\/#breadcrumb","itemListElement":[{"@type":"ListItem","position":1,"name":"Home","item":"https:\/\/primalfocus.eu\/"},{"@type":"ListItem","position":2,"name":"Shop","item":"https:\/\/primalfocus.eu\/products\/"},{"@type":"ListItem","position":3,"name":"Mushroom drops","item":"https:\/\/primalfocus.eu\/drops\/"},{"@type":"ListItem","position":4,"name":"Berlin Drops"}]},{"@type":"WebSite","@id":"https:\/\/primalfocus.eu\/es\/#website","url":"https:\/\/primalfocus.eu\/es\/","name":"Primal Focus","description":"Comprar psicod\u00e9licos legales en l\u00ednea","publisher":{"@id":"https:\/\/primalfocus.eu\/es\/#organization"},"potentialAction":[{"@type":"SearchAction","target":{"@type":"EntryPoint","urlTemplate":"https:\/\/primalfocus.eu\/es\/?s={search_term_string}"},"query-input":{"@type":"PropertyValueSpecification","valueRequired":true,"valueName":"search_term_string"}}],"inLanguage":"es"},{"@type":"Organization","@id":"https:\/\/primalfocus.eu\/es\/#organization","name":"Primal Focus","alternateName":"primalfocus.eu","url":"https:\/\/primalfocus.eu\/es\/","logo":{"@type":"ImageObject","inLanguage":"es","@id":"https:\/\/primalfocus.eu\/es\/#\/schema\/logo\/image\/","url":"https:\/\/primalfocus.eu\/wp-content\/uploads\/2025\/11\/primal-focus-logo-header.svg","contentUrl":"https:\/\/primalfocus.eu\/wp-content\/uploads\/2025\/11\/primal-focus-logo-header.svg","caption":"Primal Focus"},"image":{"@id":"https:\/\/primalfocus.eu\/es\/#\/schema\/logo\/image\/"},"sameAs":["https:\/\/www.facebook.com\/profile.php?id=61575377667059","https:\/\/x.com\/primalfocus_eu","https:\/\/www.instagram.com\/primalfocus.store\/"]}]}},"jetpack_sharing_enabled":true,"_links":{"self":[{"href":"https:\/\/primalfocus.eu\/es\/wp-json\/wp\/v2\/product\/1159585","targetHints":{"allow":["GET"]}}],"collection":[{"href":"https:\/\/primalfocus.eu\/es\/wp-json\/wp\/v2\/product"}],"about":[{"href":"https:\/\/primalfocus.eu\/es\/wp-json\/wp\/v2\/types\/product"}],"replies":[{"embeddable":true,"href":"https:\/\/primalfocus.eu\/es\/wp-json\/wp\/v2\/comments?post=1159585"}],"wp:featuredmedia":[{"embeddable":true,"href":"https:\/\/primalfocus.eu\/es\/wp-json\/wp\/v2\/media\/1159622"}],"wp:attachment":[{"href":"https:\/\/primalfocus.eu\/es\/wp-json\/wp\/v2\/media?parent=1159585"}],"wp:term":[{"taxonomy":"product_brand","embeddable":true,"href":"https:\/\/primalfocus.eu\/es\/wp-json\/wp\/v2\/product_brand?post=1159585"},{"taxonomy":"product_cat","embeddable":true,"href":"https:\/\/primalfocus.eu\/es\/wp-json\/wp\/v2\/product_cat?post=1159585"},{"taxonomy":"product_tag","embeddable":true,"href":"https:\/\/primalfocus.eu\/es\/wp-json\/wp\/v2\/product_tag?post=1159585"}],"curies":[{"name":"wp","href":"https:\/\/api.w.org\/{rel}","templated":true}]}}