{"id":705202,"date":"2025-06-09T15:49:32","date_gmt":"2025-06-09T13:49:32","guid":{"rendered":"https:\/\/primalfocus.eu\/?page_id=705202"},"modified":"2026-04-08T15:10:59","modified_gmt":"2026-04-08T13:10:59","slug":"estatuto-juridico","status":"publish","type":"page","link":"https:\/\/primalfocus.eu\/es\/legal-status\/","title":{"rendered":"Situaci\u00f3n jur\u00eddica"},"content":{"rendered":"<h1 class=\"wp-block-heading\">Situaci\u00f3n jur\u00eddica de nuestros productos<\/h1>\n\n\n\n<p>En Primal Focus valoramos la transparencia, el cumplimiento de la legislaci\u00f3n y la elecci\u00f3n informada. Esta p\u00e1gina ofrece una visi\u00f3n general de la situaci\u00f3n jur\u00eddica de algunas de nuestras principales categor\u00edas de productos, entre ellas <strong><a href=\"https:\/\/primalfocus.eu\/es\/categoria-producto\/viajando\/trufas-macrodosis\/\">Trufas de psilocibina<\/a><\/strong>, <strong><a href=\"https:\/\/primalfocus.eu\/es\/categoria-producto\/viajando\/kits-de-cultivo\/\">Kits de cultivo<\/a><\/strong>, <strong><a href=\"https:\/\/primalfocus.eu\/es\/lsd-legal\/\">1S-LSD<\/a><\/strong>, <strong><a href=\"https:\/\/primalfocus.eu\/es\/lsd-legal\/\">1Fe-LSD<\/a><\/strong>, <strong><a href=\"https:\/\/primalfocus.eu\/es\/gotas\/\">Gotas de Amsterdam<\/a><\/strong>, y <strong><a href=\"https:\/\/primalfocus.eu\/es\/gotas\/\" type=\"link\" id=\"https:\/\/primalfocus.eu\/drops\/\">Gotas de Berl\u00edn<\/a><\/strong>.<\/p>\n\n\n\n<p>Tenga en cuenta que las leyes pueden cambiar y que las autoridades locales pueden interpretarlas de manera diferente. Esta p\u00e1gina es solo para informaci\u00f3n general y no constituye asesoramiento jur\u00eddico.<\/p>\n\n\n\n<p>\ud83d\udc49 Ir a <a href=\"#psilocybin-truffles-grow-kits\">Trufas de psilocibina y kits de cultivo<\/a><\/p>\n\n\n\n<p>\ud83d\udc49 Ir a <a href=\"#lysergamides\">1S-LSD y 1Fe-LSD<\/a><\/p>\n\n\n\n<p>\ud83d\udc49 Ir a <a href=\"#drops\">Gotas de \u00c1msterdam y gotas de Berl\u00edn<\/a><\/p>\n\n\n\n<div style=\"height:100px\" aria-hidden=\"true\" class=\"wp-block-spacer\"><\/div>\n\n\n\n<h2 class=\"wp-block-heading\" id=\"psilocybin-truffles-grow-kits\">Trufas de psilocibina y kits de cultivo<\/h2>\n\n\n\n<div style=\"height:35px\" aria-hidden=\"true\" class=\"wp-block-spacer\"><\/div>\n\n\n\n<p><strong>Legal en los Pa\u00edses Bajos<\/strong><\/p>\n\n\n\n<p>Fresco <em>Psilocybe<\/em> Los esclerocios, conocidos com\u00fanmente como trufas m\u00e1gicas, son totalmente legales en los Pa\u00edses Bajos. No est\u00e1n clasificadas como setas y, por tanto, est\u00e1n exentas de la prohibici\u00f3n de 2008 sobre las setas de psilocibina.<\/p>\n\n\n\n<p>Se venden legalmente y est\u00e1n regulados como productos naturales por la legislaci\u00f3n neerlandesa.<\/p>\n\n\n\n<div style=\"height:40px\" aria-hidden=\"true\" class=\"wp-block-spacer\"><\/div>\n\n\n\n<p><strong>Contexto internacional y de la UE<\/strong><\/p>\n\n\n\n<p>Aunque la propia psilocibina est\u00e1 incluida en la lista del Convenio de las Naciones Unidas sobre Sustancias Psicotr\u00f3picas, este convenio no se aplica expl\u00edcitamente a materiales naturales como las trufas en su forma no procesada.<\/p>\n\n\n\n<p>En la UE, el principio de <a href=\"https:\/\/single-market-economy.ec.europa.eu\/single-market\/goods\/free-movement-sectors\/mutual-recognition-goods_en\" target=\"_blank\" rel=\"noreferrer noopener\">Reconocimiento mutuo de mercanc\u00edas<\/a> apoya la libre circulaci\u00f3n de productos que se venden legalmente en un Estado miembro, como los Pa\u00edses Bajos.<\/p>\n\n\n\n<p>En consecuencia, nuestras trufas se env\u00edan a toda la UE de conformidad con la legislaci\u00f3n neerlandesa y comunitaria. No obstante, las autoridades locales pueden aplicar sus propias interpretaciones o restricciones.<\/p>\n\n\n\n<div style=\"height:40px\" aria-hidden=\"true\" class=\"wp-block-spacer\"><\/div>\n\n\n\n<p><strong>Kits de cultivo<\/strong><\/p>\n\n\n\n<p>Los kits de cultivo que no contienen psilocibina ni psilocina tambi\u00e9n son legales en los Pa\u00edses Bajos. Suelen consistir en micelio y sustrato, y s\u00f3lo se someten a una regulaci\u00f3n m\u00e1s estricta cuando se forman compuestos psicoactivos a trav\u00e9s del cultivo.<\/p>\n\n\n\n<p>Al igual que las trufas, estos productos pueden venderse y enviarse desde los Pa\u00edses Bajos con arreglo a los marcos neerland\u00e9s y comunitario vigentes, aunque las normas locales pueden diferir.<\/p>\n\n\n\n<div style=\"height:40px\" aria-hidden=\"true\" class=\"wp-block-spacer\"><\/div>\n\n\n\n<p><strong>Env\u00edo y responsabilidad<\/strong><\/p>\n\n\n\n<p>Enviamos nuestras trufas y kits de cultivo a toda la UE de acuerdo con la legislaci\u00f3n holandesa. Los clientes son responsables de comprobar sus leyes locales antes de realizar el pedido. Primal Focus no se hace responsable de los problemas aduaneros, incautaciones o consecuencias legales en su jurisdicci\u00f3n.<\/p>\n\n\n\n<div style=\"height:100px\" aria-hidden=\"true\" class=\"wp-block-spacer\"><\/div>\n\n\n\n<h2 class=\"wp-block-heading\" id=\"lysergamides\">1S-LSD y 1Fe-LSD<\/h2>\n\n\n\n<div style=\"height:35px\" aria-hidden=\"true\" class=\"wp-block-spacer\"><\/div>\n\n\n\n<p><strong>\u00bfQu\u00e9 son 1S-LSD y 1Fe-LSD?<\/strong><\/p>\n\n\n\n<p>La 1S-LSD y la 1Fe-LSD son compuestos de lisergamida estructuralmente relacionados con la LSD. Su estatus legal puede variar significativamente seg\u00fan el pa\u00eds, y este \u00e1mbito est\u00e1 sujeto a cambios.<\/p>\n\n\n\n<div style=\"height:40px\" aria-hidden=\"true\" class=\"wp-block-spacer\"><\/div>\n\n\n\n<p><strong>1S-LSD<\/strong><\/p>\n\n\n\n<p>Mantenemos una visi\u00f3n general, pa\u00eds por pa\u00eds, de la situaci\u00f3n legal de la 1S-LSD en la UE:<\/p>\n\n\n\n<p><a href=\"https:\/\/primalfocus.eu\/wp-content\/uploads\/2025\/11\/Legality-1S-LSD-in-the-EU-20-11-2025.pdf\" target=\"_blank\" rel=\"noreferrer noopener\">\ud83d\udcc4 Ver el PDF: Legalidad del 1S-LSD en la UE<\/a><\/p>\n\n\n\n<p>Este documento es s\u00f3lo de referencia. No constituye asesoramiento jur\u00eddico, no puede derivarse de \u00e9l ning\u00fan derecho, y siempre aconsejamos a los clientes que investiguen tambi\u00e9n por su cuenta antes de hacer un pedido.<\/p>\n\n\n\n<div style=\"height:35px\" aria-hidden=\"true\" class=\"wp-block-spacer\"><\/div>\n\n\n\n<p><strong>1Fe-LSD<\/strong><\/p>\n\n\n\n<p>Tambi\u00e9n mantenemos un resumen por pa\u00edses de la 1Fe-LSD, tambi\u00e9n conocida como 1-(ferrocenocarbonil)-LSD:<\/p>\n\n\n\n<p><a href=\"https:\/\/primalfocus.eu\/wp-content\/uploads\/2026\/04\/Legality-1Fe-LSD-in-the-EU.pdf\" target=\"_blank\" rel=\"noreferrer noopener\">\ud83d\udcc4 Ver el PDF: Legalidad del 1Fe-LSD en la UE<\/a><\/p>\n\n\n\n<p>Este documento es s\u00f3lo de referencia. No constituye asesoramiento jur\u00eddico, no puede derivarse de \u00e9l ning\u00fan derecho, y siempre aconsejamos a los clientes que investiguen tambi\u00e9n por su cuenta antes de hacer un pedido.<\/p>\n\n\n\n<div style=\"height:40px\" aria-hidden=\"true\" class=\"wp-block-spacer\"><\/div>\n\n\n\n<p><strong>Nota importante<\/strong><\/p>\n\n\n\n<p>A diferencia de las trufas, estos productos no son alimentos. Su situaci\u00f3n jur\u00eddica es m\u00e1s delicada y depende m\u00e1s de la interpretaci\u00f3n nacional, la legislaci\u00f3n local y la aplicaci\u00f3n de las normas aduaneras. Por ello, la disponibilidad puede variar seg\u00fan el pa\u00eds y podemos rechazar o cancelar pedidos en los que veamos demasiados riesgos legales.<\/p>\n\n\n\n<p>No enviamos estos productos a pa\u00edses donde se sabe que el compuesto est\u00e1 prohibido, o donde el riesgo legal es demasiado alto en nuestra opini\u00f3n.<\/p>\n\n\n\n<div style=\"height:100px\" aria-hidden=\"true\" class=\"wp-block-spacer\"><\/div>\n\n\n\n<h2 class=\"wp-block-heading\" id=\"drops\">Gotas de \u00c1msterdam y gotas de Berl\u00edn<\/h2>\n\n\n\n<div style=\"height:35px\" aria-hidden=\"true\" class=\"wp-block-spacer\"><\/div>\n\n\n\n<p><strong>Gotas de Amsterdam<\/strong><\/p>\n\n\n\n<p>Amsterdam Drops contiene 4-HO-MET, un compuesto estructuralmente relacionado con la psilocina. Aunque la gente puede comparar la experiencia con las setas o las trufas, se trata de una sustancia diferente con su propio estatus legal.<\/p>\n\n\n\n<p>Dado que la 4-HO-MET no es un producto alimenticio, la situaci\u00f3n jur\u00eddica es menos sencilla y puede variar mucho de un pa\u00eds a otro. Las autoridades aduaneras tambi\u00e9n pueden adoptar una postura m\u00e1s estricta de lo esperado.<\/p>\n\n\n\n<p>Mantenemos una visi\u00f3n general de la situaci\u00f3n legal de la 4-HO-MET en los pa\u00edses de la UE:<\/p>\n\n\n\n<p><a href=\"https:\/\/primalfocus.eu\/wp-content\/uploads\/2025\/11\/4-HO-MET-in-the-EU-20-11-2025-4.pdf\" target=\"_blank\" rel=\"noreferrer noopener\">\ud83d\udcc4 Ver el PDF: Situaci\u00f3n jur\u00eddica de la 4-HO-MET en la UE<\/a><\/p>\n\n\n\n<p>Este documento es s\u00f3lo de referencia. No constituye asesoramiento jur\u00eddico, no puede derivarse de \u00e9l ning\u00fan derecho, y siempre aconsejamos a los clientes que investiguen tambi\u00e9n por su cuenta antes de hacer un pedido.<\/p>\n\n\n\n<div style=\"height:35px\" aria-hidden=\"true\" class=\"wp-block-spacer\"><\/div>\n\n\n\n<p><strong>Gotas de Berl\u00edn<\/strong><\/p>\n\n\n\n<p>Berl\u00edn Drops contiene 4-PrO-MET. Se trata de un compuesto distinto de la 4-HO-MET, con un perfil legal diferente en toda Europa.<\/p>\n\n\n\n<p>Mantenemos un resumen separado de la situaci\u00f3n legal de la 4-PrO-MET en los pa\u00edses de la UE:<\/p>\n\n\n\n<p><a href=\"https:\/\/primalfocus.eu\/wp-content\/uploads\/2026\/04\/4-Pro-MET-legal-status.pdf\" target=\"_blank\" rel=\"noreferrer noopener\">\ud83d\udcc4 Ver el PDF: Situaci\u00f3n jur\u00eddica de la 4-PrO-MET en la UE<\/a><\/p>\n\n\n\n<p>Este documento es s\u00f3lo de referencia. No constituye asesoramiento jur\u00eddico, no puede derivarse de \u00e9l ning\u00fan derecho, y siempre aconsejamos a los clientes que investiguen tambi\u00e9n por su cuenta antes de hacer un pedido.<\/p>\n\n\n\n<div style=\"height:40px\" aria-hidden=\"true\" class=\"wp-block-spacer\"><\/div>\n\n\n\n<p><strong>Env\u00edo y responsabilidad<\/strong><\/p>\n\n\n\n<p>Tanto para las gotas de Amsterdam como para las de Berl\u00edn, la disponibilidad depende del pa\u00eds de destino. S\u00f3lo realizamos env\u00edos all\u00ed donde actualmente consideramos que el riesgo legal y pr\u00e1ctico es aceptable. Todos los pedidos internacionales son responsabilidad del cliente, por lo que recomendamos encarecidamente que compruebe la legislaci\u00f3n local antes de realizar el pedido.<\/p>\n\n\n\n<div style=\"height:100px\" aria-hidden=\"true\" class=\"wp-block-spacer\"><\/div>\n\n\n\n<h2 class=\"wp-block-heading\">Descargo de responsabilidad final<\/h2>\n\n\n\n<p>La informaci\u00f3n de esta p\u00e1gina es s\u00f3lo para referencia general y no constituye asesoramiento legal o m\u00e9dico. No se puede derivar ning\u00fan derecho de esta p\u00e1gina o de cualquier resumen de pa\u00eds enlazado. Las leyes pueden cambiar, las interpretaciones pueden diferir y la aplicaci\u00f3n puede variar seg\u00fan la jurisdicci\u00f3n.<\/p>\n\n\n\n<p>Investigue siempre por su cuenta antes de hacer un pedido y consulte a un profesional cualificado si es necesario. Si cree que la informaci\u00f3n de esta p\u00e1gina est\u00e1 obsoleta o incompleta, p\u00f3ngase en contacto con nosotros en <a href=\"mailto:info@primalfocus.eu\">info@primalfocus.eu<\/a>.<\/p>\n\n\n\n<p><\/p>","protected":false},"excerpt":{"rendered":"<p>Legal Status of Our Products At Primal Focus, we value transparency, legal compliance, and informed choice. This page gives a [&hellip;]<\/p>\n","protected":false},"author":1,"featured_media":0,"parent":0,"menu_order":0,"comment_status":"closed","ping_status":"closed","template":"","meta":{"site-sidebar-layout":"default","site-content-layout":"","ast-site-content-layout":"default","site-content-style":"default","site-sidebar-style":"default","ast-global-header-display":"","ast-banner-title-visibility":"","ast-main-header-display":"","ast-hfb-above-header-display":"","ast-hfb-below-header-display":"","ast-hfb-mobile-header-display":"","site-post-title":"disabled","ast-breadcrumbs-content":"","ast-featured-img":"","footer-sml-layout":"","ast-disable-related-posts":"","theme-transparent-header-meta":"","adv-header-id-meta":"","stick-header-meta":"","header-above-stick-meta":"","header-main-stick-meta":"","header-below-stick-meta":"","astra-migrate-meta-layouts":"set","ast-page-background-enabled":"default","ast-page-background-meta":{"desktop":{"background-color":"","background-image":"","background-repeat":"repeat","background-position":"center center","background-size":"auto","background-attachment":"scroll","background-type":"","background-media":"","overlay-type":"","overlay-color":"","overlay-gradient":""},"tablet":{"background-color":"","background-image":"","background-repeat":"repeat","background-position":"center center","background-size":"auto","background-attachment":"scroll","background-type":"","background-media":"","overlay-type":"","overlay-color":"","overlay-gradient":""},"mobile":{"background-color":"","background-image":"","background-repeat":"repeat","background-position":"center center","background-size":"auto","background-attachment":"scroll","background-type":"","background-media":"","overlay-type":"","overlay-color":"","overlay-gradient":""}},"ast-content-background-meta":{"desktop":{"background-color":"var(--ast-global-color-5)","background-image":"","background-repeat":"repeat","background-position":"center center","background-size":"auto","background-attachment":"scroll","background-type":"","background-media":"","overlay-type":"","overlay-color":"","overlay-gradient":""},"tablet":{"background-color":"var(--ast-global-color-5)","background-image":"","background-repeat":"repeat","background-position":"center center","background-size":"auto","background-attachment":"scroll","background-type":"","background-media":"","overlay-type":"","overlay-color":"","overlay-gradient":""},"mobile":{"background-color":"var(--ast-global-color-5)","background-image":"","background-repeat":"repeat","background-position":"center center","background-size":"auto","background-attachment":"scroll","background-type":"","background-media":"","overlay-type":"","overlay-color":"","overlay-gradient":""}},"footnotes":""},"class_list":["post-705202","page","type-page","status-publish","hentry"],"yoast_head":"<!-- This site is optimized with the Yoast SEO plugin v27.3 - https:\/\/yoast.com\/product\/yoast-seo-wordpress\/ -->\n<title>Legal Status - Primal Focus<\/title>\n<meta name=\"robots\" content=\"index, follow, max-snippet:-1, max-image-preview:large, max-video-preview:-1\" \/>\n<link rel=\"canonical\" href=\"https:\/\/primalfocus.eu\/es\/estatuto-juridico\/\" \/>\n<meta property=\"og:locale\" content=\"es_ES\" \/>\n<meta property=\"og:type\" content=\"article\" \/>\n<meta property=\"og:title\" content=\"Legal Status - Primal Focus\" \/>\n<meta property=\"og:description\" content=\"Legal Status of Our Products At Primal Focus, we value transparency, legal compliance, and informed choice. This page gives a [&hellip;]\" \/>\n<meta property=\"og:url\" content=\"https:\/\/primalfocus.eu\/es\/estatuto-juridico\/\" \/>\n<meta property=\"og:site_name\" content=\"Primal Focus\" \/>\n<meta property=\"article:publisher\" content=\"https:\/\/www.facebook.com\/profile.php?id=61575377667059\" \/>\n<meta property=\"article:modified_time\" content=\"2026-04-08T13:10:59+00:00\" \/>\n<meta name=\"twitter:card\" content=\"summary_large_image\" \/>\n<meta name=\"twitter:site\" content=\"@primalfocus_eu\" \/>\n<meta name=\"twitter:label1\" content=\"Tiempo de lectura\" \/>\n\t<meta name=\"twitter:data1\" content=\"4 minutos\" \/>\n<script type=\"application\/ld+json\" class=\"yoast-schema-graph\">{\"@context\":\"https:\\\/\\\/schema.org\",\"@graph\":[{\"@type\":\"WebPage\",\"@id\":\"https:\\\/\\\/primalfocus.eu\\\/es\\\/legal-status\\\/\",\"url\":\"https:\\\/\\\/primalfocus.eu\\\/es\\\/legal-status\\\/\",\"name\":\"Legal Status - Primal Focus\",\"isPartOf\":{\"@id\":\"https:\\\/\\\/primalfocus.eu\\\/es\\\/#website\"},\"datePublished\":\"2025-06-09T13:49:32+00:00\",\"dateModified\":\"2026-04-08T13:10:59+00:00\",\"breadcrumb\":{\"@id\":\"https:\\\/\\\/primalfocus.eu\\\/es\\\/legal-status\\\/#breadcrumb\"},\"inLanguage\":\"es\",\"potentialAction\":[{\"@type\":\"ReadAction\",\"target\":[\"https:\\\/\\\/primalfocus.eu\\\/es\\\/legal-status\\\/\"]}]},{\"@type\":\"BreadcrumbList\",\"@id\":\"https:\\\/\\\/primalfocus.eu\\\/es\\\/legal-status\\\/#breadcrumb\",\"itemListElement\":[{\"@type\":\"ListItem\",\"position\":1,\"name\":\"Home\",\"item\":\"https:\\\/\\\/primalfocus.eu\\\/\"},{\"@type\":\"ListItem\",\"position\":2,\"name\":\"Legal Status\"}]},{\"@type\":\"WebSite\",\"@id\":\"https:\\\/\\\/primalfocus.eu\\\/es\\\/#website\",\"url\":\"https:\\\/\\\/primalfocus.eu\\\/es\\\/\",\"name\":\"Primal Focus\",\"description\":\"Buy legal psychedelics online\",\"publisher\":{\"@id\":\"https:\\\/\\\/primalfocus.eu\\\/es\\\/#organization\"},\"potentialAction\":[{\"@type\":\"SearchAction\",\"target\":{\"@type\":\"EntryPoint\",\"urlTemplate\":\"https:\\\/\\\/primalfocus.eu\\\/es\\\/?s={search_term_string}\"},\"query-input\":{\"@type\":\"PropertyValueSpecification\",\"valueRequired\":true,\"valueName\":\"search_term_string\"}}],\"inLanguage\":\"es\"},{\"@type\":\"Organization\",\"@id\":\"https:\\\/\\\/primalfocus.eu\\\/es\\\/#organization\",\"name\":\"Primal Focus\",\"alternateName\":\"primalfocus.eu\",\"url\":\"https:\\\/\\\/primalfocus.eu\\\/es\\\/\",\"logo\":{\"@type\":\"ImageObject\",\"inLanguage\":\"es\",\"@id\":\"https:\\\/\\\/primalfocus.eu\\\/es\\\/#\\\/schema\\\/logo\\\/image\\\/\",\"url\":\"https:\\\/\\\/primalfocus.eu\\\/wp-content\\\/uploads\\\/2025\\\/11\\\/primal-focus-logo-header.svg\",\"contentUrl\":\"https:\\\/\\\/primalfocus.eu\\\/wp-content\\\/uploads\\\/2025\\\/11\\\/primal-focus-logo-header.svg\",\"caption\":\"Primal Focus\"},\"image\":{\"@id\":\"https:\\\/\\\/primalfocus.eu\\\/es\\\/#\\\/schema\\\/logo\\\/image\\\/\"},\"sameAs\":[\"https:\\\/\\\/www.facebook.com\\\/profile.php?id=61575377667059\",\"https:\\\/\\\/x.com\\\/primalfocus_eu\",\"https:\\\/\\\/www.instagram.com\\\/primalfocus.store\\\/\"]}]}<\/script>\n<!-- \/ Yoast SEO plugin. -->","yoast_head_json":{"title":"Situaci\u00f3n jur\u00eddica - Primal Focus","robots":{"index":"index","follow":"follow","max-snippet":"max-snippet:-1","max-image-preview":"max-image-preview:large","max-video-preview":"max-video-preview:-1"},"canonical":"https:\/\/primalfocus.eu\/es\/estatuto-juridico\/","og_locale":"es_ES","og_type":"article","og_title":"Legal Status - Primal Focus","og_description":"Legal Status of Our Products At Primal Focus, we value transparency, legal compliance, and informed choice. This page gives a [&hellip;]","og_url":"https:\/\/primalfocus.eu\/es\/estatuto-juridico\/","og_site_name":"Primal Focus","article_publisher":"https:\/\/www.facebook.com\/profile.php?id=61575377667059","article_modified_time":"2026-04-08T13:10:59+00:00","twitter_card":"summary_large_image","twitter_site":"@primalfocus_eu","twitter_misc":{"Tiempo de lectura":"4 minutos"},"schema":{"@context":"https:\/\/schema.org","@graph":[{"@type":"WebPage","@id":"https:\/\/primalfocus.eu\/es\/legal-status\/","url":"https:\/\/primalfocus.eu\/es\/legal-status\/","name":"Situaci\u00f3n jur\u00eddica - Primal Focus","isPartOf":{"@id":"https:\/\/primalfocus.eu\/es\/#website"},"datePublished":"2025-06-09T13:49:32+00:00","dateModified":"2026-04-08T13:10:59+00:00","breadcrumb":{"@id":"https:\/\/primalfocus.eu\/es\/legal-status\/#breadcrumb"},"inLanguage":"es","potentialAction":[{"@type":"ReadAction","target":["https:\/\/primalfocus.eu\/es\/legal-status\/"]}]},{"@type":"BreadcrumbList","@id":"https:\/\/primalfocus.eu\/es\/legal-status\/#breadcrumb","itemListElement":[{"@type":"ListItem","position":1,"name":"Home","item":"https:\/\/primalfocus.eu\/"},{"@type":"ListItem","position":2,"name":"Legal Status"}]},{"@type":"WebSite","@id":"https:\/\/primalfocus.eu\/es\/#website","url":"https:\/\/primalfocus.eu\/es\/","name":"Primal Focus","description":"Comprar psicod\u00e9licos legales en l\u00ednea","publisher":{"@id":"https:\/\/primalfocus.eu\/es\/#organization"},"potentialAction":[{"@type":"SearchAction","target":{"@type":"EntryPoint","urlTemplate":"https:\/\/primalfocus.eu\/es\/?s={search_term_string}"},"query-input":{"@type":"PropertyValueSpecification","valueRequired":true,"valueName":"search_term_string"}}],"inLanguage":"es"},{"@type":"Organization","@id":"https:\/\/primalfocus.eu\/es\/#organization","name":"Primal Focus","alternateName":"primalfocus.eu","url":"https:\/\/primalfocus.eu\/es\/","logo":{"@type":"ImageObject","inLanguage":"es","@id":"https:\/\/primalfocus.eu\/es\/#\/schema\/logo\/image\/","url":"https:\/\/primalfocus.eu\/wp-content\/uploads\/2025\/11\/primal-focus-logo-header.svg","contentUrl":"https:\/\/primalfocus.eu\/wp-content\/uploads\/2025\/11\/primal-focus-logo-header.svg","caption":"Primal Focus"},"image":{"@id":"https:\/\/primalfocus.eu\/es\/#\/schema\/logo\/image\/"},"sameAs":["https:\/\/www.facebook.com\/profile.php?id=61575377667059","https:\/\/x.com\/primalfocus_eu","https:\/\/www.instagram.com\/primalfocus.store\/"]}]}},"jetpack_sharing_enabled":true,"_links":{"self":[{"href":"https:\/\/primalfocus.eu\/es\/wp-json\/wp\/v2\/pages\/705202","targetHints":{"allow":["GET"]}}],"collection":[{"href":"https:\/\/primalfocus.eu\/es\/wp-json\/wp\/v2\/pages"}],"about":[{"href":"https:\/\/primalfocus.eu\/es\/wp-json\/wp\/v2\/types\/page"}],"author":[{"embeddable":true,"href":"https:\/\/primalfocus.eu\/es\/wp-json\/wp\/v2\/users\/1"}],"replies":[{"embeddable":true,"href":"https:\/\/primalfocus.eu\/es\/wp-json\/wp\/v2\/comments?post=705202"}],"version-history":[{"count":5,"href":"https:\/\/primalfocus.eu\/es\/wp-json\/wp\/v2\/pages\/705202\/revisions"}],"predecessor-version":[{"id":1169223,"href":"https:\/\/primalfocus.eu\/es\/wp-json\/wp\/v2\/pages\/705202\/revisions\/1169223"}],"wp:attachment":[{"href":"https:\/\/primalfocus.eu\/es\/wp-json\/wp\/v2\/media?parent=705202"}],"curies":[{"name":"wp","href":"https:\/\/api.w.org\/{rel}","templated":true}]}}