{"id":485434,"date":"2024-10-18T11:06:13","date_gmt":"2024-10-18T09:06:13","guid":{"rendered":"https:\/\/primalfocus.eu\/?page_id=485434"},"modified":"2026-02-25T12:37:17","modified_gmt":"2026-02-25T11:37:17","slug":"politica-de-devoluciones","status":"publish","type":"page","link":"https:\/\/primalfocus.eu\/es\/return-policy\/","title":{"rendered":"Pol\u00edtica de devoluciones"},"content":{"rendered":"<div data-elementor-type=\"wp-page\" data-elementor-id=\"485434\" class=\"elementor elementor-485434\" data-elementor-post-type=\"page\">\n\t\t\t\t\t\t<section class=\"elementor-section elementor-top-section elementor-element elementor-element-2bbe6a3 elementor-section-boxed elementor-section-height-default elementor-section-height-default\" data-id=\"2bbe6a3\" data-element_type=\"section\" data-e-type=\"section\">\n\t\t\t\t\t\t<div class=\"elementor-container elementor-column-gap-default\">\n\t\t\t\t\t<div class=\"elementor-column elementor-col-100 elementor-top-column elementor-element elementor-element-05744ed\" data-id=\"05744ed\" data-element_type=\"column\" data-e-type=\"column\">\n\t\t\t<div class=\"elementor-widget-wrap elementor-element-populated\">\n\t\t\t\t\t\t<div class=\"elementor-element elementor-element-80c110a elementor-widget elementor-widget-heading\" data-id=\"80c110a\" data-element_type=\"widget\" data-e-type=\"widget\" data-widget_type=\"heading.default\">\n\t\t\t\t<div class=\"elementor-widget-container\">\n\t\t\t\t\t<h1 class=\"elementor-heading-title elementor-size-default\"><b>Pol\u00edtica de devoluciones<\/b><\/h1>\t\t\t\t<\/div>\n\t\t\t\t<\/div>\n\t\t\t\t<div class=\"elementor-element elementor-element-bc03df6 elementor-hidden-tablet elementor-hidden-mobile elementor-widget elementor-widget-text-editor\" data-id=\"bc03df6\" data-element_type=\"widget\" data-e-type=\"widget\" data-widget_type=\"text-editor.default\">\n\t\t\t\t<div class=\"elementor-widget-container\">\n\t\t\t\t\t\t\t\t\t<p>Gracias por comprar con nosotros. Nos esforzamos para que tenga una experiencia positiva con nuestros productos. A continuaci\u00f3n encontrar\u00e1 las pol\u00edticas de devoluci\u00f3n espec\u00edficas para cada categor\u00eda de productos que ofrecemos.<\/p><h3>\u00a0<\/h3><h3>Directrices generales de devoluci\u00f3n<\/h3><p><strong>Plazo de devoluci\u00f3n:<\/strong><br \/>Puede devolver los productos elegibles dentro de los 14 d\u00edas siguientes a la recepci\u00f3n de su pedido. Para optar a una devoluci\u00f3n, los productos deben estar sin abrir y con los precintos intactos.<\/p><p><strong>Env\u00edo de devoluciones:<\/strong><br \/>El cliente es responsable de los gastos de env\u00edo de la devoluci\u00f3n a menos que el producto est\u00e9 da\u00f1ado o defectuoso. Recomendamos utilizar un servicio de env\u00edo con seguimiento para garantizar una devoluci\u00f3n segura.<\/p><p><strong>Proceso de reembolso:<\/strong><br \/>Una vez que recibamos e inspeccionemos el art\u00edculo devuelto, le notificaremos la aprobaci\u00f3n o denegaci\u00f3n de su reembolso. Los reembolsos aprobados se procesar\u00e1n en un plazo de 7 a 10 d\u00edas laborables y se emitir\u00e1n al m\u00e9todo de pago original.<\/p><p><strong>Condiciones no retornables:<\/strong><br \/>No podemos aceptar devoluciones si el precinto est\u00e1 roto o el embalaje est\u00e1 abierto, debido a requisitos de seguridad y control de calidad. Adem\u00e1s, los art\u00edculos devueltos despu\u00e9s de 30 d\u00edas desde la fecha de entrega no pueden ser reembolsados.<\/p><h3>\u00a0<\/h3><h3>Categor\u00edas espec\u00edficas de productos<\/h3><h4>\u00a0<\/h4><h4>1. <strong>Suplementos (Caf\u00e9 de setas, C\u00e1psulas de Melena de Le\u00f3n, C\u00e1psulas de Cordyceps, C\u00e1psulas de Chaga y C\u00e1psulas de Reishi)<\/strong><\/h4><ul><li><strong>Requisitos para la devoluci\u00f3n:<\/strong> Sin abrir y con el precinto intacto.<\/li><li><strong>Plazo de devoluci\u00f3n:<\/strong> 14 d\u00edas a partir de la fecha de entrega.<\/li><li><strong>Condiciones de reembolso:<\/strong> S\u00f3lo se reembolsar\u00e1n las c\u00e1psulas de suplemento devueltas que cumplan los criterios anteriores.<\/li><\/ul><h4>\u00a0<\/h4><h4>2.\u00a0<strong>Trufas m\u00e1gicas, trufas para microdosificaci\u00f3n, productos legales de LSD, gotas de \u00c1msterdam, cactus y kits de cultivo<\/strong><\/h4><ul><li><strong>No retornable:<\/strong> Debido a la naturaleza perecedera y a las consideraciones higi\u00e9nicas de estos productos, no podemos aceptar devoluciones de trufas m\u00e1gicas frescas, trufas para microdosificaci\u00f3n, productos 1S-LSD, Amsterdam Drops, Cactus o kits de cultivo.<\/li><li><strong>Reembolsos:<\/strong> En ning\u00fan caso se reembolsar\u00e1n estos art\u00edculos.<\/li><\/ul><h4>3. <strong>Mercanc\u00eda (ropa, accesorios, etc.)<\/strong><\/h4><ul><li><strong>Requisitos para la devoluci\u00f3n:<\/strong> La mercanc\u00eda sin abrir y sin usar puede devolverse en un plazo de 14 d\u00edas a partir de la fecha de recepci\u00f3n.<\/li><li><strong>Normas est\u00e1ndar de devoluci\u00f3n de ropa:<\/strong><ul><li>Los art\u00edculos deben estar en su estado original, con las etiquetas puestas y el embalaje intacto.<\/li><li>Los art\u00edculos desgastados o lavados no pueden devolverse.<\/li><li>Los art\u00edculos devueltos despu\u00e9s de 14 d\u00edas a partir de la fecha de entrega no pueden ser reembolsados.<\/li><\/ul><\/li><\/ul><h3>\u00a0<\/h3><h3>Direcci\u00f3n para devoluciones<\/h3><p>Env\u00ede sus devoluciones a la siguiente direcci\u00f3n:<\/p><p>Kerkenbos 1063M,<br \/>6546 BB Nimega,<br \/>Pa\u00edses Bajos.<\/p><p>Para garantizar un proceso de devoluci\u00f3n sin problemas, por favor <strong>incluya su n\u00famero de pedido<\/strong> y especifique qu\u00e9 producto(s) est\u00e1 devolviendo.<\/p><p><strong>\u00a0<\/strong><\/p><p><strong>Nota:<\/strong><br \/>Una vez roto el precinto de pl\u00e1stico de las c\u00e1psulas del suplemento, ya no podemos garantizar la calidad ni la seguridad del producto, por lo que no podr\u00e1 devolverse ni reembolsarse.,,<\/p>\t\t\t\t\t\t\t\t<\/div>\n\t\t\t\t<\/div>\n\t\t\t\t\t<\/div>\n\t\t<\/div>\n\t\t\t\t\t<\/div>\n\t\t<\/section>\n\t\t\t\t<\/div>","protected":false},"excerpt":{"rendered":"<p>Return Policy Thank you for shopping with us! We strive to ensure you have a positive experience with our products. [&hellip;]<\/p>\n","protected":false},"author":1,"featured_media":0,"parent":0,"menu_order":0,"comment_status":"closed","ping_status":"closed","template":"","meta":{"site-sidebar-layout":"no-sidebar","site-content-layout":"page-builder","ast-site-content-layout":"full-width-container","site-content-style":"default","site-sidebar-style":"default","ast-global-header-display":"","ast-banner-title-visibility":"","ast-main-header-display":"","ast-hfb-above-header-display":"","ast-hfb-below-header-display":"","ast-hfb-mobile-header-display":"","site-post-title":"disabled","ast-breadcrumbs-content":"","ast-featured-img":"disabled","footer-sml-layout":"","ast-disable-related-posts":"","theme-transparent-header-meta":"disabled","adv-header-id-meta":"","stick-header-meta":"","header-above-stick-meta":"","header-main-stick-meta":"","header-below-stick-meta":"","astra-migrate-meta-layouts":"set","ast-page-background-enabled":"default","ast-page-background-meta":{"desktop":{"background-color":"","background-image":"","background-repeat":"repeat","background-position":"center center","background-size":"auto","background-attachment":"scroll","background-type":"","background-media":"","overlay-type":"","overlay-color":"","overlay-gradient":""},"tablet":{"background-color":"","background-image":"","background-repeat":"repeat","background-position":"center center","background-size":"auto","background-attachment":"scroll","background-type":"","background-media":"","overlay-type":"","overlay-color":"","overlay-gradient":""},"mobile":{"background-color":"","background-image":"","background-repeat":"repeat","background-position":"center center","background-size":"auto","background-attachment":"scroll","background-type":"","background-media":"","overlay-type":"","overlay-color":"","overlay-gradient":""}},"ast-content-background-meta":{"desktop":{"background-color":"var(--ast-global-color-5)","background-image":"","background-repeat":"repeat","background-position":"center center","background-size":"auto","background-attachment":"scroll","background-type":"","background-media":"","overlay-type":"","overlay-color":"","overlay-gradient":""},"tablet":{"background-color":"var(--ast-global-color-5)","background-image":"","background-repeat":"repeat","background-position":"center center","background-size":"auto","background-attachment":"scroll","background-type":"","background-media":"","overlay-type":"","overlay-color":"","overlay-gradient":""},"mobile":{"background-color":"var(--ast-global-color-5)","background-image":"","background-repeat":"repeat","background-position":"center center","background-size":"auto","background-attachment":"scroll","background-type":"","background-media":"","overlay-type":"","overlay-color":"","overlay-gradient":""}},"footnotes":""},"class_list":["post-485434","page","type-page","status-publish","hentry"],"yoast_head":"<!-- This site is optimized with the Yoast SEO plugin v27.3 - https:\/\/yoast.com\/product\/yoast-seo-wordpress\/ -->\n<title>Return Policy - Primal Focus<\/title>\n<meta name=\"robots\" content=\"index, follow, max-snippet:-1, max-image-preview:large, max-video-preview:-1\" \/>\n<link rel=\"canonical\" href=\"https:\/\/primalfocus.eu\/es\/politica-de-devoluciones\/\" \/>\n<meta property=\"og:locale\" content=\"es_ES\" \/>\n<meta property=\"og:type\" content=\"article\" \/>\n<meta property=\"og:title\" content=\"Return Policy - Primal Focus\" \/>\n<meta property=\"og:description\" content=\"Return Policy Thank you for shopping with us! We strive to ensure you have a positive experience with our products. [&hellip;]\" \/>\n<meta property=\"og:url\" content=\"https:\/\/primalfocus.eu\/es\/politica-de-devoluciones\/\" \/>\n<meta property=\"og:site_name\" content=\"Primal Focus\" \/>\n<meta property=\"article:publisher\" content=\"https:\/\/www.facebook.com\/profile.php?id=61575377667059\" \/>\n<meta property=\"article:modified_time\" content=\"2026-02-25T11:37:17+00:00\" \/>\n<meta name=\"twitter:card\" content=\"summary_large_image\" \/>\n<meta name=\"twitter:site\" content=\"@primalfocus_eu\" \/>\n<meta name=\"twitter:label1\" content=\"Tiempo de lectura\" \/>\n\t<meta name=\"twitter:data1\" content=\"2 minutos\" \/>\n<script type=\"application\/ld+json\" class=\"yoast-schema-graph\">{\"@context\":\"https:\\\/\\\/schema.org\",\"@graph\":[{\"@type\":\"WebPage\",\"@id\":\"https:\\\/\\\/primalfocus.eu\\\/es\\\/return-policy\\\/\",\"url\":\"https:\\\/\\\/primalfocus.eu\\\/es\\\/return-policy\\\/\",\"name\":\"Return Policy - Primal Focus\",\"isPartOf\":{\"@id\":\"https:\\\/\\\/primalfocus.eu\\\/es\\\/#website\"},\"datePublished\":\"2024-10-18T09:06:13+00:00\",\"dateModified\":\"2026-02-25T11:37:17+00:00\",\"breadcrumb\":{\"@id\":\"https:\\\/\\\/primalfocus.eu\\\/es\\\/return-policy\\\/#breadcrumb\"},\"inLanguage\":\"es\",\"potentialAction\":[{\"@type\":\"ReadAction\",\"target\":[\"https:\\\/\\\/primalfocus.eu\\\/es\\\/return-policy\\\/\"]}]},{\"@type\":\"BreadcrumbList\",\"@id\":\"https:\\\/\\\/primalfocus.eu\\\/es\\\/return-policy\\\/#breadcrumb\",\"itemListElement\":[{\"@type\":\"ListItem\",\"position\":1,\"name\":\"Home\",\"item\":\"https:\\\/\\\/primalfocus.eu\\\/\"},{\"@type\":\"ListItem\",\"position\":2,\"name\":\"Return Policy\"}]},{\"@type\":\"WebSite\",\"@id\":\"https:\\\/\\\/primalfocus.eu\\\/es\\\/#website\",\"url\":\"https:\\\/\\\/primalfocus.eu\\\/es\\\/\",\"name\":\"Primal Focus\",\"description\":\"Buy legal psychedelics online\",\"publisher\":{\"@id\":\"https:\\\/\\\/primalfocus.eu\\\/es\\\/#organization\"},\"potentialAction\":[{\"@type\":\"SearchAction\",\"target\":{\"@type\":\"EntryPoint\",\"urlTemplate\":\"https:\\\/\\\/primalfocus.eu\\\/es\\\/?s={search_term_string}\"},\"query-input\":{\"@type\":\"PropertyValueSpecification\",\"valueRequired\":true,\"valueName\":\"search_term_string\"}}],\"inLanguage\":\"es\"},{\"@type\":\"Organization\",\"@id\":\"https:\\\/\\\/primalfocus.eu\\\/es\\\/#organization\",\"name\":\"Primal Focus\",\"alternateName\":\"primalfocus.eu\",\"url\":\"https:\\\/\\\/primalfocus.eu\\\/es\\\/\",\"logo\":{\"@type\":\"ImageObject\",\"inLanguage\":\"es\",\"@id\":\"https:\\\/\\\/primalfocus.eu\\\/es\\\/#\\\/schema\\\/logo\\\/image\\\/\",\"url\":\"https:\\\/\\\/primalfocus.eu\\\/wp-content\\\/uploads\\\/2025\\\/11\\\/primal-focus-logo-header.svg\",\"contentUrl\":\"https:\\\/\\\/primalfocus.eu\\\/wp-content\\\/uploads\\\/2025\\\/11\\\/primal-focus-logo-header.svg\",\"caption\":\"Primal Focus\"},\"image\":{\"@id\":\"https:\\\/\\\/primalfocus.eu\\\/es\\\/#\\\/schema\\\/logo\\\/image\\\/\"},\"sameAs\":[\"https:\\\/\\\/www.facebook.com\\\/profile.php?id=61575377667059\",\"https:\\\/\\\/x.com\\\/primalfocus_eu\",\"https:\\\/\\\/www.instagram.com\\\/primalfocus.store\\\/\"]}]}<\/script>\n<!-- \/ Yoast SEO plugin. -->","yoast_head_json":{"title":"Pol\u00edtica de devoluciones - Primal Focus","robots":{"index":"index","follow":"follow","max-snippet":"max-snippet:-1","max-image-preview":"max-image-preview:large","max-video-preview":"max-video-preview:-1"},"canonical":"https:\/\/primalfocus.eu\/es\/politica-de-devoluciones\/","og_locale":"es_ES","og_type":"article","og_title":"Return Policy - Primal Focus","og_description":"Return Policy Thank you for shopping with us! We strive to ensure you have a positive experience with our products. [&hellip;]","og_url":"https:\/\/primalfocus.eu\/es\/politica-de-devoluciones\/","og_site_name":"Primal Focus","article_publisher":"https:\/\/www.facebook.com\/profile.php?id=61575377667059","article_modified_time":"2026-02-25T11:37:17+00:00","twitter_card":"summary_large_image","twitter_site":"@primalfocus_eu","twitter_misc":{"Tiempo de lectura":"2 minutos"},"schema":{"@context":"https:\/\/schema.org","@graph":[{"@type":"WebPage","@id":"https:\/\/primalfocus.eu\/es\/return-policy\/","url":"https:\/\/primalfocus.eu\/es\/return-policy\/","name":"Pol\u00edtica de devoluciones - Primal Focus","isPartOf":{"@id":"https:\/\/primalfocus.eu\/es\/#website"},"datePublished":"2024-10-18T09:06:13+00:00","dateModified":"2026-02-25T11:37:17+00:00","breadcrumb":{"@id":"https:\/\/primalfocus.eu\/es\/return-policy\/#breadcrumb"},"inLanguage":"es","potentialAction":[{"@type":"ReadAction","target":["https:\/\/primalfocus.eu\/es\/return-policy\/"]}]},{"@type":"BreadcrumbList","@id":"https:\/\/primalfocus.eu\/es\/return-policy\/#breadcrumb","itemListElement":[{"@type":"ListItem","position":1,"name":"Home","item":"https:\/\/primalfocus.eu\/"},{"@type":"ListItem","position":2,"name":"Return Policy"}]},{"@type":"WebSite","@id":"https:\/\/primalfocus.eu\/es\/#website","url":"https:\/\/primalfocus.eu\/es\/","name":"Primal Focus","description":"Comprar psicod\u00e9licos legales en l\u00ednea","publisher":{"@id":"https:\/\/primalfocus.eu\/es\/#organization"},"potentialAction":[{"@type":"SearchAction","target":{"@type":"EntryPoint","urlTemplate":"https:\/\/primalfocus.eu\/es\/?s={search_term_string}"},"query-input":{"@type":"PropertyValueSpecification","valueRequired":true,"valueName":"search_term_string"}}],"inLanguage":"es"},{"@type":"Organization","@id":"https:\/\/primalfocus.eu\/es\/#organization","name":"Primal Focus","alternateName":"primalfocus.eu","url":"https:\/\/primalfocus.eu\/es\/","logo":{"@type":"ImageObject","inLanguage":"es","@id":"https:\/\/primalfocus.eu\/es\/#\/schema\/logo\/image\/","url":"https:\/\/primalfocus.eu\/wp-content\/uploads\/2025\/11\/primal-focus-logo-header.svg","contentUrl":"https:\/\/primalfocus.eu\/wp-content\/uploads\/2025\/11\/primal-focus-logo-header.svg","caption":"Primal Focus"},"image":{"@id":"https:\/\/primalfocus.eu\/es\/#\/schema\/logo\/image\/"},"sameAs":["https:\/\/www.facebook.com\/profile.php?id=61575377667059","https:\/\/x.com\/primalfocus_eu","https:\/\/www.instagram.com\/primalfocus.store\/"]}]}},"jetpack_sharing_enabled":true,"_links":{"self":[{"href":"https:\/\/primalfocus.eu\/es\/wp-json\/wp\/v2\/pages\/485434","targetHints":{"allow":["GET"]}}],"collection":[{"href":"https:\/\/primalfocus.eu\/es\/wp-json\/wp\/v2\/pages"}],"about":[{"href":"https:\/\/primalfocus.eu\/es\/wp-json\/wp\/v2\/types\/page"}],"author":[{"embeddable":true,"href":"https:\/\/primalfocus.eu\/es\/wp-json\/wp\/v2\/users\/1"}],"replies":[{"embeddable":true,"href":"https:\/\/primalfocus.eu\/es\/wp-json\/wp\/v2\/comments?post=485434"}],"version-history":[{"count":3,"href":"https:\/\/primalfocus.eu\/es\/wp-json\/wp\/v2\/pages\/485434\/revisions"}],"predecessor-version":[{"id":1118034,"href":"https:\/\/primalfocus.eu\/es\/wp-json\/wp\/v2\/pages\/485434\/revisions\/1118034"}],"wp:attachment":[{"href":"https:\/\/primalfocus.eu\/es\/wp-json\/wp\/v2\/media?parent=485434"}],"curies":[{"name":"wp","href":"https:\/\/api.w.org\/{rel}","templated":true}]}}