{"id":963594,"date":"2026-04-26T11:04:55","date_gmt":"2026-04-26T09:04:55","guid":{"rendered":"https:\/\/primalfocus.eu\/?post_type=product&#038;p=963594"},"modified":"2026-05-05T17:51:34","modified_gmt":"2026-05-05T15:51:34","slug":"1fe-lsd-pellets-10%ce%bcg","status":"publish","type":"product","link":"https:\/\/primalfocus.eu\/de\/1fe-lsd-pellets-10%ce%bcg\/","title":{"rendered":"1Fe-LSD-K\u00fcgelchen 10\u03bcg"},"content":{"rendered":"<h2>1Fe-LSD Mikrodosierpellets (10\u00b5g)<\/h2>\n<p>Entdecken Sie die einfache und konsistente Mikrodosierung mit 1Fe-LSD Microdosing Pellets. Jedes Pellet enth\u00e4lt 10 \u00b5g, was es einfach macht, Ihre Dosierung stabil und vorhersehbar zu halten.<\/p>\n<div style=\"background-color: #eff5e6; padding: 20px; border-radius: 12px; font-family: Montserrat, sans-serif; font-size: 15px; color: #333; line-height: 1.6;\">\n<ul style=\"list-style: none; padding: 0; margin: 0;\">\n<li style=\"margin-bottom: 8px;\">\u2705 10\u00b5g pro Pellet<\/li>\n<li style=\"margin-bottom: 8px;\">\u2705 Legal in vielen EU-L\u00e4ndern<\/li>\n<li style=\"margin-bottom: 8px;\">\u2705 Laborgepr\u00fcft und konsistent<\/li>\n<li style=\"margin-bottom: 8px;\">\u2705 Diskreter EU-Versand<\/li>\n<li>\u26a0\ufe0f Begrenzter Bestand<\/li>\n<\/ul>\n<\/div>\n<p>&nbsp;<\/p>\n<p><strong>Versand nur an:<\/strong> \u00d6sterreich, Belgien, Bulgarien, Kroatien, Zypern, Tschechische Republik, Frankreich, Deutschland, Griechenland, Irland, Italien, Malta, Niederlande, Polen, Rum\u00e4nien, Slowakei und Spanien.<\/p>\n<p>&nbsp;<\/p>\n<div style=\"font-family: Montserrat, sans-serif; margin-top: 20px;\">\n<h2>Was ist 1Fe-LSD?<\/h2>\n<p>1Fe-LSD ist eine mit LSD verwandte Forschungschemikalie. Man geht davon aus, dass sie als so genannte \u201cPro-Droge\u201d wirkt, was bedeutet, dass der K\u00f6rper sie nach der Einnahme in LSD umwandeln kann.<\/p>\n<p>Bei niedrigen Dosen wie 10 \u00b5g sind die Wirkungen normalerweise subtil und nicht \u00fcberw\u00e4ltigend.<\/p>\n<p>In den Niederlanden und mehreren anderen EU-L\u00e4ndern ist es nicht als illegal eingestuft, so dass es zu Forschungszwecken verkauft werden darf.<\/p>\n<\/div>\n<div style=\"font-family: Montserrat, sans-serif; margin-top: 20px;\">\n<h2>Was macht diese Pellets so besonders?<\/h2>\n<p>Jedes K\u00fcgelchen wird in einem professionellen Labor hergestellt und enth\u00e4lt eine genaue Menge. Dies macht es einfach, jedes Mal die gleiche Dosis zu verwenden.<\/p>\n<p>Im Vergleich zu Produkten wie <a href=\"https:\/\/primalfocus.eu\/de\/produkt-kategorie\/tropfen\/\">Pilztropfen<\/a> oder <a href=\"https:\/\/primalfocus.eu\/de\/produkt-kategorie\/makrodosierung\/truffel-makrodosierung\/\">magische Tr\u00fcffel<\/a>, Pellets sind leichter zu messen und konsistenter.<\/p>\n<p>Wenn Sie ein st\u00e4rkeres, umfassenderes Erlebnis suchen, k\u00f6nnen Sie w\u00e4hlen <a href=\"https:\/\/primalfocus.eu\/de\/1fe-lsd-blotters-150%CE%BCg\/\">1Fe-LSD-Kleckse<\/a> stattdessen.<\/p>\n<\/div>\n<div style=\"font-family: Montserrat, sans-serif; margin-top: 20px;\">\n<h2>Perfekt f\u00fcr<\/h2>\n<ul>\n<li>Forschung zur Mikrodosierung<\/li>\n<li>Schwerpunkt- und Produktivit\u00e4tsstudien<\/li>\n<li>Langfristige Routinen<\/li>\n<li>Menschen, die best\u00e4ndige Ergebnisse wollen<\/li>\n<\/ul>\n<\/div>\n<div style=\"font-family: Montserrat, sans-serif; margin-top: 20px;\">\n<h2>Warum wird eine Mikrodosis verabreicht?<\/h2>\n<p>Microdosing bedeutet die Einnahme sehr kleiner Mengen. Die Menschen berichten oft:<\/p>\n<ul>\n<li>Besserer Fokus<\/li>\n<li>Mehr Kreativit\u00e4t<\/li>\n<li>Verbesserte Stimmung<\/li>\n<li>Weniger Stress<\/li>\n<\/ul>\n<p>Diese Ergebnisse beruhen haupts\u00e4chlich auf pers\u00f6nlichen Erfahrungen. Weitere Untersuchungen werden noch durchgef\u00fchrt.<\/p>\n<\/div>\n<h2><strong>Warum sollten Sie unsere 1Fe-LSD-Pellets w\u00e4hlen?<\/strong><\/h2>\n<div class=\"su-accordion su-u-trim custom-lsd-accordion\">\n<div class=\"su-spoiler su-spoiler-style-default su-spoiler-icon-plus su-spoiler-closed\" data-scroll-offset=\"0\" data-anchor-in-url=\"no\"><div class=\"su-spoiler-title\" tabindex=\"0\" role=\"button\"><span class=\"su-spoiler-icon\"><\/span>Konsistente Dosierung<\/div><div class=\"su-spoiler-content su-u-clearfix su-u-trim\">\n<div style=\"background-color: #eff5e6; padding: 12px 16px; font-size: 15px; color: #444; line-height: 1.8;\">Jedes Pellet enth\u00e4lt 10 \u00b5g f\u00fcr zuverl\u00e4ssige Ergebnisse.<\/div>\n<\/div><\/div>\n<div class=\"su-spoiler su-spoiler-style-default su-spoiler-icon-plus su-spoiler-closed\" data-scroll-offset=\"0\" data-anchor-in-url=\"no\"><div class=\"su-spoiler-title\" tabindex=\"0\" role=\"button\"><span class=\"su-spoiler-icon\"><\/span>Legal in vielen EU-L\u00e4ndern<\/div><div class=\"su-spoiler-content su-u-clearfix su-u-trim\">\n<div style=\"background-color: #eff5e6; padding: 12px 16px; font-size: 15px; color: #444; line-height: 1.8;\">In den Niederlanden und vielen anderen EU-L\u00e4ndern nicht als illegal eingestuft.<\/div>\n<\/div><\/div>\n<div class=\"su-spoiler su-spoiler-style-default su-spoiler-icon-plus su-spoiler-closed\" data-scroll-offset=\"0\" data-anchor-in-url=\"no\"><div class=\"su-spoiler-title\" tabindex=\"0\" role=\"button\"><span class=\"su-spoiler-icon\"><\/span>Laborgepr\u00fcft<\/div><div class=\"su-spoiler-content su-u-clearfix su-u-trim\">\n<div style=\"background-color: #eff5e6; padding: 12px 16px; font-size: 15px; color: #444; line-height: 1.8;\">Hergestellt in einem kontrollierten Labor, um die Qualit\u00e4t zu gew\u00e4hrleisten.<\/div>\n<\/div><\/div>\n<div class=\"su-spoiler su-spoiler-style-default su-spoiler-icon-plus su-spoiler-closed\" data-scroll-offset=\"0\" data-anchor-in-url=\"no\"><div class=\"su-spoiler-title\" tabindex=\"0\" role=\"button\"><span class=\"su-spoiler-icon\"><\/span>Diskrete Lieferung<\/div><div class=\"su-spoiler-content su-u-clearfix su-u-trim\">\n<div style=\"background-color: #eff5e6; padding: 12px 16px; font-size: 15px; color: #444; line-height: 1.8;\">Wir versenden 1Fe-LSD Mikrodosierpellets derzeit nur in die folgenden L\u00e4nder: \u00d6sterreich, Belgien, Bulgarien, Kroatien, Zypern, Tschechische Republik, Frankreich, Deutschland, Griechenland, Irland, Italien, Malta, Niederlande, Polen, Rum\u00e4nien, Slowakei und Spanien.<\/div>\n<\/div><\/div>\n<\/div>\n<div style=\"margin-top: 20px; background-color: #eff5e6; padding: 16px; border-radius: 8px; border: 1px solid #dbeac7; font-family: Montserrat, sans-serif; font-size: 14px; line-height: 1.8;\">\n<h3><strong>Wichtige Hinweise (sorgf\u00e4ltig lesen):<\/strong><\/h3>\n<ul style=\"margin: 10px 0 0 20px;\">\n<li>Nur f\u00fcr Forschungszwecke.<\/li>\n<li>Nicht verzehren.<\/li>\n<li>Von Kindern und Tieren fernhalten.<\/li>\n<li>Nicht mit Alkohol oder anderen Substanzen mischen.<\/li>\n<li>Nicht geeignet f\u00fcr Menschen mit psychischen Problemen.<\/li>\n<li>An einem k\u00fchlen und dunklen Ort aufbewahren.<\/li>\n<\/ul>\n<\/div>","protected":false},"excerpt":{"rendered":"<p data-start=\"558\" data-end=\"735\">Buy premium 1Fe-LSD microdose pellets with precise 10\u00b5g dosing. Lab-tested, consistent and ideal for structured microdosing protocols.<\/p>\n<p data-start=\"737\" data-end=\"837\" data-is-last-node=\"\" data-is-only-node=\"\">","protected":false},"featured_media":963616,"comment_status":"closed","ping_status":"closed","template":"","meta":{"site-sidebar-layout":"default","site-content-layout":"default","ast-site-content-layout":"default","site-content-style":"default","site-sidebar-style":"default","ast-global-header-display":"","ast-banner-title-visibility":"","ast-main-header-display":"","ast-hfb-above-header-display":"","ast-hfb-below-header-display":"","ast-hfb-mobile-header-display":"","site-post-title":"","ast-breadcrumbs-content":"","ast-featured-img":"","footer-sml-layout":"","theme-transparent-header-meta":"disabled","adv-header-id-meta":"","stick-header-meta":"","header-above-stick-meta":"","header-main-stick-meta":"","header-below-stick-meta":"","astra-migrate-meta-layouts":"set","ast-page-background-enabled":"default","ast-page-background-meta":{"desktop":{"background-color":"","background-image":"","background-repeat":"repeat","background-position":"center center","background-size":"auto","background-attachment":"scroll","background-type":"","background-media":"","overlay-type":"","overlay-color":"","overlay-gradient":""},"tablet":{"background-color":"","background-image":"","background-repeat":"repeat","background-position":"center center","background-size":"auto","background-attachment":"scroll","background-type":"","background-media":"","overlay-type":"","overlay-color":"","overlay-gradient":""},"mobile":{"background-color":"","background-image":"","background-repeat":"repeat","background-position":"center center","background-size":"auto","background-attachment":"scroll","background-type":"","background-media":"","overlay-type":"","overlay-color":"","overlay-gradient":""}},"ast-content-background-meta":{"desktop":{"background-color":"var(--ast-global-color-5)","background-image":"","background-repeat":"repeat","background-position":"center center","background-size":"auto","background-attachment":"scroll","background-type":"","background-media":"","overlay-type":"","overlay-color":"","overlay-gradient":""},"tablet":{"background-color":"var(--ast-global-color-5)","background-image":"","background-repeat":"repeat","background-position":"center center","background-size":"auto","background-attachment":"scroll","background-type":"","background-media":"","overlay-type":"","overlay-color":"","overlay-gradient":""},"mobile":{"background-color":"var(--ast-global-color-5)","background-image":"","background-repeat":"repeat","background-position":"center center","background-size":"auto","background-attachment":"scroll","background-type":"","background-media":"","overlay-type":"","overlay-color":"","overlay-gradient":""}}},"product_brand":[],"product_cat":[113,111],"product_tag":[],"class_list":{"0":"post-963594","1":"product","2":"type-product","3":"status-publish","4":"has-post-thumbnail","6":"product_cat-legal-lsd","7":"product_cat-microdosing","8":"product_shipping_class-brievenbus-pakje","9":"desktop-align-center","10":"tablet-align-left","11":"mobile-align-left","13":"first","14":"instock","15":"sale","16":"taxable","17":"shipping-taxable","18":"purchasable","19":"product-type-variable","20":"has-default-attributes"},"yoast_head":"<!-- This site is optimized with the Yoast SEO plugin v27.5 - https:\/\/yoast.com\/product\/yoast-seo-wordpress\/ -->\n<title>Buy 1Fe-LSD Microdose Pellets | Legal LSD Microdosing<\/title>\n<meta name=\"description\" content=\"Buy 1Fe-LSD microdose pellets online and discover the benefits of precise microdosing. Premium quality, lab-tested and available at Primal Focus.\" \/>\n<meta name=\"robots\" content=\"index, follow, max-snippet:-1, max-image-preview:large, max-video-preview:-1\" \/>\n<link rel=\"canonical\" href=\"https:\/\/primalfocus.eu\/de\/1fe-lsd-pellets-10\u03bcg\/\" \/>\n<meta property=\"og:locale\" content=\"de_DE\" \/>\n<meta property=\"og:type\" content=\"article\" \/>\n<meta property=\"og:title\" content=\"Buy 1Fe-LSD Microdose Pellets | Legal LSD Microdosing\" \/>\n<meta property=\"og:description\" content=\"Buy 1Fe-LSD microdose pellets online and discover the benefits of precise microdosing. Premium quality, lab-tested and available at Primal Focus.\" \/>\n<meta property=\"og:url\" content=\"https:\/\/primalfocus.eu\/de\/1fe-lsd-pellets-10\u03bcg\/\" \/>\n<meta property=\"og:site_name\" content=\"Primal Focus\" \/>\n<meta property=\"article:publisher\" content=\"https:\/\/www.facebook.com\/profile.php?id=61575377667059\" \/>\n<meta property=\"article:modified_time\" content=\"2026-05-05T15:51:34+00:00\" \/>\n<meta property=\"og:image\" content=\"https:\/\/primalfocus.eu\/wp-content\/uploads\/2026\/04\/1Fe-LSD-Micro-Pellets.webp?_t=1777964050\" \/>\n\t<meta property=\"og:image:width\" content=\"1024\" \/>\n\t<meta property=\"og:image:height\" content=\"1024\" \/>\n\t<meta property=\"og:image:type\" content=\"image\/webp\" \/>\n<meta name=\"twitter:card\" content=\"summary_large_image\" \/>\n<meta name=\"twitter:site\" content=\"@primalfocus_eu\" \/>\n<meta name=\"twitter:label1\" content=\"Gesch\u00e4tzte Lesezeit\" \/>\n\t<meta name=\"twitter:data1\" content=\"2\u00a0Minuten\" \/>\n<script type=\"application\/ld+json\" class=\"yoast-schema-graph\">{\"@context\":\"https:\\\/\\\/schema.org\",\"@graph\":[{\"@type\":\"WebPage\",\"@id\":\"https:\\\/\\\/primalfocus.eu\\\/de\\\/1fe-lsd-pellets-10%ce%bcg\\\/\",\"url\":\"https:\\\/\\\/primalfocus.eu\\\/de\\\/1fe-lsd-pellets-10%ce%bcg\\\/\",\"name\":\"Buy 1Fe-LSD Microdose Pellets | Legal LSD Microdosing\",\"isPartOf\":{\"@id\":\"https:\\\/\\\/primalfocus.eu\\\/de\\\/#website\"},\"primaryImageOfPage\":{\"@id\":\"https:\\\/\\\/primalfocus.eu\\\/de\\\/1fe-lsd-pellets-10%ce%bcg\\\/#primaryimage\"},\"image\":{\"@id\":\"https:\\\/\\\/primalfocus.eu\\\/de\\\/1fe-lsd-pellets-10%ce%bcg\\\/#primaryimage\"},\"thumbnailUrl\":\"https:\\\/\\\/primalfocus.eu\\\/wp-content\\\/uploads\\\/2026\\\/04\\\/1Fe-LSD-Micro-Pellets.webp\",\"datePublished\":\"2026-04-26T09:04:55+00:00\",\"dateModified\":\"2026-05-05T15:51:34+00:00\",\"description\":\"Buy 1Fe-LSD microdose pellets online and discover the benefits of precise microdosing. Premium quality, lab-tested and available at Primal Focus.\",\"breadcrumb\":{\"@id\":\"https:\\\/\\\/primalfocus.eu\\\/de\\\/1fe-lsd-pellets-10%ce%bcg\\\/#breadcrumb\"},\"inLanguage\":\"de\",\"potentialAction\":[{\"@type\":\"ReadAction\",\"target\":[\"https:\\\/\\\/primalfocus.eu\\\/de\\\/1fe-lsd-pellets-10%ce%bcg\\\/\"]}]},{\"@type\":\"ImageObject\",\"inLanguage\":\"de\",\"@id\":\"https:\\\/\\\/primalfocus.eu\\\/de\\\/1fe-lsd-pellets-10%ce%bcg\\\/#primaryimage\",\"url\":\"https:\\\/\\\/primalfocus.eu\\\/wp-content\\\/uploads\\\/2026\\\/04\\\/1Fe-LSD-Micro-Pellets.webp\",\"contentUrl\":\"https:\\\/\\\/primalfocus.eu\\\/wp-content\\\/uploads\\\/2026\\\/04\\\/1Fe-LSD-Micro-Pellets.webp\",\"width\":1024,\"height\":1024},{\"@type\":\"BreadcrumbList\",\"@id\":\"https:\\\/\\\/primalfocus.eu\\\/de\\\/1fe-lsd-pellets-10%ce%bcg\\\/#breadcrumb\",\"itemListElement\":[{\"@type\":\"ListItem\",\"position\":1,\"name\":\"Home\",\"item\":\"https:\\\/\\\/primalfocus.eu\\\/\"},{\"@type\":\"ListItem\",\"position\":2,\"name\":\"Shop\",\"item\":\"https:\\\/\\\/primalfocus.eu\\\/products\\\/\"},{\"@type\":\"ListItem\",\"position\":3,\"name\":\"1Fe-LSD Pellets 10\u03bcg\"}]},{\"@type\":\"WebSite\",\"@id\":\"https:\\\/\\\/primalfocus.eu\\\/de\\\/#website\",\"url\":\"https:\\\/\\\/primalfocus.eu\\\/de\\\/\",\"name\":\"Primal Focus\",\"description\":\"Buy legal psychedelics online\",\"publisher\":{\"@id\":\"https:\\\/\\\/primalfocus.eu\\\/de\\\/#organization\"},\"potentialAction\":[{\"@type\":\"SearchAction\",\"target\":{\"@type\":\"EntryPoint\",\"urlTemplate\":\"https:\\\/\\\/primalfocus.eu\\\/de\\\/?s={search_term_string}\"},\"query-input\":{\"@type\":\"PropertyValueSpecification\",\"valueRequired\":true,\"valueName\":\"search_term_string\"}}],\"inLanguage\":\"de\"},{\"@type\":\"Organization\",\"@id\":\"https:\\\/\\\/primalfocus.eu\\\/de\\\/#organization\",\"name\":\"Primal Focus\",\"alternateName\":\"primalfocus.eu\",\"url\":\"https:\\\/\\\/primalfocus.eu\\\/de\\\/\",\"logo\":{\"@type\":\"ImageObject\",\"inLanguage\":\"de\",\"@id\":\"https:\\\/\\\/primalfocus.eu\\\/de\\\/#\\\/schema\\\/logo\\\/image\\\/\",\"url\":\"https:\\\/\\\/primalfocus.eu\\\/wp-content\\\/uploads\\\/2026\\\/04\\\/primal-focus-logo-6.svg\",\"contentUrl\":\"https:\\\/\\\/primalfocus.eu\\\/wp-content\\\/uploads\\\/2026\\\/04\\\/primal-focus-logo-6.svg\",\"width\":50,\"height\":50,\"caption\":\"Primal Focus\"},\"image\":{\"@id\":\"https:\\\/\\\/primalfocus.eu\\\/de\\\/#\\\/schema\\\/logo\\\/image\\\/\"},\"sameAs\":[\"https:\\\/\\\/www.facebook.com\\\/profile.php?id=61575377667059\",\"https:\\\/\\\/x.com\\\/primalfocus_eu\",\"https:\\\/\\\/www.instagram.com\\\/primalfocus.store\\\/\"]}]}<\/script>\n<!-- \/ Yoast SEO plugin. -->","yoast_head_json":{"title":"Kaufen Sie 1Fe-LSD Microdose Pellets | Legal LSD Microdosing","description":"Kaufen Sie 1Fe-LSD Mikrodosierpellets online und entdecken Sie die Vorteile einer pr\u00e4zisen Mikrodosierung. Premium-Qualit\u00e4t, im Labor getestet und erh\u00e4ltlich bei Primal Focus.","robots":{"index":"index","follow":"follow","max-snippet":"max-snippet:-1","max-image-preview":"max-image-preview:large","max-video-preview":"max-video-preview:-1"},"canonical":"https:\/\/primalfocus.eu\/de\/1fe-lsd-pellets-10\u03bcg\/","og_locale":"de_DE","og_type":"article","og_title":"Buy 1Fe-LSD Microdose Pellets | Legal LSD Microdosing","og_description":"Buy 1Fe-LSD microdose pellets online and discover the benefits of precise microdosing. Premium quality, lab-tested and available at Primal Focus.","og_url":"https:\/\/primalfocus.eu\/de\/1fe-lsd-pellets-10\u03bcg\/","og_site_name":"Primal Focus","article_publisher":"https:\/\/www.facebook.com\/profile.php?id=61575377667059","article_modified_time":"2026-05-05T15:51:34+00:00","og_image":[{"width":1024,"height":1024,"url":"https:\/\/primalfocus.eu\/wp-content\/uploads\/2026\/04\/1Fe-LSD-Micro-Pellets.webp?_t=1777964050","type":"image\/webp"}],"twitter_card":"summary_large_image","twitter_site":"@primalfocus_eu","twitter_misc":{"Gesch\u00e4tzte Lesezeit":"2\u00a0Minuten"},"schema":{"@context":"https:\/\/schema.org","@graph":[{"@type":"WebPage","@id":"https:\/\/primalfocus.eu\/de\/1fe-lsd-pellets-10%ce%bcg\/","url":"https:\/\/primalfocus.eu\/de\/1fe-lsd-pellets-10%ce%bcg\/","name":"Kaufen Sie 1Fe-LSD Microdose Pellets | Legal LSD Microdosing","isPartOf":{"@id":"https:\/\/primalfocus.eu\/de\/#website"},"primaryImageOfPage":{"@id":"https:\/\/primalfocus.eu\/de\/1fe-lsd-pellets-10%ce%bcg\/#primaryimage"},"image":{"@id":"https:\/\/primalfocus.eu\/de\/1fe-lsd-pellets-10%ce%bcg\/#primaryimage"},"thumbnailUrl":"https:\/\/primalfocus.eu\/wp-content\/uploads\/2026\/04\/1Fe-LSD-Micro-Pellets.webp","datePublished":"2026-04-26T09:04:55+00:00","dateModified":"2026-05-05T15:51:34+00:00","description":"Kaufen Sie 1Fe-LSD Mikrodosierpellets online und entdecken Sie die Vorteile einer pr\u00e4zisen Mikrodosierung. Premium-Qualit\u00e4t, im Labor getestet und erh\u00e4ltlich bei Primal Focus.","breadcrumb":{"@id":"https:\/\/primalfocus.eu\/de\/1fe-lsd-pellets-10%ce%bcg\/#breadcrumb"},"inLanguage":"de","potentialAction":[{"@type":"ReadAction","target":["https:\/\/primalfocus.eu\/de\/1fe-lsd-pellets-10%ce%bcg\/"]}]},{"@type":"ImageObject","inLanguage":"de","@id":"https:\/\/primalfocus.eu\/de\/1fe-lsd-pellets-10%ce%bcg\/#primaryimage","url":"https:\/\/primalfocus.eu\/wp-content\/uploads\/2026\/04\/1Fe-LSD-Micro-Pellets.webp","contentUrl":"https:\/\/primalfocus.eu\/wp-content\/uploads\/2026\/04\/1Fe-LSD-Micro-Pellets.webp","width":1024,"height":1024},{"@type":"BreadcrumbList","@id":"https:\/\/primalfocus.eu\/de\/1fe-lsd-pellets-10%ce%bcg\/#breadcrumb","itemListElement":[{"@type":"ListItem","position":1,"name":"Home","item":"https:\/\/primalfocus.eu\/"},{"@type":"ListItem","position":2,"name":"Shop","item":"https:\/\/primalfocus.eu\/products\/"},{"@type":"ListItem","position":3,"name":"1Fe-LSD Pellets 10\u03bcg"}]},{"@type":"WebSite","@id":"https:\/\/primalfocus.eu\/de\/#website","url":"https:\/\/primalfocus.eu\/de\/","name":"Primal Focus","description":"Legale Psychedelika online kaufen","publisher":{"@id":"https:\/\/primalfocus.eu\/de\/#organization"},"potentialAction":[{"@type":"SearchAction","target":{"@type":"EntryPoint","urlTemplate":"https:\/\/primalfocus.eu\/de\/?s={search_term_string}"},"query-input":{"@type":"PropertyValueSpecification","valueRequired":true,"valueName":"search_term_string"}}],"inLanguage":"de"},{"@type":"Organization","@id":"https:\/\/primalfocus.eu\/de\/#organization","name":"Primal Focus","alternateName":"primalfocus.eu","url":"https:\/\/primalfocus.eu\/de\/","logo":{"@type":"ImageObject","inLanguage":"de","@id":"https:\/\/primalfocus.eu\/de\/#\/schema\/logo\/image\/","url":"https:\/\/primalfocus.eu\/wp-content\/uploads\/2026\/04\/primal-focus-logo-6.svg","contentUrl":"https:\/\/primalfocus.eu\/wp-content\/uploads\/2026\/04\/primal-focus-logo-6.svg","width":50,"height":50,"caption":"Primal Focus"},"image":{"@id":"https:\/\/primalfocus.eu\/de\/#\/schema\/logo\/image\/"},"sameAs":["https:\/\/www.facebook.com\/profile.php?id=61575377667059","https:\/\/x.com\/primalfocus_eu","https:\/\/www.instagram.com\/primalfocus.store\/"]}]}},"jetpack_sharing_enabled":true,"_links":{"self":[{"href":"https:\/\/primalfocus.eu\/de\/wp-json\/wp\/v2\/product\/963594","targetHints":{"allow":["GET"]}}],"collection":[{"href":"https:\/\/primalfocus.eu\/de\/wp-json\/wp\/v2\/product"}],"about":[{"href":"https:\/\/primalfocus.eu\/de\/wp-json\/wp\/v2\/types\/product"}],"replies":[{"embeddable":true,"href":"https:\/\/primalfocus.eu\/de\/wp-json\/wp\/v2\/comments?post=963594"}],"wp:featuredmedia":[{"embeddable":true,"href":"https:\/\/primalfocus.eu\/de\/wp-json\/wp\/v2\/media\/963616"}],"wp:attachment":[{"href":"https:\/\/primalfocus.eu\/de\/wp-json\/wp\/v2\/media?parent=963594"}],"wp:term":[{"taxonomy":"product_brand","embeddable":true,"href":"https:\/\/primalfocus.eu\/de\/wp-json\/wp\/v2\/product_brand?post=963594"},{"taxonomy":"product_cat","embeddable":true,"href":"https:\/\/primalfocus.eu\/de\/wp-json\/wp\/v2\/product_cat?post=963594"},{"taxonomy":"product_tag","embeddable":true,"href":"https:\/\/primalfocus.eu\/de\/wp-json\/wp\/v2\/product_tag?post=963594"}],"curies":[{"name":"wp","href":"https:\/\/api.w.org\/{rel}","templated":true}]}}