{"id":731553,"date":"2025-07-01T20:37:55","date_gmt":"2025-07-01T18:37:55","guid":{"rendered":"https:\/\/primalfocus.eu\/?post_type=product&#038;p=731553"},"modified":"2026-04-05T18:52:47","modified_gmt":"2026-04-05T16:52:47","slug":"amsterdam-drops","status":"publish","type":"product","link":"https:\/\/primalfocus.eu\/de\/amsterdam-drops\/","title":{"rendered":"Amsterdam Drops"},"content":{"rendered":"<p>Erleben Sie pr\u00e4zise, schnell wirkende psychedelische Forschungstropfen, die von klassischen Magic Mushrooms inspiriert sind. Amsterdam Drops liefern kontrollierte, verl\u00e4ssliche Effekte mit einem sanften Wirkungseintritt, langer Haltbarkeit und professioneller Reinheit. Sie werden in einem zertifizierten Labor nur f\u00fcr Forschungszwecke hergestellt.<\/p>\n<h2><\/h2>\n<p><strong>Versand an: \ud83c\uddec\ud83c\uddf7 \ud83c\udded\ud83c\uddf7 \ud83c\udde8\ud83c\uddff \ud83c\uddeb\ud83c\uddf7 \ud83c\uddee\ud83c\uddea \ud83c\uddf3\ud83c\uddf1 \ud83c\uddea\ud83c\uddf8 \ud83c\uddf8\ud83c\uddf0<br \/>\n<\/strong><\/p>\n<h2>Was sind Amsterdam Drops?<\/h2>\n<p>Amsterdam Drops enthalten eine fl\u00fcssige L\u00f6sung mit einer sorgf\u00e4ltig abgemessenen Menge an 4-HO-MET, einer Forschungsverbindung, die eng mit Psilocin verwandt ist, dem aktiven Metaboliten, der in Zauberpilzen und Tr\u00fcffeln vorkommt. Entwickelt f\u00fcr Pr\u00e4zision, jedes <a href=\"\/de\/%e2%80%9dhttps%3a\/\/primalfocus.eu\/produkt-kategorie\/tropfen\/%e2%80%9d\/\"> Pilztropfen<\/a> liefert eine konstante, im Labor getestete Menge von 1 mg 4-HO-MET und gew\u00e4hrleistet so absolute Zuverl\u00e4ssigkeit und Dosierungskontrolle.<\/p>\n<h2><\/h2>\n<p>&nbsp;<\/p>\n<h2>Wie stark ist ein Tropfen?<\/h2>\n<p>Jeder Tropfen enth\u00e4lt 1 mg 4-HO-MET, was ungef\u00e4hr 1-2 Gramm frischen Tr\u00fcffeln oder 0,1-0,2 Gramm getrockneten Pilzen entspricht. Dies macht Amsterdam Drops sowohl effizient als auch leistungsstark f\u00fcr kontrollierte Experimente.<\/p>\n<p>&nbsp;<\/p>\n<p>&nbsp;<\/p>\n<table>\n<thead>\n<tr>\n<th>Gr\u00f6\u00dfe der Flasche<\/th>\n<th>Insgesamt 4-HO-MET<\/th>\n<th>Ca. Tropfen<\/th>\n<\/tr>\n<\/thead>\n<tbody>\n<tr>\n<td>2 ml<\/td>\n<td>40 mg<\/td>\n<td>\u2248 40<\/td>\n<\/tr>\n<tr>\n<td>5 ml<\/td>\n<td>100 mg<\/td>\n<td>\u2248 100<\/td>\n<\/tr>\n<tr>\n<td>15 ml<\/td>\n<td>300 mg<\/td>\n<td>\u2248 300<\/td>\n<\/tr>\n<\/tbody>\n<\/table>\n<h2><\/h2>\n<p>&nbsp;<\/p>\n<p>&nbsp;<\/p>\n<h2>Warum Amsterdam Drops kaufen?<\/h2>\n<p>Obwohl Amsterdam Drops ausschlie\u00dflich f\u00fcr Forschungszwecke bestimmt sind, sch\u00e4tzen Forscher 4-HO-MET wegen seiner zuverl\u00e4ssigen, psilocin\u00e4hnlichen Eigenschaften. Es bietet ein stabiles und klares Erlebnis, was es ideal f\u00fcr kontrollierte Umgebungen macht.<\/p>\n<ul>\n<li><strong>Analogon von Psilocin:<\/strong> 4-HO-MET hat eine \u00e4hnliche Wirkung wie Psilocybin, wird aber aus Gr\u00fcnden der Reinheit und Konsistenz im Labor synthetisiert.<\/li>\n<li><strong>Erschwinglich und pr\u00e4zise:<\/strong> Jeder Tropfen wird genau gemessen, um wiederholbare Ergebnisse ohne Schwankungen in der St\u00e4rke zu gew\u00e4hrleisten.<\/li>\n<li><strong>Rechtm\u00e4\u00dfigkeit:<\/strong> In mehreren EU-L\u00e4ndern ist 4-HO-MET nicht als kontrollierte Substanz eingestuft und kann zu Forschungszwecken erh\u00e4ltlich sein. \u00dcberpr\u00fcfen Sie vor der Bestellung immer die \u00f6rtlichen Gesetze.<\/li>\n<li><strong>Weniger k\u00f6rperliche Auswirkungen:<\/strong> Die fl\u00fcssige Form verhindert \u00dcbelkeit oder k\u00f6rperliches Unwohlsein, die \u00fcblicherweise mit Tr\u00fcffeln oder Pilzen in Verbindung gebracht werden.<\/li>\n<li><strong>Neutraler Geschmack:<\/strong> Die L\u00f6sung hat einen milden Geschmack, ohne den erdigen Geschmack der traditionellen Psychedelika.<\/li>\n<li><strong>Lange Haltbarkeitsdauer:<\/strong> Bei einer Lagerung unter 10\u00b0C sind Amsterdam Drops nach dem \u00d6ffnen bis zu 12 Monate haltbar.<\/li>\n<\/ul>\n<h2><\/h2>\n<p>&nbsp;<\/p>\n<p>&nbsp;<\/p>\n<h2>Wichtige Hinweise (sorgf\u00e4ltig lesen)<\/h2>\n<ul>\n<li>Dieses Produkt ist nur f\u00fcr Forschungszwecke bestimmt.<\/li>\n<li>Nicht f\u00fcr den menschlichen Verzehr oder f\u00fcr medizinische Zwecke<\/li>\n<li>Auswirkungen variieren je nach Person und Umgebung<\/li>\n<li>Vergleiche mit Tr\u00fcffeln und Pilzen beruhen auf der allgemeinen Psilocybin-\u00c4quivalenz<\/li>\n<li>Pr\u00fcfen Sie vor der Bestellung oder Handhabung immer die \u00f6rtliche Gesetzgebung.<\/li>\n<li>Verwenden Sie niemals psychedelische Substanzen, wenn Sie an einer Psychose, Schizophrenie, schweren Angstzust\u00e4nden oder Depressionen leiden.<\/li>\n<li>Wenn Sie unsicher sind, konsultieren Sie zuerst einen Arzt<\/li>\n<\/ul>","protected":false},"excerpt":{"rendered":"<p>Erleben Sie pr\u00e4zise, schnell wirkende psychedelische Forschungstropfen, die von klassischen Magic Mushrooms inspiriert sind. Amsterdam Drops liefern kontrollierte, verl\u00e4ssliche Effekte mit einem sanften Wirkungseintritt, langer Haltbarkeit und professioneller Reinheit. Sie werden in einem zertifizierten Labor nur f\u00fcr Forschungszwecke hergestellt.<\/p>","protected":false},"featured_media":886592,"comment_status":"open","ping_status":"closed","template":"","meta":{"site-sidebar-layout":"default","site-content-layout":"default","ast-site-content-layout":"default","site-content-style":"default","site-sidebar-style":"default","ast-global-header-display":"","ast-banner-title-visibility":"","ast-main-header-display":"","ast-hfb-above-header-display":"","ast-hfb-below-header-display":"","ast-hfb-mobile-header-display":"","site-post-title":"","ast-breadcrumbs-content":"","ast-featured-img":"","footer-sml-layout":"","ast-disable-related-posts":"","theme-transparent-header-meta":"disabled","adv-header-id-meta":"","stick-header-meta":"","header-above-stick-meta":"","header-main-stick-meta":"","header-below-stick-meta":"","astra-migrate-meta-layouts":"set","ast-page-background-enabled":"default","ast-page-background-meta":{"desktop":{"background-color":"","background-image":"","background-repeat":"repeat","background-position":"center center","background-size":"auto","background-attachment":"scroll","background-type":"","background-media":"","overlay-type":"","overlay-color":"","overlay-opacity":"","overlay-gradient":""},"tablet":{"background-color":"","background-image":"","background-repeat":"repeat","background-position":"center center","background-size":"auto","background-attachment":"scroll","background-type":"","background-media":"","overlay-type":"","overlay-color":"","overlay-opacity":"","overlay-gradient":""},"mobile":{"background-color":"","background-image":"","background-repeat":"repeat","background-position":"center center","background-size":"auto","background-attachment":"scroll","background-type":"","background-media":"","overlay-type":"","overlay-color":"","overlay-opacity":"","overlay-gradient":""}},"ast-content-background-meta":{"desktop":{"background-color":"var(--ast-global-color-5)","background-image":"","background-repeat":"repeat","background-position":"center center","background-size":"auto","background-attachment":"scroll","background-type":"","background-media":"","overlay-type":"","overlay-color":"","overlay-opacity":"","overlay-gradient":""},"tablet":{"background-color":"var(--ast-global-color-5)","background-image":"","background-repeat":"repeat","background-position":"center center","background-size":"auto","background-attachment":"scroll","background-type":"","background-media":"","overlay-type":"","overlay-color":"","overlay-opacity":"","overlay-gradient":""},"mobile":{"background-color":"var(--ast-global-color-5)","background-image":"","background-repeat":"repeat","background-position":"center center","background-size":"auto","background-attachment":"scroll","background-type":"","background-media":"","overlay-type":"","overlay-color":"","overlay-opacity":"","overlay-gradient":""}}},"product_brand":[129],"product_cat":[117],"product_tag":[],"class_list":{"0":"post-731553","1":"product","2":"type-product","3":"status-publish","4":"has-post-thumbnail","6":"product_brand-primal-focus","7":"product_cat-drops","8":"product_shipping_class-brievenbus-pakje","9":"desktop-align-center","10":"tablet-align-left","11":"mobile-align-left","13":"first","14":"instock","15":"sale","16":"taxable","17":"shipping-taxable","18":"purchasable","19":"product-type-variable","20":"has-default-attributes"},"yoast_head":"<!-- This site is optimized with the Yoast SEO plugin v27.3 - https:\/\/yoast.com\/product\/yoast-seo-wordpress\/ -->\n<title>Amsterdam drops: experience precision and clarity<\/title>\n<meta name=\"description\" content=\"Experience Amsterdam Drops from Primal Focus. Premium liquid formula with clear effects, strong focus and fast, insured worldwide shipping.\" \/>\n<meta name=\"robots\" content=\"index, follow, max-snippet:-1, max-image-preview:large, max-video-preview:-1\" \/>\n<link rel=\"canonical\" href=\"https:\/\/primalfocus.eu\/de\/amsterdam-drops\/\" \/>\n<meta property=\"og:locale\" content=\"de_DE\" \/>\n<meta property=\"og:type\" content=\"article\" \/>\n<meta property=\"og:title\" content=\"Amsterdam drops: experience precision and clarity\" \/>\n<meta property=\"og:description\" content=\"Experience Amsterdam Drops from Primal Focus. Premium liquid formula with clear effects, strong focus and fast, insured worldwide shipping.\" \/>\n<meta property=\"og:url\" content=\"https:\/\/primalfocus.eu\/de\/amsterdam-drops\/\" \/>\n<meta property=\"og:site_name\" content=\"Primal Focus\" \/>\n<meta property=\"article:publisher\" content=\"https:\/\/www.facebook.com\/profile.php?id=61575377667059\" \/>\n<meta property=\"article:modified_time\" content=\"2026-04-05T16:52:47+00:00\" \/>\n<meta property=\"og:image\" content=\"https:\/\/primalfocus.eu\/wp-content\/uploads\/2025\/07\/Amsterdam-Drops-18.webp\" \/>\n\t<meta property=\"og:image:width\" content=\"1080\" \/>\n\t<meta property=\"og:image:height\" content=\"1080\" \/>\n\t<meta property=\"og:image:type\" content=\"image\/webp\" \/>\n<meta name=\"twitter:card\" content=\"summary_large_image\" \/>\n<meta name=\"twitter:site\" content=\"@primalfocus_eu\" \/>\n<meta name=\"twitter:label1\" content=\"Gesch\u00e4tzte Lesezeit\" \/>\n\t<meta name=\"twitter:data1\" content=\"2\u00a0Minuten\" \/>\n<script type=\"application\/ld+json\" class=\"yoast-schema-graph\">{\"@context\":\"https:\\\/\\\/schema.org\",\"@graph\":[{\"@type\":[\"WebPage\",\"ItemPage\"],\"@id\":\"https:\\\/\\\/primalfocus.eu\\\/de\\\/amsterdam-drops\\\/\",\"url\":\"https:\\\/\\\/primalfocus.eu\\\/de\\\/amsterdam-drops\\\/\",\"name\":\"Amsterdam drops: experience precision and clarity\",\"isPartOf\":{\"@id\":\"https:\\\/\\\/primalfocus.eu\\\/de\\\/#website\"},\"primaryImageOfPage\":{\"@id\":\"https:\\\/\\\/primalfocus.eu\\\/de\\\/amsterdam-drops\\\/#primaryimage\"},\"image\":{\"@id\":\"https:\\\/\\\/primalfocus.eu\\\/de\\\/amsterdam-drops\\\/#primaryimage\"},\"thumbnailUrl\":\"https:\\\/\\\/primalfocus.eu\\\/wp-content\\\/uploads\\\/2025\\\/07\\\/Amsterdam-Drops-18.webp\",\"datePublished\":\"2025-07-01T18:37:55+00:00\",\"dateModified\":\"2026-04-05T16:52:47+00:00\",\"description\":\"Experience Amsterdam Drops from Primal Focus. Premium liquid formula with clear effects, strong focus and fast, insured worldwide shipping.\",\"breadcrumb\":{\"@id\":\"https:\\\/\\\/primalfocus.eu\\\/de\\\/amsterdam-drops\\\/#breadcrumb\"},\"inLanguage\":\"de\",\"potentialAction\":[{\"@type\":\"ReadAction\",\"target\":[\"https:\\\/\\\/primalfocus.eu\\\/de\\\/amsterdam-drops\\\/\"]}]},{\"@type\":\"ImageObject\",\"inLanguage\":\"de\",\"@id\":\"https:\\\/\\\/primalfocus.eu\\\/de\\\/amsterdam-drops\\\/#primaryimage\",\"url\":\"https:\\\/\\\/primalfocus.eu\\\/wp-content\\\/uploads\\\/2025\\\/07\\\/Amsterdam-Drops-18.webp\",\"contentUrl\":\"https:\\\/\\\/primalfocus.eu\\\/wp-content\\\/uploads\\\/2025\\\/07\\\/Amsterdam-Drops-18.webp\",\"width\":1080,\"height\":1080,\"caption\":\"Amsterdam Drops 18\"},{\"@type\":\"BreadcrumbList\",\"@id\":\"https:\\\/\\\/primalfocus.eu\\\/de\\\/amsterdam-drops\\\/#breadcrumb\",\"itemListElement\":[{\"@type\":\"ListItem\",\"position\":1,\"name\":\"Home\",\"item\":\"https:\\\/\\\/primalfocus.eu\\\/\"},{\"@type\":\"ListItem\",\"position\":2,\"name\":\"Shop\",\"item\":\"https:\\\/\\\/primalfocus.eu\\\/products\\\/\"},{\"@type\":\"ListItem\",\"position\":3,\"name\":\"Mushroom drops\",\"item\":\"https:\\\/\\\/primalfocus.eu\\\/drops\\\/\"},{\"@type\":\"ListItem\",\"position\":4,\"name\":\"Amsterdam Drops\"}]},{\"@type\":\"WebSite\",\"@id\":\"https:\\\/\\\/primalfocus.eu\\\/de\\\/#website\",\"url\":\"https:\\\/\\\/primalfocus.eu\\\/de\\\/\",\"name\":\"Primal Focus\",\"description\":\"Buy legal psychedelics online\",\"publisher\":{\"@id\":\"https:\\\/\\\/primalfocus.eu\\\/de\\\/#organization\"},\"potentialAction\":[{\"@type\":\"SearchAction\",\"target\":{\"@type\":\"EntryPoint\",\"urlTemplate\":\"https:\\\/\\\/primalfocus.eu\\\/de\\\/?s={search_term_string}\"},\"query-input\":{\"@type\":\"PropertyValueSpecification\",\"valueRequired\":true,\"valueName\":\"search_term_string\"}}],\"inLanguage\":\"de\"},{\"@type\":\"Organization\",\"@id\":\"https:\\\/\\\/primalfocus.eu\\\/de\\\/#organization\",\"name\":\"Primal Focus\",\"alternateName\":\"primalfocus.eu\",\"url\":\"https:\\\/\\\/primalfocus.eu\\\/de\\\/\",\"logo\":{\"@type\":\"ImageObject\",\"inLanguage\":\"de\",\"@id\":\"https:\\\/\\\/primalfocus.eu\\\/de\\\/#\\\/schema\\\/logo\\\/image\\\/\",\"url\":\"https:\\\/\\\/primalfocus.eu\\\/wp-content\\\/uploads\\\/2025\\\/11\\\/primal-focus-logo-header.svg\",\"contentUrl\":\"https:\\\/\\\/primalfocus.eu\\\/wp-content\\\/uploads\\\/2025\\\/11\\\/primal-focus-logo-header.svg\",\"caption\":\"Primal Focus\"},\"image\":{\"@id\":\"https:\\\/\\\/primalfocus.eu\\\/de\\\/#\\\/schema\\\/logo\\\/image\\\/\"},\"sameAs\":[\"https:\\\/\\\/www.facebook.com\\\/profile.php?id=61575377667059\",\"https:\\\/\\\/x.com\\\/primalfocus_eu\",\"https:\\\/\\\/www.instagram.com\\\/primalfocus.store\\\/\"]}]}<\/script>\n<!-- \/ Yoast SEO plugin. -->","yoast_head_json":{"title":"Amsterdam Drops: Pr\u00e4zision und Klarheit erleben","description":"Erleben Sie Amsterdam Drops von Primal Focus. Premium-Fl\u00fcssigformel mit klarer Wirkung, starkem Fokus und schnellem, versichertem weltweiten Versand.","robots":{"index":"index","follow":"follow","max-snippet":"max-snippet:-1","max-image-preview":"max-image-preview:large","max-video-preview":"max-video-preview:-1"},"canonical":"https:\/\/primalfocus.eu\/de\/amsterdam-drops\/","og_locale":"de_DE","og_type":"article","og_title":"Amsterdam drops: experience precision and clarity","og_description":"Experience Amsterdam Drops from Primal Focus. Premium liquid formula with clear effects, strong focus and fast, insured worldwide shipping.","og_url":"https:\/\/primalfocus.eu\/de\/amsterdam-drops\/","og_site_name":"Primal Focus","article_publisher":"https:\/\/www.facebook.com\/profile.php?id=61575377667059","article_modified_time":"2026-04-05T16:52:47+00:00","og_image":[{"width":1080,"height":1080,"url":"https:\/\/primalfocus.eu\/wp-content\/uploads\/2025\/07\/Amsterdam-Drops-18.webp","type":"image\/webp"}],"twitter_card":"summary_large_image","twitter_site":"@primalfocus_eu","twitter_misc":{"Gesch\u00e4tzte Lesezeit":"2\u00a0Minuten"},"schema":{"@context":"https:\/\/schema.org","@graph":[{"@type":["WebPage","ItemPage"],"@id":"https:\/\/primalfocus.eu\/de\/amsterdam-drops\/","url":"https:\/\/primalfocus.eu\/de\/amsterdam-drops\/","name":"Amsterdam Drops: Pr\u00e4zision und Klarheit erleben","isPartOf":{"@id":"https:\/\/primalfocus.eu\/de\/#website"},"primaryImageOfPage":{"@id":"https:\/\/primalfocus.eu\/de\/amsterdam-drops\/#primaryimage"},"image":{"@id":"https:\/\/primalfocus.eu\/de\/amsterdam-drops\/#primaryimage"},"thumbnailUrl":"https:\/\/primalfocus.eu\/wp-content\/uploads\/2025\/07\/Amsterdam-Drops-18.webp","datePublished":"2025-07-01T18:37:55+00:00","dateModified":"2026-04-05T16:52:47+00:00","description":"Erleben Sie Amsterdam Drops von Primal Focus. Premium-Fl\u00fcssigformel mit klarer Wirkung, starkem Fokus und schnellem, versichertem weltweiten Versand.","breadcrumb":{"@id":"https:\/\/primalfocus.eu\/de\/amsterdam-drops\/#breadcrumb"},"inLanguage":"de","potentialAction":[{"@type":"ReadAction","target":["https:\/\/primalfocus.eu\/de\/amsterdam-drops\/"]}]},{"@type":"ImageObject","inLanguage":"de","@id":"https:\/\/primalfocus.eu\/de\/amsterdam-drops\/#primaryimage","url":"https:\/\/primalfocus.eu\/wp-content\/uploads\/2025\/07\/Amsterdam-Drops-18.webp","contentUrl":"https:\/\/primalfocus.eu\/wp-content\/uploads\/2025\/07\/Amsterdam-Drops-18.webp","width":1080,"height":1080,"caption":"Amsterdam Drops 18"},{"@type":"BreadcrumbList","@id":"https:\/\/primalfocus.eu\/de\/amsterdam-drops\/#breadcrumb","itemListElement":[{"@type":"ListItem","position":1,"name":"Home","item":"https:\/\/primalfocus.eu\/"},{"@type":"ListItem","position":2,"name":"Shop","item":"https:\/\/primalfocus.eu\/products\/"},{"@type":"ListItem","position":3,"name":"Mushroom drops","item":"https:\/\/primalfocus.eu\/drops\/"},{"@type":"ListItem","position":4,"name":"Amsterdam Drops"}]},{"@type":"WebSite","@id":"https:\/\/primalfocus.eu\/de\/#website","url":"https:\/\/primalfocus.eu\/de\/","name":"Primal Focus","description":"Legale Psychedelika online kaufen","publisher":{"@id":"https:\/\/primalfocus.eu\/de\/#organization"},"potentialAction":[{"@type":"SearchAction","target":{"@type":"EntryPoint","urlTemplate":"https:\/\/primalfocus.eu\/de\/?s={search_term_string}"},"query-input":{"@type":"PropertyValueSpecification","valueRequired":true,"valueName":"search_term_string"}}],"inLanguage":"de"},{"@type":"Organization","@id":"https:\/\/primalfocus.eu\/de\/#organization","name":"Primal Focus","alternateName":"primalfocus.eu","url":"https:\/\/primalfocus.eu\/de\/","logo":{"@type":"ImageObject","inLanguage":"de","@id":"https:\/\/primalfocus.eu\/de\/#\/schema\/logo\/image\/","url":"https:\/\/primalfocus.eu\/wp-content\/uploads\/2025\/11\/primal-focus-logo-header.svg","contentUrl":"https:\/\/primalfocus.eu\/wp-content\/uploads\/2025\/11\/primal-focus-logo-header.svg","caption":"Primal Focus"},"image":{"@id":"https:\/\/primalfocus.eu\/de\/#\/schema\/logo\/image\/"},"sameAs":["https:\/\/www.facebook.com\/profile.php?id=61575377667059","https:\/\/x.com\/primalfocus_eu","https:\/\/www.instagram.com\/primalfocus.store\/"]}]}},"jetpack_sharing_enabled":true,"_links":{"self":[{"href":"https:\/\/primalfocus.eu\/de\/wp-json\/wp\/v2\/product\/731553","targetHints":{"allow":["GET"]}}],"collection":[{"href":"https:\/\/primalfocus.eu\/de\/wp-json\/wp\/v2\/product"}],"about":[{"href":"https:\/\/primalfocus.eu\/de\/wp-json\/wp\/v2\/types\/product"}],"replies":[{"embeddable":true,"href":"https:\/\/primalfocus.eu\/de\/wp-json\/wp\/v2\/comments?post=731553"}],"wp:featuredmedia":[{"embeddable":true,"href":"https:\/\/primalfocus.eu\/de\/wp-json\/wp\/v2\/media\/886592"}],"wp:attachment":[{"href":"https:\/\/primalfocus.eu\/de\/wp-json\/wp\/v2\/media?parent=731553"}],"wp:term":[{"taxonomy":"product_brand","embeddable":true,"href":"https:\/\/primalfocus.eu\/de\/wp-json\/wp\/v2\/product_brand?post=731553"},{"taxonomy":"product_cat","embeddable":true,"href":"https:\/\/primalfocus.eu\/de\/wp-json\/wp\/v2\/product_cat?post=731553"},{"taxonomy":"product_tag","embeddable":true,"href":"https:\/\/primalfocus.eu\/de\/wp-json\/wp\/v2\/product_tag?post=731553"}],"curies":[{"name":"wp","href":"https:\/\/api.w.org\/{rel}","templated":true}]}}